{"id":2399,"date":"2021-08-02T13:16:54","date_gmt":"2021-07-30T11:16:27","guid":{"rendered":"http:\/\/adapei64.fr\/wp2\/je-un-proche-dune-personne-vivant-avec-un-handicap\/reconnaissance-du-handicap\/"},"modified":"2024-08-06T19:05:27","modified_gmt":"2024-08-06T17:05:27","slug":"reconnaissance-du-handicap","status":"publish","type":"page","link":"http:\/\/www.adapei64.fr\/site\/proche\/reconnaissance-du-handicap\/","title":{"rendered":"La reconnaissance du handicap"},"content":{"rendered":"\n<div style=\"height:70px\" aria-hidden=\"true\" class=\"wp-block-spacer\"><\/div>\n\n\n\n<p class=\"wp-block-paragraph\">Un diagnostic doit d&#8217;abord \u00eatre \u00e9tabli par un professionnel de sant\u00e9 (g\u00e9n\u00e9raliste, p\u00e9dopsychiatre&#8230;) pour faire reconna\u00eetre le handicap de votre proche.<br>Vous devez ensuite prendre contact avec la maison d\u00e9partementale des personnes handicap\u00e9es (MDPH).<\/p>\n\n\n\n<p class=\"wp-block-paragraph\">La MDPH \u00e9value les besoins de voter proche et transmet ses r\u00e9sultats \u00e0 la commission des droits et de l&#8217;autonomie des personnes handicap\u00e9es (CDAPH).<\/p>\n\n\n\n<div style=\"height:70px\" aria-hidden=\"true\" class=\"wp-block-spacer\"><\/div>\n\n\n\n<div class=\"wp-block-columns is-layout-flex wp-container-core-columns-is-layout-07579d57 wp-block-columns-is-layout-flex\">\n<div class=\"wp-block-column is-layout-flow wp-block-column-is-layout-flow\" style=\"flex-basis:80%\">\n<h2 class=\"wp-block-heading\">Faire une demande \u00e0 la MDPH :<\/h2>\n\n\n\n<p class=\"wp-block-paragraph\">Pour toute demande de prestations (aides ou prise en charge de votre proche),<br>vous devez remplir le <a href=\"https:\/\/www.service-public.fr\/particuliers\/vosdroits\/R19993\" target=\"_blank\" rel=\"noopener\">Formulaire 15692*01<\/a>&nbsp;et l&#8217;envoyer \u00e0 la MDPH de votre d\u00e9partement.<\/p>\n\n\n\n<p class=\"wp-block-paragraph\">Vous pouvez aussi remplir votre demande en ligne sur&nbsp;<a href=\"https:\/\/mdphenligne.cnsa.fr\/mdph\/64\" target=\"_blank\" rel=\"noopener\">https:\/\/mdphenligne.cnsa.fr\/mdph\/64<\/a><\/p>\n\n\n\n<figure class=\"wp-block-embed is-type-video is-provider-youtube wp-block-embed-youtube wp-embed-aspect-16-9 wp-has-aspect-ratio\"><div class=\"wp-block-embed__wrapper\">\n<iframe loading=\"lazy\" title=\"Le nouveau formulaire de demande \u00e0 la MDPH\" width=\"500\" height=\"281\" src=\"https:\/\/www.youtube.com\/embed\/FE6rODwH9Wo?feature=oembed\" frameborder=\"0\" allow=\"accelerometer; autoplay; clipboard-write; encrypted-media; gyroscope; picture-in-picture; web-share\" referrerpolicy=\"strict-origin-when-cross-origin\" allowfullscreen><\/iframe>\n<\/div><\/figure>\n\n\n\n<details class=\"wp-block-details falc is-layout-flow wp-block-details-is-layout-flow\"><summary>Transcription \/ Lire le texte de la vid\u00e9o<\/summary>\n<p class=\"wp-block-paragraph\">Cette vid\u00e9o vous pr\u00e9sente l\u2019essentiel du nouveau formulaire de demande \u00e0 la MDPH.&nbsp;<\/p>\n\n\n\n<p class=\"wp-block-paragraph\">Une 1\u00e8re partie reprend les grands principes et modalit\u00e9s du nouveau document.&nbsp;<\/p>\n\n\n\n<p class=\"wp-block-paragraph\">Le nouveau formulaire de demande est mise en place par l\u2019arr\u00eat\u00e9 du 5 mai 2017.<br>Il s\u2019adresse \u00e0 toute personne en situation de handicap souhaitant faire une demande aupr\u00e8s de sa MDPH.&nbsp;<br>Plus complet et intuitif, il est plus facile \u00e0 remplir pour les usagers et \u00e0 exploiter par les MDPH.&nbsp;<br>Son but est de guider l\u2019expression des usagers,\u00e9tape par \u00e9tape, selon trois objectifs :<\/p>\n\n\n\n<ul class=\"wp-block-list\">\n<li>Simplifier et personnaliser le parcours des usagers,<\/li>\n\n\n\n<li>am\u00e9liorer les d\u00e9lais de traitement des demandes<\/li>\n\n\n\n<li>renforcer la qualit\u00e9 de la prise de d\u00e9cision et l\u2019\u00e9galit\u00e9 de traitement sur le territoire.<\/li>\n<\/ul>\n\n\n\n<p class=\"wp-block-paragraph\">Avec ce nouveau formulaire les usagers ne sollicite plus syst\u00e9matiquement des droits et prestations.<br>Ils peuvent exprimer leurs besoins et attentes ou une demande sp\u00e9cifique de droit.&nbsp;<br>Cette expression de besoin aux demandes de droit permet aux \u00e9valuateurs de proposer toutes les aides envisageables, adapt\u00e9es \u00e0 la situation des usagers.&nbsp;<\/p>\n\n\n\n<p class=\"wp-block-paragraph\">Plus fourni que le pr\u00e9c\u00e9dent, ce nouveau formulaire ou volet d\u00e9tachable comporte plusieurs rubriques :<\/p>\n\n\n\n<ul class=\"wp-block-list\">\n<li>Identit\u00e9 de l\u2019usager,<\/li>\n\n\n\n<li>vie quotidienne,<\/li>\n\n\n\n<li>vie scolaire ou \u00e9tudiante,<\/li>\n\n\n\n<li>situation professionnelle,<\/li>\n\n\n\n<li>expression des demandes de droits et prestations.<\/li>\n\n\n\n<li>Et d\u00e9sormais un volet sp\u00e9cifique consacr\u00e9e aux aidants familiaux<\/li>\n<\/ul>\n\n\n\n<p class=\"wp-block-paragraph\">Pour remplir son formulaire, l\u2019usager doit simplement se r\u00e9f\u00e9rer aux types de demandes souhait\u00e9es.&nbsp;<br>S\u2019il veut exprimer des besoins et attentes, il doit pr\u00e9alablement renseigner son identit\u00e9, obligatoire pour toute demande, et peut compl\u00e9ter les rubriques associ\u00e9es.&nbsp;<\/p>\n\n\n\n<p class=\"wp-block-paragraph\">Il en va de m\u00eame pour une demande de droits et prestations sp\u00e9cifiques.&nbsp;<\/p>\n\n\n\n<p class=\"wp-block-paragraph\">Madame Dupont remplit une demande en exprimant ses besoins ressentis et attentes.&nbsp;<br>Son mari qui l\u2019aide au quotidien exprime un besoin de r\u00e9pit.&nbsp;<br>Les \u00e9valuateurs peuvent lui proposer tous les droits et prestations n\u00e9cessaires \u00e0 son projet de vie, comme une prestation de compensation du handicap, aide humaine, technique, am\u00e9nagement du logement, une orientation en maison d\u2019accueil sp\u00e9cialis\u00e9e pour de l\u2019accueil temporaire et un avis favorable \u00e0 une assurance vieillesse des parents au foyer.&nbsp;<br>Le nouveau formulaire de demande permet ainsi aux usagers de mieux d\u00e9crire leur situation et leurs besoins.&nbsp;<\/p>\n\n\n\n<p class=\"wp-block-paragraph\">La MDPH r\u00e9alise plus facilement une \u00e9valuation globale de la situation et formule une r\u00e9ponse compl\u00e8te et personnalis\u00e9e.&nbsp;<\/p>\n\n\n\n<p class=\"wp-block-paragraph\">Ce nouveau formulaire est d\u00e9ploy\u00e9 progressivement sur l\u2019ensemble du territoire.&nbsp;Le nouveau syst\u00e8me d\u2019information permet d\u2019enregistrer la demande au nouveau format.&nbsp;<\/p>\n\n\n\n<p class=\"wp-block-paragraph\">C\u2019est aux MDPH d\u2019informer les usagers de sa mise en place effective.&nbsp;<\/p>\n\n\n\n<p class=\"wp-block-paragraph\">Jusqu\u2019au 30 avril 2019, les MDPH peuvent continuer \u00e0 utiliser l\u2019ancien formulaire.&nbsp;<br>Pass\u00e9e cette date elles devront utiliser uniquement le nouveau mod\u00e8le.<\/p>\n<\/details>\n\n\n\n<p class=\"wp-block-paragraph\">La <acronym title=\"Commission des Droits et de l'Autonomie des Personnes Handicap\u00e9es\">CDAPH<\/acronym> \u00e9tudie votre demande et prend toutes les d\u00e9cisions relevant du droit \u00e0 compensation :<\/p>\n\n\n\n<ul class=\"wp-block-list\">\n<li>carte mobilit\u00e9 inclusion,<\/li>\n\n\n\n<li>allocation pour l&#8217;\u00e9ducation de l&#8217;enfant handicap\u00e9 (AEEH),<\/li>\n\n\n\n<li>allocation aux adultes handicap\u00e9s (AAH),<\/li>\n\n\n\n<li>prestation de compensation du handicap (PCH),<\/li>\n\n\n\n<li>orientation vers les \u00e9tablissements et services m\u00e9dico-sociaux, scolarisation,<\/li>\n\n\n\n<li>reconnaissance de travailleur handicap\u00e9,<\/li>\n\n\n\n<li>orientation professionnelle.<\/li>\n<\/ul>\n\n\n\n<p class=\"wp-block-paragraph\">Pour toutes vos d\u00e9marches aupr\u00e8s de la MDPH, et pour assister \u00e0 la pr\u00e9sentation de votre demande \u00e0 la <acronym title=\"Commission des Droits et de l'Autonomie des Personnes Handicap\u00e9es\">CDAPH<\/acronym>, vous pouvez \u00eatre accompagn\u00e9 (par des assistants de service social, des associations de parents,&#8230;).<\/p>\n\n\n\n<div style=\"height:70px\" aria-hidden=\"true\" class=\"wp-block-spacer\"><\/div>\n\n\n\n<h2 class=\"wp-block-heading\">La MDPH<\/h2>\n\n\n\n<h3 class=\"wp-block-heading\">\u00e0 Pau :<\/h3>\n\n\n\n<p class=\"wp-block-paragraph\">Rue Pierre Bonnard<br>Cit\u00e9 administrative<br>64000 Pau<\/p>\n\n\n\n<p class=\"wp-block-paragraph\">05 59 27 50 50<\/p>\n\n\n\n<h3 class=\"wp-block-heading\">\u00e0 Anglet&nbsp;:<\/h3>\n\n\n\n<p class=\"wp-block-paragraph\">2 avenue<br>Belle-Marion<br>64600 Anglet<\/p>\n\n\n\n<p class=\"wp-block-paragraph\">05 59 27 50 50<\/p>\n\n\n\n<h3 class=\"wp-block-heading\">sur internet :<\/h3>\n\n\n\n<p class=\"wp-block-paragraph\"><a href=\"http:\/\/www.mdph64.fr\/accueil.html\" target=\"_blank\" rel=\"noopener\">www.mdph64.fr<\/a><\/p>\n<\/div>\n\n\n\n<div class=\"wp-block-column is-layout-flow wp-block-column-is-layout-flow\" style=\"flex-basis:20%\">\n<figure class=\"wp-block-image size-large bloc_bleu\"><img decoding=\"async\" src=\"http:\/\/www.adapei64.fr\/site\/wp-content\/uploads\/2022\/02\/infos-b.svg\" alt=\"\" class=\"wp-image-8077\"\/><figcaption class=\"wp-element-caption\"><a href=\"https:\/\/www.adapei64.fr\/site\/adapei\/nous-contacter\/\" data-type=\"page\" data-id=\"673\">Demander de l&#8217;aide \u00e0 l&#8217;Adapei des Pyr\u00e9n\u00e9es-Atlantiques<\/a><\/figcaption><\/figure>\n<\/div>\n<\/div>\n\n\n\n<div style=\"height:70px\" aria-hidden=\"true\" class=\"wp-block-spacer\"><\/div>\n\n\n\n<h2 class=\"wp-block-heading\">Des organismes pour vous aider :<\/h2>\n\n\n\n<div class=\"wp-block-columns is-layout-flex wp-container-core-columns-is-layout-07579d57 wp-block-columns-is-layout-flex\">\n<div class=\"wp-block-column is-layout-flow wp-block-column-is-layout-flow\" style=\"flex-basis:80%\">\n<div style=\"height:35px\" aria-hidden=\"true\" class=\"wp-block-spacer\"><\/div>\n\n\n\n<h3 class=\"wp-block-heading\">L&#8217;ADTMP<\/h3>\n\n\n\n<p class=\"wp-block-paragraph\">L&#8217;Association D\u00e9partementale de Tutelle des Majeurs Prot\u00e9g\u00e9s&nbsp;assure, dans le cadre du mandat du juge, l&#8217;une ou l&#8217;autre des mesures suivantes :<\/p>\n\n\n\n<ul class=\"wp-block-list\">\n<li>une mesure de protection civile (sauvegarde de justice, curatelle ou tutelle) dont l&#8217;objectif est la protection des personnes qui se trouvent, en raison de l&#8217;alt\u00e9ration de leurs facult\u00e9s mentales ou corporelles, dans l&#8217;incapacit\u00e9 de pourvoir seules \u00e0 leurs int\u00e9r\u00eats.<\/li>\n\n\n\n<li>une mesure d&#8217;accompagnement judiciaire (MAJ) qui est destin\u00e9e \u00e0 r\u00e9tablir l&#8217;autonomie de la personne dans la gestion de ses ressources. Cette mesure est ordonn\u00e9e, apr\u00e8s \u00e9chec d&#8217;une mesure d&#8217;accompagnement social personnalis\u00e9 (MASP), en cas de gestion d\u00e9fectueuse des prestations sociales risquant de compromettre la sant\u00e9 ou la s\u00e9curit\u00e9 de son b\u00e9n\u00e9ficiaire.<\/li>\n<\/ul>\n\n\n\n<p class=\"wp-block-paragraph\"><a href=\"https:\/\/annuaire.action-sociale.org\/?p=service-mjpm-adtmp-640018727&amp;details=caracteristiques\">Plus d&#8217;informations sur l&#8217;ADTMP<\/a><\/p>\n\n\n\n<div style=\"height:35px\" aria-hidden=\"true\" class=\"wp-block-spacer\"><\/div>\n\n\n\n<h3 class=\"wp-block-heading\">L&#8217;ASFA<\/h3>\n\n\n\n<p class=\"wp-block-paragraph\">L\u2019ASFA intervient aupr\u00e8s des personnes vuln\u00e9rables ou des mineurs en danger pour les prot\u00e9ger dans le cadre judiciaire ou contractuel. Cette protection vise \u00e0 prot\u00e9ger leurs int\u00e9r\u00eats, \u00e0 faire valoir leur volont\u00e9 et \u00e0 construire avec eux une protection durable dans le temps et dans leur environnement.<\/p>\n\n\n\n<p class=\"wp-block-paragraph\"><a href=\"https:\/\/www.asfa64.fr\/\">Plus d&#8217;informations sur Asfa64.fr<\/a><\/p>\n\n\n\n<div style=\"height:35px\" aria-hidden=\"true\" class=\"wp-block-spacer\"><\/div>\n\n\n\n<h3 class=\"wp-block-heading\">L&#8217;OGFA<\/h3>\n\n\n\n<p class=\"wp-block-paragraph\">L\u2019Organisme de Gestion des Foyers Amiti\u00e9 (OGFA) est une association cr\u00e9\u00e9e en 1951. Elle assure le fonctionnement d\u2019une trentaine de services et d\u2019\u00e9tablissements sociaux et m\u00e9dico-sociaux. Ces services sont regroup\u00e9s en 6 p\u00f4les : un P\u00f4le Veille sociale et H\u00e9bergement d\u2019urgence, un P\u00f4le Enfance-famille, un P\u00f4le Personnes isol\u00e9es, un P\u00f4le Handicap psychique, un P\u00f4le Migrants et un P\u00f4le Insertion.<\/p>\n\n\n\n<p class=\"wp-block-paragraph\"><a href=\"https:\/\/www.ogfa.net\/\" target=\"_blank\" rel=\"noopener\">Plus d&#8217;informations sur Ogfa.net<\/a><\/p>\n<\/div>\n\n\n\n<div class=\"wp-block-column is-layout-flow wp-block-column-is-layout-flow\" style=\"flex-basis:20%\"><\/div>\n<\/div>\n","protected":false},"excerpt":{"rendered":"<p>Un diagnostic doit d&#8217;abord \u00eatre \u00e9tabli par un professionnel de sant\u00e9 (g\u00e9n\u00e9raliste, p\u00e9dopsychiatre&#8230;) pour faire reconna\u00eetre le handicap de votre proche.Vous devez ensuite prendre contact avec la maison d\u00e9partementale des&hellip; <a class=\"continue\" href=\"http:\/\/www.adapei64.fr\/site\/proche\/reconnaissance-du-handicap\/\">Lire :<span> La reconnaissance du handicap<\/span><\/a><\/p>\n","protected":false},"author":1,"featured_media":5642,"parent":1597,"menu_order":1,"comment_status":"closed","ping_status":"closed","template":"","meta":{"_crdt_document":"","om_disable_all_campaigns":false,"_uag_custom_page_level_css":"","_monsterinsights_skip_tracking":false,"_monsterinsights_sitenote_active":false,"_monsterinsights_sitenote_note":"","_monsterinsights_sitenote_category":0,"_uf_show_specific_survey":0,"_uf_disable_surveys":false,"_EventAllDay":false,"_EventTimezone":"","_EventStartDate":"","_EventEndDate":"","_EventStartDateUTC":"","_EventEndDateUTC":"","_EventShowMap":false,"_EventShowMapLink":false,"_EventURL":"","_EventCost":"","_EventCostDescription":"","_EventCurrencySymbol":"","_EventCurrencyCode":"","_EventCurrencyPosition":"","_EventDateTimeSeparator":"","_EventTimeRangeSeparator":"","_EventOrganizerID":[],"_EventVenueID":[],"_OrganizerEmail":"","_OrganizerPhone":"","_OrganizerWebsite":"","_VenueAddress":"","_VenueCity":"","_VenueCountry":"","_VenueProvince":"","_VenueState":"","_VenueZip":"","_VenuePhone":"","_VenueURL":"","_VenueStateProvince":"","_VenueLat":"","_VenueLng":"","_VenueShowMap":false,"_VenueShowMapLink":false,"footnotes":""},"class_list":["post-2399","page","type-page","status-publish","has-post-thumbnail","hentry"],"uagb_featured_image_src":{"full":["http:\/\/www.adapei64.fr\/site\/wp-content\/uploads\/2021\/12\/02-Reconnaissance-du-handicap.svg",750,500,false],"thumbnail":["http:\/\/www.adapei64.fr\/site\/wp-content\/uploads\/2021\/12\/02-Reconnaissance-du-handicap.svg",750,500,false],"medium":["http:\/\/www.adapei64.fr\/site\/wp-content\/uploads\/2021\/12\/02-Reconnaissance-du-handicap.svg",750,500,false],"medium_large":["http:\/\/www.adapei64.fr\/site\/wp-content\/uploads\/2021\/12\/02-Reconnaissance-du-handicap.svg",750,500,false],"large":["http:\/\/www.adapei64.fr\/site\/wp-content\/uploads\/2021\/12\/02-Reconnaissance-du-handicap.svg",750,500,false],"1536x1536":["http:\/\/www.adapei64.fr\/site\/wp-content\/uploads\/2021\/12\/02-Reconnaissance-du-handicap.svg",750,500,false],"2048x2048":["http:\/\/www.adapei64.fr\/site\/wp-content\/uploads\/2021\/12\/02-Reconnaissance-du-handicap.svg",750,500,false]},"uagb_author_info":{"display_name":"Marie Lafargue","author_link":"http:\/\/www.adapei64.fr\/site\/author\/marie\/"},"uagb_comment_info":0,"uagb_excerpt":"Un diagnostic doit d&#8217;abord \u00eatre \u00e9tabli par un professionnel de sant\u00e9 (g\u00e9n\u00e9raliste, p\u00e9dopsychiatre&#8230;) pour faire reconna\u00eetre le handicap de votre proche.Vous devez ensuite prendre contact avec la maison d\u00e9partementale des&hellip; Lire : La reconnaissance du handicap","distributor_meta":false,"distributor_terms":false,"distributor_media":false,"distributor_original_site_name":"Adapei des Pyr\u00e9n\u00e9es-Atlantiques","distributor_original_site_url":"http:\/\/www.adapei64.fr\/site","push-errors":false,"_links":{"self":[{"href":"http:\/\/www.adapei64.fr\/site\/wp-json\/wp\/v2\/pages\/2399","targetHints":{"allow":["GET"]}}],"collection":[{"href":"http:\/\/www.adapei64.fr\/site\/wp-json\/wp\/v2\/pages"}],"about":[{"href":"http:\/\/www.adapei64.fr\/site\/wp-json\/wp\/v2\/types\/page"}],"author":[{"embeddable":true,"href":"http:\/\/www.adapei64.fr\/site\/wp-json\/wp\/v2\/users\/1"}],"replies":[{"embeddable":true,"href":"http:\/\/www.adapei64.fr\/site\/wp-json\/wp\/v2\/comments?post=2399"}],"version-history":[{"count":30,"href":"http:\/\/www.adapei64.fr\/site\/wp-json\/wp\/v2\/pages\/2399\/revisions"}],"predecessor-version":[{"id":15747,"href":"http:\/\/www.adapei64.fr\/site\/wp-json\/wp\/v2\/pages\/2399\/revisions\/15747"}],"up":[{"embeddable":true,"href":"http:\/\/www.adapei64.fr\/site\/wp-json\/wp\/v2\/pages\/1597"}],"wp:featuredmedia":[{"embeddable":true,"href":"http:\/\/www.adapei64.fr\/site\/wp-json\/wp\/v2\/media\/5642"}],"wp:attachment":[{"href":"http:\/\/www.adapei64.fr\/site\/wp-json\/wp\/v2\/media?parent=2399"}],"curies":[{"name":"wp","href":"https:\/\/api.w.org\/{rel}","templated":true}]}}