{"id":713,"date":"2021-08-04T10:47:54","date_gmt":"2020-11-04T09:47:47","guid":{"rendered":"http:\/\/adapei64.fr\/wp2\/?page_id=713"},"modified":"2024-08-02T19:21:39","modified_gmt":"2024-08-02T17:21:39","slug":"projet-associatif-2021-2025","status":"publish","type":"page","link":"http:\/\/www.adapei64.fr\/site\/adapei\/projet-associatif-2021-2025\/","title":{"rendered":"Notre projet associatif 2021-2025"},"content":{"rendered":"\n<div class=\"wp-block-columns is-layout-flex wp-container-core-columns-is-layout-07579d57 wp-block-columns-is-layout-flex\">\n<div class=\"wp-block-column is-layout-flow wp-block-column-is-layout-flow\" style=\"flex-basis:80%\">\n<details class=\"wp-block-details falc is-layout-flow wp-block-details-is-layout-flow\"><summary>Lire cette page en Facile \u00e0 Lire et \u00e0 Comprendre<\/summary>\n<p class=\"wp-block-paragraph\">Le projet associatif est un document important<br>pour l\u2019Adapei des Pyr\u00e9n\u00e9es-Atlantiques.<br>Il explique ce que l\u2019Adapei des Pyr\u00e9n\u00e9es-Atlantiques<br>veut faire dans les 5 ans \u00e0 venir.<br>Il pr\u00e9sente :<\/p>\n\n\n\n<ul class=\"wp-block-list\">\n<li><strong>les valeurs de l\u2019association<\/strong><br>Les valeurs sont des id\u00e9es <br>qui sont importantes pour l\u2019Adapei.<\/li>\n\n\n\n<li><strong>les principes de l\u2019association<\/strong><br>Les principes sont des r\u00e8gles<br>que l\u2019Adapei se fixe.<\/li>\n\n\n\n<li><strong>les missions de l\u2019association<\/strong><br>Les missions sont les choses<br>que l\u2019Adapei doit faire.<\/li>\n\n\n\n<li><strong>les orientations<\/strong><br>Les orientations sont des objectifs<br>que l\u2019Adapei veut atteindre.<\/li>\n<\/ul>\n\n\n\n<p class=\"wp-block-paragraph\">Beaucoup de personnes ont travaill\u00e9<br>sur le nouveau Projet Associatif :<\/p>\n\n\n\n<ul class=\"wp-block-list\">\n<li>des personnes vivant avec un handicap,<\/li>\n\n\n\n<li>des professionnels de l\u2019Adapei,<\/li>\n\n\n\n<li>des membres du Conseil d\u2019Administration<br>de l\u2019Adapei.<\/li>\n<\/ul>\n\n\n\n<p class=\"wp-block-paragraph\">Ces personnes ont parl\u00e9<\/p>\n\n\n\n<ul class=\"wp-block-list\">\n<li>de ce qui a \u00e9t\u00e9 fait.<\/li>\n\n\n\n<li>de ce qu\u2019il faut renforcer.<\/li>\n<\/ul>\n\n\n\n<p class=\"wp-block-paragraph\">Tous les ans,<br>un comit\u00e9 de suivi pr\u00e9sentera ce qui a \u00e9t\u00e9 fait dans l\u2019association.<\/p>\n\n\n\n<p class=\"wp-block-paragraph\">Dans le comit\u00e9 de suivi,<br>il y aura des personnes qui ont \u00e9crit le projet associatif.<\/p>\n\n\n\n<p class=\"wp-block-paragraph\">Ce projet est li\u00e9 au Projet Associatif 2014-2019.<br>Il reprend les id\u00e9es importantes :<br><strong>L\u2019Adapei des Pyr\u00e9n\u00e9es-Atlantiques<\/strong><br><strong>veut reconna\u00eetre les comp\u00e9tences de toutes les personnes.<\/strong><br>L\u2019Adapei veut mettre en valeur les comp\u00e9tences.<\/p>\n\n\n\n<p class=\"wp-block-paragraph\"><a href=\"http:\/\/www.adapei64.fr\/docs\/Adapei64-ProjetAsso-2021-2025-FALC.pdf\" target=\"_blank\" rel=\"noopener\">Je veux lire le Projet Associatif en Facile \u00e0 Lire et \u00e0 Comprendre<\/a><\/p>\n<\/details>\n\n\n\n<h2 class=\"wp-block-heading\">Un nouveau projet associatif ?<\/h2>\n\n\n\n<p class=\"wp-block-paragraph\">Nouveau ? Oui, parce qu\u2019il est imp\u00e9ratif que l\u2019Adapei garde une <b>attitude d\u2019anticipation dynamique et adapt\u00e9e quant aux \u00e9volutions<\/b> qui n\u2019ont pas manqu\u00e9 de survenir en cinq ans : changement des personnes, de leurs attentes et besoins, du contexte environnemental et de la commande sociale.<br>Nouveau ? Oui, mais <b>suite logique et dans la m\u00eame philosophie que celle qui animait le pr\u00e9c\u00e9dent<\/b>. Il avait pos\u00e9 un socle fort, visionnaire et militant, et nous nous y reconnaissons toujours. Aujourd\u2019hui, nous devons \u00eatre vigilants \u00e0 ne pas nous installer dans une situation de confort et de bonne conscience. Nous devons pr\u00e9server et rendre visible notre capacit\u00e9 d\u2019innovation et d\u2019adaptation de l\u2019offre de service.<\/p>\n\n\n\n<p class=\"wp-block-paragraph\">Notre Projet Associatif est \u00e0 re-questionner en permanence pour rester vivant tout au long de sa dur\u00e9e de validit\u00e9 et \u00eatre le \u00ab stimulant \u00bb des actions qu\u2019il induit. Ecrire un nouveau Projet Associatif, c\u2019est en quelque sorte se ressourcer, se donner un nouvel \u00e9lan pour envisager le devenir de l\u2019Association, de ses \u00e9tablissements, services et autres dispositifs. C\u2019est r\u00e9affirmer l\u2019\u00e9thique personnelle et collective qui doit inspirer nos postures professionnelles ou autres.<\/p>\n\n\n\n<p class=\"wp-block-paragraph\">De nombreux membres du conseil d\u2019administration, des salari\u00e9s, mais aussi des personnes accompagn\u00e9es ont travaill\u00e9 sur ce nouveau projet.<br>Au total, plus de 80 personnes ont investi avec enthousiasme les diff\u00e9rents espaces de travail mis en place pour analyser et mesurer le chemin parcouru ces derni\u00e8res ann\u00e9es, valoriser ce qui a \u00e9t\u00e9 fait, mais aussi, sans concession, r\u00e9fl\u00e9chir \u00e0 ce qui doit \u00eatre renforc\u00e9, d\u00e9velopp\u00e9 ou construit.<\/p>\n\n\n\n<p class=\"wp-block-paragraph\">Un projet associatif n\u2019a d\u2019int\u00e9r\u00eat que si celui-ci fait r\u00e9f\u00e9rence, est port\u00e9, incarn\u00e9 par l\u2019ensemble des membres de l\u2019Adapei des Pyr\u00e9n\u00e9es-Atlantiques, mais aussi&nbsp;r\u00e9guli\u00e8rement suivi et \u00e9valu\u00e9.<br>Pour ce faire, l\u2019association fait le choix de mettre en place une instance de suivi annuel des orientations et actions du projet.<\/p>\n<\/div>\n\n\n\n<div class=\"wp-block-column is-layout-flow wp-block-column-is-layout-flow\" style=\"flex-basis:20%\">\n<figure class=\"wp-block-image bloc_bleu\"><a href=\"http:\/\/www.adapei64.fr\/docs\/Adapei64-ProjetAsso-2021-2025-web.pdf\" target=\"_blank\" rel=\"noopener\"><img decoding=\"async\" src=\"http:\/\/www.adapei64.fr\/site\/wp-content\/uploads\/2020\/11\/IconePA.jpg\" alt=\"Couverture du Projet Associatif 2021-2025\"\/><\/a><figcaption class=\"wp-element-caption\">Consulter le projet associatif<\/figcaption><\/figure>\n\n\n\n<figure class=\"wp-block-image bloc_bleu\"><a href=\"http:\/\/www.adapei64.fr\/docs\/Adapei64-ProjetAsso-2021-2025-FALC.pdf\" target=\"_blank\" rel=\"noopener\"><img decoding=\"async\" src=\"http:\/\/www.adapei64.fr\/site\/wp-content\/uploads\/2020\/11\/IconePAFALC.jpg\" alt=\"Couverture du Projet Associatif 2021-2025 en Facile \u00e0 Lire et \u00e0 Comprendre (FALC)\"\/><\/a><figcaption class=\"wp-element-caption\">Le projet associatif en Facile \u00e0 Lire et \u00e0 Comprendre<\/figcaption><\/figure>\n<\/div>\n<\/div>\n\n\n\n<div class=\"wp-block-group orientation_pa is-nowrap is-layout-flex wp-container-core-group-is-layout-7387b849 wp-block-group-is-layout-flex\">\n<figure class=\"wp-block-image\"><img decoding=\"async\" src=\"http:\/\/www.adapei64.fr\/site\/wp-content\/uploads\/2020\/10\/orientation_1.png\" alt=\"Dessin de 4 personnes qui joignent leurs mains\"\/><\/figure>\n\n\n\n<div class=\"wp-block-group is-vertical is-layout-flex wp-container-core-group-is-layout-3bf7ac4d wp-block-group-is-layout-flex\">\n<p class=\"orientation_num wp-block-paragraph\">Orientation 1<\/p>\n\n\n\n<h2 class=\"wp-block-heading\">RENFORCER<br>LA CULTURE ASSOCIATIVE<\/h2>\n\n\n\n<p class=\"wp-block-paragraph\">Amener tous les acteurs \u00e0 s\u2019approprier et mettre en \u0153uvre, individuellement comme collectivement, la notion de \u00ab Voir l\u2019autre en situation de comp\u00e9tences \u00bb. Et ce, dans le respect des parties prenantes, quel que soit le contexte.<\/p>\n<\/div>\n<\/div>\n\n\n\n<div class=\"wp-block-group orientation_pa is-nowrap is-layout-flex wp-container-core-group-is-layout-7387b849 wp-block-group-is-layout-flex\">\n<div class=\"wp-block-group is-vertical is-layout-flex wp-container-core-group-is-layout-3bf7ac4d wp-block-group-is-layout-flex\">\n<p class=\"orientation_num wp-block-paragraph\">Orientation 2<\/p>\n\n\n\n<h2 class=\"wp-block-heading\">RENFORCER<br>LA MILITANCE DU<br>MOUVEMENT ASSOCIATIF<\/h2>\n\n\n\n<p class=\"wp-block-paragraph\">S\u2019affirmer comme une association qui revendique ses valeurs et reste force de proposition.<\/p>\n<\/div>\n\n\n\n<figure class=\"wp-block-image\"><img decoding=\"async\" src=\"http:\/\/www.adapei64.fr\/site\/wp-content\/uploads\/2020\/10\/orientation_2.png\" alt=\"Dessin d'une main tenant un m\u00e9gaphone\"\/><\/figure>\n<\/div>\n\n\n\n<div class=\"wp-block-group orientation_pa is-nowrap is-layout-flex wp-container-core-group-is-layout-7387b849 wp-block-group-is-layout-flex\">\n<figure class=\"wp-block-image\"><img decoding=\"async\" src=\"http:\/\/www.adapei64.fr\/site\/wp-content\/uploads\/2020\/10\/orientation_3.png\" alt=\"Dessin de deux personnes qui assemblent deux pi\u00e8ce de puzzle.\"\/><\/figure>\n\n\n\n<div class=\"wp-block-group is-vertical is-layout-flex wp-container-core-group-is-layout-3bf7ac4d wp-block-group-is-layout-flex\">\n<p class=\"orientation_num wp-block-paragraph\">Orientation 3<\/p>\n\n\n\n<h2 class=\"wp-block-heading\">RELEVER LE D\u00c9FI INCLUSIF<\/h2>\n\n\n\n<p class=\"wp-block-paragraph\">Poursuivre le d\u00e9veloppement de prestations adapt\u00e9es, dans le respect des attentes et des besoins explicites et implicites des personnes, pour leur permettre une reconnaissance sociale et soci\u00e9tale. \u00ab Etre citoyen parmi les autres, comme les autres \u00bb<\/p>\n<\/div>\n<\/div>\n\n\n\n<div class=\"wp-block-group orientation_pa is-nowrap is-layout-flex wp-container-core-group-is-layout-7387b849 wp-block-group-is-layout-flex\">\n<div class=\"wp-block-group is-vertical is-layout-flex wp-container-core-group-is-layout-3bf7ac4d wp-block-group-is-layout-flex\">\n<p class=\"orientation_num wp-block-paragraph\">Orientation 4<\/p>\n\n\n\n<h2 class=\"wp-block-heading\">R\u00c9AFFIRMER<br>L\u2019ACCOMPAGNEMENT<br>DE DIFF\u00c9RENTS HANDICAPS<br>ET TOUT AU LONG DE LA VIE<\/h2>\n\n\n\n<p class=\"wp-block-paragraph\">Adapter nos comp\u00e9tences et renforcer notre dynamique partenariale dans l\u2019accueil et l\u2019accompagnement de chacun tout au long de son parcours de vie.<\/p>\n<\/div>\n\n\n\n<figure class=\"wp-block-image\"><img decoding=\"async\" src=\"http:\/\/www.adapei64.fr\/site\/wp-content\/uploads\/2020\/10\/orientation_4.png\" alt=\"Dessins de 7 personnes de diff\u00e9rents \u00e2ges, couleurs. Une des personnes est en fauteuil roulant.\"\/><\/figure>\n<\/div>\n\n\n\n<div class=\"wp-block-group orientation_pa is-nowrap is-layout-flex wp-container-core-group-is-layout-7387b849 wp-block-group-is-layout-flex\">\n<figure class=\"wp-block-image\"><img decoding=\"async\" src=\"http:\/\/www.adapei64.fr\/site\/wp-content\/uploads\/2020\/10\/orientation_5.png\" alt=\"Dessin de deux personnes qui se serrent la main\"\/><\/figure>\n\n\n\n<div class=\"wp-block-group is-vertical is-layout-flex wp-container-core-group-is-layout-3bf7ac4d wp-block-group-is-layout-flex\">\n<p class=\"orientation_num wp-block-paragraph\">Orientation 5<\/p>\n\n\n\n<h2 class=\"wp-block-heading\">L\u2019ADAPEI<br>ET SON ENVIRONNEMENT<br>PARTENARIAL<\/h2>\n\n\n\n<p class=\"wp-block-paragraph\">D\u00e9velopper et renforcer les dynamiques de coop\u00e9rations et de partenariats avec notre environnement afin de le rendre accessible \u00e0 tous.<\/p>\n<\/div>\n<\/div>\n\n\n\n<div class=\"wp-block-group orientation_pa is-nowrap is-layout-flex wp-container-core-group-is-layout-7387b849 wp-block-group-is-layout-flex\">\n<div class=\"wp-block-group is-vertical is-layout-flex wp-container-core-group-is-layout-3bf7ac4d wp-block-group-is-layout-flex\">\n<p class=\"orientation_num wp-block-paragraph\">Orientation 6<\/p>\n\n\n\n<h2 class=\"wp-block-heading\">ACCOMPAGNER<br>LES PROFESSIONNELS<br>\u00c0 L\u2019\u00c9VOLUTION ET \u00c0<br>L\u2019ADAPTATION<br>DE L\u2019OFFRE DE SERVICE<\/h2>\n\n\n\n<p class=\"wp-block-paragraph\">Impliquer et former l\u2019ensemble des professionnels, tout au long de leur parcours, pour ajuster leurs pratiques aux besoins des personnes accompagn\u00e9es, en tenant compte des orientations associatives et de la commande sociale.<\/p>\n<\/div>\n\n\n\n<figure class=\"wp-block-image\"><img decoding=\"async\" src=\"http:\/\/www.adapei64.fr\/site\/wp-content\/uploads\/2020\/10\/orientation_6.png\" alt=\"Dessin de deux personnes qui cochent des cases sur un grand document\"\/><\/figure>\n<\/div>\n\n\n\n<div class=\"wp-block-group orientation_pa is-nowrap is-layout-flex wp-container-core-group-is-layout-7387b849 wp-block-group-is-layout-flex\">\n<figure class=\"wp-block-image\"><img decoding=\"async\" src=\"http:\/\/www.adapei64.fr\/site\/wp-content\/uploads\/2020\/10\/orientation_7.png\" alt=\"Dessin de deux personnes avec une grosse ampoule\"\/><\/figure>\n\n\n\n<div class=\"wp-block-group is-vertical is-layout-flex wp-container-core-group-is-layout-3bf7ac4d wp-block-group-is-layout-flex\">\n<p class=\"orientation_num wp-block-paragraph\">Orientation 7<\/p>\n\n\n\n<h2 class=\"wp-block-heading\">CONTINUER \u00c0 \u00caTRE UNE<br>ASSOCIATION INNOVANTE<\/h2>\n\n\n\n<p class=\"wp-block-paragraph\">Anticiper les \u00e9volutions soci\u00e9tales et environnementales pour adapter son projet, son organisation et son offre de service aux souhaits et besoins des personnes. Favoriser l\u2019exp\u00e9rimentation et la cr\u00e9ativit\u00e9 dans tous les champs d\u2019actions de l\u2019association.<\/p>\n<\/div>\n<\/div>\n","protected":false},"excerpt":{"rendered":"<p>Un nouveau projet associatif ? Nouveau ? Oui, parce qu\u2019il est imp\u00e9ratif que l\u2019Adapei garde une attitude d\u2019anticipation dynamique et adapt\u00e9e quant aux \u00e9volutions qui n\u2019ont pas manqu\u00e9 de survenir&hellip; <a class=\"continue\" href=\"http:\/\/www.adapei64.fr\/site\/adapei\/projet-associatif-2021-2025\/\">Lire :<span> Notre projet associatif 2021-2025<\/span><\/a><\/p>\n","protected":false},"author":1,"featured_media":3730,"parent":728,"menu_order":1,"comment_status":"closed","ping_status":"closed","template":"","meta":{"_crdt_document":"","om_disable_all_campaigns":false,"_uag_custom_page_level_css":"","_monsterinsights_skip_tracking":false,"_monsterinsights_sitenote_active":false,"_monsterinsights_sitenote_note":"","_monsterinsights_sitenote_category":0,"_uf_show_specific_survey":0,"_uf_disable_surveys":false,"_EventAllDay":false,"_EventTimezone":"","_EventStartDate":"","_EventEndDate":"","_EventStartDateUTC":"","_EventEndDateUTC":"","_EventShowMap":false,"_EventShowMapLink":false,"_EventURL":"","_EventCost":"","_EventCostDescription":"","_EventCurrencySymbol":"","_EventCurrencyCode":"","_EventCurrencyPosition":"","_EventDateTimeSeparator":"","_EventTimeRangeSeparator":"","_EventOrganizerID":[],"_EventVenueID":[],"_OrganizerEmail":"","_OrganizerPhone":"","_OrganizerWebsite":"","_VenueAddress":"","_VenueCity":"","_VenueCountry":"","_VenueProvince":"","_VenueState":"","_VenueZip":"","_VenuePhone":"","_VenueURL":"","_VenueStateProvince":"","_VenueLat":"","_VenueLng":"","_VenueShowMap":false,"_VenueShowMapLink":false,"footnotes":""},"class_list":["post-713","page","type-page","status-publish","has-post-thumbnail","hentry"],"uagb_featured_image_src":{"full":["http:\/\/www.adapei64.fr\/site\/wp-content\/uploads\/2021\/08\/Projet_Asso-2021-2025_Page_01-BD.jpg",1061,1500,false],"thumbnail":["http:\/\/www.adapei64.fr\/site\/wp-content\/uploads\/2021\/08\/Projet_Asso-2021-2025_Page_01-BD-600x600.jpg",600,600,true],"medium":["http:\/\/www.adapei64.fr\/site\/wp-content\/uploads\/2021\/08\/Projet_Asso-2021-2025_Page_01-BD-707x1000.jpg",707,1000,true],"medium_large":["http:\/\/www.adapei64.fr\/site\/wp-content\/uploads\/2021\/08\/Projet_Asso-2021-2025_Page_01-BD-768x1086.jpg",768,1086,true],"large":["http:\/\/www.adapei64.fr\/site\/wp-content\/uploads\/2021\/08\/Projet_Asso-2021-2025_Page_01-BD.jpg",1061,1500,false],"1536x1536":["http:\/\/www.adapei64.fr\/site\/wp-content\/uploads\/2021\/08\/Projet_Asso-2021-2025_Page_01-BD.jpg",1061,1500,false],"2048x2048":["http:\/\/www.adapei64.fr\/site\/wp-content\/uploads\/2021\/08\/Projet_Asso-2021-2025_Page_01-BD.jpg",1061,1500,false]},"uagb_author_info":{"display_name":"Marie Lafargue","author_link":"http:\/\/www.adapei64.fr\/site\/author\/marie\/"},"uagb_comment_info":0,"uagb_excerpt":"Un nouveau projet associatif ? Nouveau ? Oui, parce qu\u2019il est imp\u00e9ratif que l\u2019Adapei garde une attitude d\u2019anticipation dynamique et adapt\u00e9e quant aux \u00e9volutions qui n\u2019ont pas manqu\u00e9 de survenir&hellip; Lire : Notre projet associatif 2021-2025","distributor_meta":false,"distributor_terms":false,"distributor_media":false,"distributor_original_site_name":"Adapei des Pyr\u00e9n\u00e9es-Atlantiques","distributor_original_site_url":"http:\/\/www.adapei64.fr\/site","push-errors":false,"_links":{"self":[{"href":"http:\/\/www.adapei64.fr\/site\/wp-json\/wp\/v2\/pages\/713","targetHints":{"allow":["GET"]}}],"collection":[{"href":"http:\/\/www.adapei64.fr\/site\/wp-json\/wp\/v2\/pages"}],"about":[{"href":"http:\/\/www.adapei64.fr\/site\/wp-json\/wp\/v2\/types\/page"}],"author":[{"embeddable":true,"href":"http:\/\/www.adapei64.fr\/site\/wp-json\/wp\/v2\/users\/1"}],"replies":[{"embeddable":true,"href":"http:\/\/www.adapei64.fr\/site\/wp-json\/wp\/v2\/comments?post=713"}],"version-history":[{"count":14,"href":"http:\/\/www.adapei64.fr\/site\/wp-json\/wp\/v2\/pages\/713\/revisions"}],"predecessor-version":[{"id":15140,"href":"http:\/\/www.adapei64.fr\/site\/wp-json\/wp\/v2\/pages\/713\/revisions\/15140"}],"up":[{"embeddable":true,"href":"http:\/\/www.adapei64.fr\/site\/wp-json\/wp\/v2\/pages\/728"}],"wp:featuredmedia":[{"embeddable":true,"href":"http:\/\/www.adapei64.fr\/site\/wp-json\/wp\/v2\/media\/3730"}],"wp:attachment":[{"href":"http:\/\/www.adapei64.fr\/site\/wp-json\/wp\/v2\/media?parent=713"}],"curies":[{"name":"wp","href":"https:\/\/api.w.org\/{rel}","templated":true}]}}