{"id":8335,"date":"2022-02-11T13:56:37","date_gmt":"2022-02-11T12:56:37","guid":{"rendered":"http:\/\/www.adapei64.fr\/site\/?page_id=8335"},"modified":"2025-09-01T13:03:42","modified_gmt":"2025-09-01T11:03:42","slug":"sesips-ime-sessad-itep","status":"publish","type":"page","link":"http:\/\/www.adapei64.fr\/site\/adapei\/les-etablissements-et-services\/enfance-scolarisation\/sesips-ime-sessad-itep\/","title":{"rendered":"SESIPS &#8211; IME SESSAD DITEP"},"content":{"rendered":"\n<div class=\"wp-block-columns is-layout-flex wp-container-core-columns-is-layout-07579d57 wp-block-columns-is-layout-flex\">\n<div class=\"wp-block-column is-layout-flow wp-block-column-is-layout-flow\" style=\"flex-basis:80%\">\n<p class=\"wp-block-paragraph\">Le Service d&#8217;Education Sp\u00e9cialis\u00e9 pour l&#8217;Insertion Professionnelle et Sociale intervient aupr\u00e8s d&#8217;adolescents et jeunes adultes, de 14 \u00e0 20 ans) pour leur permettre d&#8217;aborder et traiter les probl\u00e8mes qui entravent leur devenir personnels, social et professionnel.<\/p>\n\n\n\n<p class=\"wp-block-paragraph\">Un soutien contractualis\u00e9 et un parcours de formation sont propos\u00e9s \u00e0 chaque jeune pour r\u00e9ussir :<\/p>\n\n\n\n<ul class=\"wp-block-list\">\n<li>la construction de son projet et de son orientation,<\/li>\n\n\n\n<li>la r\u00e9alisation de son projet par une formation professionnelle,<\/li>\n\n\n\n<li>l&#8217;acc\u00e8s \u00e0 une vie en logement autonome.<\/li>\n<\/ul>\n\n\n\n<h3 class=\"wp-block-heading\">Me pr\u00e9parer et me former<br>pour construire mon projet :<\/h3>\n\n\n\n<ul class=\"wp-block-list\">\n<li>Faire un bilan de ma situation et \u00e9tablir un plan d&#8217;action<\/li>\n\n\n\n<li>M&#8217;informer sur la vie \u00e9conomique et professionnelle et trouver le m\u00e9tier qui correspond le mieux \u00e0 ce qui me plait et \u00e0 ce que je peux faire.<\/li>\n\n\n\n<li>D\u00e9finir mon projet professionnel et social pour lequel j&#8217;\u00e9tablis un plan d&#8217;action<\/li>\n\n\n\n<li>Confirmer mon choix par des visites et des stages en entreprise.<\/li>\n\n\n\n<li>Devenir autonome en m&#8217;entrainant \u00e0 prendre des d\u00e9cisions.<\/li>\n\n\n\n<li>Accompagner mon projet professionnel par des comp\u00e9tences sociales me permettant d&#8217;acc\u00e9der \u00e0 un logement autonome.<\/li>\n\n\n\n<li>Valider la construction de mon projet devant les professionnels.<\/li>\n<\/ul>\n\n\n\n<h3 class=\"wp-block-heading\">Me soutenir et m&#8217;accompagner <br>pour mon projet d&#8217;insertion <br>professionnelle et sociale<\/h3>\n\n\n\n<ul class=\"wp-block-list\">\n<li>Rechercher un emploi adapt\u00e9 \u00e0 mes comp\u00e9tences.<\/li>\n\n\n\n<li>Suivre une formation professionnelle adapt\u00e9s.<\/li>\n\n\n\n<li>Pr\u00e9parer le permis de conduire.<\/li>\n\n\n\n<li>Faciliter mon acc\u00e8s \u00e0 un logement autonome<\/li>\n<\/ul>\n<\/div>\n\n\n\n<div class=\"wp-block-column is-layout-flow wp-block-column-is-layout-flow\" style=\"flex-basis:20%\">\n<div class=\"wp-block-group bloc_gris coord_esms is-vertical is-layout-flex wp-container-core-group-is-layout-2c90304e wp-block-group-is-layout-flex\">\n<h2 class=\"wp-block-heading\">Coordonn\u00e9es<\/h2>\n\n\n\n<p class=\"wp-block-paragraph\">76, avenue de Montardon<br>64000 PAU<\/p>\n\n\n\n<p class=\"wp-block-paragraph\">T\u00e9l. : 05 59 21 57 09<\/p>\n<\/div>\n\n\n\n<div class=\"wp-block-group bloc_gris contact_esms is-vertical is-layout-flex wp-container-core-group-is-layout-2c90304e wp-block-group-is-layout-flex\">\n<h2 class=\"wp-block-heading\">Contact<\/h2>\n\n\n\n<p class=\"wp-block-paragraph\">ERAMBERT SABASCH Francelise,<br><em>Directrice<\/em><\/p>\n\n\n\n<p class=\"wp-block-paragraph\">BRUNEL Florence,&nbsp;<br><em style=\"font-size: 14.4px; font-weight: inherit;\">Cheffe de service<\/em><\/p>\n\n\n\n<p class=\"wp-block-paragraph\">COURALIS Robin,<br><em>Chef de service<\/em><\/p>\n\n\n\n<p class=\"wp-block-paragraph\">LOUBET Anissa,<br><em style=\"font-size: 14.4px;\">Cheffe de service<\/em><em><br><\/em><\/p>\n\n\n\n<p class=\"wp-block-paragraph\">AUSSIBAL Christine<br><em>Cheffe de service<\/em><\/p>\n<\/div>\n<\/div>\n<\/div>\n\n\n\n<h2 class=\"wp-block-heading\">Localisation<\/h2>\n\n\n\n<p class=\"wp-block-paragraph\"><iframe title=\"76 avenue montardon\" src=\"https:\/\/maps.google.com\/maps?q=76%20avenue%20montardon&amp;t=m&amp;z=16&amp;output=embed&amp;iwloc=near\" aria-label=\"76 avenue montardon\"><\/iframe><\/p>\n","protected":false},"excerpt":{"rendered":"<p>Le Service d&#8217;Education Sp\u00e9cialis\u00e9 pour l&#8217;Insertion Professionnelle et Sociale intervient aupr\u00e8s d&#8217;adolescents et jeunes adultes, de 14 \u00e0 20 ans) pour leur permettre d&#8217;aborder et traiter les probl\u00e8mes qui entravent&hellip; <a class=\"continue\" href=\"http:\/\/www.adapei64.fr\/site\/adapei\/les-etablissements-et-services\/enfance-scolarisation\/sesips-ime-sessad-itep\/\">Lire :<span> SESIPS &#8211; IME SESSAD DITEP<\/span><\/a><\/p>\n","protected":false},"author":1,"featured_media":18175,"parent":1015,"menu_order":4,"comment_status":"closed","ping_status":"closed","template":"","meta":{"_crdt_document":"","om_disable_all_campaigns":false,"_uag_custom_page_level_css":"","_monsterinsights_skip_tracking":false,"_monsterinsights_sitenote_active":false,"_monsterinsights_sitenote_note":"","_monsterinsights_sitenote_category":0,"_uf_show_specific_survey":0,"_uf_disable_surveys":false,"_EventAllDay":false,"_EventTimezone":"","_EventStartDate":"","_EventEndDate":"","_EventStartDateUTC":"","_EventEndDateUTC":"","_EventShowMap":false,"_EventShowMapLink":false,"_EventURL":"","_EventCost":"","_EventCostDescription":"","_EventCurrencySymbol":"","_EventCurrencyCode":"","_EventCurrencyPosition":"","_EventDateTimeSeparator":"","_EventTimeRangeSeparator":"","_EventOrganizerID":[],"_EventVenueID":[],"_OrganizerEmail":"","_OrganizerPhone":"","_OrganizerWebsite":"","_VenueAddress":"","_VenueCity":"","_VenueCountry":"","_VenueProvince":"","_VenueState":"","_VenueZip":"","_VenuePhone":"","_VenueURL":"","_VenueStateProvince":"","_VenueLat":"","_VenueLng":"","_VenueShowMap":false,"_VenueShowMapLink":false,"footnotes":""},"class_list":["post-8335","page","type-page","status-publish","has-post-thumbnail","hentry"],"uagb_featured_image_src":{"full":["http:\/\/www.adapei64.fr\/site\/wp-content\/uploads\/2025\/09\/IMG_5534-scaled.jpg",2560,1920,false],"thumbnail":["http:\/\/www.adapei64.fr\/site\/wp-content\/uploads\/2025\/09\/IMG_5534-600x600.jpg",600,600,true],"medium":["http:\/\/www.adapei64.fr\/site\/wp-content\/uploads\/2025\/09\/IMG_5534-1000x750.jpg",1000,750,true],"medium_large":["http:\/\/www.adapei64.fr\/site\/wp-content\/uploads\/2025\/09\/IMG_5534-768x576.jpg",768,576,true],"large":["http:\/\/www.adapei64.fr\/site\/wp-content\/uploads\/2025\/09\/IMG_5534-2500x1875.jpg",2500,1875,true],"1536x1536":["http:\/\/www.adapei64.fr\/site\/wp-content\/uploads\/2025\/09\/IMG_5534-1536x1152.jpg",1536,1152,true],"2048x2048":["http:\/\/www.adapei64.fr\/site\/wp-content\/uploads\/2025\/09\/IMG_5534-2048x1536.jpg",2048,1536,true]},"uagb_author_info":{"display_name":"Marie Lafargue","author_link":"http:\/\/www.adapei64.fr\/site\/author\/marie\/"},"uagb_comment_info":0,"uagb_excerpt":"Le Service d&#8217;Education Sp\u00e9cialis\u00e9 pour l&#8217;Insertion Professionnelle et Sociale intervient aupr\u00e8s d&#8217;adolescents et jeunes adultes, de 14 \u00e0 20 ans) pour leur permettre d&#8217;aborder et traiter les probl\u00e8mes qui entravent&hellip; Lire : SESIPS &#8211; IME SESSAD DITEP","distributor_meta":false,"distributor_terms":false,"distributor_media":false,"distributor_original_site_name":"Adapei des Pyr\u00e9n\u00e9es-Atlantiques","distributor_original_site_url":"http:\/\/www.adapei64.fr\/site","push-errors":false,"_links":{"self":[{"href":"http:\/\/www.adapei64.fr\/site\/wp-json\/wp\/v2\/pages\/8335","targetHints":{"allow":["GET"]}}],"collection":[{"href":"http:\/\/www.adapei64.fr\/site\/wp-json\/wp\/v2\/pages"}],"about":[{"href":"http:\/\/www.adapei64.fr\/site\/wp-json\/wp\/v2\/types\/page"}],"author":[{"embeddable":true,"href":"http:\/\/www.adapei64.fr\/site\/wp-json\/wp\/v2\/users\/1"}],"replies":[{"embeddable":true,"href":"http:\/\/www.adapei64.fr\/site\/wp-json\/wp\/v2\/comments?post=8335"}],"version-history":[{"count":32,"href":"http:\/\/www.adapei64.fr\/site\/wp-json\/wp\/v2\/pages\/8335\/revisions"}],"predecessor-version":[{"id":18176,"href":"http:\/\/www.adapei64.fr\/site\/wp-json\/wp\/v2\/pages\/8335\/revisions\/18176"}],"up":[{"embeddable":true,"href":"http:\/\/www.adapei64.fr\/site\/wp-json\/wp\/v2\/pages\/1015"}],"wp:featuredmedia":[{"embeddable":true,"href":"http:\/\/www.adapei64.fr\/site\/wp-json\/wp\/v2\/media\/18175"}],"wp:attachment":[{"href":"http:\/\/www.adapei64.fr\/site\/wp-json\/wp\/v2\/media?parent=8335"}],"curies":[{"name":"wp","href":"https:\/\/api.w.org\/{rel}","templated":true}]}}