{"id":3,"date":"2020-10-15T16:20:56","date_gmt":"2020-10-15T14:20:56","guid":{"rendered":"http:\/\/adapei64.fr\/wp2\/?page_id=3"},"modified":"2022-02-23T16:19:20","modified_gmt":"2022-02-23T15:19:20","slug":"politique-de-confidentialite","status":"publish","type":"page","link":"https:\/\/www.adapei64.fr\/site\/60ans\/politique-de-confidentialite\/","title":{"rendered":"Politique de confidentialit\u00e9"},"content":{"rendered":"<h3>Qui sommes-nous\u00a0?<\/h3>\n<p>L\u2019Association D\u00e9partementale des Parents et Amis de Personnes Handicap\u00e9es Mentales (Adapei) des Pyr\u00e9n\u00e9es-Atlantiques a \u00e9t\u00e9 fond\u00e9e en 1962 pour r\u00e9pondre aux attentes des familles ayant un enfant d\u00e9ficient intellectuel.<\/p>\n<p>\u200bPr\u00e9sidente : CAVRET Anne Marie,<br \/>\nDirecteur g\u00e9n\u00e9ral : LALANNE Fran\u00e7ois<\/p>\n<p>Si\u00e8ge de l&rsquo;association :<br \/>\nAdapei des Pyr\u00e9n\u00e9es-Atlantiques<br \/>\nBP 80123<br \/>\n105 avenue des Lilas<br \/>\n64001 Pau Cedex<\/p>\n<p>T\u00e9l\u00e9phone : 05 59 84 64 89<br \/>\nE-mail : adapei@adapei64.fr<br \/>\nSite internet\u00a0: www.adapei64.fr<\/p>\n<p><a href=\"http:\/\/adapei64.fr\/docs\/Politique_de_protection_des_donnees_personnelles_personnes_accompagnees.pdf\" target=\"_blank\" rel=\"noopener\">En savoir plus sur notre politique de protection des donn\u00e9es personnes des personnes accompagn\u00e9es<\/a><\/p>\n<p>&nbsp;<\/p>\n<div id=\"texte_a_afficher\">\n<h3>ARTICLE 1\u00a0: PR\u00c9AMBULE<\/h3>\n<p>Cette politique de confidentialit\u00e9 s&rsquo;applique au site\u00a0: www.adapei64.fr.<br \/>\nLa pr\u00e9sente politique de confidentialit\u00e9 a pour but d&rsquo;exposer aux utilisateurs du site\u00a0:<\/p>\n<ul>\n<li>\u00a0La mani\u00e8re dont sont collect\u00e9es et trait\u00e9es leurs donn\u00e9es \u00e0 caract\u00e8re personnel. Doivent \u00eatre consid\u00e9r\u00e9es comme donn\u00e9es personnelles toutes les donn\u00e9es \u00e9tant susceptibles d&rsquo;identifier un utilisateur. Il s&rsquo;agit notamment du pr\u00e9nom et du nom, de l&rsquo;\u00e2ge, de l&rsquo;adresse postale, l&rsquo;adresse mail, la localisation de l&rsquo;utilisateur ou encore son adresse IP\u00a0;<\/li>\n<\/ul>\n<ul>\n<li>\u00a0Quels sont les droits des utilisateurs concernant ces donn\u00e9es\u00a0;<\/li>\n<\/ul>\n<ul>\n<li>\u00a0Qui est responsable du traitement des donn\u00e9es \u00e0 caract\u00e8re personnel collect\u00e9es et trait\u00e9es\u00a0;<\/li>\n<\/ul>\n<ul>\n<li>\u00a0A qui ces donn\u00e9es sont transmises\u00a0;<\/li>\n<\/ul>\n<ul>\n<li>\u00a0Eventuellement, la politique du site en mati\u00e8re de fichiers \u00ab\u00a0cookies\u00a0\u00bb.<\/li>\n<\/ul>\n<p>Cette politique de confidentialit\u00e9 compl\u00e8te les mentions l\u00e9gales et les Conditions G\u00e9n\u00e9rales d&rsquo;Utilisation que les utilisateurs peuvent consulter \u00e0 l&rsquo;adresse ci-apr\u00e8s : <a href=\"http:\/\/www.adapei64.fr\/site\/60ans\/politique-de-confidentialite\/\">http:\/\/www.adapei64.fr\/site\/60ans\/politique-de-confidentialite\/<\/a><\/p>\n<p>&nbsp;<\/p>\n<h3>ARTICLE 2\u00a0: PRINCIPES G\u00c9N\u00c9RAUX EN MATI\u00c8RE DE COLLECTE ET DE TRAITEMENT DE DONN\u00c9ES<\/h3>\n<p>Conform\u00e9ment aux dispositions de l&rsquo;article 5 du R\u00e8glement europ\u00e9en 2016\/679, la collecte et le traitement des donn\u00e9es des utilisateurs du site respectent les principes suivants\u00a0:<\/p>\n<ul>\n<li>\u00a0Lic\u00e9it\u00e9, loyaut\u00e9 et transparence\u00a0: les donn\u00e9es ne peuvent \u00eatre collect\u00e9es et trait\u00e9es qu&rsquo;avec le consentement de l&rsquo;utilisateur propri\u00e9taire des donn\u00e9es. A chaque fois que des donn\u00e9es \u00e0 caract\u00e8re personnel seront collect\u00e9es, il sera indiqu\u00e9 \u00e0 l&rsquo;utilisateur que ses donn\u00e9es sont collect\u00e9es, et pour quelles raisons ses donn\u00e9es sont collect\u00e9es\u00a0;<\/li>\n<li>\u00a0Finalit\u00e9s limit\u00e9es\u00a0: la collecte et le traitement des donn\u00e9es sont ex\u00e9cut\u00e9s pour r\u00e9pondre \u00e0 un ou plusieurs objectifs d\u00e9termin\u00e9s dans les pr\u00e9sentes conditions g\u00e9n\u00e9rales d&rsquo;utilisation\u00a0;<\/li>\n<li>\u00a0Minimisation de la collecte et du traitement des donn\u00e9es\u00a0: seules les donn\u00e9es n\u00e9cessaires \u00e0 la bonne ex\u00e9cution des objectifs poursuivis par le site sont collect\u00e9es\u00a0;<\/li>\n<li>\u00a0Conservation des donn\u00e9es r\u00e9duites dans le temps\u00a0: les donn\u00e9es sont conserv\u00e9es pour une dur\u00e9e limit\u00e9e, dont l&rsquo;utilisateur est inform\u00e9. Lorsque cette information ne peut pas \u00eatre communiqu\u00e9e, l&rsquo;utilisateur est inform\u00e9 des crit\u00e8res utilis\u00e9s pour d\u00e9terminer la dur\u00e9e de conservation\u00a0;<\/li>\n<li>\u00a0Int\u00e9grit\u00e9 et confidentialit\u00e9 des donn\u00e9es collect\u00e9es et trait\u00e9es\u00a0: le responsable du traitement des donn\u00e9es s&rsquo;engage \u00e0 garantir l&rsquo;int\u00e9grit\u00e9 et la confidentialit\u00e9 des donn\u00e9es collect\u00e9es.<\/li>\n<\/ul>\n<p>Afin d&rsquo;\u00eatre licites, et ce conform\u00e9ment aux exigences de l&rsquo;article 6 du r\u00e8glement europ\u00e9en 2016\/679, la collecte et le traitement des donn\u00e9es \u00e0 caract\u00e8re personnel ne pourront intervenir que s&rsquo;ils respectent au moins l&rsquo;une des conditions ci-apr\u00e8s \u00e9num\u00e9r\u00e9es\u00a0:<\/p>\n<ul>\n<li>\u00a0L&rsquo;utilisateur a express\u00e9ment consenti au traitement\u00a0;<\/li>\n<li>\u00a0Le traitement est n\u00e9cessaire \u00e0 la bonne ex\u00e9cution d&rsquo;un contrat\u00a0;<\/li>\n<li>\u00a0Le traitement r\u00e9pond \u00e0 une obligation l\u00e9gale\u00a0;<\/li>\n<li>\u00a0Le traitement s&rsquo;explique par une n\u00e9cessit\u00e9 li\u00e9e \u00e0 la sauvegarde des int\u00e9r\u00eats vitaux de la personne concern\u00e9e ou d&rsquo;une autre personne physique\u00a0;<\/li>\n<li>\u00a0Le traitement peut s&rsquo;expliquer par une n\u00e9cessit\u00e9 li\u00e9e \u00e0 l&rsquo;ex\u00e9cution d&rsquo;une mission d&rsquo;int\u00e9r\u00eat public ou qui rel\u00e8ve de l&rsquo;exercice de l&rsquo;autorit\u00e9 publique\u00a0;<\/li>\n<li>\u00a0Le traitement et la collecte des donn\u00e9es \u00e0 caract\u00e8re personnel sont n\u00e9cessaires aux fins des int\u00e9r\u00eats l\u00e9gitimes et priv\u00e9s poursuivis par le responsable du traitement ou par un tiers.<\/li>\n<\/ul>\n<p>&nbsp;<\/p>\n<h3>ARTICLE 3\u00a0: DONN\u00c9ES \u00c0 CARACT\u00c8RE PERSONNEL COLLECT\u00c9ES ET TRAIT\u00c9ES DANS LE CADRE DE LA NAVIGATION SUR LE SITE<\/h3>\n<p><strong>A. DONN\u00c9ES COLLECT\u00c9ES ET TRAIT\u00c9ES ET MODE DE COLLECTE<\/strong><\/p>\n<p>Les donn\u00e9es \u00e0 caract\u00e8re personnel collect\u00e9es sur la boutique des ESAT de l&rsquo;Adapei des Pyr\u00e9n\u00e9es-Atlantiques sont les suivantes :<\/p>\n<ul>\n<li>\u00a0Nom<\/li>\n<li>\u00a0Pr\u00e9nom<\/li>\n<li>\u00a0Adresse e-mail<\/li>\n<li>\u00a0T\u00e9l\u00e9phone<\/li>\n<li>\u00a0Adresse postale<\/li>\n<\/ul>\n<p>Ces donn\u00e9es sont collect\u00e9es lorsque l&rsquo;utilisateur effectue l&rsquo;une des op\u00e9rations suivantes sur le site\u00a0:<\/p>\n<ul>\n<li>Navigation sur le site internet<\/li>\n<li>Commande Click and Collect sur la Boutique des ESAT<\/li>\n<\/ul>\n<p>Le responsable du traitement conservera dans ses syst\u00e8mes informatiques du site et dans des conditions raisonnables de s\u00e9curit\u00e9 l&rsquo;ensemble des donn\u00e9es collect\u00e9es pour une dur\u00e9e de\u00a0:<\/p>\n<ul>\n<li>\u00a0Cookie d&rsquo;analyse de visite\u00a0: 12 mois<\/li>\n<li>\u00a0Donn\u00e9es personnelles li\u00e9es \u00e0 une commande Click and Collect\u00a0: 24 mois.<\/li>\n<\/ul>\n<p>La collecte et le traitement des donn\u00e9es r\u00e9pondent aux finalit\u00e9s suivantes\u00a0:<\/p>\n<ul>\n<li>\u00a0Traitement des commande Click and Collect<\/li>\n<li>\u00a0Analyse<\/li>\n<\/ul>\n<p>Les traitements de donn\u00e9es effectu\u00e9s sont fond\u00e9s sur la base du consentement de l&rsquo;utilisateur.<\/p>\n<p>&nbsp;<\/p>\n<p><strong>B. TRANSMISSION DES DONN\u00c9ES A DES TIERS<\/strong><\/p>\n<p>Les donn\u00e9es \u00e0 caract\u00e8re personnel collect\u00e9es par le site ne sont transmises \u00e0 aucun tiers, et ne sont trait\u00e9es que par l&rsquo;\u00e9diteur du site.<\/p>\n<p>&nbsp;<\/p>\n<p><strong>C. H\u00c9BERGEMENT DES DONN\u00c9ES<\/strong><\/p>\n<p>Le site Adapei des Pyr\u00e9n\u00e9es-Atlantiques est h\u00e9berg\u00e9 par\u00a0: Alteo, dont le si\u00e8ge est situ\u00e9 \u00e0 l&rsquo;adresse ci-apr\u00e8s\u00a0:<br \/>\n2 mail des Cerclades 95000 Cergy 34 rue Desaix 75015 Paris<br \/>\nL&rsquo;h\u00e9bergeur peut \u00eatre contact\u00e9 au num\u00e9ro de t\u00e9l\u00e9phone suivant\u00a0: 09 72 377 333.<br \/>\nLes donn\u00e9es collect\u00e9es et trait\u00e9es par le site sont exclusivement h\u00e9berg\u00e9es et trait\u00e9es en France.<\/p>\n<p>&nbsp;<\/p>\n<h3>ARTICLE 4\u00a0: RESPONSABLE DU TRAITEMENT DES DONN\u00c9ES<\/h3>\n<p><strong>A. LE RESPONSABLE DU TRAITEMENT DES DONN\u00c9ES<\/strong><\/p>\n<p>Le responsable du traitement des donn\u00e9es \u00e0 caract\u00e8re personnel est : l&rsquo;Adapei des Pyr\u00e9n\u00e9es-Atlantiques.<br \/>\nIl peut \u00eatre contact\u00e9\u00a0au\u00a0Si\u00e8ge Social de l&rsquo;Adapei des Pyr\u00e9n\u00e9es-Atlantiques<br \/>\n105 av. des Lilas &#8211; 64001 Pau Cedex<br \/>\n05 59 84 64 89<\/p>\n<p>Le responsable du traitement des donn\u00e9es est charg\u00e9 de d\u00e9terminer les finalit\u00e9s et les moyens mis au service du traitement des donn\u00e9es \u00e0 caract\u00e8re personnel.<\/p>\n<p>&nbsp;<\/p>\n<p><strong>B. OBLIGATIONS DU RESPONSABLE DU TRAITEMENT DES DONN\u00c9ES<\/strong><\/p>\n<p>Le responsable du traitement s&rsquo;engage \u00e0 prot\u00e9ger les donn\u00e9es \u00e0 caract\u00e8re personnel collect\u00e9es, \u00e0 ne pas les transmettre \u00e0 des tiers sans que l&rsquo;utilisateur n&rsquo;en ait \u00e9t\u00e9 inform\u00e9 et \u00e0 respecter les finalit\u00e9s pour lesquelles ces donn\u00e9es ont \u00e9t\u00e9 collect\u00e9es.<br \/>\nDe plus, le responsable du traitement des donn\u00e9es s&rsquo;engage \u00e0 notifier l&rsquo;utilisateur en cas de rectification ou de suppression des donn\u00e9es, \u00e0 moins que cela n&rsquo;entra\u00eene pour lui des formalit\u00e9s, co\u00fbts et d\u00e9marches disproportionn\u00e9s.<br \/>\nDans le cas o\u00f9 l&rsquo;int\u00e9grit\u00e9, la confidentialit\u00e9 ou la s\u00e9curit\u00e9 des donn\u00e9es \u00e0 caract\u00e8re personnel de l&rsquo;utilisateur est compromise, le responsable du traitement s&rsquo;engage \u00e0 informer l&rsquo;utilisateur par tout moyen.<\/p>\n<p>&nbsp;<\/p>\n<h3>ARTICLE 5\u00a0: DROITS DE L&rsquo;UTILISATEUR<\/h3>\n<p>Conform\u00e9ment \u00e0 la r\u00e9glementation concernant le traitement des donn\u00e9es \u00e0 caract\u00e8re personnel, l&rsquo;utilisateur poss\u00e8de les droits ci-apr\u00e8s \u00e9num\u00e9r\u00e9s.<br \/>\nAfin que le responsable du traitement des donn\u00e9es fasse droit \u00e0 sa demande, l&rsquo;utilisateur est tenu de lui communiquer\u00a0: ses pr\u00e9nom et nom ainsi que son adresse e-mail, et si cela est pertinent, son num\u00e9ro de compte ou d&rsquo;espace personnel ou d&rsquo;abonn\u00e9.<br \/>\nLe responsable du traitement des donn\u00e9es est tenu de r\u00e9pondre \u00e0 l&rsquo;utilisateur dans un d\u00e9lai de 30 (trente) jours maximum.<\/p>\n<p>&nbsp;<\/p>\n<p><strong>A. PR\u00c9SENTATION DES DROITS DE L&rsquo;UTILISATEUR EN MATI\u00c8RE DE COLLECTE ET TRAITEMENT DE DONN\u00c9ES<\/strong><\/p>\n<p><strong>a. Droit d&rsquo;acc\u00e8s, de rectification et droit \u00e0 l&rsquo;effacement<\/strong><\/p>\n<p>L&rsquo;utilisateur peut prendre connaissance, mettre \u00e0 jour, modifier ou demander la suppression des donn\u00e9es le concernant, en respectant la proc\u00e9dure ci-apr\u00e8s \u00e9nonc\u00e9e\u00a0:<br \/>\nL&rsquo;utilisateur doit envoyer un e-mail au responsable du traitement des donn\u00e9es personnelles, en pr\u00e9cisant l&rsquo;objet de sa demande, \u00e0 l&rsquo;adresse e-mail suivante\u00a0: communication@adapei64.fr<br \/>\nS&rsquo;il en poss\u00e8de un, l&rsquo;utilisateur a le droit de demander la suppression de son espace personnel en suivant la proc\u00e9dure suivante\u00a0:<br \/>\nL&rsquo;utilisateur doit envoyer un e-mail au responsable du traitement des donn\u00e9es personnelles, en pr\u00e9cisant l&rsquo;objet de sa demande, \u00e0 l&rsquo;adresse e-mail suivante\u00a0: communication@adapei64.fr<\/p>\n<p><strong>b. Droit \u00e0 la portabilit\u00e9 des donn\u00e9es<\/strong><\/p>\n<p>L&rsquo;utilisateur a le droit de demander la portabilit\u00e9 de ses donn\u00e9es personnelles, d\u00e9tenues par le site, vers un autre site, en se conformant \u00e0 la proc\u00e9dure ci-apr\u00e8s\u00a0:<br \/>\nL&rsquo;utilisateur doit envoyer un e-mail au responsable du traitement des donn\u00e9es personnelles, en pr\u00e9cisant l&rsquo;objet de sa demande, \u00e0 l&rsquo;adresse e-mail suivante\u00a0: communication@adapei64.fr<\/p>\n<p><strong>c. Droit \u00e0 la limitation et \u00e0 l&rsquo;opposition du traitement des donn\u00e9es<\/strong><\/p>\n<p>L&rsquo;utilisateur a le droit de demander la limitation ou de s&rsquo;opposer au traitement de ses donn\u00e9es par le site, sans que le site ne puisse refuser, sauf \u00e0 d\u00e9montrer l&rsquo;existence de motifs l\u00e9gitimes et imp\u00e9rieux, pouvant pr\u00e9valoir sur les int\u00e9r\u00eats et les droits et libert\u00e9s de l&rsquo;utilisateur.<br \/>\nAfin de demander la limitation du traitement de ses donn\u00e9es ou de formuler une opposition au traitement de ses donn\u00e9es, l&rsquo;utilisateur doit suivre la proc\u00e9dure suivante\u00a0:<br \/>\nL&rsquo;utilisateur doit envoyer un e-mail au responsable du traitement des donn\u00e9es personnelles, en pr\u00e9cisant l&rsquo;objet de sa demande, \u00e0 l&rsquo;adresse e-mail suivante\u00a0: communication@adapei64.fr<\/p>\n<p><strong>d. Droit de ne pas faire l&rsquo;objet d&rsquo;une d\u00e9cision fond\u00e9e exclusivement sur un proc\u00e9d\u00e9 automatis\u00e9<\/strong><\/p>\n<p>Conform\u00e9ment aux dispositions du r\u00e8glement 2016\/679, l&rsquo;utilisateur a le droit de ne pas faire l&rsquo;objet d&rsquo;une d\u00e9cision fond\u00e9e exclusivement sur un proc\u00e9d\u00e9 automatis\u00e9 si la d\u00e9cision produit des effets juridiques le concernant, ou l&rsquo;affecte de mani\u00e8re significative de fa\u00e7on similaire.<\/p>\n<p><strong>e. Droit de d\u00e9terminer le sort des donn\u00e9es apr\u00e8s la mort<\/strong><\/p>\n<p>Il est rappel\u00e9 \u00e0 l&rsquo;utilisateur qu&rsquo;il peut organiser quel doit \u00eatre le devenir de ses donn\u00e9es collect\u00e9es et trait\u00e9es s&rsquo;il d\u00e9c\u00e8de, conform\u00e9ment \u00e0 la loi n\u00b02016-1321 du 7 octobre 2016.<\/p>\n<p><strong>f. Droit de saisir l&rsquo;autorit\u00e9 de contr\u00f4le comp\u00e9tente<\/strong><\/p>\n<p>Dans le cas o\u00f9 le responsable du traitement des donn\u00e9es d\u00e9cide de ne pas r\u00e9pondre \u00e0 la demande de l&rsquo;utilisateur, et que l&rsquo;utilisateur souhaite contester cette d\u00e9cision, ou, s&rsquo;il pense qu&rsquo;il est port\u00e9 atteinte \u00e0 l&rsquo;un des droits \u00e9num\u00e9r\u00e9s ci-dessus, il est en droit de saisir la CNIL (Commission Nationale de l&rsquo;Informatique et des Libert\u00e9s, https:\/\/www.cnil.fr) ou tout juge comp\u00e9tent.<\/p>\n<p>&nbsp;<\/p>\n<h3>ARTICLE 6\u00a0: UTILISATION DES FICHIERS \u00ab\u00a0COOKIES\u00a0\u00bb<\/h3>\n<p>Le site a \u00e9ventuellement recours aux techniques de \u00ab\u00a0cookies\u00a0\u00bb.<br \/>\nUn \u00ab\u00a0cookie\u00a0\u00bb est un fichier de petite taille (moins de 4 ko), stock\u00e9 par le site sur le disque dur de l&rsquo;utilisateur, contenant des informations relatives aux habitudes de navigation de l&rsquo;utilisateur.<br \/>\nCes fichiers lui permettent de traiter des statistiques et des informations sur le trafic, de faciliter la navigation et d&rsquo;am\u00e9liorer le service pour le confort de l&rsquo;utilisateur.<br \/>\nPour l&rsquo;utilisation de fichiers \u00ab\u00a0cookies\u00a0\u00bb impliquant la sauvegarde et l&rsquo;analyse de donn\u00e9es \u00e0 caract\u00e8re personnel, le consentement de l&rsquo;utilisateur est n\u00e9cessairement demand\u00e9.<br \/>\nCe consentement de l&rsquo;utilisateur est consid\u00e9r\u00e9 comme valide pour une dur\u00e9e de 6 (six) mois maximum. A l&rsquo;issue de cette p\u00e9riode, le site demandera \u00e0 nouveau l&rsquo;autorisation de l&rsquo;utilisateur pour enregistrer des fichiers \u00ab\u00a0cookies\u00a0\u00bb sur son disque dur.<\/p>\n<p><strong>a. Opposition de l&rsquo;utilisateur \u00e0 l&rsquo;utilisation de fichiers \u00ab\u00a0cookies\u00a0\u00bb par le site<\/strong><\/p>\n<p>Les cookies non essentiels au fonctionnement du site ne sont d\u00e9pos\u00e9s sur le terminal de l&rsquo;utilisateur qu&rsquo;apr\u00e8s avoir obtenu son consentement. L&rsquo;utilisateur peut retirer son consentement \u00e0 tout moment, de la mani\u00e8re suivante\u00a0:<br \/>\nVeuillez cliquer sur le bouton \u00ab\u00a0retirer le consentement\u00a0\u00bb.<br \/>\nDe mani\u00e8re plus g\u00e9n\u00e9rale, il est port\u00e9 \u00e0 la connaissance de l&rsquo;utilisateur qu&rsquo;il peut s&rsquo;opposer \u00e0 l&rsquo;enregistrement de ces fichiers \u00ab\u00a0cookies\u00a0\u00bb en configurant son logiciel de navigation.<br \/>\nPour information, l&rsquo;utilisateur peut trouver aux adresses suivantes les d\u00e9marches \u00e0 suivre afin de configurer son logiciel de navigation pour s&rsquo;opposer \u00e0 l&rsquo;enregistrement des fichiers \u00ab\u00a0cookies\u00a0\u00bb\u00a0:<\/p>\n<ul>\n<li>\u00a0Chrome\u00a0:\u00a0<a href=\"https:\/\/support.google.com\/accounts\/answer\/61416?hl=fr\" target=\"_blank\" rel=\"noopener\">https:\/\/support.google.com\/accounts\/answer\/61416?hl=fr<\/a><\/li>\n<li>\u00a0Firefox\u00a0:\u00a0<a href=\"https:\/\/support.mozilla.org\/fr\/kb\/enable-and-disable-cookies-website-preferences\" target=\"_blank\" rel=\"noopener\">https:\/\/support.mozilla.org\/fr\/kb\/enable-and-disable-cookies-website-preferences<\/a><\/li>\n<li>\u00a0Safari\u00a0:\u00a0<a href=\"http:\/\/www.apple.com\/legal\/privacy\/fr-ww\/\" target=\"_blank\" rel=\"noopener\">http:\/\/www.apple.com\/legal\/privacy\/fr-ww\/<\/a><\/li>\n<li>\u00a0Internet Explorer\u00a0:\u00a0<a href=\"https:\/\/support.microsoft.com\/fr-fr\/help\/17442\/windows-internet-explorer-delete-manage-cookies\" target=\"_blank\" rel=\"noopener\">https:\/\/support.microsoft.com\/fr-fr\/help\/17442\/windows-internet-explorer-delete-manage-cookies<\/a><\/li>\n<li>\u00a0Opera\u00a0:\u00a0<a href=\"http:\/\/www.opera.com\/help\/tutorials\/security\/cookies\/\" target=\"_blank\" rel=\"noopener\">http:\/\/www.opera.com\/help\/tutorials\/security\/cookies\/<\/a><\/li>\n<\/ul>\n<p>Dans le cas o\u00f9 l&rsquo;utilisateur d\u00e9cide de d\u00e9sactiver les fichiers \u00ab\u00a0cookies\u00a0\u00bb, il pourra poursuivre sa navigation sur le site. Toutefois, tout dysfonctionnement du site provoqu\u00e9 par cette manipulation ne pourrait \u00eatre consid\u00e9r\u00e9 comme \u00e9tant du fait de l&rsquo;\u00e9diteur du site.<\/p>\n<p><strong>b. Description des fichiers \u00ab\u00a0cookies\u00a0\u00bb utilis\u00e9s par le site<\/strong><\/p>\n<p>L&rsquo;\u00e9diteur du site attire l&rsquo;attention de l&rsquo;utilisateur sur le fait que les cookies suivants sont utilis\u00e9s lors de sa navigation\u00a0:<br \/>\nCookie\u00a0: Google analytics<br \/>\nFinalit\u00e9\u00a0: analyse des habitudes de navigation<\/p>\n<p><strong>c. Modification des pr\u00e9f\u00e9rences d&rsquo;utilisation des cookies<\/strong><\/p>\n<p>Vous pouvez \u00e0 tout moment changer vos pr\u00e9f\u00e9rences li\u00e9es aux Cookies, en suivant le lien suivant : <a class=\"wt-cli-manage-consent-link\">G\u00e9rer mes pr\u00e9f\u00e9rences li\u00e9es aux Cookies<\/a><\/p>\n<p>&nbsp;<\/p>\n<h3>ARTICLE 7\u00a0: CONDITIONS DE MODIFICATION DE LA POLITIQUE DE CONFIDENTIALIT\u00c9<\/h3>\n<p>La pr\u00e9sente politique de confidentialit\u00e9 peut \u00eatre consult\u00e9e \u00e0 tout moment \u00e0 l&rsquo;adresse ci-apr\u00e8s indiqu\u00e9e\u00a0:\u00a0<a href=\"http:\/\/adapei64.fr\/page\/politique-de-confidentialite\" target=\"_blank\" rel=\"noopener\">http:\/\/adapei64.fr\/page\/politique-de-confidentialite<\/a><br \/>\nL&rsquo;\u00e9diteur du site se r\u00e9serve le droit de la modifier afin de garantir sa conformit\u00e9 avec le droit en vigueur.<br \/>\nPar cons\u00e9quent, l&rsquo;utilisateur est invit\u00e9 \u00e0 venir consulter r\u00e9guli\u00e8rement cette politique de confidentialit\u00e9 afin de se tenir inform\u00e9 des derniers changements qui lui seront apport\u00e9s.<br \/>\nIl est port\u00e9 \u00e0 la connaissance de l&rsquo;utilisateur que la derni\u00e8re mise \u00e0 jour de la pr\u00e9sente politique de confidentialit\u00e9 est intervenue le\u00a0: 04\/01\/2021.<\/p>\n<\/div>\n","protected":false},"excerpt":{"rendered":"<p>Qui sommes-nous\u00a0? L\u2019Association D\u00e9partementale des Parents et Amis de Personnes Handicap\u00e9es Mentales (Adapei) des Pyr\u00e9n\u00e9es-Atlantiques a \u00e9t\u00e9 fond\u00e9e en 1962 pour r\u00e9pondre aux attentes des familles ayant un enfant d\u00e9ficient intellectuel. \u200bPr\u00e9sidente : CAVRET Anne Marie, Directeur g\u00e9n\u00e9ral : LALANNE Fran\u00e7ois Si\u00e8ge de l&rsquo;association : Adapei des Pyr\u00e9n\u00e9es-Atlantiques BP 80123 105 avenue des Lilas 64001&hellip; <a class=\"continue\" href=\"https:\/\/www.adapei64.fr\/site\/60ans\/politique-de-confidentialite\/\">Lire :<span> Politique de confidentialit\u00e9<\/span><\/a><\/p>\n","protected":false},"author":1,"featured_media":3953,"parent":0,"menu_order":13,"comment_status":"closed","ping_status":"closed","template":"","meta":{"footnotes":""},"class_list":["post-3","page","type-page","status-publish","has-post-thumbnail","hentry"],"distributor_meta":false,"distributor_terms":false,"distributor_media":false,"distributor_original_site_name":"60 ans de l&#039;Adapei des P.A. - Un anniversaire, un festival","distributor_original_site_url":"https:\/\/www.adapei64.fr\/site\/60ans","push-errors":false,"_links":{"self":[{"href":"https:\/\/www.adapei64.fr\/site\/60ans\/wp-json\/wp\/v2\/pages\/3","targetHints":{"allow":["GET"]}}],"collection":[{"href":"https:\/\/www.adapei64.fr\/site\/60ans\/wp-json\/wp\/v2\/pages"}],"about":[{"href":"https:\/\/www.adapei64.fr\/site\/60ans\/wp-json\/wp\/v2\/types\/page"}],"author":[{"embeddable":true,"href":"https:\/\/www.adapei64.fr\/site\/60ans\/wp-json\/wp\/v2\/users\/1"}],"replies":[{"embeddable":true,"href":"https:\/\/www.adapei64.fr\/site\/60ans\/wp-json\/wp\/v2\/comments?post=3"}],"version-history":[{"count":4,"href":"https:\/\/www.adapei64.fr\/site\/60ans\/wp-json\/wp\/v2\/pages\/3\/revisions"}],"predecessor-version":[{"id":9306,"href":"https:\/\/www.adapei64.fr\/site\/60ans\/wp-json\/wp\/v2\/pages\/3\/revisions\/9306"}],"wp:featuredmedia":[{"embeddable":true,"href":"https:\/\/www.adapei64.fr\/site\/60ans\/wp-json\/wp\/v2\/media\/3953"}],"wp:attachment":[{"href":"https:\/\/www.adapei64.fr\/site\/60ans\/wp-json\/wp\/v2\/media?parent=3"}],"curies":[{"name":"wp","href":"https:\/\/api.w.org\/{rel}","templated":true}]}}