{"id":456,"date":"2015-07-29T13:44:44","date_gmt":"2015-07-29T13:44:44","guid":{"rendered":"https:\/\/zakra-agency.sites.qsandbox.com\/?page_id=4"},"modified":"2022-07-04T09:55:26","modified_gmt":"2022-07-04T07:55:26","slug":"home","status":"publish","type":"page","link":"https:\/\/www.adapei64.fr\/site\/60ans\/","title":{"rendered":"Accueil"},"content":{"rendered":"\t\t<div data-elementor-type=\"wp-page\" data-elementor-id=\"456\" class=\"elementor elementor-456\">\n\t\t\t\t\t\t<div class=\"has_eae_slider elementor-section elementor-top-section elementor-element elementor-element-27c849a elementor-section-full_width zone_accueil elementor-section-height-default elementor-section-height-default\" data-eae-slider=\"14956\" data-id=\"27c849a\" data-element_type=\"section\" data-e-type=\"section\" data-settings=\"{&quot;background_background&quot;:&quot;classic&quot;}\">\n\t\t\t\t\t\t<div class=\"elementor-container elementor-column-gap-no\">\n\t\t\t\t\t<div class=\"has_eae_slider elementor-column elementor-col-50 elementor-top-column elementor-element elementor-element-4a6e1f8\" data-eae-slider=\"85002\" data-id=\"4a6e1f8\" data-element_type=\"column\" data-e-type=\"column\">\n\t\t\t<div class=\"elementor-widget-wrap elementor-element-populated\">\n\t\t\t\t\t\t\t<\/div>\n\t\t<\/div>\n\t\t\t\t<div class=\"has_eae_slider elementor-column elementor-col-50 elementor-top-column elementor-element elementor-element-3cc61b5\" data-eae-slider=\"3430\" data-id=\"3cc61b5\" data-element_type=\"column\" data-e-type=\"column\" data-settings=\"{&quot;background_background&quot;:&quot;classic&quot;}\">\n\t\t\t<div class=\"elementor-widget-wrap elementor-element-populated\">\n\t\t\t\t\t\t<div class=\"elementor-element elementor-element-4409022 elementor-widget elementor-widget-image-box\" data-id=\"4409022\" data-element_type=\"widget\" data-e-type=\"widget\" data-widget_type=\"image-box.default\">\n\t\t\t\t<div class=\"elementor-widget-container\">\n\t\t\t\t\t<div class=\"elementor-image-box-wrapper\"><div class=\"elementor-image-box-content\"><p class=\"elementor-image-box-description\"><span style=\"font-size:1.2rem\">Cet \u00e9v\u00e8nement est financ\u00e9 gr\u00e2ce au <strong>m\u00e9c\u00e9nat<\/strong> et \u00e0 la <strong>vente des billets de concerts<\/strong><\/span>.<\/p><\/div><\/div>\t\t\t\t<\/div>\n\t\t\t\t<\/div>\n\t\t\t\t<div class=\"elementor-element elementor-element-54142e9 elementor-position-top elementor-widget elementor-widget-image-box\" data-id=\"54142e9\" data-element_type=\"widget\" data-e-type=\"widget\" data-widget_type=\"image-box.default\">\n\t\t\t\t<div class=\"elementor-widget-container\">\n\t\t\t\t\t<div class=\"elementor-image-box-wrapper\"><figure class=\"elementor-image-box-img\"><a href=\"https:\/\/www.adapei64.fr\/site\/\" tabindex=\"-1\"><img decoding=\"async\" src=\"https:\/\/www.adapei64.fr\/site\/60ans\/wp-content\/uploads\/sites\/9\/2021\/07\/infos.svg\" class=\"elementor-animation-grow attachment-full size-full wp-image-2127\" alt=\"Icone &quot;Infos&quot;\" \/><\/a><\/figure><div class=\"elementor-image-box-content\"><h3 class=\"elementor-image-box-title\"><a href=\"https:\/\/www.adapei64.fr\/site\/\">En savoir plus sur l'Adapei<\/a><\/h3><\/div><\/div>\t\t\t\t<\/div>\n\t\t\t\t<\/div>\n\t\t\t\t<div class=\"elementor-element elementor-element-93febd7 elementor-position-top elementor-widget elementor-widget-image-box\" data-id=\"93febd7\" data-element_type=\"widget\" data-e-type=\"widget\" data-widget_type=\"image-box.default\">\n\t\t\t\t<div class=\"elementor-widget-container\">\n\t\t\t\t\t<div class=\"elementor-image-box-wrapper\"><figure class=\"elementor-image-box-img\"><a href=\"https:\/\/www.adapei64.fr\/site\/60ans\/nous-soutenir\/\" tabindex=\"-1\"><img fetchpriority=\"high\" decoding=\"async\" width=\"256\" height=\"256\" src=\"https:\/\/www.adapei64.fr\/site\/60ans\/wp-content\/uploads\/sites\/9\/2022\/05\/partenaire-bleu.png\" class=\"elementor-animation-grow attachment-full size-full wp-image-11062\" alt=\"\" \/><\/a><\/figure><div class=\"elementor-image-box-content\"><h3 class=\"elementor-image-box-title\"><a href=\"https:\/\/www.adapei64.fr\/site\/60ans\/nous-soutenir\/\">Nous soutenir<\/a><\/h3><p class=\"elementor-image-box-description\">Faites de cette manifestation une r\u00e9ussite et apportez votre soutien \u00e0 l\u2019association.<\/p><\/div><\/div>\t\t\t\t<\/div>\n\t\t\t\t<\/div>\n\t\t\t\t<div class=\"elementor-element elementor-element-5767e26 elementor-position-top elementor-widget elementor-widget-image-box\" data-id=\"5767e26\" data-element_type=\"widget\" data-e-type=\"widget\" data-widget_type=\"image-box.default\">\n\t\t\t\t<div class=\"elementor-widget-container\">\n\t\t\t\t\t<div class=\"elementor-image-box-wrapper\"><figure class=\"elementor-image-box-img\"><a href=\"#\" tabindex=\"-1\"><img decoding=\"async\" width=\"482\" height=\"482\" src=\"https:\/\/www.adapei64.fr\/site\/60ans\/wp-content\/uploads\/sites\/9\/2022\/02\/actus.png\" class=\"elementor-animation-grow attachment-full size-full wp-image-9622\" alt=\"Icone actualit\u00e9s\" \/><\/a><\/figure><div class=\"elementor-image-box-content\"><h3 class=\"elementor-image-box-title\"><a href=\"#\">Espace presse<\/a><\/h3><\/div><\/div>\t\t\t\t<\/div>\n\t\t\t\t<\/div>\n\t\t\t\t\t<\/div>\n\t\t<\/div>\n\t\t\t\t\t<\/div>\n\t\t<\/div>\n\t\t\t\t<section class=\"has_eae_slider elementor-section elementor-top-section elementor-element elementor-element-71f70e6 elementor-section-full_width elementor-section-height-default elementor-section-height-default\" data-eae-slider=\"6324\" data-id=\"71f70e6\" data-element_type=\"section\" data-e-type=\"section\" id=\"contenu\">\n\t\t\t\t\t\t<div class=\"elementor-container elementor-column-gap-wide\">\n\t\t\t\t\t<div class=\"has_eae_slider elementor-column elementor-col-100 elementor-top-column elementor-element elementor-element-4994c8c\" data-eae-slider=\"27629\" data-id=\"4994c8c\" data-element_type=\"column\" data-e-type=\"column\">\n\t\t\t<div class=\"elementor-widget-wrap elementor-element-populated\">\n\t\t\t\t\t\t<div class=\"elementor-element elementor-element-3e17522 elementor-widget elementor-widget-heading\" data-id=\"3e17522\" data-element_type=\"widget\" data-e-type=\"widget\" data-widget_type=\"heading.default\">\n\t\t\t\t<div class=\"elementor-widget-container\">\n\t\t\t\t\t<h2 class=\"elementor-heading-title elementor-size-default\">Actualit\u00e9s<\/h2>\t\t\t\t<\/div>\n\t\t\t\t<\/div>\n\t\t\t\t\t<\/div>\n\t\t<\/div>\n\t\t\t\t\t<\/div>\n\t\t<\/section>\n\t\t\t\t<section class=\"has_eae_slider elementor-section elementor-top-section elementor-element elementor-element-dd6929f elementor-section-full_width fd-couleur elementor-section-height-default elementor-section-height-default\" data-eae-slider=\"82603\" data-id=\"dd6929f\" data-element_type=\"section\" data-e-type=\"section\" data-settings=\"{&quot;background_background&quot;:&quot;gradient&quot;}\">\n\t\t\t\t\t\t<div class=\"elementor-container elementor-column-gap-wide\">\n\t\t\t\t\t<div class=\"has_eae_slider elementor-column elementor-col-100 elementor-top-column elementor-element elementor-element-4253fe0\" data-eae-slider=\"63349\" data-id=\"4253fe0\" data-element_type=\"column\" data-e-type=\"column\">\n\t\t\t<div class=\"elementor-widget-wrap elementor-element-populated\">\n\t\t\t\t\t\t<div class=\"elementor-element elementor-element-61fce0b elementor-widget elementor-widget-heading\" data-id=\"61fce0b\" data-element_type=\"widget\" data-e-type=\"widget\" data-widget_type=\"heading.default\">\n\t\t\t\t<div class=\"elementor-widget-container\">\n\t\t\t\t\t<h2 class=\"elementor-heading-title elementor-size-default\">L'Adapei des Pyr\u00e9n\u00e9es-Atlantiques<\/h2>\t\t\t\t<\/div>\n\t\t\t\t<\/div>\n\t\t\t\t<div class=\"elementor-element elementor-element-9228ee9 elementor-widget elementor-widget-text-editor\" data-id=\"9228ee9\" data-element_type=\"widget\" data-e-type=\"widget\" data-widget_type=\"text-editor.default\">\n\t\t\t\t<div class=\"elementor-widget-container\">\n\t\t\t\t\t\t\t\t\t<p style=\"font-size: 16px; font-style: normal; font-weight: 400;\">L\u2019Association D\u00e9partementale des Parents et Amis de Personnes Handicap\u00e9es Mentales (Adapei) des Pyr\u00e9n\u00e9es-Atlantiques a \u00e9t\u00e9 fond\u00e9e en 1962 pour r\u00e9pondre aux attentes des familles ayant un enfant d\u00e9ficient intellectuel. Depuis 58 ans, les parents et amis, membres de l\u2019association, aid\u00e9s par des professionnels, ont men\u00e9 un combat sans rel\u00e2che pour cr\u00e9er des structures adapt\u00e9es \u00e0 l\u2019accueil de ces personnes.<\/p><p style=\"font-size: 16px; font-style: normal; font-weight: 400;\">Ainsi, l\u2019association dispose \u00e0 ce jour de 40 \u00e9tablissements et services couvrant toutes les tranches d\u2019\u00e2ge et tous les degr\u00e9s de handicap. Ces \u00e9tablissements, r\u00e9partis sur l\u2019ensemble du B\u00e9arn, accueillent plus de 1800 personnes handicap\u00e9es et fonctionnent gr\u00e2ce au concours efficace de pr\u00e8s de 1000\u00a0 salari\u00e9s qualifi\u00e9s.<\/p>\t\t\t\t\t\t\t\t<\/div>\n\t\t\t\t<\/div>\n\t\t\t\t<section class=\"has_eae_slider elementor-section elementor-inner-section elementor-element elementor-element-3669ac7 elementor-section-full_width elementor-section-height-default elementor-section-height-default\" data-eae-slider=\"65522\" data-id=\"3669ac7\" data-element_type=\"section\" data-e-type=\"section\">\n\t\t\t\t\t\t<div class=\"elementor-container elementor-column-gap-default\">\n\t\t\t\t\t<div class=\"has_eae_slider elementor-column elementor-col-50 elementor-inner-column elementor-element elementor-element-c1fc0d9\" data-eae-slider=\"67327\" data-id=\"c1fc0d9\" data-element_type=\"column\" data-e-type=\"column\">\n\t\t\t<div class=\"elementor-widget-wrap elementor-element-populated\">\n\t\t\t\t\t\t<div class=\"elementor-element elementor-element-efc94eb elementor-widget elementor-widget-heading\" data-id=\"efc94eb\" data-element_type=\"widget\" data-e-type=\"widget\" data-widget_type=\"heading.default\">\n\t\t\t\t<div class=\"elementor-widget-container\">\n\t\t\t\t\t<h3 class=\"elementor-heading-title elementor-size-default\">Notre projet associatif<\/h3>\t\t\t\t<\/div>\n\t\t\t\t<\/div>\n\t\t\t\t<div class=\"elementor-element elementor-element-e0536f3 elementor-invisible elementor-widget elementor-widget-image\" data-id=\"e0536f3\" data-element_type=\"widget\" data-e-type=\"widget\" data-settings=\"{&quot;_animation&quot;:&quot;slideInLeft&quot;}\" data-widget_type=\"image.default\">\n\t\t\t\t<div class=\"elementor-widget-container\">\n\t\t\t\t\t\t\t\t\t\t\t\t\t\t\t\t<a href=\"http:\/\/adapei64.fr\/site\/projet-associatif-2021-2025\/\">\n\t\t\t\t\t\t\t<img decoding=\"async\" width=\"975\" height=\"975\" src=\"https:\/\/www.adapei64.fr\/site\/60ans\/wp-content\/uploads\/sites\/9\/2020\/11\/ProjetAsso2.png\" class=\"elementor-animation-shrink attachment-large size-large wp-image-643\" alt=\"Projet associatif 2021-2025\" srcset=\"https:\/\/www.adapei64.fr\/site\/60ans\/wp-content\/uploads\/sites\/9\/2020\/11\/ProjetAsso2.png 975w, https:\/\/www.adapei64.fr\/site\/60ans\/wp-content\/uploads\/sites\/9\/2020\/11\/ProjetAsso2-600x600.png 600w, https:\/\/www.adapei64.fr\/site\/60ans\/wp-content\/uploads\/sites\/9\/2020\/11\/ProjetAsso2-768x768.png 768w\" sizes=\"(max-width: 975px) 100vw, 975px\" \/>\t\t\t\t\t\t\t\t<\/a>\n\t\t\t\t\t\t\t\t\t\t\t\t\t\t\t<\/div>\n\t\t\t\t<\/div>\n\t\t\t\t\t<\/div>\n\t\t<\/div>\n\t\t\t\t<div class=\"has_eae_slider elementor-column elementor-col-50 elementor-inner-column elementor-element elementor-element-f863461\" data-eae-slider=\"77148\" data-id=\"f863461\" data-element_type=\"column\" data-e-type=\"column\">\n\t\t\t<div class=\"elementor-widget-wrap elementor-element-populated\">\n\t\t\t\t\t\t<div class=\"elementor-element elementor-element-bf371e3 elementor-widget elementor-widget-heading\" data-id=\"bf371e3\" data-element_type=\"widget\" data-e-type=\"widget\" data-widget_type=\"heading.default\">\n\t\t\t\t<div class=\"elementor-widget-container\">\n\t\t\t\t\t<h3 class=\"elementor-heading-title elementor-size-default\">Nos valeurs<\/h3>\t\t\t\t<\/div>\n\t\t\t\t<\/div>\n\t\t\t\t<div class=\"elementor-element elementor-element-3b8562a elementor-widget elementor-widget-text-editor\" data-id=\"3b8562a\" data-element_type=\"widget\" data-e-type=\"widget\" data-widget_type=\"text-editor.default\">\n\t\t\t\t<div class=\"elementor-widget-container\">\n\t\t\t\t\t\t\t\t\t<ul><li><span style=\"font-weight: bold;\">Humanisme et tol\u00e9rance<\/span><br \/><br \/><\/li><li>\u00a0<span style=\"font-weight: bold;\">Respect et dignit\u00e9<\/span><br \/><br \/><\/li><li>\u00a0<span style=\"font-weight: bold;\">Esth\u00e9tisme et s\u00e9curit\u00e9 du cadre de vie<\/span><br \/><br \/><\/li><li>\u00a0<span style=\"font-weight: bold;\">Exemplarit\u00e9 et transmission<\/span><br \/><br \/><\/li><li>\u00a0<span style=\"font-weight: bold;\">Valorisation de la personne et de ses potentiels<\/span><br \/><br \/><\/li><li>\u00a0<span style=\"font-weight: bold;\">Solidarit\u00e9 vis-\u00e0-vis des familles et des personnes accompagn\u00e9es<\/span><br \/><span style=\"font-weight: bold;\"><br \/><\/span><\/li><li><span style=\"font-weight: bold;\">\u00a0Citoyennet\u00e9 et accessibilit\u00e9<\/span><br \/><br \/><\/li><li><span style=\"font-weight: bold;\">Autod\u00e9termination et prise de risque<\/span><br \/><br \/><\/li><\/ul>\t\t\t\t\t\t\t\t<\/div>\n\t\t\t\t<\/div>\n\t\t\t\t\t<\/div>\n\t\t<\/div>\n\t\t\t\t\t<\/div>\n\t\t<\/section>\n\t\t\t\t<section class=\"has_eae_slider elementor-section elementor-inner-section elementor-element elementor-element-13f7b49 elementor-section-full_width elementor-section-height-default elementor-section-height-default\" data-eae-slider=\"57100\" data-id=\"13f7b49\" data-element_type=\"section\" data-e-type=\"section\">\n\t\t\t\t\t\t<div class=\"elementor-container elementor-column-gap-default\">\n\t\t\t\t\t<div class=\"has_eae_slider elementor-column elementor-col-50 elementor-inner-column elementor-element elementor-element-49bd872\" data-eae-slider=\"8533\" data-id=\"49bd872\" data-element_type=\"column\" data-e-type=\"column\">\n\t\t\t<div class=\"elementor-widget-wrap elementor-element-populated\">\n\t\t\t\t\t\t<div class=\"elementor-element elementor-element-558a692 elementor-widget elementor-widget-heading\" data-id=\"558a692\" data-element_type=\"widget\" data-e-type=\"widget\" data-widget_type=\"heading.default\">\n\t\t\t\t<div class=\"elementor-widget-container\">\n\t\t\t\t\t<h3 class=\"elementor-heading-title elementor-size-default\">Nos principes<\/h3>\t\t\t\t<\/div>\n\t\t\t\t<\/div>\n\t\t\t\t<div class=\"elementor-element elementor-element-3217f66 elementor-widget elementor-widget-text-editor\" data-id=\"3217f66\" data-element_type=\"widget\" data-e-type=\"widget\" data-widget_type=\"text-editor.default\">\n\t\t\t\t<div class=\"elementor-widget-container\">\n\t\t\t\t\t\t\t\t\t<ul><li><span style=\"font-weight: 700;\">Principe d\u2019apprenance<\/span><br><br><\/li><li><span style=\"font-weight: 700;\">Principe de proximit\u00e9&nbsp;<\/span><br><br><\/li><li><span style=\"font-weight: 700;\">Principe de partage et d\u2019\u00e9coute&nbsp;<\/span><br><br><\/li><li><span style=\"font-weight: 700;\">Principe de transparence et de responsabilit\u00e9<\/span><br><br><\/li><li><span style=\"font-weight: 700;\">Principe d\u2019innovation<\/span><br><br><\/li><li><span style=\"font-weight: 700;\">Principe de coop\u00e9ration&nbsp;<\/span><\/li><\/ul>\t\t\t\t\t\t\t\t<\/div>\n\t\t\t\t<\/div>\n\t\t\t\t\t<\/div>\n\t\t<\/div>\n\t\t\t\t<div class=\"has_eae_slider elementor-column elementor-col-50 elementor-inner-column elementor-element elementor-element-9c1c19d\" data-eae-slider=\"61407\" data-id=\"9c1c19d\" data-element_type=\"column\" data-e-type=\"column\">\n\t\t\t<div class=\"elementor-widget-wrap elementor-element-populated\">\n\t\t\t\t\t\t<div class=\"elementor-element elementor-element-3c867b3 elementor-widget elementor-widget-heading\" data-id=\"3c867b3\" data-element_type=\"widget\" data-e-type=\"widget\" data-widget_type=\"heading.default\">\n\t\t\t\t<div class=\"elementor-widget-container\">\n\t\t\t\t\t<h3 class=\"elementor-heading-title elementor-size-default\">Nos missions<\/h3>\t\t\t\t<\/div>\n\t\t\t\t<\/div>\n\t\t\t\t<div class=\"elementor-element elementor-element-1f910ba elementor-widget elementor-widget-text-editor\" data-id=\"1f910ba\" data-element_type=\"widget\" data-e-type=\"widget\" data-widget_type=\"text-editor.default\">\n\t\t\t\t<div class=\"elementor-widget-container\">\n\t\t\t\t\t\t\t\t\t<ul><li>Sensibilisation du public au handicap<\/li><li>Repr\u00e9sentation et d\u00e9fense des droits des personnes en situation de handicap et de leurs familles<\/li><li>D\u00e9veloppement des actions de \u00ab\u00a0lobbying\u00a0\u00bb pour promouvoir la pleine citoyennet\u00e9 des personnes en situation de handicap<\/li><li>Participation aux r\u00e9flexions et d\u00e9cisions politiques du secteur m\u00e9dico-social et de la sant\u00e9 au sens de la d\u00e9finition de l\u2019OMS<\/li><li>Accompagnement des personnes en situation de handicap.<\/li><li>Aide et soutien aux familles.<\/li><li>D\u00e9veloppement de r\u00e9seaux<\/li><li>Gestion des \u00e9tablissements et services<\/li><li>Recherche d\u2019innovation et de performance\u00a0<\/li><\/ul>\t\t\t\t\t\t\t\t<\/div>\n\t\t\t\t<\/div>\n\t\t\t\t\t<\/div>\n\t\t<\/div>\n\t\t\t\t\t<\/div>\n\t\t<\/section>\n\t\t\t\t\t<\/div>\n\t\t<\/div>\n\t\t\t\t\t<\/div>\n\t\t<\/section>\n\t\t\t\t<section class=\"has_eae_slider elementor-section elementor-top-section elementor-element elementor-element-d920f67 elementor-section-boxed elementor-section-height-default elementor-section-height-default\" data-eae-slider=\"96275\" data-id=\"d920f67\" data-element_type=\"section\" data-e-type=\"section\" data-settings=\"{&quot;background_background&quot;:&quot;classic&quot;}\">\n\t\t\t\t\t\t<div class=\"elementor-container elementor-column-gap-no\">\n\t\t\t\t\t<div class=\"has_eae_slider elementor-column elementor-col-33 elementor-top-column elementor-element elementor-element-f38b82f\" data-eae-slider=\"93412\" data-id=\"f38b82f\" data-element_type=\"column\" data-e-type=\"column\">\n\t\t\t<div class=\"elementor-widget-wrap elementor-element-populated\">\n\t\t\t\t\t\t<div class=\"elementor-element elementor-element-4adbce5 elementor-view-default elementor-widget elementor-widget-icon\" data-id=\"4adbce5\" data-element_type=\"widget\" data-e-type=\"widget\" data-widget_type=\"icon.default\">\n\t\t\t\t<div class=\"elementor-widget-container\">\n\t\t\t\t\t\t\t<div class=\"elementor-icon-wrapper\">\n\t\t\t<div class=\"elementor-icon\">\n\t\t\t<i aria-hidden=\"true\" class=\"fas fa-users\"><\/i>\t\t\t<\/div>\n\t\t<\/div>\n\t\t\t\t\t\t<\/div>\n\t\t\t\t<\/div>\n\t\t\t\t<div class=\"elementor-element elementor-element-696e9e6 elementor-widget elementor-widget-counter\" data-id=\"696e9e6\" data-element_type=\"widget\" data-e-type=\"widget\" data-widget_type=\"counter.default\">\n\t\t\t\t<div class=\"elementor-widget-container\">\n\t\t\t\t\t\t\t<div class=\"elementor-counter\">\n\t\t\t<div class=\"elementor-counter-title\">personnes accompagn\u00e9e<\/div>\t\t\t<div class=\"elementor-counter-number-wrapper\">\n\t\t\t\t<span class=\"elementor-counter-number-prefix\"><\/span>\n\t\t\t\t<span class=\"elementor-counter-number\" data-duration=\"2000\" data-to-value=\"1800\" data-from-value=\"0\">0<\/span>\n\t\t\t\t<span class=\"elementor-counter-number-suffix\"><\/span>\n\t\t\t<\/div>\n\t\t<\/div>\n\t\t\t\t\t\t<\/div>\n\t\t\t\t<\/div>\n\t\t\t\t\t<\/div>\n\t\t<\/div>\n\t\t\t\t<div class=\"has_eae_slider elementor-column elementor-col-33 elementor-top-column elementor-element elementor-element-3e07759\" data-eae-slider=\"88614\" data-id=\"3e07759\" data-element_type=\"column\" data-e-type=\"column\">\n\t\t\t<div class=\"elementor-widget-wrap elementor-element-populated\">\n\t\t\t\t\t\t<div class=\"elementor-element elementor-element-f19f595 elementor-view-default elementor-widget elementor-widget-icon\" data-id=\"f19f595\" data-element_type=\"widget\" data-e-type=\"widget\" data-widget_type=\"icon.default\">\n\t\t\t\t<div class=\"elementor-widget-container\">\n\t\t\t\t\t\t\t<div class=\"elementor-icon-wrapper\">\n\t\t\t<div class=\"elementor-icon\">\n\t\t\t<i aria-hidden=\"true\" class=\"teenyicon ti-house\"><\/i>\t\t\t<\/div>\n\t\t<\/div>\n\t\t\t\t\t\t<\/div>\n\t\t\t\t<\/div>\n\t\t\t\t<div class=\"elementor-element elementor-element-9293cfa elementor-widget elementor-widget-counter\" data-id=\"9293cfa\" data-element_type=\"widget\" data-e-type=\"widget\" data-widget_type=\"counter.default\">\n\t\t\t\t<div class=\"elementor-widget-container\">\n\t\t\t\t\t\t\t<div class=\"elementor-counter\">\n\t\t\t<div class=\"elementor-counter-title\">\u00e9tablissements et services<\/div>\t\t\t<div class=\"elementor-counter-number-wrapper\">\n\t\t\t\t<span class=\"elementor-counter-number-prefix\"><\/span>\n\t\t\t\t<span class=\"elementor-counter-number\" data-duration=\"2000\" data-to-value=\"40\" data-from-value=\"0\" data-delimiter=\",\">0<\/span>\n\t\t\t\t<span class=\"elementor-counter-number-suffix\"><\/span>\n\t\t\t<\/div>\n\t\t<\/div>\n\t\t\t\t\t\t<\/div>\n\t\t\t\t<\/div>\n\t\t\t\t\t<\/div>\n\t\t<\/div>\n\t\t\t\t<div class=\"has_eae_slider elementor-column elementor-col-33 elementor-top-column elementor-element elementor-element-33fdb58\" data-eae-slider=\"27555\" data-id=\"33fdb58\" data-element_type=\"column\" data-e-type=\"column\">\n\t\t\t<div class=\"elementor-widget-wrap elementor-element-populated\">\n\t\t\t\t\t\t<div class=\"elementor-element elementor-element-b394342 elementor-view-default elementor-widget elementor-widget-icon\" data-id=\"b394342\" data-element_type=\"widget\" data-e-type=\"widget\" data-widget_type=\"icon.default\">\n\t\t\t\t<div class=\"elementor-widget-container\">\n\t\t\t\t\t\t\t<div class=\"elementor-icon-wrapper\">\n\t\t\t<div class=\"elementor-icon\">\n\t\t\t<i aria-hidden=\"true\" class=\"fas fa-users\"><\/i>\t\t\t<\/div>\n\t\t<\/div>\n\t\t\t\t\t\t<\/div>\n\t\t\t\t<\/div>\n\t\t\t\t<div class=\"elementor-element elementor-element-4b37ced elementor-widget elementor-widget-counter\" data-id=\"4b37ced\" data-element_type=\"widget\" data-e-type=\"widget\" data-widget_type=\"counter.default\">\n\t\t\t\t<div class=\"elementor-widget-container\">\n\t\t\t\t\t\t\t<div class=\"elementor-counter\">\n\t\t\t<div class=\"elementor-counter-title\">salari\u00e9s environ<\/div>\t\t\t<div class=\"elementor-counter-number-wrapper\">\n\t\t\t\t<span class=\"elementor-counter-number-prefix\"><\/span>\n\t\t\t\t<span class=\"elementor-counter-number\" data-duration=\"2000\" data-to-value=\"1000\" data-from-value=\"0\">0<\/span>\n\t\t\t\t<span class=\"elementor-counter-number-suffix\"><\/span>\n\t\t\t<\/div>\n\t\t<\/div>\n\t\t\t\t\t\t<\/div>\n\t\t\t\t<\/div>\n\t\t\t\t\t<\/div>\n\t\t<\/div>\n\t\t\t\t\t<\/div>\n\t\t<\/section>\n\t\t\t\t<\/div>\n\t\t","protected":false},"excerpt":{"rendered":"<p>Cet \u00e9v\u00e8nement est financ\u00e9 gr\u00e2ce au m\u00e9c\u00e9nat et \u00e0 la vente des billets de concerts. En savoir plus sur l&rsquo;Adapei Nous soutenir Faites de cette manifestation une r\u00e9ussite et apportez votre soutien \u00e0 l\u2019association. Espace presse Actualit\u00e9s Les T\u00eates Raides 3 mai 2022 La gen\u00e8se de Bing Bang Boum, quinzi\u00e8me album de T\u00eates Raides enjambe&hellip; <a class=\"continue\" href=\"https:\/\/www.adapei64.fr\/site\/60ans\/\">Lire :<span> Accueil<\/span><\/a><\/p>\n","protected":false},"author":1,"featured_media":0,"parent":0,"menu_order":0,"comment_status":"open","ping_status":"open","template":"page-templates\/pagebuilder.php","meta":{"footnotes":""},"class_list":["post-456","page","type-page","status-publish","hentry"],"distributor_meta":false,"distributor_terms":false,"distributor_media":false,"distributor_original_site_name":"60 ans de l&#039;Adapei des P.A. - Un anniversaire, un festival","distributor_original_site_url":"https:\/\/www.adapei64.fr\/site\/60ans","push-errors":false,"_links":{"self":[{"href":"https:\/\/www.adapei64.fr\/site\/60ans\/wp-json\/wp\/v2\/pages\/456","targetHints":{"allow":["GET"]}}],"collection":[{"href":"https:\/\/www.adapei64.fr\/site\/60ans\/wp-json\/wp\/v2\/pages"}],"about":[{"href":"https:\/\/www.adapei64.fr\/site\/60ans\/wp-json\/wp\/v2\/types\/page"}],"author":[{"embeddable":true,"href":"https:\/\/www.adapei64.fr\/site\/60ans\/wp-json\/wp\/v2\/users\/1"}],"replies":[{"embeddable":true,"href":"https:\/\/www.adapei64.fr\/site\/60ans\/wp-json\/wp\/v2\/comments?post=456"}],"version-history":[{"count":129,"href":"https:\/\/www.adapei64.fr\/site\/60ans\/wp-json\/wp\/v2\/pages\/456\/revisions"}],"predecessor-version":[{"id":11694,"href":"https:\/\/www.adapei64.fr\/site\/60ans\/wp-json\/wp\/v2\/pages\/456\/revisions\/11694"}],"wp:attachment":[{"href":"https:\/\/www.adapei64.fr\/site\/60ans\/wp-json\/wp\/v2\/media?parent=456"}],"curies":[{"name":"wp","href":"https:\/\/api.w.org\/{rel}","templated":true}]}}