{"id":758,"date":"2020-11-04T12:17:48","date_gmt":"2020-11-04T11:17:48","guid":{"rendered":"http:\/\/adapei64.fr\/wp2\/?page_id=758"},"modified":"2022-04-26T16:14:50","modified_gmt":"2022-04-26T14:14:50","slug":"accessibilite","status":"publish","type":"page","link":"https:\/\/www.adapei64.fr\/site\/60ans\/accessibilite\/","title":{"rendered":"Accessibilit\u00e9"},"content":{"rendered":"\r\n<h2 class=\"wp-block-heading\">Conseils et astuces pour naviguer plus facilement sur le site<\/h2>\r\n<h3>Liens d&rsquo;acc\u00e8s rapide<\/h3>\r\n<p>Plac\u00e9s en haut de page, <br \/>ces liens permettent d\u2019acc\u00e9der directement \u00e0 la partie recherch\u00e9e (sans avoir \u00e0 parcourir des informations non souhait\u00e9es) :<\/p>\r\n<ul>\r\n<li>\u00ab\u00a0Aller au contenu\u00a0\u00bb permet d&rsquo;aller directement au contenu de la page<\/li>\r\n<li>\u00ab\u00a0Aller \u00e0 la navigation\u00a0\u00bb permet d&rsquo;aller directement au menu<\/li>\r\n<li>\u00ab\u00a0Aller \u00e0 la recherche\u00a0\u00bb active le champ de recherche<\/li>\r\n<\/ul>\r\n<p>&nbsp;<\/p>\r\n<h3>Retour \u00e0 la page d&rsquo;accueil du site<\/h3>\r\n<p>Le logo \u00ab\u00a0Adapei des Pyr\u00e9n\u00e9es-Atlantiques\u00a0\u00bb vous permet de retourner sur la page d&rsquo;accueil.<\/p>\r\n<p>&nbsp;<\/p>\r\n<h3>Moteur de recherche<\/h3>\r\n<p>Sur l\u2019ensemble des pages, le moteur de recherche est plac\u00e9 en haut de page \u00e0 droite.<br \/>Quand vous effectuez une recherche, le moteur de recherche liste les pages du site qui correspondent le mieux \u00e0 vos attentes.<\/p>\r\n<h3><br \/>Menu et sommaire<\/h3>\r\n<p>Le menu principal en \u00ab\u00a0haut de page\u00a0\u00bb et le sommaire restent accessibles durant toute la navigation sur le site.<\/p>\r\n<p>&nbsp;<\/p>\r\n<h3>Navigation par tabulation<\/h3>\r\n<p>On peut naviguer d&rsquo;un lien \u00e0 l&rsquo;autre \u00e0 l&rsquo;aide de la touche de \u00ab\u00a0Tabulation\u00a0\u00bb.<br \/>Appuyez sur la touche \u00ab\u00a0Tab\u00a0\u00bb et r\u00e9p\u00e9tez jusqu&rsquo;\u00e0 s\u00e9lectionner le lien d\u00e9sir\u00e9, validez avec la touche \u00ab\u00a0Entr\u00e9e\u00a0\u00bb.<\/p>\r\n<h3><br \/>Navigation par titres<\/h3>\r\n<p>La plupart des technologies d&rsquo;assistance et des navigateurs facilitent la navigation par les titres. <br \/>La plupart des lecteurs d&rsquo;\u00e9cran fournissent une fonctionnalit\u00e9 pour sauter au titre suivant, par exemple :<\/p>\r\n<ul>\r\n<li>la touche \u00ab\u00a0H\u00a0\u00bb m\u00e8ne au titre suivant<\/li>\r\n<li>la touche \u00ab\u00a01\u00a0\u00bb m\u00e8ne au prochain titre de niveau 1<\/li>\r\n<li>la touche \u00ab\u00a02\u00a0\u00bb m\u00e8ne au prochain titre de niveau 2<\/li>\r\n<\/ul>\r\n<p>La combinaison des touches \u00ab\u00a0Insert\u00a0\u00bb + \u00ab\u00a0F6\u00a0\u00bb fournit une liste des titres, qui peut \u00eatre tri\u00e9e par ordre de tabulation ou par ordre alphab\u00e9tique<\/p>\r\n<h3><br \/>Mise en favori<\/h3>\r\n<p>Vous pouvez marquer n\u2019importe quelle page de ce site en favori. Pour cela, acc\u00e9dez \u00e0 la page souhait\u00e9e, puis, dans la barre de menu en haut du navigateur :<\/p>\r\n<ul>\r\n<li>sous Google Chrome\u00a0: cliquez sur Favoris &gt; Ajouter aux favoris<\/li>\r\n<li>sous Mozilla Firefox\u00a0: cliquez sur Marque-pages &gt; Marquer cette page<\/li>\r\n<li>sous Safari\u00a0: cliquez sur Signets &gt; Ajouter aux signets<\/li>\r\n<li>sous Internet explorer\u00a0: cliquez sur Favoris &gt; Ajouter aux favoris<\/li>\r\n<li>sous Op\u00e9ra\u00a0: cliquez sur Signets &gt; Signet vers la page<\/li>\r\n<\/ul>\r\n<p><br \/>Utilisateurs de claviers, appuyez simultan\u00e9ment sur les touches \u00ab\u00a0Ctrl\u00a0\u00bb + \u00ab\u00a0D\u00a0\u00bb de votre clavier si vous \u00eates sur PC, <br \/>ou sur les touches \u00ab\u00a0Cmd\u00a0\u00bb + \u00ab\u00a0D\u00a0\u00bb si vous \u00eates sous Mac.<\/p>\r\n<h3><br \/>Compatibilit\u00e9 avec les navigateurs<\/h3>\r\n<p>Ce site suit les pr\u00e9conisations faites par le W3C et est compatible HTML 5 et CSS3.<br \/>Il est donc accessible via de nombreux navigateurs :<\/p>\r\n<ul>\r\n<li>sous Windows\u00a0: Firefox, Opera, Edge, Chrome<\/li>\r\n<li>sous Mac OS X\u00a0: Firefox, Opera, Safari, Chrome<\/li>\r\n<li>sous GNU\/Linux\u00a0: Firefox, Opera, Chromium<\/li>\r\n<\/ul>\r\n<h3><br \/>Compatibilit\u00e9 avec les diff\u00e9rents types d&rsquo;\u00e9cran<\/h3>\r\n<p>Le site tout entier a \u00e9t\u00e9 con\u00e7u en responsive design et s\u2019adapte maintenant \u00e0 tous types d\u2019\u00e9crans : smartphone et tablette.<\/p>\r\n<h3><br \/>Couleurs et images<\/h3>\r\n<p>Le site propose des contrastes de couleurs suffisamment importants pour une lecture ais\u00e9e ainsi que des textes alternatifs aux images et aux animations pr\u00e9sentes.<\/p>\r\n<h3><br \/>Taille des textes<\/h3>\r\n<p>Utilisez la combinaison de touches CTRL et + pour grossir les textes sur l&rsquo;ensemble de la page.<br \/>CTRL 0 vous permet de revenir \u00e0 la taille initiale.<\/p>\r\n<p>&nbsp;<\/p>\r\n<h3>La solution LISIO<\/h3>\r\n<p>Ce petit outil qui appara\u00eet en permanence sur la droite de notre site, g\u00e9n\u00e8re dynamiquement des versions sur-mesure de notre site, adapt\u00e9es au profil de chaque visiteur comme :<\/p>\r\n<ul>\r\n<li><strong>l&rsquo;Inexp\u00e9rience du num\u00e9rique ou illectronisme<\/strong> qui touche 20% de la population sources : societenumerique.gouv.fr<\/li>\r\n<li><strong>Handicaps et d\u00e9ficiences :<\/strong>\r\n<ul>\r\n<li>Visuels : Daltonisme (6% de la population) ; DMLA (8%) ; Epilepsie photosensible (5%) ; Cataracte (6%) ; Presbytie (40%),&#8230; ;<\/li>\r\n<li>Cognitifs : Dyslexie (10%) ; Probl\u00e8mes de m\u00e9moire, d&rsquo;attention, d&rsquo;analyse ; Tremblements et maladie de Parkinson,&#8230; ;<\/li>\r\n<li>Moteurs : Paralysies ; Arthrose ; Scl\u00e9rose en plaques,&#8230; ;<\/li>\r\n<li>Difficult\u00e9s g\u00e9n\u00e9rationnelles : Pathologies li\u00e9es \u00e0 l&rsquo;\u00e2ge (20% \u00e0 +65 ans) ; Difficult\u00e9s de lecture et illettrisme (7% de la pop. active);<\/li>\r\n<li>Traduction multi-langues : De tout le site dans la langue maternelle du visiteur (26 langues) pour les populations immigr\u00e9es de notre territoire, les touristes, les travailleurs \u00e9trangers, les acc\u00e8s au site web depuis d&rsquo;autres pays,&#8230; ;<\/li>\r\n<li>Zones rurales \u00e0 faibles d\u00e9bits r\u00e9seaux Affichage acc\u00e9l\u00e9r\u00e9 (x100) des pages web : Habitants des zones rurales ou de montagnes, connexions dans les transports, en vacances, &#8230;;<\/li>\r\n<li>Les autres situations de difficult\u00e9s temporaires sont nombreuses : maladies, blessures, surmenage, manque de sommeil, environnement bruyant, stress, difficult\u00e9s \u00e0 se concentrer.<\/li>\r\n<\/ul>\r\n<\/li>\r\n<\/ul>\r\n<h3>Les modifications pour rendre le site accessible<\/h3>\r\n<ul>\r\n<li>Filtres de daltonismes (options de correspondance et monochrome );<\/li>\r\n<li>Adaptations des textes aux formats dyslexie (modification de la police, lettres soulign\u00e9es);<\/li>\r\n<li>Augmentation de la taille des polices;<\/li>\r\n<li>Contraste de l\u2019\u00e9cran au format sombre;<\/li>\r\n<li>Modification de la police pour plus de lisibilit\u00e9;<\/li>\r\n<li>Lecture vocale pour les personnes malentendantes;<\/li>\r\n<li>Traductions multilingues;<\/li>\r\n<li>Augmentations de la taille du curseur;<\/li>\r\n<li>Augmentation de la taille de l\u2019affichage;<\/li>\r\n<li>Mise en \u00e9vidence des liens du site;<\/li>\r\n<li>Description des mots s\u00e9lectionn\u00e9s avec la souris;<\/li>\r\n<li>Affichage dans un nouvelle fen\u00eatre sous le format \u201cpage de livre\u201d afin d\u2019avoir les informations essentielles de mani\u00e8re claire et lisible;<\/li>\r\n<li>Bloquer les clignotement et flashes des \u00e9l\u00e9ments en mouvements.<\/li>\r\n<\/ul>\r\n<h3><br \/>Comment fonctionne cette solution<\/h3>\r\n<p>Visionner ici la vid\u00e9o d&rsquo;explication du fonctionnement du widget Lisio :<\/p>\r\n<p>&nbsp;<\/p>\r\n<p><iframe title=\"YouTube video player\" src=\"https:\/\/www.youtube.com\/embed\/-NSa3KBqSdE\" width=\"100%\" height=\"50\" frameborder=\"0\" allowfullscreen=\"allowfullscreen\"><span data-mce-type=\"bookmark\" style=\"display: inline-block; width: 0px; overflow: hidden; line-height: 0;\" class=\"mce_SELRES_start\">\ufeff<\/span><\/iframe><\/p>","protected":false},"excerpt":{"rendered":"<p>Conseils et astuces pour naviguer plus facilement sur le site Liens d&rsquo;acc\u00e8s rapide Plac\u00e9s en haut de page, ces liens permettent d\u2019acc\u00e9der directement \u00e0 la partie recherch\u00e9e (sans avoir \u00e0 parcourir des informations non souhait\u00e9es) : \u00ab\u00a0Aller au contenu\u00a0\u00bb permet d&rsquo;aller directement au contenu de la page \u00ab\u00a0Aller \u00e0 la navigation\u00a0\u00bb permet d&rsquo;aller directement au&hellip; <a class=\"continue\" href=\"https:\/\/www.adapei64.fr\/site\/60ans\/accessibilite\/\">Lire :<span> Accessibilit\u00e9<\/span><\/a><\/p>\n","protected":false},"author":1,"featured_media":654,"parent":0,"menu_order":11,"comment_status":"closed","ping_status":"closed","template":"","meta":{"footnotes":""},"class_list":["post-758","page","type-page","status-publish","has-post-thumbnail","hentry"],"distributor_meta":false,"distributor_terms":false,"distributor_media":false,"distributor_original_site_name":"60 ans de l&#039;Adapei des P.A. - Un anniversaire, un festival","distributor_original_site_url":"https:\/\/www.adapei64.fr\/site\/60ans","push-errors":false,"_links":{"self":[{"href":"https:\/\/www.adapei64.fr\/site\/60ans\/wp-json\/wp\/v2\/pages\/758","targetHints":{"allow":["GET"]}}],"collection":[{"href":"https:\/\/www.adapei64.fr\/site\/60ans\/wp-json\/wp\/v2\/pages"}],"about":[{"href":"https:\/\/www.adapei64.fr\/site\/60ans\/wp-json\/wp\/v2\/types\/page"}],"author":[{"embeddable":true,"href":"https:\/\/www.adapei64.fr\/site\/60ans\/wp-json\/wp\/v2\/users\/1"}],"replies":[{"embeddable":true,"href":"https:\/\/www.adapei64.fr\/site\/60ans\/wp-json\/wp\/v2\/comments?post=758"}],"version-history":[{"count":10,"href":"https:\/\/www.adapei64.fr\/site\/60ans\/wp-json\/wp\/v2\/pages\/758\/revisions"}],"predecessor-version":[{"id":10873,"href":"https:\/\/www.adapei64.fr\/site\/60ans\/wp-json\/wp\/v2\/pages\/758\/revisions\/10873"}],"wp:featuredmedia":[{"embeddable":true,"href":"https:\/\/www.adapei64.fr\/site\/60ans\/wp-json\/wp\/v2\/media\/654"}],"wp:attachment":[{"href":"https:\/\/www.adapei64.fr\/site\/60ans\/wp-json\/wp\/v2\/media?parent=758"}],"curies":[{"name":"wp","href":"https:\/\/api.w.org\/{rel}","templated":true}]}}