{"id":1646,"date":"2022-10-06T11:05:03","date_gmt":"2022-10-06T09:05:03","guid":{"rendered":"https:\/\/www.adapei64.fr\/site\/cfr\/?page_id=1646"},"modified":"2026-01-21T11:39:01","modified_gmt":"2026-01-21T10:39:01","slug":"location-de-salle","status":"publish","type":"page","link":"https:\/\/www.adapei64.fr\/site\/cfr\/location-de-salle\/","title":{"rendered":"Location de salle"},"content":{"rendered":"\n<div class=\"wp-block-columns is-layout-flex wp-container-core-columns-is-layout-28f84493 wp-block-columns-is-layout-flex\">\n<div class=\"wp-block-column is-layout-flow wp-block-column-is-layout-flow\" style=\"flex-basis:80%\">\n<div class=\"wp-block-media-text is-stacked-on-mobile\"><figure class=\"wp-block-media-text__media\"><img fetchpriority=\"high\" decoding=\"async\" width=\"1024\" height=\"770\" src=\"http:\/\/www.adapei64.fr\/site\/cfr\/wp-content\/uploads\/sites\/2\/2023\/04\/Salle01-1024x770.jpg\" alt=\"Une salle de formation avec vid\u00e9oprojecteur.\" class=\"wp-image-2046 size-full\" srcset=\"https:\/\/www.adapei64.fr\/site\/cfr\/wp-content\/uploads\/sites\/2\/2023\/04\/Salle01-1024x770.jpg 1024w, https:\/\/www.adapei64.fr\/site\/cfr\/wp-content\/uploads\/sites\/2\/2023\/04\/Salle01-300x226.jpg 300w, https:\/\/www.adapei64.fr\/site\/cfr\/wp-content\/uploads\/sites\/2\/2023\/04\/Salle01-768x578.jpg 768w, https:\/\/www.adapei64.fr\/site\/cfr\/wp-content\/uploads\/sites\/2\/2023\/04\/Salle01.jpg 1194w\" sizes=\"(max-width: 1024px) 100vw, 1024px\" \/><\/figure><div class=\"wp-block-media-text__content\">\n<h2 class=\"wp-block-heading\">Salle 1<\/h2>\n\n\n\n<ul class=\"wp-block-list\">\n<li>90m\u00b2<\/li>\n\n\n\n<li>sonoris\u00e9e<\/li>\n\n\n\n<li>\u00e9quip\u00e9e d&rsquo;un vid\u00e9o-projecteur<\/li>\n\n\n\n<li>connexion internet<\/li>\n<\/ul>\n<\/div><\/div>\n\n\n\n<div class=\"wp-block-media-text is-stacked-on-mobile\"><figure class=\"wp-block-media-text__media\"><img decoding=\"async\" width=\"1024\" height=\"769\" src=\"http:\/\/www.adapei64.fr\/site\/cfr\/wp-content\/uploads\/sites\/2\/2023\/04\/Salle02-1024x769.jpg\" alt=\"Une salle de formation avec \u00e9cran\" class=\"wp-image-2047 size-full\" srcset=\"https:\/\/www.adapei64.fr\/site\/cfr\/wp-content\/uploads\/sites\/2\/2023\/04\/Salle02-1024x769.jpg 1024w, https:\/\/www.adapei64.fr\/site\/cfr\/wp-content\/uploads\/sites\/2\/2023\/04\/Salle02-300x225.jpg 300w, https:\/\/www.adapei64.fr\/site\/cfr\/wp-content\/uploads\/sites\/2\/2023\/04\/Salle02-768x576.jpg 768w, https:\/\/www.adapei64.fr\/site\/cfr\/wp-content\/uploads\/sites\/2\/2023\/04\/Salle02.jpg 1195w\" sizes=\"(max-width: 1024px) 100vw, 1024px\" \/><\/figure><div class=\"wp-block-media-text__content\">\n<h2 class=\"wp-block-heading\">Salle 2<\/h2>\n\n\n\n<ul class=\"wp-block-list\">\n<li>90m\u00b2<\/li>\n\n\n\n<li>\u00e9quip\u00e9e d&rsquo;un Big Pas (\u00e9cran tactile)<\/li>\n\n\n\n<li>connexion internet<\/li>\n<\/ul>\n<\/div><\/div>\n\n\n\n<div class=\"wp-block-media-text is-stacked-on-mobile\"><figure class=\"wp-block-media-text__media\"><img decoding=\"async\" width=\"1024\" height=\"599\" src=\"http:\/\/www.adapei64.fr\/site\/cfr\/wp-content\/uploads\/sites\/2\/2023\/04\/SalleInformatique-1024x599.jpg\" alt=\"Une salle de formation avec des postes informatiques\" class=\"wp-image-2048 size-full\" srcset=\"https:\/\/www.adapei64.fr\/site\/cfr\/wp-content\/uploads\/sites\/2\/2023\/04\/SalleInformatique-1024x599.jpg 1024w, https:\/\/www.adapei64.fr\/site\/cfr\/wp-content\/uploads\/sites\/2\/2023\/04\/SalleInformatique-300x175.jpg 300w, https:\/\/www.adapei64.fr\/site\/cfr\/wp-content\/uploads\/sites\/2\/2023\/04\/SalleInformatique-768x449.jpg 768w, https:\/\/www.adapei64.fr\/site\/cfr\/wp-content\/uploads\/sites\/2\/2023\/04\/SalleInformatique.jpg 1197w\" sizes=\"(max-width: 1024px) 100vw, 1024px\" \/><\/figure><div class=\"wp-block-media-text__content\">\n<h2 class=\"wp-block-heading\">Salle informatique<\/h2>\n\n\n\n<ul class=\"wp-block-list\">\n<li>12 postes informatiques<\/li>\n\n\n\n<li>\u00e9quip\u00e9e d&rsquo;un video-projecteur<\/li>\n\n\n\n<li>connexion internet<\/li>\n<\/ul>\n<\/div><\/div>\n<\/div>\n\n\n\n<div class=\"wp-block-column is-layout-flow wp-block-column-is-layout-flow\" style=\"flex-basis:20%\">\n<div class=\"wp-block-buttons is-layout-flex wp-block-buttons-is-layout-flex\">\n<div class=\"wp-block-button has-custom-width wp-block-button__width-100\"><a class=\"wp-block-button__link has-background wp-element-button\" href=\"http:\/\/www.adapei64.fr\/site\/cfr\/wp-content\/uploads\/sites\/2\/2024\/10\/Adapei64-CFR-Livret-Accueil.pdf\" style=\"border-top-left-radius:5px;border-top-right-radius:5px;border-bottom-left-radius:5px;border-bottom-right-radius:5px;background-color:#017e98\">Livre d&rsquo;accueil et r\u00e8glement int\u00e9rieur du CFR<\/a><\/div>\n\n\n\n<div class=\"wp-block-button has-custom-width wp-block-button__width-100\"><a class=\"wp-block-button__link has-background wp-element-button\" href=\"https:\/\/www.adapei64.fr\/site\/cfr\/accessibilite-des-personnes-en-situation-de-handicap\/\" style=\"border-top-left-radius:5px;border-top-right-radius:5px;border-bottom-left-radius:5px;border-bottom-right-radius:5px;background-color:#017e98\">Accessibilit\u00e9 des personnes en situation de handicap<\/a><\/div>\n<\/div>\n<\/div>\n<\/div>\n\n\n\n<div style=\"height:60px\" aria-hidden=\"true\" class=\"wp-block-spacer\"><\/div>\n\n\n\n<h2 class=\"wp-block-heading\">Louer une salle<\/h2>\n\n\n<div class=\"everest-forms\"><div class=\"evf-container default\" id=\"evf-2431\"><form id=\"evf-form-2431\" class=\"everest-form\" data-formid=\"2431\" data-ajax_submission=\"0\" data-keyboard_friendly_form=\"0\" data-form_state_type=\"\" method=\"post\" enctype=\"multipart\/form-data\" action=\"\/site\/cfr\/wp-json\/wp\/v2\/pages\/1646\"><div class=\"evf-field-container\"><input type=\"hidden\" id=\"_wpnonce2431\" name=\"_wpnonce2431\" value=\"2fd87d07b7\" \/><input type=\"hidden\" name=\"_wp_http_referer\" value=\"\/site\/cfr\/wp-json\/wp\/v2\/pages\/1646\" \/><div class=\"evf-frontend-row\" data-row=\"row_1\" conditional_rules=\"[]\"><div class=\"evf-frontend-grid evf-grid-1\" data-grid=\"grid_1\"><div id=\"evf-2431-field_ys0GeZISRs-1-container\" class=\"evf-field evf-field-first-name form-row validate-required\" data-required-field-message=\"This field is required.\" data-field-id=\"ys0GeZISRs-1\"><label class=\"evf-field-label\" for=\"evf-2431-field_ys0GeZISRs-1\"><span class=\"evf-label\">Pr\u00e9nom Nom<\/span> <abbr class=\"required\" title=\"Required\">*<\/abbr><\/label><input type=\"text\" id=\"evf-2431-field_ys0GeZISRs-1\" class=\"input-text\" name=\"everest_forms[form_fields][ys0GeZISRs-1]\" required><\/div><div id=\"evf-2431-field_LbH5NxasXM-2-container\" class=\"evf-field evf-field-email form-row validate-required validate-email\" data-required-field-message=\"Please enter a valid email address.\" data-field-id=\"LbH5NxasXM-2\"><label class=\"evf-field-label\" for=\"evf-2431-field_LbH5NxasXM-2\"><span class=\"evf-label\">Email<\/span> <abbr class=\"required\" title=\"Required\">*<\/abbr><\/label><input type=\"email\" id=\"evf-2431-field_LbH5NxasXM-2\" class=\"input-text\" name=\"everest_forms[form_fields][LbH5NxasXM-2]\" required ><\/div><div id=\"evf-2431-field_dCbNXurQMP-12-container\" class=\"evf-field evf-field-number form-row validate-required\" data-required-field-message=\"Please enter a valid number.\" data-field-id=\"dCbNXurQMP-12\"><label class=\"evf-field-label\" for=\"evf-2431-field_dCbNXurQMP-12\"><span class=\"evf-label\">T\u00e9l\u00e9phone<\/span> <abbr class=\"required\" title=\"Required\">*<\/abbr><\/label><input type=\"number\" id=\"evf-2431-field_dCbNXurQMP-12\" class=\"input-text\" name=\"everest_forms[form_fields][dCbNXurQMP-12]\" required\/><\/div><div id=\"evf-2431-field_66FR384cge-3-container\" class=\"evf-field evf-field-text form-row\" data-field-id=\"66FR384cge-3\"><label class=\"evf-field-label\" for=\"evf-2431-field_66FR384cge-3\"><span class=\"evf-label\">Organisme (facultatif)<\/span> <\/label><input type=\"text\" id=\"evf-2431-field_66FR384cge-3\" class=\"input-text\" name=\"everest_forms[form_fields][66FR384cge-3]\" ><\/div><div id=\"evf-2431-field_drtLBz8uhE-8-container\" class=\"evf-field evf-field-date-time form-row\" data-field-id=\"drtLBz8uhE-8\"><label class=\"evf-field-label\" for=\"evf-2431-field_drtLBz8uhE-8\"><span class=\"evf-label\">Date &amp; heure<\/span> <\/label><div class=\"date-time-container\"><input type=\"text\" id=\"evf-2431-field_drtLBz8uhE-8\" class=\"date-dropdown-field input-text\" name=\"everest_forms[form_fields][drtLBz8uhE-8]\" data-time-interval=\"15\" data-date-time=\"date\" data-mode=\"single\" data-locale=\"en\" data-date-format=\"Y-m-d\"  ><select value=\"2026\" id=\"year-select-evf-2431-field_drtLBz8uhE-8\" ><option value=\"2126\" >2126<\/option><option value=\"2125\" >2125<\/option><option value=\"2124\" >2124<\/option><option value=\"2123\" >2123<\/option><option value=\"2122\" >2122<\/option><option value=\"2121\" >2121<\/option><option value=\"2120\" >2120<\/option><option value=\"2119\" >2119<\/option><option value=\"2118\" >2118<\/option><option value=\"2117\" >2117<\/option><option value=\"2116\" >2116<\/option><option value=\"2115\" >2115<\/option><option value=\"2114\" >2114<\/option><option value=\"2113\" >2113<\/option><option value=\"2112\" >2112<\/option><option value=\"2111\" >2111<\/option><option value=\"2110\" >2110<\/option><option value=\"2109\" >2109<\/option><option value=\"2108\" >2108<\/option><option value=\"2107\" >2107<\/option><option value=\"2106\" >2106<\/option><option value=\"2105\" >2105<\/option><option value=\"2104\" >2104<\/option><option value=\"2103\" >2103<\/option><option value=\"2102\" >2102<\/option><option value=\"2101\" >2101<\/option><option value=\"2100\" >2100<\/option><option value=\"2099\" >2099<\/option><option value=\"2098\" >2098<\/option><option value=\"2097\" >2097<\/option><option value=\"2096\" >2096<\/option><option value=\"2095\" >2095<\/option><option value=\"2094\" >2094<\/option><option value=\"2093\" >2093<\/option><option value=\"2092\" >2092<\/option><option value=\"2091\" >2091<\/option><option value=\"2090\" >2090<\/option><option value=\"2089\" >2089<\/option><option value=\"2088\" >2088<\/option><option value=\"2087\" >2087<\/option><option value=\"2086\" >2086<\/option><option value=\"2085\" >2085<\/option><option value=\"2084\" >2084<\/option><option value=\"2083\" >2083<\/option><option value=\"2082\" >2082<\/option><option value=\"2081\" >2081<\/option><option value=\"2080\" >2080<\/option><option value=\"2079\" >2079<\/option><option value=\"2078\" >2078<\/option><option value=\"2077\" >2077<\/option><option value=\"2076\" >2076<\/option><option value=\"2075\" >2075<\/option><option value=\"2074\" >2074<\/option><option value=\"2073\" >2073<\/option><option value=\"2072\" >2072<\/option><option value=\"2071\" >2071<\/option><option value=\"2070\" >2070<\/option><option value=\"2069\" >2069<\/option><option value=\"2068\" >2068<\/option><option value=\"2067\" >2067<\/option><option value=\"2066\" >2066<\/option><option value=\"2065\" >2065<\/option><option value=\"2064\" >2064<\/option><option value=\"2063\" >2063<\/option><option value=\"2062\" >2062<\/option><option value=\"2061\" >2061<\/option><option value=\"2060\" >2060<\/option><option value=\"2059\" >2059<\/option><option value=\"2058\" >2058<\/option><option value=\"2057\" >2057<\/option><option value=\"2056\" >2056<\/option><option value=\"2055\" >2055<\/option><option value=\"2054\" >2054<\/option><option value=\"2053\" >2053<\/option><option value=\"2052\" >2052<\/option><option value=\"2051\" >2051<\/option><option value=\"2050\" >2050<\/option><option value=\"2049\" >2049<\/option><option value=\"2048\" >2048<\/option><option value=\"2047\" >2047<\/option><option value=\"2046\" >2046<\/option><option value=\"2045\" >2045<\/option><option value=\"2044\" >2044<\/option><option value=\"2043\" >2043<\/option><option value=\"2042\" >2042<\/option><option value=\"2041\" >2041<\/option><option value=\"2040\" >2040<\/option><option value=\"2039\" >2039<\/option><option value=\"2038\" >2038<\/option><option value=\"2037\" >2037<\/option><option value=\"2036\" >2036<\/option><option value=\"2035\" >2035<\/option><option value=\"2034\" >2034<\/option><option value=\"2033\" >2033<\/option><option value=\"2032\" >2032<\/option><option value=\"2031\" >2031<\/option><option value=\"2030\" >2030<\/option><option value=\"2029\" >2029<\/option><option value=\"2028\" >2028<\/option><option value=\"2027\" >2027<\/option><option value=\"2026\" selected>2026<\/option><option value=\"2025\" >2025<\/option><option value=\"2024\" >2024<\/option><option value=\"2023\" >2023<\/option><option value=\"2022\" >2022<\/option><option value=\"2021\" >2021<\/option><option value=\"2020\" >2020<\/option><option value=\"2019\" >2019<\/option><option value=\"2018\" >2018<\/option><option value=\"2017\" >2017<\/option><option value=\"2016\" >2016<\/option><option value=\"2015\" >2015<\/option><option value=\"2014\" >2014<\/option><option value=\"2013\" >2013<\/option><option value=\"2012\" >2012<\/option><option value=\"2011\" >2011<\/option><option value=\"2010\" >2010<\/option><option value=\"2009\" >2009<\/option><option value=\"2008\" >2008<\/option><option value=\"2007\" >2007<\/option><option value=\"2006\" >2006<\/option><option value=\"2005\" >2005<\/option><option value=\"2004\" >2004<\/option><option value=\"2003\" >2003<\/option><option value=\"2002\" >2002<\/option><option value=\"2001\" >2001<\/option><option value=\"2000\" >2000<\/option><option value=\"1999\" >1999<\/option><option value=\"1998\" >1998<\/option><option value=\"1997\" >1997<\/option><option value=\"1996\" >1996<\/option><option value=\"1995\" >1995<\/option><option value=\"1994\" >1994<\/option><option value=\"1993\" >1993<\/option><option value=\"1992\" >1992<\/option><option value=\"1991\" >1991<\/option><option value=\"1990\" >1990<\/option><option value=\"1989\" >1989<\/option><option value=\"1988\" >1988<\/option><option value=\"1987\" >1987<\/option><option value=\"1986\" >1986<\/option><option value=\"1985\" >1985<\/option><option value=\"1984\" >1984<\/option><option value=\"1983\" >1983<\/option><option value=\"1982\" >1982<\/option><option value=\"1981\" >1981<\/option><option value=\"1980\" >1980<\/option><option value=\"1979\" >1979<\/option><option value=\"1978\" >1978<\/option><option value=\"1977\" >1977<\/option><option value=\"1976\" >1976<\/option><option value=\"1975\" >1975<\/option><option value=\"1974\" >1974<\/option><option value=\"1973\" >1973<\/option><option value=\"1972\" >1972<\/option><option value=\"1971\" >1971<\/option><option value=\"1970\" >1970<\/option><option value=\"1969\" >1969<\/option><option value=\"1968\" >1968<\/option><option value=\"1967\" >1967<\/option><option value=\"1966\" >1966<\/option><option value=\"1965\" >1965<\/option><option value=\"1964\" >1964<\/option><option value=\"1963\" >1963<\/option><option value=\"1962\" >1962<\/option><option value=\"1961\" >1961<\/option><option value=\"1960\" >1960<\/option><option value=\"1959\" >1959<\/option><option value=\"1958\" >1958<\/option><option value=\"1957\" >1957<\/option><option value=\"1956\" >1956<\/option><option value=\"1955\" >1955<\/option><option value=\"1954\" >1954<\/option><option value=\"1953\" >1953<\/option><option value=\"1952\" >1952<\/option><option value=\"1951\" >1951<\/option><option value=\"1950\" >1950<\/option><option value=\"1949\" >1949<\/option><option value=\"1948\" >1948<\/option><option value=\"1947\" >1947<\/option><option value=\"1946\" >1946<\/option><option value=\"1945\" >1945<\/option><option value=\"1944\" >1944<\/option><option value=\"1943\" >1943<\/option><option value=\"1942\" >1942<\/option><option value=\"1941\" >1941<\/option><option value=\"1940\" >1940<\/option><option value=\"1939\" >1939<\/option><option value=\"1938\" >1938<\/option><option value=\"1937\" >1937<\/option><option value=\"1936\" >1936<\/option><option value=\"1935\" >1935<\/option><option value=\"1934\" >1934<\/option><option value=\"1933\" >1933<\/option><option value=\"1932\" >1932<\/option><option value=\"1931\" >1931<\/option><option value=\"1930\" >1930<\/option><option value=\"1929\" >1929<\/option><option value=\"1928\" >1928<\/option><option value=\"1927\" >1927<\/option><option value=\"1926\" >1926<\/option><\/select><select value=\"04\" id=\"month-select-evf-2431-field_drtLBz8uhE-8\" ><option value=\"1\" >01<\/option><option value=\"2\" >02<\/option><option value=\"3\" >03<\/option><option value=\"4\" selected>04<\/option><option value=\"5\" >05<\/option><option value=\"6\" >06<\/option><option value=\"7\" >07<\/option><option value=\"8\" >08<\/option><option value=\"9\" >09<\/option><option value=\"10\" >10<\/option><option value=\"11\" >11<\/option><option value=\"12\" >12<\/option><\/select><select value=\"16\" id=\"day-select-evf-2431-field_drtLBz8uhE-8\" ><option value=\"1\" >01<\/option><option value=\"2\" >02<\/option><option value=\"3\" >03<\/option><option value=\"4\" >04<\/option><option value=\"5\" >05<\/option><option value=\"6\" >06<\/option><option value=\"7\" >07<\/option><option value=\"8\" >08<\/option><option value=\"9\" >09<\/option><option value=\"10\" >10<\/option><option value=\"11\" >11<\/option><option value=\"12\" >12<\/option><option value=\"13\" >13<\/option><option value=\"14\" >14<\/option><option value=\"15\" >15<\/option><option value=\"16\" selected>16<\/option><option value=\"17\" >17<\/option><option value=\"18\" >18<\/option><option value=\"19\" >19<\/option><option value=\"20\" >20<\/option><option value=\"21\" >21<\/option><option value=\"22\" >22<\/option><option value=\"23\" >23<\/option><option value=\"24\" >24<\/option><option value=\"25\" >25<\/option><option value=\"26\" >26<\/option><option value=\"27\" >27<\/option><option value=\"28\" >28<\/option><option value=\"29\" >29<\/option><option value=\"30\" >30<\/option><option value=\"31\" >31<\/option><option value=\"32\" >32<\/option><\/select><\/div><\/div><div id=\"evf-2431-field_ayWG3xIlUW-7-container\" class=\"evf-field evf-field-checkbox form-row\" data-field-id=\"ayWG3xIlUW-7\"><label class=\"evf-field-label\" for=\"evf-2431-field_ayWG3xIlUW-7\"><span class=\"evf-label\">Salles<\/span> <\/label><ul id=\"evf-2431-field_ayWG3xIlUW-7\"><li class=\"choice-1 depth-1\"><input type=\"checkbox\" id=\"evf-2431-field_ayWG3xIlUW-7_1\" class=\"input-text\" name=\"everest_forms[form_fields][ayWG3xIlUW-7][]\" value=\"Salle 1\"  ><label class=\"everest-forms-field-label-inline\" for=\"evf-2431-field_ayWG3xIlUW-7_1\">Salle 1<\/label><\/li><li class=\"choice-2 depth-1\"><input type=\"checkbox\" id=\"evf-2431-field_ayWG3xIlUW-7_2\" class=\"input-text\" name=\"everest_forms[form_fields][ayWG3xIlUW-7][]\" value=\"Salle 2\"  ><label class=\"everest-forms-field-label-inline\" for=\"evf-2431-field_ayWG3xIlUW-7_2\">Salle 2<\/label><\/li><li class=\"choice-3 depth-1\"><input type=\"checkbox\" id=\"evf-2431-field_ayWG3xIlUW-7_3\" class=\"input-text\" name=\"everest_forms[form_fields][ayWG3xIlUW-7][]\" value=\"Salle informatique\"  ><label class=\"everest-forms-field-label-inline\" for=\"evf-2431-field_ayWG3xIlUW-7_3\">Salle informatique<\/label><\/li><\/ul><\/div><div id=\"evf-2431-field_yhGx3FOwr2-4-container\" class=\"evf-field evf-field-textarea form-row\" data-field-id=\"yhGx3FOwr2-4\"><label class=\"evf-field-label\" for=\"evf-2431-field_yhGx3FOwr2-4\"><span class=\"evf-label\">Description du besoin<\/span> <\/label><textarea id=\"evf-2431-field_yhGx3FOwr2-4\" class=\"input-text\" name=\"everest_forms[form_fields][yhGx3FOwr2-4]\"  ><\/textarea><\/div><div id=\"evf-2431-field_Xc5SAku1k7-11-container\" class=\"evf-field evf-field-checkbox form-row validate-required\" data-required-field-message=\"This field is required.\" data-field-id=\"Xc5SAku1k7-11\"><label class=\"evf-field-label\" for=\"evf-2431-field_Xc5SAku1k7-11\"><span class=\"evf-label\">Conditions g\u00e9n\u00e9rales de vente<\/span> <abbr class=\"required\" title=\"Required\">*<\/abbr><\/label><ul id=\"evf-2431-field_Xc5SAku1k7-11\" class=\" evf-field-required\"><li class=\"choice-1 depth-1\"><input type=\"checkbox\" id=\"evf-2431-field_Xc5SAku1k7-11_1\" class=\"input-text\" name=\"everest_forms[form_fields][Xc5SAku1k7-11][]\" value=\"J&#039;ai lu et j&#039;accepte &lt;a href=&quot;https:\/\/www.adapei64.fr\/site\/cfr\/conditions-generales-de-vente\/&quot; target=&quot;_blank&quot;&gt;les conditions g\u00e9n\u00e9rales de vente&lt;\/a&gt;\" required ><label class=\"everest-forms-field-label-inline\" for=\"evf-2431-field_Xc5SAku1k7-11_1\">J&rsquo;ai lu et j&rsquo;accepte <a href=\"https:\/\/www.adapei64.fr\/site\/cfr\/conditions-generales-de-vente\/\" target=\"_blank\">les conditions g\u00e9n\u00e9rales de vente<\/a><\/label><\/li><\/ul><\/div><\/div><\/div><\/div><div class=\"evf-honeypot-container evf-field-hp\"><label for=\"evf-2431-field-hp\" class=\"evf-field-label\">Phone<\/label><input type=\"text\" name=\"everest_forms[hp]\" id=\"evf-2431-field-hp\" class=\"input-text\"><\/div><div class=\"evf-submit-container \" ><input type=\"hidden\" name=\"everest_forms[id]\" value=\"2431\"><input type=\"hidden\" name=\"everest_forms[author]\" value=\"1\"><button type='submit' name='everest_forms[submit]' class='everest-forms-submit-button button evf-submit ' id='evf-submit-2431' value='evf-submit' data-process-text=\"Traitement\u2026\" conditional_rules='&quot;&quot;' conditional_id='evf-submit-2431'  id=\"evf-submit-2431\" aria-live=\"assertive\">Envoyer<\/button><\/div><\/form><\/div><!-- .evf-container --><\/div>","protected":false},"excerpt":{"rendered":"<p>Salle 1 Salle 2 Salle informatique Louer une salle<\/p>\n","protected":false},"author":1,"featured_media":2047,"parent":0,"menu_order":2,"comment_status":"closed","ping_status":"closed","template":"","meta":{"_acf_changed":false,"footnotes":""},"class_list":["post-1646","page","type-page","status-publish","has-post-thumbnail","hentry"],"acf":[],"distributor_meta":false,"distributor_terms":false,"distributor_media":false,"distributor_original_site_name":"Centre de Formation et de Recherche","distributor_original_site_url":"https:\/\/www.adapei64.fr\/site\/cfr","push-errors":false,"_links":{"self":[{"href":"https:\/\/www.adapei64.fr\/site\/cfr\/wp-json\/wp\/v2\/pages\/1646","targetHints":{"allow":["GET"]}}],"collection":[{"href":"https:\/\/www.adapei64.fr\/site\/cfr\/wp-json\/wp\/v2\/pages"}],"about":[{"href":"https:\/\/www.adapei64.fr\/site\/cfr\/wp-json\/wp\/v2\/types\/page"}],"author":[{"embeddable":true,"href":"https:\/\/www.adapei64.fr\/site\/cfr\/wp-json\/wp\/v2\/users\/1"}],"replies":[{"embeddable":true,"href":"https:\/\/www.adapei64.fr\/site\/cfr\/wp-json\/wp\/v2\/comments?post=1646"}],"version-history":[{"count":30,"href":"https:\/\/www.adapei64.fr\/site\/cfr\/wp-json\/wp\/v2\/pages\/1646\/revisions"}],"predecessor-version":[{"id":3455,"href":"https:\/\/www.adapei64.fr\/site\/cfr\/wp-json\/wp\/v2\/pages\/1646\/revisions\/3455"}],"wp:featuredmedia":[{"embeddable":true,"href":"https:\/\/www.adapei64.fr\/site\/cfr\/wp-json\/wp\/v2\/media\/2047"}],"wp:attachment":[{"href":"https:\/\/www.adapei64.fr\/site\/cfr\/wp-json\/wp\/v2\/media?parent=1646"}],"curies":[{"name":"wp","href":"https:\/\/api.w.org\/{rel}","templated":true}]}}