{"id":3302,"date":"2025-09-08T16:58:55","date_gmt":"2025-09-08T14:58:55","guid":{"rendered":"https:\/\/www.adapei64.fr\/site\/cfr\/?page_id=3302"},"modified":"2025-09-26T10:39:47","modified_gmt":"2025-09-26T08:39:47","slug":"nos-formateurs","status":"publish","type":"page","link":"https:\/\/www.adapei64.fr\/site\/cfr\/nos-formateurs\/","title":{"rendered":"Nos formateurs"},"content":{"rendered":"\n<div class=\"wp-block-columns is-layout-flex wp-container-core-columns-is-layout-28f84493 wp-block-columns-is-layout-flex\">\n<div class=\"wp-block-column is-layout-flow wp-block-column-is-layout-flow\" style=\"flex-basis:33%\">\n<figure class=\"wp-block-embed is-type-video is-provider-youtube wp-block-embed-youtube wp-embed-aspect-16-9 wp-has-aspect-ratio\"><div class=\"wp-block-embed__wrapper\">\n<iframe title=\"Pr\u00e9sentation de la formation &quot;Pr\u00e9venir et accompagner les situations de violence externe&quot;\" width=\"500\" height=\"281\" src=\"https:\/\/www.youtube.com\/embed\/EtXwS58x8Nc?feature=oembed\" frameborder=\"0\" allow=\"accelerometer; autoplay; clipboard-write; encrypted-media; gyroscope; picture-in-picture; web-share\" referrerpolicy=\"strict-origin-when-cross-origin\" allowfullscreen><\/iframe>\n<\/div><\/figure>\n<\/div>\n\n\n\n<div class=\"wp-block-column is-layout-flow wp-block-column-is-layout-flow\" style=\"flex-basis:66%\">\n<p><\/p>\n\n\n\n<h2 class=\"wp-block-heading\">Blandine LEROY &amp; Christophe LARROUY<\/h2>\n\n\n\n<p>Blandine et Christophe animent la formation \u00ab\u00a0Pr\u00e9venir et accompagner les situations de violence\u00a0\u00bb<br><br>Cette formation a \u00e9t\u00e9 con\u00e7ue sp\u00e9cialement pour vous accompagner dans la pr\u00e9vention et la gestion des situations de violence v\u00e9cues au travail et \u00e9manant des personnes accompagn\u00e9es, de leur famille, de tiers ext\u00e9rieurs \u00e0 l\u2019\u00e9tablissement ou service.<\/p>\n\n\n\n<div class=\"wp-block-buttons is-layout-flex wp-block-buttons-is-layout-flex\">\n<div class=\"wp-block-button has-custom-width wp-block-button__width-50 is-style-fill\"><a class=\"wp-block-button__link has-black-color has-text-color has-background has-link-color wp-element-button\" href=\"https:\/\/www.adapei64.fr\/site\/cfr\/formations\/approche-du-handicap\/\" style=\"background-color:#b6c125\">En savoir plus sur la formation \u00ab\u00a0Pr\u00e9venir et accompagner les situations de violence\u00a0\u00bb<\/a><\/div>\n<\/div>\n<\/div>\n<\/div>\n\n\n\n<div style=\"height:100px\" aria-hidden=\"true\" class=\"wp-block-spacer\"><\/div>\n\n\n\n<div class=\"wp-block-columns is-layout-flex wp-container-core-columns-is-layout-28f84493 wp-block-columns-is-layout-flex\">\n<div class=\"wp-block-column is-layout-flow wp-block-column-is-layout-flow\" style=\"flex-basis:33%\">\n<figure class=\"wp-block-embed is-type-video is-provider-youtube wp-block-embed-youtube wp-embed-aspect-16-9 wp-has-aspect-ratio\"><div class=\"wp-block-embed__wrapper\">\n<iframe title=\"Pr\u00e9sentation de la formation &quot;Comprendre les personnes avec TSA&quot;\" width=\"500\" height=\"281\" src=\"https:\/\/www.youtube.com\/embed\/WvTrRkfhnXg?feature=oembed\" frameborder=\"0\" allow=\"accelerometer; autoplay; clipboard-write; encrypted-media; gyroscope; picture-in-picture; web-share\" referrerpolicy=\"strict-origin-when-cross-origin\" allowfullscreen><\/iframe>\n<\/div><\/figure>\n<\/div>\n\n\n\n<div class=\"wp-block-column is-layout-flow wp-block-column-is-layout-flow\" style=\"flex-basis:66%\">\n<p><\/p>\n\n\n\n<h2 class=\"wp-block-heading\">Ma\u00ebla TREMAUD<\/h2>\n\n\n\n<p>Ma\u00ebla anime, avec Sophie COUGOUILLES, la formation \u00ab\u00a0Comprendre les personnes avec TSA\u00a0\u00bb.<br><br>Cette formation permet d\u2019acqu\u00e9rir&nbsp;<strong>des connaissances globales sur les diff\u00e9rents types de handicap<\/strong>&nbsp;et de mieux se positionner dans ses interactions avec des personnes en situation de handicap : un impact positif aussi bien pour les professionnels que pour les personnes accompagn\u00e9es.<\/p>\n\n\n\n<div class=\"wp-block-buttons is-layout-flex wp-block-buttons-is-layout-flex\">\n<div class=\"wp-block-button has-custom-width wp-block-button__width-50 is-style-fill\"><a class=\"wp-block-button__link has-black-color has-text-color has-background has-link-color wp-element-button\" href=\"https:\/\/www.adapei64.fr\/site\/cfr\/formations\/approche-du-handicap\/\" style=\"background-color:#b6c125\">En savoir plus sur la formation \u00ab\u00a0Comprendre les personnes avec TSA\u00a0\u00bb<\/a><\/div>\n<\/div>\n<\/div>\n<\/div>\n\n\n\n<div style=\"height:100px\" aria-hidden=\"true\" class=\"wp-block-spacer\"><\/div>\n\n\n\n<div class=\"wp-block-columns is-layout-flex wp-container-core-columns-is-layout-28f84493 wp-block-columns-is-layout-flex\">\n<div class=\"wp-block-column is-layout-flow wp-block-column-is-layout-flow\" style=\"flex-basis:33%\">\n<figure class=\"wp-block-embed is-type-video is-provider-youtube wp-block-embed-youtube wp-embed-aspect-16-9 wp-has-aspect-ratio\"><div class=\"wp-block-embed__wrapper\">\n<iframe title=\"Pr\u00e9sentation de la formation  &quot;Utilisation de la tron\u00e7onneuse&quot;\" width=\"500\" height=\"281\" src=\"https:\/\/www.youtube.com\/embed\/SJ4DHopqUQE?feature=oembed\" frameborder=\"0\" allow=\"accelerometer; autoplay; clipboard-write; encrypted-media; gyroscope; picture-in-picture; web-share\" referrerpolicy=\"strict-origin-when-cross-origin\" allowfullscreen><\/iframe>\n<\/div><\/figure>\n<\/div>\n\n\n\n<div class=\"wp-block-column is-layout-flow wp-block-column-is-layout-flow\" style=\"flex-basis:66%\">\n<p><\/p>\n\n\n\n<h2 class=\"wp-block-heading\">Arnaud POUCHAN<\/h2>\n\n\n\n<p>Arnaud anime la formation \u00ab\u00a0Utilisation de la tron\u00e7onneuse\u00a0\u00bb.<br><br>Cette formation permettra de mettre l\u2019accent sur la s\u00e9curisation de la zone chantier, de rappeler l\u2019importance du port des EPI, de faire un focus sur les gestes et postures ad\u00e9quates et de prendre en main la tron\u00e7onneuse en toute s\u00e9curit\u00e9.<\/p>\n\n\n\n<div class=\"wp-block-buttons is-layout-flex wp-block-buttons-is-layout-flex\">\n<div class=\"wp-block-button has-custom-width wp-block-button__width-50 is-style-fill\"><a class=\"wp-block-button__link has-black-color has-text-color has-background has-link-color wp-element-button\" href=\"https:\/\/www.adapei64.fr\/site\/cfr\/formations\/utilisation-de-la-tronconneuse\/\" style=\"background-color:#b6c125\">En savoir plus sur la formation \u00ab\u00a0Utilisation de la tron\u00e7onneuse\u00a0\u00bb<\/a><\/div>\n<\/div>\n<\/div>\n<\/div>\n\n\n\n<p><\/p>\n","protected":false},"excerpt":{"rendered":"<p>Blandine LEROY &amp; Christophe LARROUY Blandine et Christophe animent la formation \u00ab\u00a0Pr\u00e9venir et accompagner les situations de violence\u00a0\u00bb Cette formation a \u00e9t\u00e9 con\u00e7ue sp\u00e9cialement pour vous accompagner dans la pr\u00e9vention et la gestion des situations de violence v\u00e9cues au travail et \u00e9manant des personnes accompagn\u00e9es, de leur famille, de tiers ext\u00e9rieurs \u00e0 l\u2019\u00e9tablissement ou service. [&hellip;]<\/p>\n","protected":false},"author":1,"featured_media":3304,"parent":0,"menu_order":0,"comment_status":"closed","ping_status":"closed","template":"","meta":{"_acf_changed":false,"footnotes":""},"class_list":["post-3302","page","type-page","status-publish","has-post-thumbnail","hentry"],"acf":[],"distributor_meta":false,"distributor_terms":false,"distributor_media":false,"distributor_original_site_name":"Centre de Formation et de Recherche","distributor_original_site_url":"https:\/\/www.adapei64.fr\/site\/cfr","push-errors":false,"_links":{"self":[{"href":"https:\/\/www.adapei64.fr\/site\/cfr\/wp-json\/wp\/v2\/pages\/3302","targetHints":{"allow":["GET"]}}],"collection":[{"href":"https:\/\/www.adapei64.fr\/site\/cfr\/wp-json\/wp\/v2\/pages"}],"about":[{"href":"https:\/\/www.adapei64.fr\/site\/cfr\/wp-json\/wp\/v2\/types\/page"}],"author":[{"embeddable":true,"href":"https:\/\/www.adapei64.fr\/site\/cfr\/wp-json\/wp\/v2\/users\/1"}],"replies":[{"embeddable":true,"href":"https:\/\/www.adapei64.fr\/site\/cfr\/wp-json\/wp\/v2\/comments?post=3302"}],"version-history":[{"count":13,"href":"https:\/\/www.adapei64.fr\/site\/cfr\/wp-json\/wp\/v2\/pages\/3302\/revisions"}],"predecessor-version":[{"id":3335,"href":"https:\/\/www.adapei64.fr\/site\/cfr\/wp-json\/wp\/v2\/pages\/3302\/revisions\/3335"}],"wp:featuredmedia":[{"embeddable":true,"href":"https:\/\/www.adapei64.fr\/site\/cfr\/wp-json\/wp\/v2\/media\/3304"}],"wp:attachment":[{"href":"https:\/\/www.adapei64.fr\/site\/cfr\/wp-json\/wp\/v2\/media?parent=3302"}],"curies":[{"name":"wp","href":"https:\/\/api.w.org\/{rel}","templated":true}]}}