{"id":565,"date":"2021-08-17T16:24:08","date_gmt":"2021-08-17T14:24:08","guid":{"rendered":"http:\/\/adapei64.fr\/wp2\/cfr\/?page_id=565"},"modified":"2026-04-08T16:04:15","modified_gmt":"2026-04-08T14:04:15","slug":"le-centre-de-formation-et-de-recherche","status":"publish","type":"page","link":"https:\/\/www.adapei64.fr\/site\/cfr\/le-centre-de-formation-et-de-recherche\/","title":{"rendered":"Le Centre de Formation et de Recherche"},"content":{"rendered":"\n<div class=\"wp-block-columns is-layout-flex wp-container-core-columns-is-layout-ef06f3fc wp-block-columns-is-layout-flex\">\n<div class=\"wp-block-column formation-liste is-layout-flow wp-block-column-is-layout-flow\" style=\"flex-basis:75%\">\n<h2 class=\"wp-block-heading\">Pourquoi choisir le Centre de Formation et de Recherche de l&rsquo;Adapei des Pyr\u00e9n\u00e9es-Atlantiques ?<\/h2>\n\n\n\n<p>Depuis sa cr\u00e9ation en 1962,&nbsp; l\u2019<strong>Adapei&nbsp;des Pyr\u00e9n\u00e9es Atlantiques<\/strong>&nbsp;n\u2019a cess\u00e9 d\u2019exp\u00e9rimenter et d\u2019apprendre, ce qui lui a permis de d\u00e9velopper et de transmettre des savoirs, des savoirs faire et des savoirs \u00eatre. Elle a ainsi pu d\u00e9velopper une v\u00e9ritable&nbsp;<strong>expertise dans l\u2019accompagnement des personnes en situation de handicap<\/strong>, dans les secteurs de l\u2019enfance, du travail, de l\u2019adulte et de la personne \u00e2g\u00e9e.<\/p>\n\n\n\n<p>Port\u00e9e par sa volont\u00e9 d\u2019\u00eatre une&nbsp;<strong>Association Apprenante<\/strong>, inscrite fortement dans l\u2019humain et le prendre soin de chacun, l\u2019Adapei des Pyr\u00e9n\u00e9es Atlantiques est une association ancr\u00e9e dans ses acquis ant\u00e9rieurs mais r\u00e9solument&nbsp;<strong>tourn\u00e9e vers l\u2019avenir et visionnaire<\/strong>, pour \u00ab&nbsp;<strong>rendre&nbsp;possible les possibles<\/strong>&nbsp;\u00bb.<\/p>\n\n\n\n<p>Par son&nbsp;<strong>Centre de Formation et de Recherche<\/strong>, l\u2019Adapei des Pyr\u00e9n\u00e9es Atlantiques a d\u00e9velopp\u00e9 des formations de qualit\u00e9, assur\u00e9es par des professionnels de terrain, tous form\u00e9s \u00e0 la fonction de formateur.<\/p>\n\n\n\n<p>En parall\u00e8le, par son secteur&nbsp;<strong>Recherche<\/strong>, l\u2019Adapei des Pyr\u00e9n\u00e9es Atlantiques m\u00e8ne une d\u00e9marche prospective pour anticiper et s\u2019adapter aux \u00e9volutions, en lien avec les universitaires. Elle se situe \u00e0 la pointe de l\u2019innovation, particuli\u00e8rement dans le secteur de l\u2019autisme.<\/p>\n\n\n\n<p>Choisir une formation d\u00e9livr\u00e9e par le CFR, c\u2019est la garantie :<\/p>\n\n\n\n<ul class=\"wp-block-list\">\n<li>De la qualit\u00e9<\/li>\n\n\n\n<li>De l\u2019ad\u00e9quation permanente aux r\u00e9alit\u00e9s des professionnels de terrain<\/li>\n\n\n\n<li>De b\u00e9n\u00e9ficier des r\u00e9sultats de la recherche et de l\u2019innovation<\/li>\n\n\n\n<li>De b\u00e9n\u00e9ficier d\u2019un enseignement&nbsp;qui sorte des sch\u00e9mas traditionnels<\/li>\n<\/ul>\n\n\n\n<p>Le Centre de Formation et de Recherche vous accueille dans ses locaux et peut \u00e9galement vous proposer des formations \u00ab sur mesure \u00bb sur vos sites.<\/p>\n\n\n\n<p><strong>Nos locaux sont accessibles aux personnes \u00e0 mobilit\u00e9 r\u00e9duite.<\/strong><\/p>\n\n\n\n<h2 class=\"wp-block-heading\">Pourquoi avoir d\u00e9velopp\u00e9 un Centre de Formation et de Recherche ?<\/h2>\n\n\n\n<p>Le fondement de notre&nbsp;projet associatif repose sur la notion d\u2019<strong>Apprenance<\/strong>, reconnaissant ainsi chacun en situation de comp\u00e9tences et avec une forte volont\u00e9 de continuer \u00e0 faire monter en comp\u00e9tences nos salari\u00e9s et travailleurs d\u2019ESAT.<\/p>\n\n\n\n<p>Par ailleurs, au regard des mutations qui impactent notre secteur, l\u2019Adapei a choisi de s\u2019inscrire dans une r\u00e9activit\u00e9 permettant une adaptabilit\u00e9 des comp\u00e9tences en temps r\u00e9el.<\/p>\n\n\n\n<p>C&rsquo;est pour r\u00e9pondre \u00e0 tous ces objectifs, que l\u2019association a choisi de d\u00e9velopper son Centre de Formation et de Recherche.<\/p>\n\n\n\n<h3 class=\"wp-block-heading\">A qui s&rsquo;adressent nos formations ?<\/h3>\n\n\n\n<ul class=\"wp-block-list\">\n<li>&nbsp;Aux&nbsp;salari\u00e9s et \u00e0 tout professionnel (lib\u00e9raux&#8230;),<\/li>\n\n\n\n<li>&nbsp;Aux&nbsp;travailleurs d\u2019ESAT et aux personnes accompagn\u00e9es,<\/li>\n\n\n\n<li>&nbsp;Aux familles,<\/li>\n\n\n\n<li>&nbsp;Aux partenaires ext\u00e9rieurs.<\/li>\n<\/ul>\n\n\n\n<h3 class=\"wp-block-heading\">Qui sont nos formateurs ?<\/h3>\n\n\n\n<p>L\u2019Adapei est riche de multiples expertises et comp\u00e9tences&nbsp;; c\u2019est pourquoi, elle a ouvert l\u2019opportunit\u00e9 \u00e0 ses<strong> professionnels de terrain<\/strong> de devenir des formateurs occasionnels, en co-animation possible avec des travailleurs d&rsquo;ESAT, des familles&#8230; . Une formation de formateur est propos\u00e9e syst\u00e9matiquement aux futurs formateurs pour les accompagner dans leurs nouvelles missions et leur permettre d&rsquo;adopter la posture apprenante telle qu&rsquo;attendue \u00e0 l&rsquo;Adapei.<\/p>\n\n\n\n<p>Mais il nous est apparu \u00e9galement important de <strong>continuer \u00e0 faire appel \u00e0 des formateurs ext\u00e9rieurs<\/strong> \u00e0 l&rsquo;Adapei pour continuer de garantir cette multiplicit\u00e9 et cette nouveaut\u00e9 de regards, ainsi que cette ouverture sur l&rsquo;ext\u00e9rieur.<\/p>\n\n\n\n<p>Nos formations sont donc anim\u00e9es par des <strong>formateurs de tout horizon, permettant des formations riches, compl\u00e8tes<\/strong>&nbsp;et coh\u00e9rentes avec les enjeux-m\u00e9tiers d&rsquo;aujourd&rsquo;hui et de demain.<\/p>\n\n\n\n<h3 class=\"wp-block-heading\">Accessibilit\u00e9 de nos formations aux personnes en situation de handicap :<\/h3>\n\n\n\n<p>Nos locaux sont accessibles aux personnes \u00e0 mobilit\u00e9 r\u00e9duite.<\/p>\n\n\n\n<p>Par ailleurs, un soin particulier est apport\u00e9 aux supports de formation afin de les rendre accessibles au plus grand nombre (traduction selon la m\u00e9thode du Facile \u00e0 Lire et \u00e0 Comprendre&#8230;).<\/p>\n\n\n\n<p>Enfin, nos formateurs sont essentiellement des professionnels de l&rsquo;Adapei dont le c\u0153ur de m\u00e9tier est l&rsquo;accompagnement des personnes en situation de handicap. Ils ont la capacit\u00e9 de s&rsquo;adapter aux besoins de chaque stagiaire et certaines formations sont co-anim\u00e9es par plusieurs formateurs, permettant ainsi plus de disponibilit\u00e9 aupr\u00e8s des stagiaires.&nbsp;<\/p>\n\n\n\n<p>Pour toute information relative \u00e0 l&rsquo;accessibilit\u00e9 de nos formations, contacter:&nbsp;Marie Bouchard &#8211; marie.bouchard@adapei64.fr &#8211; 05 59 81 36 98<\/p>\n<\/div>\n\n\n\n<div class=\"wp-block-column formation-sidebar is-layout-flow wp-block-column-is-layout-flow\" style=\"flex-basis:25%\">\n<h3 class=\"wp-block-heading\">Nos th\u00e9matiques de formation<\/h3>\n\n\n<nav class=\"is-responsive menu-thema wp-block-navigation is-layout-flex wp-block-navigation-is-layout-flex\" aria-label=\"Nos th\u00e9matiques\" \n\t\t data-wp-interactive=\"core\/navigation\" data-wp-context='{\"overlayOpenedBy\":{\"click\":false,\"hover\":false,\"focus\":false},\"type\":\"overlay\",\"roleAttribute\":\"\",\"ariaLabel\":\"Menu\"}'><button aria-haspopup=\"dialog\" aria-label=\"Ouvrir le menu\" class=\"wp-block-navigation__responsive-container-open\" \n\t\t\t\tdata-wp-on--click=\"actions.openMenuOnClick\"\n\t\t\t\tdata-wp-on--keydown=\"actions.handleMenuKeydown\"\n\t\t\t><svg width=\"24\" height=\"24\" xmlns=\"http:\/\/www.w3.org\/2000\/svg\" viewBox=\"0 0 24 24\" aria-hidden=\"true\" focusable=\"false\"><path d=\"M4 7.5h16v1.5H4z\"><\/path><path d=\"M4 15h16v1.5H4z\"><\/path><\/svg><\/button>\n\t\t\t\t<div class=\"wp-block-navigation__responsive-container\"  id=\"modal-1\" \n\t\t\t\tdata-wp-class--has-modal-open=\"state.isMenuOpen\"\n\t\t\t\tdata-wp-class--is-menu-open=\"state.isMenuOpen\"\n\t\t\t\tdata-wp-watch=\"callbacks.initMenu\"\n\t\t\t\tdata-wp-on--keydown=\"actions.handleMenuKeydown\"\n\t\t\t\tdata-wp-on--focusout=\"actions.handleMenuFocusout\"\n\t\t\t\ttabindex=\"-1\"\n\t\t\t>\n\t\t\t\t\t<div class=\"wp-block-navigation__responsive-close\" tabindex=\"-1\">\n\t\t\t\t\t\t<div class=\"wp-block-navigation__responsive-dialog\" \n\t\t\t\tdata-wp-bind--aria-modal=\"state.ariaModal\"\n\t\t\t\tdata-wp-bind--aria-label=\"state.ariaLabel\"\n\t\t\t\tdata-wp-bind--role=\"state.roleAttribute\"\n\t\t\t>\n\t\t\t\t\t\t\t<button aria-label=\"Fermer le menu\" class=\"wp-block-navigation__responsive-container-close\" \n\t\t\t\tdata-wp-on--click=\"actions.closeMenuOnClick\"\n\t\t\t><svg xmlns=\"http:\/\/www.w3.org\/2000\/svg\" viewBox=\"0 0 24 24\" width=\"24\" height=\"24\" aria-hidden=\"true\" focusable=\"false\"><path d=\"m13.06 12 6.47-6.47-1.06-1.06L12 10.94 5.53 4.47 4.47 5.53 10.94 12l-6.47 6.47 1.06 1.06L12 13.06l6.47 6.47 1.06-1.06L13.06 12Z\"><\/path><\/svg><\/button>\n\t\t\t\t\t\t\t<div class=\"wp-block-navigation__responsive-container-content\" \n\t\t\t\tdata-wp-watch=\"callbacks.focusFirstElement\"\n\t\t\t id=\"modal-1-content\">\n\t\t\t\t\t\t\t\t<ul class=\"wp-block-navigation__container is-responsive menu-thema wp-block-navigation\"><li class=\" wp-block-navigation-item  menu-item menu-item-type-post_type menu-item-object-page wp-block-navigation-link\"><a class=\"wp-block-navigation-item__content\"  href=\"https:\/\/www.adapei64.fr\/site\/cfr\/formation\/handicap-et-soins\/\" title=\"\"><span class=\"wp-block-navigation-item__label\">Handicap et soins<\/span><\/a><\/li><li class=\" wp-block-navigation-item  menu-item menu-item-type-post_type menu-item-object-page wp-block-navigation-link\"><a class=\"wp-block-navigation-item__content\"  href=\"https:\/\/www.adapei64.fr\/site\/cfr\/formation\/qualite-de-vie-et-des-conditions-de-travail-qvct\/\" title=\"\"><span class=\"wp-block-navigation-item__label\">Qualit\u00e9 de vie et des conditions de travail (QVCT)<\/span><\/a><\/li><li class=\" wp-block-navigation-item  menu-item menu-item-type-post_type menu-item-object-page wp-block-navigation-link\"><a class=\"wp-block-navigation-item__content\"  href=\"https:\/\/www.adapei64.fr\/site\/cfr\/formation\/en-lien-avec-les-esat\/\" title=\"\"><span class=\"wp-block-navigation-item__label\">En lien avec les ESAT<\/span><\/a><\/li><li class=\" wp-block-navigation-item  menu-item menu-item-type-post_type menu-item-object-page wp-block-navigation-link\"><a class=\"wp-block-navigation-item__content\"  href=\"https:\/\/www.adapei64.fr\/site\/cfr\/formation\/informatique\/\" title=\"\"><span class=\"wp-block-navigation-item__label\">Informatique<\/span><\/a><\/li><\/ul>\n\t\t\t\t\t\t\t<\/div>\n\t\t\t\t\t\t<\/div>\n\t\t\t\t\t<\/div>\n\t\t\t\t<\/div><\/nav>\n\n\n<figure class=\"wp-block-image size-large has-custom-border\"><a href=\"https:\/\/www.adapei64.fr\/site\/cfr\/wp-content\/uploads\/sites\/2\/2024\/04\/Adapei64-CFR-Catalogue-Formations.pdf\" target=\"_blank\" rel=\"noopener\"><img decoding=\"async\" src=\"http:\/\/www.adapei64.fr\/site\/cfr\/wp-content\/uploads\/sites\/2\/2026\/01\/CatalogueFormations-2026.png\" alt=\"Catalogue de formation 2024\" style=\"border-width:22px\" \/><\/a><\/figure>\n\n\n\n<p>.plus-navigation-wrap.nav-menu64a40c3b3f0b3 #theplus-navigation-normal-menu{display: block!important;}<\/p>\n\n\n\n<div class=\"wp-block-buttons is-layout-flex wp-block-buttons-is-layout-flex\">\n<div class=\"wp-block-button has-custom-width wp-block-button__width-100\"><a class=\"wp-block-button__link has-background wp-element-button\" href=\"http:\/\/www.adapei64.fr\/site\/cfr\/wp-content\/uploads\/sites\/2\/2024\/07\/CFR-Livret-Accueil.pdf\" style=\"border-radius:2px;background-color:#017e98\" target=\"_blank\" rel=\"noreferrer noopener\">Livret d&rsquo;accueil et R\u00e8glement int\u00e9rieur du CFR<\/a><\/div>\n\n\n\n<div class=\"wp-block-button has-custom-width wp-block-button__width-100\"><a class=\"wp-block-button__link has-background wp-element-button\" href=\"https:\/\/www.adapei64.fr\/site\/cfr\/conditions-generales-de-vente\/\" style=\"border-radius:2px;background-color:#017e98\" target=\"_blank\" rel=\"noreferrer noopener\">Conditions g\u00e9n\u00e9rales de vente<\/a><\/div>\n\n\n\n<div class=\"wp-block-button has-custom-width wp-block-button__width-100\"><a class=\"wp-block-button__link has-background wp-element-button\" href=\"https:\/\/www.adapei64.fr\/site\/cfr\/accessibilite-des-personnes-en-situation-de-handicap\/\" style=\"border-radius:2px;background-color:#017e98\" target=\"_blank\" rel=\"noreferrer noopener\">Accessibilit\u00e9 des personnes en situation de handicap<\/a><\/div>\n\n\n\n<div class=\"wp-block-button has-custom-width wp-block-button__width-100\"><a class=\"wp-block-button__link has-background wp-element-button\" href=\"http:\/\/www.adapei64.fr\/site\/cfr\/wp-content\/uploads\/sites\/2\/2026\/03\/Organigramme-CFR-14-04-2026.pdf\" style=\"border-radius:2px;background-color:#017e98\">Organigramme du CFR<\/a><\/div>\n<\/div>\n\n\n\n<p><a href=\"http:\/\/www.adapei64.fr\/site\/cfr\/wp-content\/uploads\/sites\/2\/2023\/07\/CFR-Organigramme.pdf\" target=\"_blank\" rel=\"noopener\"><br><\/a><\/p>\n<\/div>\n<\/div>\n","protected":false},"excerpt":{"rendered":"<p>Pourquoi choisir le Centre de Formation et de Recherche de l&rsquo;Adapei des Pyr\u00e9n\u00e9es-Atlantiques ? Depuis sa cr\u00e9ation en 1962,&nbsp; l\u2019Adapei&nbsp;des Pyr\u00e9n\u00e9es Atlantiques&nbsp;n\u2019a cess\u00e9 d\u2019exp\u00e9rimenter et d\u2019apprendre, ce qui lui a permis de d\u00e9velopper et de transmettre des savoirs, des savoirs faire et des savoirs \u00eatre. Elle a ainsi pu d\u00e9velopper une v\u00e9ritable&nbsp;expertise dans l\u2019accompagnement des [&hellip;]<\/p>\n","protected":false},"author":1,"featured_media":178,"parent":0,"menu_order":1,"comment_status":"closed","ping_status":"open","template":"","meta":{"_acf_changed":false,"footnotes":""},"class_list":["post-565","page","type-page","status-publish","has-post-thumbnail","hentry"],"acf":[],"distributor_meta":false,"distributor_terms":false,"distributor_media":false,"distributor_original_site_name":"Centre de Formation et de Recherche","distributor_original_site_url":"https:\/\/www.adapei64.fr\/site\/cfr","push-errors":false,"_links":{"self":[{"href":"https:\/\/www.adapei64.fr\/site\/cfr\/wp-json\/wp\/v2\/pages\/565","targetHints":{"allow":["GET"]}}],"collection":[{"href":"https:\/\/www.adapei64.fr\/site\/cfr\/wp-json\/wp\/v2\/pages"}],"about":[{"href":"https:\/\/www.adapei64.fr\/site\/cfr\/wp-json\/wp\/v2\/types\/page"}],"author":[{"embeddable":true,"href":"https:\/\/www.adapei64.fr\/site\/cfr\/wp-json\/wp\/v2\/users\/1"}],"replies":[{"embeddable":true,"href":"https:\/\/www.adapei64.fr\/site\/cfr\/wp-json\/wp\/v2\/comments?post=565"}],"version-history":[{"count":24,"href":"https:\/\/www.adapei64.fr\/site\/cfr\/wp-json\/wp\/v2\/pages\/565\/revisions"}],"predecessor-version":[{"id":3549,"href":"https:\/\/www.adapei64.fr\/site\/cfr\/wp-json\/wp\/v2\/pages\/565\/revisions\/3549"}],"wp:featuredmedia":[{"embeddable":true,"href":"https:\/\/www.adapei64.fr\/site\/cfr\/wp-json\/wp\/v2\/media\/178"}],"wp:attachment":[{"href":"https:\/\/www.adapei64.fr\/site\/cfr\/wp-json\/wp\/v2\/media?parent=565"}],"curies":[{"name":"wp","href":"https:\/\/api.w.org\/{rel}","templated":true}]}}