{"id":2240,"date":"2023-01-25T17:20:43","date_gmt":"2023-01-25T16:20:43","guid":{"rendered":"https:\/\/www.adapei64.fr\/site\/espiute\/?page_id=2240"},"modified":"2024-01-16T16:31:18","modified_gmt":"2024-01-16T15:31:18","slug":"ou-nous-trouver","status":"publish","type":"page","link":"https:\/\/www.adapei64.fr\/site\/espiute\/?page_id=2240","title":{"rendered":"O\u00f9 trouver nos produits ?"},"content":{"rendered":"\n<h2 class=\"wp-block-heading\">Sur notre site<\/h2>\n\n\n\n<div class=\"wp-block-columns are-vertically-aligned-center is-layout-flex wp-container-core-columns-is-layout-28f84493 wp-block-columns-is-layout-flex\">\n<div class=\"wp-block-column is-vertically-aligned-center is-layout-flow wp-block-column-is-layout-flow\">\n<figure class=\"wp-block-image size-large\"><img loading=\"lazy\" decoding=\"async\" width=\"1024\" height=\"522\" src=\"http:\/\/www.adapei64.fr\/site\/espiute\/wp-content\/uploads\/sites\/8\/2023\/04\/BoutiqueChateau-1024x522.jpg\" alt=\"Boutique de l'ESAT\" class=\"wp-image-2381\" srcset=\"https:\/\/www.adapei64.fr\/site\/espiute\/wp-content\/uploads\/sites\/8\/2023\/04\/BoutiqueChateau-1024x522.jpg 1024w, https:\/\/www.adapei64.fr\/site\/espiute\/wp-content\/uploads\/sites\/8\/2023\/04\/BoutiqueChateau-300x153.jpg 300w, https:\/\/www.adapei64.fr\/site\/espiute\/wp-content\/uploads\/sites\/8\/2023\/04\/BoutiqueChateau-768x392.jpg 768w, https:\/\/www.adapei64.fr\/site\/espiute\/wp-content\/uploads\/sites\/8\/2023\/04\/BoutiqueChateau-1536x783.jpg 1536w, https:\/\/www.adapei64.fr\/site\/espiute\/wp-content\/uploads\/sites\/8\/2023\/04\/BoutiqueChateau-600x306.jpg 600w, https:\/\/www.adapei64.fr\/site\/espiute\/wp-content\/uploads\/sites\/8\/2023\/04\/BoutiqueChateau.jpg 1690w\" sizes=\"auto, (max-width: 1024px) 100vw, 1024px\" \/><\/figure>\n<\/div>\n\n\n\n<div class=\"wp-block-column is-vertically-aligned-center is-layout-flow wp-block-column-is-layout-flow\">\n<h3 class=\"wp-block-heading\">Horaires de la boutique sur notre site<br>du Ch\u00e2teau d&rsquo;Espiute 64390 Espiute :<\/h3>\n\n\n\n<p>Lundi : 14h &#8211; 16h<br>Du mardi au vendredi : 9h30 &#8211; 12h30 \/ 13h30 &#8211; 16h<\/p>\n<\/div>\n<\/div>\n\n\n\n<hr class=\"wp-block-separator has-alpha-channel-opacity is-style-dots\"\/>\n\n\n\n<h2 class=\"wp-block-heading\">Sur les march\u00e9s<\/h2>\n\n\n\n<div class=\"wp-block-columns are-vertically-aligned-center is-layout-flex wp-container-core-columns-is-layout-28f84493 wp-block-columns-is-layout-flex\">\n<div class=\"wp-block-column is-vertically-aligned-center has-global-padding is-layout-constrained wp-block-column-is-layout-constrained\" style=\"flex-basis:35%\">\n<figure class=\"wp-block-image alignfull\"><img decoding=\"async\" src=\"https:\/\/www.adapei64.fr\/site\/espiute\/wp-content\/uploads\/sites\/8\/2023\/04\/StPalais.jpg\" alt=\"Place de St Palais\"\/><\/figure>\n<\/div>\n\n\n\n<div class=\"wp-block-column is-vertically-aligned-center is-layout-flow wp-block-column-is-layout-flow\">\n<h3 class=\"wp-block-heading\">A Saint-Palais :<\/h3>\n\n\n\n<p>les vendredis matins sous les halles<\/p>\n<\/div>\n<\/div>\n\n\n\n<div class=\"wp-block-columns are-vertically-aligned-center is-layout-flex wp-container-core-columns-is-layout-28f84493 wp-block-columns-is-layout-flex\">\n<div class=\"wp-block-column is-vertically-aligned-center is-layout-flow wp-block-column-is-layout-flow\" style=\"flex-basis:35%\">\n<figure class=\"wp-block-image alignfull size-full\"><img loading=\"lazy\" decoding=\"async\" width=\"510\" height=\"292\" src=\"http:\/\/www.adapei64.fr\/site\/espiute\/wp-content\/uploads\/sites\/8\/2023\/04\/Sauveterre.jpg\" alt=\"Sauveterre de B\u00e9arn\" class=\"wp-image-2373\" srcset=\"https:\/\/www.adapei64.fr\/site\/espiute\/wp-content\/uploads\/sites\/8\/2023\/04\/Sauveterre.jpg 510w, https:\/\/www.adapei64.fr\/site\/espiute\/wp-content\/uploads\/sites\/8\/2023\/04\/Sauveterre-300x172.jpg 300w\" sizes=\"auto, (max-width: 510px) 100vw, 510px\" \/><\/figure>\n<\/div>\n\n\n\n<div class=\"wp-block-column is-vertically-aligned-center is-layout-flow wp-block-column-is-layout-flow\">\n<h3 class=\"wp-block-heading\">A Sauveterre-de-B\u00e9arn :<\/h3>\n\n\n\n<p>les samedis matins sur la place royale<\/p>\n<\/div>\n<\/div>\n\n\n\n<div class=\"wp-block-columns are-vertically-aligned-center is-layout-flex wp-container-core-columns-is-layout-28f84493 wp-block-columns-is-layout-flex\">\n<div class=\"wp-block-column is-vertically-aligned-center is-layout-flow wp-block-column-is-layout-flow\" style=\"flex-basis:35%\">\n<figure class=\"wp-block-image alignfull size-full\"><img loading=\"lazy\" decoding=\"async\" width=\"512\" height=\"261\" src=\"http:\/\/www.adapei64.fr\/site\/espiute\/wp-content\/uploads\/sites\/8\/2023\/04\/Mauleon.jpg\" alt=\"Maul\u00e9on-Licharre\" class=\"wp-image-2372\" srcset=\"https:\/\/www.adapei64.fr\/site\/espiute\/wp-content\/uploads\/sites\/8\/2023\/04\/Mauleon.jpg 512w, https:\/\/www.adapei64.fr\/site\/espiute\/wp-content\/uploads\/sites\/8\/2023\/04\/Mauleon-300x153.jpg 300w\" sizes=\"auto, (max-width: 512px) 100vw, 512px\" \/><\/figure>\n<\/div>\n\n\n\n<div class=\"wp-block-column is-vertically-aligned-center is-layout-flow wp-block-column-is-layout-flow\">\n<h3 class=\"wp-block-heading\">A Maul\u00e9on-Licharre :<\/h3>\n\n\n\n<p>les samedis matins sur la place du fronton<\/p>\n<\/div>\n<\/div>\n\n\n\n<hr class=\"wp-block-separator has-alpha-channel-opacity is-style-dots\"\/>\n\n\n\n<h2 class=\"wp-block-heading\">En livraison<\/h2>\n\n\n\n<details class=\"wp-block-details is-layout-flow wp-block-details-is-layout-flow\"><summary><a tabindex=\"0\">Mardi : Secteur Haut B\u00e9arn<\/a><\/summary>\n<ul class=\"wp-block-list\">\n<li>Complexe du Gabarn<\/li>\n<\/ul>\n<\/details>\n\n\n\n<details class=\"wp-block-details is-layout-flow wp-block-details-is-layout-flow\"><summary><a tabindex=\"0\">Mercredi : Secteur C\u00f4te Basque<\/a><\/summary>\n<ul class=\"wp-block-list\">\n<li>Centre de Transfusion de Bayonne<\/li>\n\n\n\n<li>Sous-pr\u00e9fecture de Bayonne<\/li>\n\n\n\n<li>Nid Basque<\/li>\n\n\n\n<li>Cr\u00e8che Estrella (Biarritz)<\/li>\n\n\n\n<li>Bardos (Devant la Boulangerie, 11h)<\/li>\n\n\n\n<li>Cr\u00e8che Mouriscot<\/li>\n\n\n\n<li>Magasin Pascal Daveluy (Anglet)<\/li>\n<\/ul>\n<\/details>\n\n\n\n<details class=\"wp-block-details is-layout-flow wp-block-details-is-layout-flow\"><summary><a tabindex=\"0\">Jeudi : Secteur Palois<\/a><\/summary>\n<ul class=\"wp-block-list\">\n<li>Si\u00e8ge de l\u2019Adapei des Pyr\u00e9n\u00e9es-Atlantiques<\/li>\n\n\n\n<li>ASFA 64 (site Pau)<\/li>\n\n\n\n<li>Chamois Pyr\u00e9n\u00e9ens<\/li>\n\n\n\n<li>Coll\u00e8ge de Bill\u00e8re<\/li>\n\n\n\n<li>Coll\u00e8ge de Serres-Castet<\/li>\n\n\n\n<li>DDTM<\/li>\n\n\n\n<li>ESAT Colo-Coustau<\/li>\n\n\n\n<li>SESIPS<\/li>\n\n\n\n<li>Complexe de Sauvagnon<\/li>\n\n\n\n<li>IME Georgette Berthe<br>Pr\u00e9fecture de Pau<\/li>\n\n\n\n<li>ESAT Le Hameau<\/li>\n\n\n\n<li>SESSAD les Petits Prince<\/li>\n\n\n\n<li>ESAT ALPHA<\/li>\n\n\n\n<li>Mas Lou Caminot<\/li>\n\n\n\n<li>Foyer du Bial\u00e9<\/li>\n\n\n\n<li>SESIPS site Arc-en-ciel<\/li>\n\n\n\n<li>PSAT \/ P\u00f4le Laherr\u00e8re<\/li>\n<\/ul>\n<\/details>\n\n\n\n<details class=\"wp-block-details is-layout-flow wp-block-details-is-layout-flow\"><summary><a tabindex=\"0\">Vendredi : Secteur Haut B\u00e9arn<\/a><\/summary>\n<ul class=\"wp-block-list\">\n<li>Fondation Pomme&nbsp;<\/li>\n\n\n\n<li>Centre Hospitalier d\u2019Oloron-Ste-Marie<\/li>\n\n\n\n<li>Sous-pr\u00e9fecture d\u2019Oloron-Ste-Marie<\/li>\n\n\n\n<li>CAS d\u2019Oloron-Ste-Marie<\/li>\n\n\n\n<li>Lyc\u00e9e Supervielle<\/li>\n\n\n\n<li>R\u00e9sidence Baretous<\/li>\n\n\n\n<li>Foyer Ren\u00e9 Gabe<\/li>\n\n\n\n<li>Capa Camou<\/li>\n\n\n\n<li>IME l\u2019Espoir<\/li>\n<\/ul>\n<\/details>\n","protected":false},"excerpt":{"rendered":"<p>Sur notre site Horaires de la boutique sur notre sitedu Ch\u00e2teau d&rsquo;Espiute 64390 Espiute : Lundi : 14h &#8211; 16hDu mardi au vendredi : 9h30 &#8211; 12h30 \/ 13h30 &#8211; 16h Sur les march\u00e9s A Saint-Palais : les vendredis matins sous les halles A Sauveterre-de-B\u00e9arn : les samedis matins sur la place royale A Maul\u00e9on-Licharre [&hellip;]<\/p>\n","protected":false},"author":109,"featured_media":2381,"parent":0,"menu_order":0,"comment_status":"closed","ping_status":"closed","template":"","meta":{"footnotes":""},"class_list":["post-2240","page","type-page","status-publish","has-post-thumbnail","hentry"],"distributor_meta":false,"distributor_terms":false,"distributor_media":false,"distributor_original_site_name":"Complexe d&#039;Espiute","distributor_original_site_url":"https:\/\/www.adapei64.fr\/site\/espiute","push-errors":false,"_links":{"self":[{"href":"https:\/\/www.adapei64.fr\/site\/espiute\/index.php?rest_route=\/wp\/v2\/pages\/2240","targetHints":{"allow":["GET"]}}],"collection":[{"href":"https:\/\/www.adapei64.fr\/site\/espiute\/index.php?rest_route=\/wp\/v2\/pages"}],"about":[{"href":"https:\/\/www.adapei64.fr\/site\/espiute\/index.php?rest_route=\/wp\/v2\/types\/page"}],"author":[{"embeddable":true,"href":"https:\/\/www.adapei64.fr\/site\/espiute\/index.php?rest_route=\/wp\/v2\/users\/109"}],"replies":[{"embeddable":true,"href":"https:\/\/www.adapei64.fr\/site\/espiute\/index.php?rest_route=%2Fwp%2Fv2%2Fcomments&post=2240"}],"version-history":[{"count":36,"href":"https:\/\/www.adapei64.fr\/site\/espiute\/index.php?rest_route=\/wp\/v2\/pages\/2240\/revisions"}],"predecessor-version":[{"id":6355,"href":"https:\/\/www.adapei64.fr\/site\/espiute\/index.php?rest_route=\/wp\/v2\/pages\/2240\/revisions\/6355"}],"wp:featuredmedia":[{"embeddable":true,"href":"https:\/\/www.adapei64.fr\/site\/espiute\/index.php?rest_route=\/wp\/v2\/media\/2381"}],"wp:attachment":[{"href":"https:\/\/www.adapei64.fr\/site\/espiute\/index.php?rest_route=%2Fwp%2Fv2%2Fmedia&parent=2240"}],"curies":[{"name":"wp","href":"https:\/\/api.w.org\/{rel}","templated":true}]}}