{"id":2337,"date":"2023-03-22T16:47:15","date_gmt":"2023-03-22T15:47:15","guid":{"rendered":"https:\/\/www.adapei64.fr\/site\/espiute\/?post_type=product&#038;p=2337"},"modified":"2026-04-09T15:15:53","modified_gmt":"2026-04-09T13:15:53","slug":"blancs-de-poulet-2-pieces","status":"publish","type":"product","link":"https:\/\/www.adapei64.fr\/site\/espiute\/?product=blancs-de-poulet-2-pieces","title":{"rendered":"Blancs de poulet (2 pi\u00e8ces)"},"content":{"rendered":"<ul>\n<li>Poulet \u00e9lev\u00e9 en plein air sur notre exploitation et abattu au sein de notre abattoir agr\u00e9\u00e9<\/li>\n<li>Poids environ 400g<\/li>\n<li>2 pi\u00e8ces<\/li>\n<\/ul>\n","protected":false},"excerpt":{"rendered":"<p>Poulet \u00e9lev\u00e9 en plein air sur notre exploitation et abattu au sein de notre abattoir agr\u00e9\u00e9 Poids environ 400g 2 pi\u00e8ces<\/p>\n","protected":false},"featured_media":2404,"comment_status":"closed","ping_status":"closed","template":"","meta":[],"pwb-brand":[37],"product_brand":[],"product_cat":[15,13668,13632],"product_tag":[],"class_list":{"0":"post-2337","1":"product","2":"type-product","3":"status-publish","4":"has-post-thumbnail","6":"pwb-brand-chateau-despiute","7":"product_cat-produits_esat","8":"product_cat-produits-frais","9":"product_cat-volailles","11":"first","12":"instock","13":"shipping-taxable","14":"purchasable","15":"product-type-simple"},"brands":[{"id":37,"name":"Ch\u00e2teau d'Espiute","slug":"chateau-despiute"}],"distributor_meta":false,"distributor_terms":false,"distributor_media":false,"distributor_original_site_name":"Complexe d&#039;Espiute","distributor_original_site_url":"https:\/\/www.adapei64.fr\/site\/espiute","push-errors":false,"_links":{"self":[{"href":"https:\/\/www.adapei64.fr\/site\/espiute\/index.php?rest_route=\/wp\/v2\/product\/2337","targetHints":{"allow":["GET"]}}],"collection":[{"href":"https:\/\/www.adapei64.fr\/site\/espiute\/index.php?rest_route=\/wp\/v2\/product"}],"about":[{"href":"https:\/\/www.adapei64.fr\/site\/espiute\/index.php?rest_route=\/wp\/v2\/types\/product"}],"replies":[{"embeddable":true,"href":"https:\/\/www.adapei64.fr\/site\/espiute\/index.php?rest_route=%2Fwp%2Fv2%2Fcomments&post=2337"}],"wp:featuredmedia":[{"embeddable":true,"href":"https:\/\/www.adapei64.fr\/site\/espiute\/index.php?rest_route=\/wp\/v2\/media\/2404"}],"wp:attachment":[{"href":"https:\/\/www.adapei64.fr\/site\/espiute\/index.php?rest_route=%2Fwp%2Fv2%2Fmedia&parent=2337"}],"wp:term":[{"taxonomy":"pwb-brand","embeddable":true,"href":"https:\/\/www.adapei64.fr\/site\/espiute\/index.php?rest_route=%2Fwp%2Fv2%2Fpwb-brand&post=2337"},{"taxonomy":"product_brand","embeddable":true,"href":"https:\/\/www.adapei64.fr\/site\/espiute\/index.php?rest_route=%2Fwp%2Fv2%2Fproduct_brand&post=2337"},{"taxonomy":"product_cat","embeddable":true,"href":"https:\/\/www.adapei64.fr\/site\/espiute\/index.php?rest_route=%2Fwp%2Fv2%2Fproduct_cat&post=2337"},{"taxonomy":"product_tag","embeddable":true,"href":"https:\/\/www.adapei64.fr\/site\/espiute\/index.php?rest_route=%2Fwp%2Fv2%2Fproduct_tag&post=2337"}],"curies":[{"name":"wp","href":"https:\/\/api.w.org\/{rel}","templated":true}]}}