{"id":2338,"date":"2023-03-22T16:47:53","date_gmt":"2023-03-22T15:47:53","guid":{"rendered":"https:\/\/www.adapei64.fr\/site\/espiute\/?post_type=product&#038;p=2338"},"modified":"2026-04-14T15:04:13","modified_gmt":"2026-04-14T13:04:13","slug":"ailerons-de-poulets-10-pieces","status":"publish","type":"product","link":"https:\/\/www.adapei64.fr\/site\/espiute\/?product=ailerons-de-poulets-10-pieces","title":{"rendered":"Ailerons de poulets (10 pi\u00e8ces) &#8211;"},"content":{"rendered":"<ul>\n<li>Poulet \u00e9lev\u00e9 en plein air sur notre exploitation et abattu au sein de notre abattoir agr\u00e9\u00e9<\/li>\n<li>Poids variables<\/li>\n<li>10 pi\u00e8ces<\/li>\n<\/ul>\n","protected":false},"excerpt":{"rendered":"<p>Poulet \u00e9lev\u00e9 en plein air sur notre exploitation et abattu au sein de notre abattoir agr\u00e9\u00e9 Poids variables 10 pi\u00e8ces<\/p>\n","protected":false},"featured_media":0,"comment_status":"closed","ping_status":"closed","template":"","meta":[],"pwb-brand":[37],"product_brand":[],"product_cat":[13701,15,13668,13632],"product_tag":[],"class_list":{"0":"post-2338","1":"product","2":"type-product","3":"status-publish","5":"pwb-brand-chateau-despiute","6":"product_cat-les-produits-de-lesat-despiute","7":"product_cat-produits_esat","8":"product_cat-produits-frais","9":"product_cat-volailles","11":"first","12":"instock","13":"shipping-taxable","14":"purchasable","15":"product-type-simple"},"brands":[{"id":37,"name":"Ch\u00e2teau d'Espiute","slug":"chateau-despiute"}],"distributor_meta":false,"distributor_terms":false,"distributor_media":false,"distributor_original_site_name":"Complexe d&#039;Espiute","distributor_original_site_url":"https:\/\/www.adapei64.fr\/site\/espiute","push-errors":false,"_links":{"self":[{"href":"https:\/\/www.adapei64.fr\/site\/espiute\/index.php?rest_route=\/wp\/v2\/product\/2338","targetHints":{"allow":["GET"]}}],"collection":[{"href":"https:\/\/www.adapei64.fr\/site\/espiute\/index.php?rest_route=\/wp\/v2\/product"}],"about":[{"href":"https:\/\/www.adapei64.fr\/site\/espiute\/index.php?rest_route=\/wp\/v2\/types\/product"}],"replies":[{"embeddable":true,"href":"https:\/\/www.adapei64.fr\/site\/espiute\/index.php?rest_route=%2Fwp%2Fv2%2Fcomments&post=2338"}],"wp:attachment":[{"href":"https:\/\/www.adapei64.fr\/site\/espiute\/index.php?rest_route=%2Fwp%2Fv2%2Fmedia&parent=2338"}],"wp:term":[{"taxonomy":"pwb-brand","embeddable":true,"href":"https:\/\/www.adapei64.fr\/site\/espiute\/index.php?rest_route=%2Fwp%2Fv2%2Fpwb-brand&post=2338"},{"taxonomy":"product_brand","embeddable":true,"href":"https:\/\/www.adapei64.fr\/site\/espiute\/index.php?rest_route=%2Fwp%2Fv2%2Fproduct_brand&post=2338"},{"taxonomy":"product_cat","embeddable":true,"href":"https:\/\/www.adapei64.fr\/site\/espiute\/index.php?rest_route=%2Fwp%2Fv2%2Fproduct_cat&post=2338"},{"taxonomy":"product_tag","embeddable":true,"href":"https:\/\/www.adapei64.fr\/site\/espiute\/index.php?rest_route=%2Fwp%2Fv2%2Fproduct_tag&post=2338"}],"curies":[{"name":"wp","href":"https:\/\/api.w.org\/{rel}","templated":true}]}}