{"id":3136,"date":"2023-11-16T15:12:55","date_gmt":"2023-11-16T14:12:55","guid":{"rendered":"https:\/\/www.adapei64.fr\/site\/espiute\/?post_type=product&#038;p=3136"},"modified":"2026-02-19T10:17:13","modified_gmt":"2026-02-19T09:17:13","slug":"bloc-de-foie-gras-de-canard-30-morceaux-sud-ouest","status":"publish","type":"product","link":"https:\/\/www.adapei64.fr\/site\/espiute\/?product=bloc-de-foie-gras-de-canard-30-morceaux-sud-ouest","title":{"rendered":"Bloc de foie gras de canard 30% morceaux sud-ouest"},"content":{"rendered":"<p>Ce produit est compos\u00e9 de foie gras de canard reconstitu\u00e9.<\/p>\n<p>Il contient \u00e9galement 30 % de morceaux de foie gras entier apparents \u00e0 la coupe (1\u00e8re cat\u00e9gorie).<\/p>\n","protected":false},"excerpt":{"rendered":"<p>Ce produit est compos\u00e9 de foie gras de canard reconstitu\u00e9. Il contient \u00e9galement 30 % de morceaux de foie gras entier apparents \u00e0 la coupe (1\u00e8re cat\u00e9gorie).<\/p>\n","protected":false},"featured_media":3135,"comment_status":"closed","ping_status":"closed","template":"","meta":[],"pwb-brand":[36],"product_brand":[],"product_cat":[13677,15,13633],"product_tag":[],"class_list":{"0":"post-3136","1":"product","2":"type-product","3":"status-publish","4":"has-post-thumbnail","6":"pwb-brand-chateau-bellevue","7":"product_cat-foiegras-rillettes-pates","8":"product_cat-produits_esat","9":"product_cat-produits-sales","11":"first","12":"instock","13":"shipping-taxable","14":"purchasable","15":"product-type-variable"},"brands":[{"id":36,"name":"Les produits du Ch\u00e2teau Bellevue","slug":"chateau-bellevue"}],"distributor_meta":false,"distributor_terms":false,"distributor_media":false,"distributor_original_site_name":"Complexe d&#039;Espiute","distributor_original_site_url":"https:\/\/www.adapei64.fr\/site\/espiute","push-errors":false,"_links":{"self":[{"href":"https:\/\/www.adapei64.fr\/site\/espiute\/index.php?rest_route=\/wp\/v2\/product\/3136","targetHints":{"allow":["GET"]}}],"collection":[{"href":"https:\/\/www.adapei64.fr\/site\/espiute\/index.php?rest_route=\/wp\/v2\/product"}],"about":[{"href":"https:\/\/www.adapei64.fr\/site\/espiute\/index.php?rest_route=\/wp\/v2\/types\/product"}],"replies":[{"embeddable":true,"href":"https:\/\/www.adapei64.fr\/site\/espiute\/index.php?rest_route=%2Fwp%2Fv2%2Fcomments&post=3136"}],"wp:featuredmedia":[{"embeddable":true,"href":"https:\/\/www.adapei64.fr\/site\/espiute\/index.php?rest_route=\/wp\/v2\/media\/3135"}],"wp:attachment":[{"href":"https:\/\/www.adapei64.fr\/site\/espiute\/index.php?rest_route=%2Fwp%2Fv2%2Fmedia&parent=3136"}],"wp:term":[{"taxonomy":"pwb-brand","embeddable":true,"href":"https:\/\/www.adapei64.fr\/site\/espiute\/index.php?rest_route=%2Fwp%2Fv2%2Fpwb-brand&post=3136"},{"taxonomy":"product_brand","embeddable":true,"href":"https:\/\/www.adapei64.fr\/site\/espiute\/index.php?rest_route=%2Fwp%2Fv2%2Fproduct_brand&post=3136"},{"taxonomy":"product_cat","embeddable":true,"href":"https:\/\/www.adapei64.fr\/site\/espiute\/index.php?rest_route=%2Fwp%2Fv2%2Fproduct_cat&post=3136"},{"taxonomy":"product_tag","embeddable":true,"href":"https:\/\/www.adapei64.fr\/site\/espiute\/index.php?rest_route=%2Fwp%2Fv2%2Fproduct_tag&post=3136"}],"curies":[{"name":"wp","href":"https:\/\/api.w.org\/{rel}","templated":true}]}}