{"id":10991,"date":"2022-05-24T12:19:24","date_gmt":"2022-05-24T10:19:24","guid":{"rendered":"https:\/\/www.adapei64.fr\/site\/?page_id=10991"},"modified":"2024-08-06T19:34:04","modified_gmt":"2024-08-06T17:34:04","slug":"politique-qvct","status":"publish","type":"page","link":"https:\/\/www.adapei64.fr\/site\/pro-medico-social\/politique-rh\/politique-qvct\/","title":{"rendered":"Politique QVCT"},"content":{"rendered":"\n<div style=\"height:70px\" aria-hidden=\"true\" class=\"wp-block-spacer\"><\/div>\n\n\n\n<div class=\"wp-block-columns is-layout-flex wp-container-core-columns-is-layout-07579d57 wp-block-columns-is-layout-flex\">\n<div class=\"wp-block-column is-layout-flow wp-block-column-is-layout-flow\" style=\"flex-basis:80%\">\n<p class=\"wp-block-paragraph\">L\u2019<strong>Association attache une grande importance au bien-\u00eatre et aux conditions de travail de ces professionnels<\/strong>.<\/p>\n\n\n\n<p class=\"wp-block-paragraph\">Elle s\u2019est ainsi engag\u00e9e dans une d\u00e9marche soci\u00e9talement responsable (RSE) dont la <strong>Qualit\u00e9 de vie et des Conditions de travail (QVCT)<\/strong> est une partie int\u00e9grante.<\/p>\n\n\n\n<p class=\"wp-block-paragraph\">L\u2019Adapei a fait le choix d\u2019articuler sa QVCT autour de 3 grand axes, \u00e0 savoir :<\/p>\n\n\n\n<div style=\"height:35px\" aria-hidden=\"true\" class=\"wp-block-spacer\"><\/div>\n\n\n\n<ul class=\"wp-block-list qvct_conditions\">\n<li>Environnement de travail<\/li>\n\n\n\n<li>Insertion professionnelle et maintien dans l\u2019emploi des professionnels en situation de handicap<\/li>\n\n\n\n<li>Mobilit\u00e9 et Parcours professionnels<\/li>\n\n\n\n<li>Pr\u00e9vention de l\u2019usure professionnelle et la gestion des \u00e2ges<\/li>\n\n\n\n<li>Bien-\u00eatre, Sant\u00e9 et S\u00e9curit\u00e9 au travail<\/li>\n\n\n\n<li>Ad\u00e9quation vie priv\u00e9e \/ vie professionnelle<\/li>\n<\/ul>\n\n\n\n<figure class=\"wp-block-image aligncenter\"><img decoding=\"async\" src=\"https:\/\/www.adapei64.fr\/site\/wp-content\/uploads\/2022\/02\/qvct.png\" alt=\"Qualit\u00e9 de vie et des conditions de travail\"\/><\/figure>\n\n\n\n<div class=\"wp-block-columns are-vertically-aligned-center is-layout-flex wp-container-core-columns-is-layout-7387b849 wp-block-columns-is-layout-flex\">\n<div class=\"wp-block-column is-vertically-aligned-center qvct_relations is-layout-flow wp-block-column-is-layout-flow\">\n<ul class=\"wp-block-list\">\n<li><p>Communication<\/p><\/li>\n\n\n\n<li><p>Partage, reconnaissance et valorisation du travail<\/p><br><\/li>\n<\/ul>\n<\/div>\n\n\n\n<div class=\"wp-block-column is-vertically-aligned-center qvct_organisation is-layout-flow wp-block-column-is-layout-flow\">\n<ul class=\"wp-block-list\">\n<li>M\u00e9thodologie d\u2019accompagnement sur l\u2019ing\u00e9nierie des organisations de travail sous le versant QVCT<\/li>\n<\/ul>\n<\/div>\n<\/div>\n\n\n\n<div style=\"height:35px\" aria-hidden=\"true\" class=\"wp-block-spacer\"><\/div>\n\n\n\n<p class=\"wp-block-paragraph\">Nous avons successivement travaill\u00e9 les axes ci-dessus avec des professionnels de terrain et les partenaires sociaux&nbsp;<b>La d\u00e9marche QVCT est une d\u00e9marche qui perdure et s\u2019inscrit durablement dans le temps \u00e0 l\u2019Adapei.<\/b><\/p>\n<\/div>\n\n\n\n<div class=\"wp-block-column is-layout-flow wp-block-column-is-layout-flow\" style=\"flex-basis:20%\">\n<figure class=\"wp-block-image size-full is-resized bloc_bleu\"><a href=\"https:\/\/www.adapei64.fr\/site\/adapei\/\"><img decoding=\"async\" src=\"http:\/\/www.adapei64.fr\/site\/wp-content\/uploads\/2022\/02\/infos-b.svg\" alt=\"\" class=\"wp-image-8077\" style=\"width:auto;height:80px\"\/><\/a><figcaption class=\"wp-element-caption\"><a href=\"https:\/\/www.adapei64.fr\/site\/adapei\/\" data-type=\"page\" data-id=\"728\">En savoir plus sur l&#8217;association<\/a><\/figcaption><\/figure>\n\n\n\n<figure class=\"wp-block-image bloc_bleu\"><a href=\"http:\/\/www.adapei64.fr\/site\/adapei\/projet-associatif-2021-2025\/\"><img decoding=\"async\" src=\"http:\/\/www.adapei64.fr\/site\/wp-content\/uploads\/2020\/11\/ProjetAsso2.png\" alt=\"Projet associatif 2021-2025\"\/><\/a><figcaption class=\"wp-element-caption\"><a href=\"http:\/\/www.adapei64.fr\/site\/adapei\/projet-associatif-2021-2025\/\" target=\"_blank\" rel=\"noreferrer noopener\">Notre projet associatif<\/a><\/figcaption><\/figure>\n\n\n\n<figure class=\"wp-block-image bloc_bleu\"><a href=\"https:\/\/www.adapei64.fr\/site\/adapei\/les-etablissements-et-services\/\"><img decoding=\"async\" src=\"http:\/\/www.adapei64.fr\/site\/wp-content\/uploads\/2021\/02\/TrouverESMS.png\" alt=\"Carte vers les \u00e9tablissements et services de l'Adapei des Pyr\u00e9n\u00e9es-Atlantiques\"\/><\/a><figcaption class=\"wp-element-caption\"><a href=\"https:\/\/www.adapei64.fr\/site\/adapei\/les-etablissements-et-services\/\" data-type=\"page\" data-id=\"1013\">Trouver un \u00e9tablissement ou service<\/a><\/figcaption><\/figure>\n<\/div>\n<\/div>\n","protected":false},"excerpt":{"rendered":"<p>L\u2019Association attache une grande importance au bien-\u00eatre et aux conditions de travail de ces professionnels. Elle s\u2019est ainsi engag\u00e9e dans une d\u00e9marche soci\u00e9talement responsable (RSE) dont la Qualit\u00e9 de vie&hellip; <a class=\"continue\" href=\"https:\/\/www.adapei64.fr\/site\/pro-medico-social\/politique-rh\/politique-qvct\/\">Lire :<span> Politique QVCT<\/span><\/a><\/p>\n","protected":false},"author":1,"featured_media":10933,"parent":2373,"menu_order":2,"comment_status":"closed","ping_status":"closed","template":"","meta":{"_crdt_document":"","om_disable_all_campaigns":false,"_uag_custom_page_level_css":"","_monsterinsights_skip_tracking":false,"_monsterinsights_sitenote_active":false,"_monsterinsights_sitenote_note":"","_monsterinsights_sitenote_category":0,"_uf_show_specific_survey":0,"_uf_disable_surveys":false,"_EventAllDay":false,"_EventTimezone":"","_EventStartDate":"","_EventEndDate":"","_EventStartDateUTC":"","_EventEndDateUTC":"","_EventShowMap":false,"_EventShowMapLink":false,"_EventURL":"","_EventCost":"","_EventCostDescription":"","_EventCurrencySymbol":"","_EventCurrencyCode":"","_EventCurrencyPosition":"","_EventDateTimeSeparator":"","_EventTimeRangeSeparator":"","_EventOrganizerID":[],"_EventVenueID":[],"_OrganizerEmail":"","_OrganizerPhone":"","_OrganizerWebsite":"","_VenueAddress":"","_VenueCity":"","_VenueCountry":"","_VenueProvince":"","_VenueState":"","_VenueZip":"","_VenuePhone":"","_VenueURL":"","_VenueStateProvince":"","_VenueLat":"","_VenueLng":"","_VenueShowMap":false,"_VenueShowMapLink":false,"footnotes":""},"class_list":["post-10991","page","type-page","status-publish","has-post-thumbnail","hentry"],"uagb_featured_image_src":{"full":["https:\/\/www.adapei64.fr\/site\/wp-content\/uploads\/2022\/05\/pexels-antoni-shkraba-6288114-BD.jpg",1000,1500,false],"thumbnail":["https:\/\/www.adapei64.fr\/site\/wp-content\/uploads\/2022\/05\/pexels-antoni-shkraba-6288114-BD-600x600.jpg",600,600,true],"medium":["https:\/\/www.adapei64.fr\/site\/wp-content\/uploads\/2022\/05\/pexels-antoni-shkraba-6288114-BD-667x1000.jpg",667,1000,true],"medium_large":["https:\/\/www.adapei64.fr\/site\/wp-content\/uploads\/2022\/05\/pexels-antoni-shkraba-6288114-BD-768x1152.jpg",768,1152,true],"large":["https:\/\/www.adapei64.fr\/site\/wp-content\/uploads\/2022\/05\/pexels-antoni-shkraba-6288114-BD.jpg",1000,1500,false],"1536x1536":["https:\/\/www.adapei64.fr\/site\/wp-content\/uploads\/2022\/05\/pexels-antoni-shkraba-6288114-BD.jpg",1000,1500,false],"2048x2048":["https:\/\/www.adapei64.fr\/site\/wp-content\/uploads\/2022\/05\/pexels-antoni-shkraba-6288114-BD.jpg",1000,1500,false]},"uagb_author_info":{"display_name":"Marie Lafargue","author_link":"https:\/\/www.adapei64.fr\/site\/author\/marie\/"},"uagb_comment_info":0,"uagb_excerpt":"L\u2019Association attache une grande importance au bien-\u00eatre et aux conditions de travail de ces professionnels. Elle s\u2019est ainsi engag\u00e9e dans une d\u00e9marche soci\u00e9talement responsable (RSE) dont la Qualit\u00e9 de vie&hellip; Lire : Politique QVCT","distributor_meta":false,"distributor_terms":false,"distributor_media":false,"distributor_original_site_name":"Adapei des Pyr\u00e9n\u00e9es-Atlantiques","distributor_original_site_url":"https:\/\/www.adapei64.fr\/site","push-errors":false,"_links":{"self":[{"href":"https:\/\/www.adapei64.fr\/site\/wp-json\/wp\/v2\/pages\/10991","targetHints":{"allow":["GET"]}}],"collection":[{"href":"https:\/\/www.adapei64.fr\/site\/wp-json\/wp\/v2\/pages"}],"about":[{"href":"https:\/\/www.adapei64.fr\/site\/wp-json\/wp\/v2\/types\/page"}],"author":[{"embeddable":true,"href":"https:\/\/www.adapei64.fr\/site\/wp-json\/wp\/v2\/users\/1"}],"replies":[{"embeddable":true,"href":"https:\/\/www.adapei64.fr\/site\/wp-json\/wp\/v2\/comments?post=10991"}],"version-history":[{"count":49,"href":"https:\/\/www.adapei64.fr\/site\/wp-json\/wp\/v2\/pages\/10991\/revisions"}],"predecessor-version":[{"id":15775,"href":"https:\/\/www.adapei64.fr\/site\/wp-json\/wp\/v2\/pages\/10991\/revisions\/15775"}],"up":[{"embeddable":true,"href":"https:\/\/www.adapei64.fr\/site\/wp-json\/wp\/v2\/pages\/2373"}],"wp:featuredmedia":[{"embeddable":true,"href":"https:\/\/www.adapei64.fr\/site\/wp-json\/wp\/v2\/media\/10933"}],"wp:attachment":[{"href":"https:\/\/www.adapei64.fr\/site\/wp-json\/wp\/v2\/media?parent=10991"}],"curies":[{"name":"wp","href":"https:\/\/api.w.org\/{rel}","templated":true}]}}