{"id":13220,"date":"2024-01-12T10:43:55","date_gmt":"2024-01-12T09:43:55","guid":{"rendered":"https:\/\/www.adapei64.fr\/site\/?page_id=13220"},"modified":"2024-01-17T12:12:07","modified_gmt":"2024-01-17T11:12:07","slug":"filiere-restauration","status":"publish","type":"page","link":"https:\/\/www.adapei64.fr\/site\/filiere-restauration\/","title":{"rendered":"Fili\u00e8re restauration"},"content":{"rendered":"\n<div class=\"wp-block-columns alignfull is-layout-flex wp-container-core-columns-is-layout-7387b849 wp-block-columns-is-layout-flex\">\n<div class=\"wp-block-column filiere_cgauche is-layout-flow wp-block-column-is-layout-flow\" style=\"flex-basis:25%\">\n<p class=\"filiere_chiffres wp-block-paragraph\">2 ESAT<\/p>\n\n\n\n<p class=\"wp-block-paragraph\"><span class=\"filiere_chiffres\">35 professionnels<\/span> dont 25 ouvriers en situation de handicap<\/p>\n\n\n\n<p class=\"wp-block-paragraph\"><span class=\"filiere_chiffres\">+ de 140 000<\/span><br>repas \/ an<\/p>\n\n\n\n<figure class=\"wp-block-image size-full filiere_map\"><img decoding=\"async\" src=\"https:\/\/www.adapei64.fr\/site\/wp-content\/uploads\/2024\/01\/CarteRestauration-1.svg\" alt=\"\" class=\"wp-image-13232\"\/><\/figure>\n<\/div>\n\n\n\n<div class=\"wp-block-column filiere_cdroite is-layout-flow wp-block-column-is-layout-flow\" style=\"flex-basis:66.66%\">\n<h2 class=\"wp-block-heading\">Restauration traditionnelle<\/h2>\n\n\n\n<p class=\"wp-block-paragraph\">Restaurant \u00e0 PAU avenue LARRIBAU<br>Ouvert \u00e0 tous de 11h30 \u00e0 14h<br><br>Terrasse ext\u00e9rieure ombrag\u00e9e<br>Produits frais pr\u00e9par\u00e9s sur site<br>Circuit court avec les productions agro-alimentaires<br>des ESAT<\/p>\n\n\n\n<h2 class=\"wp-block-heading\">Restauration rapide<\/h2>\n\n\n\n<p class=\"wp-block-paragraph\">Carte vari\u00e9e : salades et sandwichs \u201cmaison\u201d<br>A emporter ou \u00e0 d\u00e9guster sur place<br>Possibilit\u00e9 de livraison secteur Pau<\/p>\n\n\n\n<h2 class=\"wp-block-heading\">Prestation traiteur<\/h2>\n\n\n\n<p class=\"wp-block-paragraph\">Caf\u00e9 entreprise, buffet froid, lunch\u2026<br>Possibilit\u00e9 service inclus<\/p>\n\n\n\n<h2 class=\"wp-block-heading\">Restauration collective<\/h2>\n\n\n\n<p class=\"wp-block-paragraph\">R\u00e9alisation de repas pour collectivit\u00e9s et \u00e9tablissements m\u00e9dico-sociaux<br>Service possible sur cuisines satellites<\/p>\n\n\n\n<figure class=\"wp-block-gallery has-nested-images columns-6 is-cropped wp-block-gallery-2 is-layout-flex wp-block-gallery-is-layout-flex\">\n<figure class=\"wp-block-image size-thumbnail\"><a href=\"https:\/\/www.adapei64.fr\/site\/wp-content\/uploads\/2022\/05\/2022-05-19-Cabanon-21-BD.jpg\"><img loading=\"lazy\" decoding=\"async\" width=\"600\" height=\"600\" data-id=\"10925\" src=\"https:\/\/www.adapei64.fr\/site\/wp-content\/uploads\/2022\/05\/2022-05-19-Cabanon-21-BD-600x600.jpg\" alt=\"Aur\u00e9lien, ouvrier \u00e0 l'ESAT le Hameau et Anne-Marie Cavret, pr\u00e9sidente de l'Adapei, coupent le ruban du Cabanon du Hameau\" class=\"wp-image-10925\"\/><\/a><\/figure>\n\n\n\n<figure class=\"wp-block-image size-thumbnail\"><a href=\"https:\/\/www.adapei64.fr\/site\/wp-content\/uploads\/2024\/01\/2022-05-19-Cabanon-6-BD.jpg\"><img loading=\"lazy\" decoding=\"async\" width=\"600\" height=\"600\" data-id=\"13276\" src=\"https:\/\/www.adapei64.fr\/site\/wp-content\/uploads\/2024\/01\/2022-05-19-Cabanon-6-BD-600x600.jpg\" alt=\"Deux ouvriers pr\u00e9parent les sandwiches au Cabanon du Hameau\" class=\"wp-image-13276\" srcset=\"https:\/\/www.adapei64.fr\/site\/wp-content\/uploads\/2024\/01\/2022-05-19-Cabanon-6-BD-600x600.jpg 600w, https:\/\/www.adapei64.fr\/site\/wp-content\/uploads\/2024\/01\/2022-05-19-Cabanon-6-BD-700x700.jpg 700w\" sizes=\"auto, (max-width: 600px) 100vw, 600px\" \/><\/a><\/figure>\n\n\n\n<figure class=\"wp-block-image size-thumbnail\"><a href=\"https:\/\/www.adapei64.fr\/site\/wp-content\/uploads\/2022\/05\/2022-05-19-Cabanon-15-BD.jpg\"><img loading=\"lazy\" decoding=\"async\" width=\"600\" height=\"600\" data-id=\"10924\" src=\"https:\/\/www.adapei64.fr\/site\/wp-content\/uploads\/2022\/05\/2022-05-19-Cabanon-15-BD-600x600.jpg\" alt=\"Le buffet et les invit\u00e9s \u00e0 l'\u00e9coute du discours inaugural du Cabanon Le Hameau\" class=\"wp-image-10924\"\/><\/a><\/figure>\n\n\n\n<figure class=\"wp-block-image size-thumbnail\"><a href=\"https:\/\/www.adapei64.fr\/site\/wp-content\/uploads\/2022\/10\/ZeSingulier_22web-149.jpg\"><img loading=\"lazy\" decoding=\"async\" width=\"600\" height=\"600\" data-id=\"11422\" src=\"https:\/\/www.adapei64.fr\/site\/wp-content\/uploads\/2022\/10\/ZeSingulier_22web-149-600x600.jpg\" alt=\"Des plateaux de petits fours pr\u00e9par\u00e9s pour une r\u00e9ception au Zenith.\" class=\"wp-image-11422\" srcset=\"https:\/\/www.adapei64.fr\/site\/wp-content\/uploads\/2022\/10\/ZeSingulier_22web-149-600x600.jpg 600w, https:\/\/www.adapei64.fr\/site\/wp-content\/uploads\/2022\/10\/ZeSingulier_22web-149-700x700.jpg 700w\" sizes=\"auto, (max-width: 600px) 100vw, 600px\" \/><\/a><\/figure>\n\n\n\n<figure class=\"wp-block-image size-thumbnail\"><a href=\"https:\/\/www.adapei64.fr\/site\/wp-content\/uploads\/2022\/10\/ZeSingulier_22web-133.jpg\"><img loading=\"lazy\" decoding=\"async\" width=\"600\" height=\"600\" data-id=\"11414\" src=\"https:\/\/www.adapei64.fr\/site\/wp-content\/uploads\/2022\/10\/ZeSingulier_22web-133-600x600.jpg\" alt=\"Les ouvriers installent le buffet dans une salle de r\u00e9ception au Zenith.\" class=\"wp-image-11414\" srcset=\"https:\/\/www.adapei64.fr\/site\/wp-content\/uploads\/2022\/10\/ZeSingulier_22web-133-600x600.jpg 600w, https:\/\/www.adapei64.fr\/site\/wp-content\/uploads\/2022\/10\/ZeSingulier_22web-133-700x700.jpg 700w\" sizes=\"auto, (max-width: 600px) 100vw, 600px\" \/><\/a><\/figure>\n\n\n\n<figure class=\"wp-block-image size-thumbnail\"><a href=\"https:\/\/www.adapei64.fr\/site\/wp-content\/uploads\/2022\/10\/IMG_3229-BD-BD.jpg\"><img loading=\"lazy\" decoding=\"async\" width=\"600\" height=\"600\" data-id=\"11371\" src=\"https:\/\/www.adapei64.fr\/site\/wp-content\/uploads\/2022\/10\/IMG_3229-BD-BD-600x600.jpg\" alt=\"Un ouvrier sert des petits fours lors d'une r\u00e9ception.\" class=\"wp-image-11371\" srcset=\"https:\/\/www.adapei64.fr\/site\/wp-content\/uploads\/2022\/10\/IMG_3229-BD-BD-600x600.jpg 600w, https:\/\/www.adapei64.fr\/site\/wp-content\/uploads\/2022\/10\/IMG_3229-BD-BD-700x700.jpg 700w\" sizes=\"auto, (max-width: 600px) 100vw, 600px\" \/><\/a><\/figure>\n<\/figure>\n\n\n\n<div class=\"wp-block-group filiere_form is-layout-flow wp-block-group-is-layout-flow\">\n<h3 class=\"wp-block-heading\">Entreprises collectivit\u00e9s, <br>formulez votre demande aupr\u00e8s de nos ESAT<\/h3>\n\n\n<div class=\"everest-forms\"><p class=\"everst-forms-form-disable-notice everest-forms-notice everest-forms-notice--info\">Ce formulaire est d\u00e9sactiv\u00e9.<\/p><\/div>\n<\/div>\n<\/div>\n<\/div>\n","protected":false},"excerpt":{"rendered":"<p>2 ESAT 35 professionnels dont 25 ouvriers en situation de handicap + de 140 000repas \/ an Restauration traditionnelle Restaurant \u00e0 PAU avenue LARRIBAUOuvert \u00e0 tous de 11h30 \u00e0 14h&hellip; <a class=\"continue\" href=\"https:\/\/www.adapei64.fr\/site\/filiere-restauration\/\">Lire :<span> Fili\u00e8re restauration<\/span><\/a><\/p>\n","protected":false},"author":1,"featured_media":11422,"parent":0,"menu_order":3,"comment_status":"closed","ping_status":"closed","template":"","meta":{"_crdt_document":"","om_disable_all_campaigns":false,"_uag_custom_page_level_css":"","_monsterinsights_skip_tracking":false,"_monsterinsights_sitenote_active":false,"_monsterinsights_sitenote_note":"","_monsterinsights_sitenote_category":0,"_uf_show_specific_survey":0,"_uf_disable_surveys":false,"_EventAllDay":false,"_EventTimezone":"","_EventStartDate":"","_EventEndDate":"","_EventStartDateUTC":"","_EventEndDateUTC":"","_EventShowMap":false,"_EventShowMapLink":false,"_EventURL":"","_EventCost":"","_EventCostDescription":"","_EventCurrencySymbol":"","_EventCurrencyCode":"","_EventCurrencyPosition":"","_EventDateTimeSeparator":"","_EventTimeRangeSeparator":"","_EventOrganizerID":[],"_EventVenueID":[],"_OrganizerEmail":"","_OrganizerPhone":"","_OrganizerWebsite":"","_VenueAddress":"","_VenueCity":"","_VenueCountry":"","_VenueProvince":"","_VenueState":"","_VenueZip":"","_VenuePhone":"","_VenueURL":"","_VenueStateProvince":"","_VenueLat":"","_VenueLng":"","_VenueShowMap":false,"_VenueShowMapLink":false,"footnotes":""},"class_list":["post-13220","page","type-page","status-publish","has-post-thumbnail","hentry"],"uagb_featured_image_src":{"full":["https:\/\/www.adapei64.fr\/site\/wp-content\/uploads\/2022\/10\/ZeSingulier_22web-149.jpg",1200,800,false],"thumbnail":["https:\/\/www.adapei64.fr\/site\/wp-content\/uploads\/2022\/10\/ZeSingulier_22web-149-600x600.jpg",600,600,true],"medium":["https:\/\/www.adapei64.fr\/site\/wp-content\/uploads\/2022\/10\/ZeSingulier_22web-149-1000x667.jpg",1000,667,true],"medium_large":["https:\/\/www.adapei64.fr\/site\/wp-content\/uploads\/2022\/10\/ZeSingulier_22web-149-768x512.jpg",768,512,true],"large":["https:\/\/www.adapei64.fr\/site\/wp-content\/uploads\/2022\/10\/ZeSingulier_22web-149.jpg",1200,800,false],"1536x1536":["https:\/\/www.adapei64.fr\/site\/wp-content\/uploads\/2022\/10\/ZeSingulier_22web-149.jpg",1200,800,false],"2048x2048":["https:\/\/www.adapei64.fr\/site\/wp-content\/uploads\/2022\/10\/ZeSingulier_22web-149.jpg",1200,800,false]},"uagb_author_info":{"display_name":"Marie Lafargue","author_link":"https:\/\/www.adapei64.fr\/site\/author\/marie\/"},"uagb_comment_info":0,"uagb_excerpt":"2 ESAT 35 professionnels dont 25 ouvriers en situation de handicap + de 140 000repas \/ an Restauration traditionnelle Restaurant \u00e0 PAU avenue LARRIBAUOuvert \u00e0 tous de 11h30 \u00e0 14h&hellip; Lire : Fili\u00e8re restauration","distributor_meta":false,"distributor_terms":false,"distributor_media":false,"distributor_original_site_name":"Adapei des Pyr\u00e9n\u00e9es-Atlantiques","distributor_original_site_url":"https:\/\/www.adapei64.fr\/site","push-errors":false,"_links":{"self":[{"href":"https:\/\/www.adapei64.fr\/site\/wp-json\/wp\/v2\/pages\/13220","targetHints":{"allow":["GET"]}}],"collection":[{"href":"https:\/\/www.adapei64.fr\/site\/wp-json\/wp\/v2\/pages"}],"about":[{"href":"https:\/\/www.adapei64.fr\/site\/wp-json\/wp\/v2\/types\/page"}],"author":[{"embeddable":true,"href":"https:\/\/www.adapei64.fr\/site\/wp-json\/wp\/v2\/users\/1"}],"replies":[{"embeddable":true,"href":"https:\/\/www.adapei64.fr\/site\/wp-json\/wp\/v2\/comments?post=13220"}],"version-history":[{"count":24,"href":"https:\/\/www.adapei64.fr\/site\/wp-json\/wp\/v2\/pages\/13220\/revisions"}],"predecessor-version":[{"id":13436,"href":"https:\/\/www.adapei64.fr\/site\/wp-json\/wp\/v2\/pages\/13220\/revisions\/13436"}],"wp:featuredmedia":[{"embeddable":true,"href":"https:\/\/www.adapei64.fr\/site\/wp-json\/wp\/v2\/media\/11422"}],"wp:attachment":[{"href":"https:\/\/www.adapei64.fr\/site\/wp-json\/wp\/v2\/media?parent=13220"}],"curies":[{"name":"wp","href":"https:\/\/api.w.org\/{rel}","templated":true}]}}