{"id":13437,"date":"2024-01-17T12:17:33","date_gmt":"2024-01-17T11:17:33","guid":{"rendered":"https:\/\/www.adapei64.fr\/site\/?page_id=13437"},"modified":"2024-01-17T14:01:28","modified_gmt":"2024-01-17T13:01:28","slug":"je-represente-une-entreprise-ou-une-collectivite-filiere","status":"publish","type":"page","link":"https:\/\/www.adapei64.fr\/site\/je-represente-une-entreprise-ou-une-collectivite-filiere\/","title":{"rendered":"Je repr\u00e9sente une entreprise ou une collectivit\u00e9 &#8211; Fili\u00e8re"},"content":{"rendered":"\n<div class=\"wp-block-columns is-layout-flex wp-container-core-columns-is-layout-8f0e2e0e wp-block-columns-is-layout-flex\" style=\"margin-top:0;margin-bottom:0;padding-top:0;padding-right:0;padding-bottom:0;padding-left:0\">\n<div class=\"wp-block-column page_cgauche filiere_grille is-layout-flow wp-block-column-is-layout-flow\" style=\"flex-basis:80%\">\n<p class=\"wp-block-paragraph\">Lorem ipsum dolor sit amet, consectetur adipiscing elit. Nulla tincidunt quam vel consequat mattis. <br>Nullam id ligula porta urna congue laoreet eu ac metus. Curabitur eu bibendum leo. <br><br>Morbi fringilla quis magna at mattis. Donec scelerisque eu velit at dignissim. <br>Proin mattis nibh nibh, nec venenatis metus dictum sit amet. Maecenas sagittis, quam at pretium faucibus, tortor mi malesuada elit, a imperdiet ipsum velit non sapien. Donec vel quam et odio consequat lacinia a eget libero. Aenean venenatis ultrices ante ut efficitur. <\/p>\n\n\n\n<div class=\"wp-block-columns alignwide is-layout-flex wp-container-core-columns-is-layout-a8f10aa9 wp-block-columns-is-layout-flex\" style=\"margin-top:var(--wp--preset--spacing--70);padding-top:0;padding-right:0;padding-bottom:0;padding-left:0\">\n<div class=\"wp-block-column is-layout-flow wp-block-column-is-layout-flow\">\n<figure class=\"wp-block-image size-full ext-import wp-duotone-dark-grayscale\"><a href=\"https:\/\/www.adapei64.fr\/site\/filiere-restauration\/\"><img loading=\"lazy\" decoding=\"async\" width=\"1500\" height=\"1000\" src=\"http:\/\/www.adapei64.fr\/site\/wp-content\/uploads\/2022\/10\/IMG_3229-BD-BD.jpg\" alt=\"Un ouvrier sert des petits fours lors d'une r\u00e9ception.\" class=\"wp-image-11371\" style=\"aspect-ratio:1;object-fit:cover\" srcset=\"https:\/\/www.adapei64.fr\/site\/wp-content\/uploads\/2022\/10\/IMG_3229-BD-BD.jpg 1500w, https:\/\/www.adapei64.fr\/site\/wp-content\/uploads\/2022\/10\/IMG_3229-BD-BD-1000x667.jpg 1000w, https:\/\/www.adapei64.fr\/site\/wp-content\/uploads\/2022\/10\/IMG_3229-BD-BD-768x512.jpg 768w\" sizes=\"auto, (max-width: 1500px) 100vw, 1500px\" \/><\/a><figcaption class=\"wp-element-caption\">Restauration<\/figcaption><\/figure>\n<\/div>\n\n\n\n<div class=\"wp-block-column is-layout-flow wp-block-column-is-layout-flow\">\n<figure class=\"wp-block-image size-full ext-import wp-duotone-dark-grayscale\"><img loading=\"lazy\" decoding=\"async\" width=\"1365\" height=\"2048\" src=\"http:\/\/www.adapei64.fr\/site\/wp-content\/uploads\/2021\/12\/267784337_1435689296867239_7165890864059949245_n.jpg\" alt=\"Les produits gourmands et bien-\u00eatre des ESAT\" class=\"wp-image-5411\" style=\"aspect-ratio:1;object-fit:cover\" srcset=\"https:\/\/www.adapei64.fr\/site\/wp-content\/uploads\/2021\/12\/267784337_1435689296867239_7165890864059949245_n.jpg 1365w, https:\/\/www.adapei64.fr\/site\/wp-content\/uploads\/2021\/12\/267784337_1435689296867239_7165890864059949245_n-667x1000.jpg 667w, https:\/\/www.adapei64.fr\/site\/wp-content\/uploads\/2021\/12\/267784337_1435689296867239_7165890864059949245_n-768x1152.jpg 768w, https:\/\/www.adapei64.fr\/site\/wp-content\/uploads\/2021\/12\/267784337_1435689296867239_7165890864059949245_n-1024x1536.jpg 1024w\" sizes=\"auto, (max-width: 1365px) 100vw, 1365px\" \/><figcaption class=\"wp-element-caption\">Agrolimentaire<\/figcaption><\/figure>\n<\/div>\n\n\n\n<div class=\"wp-block-column is-layout-flow wp-block-column-is-layout-flow\">\n<figure class=\"wp-block-image size-full ext-import wp-duotone-dark-grayscale\"><img loading=\"lazy\" decoding=\"async\" width=\"1600\" height=\"1200\" src=\"http:\/\/www.adapei64.fr\/site\/wp-content\/uploads\/2023\/12\/2023-12-14-MatinaleAutodetermination-BD.jpg\" alt=\"Une vingtaine de personnes assistent \u00e0 la table ronde sur l'autod\u00e9termination.\" class=\"wp-image-13207\" style=\"aspect-ratio:1;object-fit:cover\" srcset=\"https:\/\/www.adapei64.fr\/site\/wp-content\/uploads\/2023\/12\/2023-12-14-MatinaleAutodetermination-BD.jpg 1600w, https:\/\/www.adapei64.fr\/site\/wp-content\/uploads\/2023\/12\/2023-12-14-MatinaleAutodetermination-BD-1000x750.jpg 1000w, https:\/\/www.adapei64.fr\/site\/wp-content\/uploads\/2023\/12\/2023-12-14-MatinaleAutodetermination-BD-768x576.jpg 768w, https:\/\/www.adapei64.fr\/site\/wp-content\/uploads\/2023\/12\/2023-12-14-MatinaleAutodetermination-BD-1536x1152.jpg 1536w\" sizes=\"auto, (max-width: 1600px) 100vw, 1600px\" \/><figcaption class=\"wp-element-caption\">S\u00e9minaire, Formation et Cadeaux d&#8217;entreprise<\/figcaption><\/figure>\n<\/div>\n\n\n\n<div class=\"wp-block-column is-layout-flow wp-block-column-is-layout-flow\">\n<figure class=\"wp-block-image size-full ext-import wp-duotone-dark-grayscale\"><img loading=\"lazy\" decoding=\"async\" width=\"1500\" height=\"1000\" src=\"http:\/\/www.adapei64.fr\/site\/wp-content\/uploads\/2022\/10\/2022-09-24-Ze-Singulier-Festival-6-BD.jpg\" alt=\"\" class=\"wp-image-11401\" style=\"aspect-ratio:1;object-fit:cover\" srcset=\"https:\/\/www.adapei64.fr\/site\/wp-content\/uploads\/2022\/10\/2022-09-24-Ze-Singulier-Festival-6-BD.jpg 1500w, https:\/\/www.adapei64.fr\/site\/wp-content\/uploads\/2022\/10\/2022-09-24-Ze-Singulier-Festival-6-BD-1000x667.jpg 1000w, https:\/\/www.adapei64.fr\/site\/wp-content\/uploads\/2022\/10\/2022-09-24-Ze-Singulier-Festival-6-BD-768x512.jpg 768w\" sizes=\"auto, (max-width: 1500px) 100vw, 1500px\" \/><figcaption class=\"wp-element-caption\">Artisanat<\/figcaption><\/figure>\n<\/div>\n<\/div>\n\n\n\n<div class=\"wp-block-columns alignwide is-layout-flex wp-container-core-columns-is-layout-afab694c wp-block-columns-is-layout-flex\" style=\"margin-top:var(--wp--preset--spacing--50);padding-top:0;padding-right:0;padding-bottom:0;padding-left:0\">\n<div class=\"wp-block-column is-layout-flow wp-block-column-is-layout-flow\">\n<figure class=\"wp-block-image size-full ext-import wp-duotone-dark-grayscale\"><img loading=\"lazy\" decoding=\"async\" width=\"1500\" height=\"1000\" src=\"http:\/\/www.adapei64.fr\/site\/wp-content\/uploads\/2021\/07\/2019-11-21-JPO-Virginie-34-BD.jpg\" alt=\"L'\u00e9quipe de la blanchisserie au travail\" class=\"wp-image-2346\" style=\"aspect-ratio:1;object-fit:cover\" srcset=\"https:\/\/www.adapei64.fr\/site\/wp-content\/uploads\/2021\/07\/2019-11-21-JPO-Virginie-34-BD.jpg 1500w, https:\/\/www.adapei64.fr\/site\/wp-content\/uploads\/2021\/07\/2019-11-21-JPO-Virginie-34-BD-1000x667.jpg 1000w, https:\/\/www.adapei64.fr\/site\/wp-content\/uploads\/2021\/07\/2019-11-21-JPO-Virginie-34-BD-768x512.jpg 768w\" sizes=\"auto, (max-width: 1500px) 100vw, 1500px\" \/><figcaption class=\"wp-element-caption\">Propret\u00e9<\/figcaption><\/figure>\n<\/div>\n\n\n\n<div class=\"wp-block-column is-layout-flow wp-block-column-is-layout-flow\">\n<figure class=\"wp-block-image size-full ext-import wp-duotone-dark-grayscale\"><img loading=\"lazy\" decoding=\"async\" width=\"1500\" height=\"946\" src=\"http:\/\/www.adapei64.fr\/site\/wp-content\/uploads\/2021\/08\/IMG_0669-BD.jpg\" alt=\"des ouvriers de l'atelier menuiserie en plein travail\" class=\"wp-image-2737\" style=\"aspect-ratio:1;object-fit:cover\" srcset=\"https:\/\/www.adapei64.fr\/site\/wp-content\/uploads\/2021\/08\/IMG_0669-BD.jpg 1500w, https:\/\/www.adapei64.fr\/site\/wp-content\/uploads\/2021\/08\/IMG_0669-BD-1000x631.jpg 1000w, https:\/\/www.adapei64.fr\/site\/wp-content\/uploads\/2021\/08\/IMG_0669-BD-768x484.jpg 768w\" sizes=\"auto, (max-width: 1500px) 100vw, 1500px\" \/><figcaption class=\"wp-element-caption\">Bois<\/figcaption><\/figure>\n<\/div>\n\n\n\n<div class=\"wp-block-column is-layout-flow wp-block-column-is-layout-flow\">\n<figure class=\"wp-block-image size-full ext-import wp-duotone-dark-grayscale\"><img loading=\"lazy\" decoding=\"async\" width=\"1147\" height=\"768\" src=\"http:\/\/www.adapei64.fr\/site\/wp-content\/uploads\/2020\/11\/pour_entreprise.jpg\" alt=\"Un ouvrier v\u00e9rifie la qualit\u00e9 d'une pi\u00e8ce en m\u00e9tal.\" class=\"wp-image-1132\" style=\"aspect-ratio:1;object-fit:cover\" srcset=\"https:\/\/www.adapei64.fr\/site\/wp-content\/uploads\/2020\/11\/pour_entreprise.jpg 1147w, https:\/\/www.adapei64.fr\/site\/wp-content\/uploads\/2020\/11\/pour_entreprise-1000x670.jpg 1000w, https:\/\/www.adapei64.fr\/site\/wp-content\/uploads\/2020\/11\/pour_entreprise-768x514.jpg 768w\" sizes=\"auto, (max-width: 1147px) 100vw, 1147px\" \/><figcaption class=\"wp-element-caption\">Productions industrielles et soustraitance<\/figcaption><\/figure>\n<\/div>\n\n\n\n<div class=\"wp-block-column is-layout-flow wp-block-column-is-layout-flow\">\n<figure class=\"wp-block-image size-full ext-import wp-duotone-dark-grayscale\"><img loading=\"lazy\" decoding=\"async\" width=\"1500\" height=\"1000\" src=\"http:\/\/www.adapei64.fr\/site\/wp-content\/uploads\/2021\/08\/2020-StPee-14-BD.jpg\" alt=\"Une ouvri\u00e8re pr\u00e9pare l'impression d'un magazine\" class=\"wp-image-3170\" style=\"aspect-ratio:1;object-fit:cover\" srcset=\"https:\/\/www.adapei64.fr\/site\/wp-content\/uploads\/2021\/08\/2020-StPee-14-BD.jpg 1500w, https:\/\/www.adapei64.fr\/site\/wp-content\/uploads\/2021\/08\/2020-StPee-14-BD-1000x667.jpg 1000w, https:\/\/www.adapei64.fr\/site\/wp-content\/uploads\/2021\/08\/2020-StPee-14-BD-768x512.jpg 768w\" sizes=\"auto, (max-width: 1500px) 100vw, 1500px\" \/><figcaption class=\"wp-element-caption\">Services g\u00e9n\u00e9raux<\/figcaption><\/figure>\n<\/div>\n<\/div>\n\n\n\n<div class=\"wp-block-columns alignwide is-layout-flex wp-container-core-columns-is-layout-a3152d1a wp-block-columns-is-layout-flex\" style=\"margin-top:var(--wp--preset--spacing--50);padding-top:0;padding-right:0;padding-bottom:0;padding-left:0\">\n<div class=\"wp-block-column is-layout-flow wp-block-column-is-layout-flow\">\n<figure class=\"wp-block-image size-full ext-import wp-duotone-dark-grayscale\"><img loading=\"lazy\" decoding=\"async\" width=\"1500\" height=\"1004\" src=\"http:\/\/www.adapei64.fr\/site\/wp-content\/uploads\/2021\/07\/DSC_0271-BD.jpg\" alt=\"Les ouvriers de l'atelier ma\u00e7onnerie construisent une cloture.\" class=\"wp-image-2348\" style=\"aspect-ratio:1;object-fit:cover\" srcset=\"https:\/\/www.adapei64.fr\/site\/wp-content\/uploads\/2021\/07\/DSC_0271-BD.jpg 1500w, https:\/\/www.adapei64.fr\/site\/wp-content\/uploads\/2021\/07\/DSC_0271-BD-1000x669.jpg 1000w, https:\/\/www.adapei64.fr\/site\/wp-content\/uploads\/2021\/07\/DSC_0271-BD-768x514.jpg 768w\" sizes=\"auto, (max-width: 1500px) 100vw, 1500px\" \/><figcaption class=\"wp-element-caption\">B\u00e2timent<\/figcaption><\/figure>\n<\/div>\n\n\n\n<div class=\"wp-block-column is-layout-flow wp-block-column-is-layout-flow\">\n<figure class=\"wp-block-image size-full ext-import wp-duotone-dark-grayscale\"><img loading=\"lazy\" decoding=\"async\" width=\"1500\" height=\"1004\" src=\"http:\/\/www.adapei64.fr\/site\/wp-content\/uploads\/2021\/07\/DSC_0040-BD.jpg\" alt=\"Une ouvri\u00e8re passe la tondeuse\" class=\"wp-image-2476\" style=\"aspect-ratio:1;object-fit:cover\" srcset=\"https:\/\/www.adapei64.fr\/site\/wp-content\/uploads\/2021\/07\/DSC_0040-BD.jpg 1500w, https:\/\/www.adapei64.fr\/site\/wp-content\/uploads\/2021\/07\/DSC_0040-BD-1000x669.jpg 1000w, https:\/\/www.adapei64.fr\/site\/wp-content\/uploads\/2021\/07\/DSC_0040-BD-768x514.jpg 768w\" sizes=\"auto, (max-width: 1500px) 100vw, 1500px\" \/><figcaption class=\"wp-element-caption\">Espaces verts<\/figcaption><\/figure>\n<\/div>\n\n\n\n<div class=\"wp-block-column is-layout-flow wp-block-column-is-layout-flow\"><\/div>\n\n\n\n<div class=\"wp-block-column is-layout-flow wp-block-column-is-layout-flow\"><\/div>\n<\/div>\n<\/div>\n\n\n\n<div class=\"wp-block-column page_cdroite is-layout-flow wp-container-core-column-is-layout-78698854 wp-block-column-is-layout-flow\" style=\"flex-basis:20%\">\n<figure class=\"wp-block-image size-full bloc_bleu\"><a href=\"https:\/\/www.adapei64.fr\/site\/adapei\/les-etablissements-et-services\/\"><img loading=\"lazy\" decoding=\"async\" width=\"1500\" height=\"1228\" src=\"http:\/\/www.adapei64.fr\/site\/wp-content\/uploads\/2021\/02\/TrouverESMS.png\" alt=\"Carte vers les \u00e9tablissements et services de l'Adapei des Pyr\u00e9n\u00e9es-Atlantiques\" class=\"wp-image-1527\" srcset=\"https:\/\/www.adapei64.fr\/site\/wp-content\/uploads\/2021\/02\/TrouverESMS.png 1500w, https:\/\/www.adapei64.fr\/site\/wp-content\/uploads\/2021\/02\/TrouverESMS-1000x819.png 1000w, https:\/\/www.adapei64.fr\/site\/wp-content\/uploads\/2021\/02\/TrouverESMS-768x629.png 768w\" sizes=\"auto, (max-width: 1500px) 100vw, 1500px\" \/><\/a><figcaption class=\"wp-element-caption\">Trouver un ESAT<\/figcaption><\/figure>\n\n\n\n<figure class=\"wp-block-image size-full bloc_gris\"><a href=\"https:\/\/www.adapei64.fr\/site\/entreprise-2\/acheter-solidaire\/\"><img loading=\"lazy\" decoding=\"async\" width=\"264\" height=\"169\" src=\"http:\/\/www.adapei64.fr\/site\/wp-content\/uploads\/2020\/11\/LogoBoutiqueWeb.png\" alt=\"Logo de la boutique des ESAT\" class=\"wp-image-842\"\/><\/a><\/figure>\n\n\n\n<figure class=\"wp-block-image size-full bloc_gris\"><a href=\"https:\/\/www.adapei64.fr\/site\/entreprise-2\/participer-au-duo-day\/\"><img loading=\"lazy\" decoding=\"async\" width=\"296\" height=\"135\" src=\"http:\/\/www.adapei64.fr\/site\/wp-content\/uploads\/2022\/03\/logo_duoday_72dpi.png\" alt=\"Duo Day\" class=\"wp-image-10514\"\/><\/a><figcaption class=\"wp-element-caption\">Participer au Duo Day<\/figcaption><\/figure>\n\n\n\n<figure class=\"wp-block-image size-full bloc_gris\"><a href=\"https:\/\/www.differentetcompetent.org\/\"><img loading=\"lazy\" decoding=\"async\" width=\"177\" height=\"183\" src=\"http:\/\/www.adapei64.fr\/site\/wp-content\/uploads\/2021\/08\/LOGO-differentetcompetent-RVB72dpi.png\" alt=\"Logo Diff\u00e9rent &amp; Comp\u00e9tent Nouvelle Aquitaine\" class=\"wp-image-2652\"\/><\/a><figcaption class=\"wp-element-caption\">Reconna\u00eetre les comp\u00e9tences des travailleurs handicap\u00e9s<\/figcaption><\/figure>\n<\/div>\n<\/div>\n","protected":false},"excerpt":{"rendered":"<p>Lorem ipsum dolor sit amet, consectetur adipiscing elit. Nulla tincidunt quam vel consequat mattis. Nullam id ligula porta urna congue laoreet eu ac metus. Curabitur eu bibendum leo. Morbi fringilla&hellip; <a class=\"continue\" href=\"https:\/\/www.adapei64.fr\/site\/je-represente-une-entreprise-ou-une-collectivite-filiere\/\">Lire :<span> Je repr\u00e9sente une entreprise ou une collectivit\u00e9 &#8211; Fili\u00e8re<\/span><\/a><\/p>\n","protected":false},"author":1,"featured_media":2349,"parent":0,"menu_order":1,"comment_status":"closed","ping_status":"closed","template":"","meta":{"_crdt_document":"","om_disable_all_campaigns":false,"_uag_custom_page_level_css":"","_monsterinsights_skip_tracking":false,"_monsterinsights_sitenote_active":false,"_monsterinsights_sitenote_note":"","_monsterinsights_sitenote_category":0,"_uf_show_specific_survey":0,"_uf_disable_surveys":false,"_EventAllDay":false,"_EventTimezone":"","_EventStartDate":"","_EventEndDate":"","_EventStartDateUTC":"","_EventEndDateUTC":"","_EventShowMap":false,"_EventShowMapLink":false,"_EventURL":"","_EventCost":"","_EventCostDescription":"","_EventCurrencySymbol":"","_EventCurrencyCode":"","_EventCurrencyPosition":"","_EventDateTimeSeparator":"","_EventTimeRangeSeparator":"","_EventOrganizerID":[],"_EventVenueID":[],"_OrganizerEmail":"","_OrganizerPhone":"","_OrganizerWebsite":"","_VenueAddress":"","_VenueCity":"","_VenueCountry":"","_VenueProvince":"","_VenueState":"","_VenueZip":"","_VenuePhone":"","_VenueURL":"","_VenueStateProvince":"","_VenueLat":"","_VenueLng":"","_VenueShowMap":false,"_VenueShowMapLink":false,"footnotes":""},"class_list":["post-13437","page","type-page","status-publish","has-post-thumbnail","hentry"],"uagb_featured_image_src":{"full":["https:\/\/www.adapei64.fr\/site\/wp-content\/uploads\/2021\/07\/DSC_0210-BD.jpg",1500,1004,false],"thumbnail":["https:\/\/www.adapei64.fr\/site\/wp-content\/uploads\/2021\/07\/DSC_0210-BD-600x600.jpg",600,600,true],"medium":["https:\/\/www.adapei64.fr\/site\/wp-content\/uploads\/2021\/07\/DSC_0210-BD-1000x669.jpg",1000,669,true],"medium_large":["https:\/\/www.adapei64.fr\/site\/wp-content\/uploads\/2021\/07\/DSC_0210-BD-768x514.jpg",768,514,true],"large":["https:\/\/www.adapei64.fr\/site\/wp-content\/uploads\/2021\/07\/DSC_0210-BD.jpg",1500,1004,false],"1536x1536":["https:\/\/www.adapei64.fr\/site\/wp-content\/uploads\/2021\/07\/DSC_0210-BD.jpg",1500,1004,false],"2048x2048":["https:\/\/www.adapei64.fr\/site\/wp-content\/uploads\/2021\/07\/DSC_0210-BD.jpg",1500,1004,false]},"uagb_author_info":{"display_name":"Marie Lafargue","author_link":"https:\/\/www.adapei64.fr\/site\/author\/marie\/"},"uagb_comment_info":0,"uagb_excerpt":"Lorem ipsum dolor sit amet, consectetur adipiscing elit. Nulla tincidunt quam vel consequat mattis. Nullam id ligula porta urna congue laoreet eu ac metus. Curabitur eu bibendum leo. Morbi fringilla&hellip; Lire : Je repr\u00e9sente une entreprise ou une collectivit\u00e9 &#8211; Fili\u00e8re","distributor_meta":false,"distributor_terms":false,"distributor_media":false,"distributor_original_site_name":"Adapei des Pyr\u00e9n\u00e9es-Atlantiques","distributor_original_site_url":"https:\/\/www.adapei64.fr\/site","push-errors":false,"_links":{"self":[{"href":"https:\/\/www.adapei64.fr\/site\/wp-json\/wp\/v2\/pages\/13437","targetHints":{"allow":["GET"]}}],"collection":[{"href":"https:\/\/www.adapei64.fr\/site\/wp-json\/wp\/v2\/pages"}],"about":[{"href":"https:\/\/www.adapei64.fr\/site\/wp-json\/wp\/v2\/types\/page"}],"author":[{"embeddable":true,"href":"https:\/\/www.adapei64.fr\/site\/wp-json\/wp\/v2\/users\/1"}],"replies":[{"embeddable":true,"href":"https:\/\/www.adapei64.fr\/site\/wp-json\/wp\/v2\/comments?post=13437"}],"version-history":[{"count":48,"href":"https:\/\/www.adapei64.fr\/site\/wp-json\/wp\/v2\/pages\/13437\/revisions"}],"predecessor-version":[{"id":13542,"href":"https:\/\/www.adapei64.fr\/site\/wp-json\/wp\/v2\/pages\/13437\/revisions\/13542"}],"wp:featuredmedia":[{"embeddable":true,"href":"https:\/\/www.adapei64.fr\/site\/wp-json\/wp\/v2\/media\/2349"}],"wp:attachment":[{"href":"https:\/\/www.adapei64.fr\/site\/wp-json\/wp\/v2\/media?parent=13437"}],"curies":[{"name":"wp","href":"https:\/\/api.w.org\/{rel}","templated":true}]}}