{"id":1595,"date":"2021-03-23T17:15:28","date_gmt":"2021-03-23T16:15:28","guid":{"rendered":"http:\/\/adapei64.fr\/wp2\/?page_id=1595"},"modified":"2024-08-06T18:47:35","modified_gmt":"2024-08-06T16:47:35","slug":"situation-de-handicap","status":"publish","type":"page","link":"https:\/\/www.adapei64.fr\/site\/situation-de-handicap\/","title":{"rendered":"Je suis en situation de handicap"},"content":{"rendered":"\n<div style=\"height:70px\" aria-hidden=\"true\" class=\"wp-block-spacer\"><\/div>\n\n\n\n<div class=\"wp-block-columns is-layout-flex wp-container-core-columns-is-layout-07579d57 wp-block-columns-is-layout-flex\">\n<div class=\"wp-block-column is-layout-flow wp-block-column-is-layout-flow\" style=\"flex-basis:80%\">\n<div data-wp-context=\"{}\" data-wp-interactive=\"core\/query\" data-wp-key=\"78\" data-wp-router-region=\"query-78\" class=\"wp-block-query alignwide is-layout-flow wp-block-query-is-layout-flow\"><ul class=\"wp-block-post-template is-layout-flow wp-block-post-template-is-layout-flow\"><li data-wp-key=\"post-template-item-2552\" class=\"wp-block-post post-2552 page type-page status-publish has-post-thumbnail hentry\">\n\n<div class=\"wp-block-columns alignwide are-vertically-aligned-center is-layout-flex wp-container-core-columns-is-layout-cf943fb0 wp-block-columns-is-layout-flex\" style=\"margin-top:var(--wp--preset--spacing--20);margin-bottom:var(--wp--preset--spacing--20)\">\n<div class=\"wp-block-column is-vertically-aligned-center is-layout-flow wp-block-column-is-layout-flow\" style=\"flex-basis:20%\"><figure class=\"wp-block-post-featured-image\"><a href=\"https:\/\/www.adapei64.fr\/site\/situation-de-handicap\/je-veux-faire-reconnaitre-mon-handicap\/\" target=\"_self\"  ><img loading=\"lazy\" decoding=\"async\" width=\"700\" height=\"700\" src=\"https:\/\/www.adapei64.fr\/site\/wp-content\/uploads\/2021\/08\/Handicap.jpg\" class=\"attachment-post-thumbnail size-post-thumbnail wp-post-image\" alt=\"Je veux faire reconna\u00eetre mon handicap\" style=\"object-fit:cover;\" srcset=\"https:\/\/www.adapei64.fr\/site\/wp-content\/uploads\/2021\/08\/Handicap.jpg 700w, https:\/\/www.adapei64.fr\/site\/wp-content\/uploads\/2021\/08\/Handicap-600x600.jpg 600w\" sizes=\"auto, (max-width: 700px) 100vw, 700px\" \/><\/a><\/figure><\/div>\n\n\n\n<div class=\"wp-block-column is-vertically-aligned-center is-layout-flow wp-block-column-is-layout-flow\" style=\"flex-basis:80%\"><h2 style=\"font-size:1.5rem;line-height:1.1;\" class=\"wp-block-post-title\"><a href=\"https:\/\/www.adapei64.fr\/site\/situation-de-handicap\/je-veux-faire-reconnaitre-mon-handicap\/\" target=\"_self\" >Je veux faire reconna\u00eetre mon handicap<\/a><\/h2><\/div>\n<\/div>\n\n<\/li><li data-wp-key=\"post-template-item-1864\" class=\"wp-block-post post-1864 page type-page status-publish has-post-thumbnail hentry\">\n\n<div class=\"wp-block-columns alignwide are-vertically-aligned-center is-layout-flex wp-container-core-columns-is-layout-cf943fb0 wp-block-columns-is-layout-flex\" style=\"margin-top:var(--wp--preset--spacing--20);margin-bottom:var(--wp--preset--spacing--20)\">\n<div class=\"wp-block-column is-vertically-aligned-center is-layout-flow wp-block-column-is-layout-flow\" style=\"flex-basis:20%\"><figure class=\"wp-block-post-featured-image\"><a href=\"https:\/\/www.adapei64.fr\/site\/situation-de-handicap\/jai-besoin-daide-pour-mes-demarches-administratives\/\" target=\"_self\"  ><img loading=\"lazy\" decoding=\"async\" width=\"700\" height=\"700\" src=\"https:\/\/www.adapei64.fr\/site\/wp-content\/uploads\/2021\/08\/demarches.jpg\" class=\"attachment-post-thumbnail size-post-thumbnail wp-post-image\" alt=\"J&#8217;ai besoin d&#8217;aide pour mes d\u00e9marches administratives\" style=\"object-fit:cover;\" srcset=\"https:\/\/www.adapei64.fr\/site\/wp-content\/uploads\/2021\/08\/demarches.jpg 700w, https:\/\/www.adapei64.fr\/site\/wp-content\/uploads\/2021\/08\/demarches-600x600.jpg 600w\" sizes=\"auto, (max-width: 700px) 100vw, 700px\" \/><\/a><\/figure><\/div>\n\n\n\n<div class=\"wp-block-column is-vertically-aligned-center is-layout-flow wp-block-column-is-layout-flow\" style=\"flex-basis:80%\"><h2 style=\"font-size:1.5rem;line-height:1.1;\" class=\"wp-block-post-title\"><a href=\"https:\/\/www.adapei64.fr\/site\/situation-de-handicap\/jai-besoin-daide-pour-mes-demarches-administratives\/\" target=\"_self\" >J&#8217;ai besoin d&#8217;aide pour mes d\u00e9marches administratives<\/a><\/h2><\/div>\n<\/div>\n\n<\/li><li data-wp-key=\"post-template-item-1876\" class=\"wp-block-post post-1876 page type-page status-publish has-post-thumbnail hentry\">\n\n<div class=\"wp-block-columns alignwide are-vertically-aligned-center is-layout-flex wp-container-core-columns-is-layout-cf943fb0 wp-block-columns-is-layout-flex\" style=\"margin-top:var(--wp--preset--spacing--20);margin-bottom:var(--wp--preset--spacing--20)\">\n<div class=\"wp-block-column is-vertically-aligned-center is-layout-flow wp-block-column-is-layout-flow\" style=\"flex-basis:20%\"><figure class=\"wp-block-post-featured-image\"><a href=\"https:\/\/www.adapei64.fr\/site\/situation-de-handicap\/jai-besoin-daccompagnement-au-travail\/\" target=\"_self\"  ><img loading=\"lazy\" decoding=\"async\" width=\"700\" height=\"700\" src=\"https:\/\/www.adapei64.fr\/site\/wp-content\/uploads\/2021\/08\/travail.jpg\" class=\"attachment-post-thumbnail size-post-thumbnail wp-post-image\" alt=\"J&#8217;ai besoin d&#8217;accompagnement au travail\" style=\"object-fit:cover;\" srcset=\"https:\/\/www.adapei64.fr\/site\/wp-content\/uploads\/2021\/08\/travail.jpg 700w, https:\/\/www.adapei64.fr\/site\/wp-content\/uploads\/2021\/08\/travail-600x600.jpg 600w\" sizes=\"auto, (max-width: 700px) 100vw, 700px\" \/><\/a><\/figure><\/div>\n\n\n\n<div class=\"wp-block-column is-vertically-aligned-center is-layout-flow wp-block-column-is-layout-flow\" style=\"flex-basis:80%\"><h2 style=\"font-size:1.5rem;line-height:1.1;\" class=\"wp-block-post-title\"><a href=\"https:\/\/www.adapei64.fr\/site\/situation-de-handicap\/jai-besoin-daccompagnement-au-travail\/\" target=\"_self\" >J&#8217;ai besoin d&#8217;accompagnement au travail<\/a><\/h2><\/div>\n<\/div>\n\n<\/li><li data-wp-key=\"post-template-item-2554\" class=\"wp-block-post post-2554 page type-page status-publish has-post-thumbnail hentry\">\n\n<div class=\"wp-block-columns alignwide are-vertically-aligned-center is-layout-flex wp-container-core-columns-is-layout-cf943fb0 wp-block-columns-is-layout-flex\" style=\"margin-top:var(--wp--preset--spacing--20);margin-bottom:var(--wp--preset--spacing--20)\">\n<div class=\"wp-block-column is-vertically-aligned-center is-layout-flow wp-block-column-is-layout-flow\" style=\"flex-basis:20%\"><figure class=\"wp-block-post-featured-image\"><a href=\"https:\/\/www.adapei64.fr\/site\/situation-de-handicap\/jai-besoin-dun-logement\/\" target=\"_self\"  ><img loading=\"lazy\" decoding=\"async\" width=\"700\" height=\"700\" src=\"https:\/\/www.adapei64.fr\/site\/wp-content\/uploads\/2021\/12\/Logement.png\" class=\"attachment-post-thumbnail size-post-thumbnail wp-post-image\" alt=\"J&#8217;ai besoin d&#8217;un logement\" style=\"object-fit:cover;\" srcset=\"https:\/\/www.adapei64.fr\/site\/wp-content\/uploads\/2021\/12\/Logement.png 700w, https:\/\/www.adapei64.fr\/site\/wp-content\/uploads\/2021\/12\/Logement-600x600.png 600w\" sizes=\"auto, (max-width: 700px) 100vw, 700px\" \/><\/a><\/figure><\/div>\n\n\n\n<div class=\"wp-block-column is-vertically-aligned-center is-layout-flow wp-block-column-is-layout-flow\" style=\"flex-basis:80%\"><h2 style=\"font-size:1.5rem;line-height:1.1;\" class=\"wp-block-post-title\"><a href=\"https:\/\/www.adapei64.fr\/site\/situation-de-handicap\/jai-besoin-dun-logement\/\" target=\"_self\" >J&#8217;ai besoin d&#8217;un logement<\/a><\/h2><\/div>\n<\/div>\n\n<\/li><li data-wp-key=\"post-template-item-8471\" class=\"wp-block-post post-8471 page type-page status-publish has-post-thumbnail hentry\">\n\n<div class=\"wp-block-columns alignwide are-vertically-aligned-center is-layout-flex wp-container-core-columns-is-layout-cf943fb0 wp-block-columns-is-layout-flex\" style=\"margin-top:var(--wp--preset--spacing--20);margin-bottom:var(--wp--preset--spacing--20)\">\n<div class=\"wp-block-column is-vertically-aligned-center is-layout-flow wp-block-column-is-layout-flow\" style=\"flex-basis:20%\"><figure class=\"wp-block-post-featured-image\"><a href=\"https:\/\/www.adapei64.fr\/site\/situation-de-handicap\/jai-besoin-daide-pour-me-deplacer\/\" target=\"_self\"  ><img loading=\"lazy\" decoding=\"async\" width=\"700\" height=\"700\" src=\"https:\/\/www.adapei64.fr\/site\/wp-content\/uploads\/2022\/02\/deplacement.jpg\" class=\"attachment-post-thumbnail size-post-thumbnail wp-post-image\" alt=\"J&#8217;ai besoin de me d\u00e9placer\" style=\"object-fit:cover;\" srcset=\"https:\/\/www.adapei64.fr\/site\/wp-content\/uploads\/2022\/02\/deplacement.jpg 700w, https:\/\/www.adapei64.fr\/site\/wp-content\/uploads\/2022\/02\/deplacement-600x600.jpg 600w\" sizes=\"auto, (max-width: 700px) 100vw, 700px\" \/><\/a><\/figure><\/div>\n\n\n\n<div class=\"wp-block-column is-vertically-aligned-center is-layout-flow wp-block-column-is-layout-flow\" style=\"flex-basis:80%\"><h2 style=\"font-size:1.5rem;line-height:1.1;\" class=\"wp-block-post-title\"><a href=\"https:\/\/www.adapei64.fr\/site\/situation-de-handicap\/jai-besoin-daide-pour-me-deplacer\/\" target=\"_self\" >J&#8217;ai besoin de me d\u00e9placer<\/a><\/h2><\/div>\n<\/div>\n\n<\/li><li data-wp-key=\"post-template-item-2556\" class=\"wp-block-post post-2556 page type-page status-publish has-post-thumbnail hentry\">\n\n<div class=\"wp-block-columns alignwide are-vertically-aligned-center is-layout-flex wp-container-core-columns-is-layout-cf943fb0 wp-block-columns-is-layout-flex\" style=\"margin-top:var(--wp--preset--spacing--20);margin-bottom:var(--wp--preset--spacing--20)\">\n<div class=\"wp-block-column is-vertically-aligned-center is-layout-flow wp-block-column-is-layout-flow\" style=\"flex-basis:20%\"><figure class=\"wp-block-post-featured-image\"><a href=\"https:\/\/www.adapei64.fr\/site\/situation-de-handicap\/je-ne-peux-pas-travailler-mais-jai-besoin-dun-accompagnement-au-quotidien\/\" target=\"_self\"  ><img loading=\"lazy\" decoding=\"async\" width=\"700\" height=\"700\" src=\"https:\/\/www.adapei64.fr\/site\/wp-content\/uploads\/2021\/12\/AccompagnementQuotidien.jpg\" class=\"attachment-post-thumbnail size-post-thumbnail wp-post-image\" alt=\"Je ne peux pas travaillerj&#8217;ai besoin d&#8217;un accompagnement au quotidien\" style=\"object-fit:cover;\" srcset=\"https:\/\/www.adapei64.fr\/site\/wp-content\/uploads\/2021\/12\/AccompagnementQuotidien.jpg 700w, https:\/\/www.adapei64.fr\/site\/wp-content\/uploads\/2021\/12\/AccompagnementQuotidien-600x600.jpg 600w\" sizes=\"auto, (max-width: 700px) 100vw, 700px\" \/><\/a><\/figure><\/div>\n\n\n\n<div class=\"wp-block-column is-vertically-aligned-center is-layout-flow wp-block-column-is-layout-flow\" style=\"flex-basis:80%\"><h2 style=\"font-size:1.5rem;line-height:1.1;\" class=\"wp-block-post-title\"><a href=\"https:\/\/www.adapei64.fr\/site\/situation-de-handicap\/je-ne-peux-pas-travailler-mais-jai-besoin-dun-accompagnement-au-quotidien\/\" target=\"_self\" >Je ne peux pas travailler<br \/>j&#8217;ai besoin d&#8217;un accompagnement<br \/> au quotidien<\/a><\/h2><\/div>\n<\/div>\n\n<\/li><li data-wp-key=\"post-template-item-2558\" class=\"wp-block-post post-2558 page type-page status-publish has-post-thumbnail hentry\">\n\n<div class=\"wp-block-columns alignwide are-vertically-aligned-center is-layout-flex wp-container-core-columns-is-layout-cf943fb0 wp-block-columns-is-layout-flex\" style=\"margin-top:var(--wp--preset--spacing--20);margin-bottom:var(--wp--preset--spacing--20)\">\n<div class=\"wp-block-column is-vertically-aligned-center is-layout-flow wp-block-column-is-layout-flow\" style=\"flex-basis:20%\"><figure class=\"wp-block-post-featured-image\"><a href=\"https:\/\/www.adapei64.fr\/site\/situation-de-handicap\/jai-besoin-dun-accompagnement-a-la-vie-sociale-ou-dans-mes-loisirs\/\" target=\"_self\"  ><img loading=\"lazy\" decoding=\"async\" width=\"700\" height=\"700\" src=\"https:\/\/www.adapei64.fr\/site\/wp-content\/uploads\/2021\/12\/Aide.jpg\" class=\"attachment-post-thumbnail size-post-thumbnail wp-post-image\" alt=\"J&#8217;ai besoin d&#8217;un accompagnement \u00e0 la vie sociale ou dans mes loisirs\" style=\"object-fit:cover;\" srcset=\"https:\/\/www.adapei64.fr\/site\/wp-content\/uploads\/2021\/12\/Aide.jpg 700w, https:\/\/www.adapei64.fr\/site\/wp-content\/uploads\/2021\/12\/Aide-600x600.jpg 600w\" sizes=\"auto, (max-width: 700px) 100vw, 700px\" \/><\/a><\/figure><\/div>\n\n\n\n<div class=\"wp-block-column is-vertically-aligned-center is-layout-flow wp-block-column-is-layout-flow\" style=\"flex-basis:80%\"><h2 style=\"font-size:1.5rem;line-height:1.1;\" class=\"wp-block-post-title\"><a href=\"https:\/\/www.adapei64.fr\/site\/situation-de-handicap\/jai-besoin-dun-accompagnement-a-la-vie-sociale-ou-dans-mes-loisirs\/\" target=\"_self\" >J&#8217;ai besoin d&#8217;un accompagnement \u00e0 la vie sociale ou dans mes loisirs<\/a><\/h2><\/div>\n<\/div>\n\n<\/li><li data-wp-key=\"post-template-item-2560\" class=\"wp-block-post post-2560 page type-page status-publish has-post-thumbnail hentry\">\n\n<div class=\"wp-block-columns alignwide are-vertically-aligned-center is-layout-flex wp-container-core-columns-is-layout-cf943fb0 wp-block-columns-is-layout-flex\" style=\"margin-top:var(--wp--preset--spacing--20);margin-bottom:var(--wp--preset--spacing--20)\">\n<div class=\"wp-block-column is-vertically-aligned-center is-layout-flow wp-block-column-is-layout-flow\" style=\"flex-basis:20%\"><figure class=\"wp-block-post-featured-image\"><a href=\"https:\/\/www.adapei64.fr\/site\/situation-de-handicap\/jai-besoin-daide-pour-ma-retraite\/\" target=\"_self\"  ><img loading=\"lazy\" decoding=\"async\" width=\"700\" height=\"700\" src=\"https:\/\/www.adapei64.fr\/site\/wp-content\/uploads\/2021\/12\/Retraite.jpg\" class=\"attachment-post-thumbnail size-post-thumbnail wp-post-image\" alt=\"J&#8217;ai besoin d&#8217;aide pour ma retraite\" style=\"object-fit:cover;\" srcset=\"https:\/\/www.adapei64.fr\/site\/wp-content\/uploads\/2021\/12\/Retraite.jpg 700w, https:\/\/www.adapei64.fr\/site\/wp-content\/uploads\/2021\/12\/Retraite-600x600.jpg 600w\" sizes=\"auto, (max-width: 700px) 100vw, 700px\" \/><\/a><\/figure><\/div>\n\n\n\n<div class=\"wp-block-column is-vertically-aligned-center is-layout-flow wp-block-column-is-layout-flow\" style=\"flex-basis:80%\"><h2 style=\"font-size:1.5rem;line-height:1.1;\" class=\"wp-block-post-title\"><a href=\"https:\/\/www.adapei64.fr\/site\/situation-de-handicap\/jai-besoin-daide-pour-ma-retraite\/\" target=\"_self\" >J&#8217;ai besoin d&#8217;aide pour ma retraite<\/a><\/h2><\/div>\n<\/div>\n\n<\/li><\/ul>\n\n\n<div style=\"height:var(--wp--preset--spacing--30)\" aria-hidden=\"true\" class=\"wp-block-spacer\"><\/div>\n<\/div>\n<\/div>\n\n\n\n<div class=\"wp-block-column is-layout-flow wp-block-column-is-layout-flow\" style=\"flex-basis:20%\">\n<figure class=\"wp-block-image size-full is-resized bloc_bleu\"><a href=\"https:\/\/www.adapei64.fr\/site\/adapei\/\"><img decoding=\"async\" src=\"http:\/\/www.adapei64.fr\/site\/wp-content\/uploads\/2022\/02\/infos-b.svg\" alt=\"\" class=\"wp-image-8077\" style=\"width:auto;height:80px\"\/><\/a><figcaption class=\"wp-element-caption\"><a href=\"https:\/\/www.adapei64.fr\/site\/adapei\/\" data-type=\"page\" data-id=\"728\">En savoir plus sur l&#8217;association<\/a><\/figcaption><\/figure>\n\n\n\n<figure class=\"wp-block-image bloc_bleu\"><a href=\"https:\/\/www.adapei64.fr\/site\/adapei\/les-etablissements-et-services\/\"><img decoding=\"async\" src=\"http:\/\/www.adapei64.fr\/site\/wp-content\/uploads\/2021\/02\/TrouverESMS.png\" alt=\"Carte vers les \u00e9tablissements et services de l'Adapei des Pyr\u00e9n\u00e9es-Atlantiques\"\/><\/a><figcaption class=\"wp-element-caption\"><a href=\"https:\/\/www.adapei64.fr\/site\/adapei\/les-etablissements-et-services\/\" data-type=\"page\" data-id=\"1013\">Trouver un \u00e9tablissement ou service<\/a><\/figcaption><\/figure>\n<\/div>\n<\/div>\n","protected":false},"excerpt":{"rendered":"","protected":false},"author":1,"featured_media":654,"parent":0,"menu_order":6,"comment_status":"closed","ping_status":"closed","template":"","meta":{"_crdt_document":"","om_disable_all_campaigns":false,"_uag_custom_page_level_css":"","_monsterinsights_skip_tracking":false,"_monsterinsights_sitenote_active":false,"_monsterinsights_sitenote_note":"","_monsterinsights_sitenote_category":0,"_uf_show_specific_survey":0,"_uf_disable_surveys":false,"_EventAllDay":false,"_EventTimezone":"","_EventStartDate":"","_EventEndDate":"","_EventStartDateUTC":"","_EventEndDateUTC":"","_EventShowMap":false,"_EventShowMapLink":false,"_EventURL":"","_EventCost":"","_EventCostDescription":"","_EventCurrencySymbol":"","_EventCurrencyCode":"","_EventCurrencyPosition":"","_EventDateTimeSeparator":"","_EventTimeRangeSeparator":"","_EventOrganizerID":[],"_EventVenueID":[],"_OrganizerEmail":"","_OrganizerPhone":"","_OrganizerWebsite":"","_VenueAddress":"","_VenueCity":"","_VenueCountry":"","_VenueProvince":"","_VenueState":"","_VenueZip":"","_VenuePhone":"","_VenueURL":"","_VenueStateProvince":"","_VenueLat":"","_VenueLng":"","_VenueShowMap":false,"_VenueShowMapLink":false,"footnotes":""},"class_list":["post-1595","page","type-page","status-publish","has-post-thumbnail","hentry"],"uagb_featured_image_src":{"full":["https:\/\/www.adapei64.fr\/site\/wp-content\/uploads\/2020\/11\/pa2021-2025.jpg",1848,1304,false],"thumbnail":["https:\/\/www.adapei64.fr\/site\/wp-content\/uploads\/2020\/11\/pa2021-2025-600x600.jpg",600,600,true],"medium":["https:\/\/www.adapei64.fr\/site\/wp-content\/uploads\/2020\/11\/pa2021-2025-1000x706.jpg",1000,706,true],"medium_large":["https:\/\/www.adapei64.fr\/site\/wp-content\/uploads\/2020\/11\/pa2021-2025-768x542.jpg",768,542,true],"large":["https:\/\/www.adapei64.fr\/site\/wp-content\/uploads\/2020\/11\/pa2021-2025.jpg",1848,1304,false],"1536x1536":["https:\/\/www.adapei64.fr\/site\/wp-content\/uploads\/2020\/11\/pa2021-2025-1536x1084.jpg",1536,1084,true],"2048x2048":["https:\/\/www.adapei64.fr\/site\/wp-content\/uploads\/2020\/11\/pa2021-2025.jpg",1848,1304,false]},"uagb_author_info":{"display_name":"Marie Lafargue","author_link":"https:\/\/www.adapei64.fr\/site\/author\/marie\/"},"uagb_comment_info":0,"uagb_excerpt":null,"distributor_meta":false,"distributor_terms":false,"distributor_media":false,"distributor_original_site_name":"Adapei des Pyr\u00e9n\u00e9es-Atlantiques","distributor_original_site_url":"https:\/\/www.adapei64.fr\/site","push-errors":false,"_links":{"self":[{"href":"https:\/\/www.adapei64.fr\/site\/wp-json\/wp\/v2\/pages\/1595","targetHints":{"allow":["GET"]}}],"collection":[{"href":"https:\/\/www.adapei64.fr\/site\/wp-json\/wp\/v2\/pages"}],"about":[{"href":"https:\/\/www.adapei64.fr\/site\/wp-json\/wp\/v2\/types\/page"}],"author":[{"embeddable":true,"href":"https:\/\/www.adapei64.fr\/site\/wp-json\/wp\/v2\/users\/1"}],"replies":[{"embeddable":true,"href":"https:\/\/www.adapei64.fr\/site\/wp-json\/wp\/v2\/comments?post=1595"}],"version-history":[{"count":24,"href":"https:\/\/www.adapei64.fr\/site\/wp-json\/wp\/v2\/pages\/1595\/revisions"}],"predecessor-version":[{"id":15729,"href":"https:\/\/www.adapei64.fr\/site\/wp-json\/wp\/v2\/pages\/1595\/revisions\/15729"}],"wp:featuredmedia":[{"embeddable":true,"href":"https:\/\/www.adapei64.fr\/site\/wp-json\/wp\/v2\/media\/654"}],"wp:attachment":[{"href":"https:\/\/www.adapei64.fr\/site\/wp-json\/wp\/v2\/media?parent=1595"}],"curies":[{"name":"wp","href":"https:\/\/api.w.org\/{rel}","templated":true}]}}