{"id":20286,"date":"2026-02-12T10:45:46","date_gmt":"2026-02-12T09:45:46","guid":{"rendered":"https:\/\/www.adapei64.fr\/site\/?page_id=20286"},"modified":"2026-02-12T11:04:59","modified_gmt":"2026-02-12T10:04:59","slug":"soutenez-nous","status":"publish","type":"page","link":"https:\/\/www.adapei64.fr\/site\/soutenez-nous\/","title":{"rendered":"Soutenez-nous !"},"content":{"rendered":"\n<div class=\"wp-block-group has-white-background-color has-background is-layout-flow wp-block-group-is-layout-flow\" style=\"padding-top:var(--wp--preset--spacing--70);padding-right:var(--wp--preset--spacing--80);padding-bottom:var(--wp--preset--spacing--70);padding-left:var(--wp--preset--spacing--80);box-shadow:var(--wp--preset--shadow--deep)\">\n<p class=\"has-text-align-center has-large-font-size wp-block-paragraph\">Soutenez notre action, <br><strong>devenez acteur de l\u2019inclusion<\/strong>,<br>rejoignez-nous !<\/p>\n\n\n\n<div class=\"wp-block-uagb-buttons uagb-buttons__outer-wrap uagb-btn__large-btn uagb-btn-tablet__default-btn uagb-btn-mobile__default-btn uagb-block-c810e52b\"><div class=\"uagb-buttons__wrap uagb-buttons-layout-wrap \">\n<div class=\"wp-block-uagb-buttons-child uagb-buttons__outer-wrap uagb-block-4d121636 wp-block-button\"><div class=\"uagb-button__wrapper\"><a class=\"uagb-buttons-repeater wp-block-button__link\" aria-label=\"\" href=\"https:\/\/www.adapei64.fr\/site\/adapei\/adherer-a-ladapei-des-pyrenees-atlantiques\/\" rel=\"follow noopener\" target=\"_blank\" role=\"button\"><div class=\"uagb-button__link\">en adh\u00e9rant<\/div><span class=\"uagb-button__icon uagb-button__icon-position-after\"><svg xmlns=\"https:\/\/www.w3.org\/2000\/svg\" viewBox=\"0 0 512 512\" aria-hidden=\"true\" focussable=\"false\"><path d=\"M0 256C0 114.6 114.6 0 256 0C397.4 0 512 114.6 512 256C512 397.4 397.4 512 256 512C114.6 512 0 397.4 0 256zM371.8 211.8C382.7 200.9 382.7 183.1 371.8 172.2C360.9 161.3 343.1 161.3 332.2 172.2L224 280.4L179.8 236.2C168.9 225.3 151.1 225.3 140.2 236.2C129.3 247.1 129.3 264.9 140.2 275.8L204.2 339.8C215.1 350.7 232.9 350.7 243.8 339.8L371.8 211.8z\"><\/path><\/svg><\/span><\/a><\/div><\/div>\n\n\n\n<div class=\"wp-block-uagb-buttons-child uagb-buttons__outer-wrap uagb-block-d14a0800 wp-block-button\"><div class=\"uagb-button__wrapper\"><a class=\"uagb-buttons-repeater wp-block-button__link\" aria-label=\"\" href=\"https:\/\/www.adapei64.fr\/site\/adapei\/devenir-benevole\/\" rel=\"follow noopener\" target=\"_blank\" role=\"button\"><div class=\"uagb-button__link\">en devenant b\u00e9n\u00e9vole<\/div><span class=\"uagb-button__icon uagb-button__icon-position-after\"><svg xmlns=\"https:\/\/www.w3.org\/2000\/svg\" viewBox=\"0 0 640 512\" aria-hidden=\"true\" focussable=\"false\"><path d=\"M319.9 320c57.41 0 103.1-46.56 103.1-104c0-57.44-46.54-104-103.1-104c-57.41 0-103.1 46.56-103.1 104C215.9 273.4 262.5 320 319.9 320zM369.9 352H270.1C191.6 352 128 411.7 128 485.3C128 500.1 140.7 512 156.4 512h327.2C499.3 512 512 500.1 512 485.3C512 411.7 448.4 352 369.9 352zM512 160c44.18 0 80-35.82 80-80S556.2 0 512 0c-44.18 0-80 35.82-80 80S467.8 160 512 160zM183.9 216c0-5.449 .9824-10.63 1.609-15.91C174.6 194.1 162.6 192 149.9 192H88.08C39.44 192 0 233.8 0 285.3C0 295.6 7.887 304 17.62 304h199.5C196.7 280.2 183.9 249.7 183.9 216zM128 160c44.18 0 80-35.82 80-80S172.2 0 128 0C83.82 0 48 35.82 48 80S83.82 160 128 160zM551.9 192h-61.84c-12.8 0-24.88 3.037-35.86 8.24C454.8 205.5 455.8 210.6 455.8 216c0 33.71-12.78 64.21-33.16 88h199.7C632.1 304 640 295.6 640 285.3C640 233.8 600.6 192 551.9 192z\"><\/path><\/svg><\/span><\/a><\/div><\/div>\n\n\n\n<div class=\"wp-block-uagb-buttons-child uagb-buttons__outer-wrap uagb-block-de9a1502 wp-block-button\"><div class=\"uagb-button__wrapper\"><a class=\"uagb-buttons-repeater wp-block-button__link\" aria-label=\"\" href=\"https:\/\/www.adapei64.fr\/site\/adapei\/faire-un-don-a-ladapei-des-pyrenees-atlantiques\/\" rel=\"follow noopener\" target=\"_blank\" role=\"button\"><div class=\"uagb-button__link\">en faisant un don<\/div><span class=\"uagb-button__icon uagb-button__icon-position-after\"><svg xmlns=\"https:\/\/www.w3.org\/2000\/svg\" viewBox=\"0 0 512 512\" aria-hidden=\"true\" focussable=\"false\"><path d=\"M0 190.9V185.1C0 115.2 50.52 55.58 119.4 44.1C164.1 36.51 211.4 51.37 244 84.02L256 96L267.1 84.02C300.6 51.37 347 36.51 392.6 44.1C461.5 55.58 512 115.2 512 185.1V190.9C512 232.4 494.8 272.1 464.4 300.4L283.7 469.1C276.2 476.1 266.3 480 256 480C245.7 480 235.8 476.1 228.3 469.1L47.59 300.4C17.23 272.1 .0003 232.4 .0003 190.9L0 190.9z\"><\/path><\/svg><\/span><\/a><\/div><\/div>\n<\/div><\/div>\n<\/div>\n\n\n\n<div class=\"wp-block-group has-global-padding is-layout-constrained wp-container-core-group-is-layout-2658ce17 wp-block-group-is-layout-constrained\" style=\"padding-right:var(--wp--preset--spacing--60);padding-left:var(--wp--preset--spacing--60)\">\n<div style=\"height:66px\" aria-hidden=\"true\" class=\"wp-block-spacer\"><\/div>\n\n\n\n<h2 class=\"wp-block-heading\">Qui sommes-nous ?<\/h2>\n\n\n\n<p class=\"wp-block-paragraph\">L&#8217;Adapei des Pyr\u00e9n\u00e9es-Atlantiques,<br><strong>Une association apprenante, engag\u00e9e et responsable<\/strong> pour rendre possible les possibles !<\/p>\n\n\n\n<p class=\"wp-block-paragraph\">L\u2019Adapei des Pyr\u00e9n\u00e9es-Atlantiques est <strong>une association familiale<\/strong>, engag\u00e9e pour l\u2019inclusion et l\u2019accompagnement des personnes en situation de handicap intellectuel ou psychique \u00e0 chaque \u00e9tape de leur vie.<\/p>\n\n\n\n<p class=\"wp-block-paragraph\"><strong>Nous ne sommes pas un service public<\/strong>, mais une force associative au service des familles et des personnes.<\/p>\n\n\n\n<div style=\"height:100px\" aria-hidden=\"true\" class=\"wp-block-spacer\"><\/div>\n\n\n\n<h4 class=\"wp-block-heading has-medium-font-size\">L&#8217;Adapei des Pyr\u00e9n\u00e9es-Atlantiques, c&#8217;est : <\/h4>\n\n\n\n<div class=\"wp-block-group is-content-justification-space-between is-nowrap is-layout-flex wp-container-core-group-is-layout-f36ac205 wp-block-group-is-layout-flex\">\n<div class=\"wp-block-group has-global-padding is-layout-constrained wp-block-group-is-layout-constrained\">\n<p class=\"has-text-align-center has-x-large-font-size wp-block-paragraph\" id=\"chiffre_cle\">+de <strong>60 ans<\/strong><\/p>\n\n\n\n<p class=\"has-text-align-center wp-block-paragraph\">d&#8217;engagement<\/p>\n<\/div>\n\n\n\n<div class=\"wp-block-group is-vertical is-content-justification-center is-layout-flex wp-container-core-group-is-layout-35b3506a wp-block-group-is-layout-flex\">\n<figure class=\"wp-block-image size-full is-resized\"><img decoding=\"async\" src=\"http:\/\/www.adapei64.fr\/site\/wp-content\/uploads\/2021\/07\/proches.svg\" alt=\"Icone &quot;Personnes accompagn\u00e9es&quot;\" style=\"width:auto;height:80px\"\/><\/figure>\n\n\n\n<p class=\"chiffre_cle wp-block-paragraph\">2247<\/p>\n\n\n\n<p class=\"has-text-align-center wp-block-paragraph\">personnes accompagn\u00e9es<\/p>\n<\/div>\n\n\n\n<div class=\"wp-block-group is-vertical is-content-justification-center is-layout-flex wp-container-core-group-is-layout-35b3506a wp-block-group-is-layout-flex\">\n<figure class=\"wp-block-image size-full is-resized\"><img decoding=\"async\" src=\"http:\/\/www.adapei64.fr\/site\/wp-content\/uploads\/2024\/07\/batiments.svg\" alt=\"Icone &quot;Etablissements et services&quot;\" style=\"width:auto;height:80px\"\/><\/figure>\n\n\n\n<p class=\"chiffre_cle wp-block-paragraph\">42<\/p>\n\n\n\n<p class=\"has-text-align-center wp-block-paragraph\">\u00e9tablissements et services<\/p>\n<\/div>\n\n\n\n<div class=\"wp-block-group is-vertical is-content-justification-center is-layout-flex wp-container-core-group-is-layout-8e3f7148 wp-block-group-is-layout-flex\">\n<figure class=\"wp-block-image size-full is-resized\"><img decoding=\"async\" src=\"http:\/\/www.adapei64.fr\/site\/wp-content\/uploads\/2021\/07\/pros.svg\" alt=\"Icone &quot;Professionnels&quot;\" style=\"width:auto;height:80px\"\/><\/figure>\n\n\n\n<p class=\"chiffre_cle wp-block-paragraph\">1000<\/p>\n\n\n\n<p class=\"has-text-align-center wp-block-paragraph\">salari\u00e9s environ<\/p>\n<\/div>\n\n\n\n<div class=\"wp-block-group is-vertical is-content-justification-center is-layout-flex wp-container-core-group-is-layout-e9bad34a wp-block-group-is-layout-flex\" style=\"margin-top:0;margin-bottom:0\">\n<p class=\"has-text-align-center has-medium-font-size wp-block-paragraph\" style=\"margin-top:0;margin-right:0;margin-bottom:0;margin-left:0\">et seulement <\/p>\n\n\n\n<p class=\"has-text-color has-link-color wp-elements-2d33f3594ca6bd020c67b3104b542977 wp-block-paragraph\" id=\"chiffre_cle\" style=\"color:#d87527;font-size:60px\"><strong>253<\/strong><\/p>\n\n\n\n<p class=\"has-medium-font-size wp-block-paragraph\">adh\u00e9rents<\/p>\n<\/div>\n<\/div>\n\n\n\n<div style=\"height:100px\" aria-hidden=\"true\" class=\"wp-block-spacer\"><\/div>\n\n\n\n<div class=\"wp-block-columns is-layout-flex wp-container-core-columns-is-layout-07579d57 wp-block-columns-is-layout-flex\">\n<div class=\"wp-block-column is-layout-flow wp-block-column-is-layout-flow\" style=\"flex-basis:50%\">\n<h2 class=\"wp-block-heading\">Nos valeurs<\/h2>\n\n\n\n<p class=\"wp-block-paragraph\">Nous pla\u00e7ons <strong>l\u2019humain au c\u0153ur de notre action<\/strong>, en respectant la dignit\u00e9 et les choix de chacun.<\/p>\n\n\n\n<p class=\"wp-block-paragraph\">Nous croyons aux<strong> potentiels des personnes<\/strong> et nous les aidons \u00e0 les exprimer, dans un cadre de vie <strong>chaleureux et adapt\u00e9<\/strong>.<\/p>\n\n\n\n<p class=\"wp-block-paragraph\">Notre engagement repose sur la <strong>solidarit\u00e9 avec les familles<\/strong>, la <strong>transmission des savoir-faire<\/strong>, et la promotion de la <strong>citoyennet\u00e9 et de l\u2019accessibilit\u00e9<\/strong>, pour une soci\u00e9t\u00e9 plus inclusive.<\/p>\n<\/div>\n\n\n\n<div class=\"wp-block-column is-layout-flow wp-block-column-is-layout-flow\" style=\"flex-basis:50%\">\n<h2 class=\"wp-block-heading\">Nos missions<\/h2>\n\n\n\n<p class=\"wp-block-paragraph\"><strong>L\u2019Adapei des Pyr\u00e9n\u00e9es-Atlantiques g\u00e8re des \u00e9tablissements et services, en d\u00e9fendant les droits des personnes en situation de handicap et en favorisant leur pleine citoyennet\u00e9.<\/strong><\/p>\n\n\n\n<p class=\"wp-block-paragraph\">Elle agit aussi pour sensibiliser le public, participer aux d\u00e9cisions du secteur m\u00e9dico-social, d\u00e9velopper des r\u00e9seaux et promouvoir l\u2019innovation pour am\u00e9liorer la qualit\u00e9 de vie.<\/p>\n<\/div>\n<\/div>\n<\/div>\n","protected":false},"excerpt":{"rendered":"<p>Soutenez notre action, devenez acteur de l\u2019inclusion,rejoignez-nous ! Qui sommes-nous ? L&#8217;Adapei des Pyr\u00e9n\u00e9es-Atlantiques,Une association apprenante, engag\u00e9e et responsable pour rendre possible les possibles ! L\u2019Adapei des Pyr\u00e9n\u00e9es-Atlantiques est une&hellip; <a class=\"continue\" href=\"https:\/\/www.adapei64.fr\/site\/soutenez-nous\/\">Lire :<span> Soutenez-nous !<\/span><\/a><\/p>\n","protected":false},"author":1,"featured_media":20292,"parent":0,"menu_order":0,"comment_status":"closed","ping_status":"closed","template":"","meta":{"_crdt_document":"","om_disable_all_campaigns":false,"_uag_custom_page_level_css":"","_monsterinsights_skip_tracking":false,"_monsterinsights_sitenote_active":false,"_monsterinsights_sitenote_note":"","_monsterinsights_sitenote_category":0,"_uf_show_specific_survey":0,"_uf_disable_surveys":false,"_EventAllDay":false,"_EventTimezone":"","_EventStartDate":"","_EventEndDate":"","_EventStartDateUTC":"","_EventEndDateUTC":"","_EventShowMap":false,"_EventShowMapLink":false,"_EventURL":"","_EventCost":"","_EventCostDescription":"","_EventCurrencySymbol":"","_EventCurrencyCode":"","_EventCurrencyPosition":"","_EventDateTimeSeparator":"","_EventTimeRangeSeparator":"","_EventOrganizerID":[],"_EventVenueID":[],"_OrganizerEmail":"","_OrganizerPhone":"","_OrganizerWebsite":"","_VenueAddress":"","_VenueCity":"","_VenueCountry":"","_VenueProvince":"","_VenueState":"","_VenueZip":"","_VenuePhone":"","_VenueURL":"","_VenueStateProvince":"","_VenueLat":"","_VenueLng":"","_VenueShowMap":false,"_VenueShowMapLink":false,"footnotes":""},"class_list":["post-20286","page","type-page","status-publish","has-post-thumbnail","hentry"],"uagb_featured_image_src":{"full":["https:\/\/www.adapei64.fr\/site\/wp-content\/uploads\/2026\/02\/PhotoPA-2026-2030-01-scaled-e1770646313225.jpg",2090,1438,false],"thumbnail":["https:\/\/www.adapei64.fr\/site\/wp-content\/uploads\/2026\/02\/PhotoPA-2026-2030-01-scaled-e1770646313225-600x600.jpg",600,600,true],"medium":["https:\/\/www.adapei64.fr\/site\/wp-content\/uploads\/2026\/02\/PhotoPA-2026-2030-01-scaled-e1770646313225-1000x688.jpg",1000,688,true],"medium_large":["https:\/\/www.adapei64.fr\/site\/wp-content\/uploads\/2026\/02\/PhotoPA-2026-2030-01-scaled-e1770646313225-768x528.jpg",768,528,true],"large":["https:\/\/www.adapei64.fr\/site\/wp-content\/uploads\/2026\/02\/PhotoPA-2026-2030-01-2043x2500.jpg",2043,2500,true],"1536x1536":["https:\/\/www.adapei64.fr\/site\/wp-content\/uploads\/2026\/02\/PhotoPA-2026-2030-01-scaled-e1770646313225-1536x1057.jpg",1536,1057,true],"2048x2048":["https:\/\/www.adapei64.fr\/site\/wp-content\/uploads\/2026\/02\/PhotoPA-2026-2030-01-scaled-e1770646313225-2048x1409.jpg",2048,1409,true]},"uagb_author_info":{"display_name":"Marie Lafargue","author_link":"https:\/\/www.adapei64.fr\/site\/author\/marie\/"},"uagb_comment_info":0,"uagb_excerpt":"Soutenez notre action, devenez acteur de l\u2019inclusion,rejoignez-nous ! Qui sommes-nous ? L&#8217;Adapei des Pyr\u00e9n\u00e9es-Atlantiques,Une association apprenante, engag\u00e9e et responsable pour rendre possible les possibles ! L\u2019Adapei des Pyr\u00e9n\u00e9es-Atlantiques est une&hellip; Lire : Soutenez-nous !","distributor_meta":false,"distributor_terms":false,"distributor_media":false,"distributor_original_site_name":"Adapei des Pyr\u00e9n\u00e9es-Atlantiques","distributor_original_site_url":"https:\/\/www.adapei64.fr\/site","push-errors":false,"_links":{"self":[{"href":"https:\/\/www.adapei64.fr\/site\/wp-json\/wp\/v2\/pages\/20286","targetHints":{"allow":["GET"]}}],"collection":[{"href":"https:\/\/www.adapei64.fr\/site\/wp-json\/wp\/v2\/pages"}],"about":[{"href":"https:\/\/www.adapei64.fr\/site\/wp-json\/wp\/v2\/types\/page"}],"author":[{"embeddable":true,"href":"https:\/\/www.adapei64.fr\/site\/wp-json\/wp\/v2\/users\/1"}],"replies":[{"embeddable":true,"href":"https:\/\/www.adapei64.fr\/site\/wp-json\/wp\/v2\/comments?post=20286"}],"version-history":[{"count":34,"href":"https:\/\/www.adapei64.fr\/site\/wp-json\/wp\/v2\/pages\/20286\/revisions"}],"predecessor-version":[{"id":20366,"href":"https:\/\/www.adapei64.fr\/site\/wp-json\/wp\/v2\/pages\/20286\/revisions\/20366"}],"wp:featuredmedia":[{"embeddable":true,"href":"https:\/\/www.adapei64.fr\/site\/wp-json\/wp\/v2\/media\/20292"}],"wp:attachment":[{"href":"https:\/\/www.adapei64.fr\/site\/wp-json\/wp\/v2\/media?parent=20286"}],"curies":[{"name":"wp","href":"https:\/\/api.w.org\/{rel}","templated":true}]}}