{"id":2090,"date":"2021-08-07T10:12:54","date_gmt":"2021-07-29T08:12:40","guid":{"rendered":"http:\/\/adapei64.fr\/wp2\/?page_id=2090"},"modified":"2026-02-12T11:04:28","modified_gmt":"2026-02-12T10:04:28","slug":"adherer-a-ladapei-des-pyrenees-atlantiques","status":"publish","type":"page","link":"https:\/\/www.adapei64.fr\/site\/adapei\/adherer-a-ladapei-des-pyrenees-atlantiques\/","title":{"rendered":"Adh\u00e9rer \u00e0 l\u2019Adapei des Pyr\u00e9n\u00e9es-Atlantiques"},"content":{"rendered":"\n<div class=\"wp-block-columns is-layout-flex wp-container-core-columns-is-layout-07579d57 wp-block-columns-is-layout-flex\">\n<div class=\"wp-block-column is-layout-flow wp-block-column-is-layout-flow\" style=\"flex-basis:80%\">\n<h2 class=\"wp-block-heading\">L\u2019Adh\u00e9sion : Un geste indispensable !<\/h2>\n\n\n\n<p class=\"wp-block-paragraph\">Pour :<\/p>\n\n\n\n<ul class=\"wp-block-list\">\n<li>Poursuivre l\u2019action en faveur des Personnes en situation de handicap<\/li>\n\n\n\n<li>Consolider et p\u00e9renniser le r\u00f4le et la place des Familles<\/li>\n\n\n\n<li>Contribuer \u00e0 l\u2019adaptation et au d\u00e9veloppement des structures d\u2019accueil<\/li>\n<\/ul>\n\n\n\n<p class=\"wp-block-paragraph\">L\u2019Assembl\u00e9e G\u00e9n\u00e9rale 2025 a fix\u00e9 \u00e0 92&nbsp;euros le montant de la cotisation.<\/p>\n\n\n\n<ul class=\"wp-block-list\">\n<li>&nbsp;Vous recevrez \u00e0 domicile le Bulletin de l\u2019Adapei des P.A. et le bulletin mensuel \u00ab Vivre Ensemble \u00bb de l\u2019UNAPEI<\/li>\n\n\n\n<li>&nbsp;Vous participerez chaque ann\u00e9e \u00e0 l\u2019Assembl\u00e9e g\u00e9n\u00e9rale de G\u00e9n\u00e9rale de l\u2019Adapei des P.A.<\/li>\n\n\n\n<li>&nbsp;Vous pourrez dialoguer, soumettre vos id\u00e9es, questionner au travers des diff\u00e9rentes Commissions de l\u2019Association, rencontrer les autres parents \u2026<\/li>\n\n\n\n<li>&nbsp;Vous serez convi\u00e9 aux diff\u00e9rentes manifestations (inaugurations, f\u00eates, matinales th\u00e9matiques)<\/li>\n\n\n\n<li>&nbsp;Vous pourrez b\u00e9n\u00e9ficier d\u2019un tarif pr\u00e9f\u00e9rentiel sur les produits et services r\u00e9alis\u00e9s par les \u00c9tablissements de l\u2019Adapei des P.A.<\/li>\n<\/ul>\n\n\n\n<p class=\"wp-block-paragraph\">Votre vitalit\u00e9, vos id\u00e9es nouvelles nous sont indispensables pour soutenir nos actions !<\/p>\n\n\n\n<blockquote class=\"wp-block-quote is-layout-flow wp-block-quote-is-layout-flow\">\n<p class=\"wp-block-paragraph\"><em data-uw-styling-context=\"true\">En adh\u00e9rant \u00e0 l\u2019Adapei des Pyr\u00e9n\u00e9es-Atlantiques, vous b\u00e9n\u00e9ficiez d\u2019une r\u00e9duction fiscale de 66% du montant de l\u2019adh\u00e9sion (montant vers\u00e9 dans la limite de 20% du revenu imposable).<\/em><br><em data-uw-styling-context=\"true\">Le montant de la cotisation est fix\u00e9 chaque ann\u00e9e par l\u2019Assembl\u00e9e g\u00e9n\u00e9rale. 50% sont revers\u00e9s aux instances repr\u00e9sentatives du mouvement au niveau national (Unapei) et r\u00e9gional (Unapei Nouvelle Aquitaine) ; 15% sont affect\u00e9s \u00e0 l\u2019abonnement au Bulletin de l\u2019Adapei 64 (3 num\u00e9ros par an) ; 35% sont destin\u00e9s \u00e0 l\u2019organisation de l\u2019Action associative.&nbsp;<\/em><\/p>\n<\/blockquote>\n\n\n\n<div style=\"height:23px\" aria-hidden=\"true\" class=\"wp-block-spacer\"><\/div>\n\n\n\n<h3 class=\"wp-block-heading\">Contact association :<\/h3>\n\n\n\n<p class=\"wp-block-paragraph\">LETELLIER Karine<br>Assistante de la pr\u00e9sidente<br><a href=\"tel:05 59 90 39 02\">05 59 90 39 02<\/a><\/p>\n\n\n\n<div style=\"height:18px\" aria-hidden=\"true\" class=\"wp-block-spacer\"><\/div>\n\n\n\n<div class=\"wp-block-uagb-buttons uagb-buttons__outer-wrap uagb-btn__default-btn uagb-btn-tablet__default-btn uagb-btn-mobile__default-btn uagb-block-cac5f06b\"><div class=\"uagb-buttons__wrap uagb-buttons-layout-wrap \">\n<div class=\"wp-block-uagb-buttons-child uagb-buttons__outer-wrap uagb-block-64a31049 wp-block-button\"><div class=\"uagb-button__wrapper\"><a class=\"uagb-buttons-repeater wp-block-button__link\" aria-label=\"\" href=\"http:\/\/www.adapei64.fr\/site\/wp-content\/uploads\/2026\/01\/Bulletin-adhesion-2026-1.pdf\" rel=\"follow noopener\" target=\"_blank\" role=\"button\"><div class=\"uagb-button__link\"><strong>Adh\u00e9rer en ch\u00e8que<\/strong><\/div><span class=\"uagb-button__icon uagb-button__icon-position-after\"><svg xmlns=\"https:\/\/www.w3.org\/2000\/svg\" viewBox=\"0 0 512 512\" aria-hidden=\"true\" focussable=\"false\"><path d=\"M464 64C490.5 64 512 85.49 512 112C512 127.1 504.9 141.3 492.8 150.4L275.2 313.6C263.8 322.1 248.2 322.1 236.8 313.6L19.2 150.4C7.113 141.3 0 127.1 0 112C0 85.49 21.49 64 48 64H464zM217.6 339.2C240.4 356.3 271.6 356.3 294.4 339.2L512 176V384C512 419.3 483.3 448 448 448H64C28.65 448 0 419.3 0 384V176L217.6 339.2z\"><\/path><\/svg><\/span><\/a><\/div><\/div>\n\n\n\n<div class=\"wp-block-uagb-buttons-child uagb-buttons__outer-wrap uagb-block-47134ff5 wp-block-button\"><div class=\"uagb-button__wrapper\"><a class=\"uagb-buttons-repeater wp-block-button__link\" aria-label=\"\" href=\"https:\/\/www.helloasso.com\/associations\/adapei-des-pyrenees-atlantiques\/adhesions\/adhesion-2026\" rel=\"follow noopener\" target=\"_blank\" role=\"button\"><div class=\"uagb-button__link\"><strong>Adh\u00e9rer en ligne<\/strong><\/div><span class=\"uagb-button__icon uagb-button__icon-position-after\"><svg xmlns=\"https:\/\/www.w3.org\/2000\/svg\" viewBox=\"0 0 320 512\" aria-hidden=\"true\" focussable=\"false\"><path d=\"M318.4 304.5c-3.531 9.344-12.47 15.52-22.45 15.52h-105l45.15 94.82c9.496 19.94 1.031 43.8-18.91 53.31c-19.95 9.504-43.82 1.035-53.32-18.91L117.3 351.3l-75 88.25c-4.641 5.469-11.37 8.453-18.28 8.453c-2.781 0-5.578-.4844-8.281-1.469C6.281 443.1 0 434.1 0 423.1V56.02c0-9.438 5.531-18.03 14.12-21.91C22.75 30.26 32.83 31.77 39.87 37.99l271.1 240C319.4 284.6 321.1 295.1 318.4 304.5z\"><\/path><\/svg><\/span><\/a><\/div><\/div>\n<\/div><\/div>\n\n\n\n<div class=\"wp-block-uagb-container uagb-block-298baac1 alignfull uagb-is-root-container\"><div class=\"uagb-container-inner-blocks-wrap\"><\/div><\/div>\n<\/div>\n\n\n\n<div class=\"wp-block-column is-layout-flow wp-block-column-is-layout-flow\" style=\"flex-basis:20%\">\n<figure class=\"wp-block-image size-full is-resized bloc_bleu\"><a href=\"https:\/\/www.adapei64.fr\/site\/adapei\/\"><img decoding=\"async\" src=\"http:\/\/www.adapei64.fr\/site\/wp-content\/uploads\/2022\/02\/infos-b.svg\" alt=\"\" class=\"wp-image-8077\" style=\"width:auto;height:80px\"\/><\/a><figcaption class=\"wp-element-caption\"><a href=\"https:\/\/www.adapei64.fr\/site\/adapei\/\" data-type=\"page\" data-id=\"728\">En savoir plus sur l&#8217;association<\/a><\/figcaption><\/figure>\n\n\n\n<figure class=\"wp-block-image bloc_bleu\"><a href=\"https:\/\/www.adapei64.fr\/site\/adapei\/les-etablissements-et-services\/\"><img decoding=\"async\" src=\"http:\/\/www.adapei64.fr\/site\/wp-content\/uploads\/2021\/02\/TrouverESMS.png\" alt=\"Carte vers les \u00e9tablissements et services de l'Adapei des Pyr\u00e9n\u00e9es-Atlantiques\"\/><\/a><figcaption class=\"wp-element-caption\"><a href=\"https:\/\/www.adapei64.fr\/site\/adapei\/les-etablissements-et-services\/\" data-type=\"page\" data-id=\"1013\">Trouver un \u00e9tablissement ou service<\/a><\/figcaption><\/figure>\n\n\n\n<figure class=\"wp-block-image bloc_bleu\"><a href=\"http:\/\/www.adapei64.fr\/site\/adapei\/projet-associatif-2021-2025\/\"><img decoding=\"async\" src=\"http:\/\/www.adapei64.fr\/site\/wp-content\/uploads\/2020\/11\/ProjetAsso2.png\" alt=\"Projet associatif 2021-2025\"\/><\/a><figcaption class=\"wp-element-caption\"><a href=\"http:\/\/www.adapei64.fr\/site\/adapei\/projet-associatif-2021-2025\/\" target=\"_blank\" rel=\"noreferrer noopener\">Notre projet associatif<\/a><\/figcaption><\/figure>\n<\/div>\n<\/div>\n\n\n\n<p class=\"wp-block-paragraph\"><\/p>\n","protected":false},"excerpt":{"rendered":"<p>L\u2019Adh\u00e9sion : Un geste indispensable ! Pour : L\u2019Assembl\u00e9e G\u00e9n\u00e9rale 2025 a fix\u00e9 \u00e0 92&nbsp;euros le montant de la cotisation. Votre vitalit\u00e9, vos id\u00e9es nouvelles nous sont indispensables pour soutenir&hellip; <a class=\"continue\" href=\"https:\/\/www.adapei64.fr\/site\/adapei\/adherer-a-ladapei-des-pyrenees-atlantiques\/\">Lire :<span> Adh\u00e9rer \u00e0 l\u2019Adapei des Pyr\u00e9n\u00e9es-Atlantiques<\/span><\/a><\/p>\n","protected":false},"author":1,"featured_media":3335,"parent":728,"menu_order":4,"comment_status":"closed","ping_status":"closed","template":"","meta":{"_crdt_document":"","om_disable_all_campaigns":false,"_uag_custom_page_level_css":"","_monsterinsights_skip_tracking":false,"_monsterinsights_sitenote_active":false,"_monsterinsights_sitenote_note":"","_monsterinsights_sitenote_category":0,"_uf_show_specific_survey":0,"_uf_disable_surveys":false,"_EventAllDay":false,"_EventTimezone":"","_EventStartDate":"","_EventEndDate":"","_EventStartDateUTC":"","_EventEndDateUTC":"","_EventShowMap":false,"_EventShowMapLink":false,"_EventURL":"","_EventCost":"","_EventCostDescription":"","_EventCurrencySymbol":"","_EventCurrencyCode":"","_EventCurrencyPosition":"","_EventDateTimeSeparator":"","_EventTimeRangeSeparator":"","_EventOrganizerID":[],"_EventVenueID":[],"_OrganizerEmail":"","_OrganizerPhone":"","_OrganizerWebsite":"","_VenueAddress":"","_VenueCity":"","_VenueCountry":"","_VenueProvince":"","_VenueState":"","_VenueZip":"","_VenuePhone":"","_VenueURL":"","_VenueStateProvince":"","_VenueLat":"","_VenueLng":"","_VenueShowMap":false,"_VenueShowMapLink":false,"footnotes":""},"class_list":["post-2090","page","type-page","status-publish","has-post-thumbnail","hentry"],"uagb_featured_image_src":{"full":["https:\/\/www.adapei64.fr\/site\/wp-content\/uploads\/2021\/08\/2019-06-28-AG-2-BD.jpg",1500,1000,false],"thumbnail":["https:\/\/www.adapei64.fr\/site\/wp-content\/uploads\/2021\/08\/2019-06-28-AG-2-BD-600x600.jpg",600,600,true],"medium":["https:\/\/www.adapei64.fr\/site\/wp-content\/uploads\/2021\/08\/2019-06-28-AG-2-BD-1000x667.jpg",1000,667,true],"medium_large":["https:\/\/www.adapei64.fr\/site\/wp-content\/uploads\/2021\/08\/2019-06-28-AG-2-BD-768x512.jpg",768,512,true],"large":["https:\/\/www.adapei64.fr\/site\/wp-content\/uploads\/2021\/08\/2019-06-28-AG-2-BD.jpg",1500,1000,false],"1536x1536":["https:\/\/www.adapei64.fr\/site\/wp-content\/uploads\/2021\/08\/2019-06-28-AG-2-BD.jpg",1500,1000,false],"2048x2048":["https:\/\/www.adapei64.fr\/site\/wp-content\/uploads\/2021\/08\/2019-06-28-AG-2-BD.jpg",1500,1000,false]},"uagb_author_info":{"display_name":"Marie Lafargue","author_link":"https:\/\/www.adapei64.fr\/site\/author\/marie\/"},"uagb_comment_info":0,"uagb_excerpt":"L\u2019Adh\u00e9sion : Un geste indispensable ! Pour : L\u2019Assembl\u00e9e G\u00e9n\u00e9rale 2025 a fix\u00e9 \u00e0 92&nbsp;euros le montant de la cotisation. Votre vitalit\u00e9, vos id\u00e9es nouvelles nous sont indispensables pour soutenir&hellip; Lire : Adh\u00e9rer \u00e0 l\u2019Adapei des Pyr\u00e9n\u00e9es-Atlantiques","distributor_meta":false,"distributor_terms":false,"distributor_media":false,"distributor_original_site_name":"Adapei des Pyr\u00e9n\u00e9es-Atlantiques","distributor_original_site_url":"https:\/\/www.adapei64.fr\/site","push-errors":false,"_links":{"self":[{"href":"https:\/\/www.adapei64.fr\/site\/wp-json\/wp\/v2\/pages\/2090","targetHints":{"allow":["GET"]}}],"collection":[{"href":"https:\/\/www.adapei64.fr\/site\/wp-json\/wp\/v2\/pages"}],"about":[{"href":"https:\/\/www.adapei64.fr\/site\/wp-json\/wp\/v2\/types\/page"}],"author":[{"embeddable":true,"href":"https:\/\/www.adapei64.fr\/site\/wp-json\/wp\/v2\/users\/1"}],"replies":[{"embeddable":true,"href":"https:\/\/www.adapei64.fr\/site\/wp-json\/wp\/v2\/comments?post=2090"}],"version-history":[{"count":103,"href":"https:\/\/www.adapei64.fr\/site\/wp-json\/wp\/v2\/pages\/2090\/revisions"}],"predecessor-version":[{"id":20379,"href":"https:\/\/www.adapei64.fr\/site\/wp-json\/wp\/v2\/pages\/2090\/revisions\/20379"}],"up":[{"embeddable":true,"href":"https:\/\/www.adapei64.fr\/site\/wp-json\/wp\/v2\/pages\/728"}],"wp:featuredmedia":[{"embeddable":true,"href":"https:\/\/www.adapei64.fr\/site\/wp-json\/wp\/v2\/media\/3335"}],"wp:attachment":[{"href":"https:\/\/www.adapei64.fr\/site\/wp-json\/wp\/v2\/media?parent=2090"}],"curies":[{"name":"wp","href":"https:\/\/api.w.org\/{rel}","templated":true}]}}