{"id":2365,"date":"2021-07-30T13:06:55","date_gmt":"2021-07-30T11:06:55","guid":{"rendered":"http:\/\/adapei64.fr\/wp2\/politique-mobilite\/"},"modified":"2024-08-06T19:28:13","modified_gmt":"2024-08-06T17:28:13","slug":"politique-mobilite","status":"publish","type":"page","link":"https:\/\/www.adapei64.fr\/site\/pro-medico-social\/politique-rh\/politique-mobilite\/","title":{"rendered":"Politique mobilit\u00e9"},"content":{"rendered":"\n<div style=\"height:70px\" aria-hidden=\"true\" class=\"wp-block-spacer\"><\/div>\n\n\n\n<div class=\"wp-block-columns is-layout-flex wp-container-core-columns-is-layout-07579d57 wp-block-columns-is-layout-flex\">\n<div class=\"wp-block-column is-layout-flow wp-block-column-is-layout-flow\" style=\"flex-basis:80%\">\n<p class=\"wp-block-paragraph\">Au sein de l&#8217;Adapei, la mobilit\u00e9 interne est inscrite dans la dynamique institutionnelle.<\/p>\n\n\n\n<p class=\"wp-block-paragraph\">L\u2019Association est venue confirmer cette volont\u00e9, en n\u00e9gociant et signant avec les partenaires sociaux, <strong>un accord d\u2019entreprise portant sur la Gestion des Emplois et des Parcours Professionnels (GEPP)<\/strong> qui est en vigueur depuis le 1er avril 2022.<\/p>\n\n\n\n<p class=\"wp-block-paragraph\">Par la diversit\u00e9 de ses \u00e9tablissements et services, l\u2019Association souhaite permettre \u00e0 ses professionnels d\u2019avoir acc\u00e8s aux <strong>opportunit\u00e9s de carri\u00e8re<\/strong> et leur permettre ainsi d\u2019<strong>enrichir leur exp\u00e9rience professionnelle<\/strong> et d\u2019<strong>\u00e9voluer en interne<\/strong>.<\/p>\n\n\n\n<p class=\"wp-block-paragraph\">La mobilit\u00e9 professionnelle constitue un atout clef de la politique de Ressources Humaines de l\u2019Association, en ce qu\u2019elle permet :<\/p>\n\n\n\n<ul class=\"wp-block-list\">\n<li>De <b>favoriser l\u2019\u00e9volution professionnelle des salari\u00e9s<\/b> au sein de l\u2019Association ;<\/li>\n\n\n\n<li>De <b>s\u2019assurer que l\u2019Association dispose des ressources n\u00e9cessaires et adapt\u00e9es<\/b> pour r\u00e9pondre \u00e0 ses besoins et \u00e0 ses enjeux actuels et futurs.<\/li>\n<\/ul>\n\n\n\n<p class=\"wp-block-paragraph\">L\u2019Association conforte cette volont\u00e9 en proposant plusieurs dispositifs :.<\/p>\n\n\n\n<div class=\"wp-block-group has-border-color has-tertiary-border-color has-global-padding is-layout-constrained wp-container-core-group-is-layout-26a738c0 wp-block-group-is-layout-constrained\" style=\"border-width:1px;border-radius:4px;padding-top:24px;padding-right:24px;padding-bottom:24px;padding-left:24px\">\n<h4 class=\"wp-block-heading has-text-align-center has-medium-font-size\"><strong>Entretiens<\/strong><\/h4>\n\n\n\n<p class=\"has-text-align-center has-small-font-size wp-block-paragraph\" style=\"margin-top:8px\">(professionnel, de carri\u00e8re, bilan \u00e0 6 ans)<\/p>\n<\/div>\n\n\n\n<div class=\"wp-block-group has-border-color has-tertiary-border-color has-global-padding is-layout-constrained wp-container-core-group-is-layout-26a738c0 wp-block-group-is-layout-constrained\" style=\"border-width:1px;border-radius:4px;padding-top:24px;padding-right:24px;padding-bottom:24px;padding-left:24px\">\n<h4 class=\"wp-block-heading has-text-align-center has-medium-font-size\"><strong>P\u00e9riode de d\u00e9couverte<\/strong><\/h4>\n\n\n\n<p class=\"has-text-align-center has-small-font-size wp-block-paragraph\" style=\"margin-top:8px\">Anticipation de d\u00e9parts \u00e0 la retraite<\/p>\n<\/div>\n\n\n\n<div class=\"wp-block-group has-border-color has-tertiary-border-color has-global-padding is-layout-constrained wp-container-core-group-is-layout-26a738c0 wp-block-group-is-layout-constrained\" style=\"border-width:1px;border-radius:4px;padding-top:24px;padding-right:24px;padding-bottom:24px;padding-left:24px\">\n<h4 class=\"wp-block-heading has-text-align-center has-medium-font-size\"><strong>Offres d&#8217;emploi<\/strong><\/h4>\n\n\n\n<p class=\"has-text-align-center has-small-font-size wp-block-paragraph\" style=\"margin-top:8px\">Sp\u00e9cialiste marketing num\u00e9rique \u00e0 Lyon. Exp\u00e9rience solide et strat\u00e9gies efficaces requises.<\/p>\n\n\n\n<div class=\"wp-block-group is-content-justification-center is-nowrap is-layout-flex wp-container-core-group-is-layout-49ddff71 wp-block-group-is-layout-flex\" style=\"margin-top:24px\">\n<p class=\"has-primary-color has-text-color has-small-font-size wp-block-paragraph\">Paris, France<\/p>\n\n\n\n<p class=\"has-primary-color has-text-color has-small-font-size wp-block-paragraph\">Temps plein<\/p>\n<\/div>\n<\/div>\n\n\n\n<div class=\"wp-block-group has-border-color has-tertiary-border-color has-global-padding is-layout-constrained wp-container-core-group-is-layout-26a738c0 wp-block-group-is-layout-constrained\" style=\"border-width:1px;border-radius:4px;padding-top:24px;padding-right:24px;padding-bottom:24px;padding-left:24px\">\n<h4 class=\"wp-block-heading has-text-align-center has-medium-font-size\"><strong>Formation<\/strong><\/h4>\n<\/div>\n\n\n\n<div class=\"wp-block-group has-border-color has-tertiary-border-color has-global-padding is-layout-constrained wp-container-core-group-is-layout-26a738c0 wp-block-group-is-layout-constrained\" style=\"border-width:1px;border-radius:4px;padding-top:24px;padding-right:24px;padding-bottom:24px;padding-left:24px\">\n<h4 class=\"wp-block-heading has-text-align-center has-medium-font-size\"><strong>Fiches emplois et comp\u00e9tences<\/strong><\/h4>\n\n\n\n<p class=\"has-text-align-center has-small-font-size wp-block-paragraph\" style=\"margin-top:8px\">Passerelles m\u00e9tiers<\/p>\n<\/div>\n\n\n\n<p class=\"wp-block-paragraph\">Pour conforter notre volont\u00e9 de mobilit\u00e9 professionnelle, une <strong style=\"font-size: 14.4px; font-style: inherit;\">Charte Mobilit\u00e9 Associative<\/strong> vient d\u00e9tailler les diff\u00e9rents dispositifs et inciter ces professionnels \u00e0 avoir une carri\u00e8re dynamique.<\/p>\n<\/div>\n\n\n\n<div class=\"wp-block-column is-layout-flow wp-block-column-is-layout-flow\" style=\"flex-basis:20%\">\n<figure class=\"wp-block-image size-full is-resized bloc_bleu\"><a href=\"https:\/\/www.adapei64.fr\/site\/adapei\/\"><img decoding=\"async\" src=\"http:\/\/www.adapei64.fr\/site\/wp-content\/uploads\/2022\/02\/infos-b.svg\" alt=\"\" class=\"wp-image-8077\" style=\"width:auto;height:80px\"\/><\/a><figcaption class=\"wp-element-caption\"><a href=\"https:\/\/www.adapei64.fr\/site\/adapei\/\" data-type=\"page\" data-id=\"728\">En savoir plus sur l&#8217;association<\/a><\/figcaption><\/figure>\n\n\n\n<figure class=\"wp-block-image bloc_bleu\"><a href=\"http:\/\/www.adapei64.fr\/site\/adapei\/projet-associatif-2021-2025\/\"><img decoding=\"async\" src=\"http:\/\/www.adapei64.fr\/site\/wp-content\/uploads\/2020\/11\/ProjetAsso2.png\" alt=\"Projet associatif 2021-2025\"\/><\/a><figcaption class=\"wp-element-caption\"><a href=\"http:\/\/www.adapei64.fr\/site\/adapei\/projet-associatif-2021-2025\/\" target=\"_blank\" rel=\"noreferrer noopener\">Notre projet associatif<\/a><\/figcaption><\/figure>\n\n\n\n<figure class=\"wp-block-image bloc_bleu\"><a href=\"https:\/\/www.adapei64.fr\/site\/adapei\/les-etablissements-et-services\/\"><img decoding=\"async\" src=\"http:\/\/www.adapei64.fr\/site\/wp-content\/uploads\/2021\/02\/TrouverESMS.png\" alt=\"Carte vers les \u00e9tablissements et services de l'Adapei des Pyr\u00e9n\u00e9es-Atlantiques\"\/><\/a><figcaption class=\"wp-element-caption\"><a href=\"https:\/\/www.adapei64.fr\/site\/adapei\/les-etablissements-et-services\/\" data-type=\"page\" data-id=\"1013\">Trouver un \u00e9tablissement ou service<\/a><\/figcaption><\/figure>\n\n\n\n<figure class=\"wp-block-image bloc_bleu\"><a href=\"https:\/\/cfr.adapei64.fr\"><img decoding=\"async\" src=\"https:\/\/www.adapei64.fr\/site\/wp-content\/uploads\/2021\/08\/Logo_CFR_Blanc.png\" alt=\"Centre de Formation et de Recherche de l'Adapei des PA\"\/><\/a><\/figure>\n<\/div>\n<\/div>\n","protected":false},"excerpt":{"rendered":"<p>Au sein de l&#8217;Adapei, la mobilit\u00e9 interne est inscrite dans la dynamique institutionnelle. L\u2019Association est venue confirmer cette volont\u00e9, en n\u00e9gociant et signant avec les partenaires sociaux, un accord d\u2019entreprise&hellip; <a class=\"continue\" href=\"https:\/\/www.adapei64.fr\/site\/pro-medico-social\/politique-rh\/politique-mobilite\/\">Lire :<span> Politique mobilit\u00e9<\/span><\/a><\/p>\n","protected":false},"author":1,"featured_media":10933,"parent":2373,"menu_order":1,"comment_status":"closed","ping_status":"closed","template":"","meta":{"_crdt_document":"","om_disable_all_campaigns":false,"_uag_custom_page_level_css":"","_monsterinsights_skip_tracking":false,"_monsterinsights_sitenote_active":false,"_monsterinsights_sitenote_note":"","_monsterinsights_sitenote_category":0,"_uf_show_specific_survey":0,"_uf_disable_surveys":false,"_EventAllDay":false,"_EventTimezone":"","_EventStartDate":"","_EventEndDate":"","_EventStartDateUTC":"","_EventEndDateUTC":"","_EventShowMap":false,"_EventShowMapLink":false,"_EventURL":"","_EventCost":"","_EventCostDescription":"","_EventCurrencySymbol":"","_EventCurrencyCode":"","_EventCurrencyPosition":"","_EventDateTimeSeparator":"","_EventTimeRangeSeparator":"","_EventOrganizerID":[],"_EventVenueID":[],"_OrganizerEmail":"","_OrganizerPhone":"","_OrganizerWebsite":"","_VenueAddress":"","_VenueCity":"","_VenueCountry":"","_VenueProvince":"","_VenueState":"","_VenueZip":"","_VenuePhone":"","_VenueURL":"","_VenueStateProvince":"","_VenueLat":"","_VenueLng":"","_VenueShowMap":false,"_VenueShowMapLink":false,"footnotes":""},"class_list":["post-2365","page","type-page","status-publish","has-post-thumbnail","hentry"],"uagb_featured_image_src":{"full":["https:\/\/www.adapei64.fr\/site\/wp-content\/uploads\/2022\/05\/pexels-antoni-shkraba-6288114-BD.jpg",1000,1500,false],"thumbnail":["https:\/\/www.adapei64.fr\/site\/wp-content\/uploads\/2022\/05\/pexels-antoni-shkraba-6288114-BD-600x600.jpg",600,600,true],"medium":["https:\/\/www.adapei64.fr\/site\/wp-content\/uploads\/2022\/05\/pexels-antoni-shkraba-6288114-BD-667x1000.jpg",667,1000,true],"medium_large":["https:\/\/www.adapei64.fr\/site\/wp-content\/uploads\/2022\/05\/pexels-antoni-shkraba-6288114-BD-768x1152.jpg",768,1152,true],"large":["https:\/\/www.adapei64.fr\/site\/wp-content\/uploads\/2022\/05\/pexels-antoni-shkraba-6288114-BD.jpg",1000,1500,false],"1536x1536":["https:\/\/www.adapei64.fr\/site\/wp-content\/uploads\/2022\/05\/pexels-antoni-shkraba-6288114-BD.jpg",1000,1500,false],"2048x2048":["https:\/\/www.adapei64.fr\/site\/wp-content\/uploads\/2022\/05\/pexels-antoni-shkraba-6288114-BD.jpg",1000,1500,false]},"uagb_author_info":{"display_name":"Marie Lafargue","author_link":"https:\/\/www.adapei64.fr\/site\/author\/marie\/"},"uagb_comment_info":0,"uagb_excerpt":"Au sein de l&#8217;Adapei, la mobilit\u00e9 interne est inscrite dans la dynamique institutionnelle. L\u2019Association est venue confirmer cette volont\u00e9, en n\u00e9gociant et signant avec les partenaires sociaux, un accord d\u2019entreprise&hellip; Lire : Politique mobilit\u00e9","distributor_meta":false,"distributor_terms":false,"distributor_media":false,"distributor_original_site_name":"Adapei des Pyr\u00e9n\u00e9es-Atlantiques","distributor_original_site_url":"https:\/\/www.adapei64.fr\/site","push-errors":false,"_links":{"self":[{"href":"https:\/\/www.adapei64.fr\/site\/wp-json\/wp\/v2\/pages\/2365","targetHints":{"allow":["GET"]}}],"collection":[{"href":"https:\/\/www.adapei64.fr\/site\/wp-json\/wp\/v2\/pages"}],"about":[{"href":"https:\/\/www.adapei64.fr\/site\/wp-json\/wp\/v2\/types\/page"}],"author":[{"embeddable":true,"href":"https:\/\/www.adapei64.fr\/site\/wp-json\/wp\/v2\/users\/1"}],"replies":[{"embeddable":true,"href":"https:\/\/www.adapei64.fr\/site\/wp-json\/wp\/v2\/comments?post=2365"}],"version-history":[{"count":52,"href":"https:\/\/www.adapei64.fr\/site\/wp-json\/wp\/v2\/pages\/2365\/revisions"}],"predecessor-version":[{"id":15772,"href":"https:\/\/www.adapei64.fr\/site\/wp-json\/wp\/v2\/pages\/2365\/revisions\/15772"}],"up":[{"embeddable":true,"href":"https:\/\/www.adapei64.fr\/site\/wp-json\/wp\/v2\/pages\/2373"}],"wp:featuredmedia":[{"embeddable":true,"href":"https:\/\/www.adapei64.fr\/site\/wp-json\/wp\/v2\/media\/10933"}],"wp:attachment":[{"href":"https:\/\/www.adapei64.fr\/site\/wp-json\/wp\/v2\/media?parent=2365"}],"curies":[{"name":"wp","href":"https:\/\/api.w.org\/{rel}","templated":true}]}}