{"id":2367,"date":"2021-07-30T13:06:55","date_gmt":"2021-07-30T11:06:55","guid":{"rendered":"http:\/\/adapei64.fr\/wp2\/politique-formation\/"},"modified":"2024-08-06T19:40:49","modified_gmt":"2024-08-06T17:40:49","slug":"politique-formation","status":"publish","type":"page","link":"https:\/\/www.adapei64.fr\/site\/pro-medico-social\/politique-rh\/politique-formation\/","title":{"rendered":"Politique formation"},"content":{"rendered":"\n<div style=\"height:70px\" aria-hidden=\"true\" class=\"wp-block-spacer\"><\/div>\n\n\n\n<div class=\"wp-block-columns is-layout-flex wp-container-core-columns-is-layout-07579d57 wp-block-columns-is-layout-flex\">\n<div class=\"wp-block-column is-layout-flow wp-block-column-is-layout-flow\" style=\"flex-basis:80%\">\n<p class=\"wp-block-paragraph\">Notre association reconnait que chacun peut \u00eatre en situation de comp\u00e9tences ! C\u2019est pour cela que la notion d\u2019apprenance est au c\u0153ur de notre projet associatif.<\/p>\n\n\n\n<p class=\"wp-block-paragraph\">Nous menons une <strong>politique de formation ambitieuse<\/strong>, facteur indispensable pour s\u00e9curiser les parcours professionnels, contribuer \u00e0 renforcer l\u2019employabilit\u00e9 de chacun tout au long de sa carri\u00e8re, et permettre l\u2019adaptabilit\u00e9 des comp\u00e9tences en temps r\u00e9el.<\/p>\n\n\n\n<p class=\"wp-block-paragraph\">Nous permettons une <strong>v\u00e9ritable mobilit\u00e9 interne par des parcours professionnels individualis\u00e9s<\/strong>, identifi\u00e9s dans les fiches empois comp\u00e9tences propres \u00e0 chaque m\u00e9tier. Sur la base de ces fiches, un <strong>parcours de formation int\u00e9gration est formalis\u00e9<\/strong>.<\/p>\n\n\n\n<p class=\"wp-block-paragraph\">De m\u00eame, nous accompagnons nos professionnels dans des formations dipl\u00f4mantes\/certifiantes leur permettant d\u2019exercer un nouveau m\u00e9tier ou d\u2019anticiper et pr\u00e9venir les al\u00e9as de la vie professionnelle.<\/p>\n\n\n\n<div style=\"height:35px\" aria-hidden=\"true\" class=\"wp-block-spacer\"><\/div>\n\n\n\n<div class=\"wp-block-group has-border-color has-tertiary-border-color has-global-padding is-layout-constrained wp-container-core-group-is-layout-26a738c0 wp-block-group-is-layout-constrained\" style=\"border-width:1px;border-radius:4px;padding-top:24px;padding-right:24px;padding-bottom:24px;padding-left:24px\">\n<h4 class=\"wp-block-heading has-text-align-center has-medium-font-size\">Fiches emplois et comp\u00e9tences<\/h4>\n<\/div>\n\n\n\n<div class=\"wp-block-group has-border-color has-tertiary-border-color has-global-padding is-layout-constrained wp-container-core-group-is-layout-26a738c0 wp-block-group-is-layout-constrained\" style=\"border-width:1px;border-radius:4px;padding-top:24px;padding-right:24px;padding-bottom:24px;padding-left:24px\">\n<h4 class=\"wp-block-heading has-text-align-center has-medium-font-size\">Parcours de formation d\u00e8s l&#8217;embauche<\/h4>\n<\/div>\n\n\n\n<div class=\"wp-block-group has-border-color has-tertiary-border-color has-global-padding is-layout-constrained wp-container-core-group-is-layout-26a738c0 wp-block-group-is-layout-constrained\" style=\"border-width:1px;border-radius:4px;padding-top:24px;padding-right:24px;padding-bottom:24px;padding-left:24px\">\n<h4 class=\"wp-block-heading has-text-align-center has-medium-font-size\">Maintien et d\u00e9veloppement des comp\u00e9tences<\/h4>\n<\/div>\n\n\n\n<div class=\"wp-block-group has-border-color has-tertiary-border-color has-global-padding is-layout-constrained wp-container-core-group-is-layout-26a738c0 wp-block-group-is-layout-constrained\" style=\"border-width:1px;border-radius:4px;padding-top:24px;padding-right:24px;padding-bottom:24px;padding-left:24px\">\n<h4 class=\"wp-block-heading has-text-align-center has-medium-font-size\">1. Reconversion \/ 2. Evolution professionnelle<\/h4>\n<\/div>\n\n\n\n<div style=\"height:35px\" aria-hidden=\"true\" class=\"wp-block-spacer\"><\/div>\n\n\n\n<p class=\"wp-block-paragraph\">Pour favoriser et coordonner notre politique emploi-formation, l\u2019association a choisi de cr\u00e9er son <strong>centre de formation et de recherche<\/strong>, v\u00e9ritable levier de d\u00e9veloppement des comp\u00e9tences et de transmission des savoirs.<\/p>\n\n\n\n<p class=\"has-text-align-left wp-block-paragraph\">Pour de plus amples informations, vous pouvez consulter la <a href=\"https:\/\/cfr.adapei64.fr\" target=\"_blank\" rel=\"noopener\">pr\u00e9sentation de notre Centre de Formation et de Recherche<\/a>.<\/p>\n<\/div>\n\n\n\n<div class=\"wp-block-column is-layout-flow wp-block-column-is-layout-flow\" style=\"flex-basis:20%\">\n<figure class=\"wp-block-image bloc_bleu\"><a href=\"https:\/\/cfr.adapei64.fr\"><img decoding=\"async\" src=\"https:\/\/www.adapei64.fr\/site\/wp-content\/uploads\/2021\/08\/Logo_CFR_Blanc.png\" alt=\"Centre de Formation et de Recherche de l'Adapei des PA\"\/><\/a><\/figure>\n\n\n\n<figure class=\"wp-block-image size-full is-resized bloc_bleu\"><a href=\"https:\/\/www.adapei64.fr\/site\/adapei\/\"><img decoding=\"async\" src=\"http:\/\/www.adapei64.fr\/site\/wp-content\/uploads\/2022\/02\/infos-b.svg\" alt=\"\" class=\"wp-image-8077\" style=\"width:auto;height:80px\"\/><\/a><figcaption class=\"wp-element-caption\"><a href=\"https:\/\/www.adapei64.fr\/site\/adapei\/\" data-type=\"page\" data-id=\"728\">En savoir plus sur l&#8217;association<\/a><\/figcaption><\/figure>\n\n\n\n<figure class=\"wp-block-image bloc_bleu\"><a href=\"http:\/\/www.adapei64.fr\/site\/adapei\/projet-associatif-2021-2025\/\"><img decoding=\"async\" src=\"http:\/\/www.adapei64.fr\/site\/wp-content\/uploads\/2020\/11\/ProjetAsso2.png\" alt=\"Projet associatif 2021-2025\"\/><\/a><figcaption class=\"wp-element-caption\"><a href=\"http:\/\/www.adapei64.fr\/site\/adapei\/projet-associatif-2021-2025\/\" target=\"_blank\" rel=\"noreferrer noopener\">Notre projet associatif<\/a><\/figcaption><\/figure>\n\n\n\n<figure class=\"wp-block-image bloc_bleu\"><a href=\"https:\/\/www.adapei64.fr\/site\/adapei\/les-etablissements-et-services\/\"><img decoding=\"async\" src=\"http:\/\/www.adapei64.fr\/site\/wp-content\/uploads\/2021\/02\/TrouverESMS.png\" alt=\"Carte vers les \u00e9tablissements et services de l'Adapei des Pyr\u00e9n\u00e9es-Atlantiques\"\/><\/a><figcaption class=\"wp-element-caption\"><a href=\"https:\/\/www.adapei64.fr\/site\/adapei\/les-etablissements-et-services\/\" data-type=\"page\" data-id=\"1013\">Trouver un \u00e9tablissement ou service<\/a><\/figcaption><\/figure>\n<\/div>\n<\/div>\n","protected":false},"excerpt":{"rendered":"<p>Notre association reconnait que chacun peut \u00eatre en situation de comp\u00e9tences ! C\u2019est pour cela que la notion d\u2019apprenance est au c\u0153ur de notre projet associatif. Nous menons une politique&hellip; <a class=\"continue\" href=\"https:\/\/www.adapei64.fr\/site\/pro-medico-social\/politique-rh\/politique-formation\/\">Lire :<span> Politique formation<\/span><\/a><\/p>\n","protected":false},"author":1,"featured_media":9563,"parent":2373,"menu_order":3,"comment_status":"closed","ping_status":"closed","template":"","meta":{"_crdt_document":"","om_disable_all_campaigns":false,"_uag_custom_page_level_css":"","_monsterinsights_skip_tracking":false,"_monsterinsights_sitenote_active":false,"_monsterinsights_sitenote_note":"","_monsterinsights_sitenote_category":0,"_uf_show_specific_survey":0,"_uf_disable_surveys":false,"_EventAllDay":false,"_EventTimezone":"","_EventStartDate":"","_EventEndDate":"","_EventStartDateUTC":"","_EventEndDateUTC":"","_EventShowMap":false,"_EventShowMapLink":false,"_EventURL":"","_EventCost":"","_EventCostDescription":"","_EventCurrencySymbol":"","_EventCurrencyCode":"","_EventCurrencyPosition":"","_EventDateTimeSeparator":"","_EventTimeRangeSeparator":"","_EventOrganizerID":[],"_EventVenueID":[],"_OrganizerEmail":"","_OrganizerPhone":"","_OrganizerWebsite":"","_VenueAddress":"","_VenueCity":"","_VenueCountry":"","_VenueProvince":"","_VenueState":"","_VenueZip":"","_VenuePhone":"","_VenueURL":"","_VenueStateProvince":"","_VenueLat":"","_VenueLng":"","_VenueShowMap":false,"_VenueShowMapLink":false,"footnotes":""},"class_list":["post-2367","page","type-page","status-publish","has-post-thumbnail","hentry"],"uagb_featured_image_src":{"full":["https:\/\/www.adapei64.fr\/site\/wp-content\/uploads\/2022\/02\/emloi-competence.png",454,486,false],"thumbnail":["https:\/\/www.adapei64.fr\/site\/wp-content\/uploads\/2022\/02\/emloi-competence.png",454,486,false],"medium":["https:\/\/www.adapei64.fr\/site\/wp-content\/uploads\/2022\/02\/emloi-competence.png",454,486,false],"medium_large":["https:\/\/www.adapei64.fr\/site\/wp-content\/uploads\/2022\/02\/emloi-competence.png",454,486,false],"large":["https:\/\/www.adapei64.fr\/site\/wp-content\/uploads\/2022\/02\/emloi-competence.png",454,486,false],"1536x1536":["https:\/\/www.adapei64.fr\/site\/wp-content\/uploads\/2022\/02\/emloi-competence.png",454,486,false],"2048x2048":["https:\/\/www.adapei64.fr\/site\/wp-content\/uploads\/2022\/02\/emloi-competence.png",454,486,false]},"uagb_author_info":{"display_name":"Marie Lafargue","author_link":"https:\/\/www.adapei64.fr\/site\/author\/marie\/"},"uagb_comment_info":0,"uagb_excerpt":"Notre association reconnait que chacun peut \u00eatre en situation de comp\u00e9tences ! C\u2019est pour cela que la notion d\u2019apprenance est au c\u0153ur de notre projet associatif. Nous menons une politique&hellip; Lire : Politique formation","distributor_meta":false,"distributor_terms":false,"distributor_media":false,"distributor_original_site_name":"Adapei des Pyr\u00e9n\u00e9es-Atlantiques","distributor_original_site_url":"https:\/\/www.adapei64.fr\/site","push-errors":false,"_links":{"self":[{"href":"https:\/\/www.adapei64.fr\/site\/wp-json\/wp\/v2\/pages\/2367","targetHints":{"allow":["GET"]}}],"collection":[{"href":"https:\/\/www.adapei64.fr\/site\/wp-json\/wp\/v2\/pages"}],"about":[{"href":"https:\/\/www.adapei64.fr\/site\/wp-json\/wp\/v2\/types\/page"}],"author":[{"embeddable":true,"href":"https:\/\/www.adapei64.fr\/site\/wp-json\/wp\/v2\/users\/1"}],"replies":[{"embeddable":true,"href":"https:\/\/www.adapei64.fr\/site\/wp-json\/wp\/v2\/comments?post=2367"}],"version-history":[{"count":18,"href":"https:\/\/www.adapei64.fr\/site\/wp-json\/wp\/v2\/pages\/2367\/revisions"}],"predecessor-version":[{"id":15784,"href":"https:\/\/www.adapei64.fr\/site\/wp-json\/wp\/v2\/pages\/2367\/revisions\/15784"}],"up":[{"embeddable":true,"href":"https:\/\/www.adapei64.fr\/site\/wp-json\/wp\/v2\/pages\/2373"}],"wp:featuredmedia":[{"embeddable":true,"href":"https:\/\/www.adapei64.fr\/site\/wp-json\/wp\/v2\/media\/9563"}],"wp:attachment":[{"href":"https:\/\/www.adapei64.fr\/site\/wp-json\/wp\/v2\/media?parent=2367"}],"curies":[{"name":"wp","href":"https:\/\/api.w.org\/{rel}","templated":true}]}}