{"id":2371,"date":"2021-07-30T13:06:55","date_gmt":"2021-07-30T11:06:55","guid":{"rendered":"http:\/\/adapei64.fr\/wp2\/index-egalite-hommes-femmes\/"},"modified":"2025-02-20T11:08:06","modified_gmt":"2025-02-20T10:08:06","slug":"index-egalite-hommes-femmes","status":"publish","type":"page","link":"https:\/\/www.adapei64.fr\/site\/pro-medico-social\/politique-rh\/index-egalite-hommes-femmes\/","title":{"rendered":"Politique \u00e9galit\u00e9 Hommes \/ Femmes"},"content":{"rendered":"\n<div style=\"height:70px\" aria-hidden=\"true\" class=\"wp-block-spacer\"><\/div>\n\n\n\n<div class=\"wp-block-columns is-layout-flex wp-container-core-columns-is-layout-07579d57 wp-block-columns-is-layout-flex\">\n<div class=\"wp-block-column is-layout-flow wp-block-column-is-layout-flow\" style=\"flex-basis:80%\">\n<p class=\"wp-block-paragraph\">L\u2019association veille au respect de l\u2019application du <strong>principe d\u2019\u00e9galit\u00e9 entre les femmes et les hommes<\/strong>, et encourage le recrutement favorisant la mixit\u00e9, afin d\u2019obtenir un \u00e9quilibre homme femme dans tous nos m\u00e9tiers.<\/p>\n\n\n\n<p class=\"wp-block-paragraph\">Bien que notre convention collective soit favorable \u00e0 l\u2019\u00e9galit\u00e9 entre hommes et femmes, dans le domaine de la classification, de la r\u00e9mun\u00e9ration et de la progression salariale, il convient de rester attentif au respect de l\u2019\u00e9galit\u00e9 salariale homme\/femme.<\/p>\n\n\n\n<p class=\"wp-block-paragraph\">L\u2019association s\u2019engage \u00e0 ce titre, dans <strong>4 domaines pour favoriser l\u2019\u00e9galit\u00e9 professionnelle<\/strong> entre les femmes et les hommes :<\/p>\n\n\n\n<ul class=\"wp-block-list\">\n<li>Embauche<\/li>\n\n\n\n<li>Formation<\/li>\n\n\n\n<li>R\u00e9mun\u00e9ration<\/li>\n\n\n\n<li>Vie priv\u00e9e \/ vie professionnelle<\/li>\n<\/ul>\n\n\n\n<div class=\"wp-block-file\"><a id=\"wp-block-file--media-02fc9bb9-3d05-46b5-a9f6-0178195aa8e1\" href=\"http:\/\/www.adapei64.fr\/site\/wp-content\/uploads\/2025\/02\/declaration_egapro-31-12-2024.pdf\">Notre d\u00e9claration d\u2019index \u00e9galit\u00e9 Hommes \/ Femmes d\u00e9taill\u00e9e.<\/a><\/div>\n<\/div>\n\n\n\n<div class=\"wp-block-column is-layout-flow wp-block-column-is-layout-flow\" style=\"flex-basis:20%\">\n<figure class=\"wp-block-image bloc_bleu wp-duotone-ffffff-ffffff-2\"><a href=\"https:\/\/www.adapei64.fr\/site\/adapei\/\"><img decoding=\"async\" src=\"https:\/\/www.adapei64.fr\/site\/wp-content\/uploads\/2021\/07\/infos.svg\" alt=\"Icone &quot;Infos&quot;\"\/><\/a><figcaption class=\"wp-element-caption\">En savoir plus sur l&#8217;association<\/figcaption><\/figure>\n\n\n\n<figure class=\"wp-block-image size-full is-resized bloc_bleu\"><a href=\"https:\/\/www.adapei64.fr\/site\/adapei\/\"><img decoding=\"async\" src=\"http:\/\/www.adapei64.fr\/site\/wp-content\/uploads\/2022\/02\/infos-b.svg\" alt=\"\" class=\"wp-image-8077\" style=\"width:auto;height:80px\"\/><\/a><figcaption class=\"wp-element-caption\"><a href=\"https:\/\/www.adapei64.fr\/site\/adapei\/\" data-type=\"page\" data-id=\"728\">En savoir plus sur l&#8217;association<\/a><\/figcaption><\/figure>\n\n\n\n<figure class=\"wp-block-image bloc_bleu\"><a href=\"http:\/\/www.adapei64.fr\/site\/adapei\/projet-associatif-2021-2025\/\"><img decoding=\"async\" src=\"http:\/\/www.adapei64.fr\/site\/wp-content\/uploads\/2020\/11\/ProjetAsso2.png\" alt=\"Projet associatif 2021-2025\"\/><\/a><figcaption class=\"wp-element-caption\"><a href=\"http:\/\/www.adapei64.fr\/site\/adapei\/projet-associatif-2021-2025\/\" target=\"_blank\" rel=\"noreferrer noopener\">Notre projet associatif<\/a><\/figcaption><\/figure>\n\n\n\n<figure class=\"wp-block-image bloc_bleu\"><a href=\"https:\/\/www.adapei64.fr\/site\/adapei\/les-etablissements-et-services\/\"><img decoding=\"async\" src=\"http:\/\/www.adapei64.fr\/site\/wp-content\/uploads\/2021\/02\/TrouverESMS.png\" alt=\"Carte vers les \u00e9tablissements et services de l'Adapei des Pyr\u00e9n\u00e9es-Atlantiques\"\/><\/a><figcaption class=\"wp-element-caption\"><a href=\"https:\/\/www.adapei64.fr\/site\/adapei\/les-etablissements-et-services\/\" data-type=\"page\" data-id=\"1013\">Trouver un \u00e9tablissement ou service<\/a><\/figcaption><\/figure>\n<\/div>\n<\/div>\n","protected":false},"excerpt":{"rendered":"<p>L\u2019association veille au respect de l\u2019application du principe d\u2019\u00e9galit\u00e9 entre les femmes et les hommes, et encourage le recrutement favorisant la mixit\u00e9, afin d\u2019obtenir un \u00e9quilibre homme femme dans tous&hellip; <a class=\"continue\" href=\"https:\/\/www.adapei64.fr\/site\/pro-medico-social\/politique-rh\/index-egalite-hommes-femmes\/\">Lire :<span> Politique \u00e9galit\u00e9 Hommes \/ Femmes<\/span><\/a><\/p>\n","protected":false},"author":1,"featured_media":9589,"parent":2373,"menu_order":5,"comment_status":"closed","ping_status":"closed","template":"","meta":{"_crdt_document":"","om_disable_all_campaigns":false,"_uag_custom_page_level_css":"","_monsterinsights_skip_tracking":false,"_monsterinsights_sitenote_active":false,"_monsterinsights_sitenote_note":"","_monsterinsights_sitenote_category":0,"_uf_show_specific_survey":0,"_uf_disable_surveys":false,"_EventAllDay":false,"_EventTimezone":"","_EventStartDate":"","_EventEndDate":"","_EventStartDateUTC":"","_EventEndDateUTC":"","_EventShowMap":false,"_EventShowMapLink":false,"_EventURL":"","_EventCost":"","_EventCostDescription":"","_EventCurrencySymbol":"","_EventCurrencyCode":"","_EventCurrencyPosition":"","_EventDateTimeSeparator":"","_EventTimeRangeSeparator":"","_EventOrganizerID":[],"_EventVenueID":[],"_OrganizerEmail":"","_OrganizerPhone":"","_OrganizerWebsite":"","_VenueAddress":"","_VenueCity":"","_VenueCountry":"","_VenueProvince":"","_VenueState":"","_VenueZip":"","_VenuePhone":"","_VenueURL":"","_VenueStateProvince":"","_VenueLat":"","_VenueLng":"","_VenueShowMap":false,"_VenueShowMapLink":false,"footnotes":""},"class_list":["post-2371","page","type-page","status-publish","has-post-thumbnail","hentry"],"uagb_featured_image_src":{"full":["https:\/\/www.adapei64.fr\/site\/wp-content\/uploads\/2022\/02\/egalite-hf.png",500,500,false],"thumbnail":["https:\/\/www.adapei64.fr\/site\/wp-content\/uploads\/2022\/02\/egalite-hf.png",500,500,false],"medium":["https:\/\/www.adapei64.fr\/site\/wp-content\/uploads\/2022\/02\/egalite-hf.png",500,500,false],"medium_large":["https:\/\/www.adapei64.fr\/site\/wp-content\/uploads\/2022\/02\/egalite-hf.png",500,500,false],"large":["https:\/\/www.adapei64.fr\/site\/wp-content\/uploads\/2022\/02\/egalite-hf.png",500,500,false],"1536x1536":["https:\/\/www.adapei64.fr\/site\/wp-content\/uploads\/2022\/02\/egalite-hf.png",500,500,false],"2048x2048":["https:\/\/www.adapei64.fr\/site\/wp-content\/uploads\/2022\/02\/egalite-hf.png",500,500,false]},"uagb_author_info":{"display_name":"Marie Lafargue","author_link":"https:\/\/www.adapei64.fr\/site\/author\/marie\/"},"uagb_comment_info":0,"uagb_excerpt":"L\u2019association veille au respect de l\u2019application du principe d\u2019\u00e9galit\u00e9 entre les femmes et les hommes, et encourage le recrutement favorisant la mixit\u00e9, afin d\u2019obtenir un \u00e9quilibre homme femme dans tous&hellip; Lire : Politique \u00e9galit\u00e9 Hommes \/ Femmes","distributor_meta":false,"distributor_terms":false,"distributor_media":false,"distributor_original_site_name":"Adapei des Pyr\u00e9n\u00e9es-Atlantiques","distributor_original_site_url":"https:\/\/www.adapei64.fr\/site","push-errors":false,"_links":{"self":[{"href":"https:\/\/www.adapei64.fr\/site\/wp-json\/wp\/v2\/pages\/2371","targetHints":{"allow":["GET"]}}],"collection":[{"href":"https:\/\/www.adapei64.fr\/site\/wp-json\/wp\/v2\/pages"}],"about":[{"href":"https:\/\/www.adapei64.fr\/site\/wp-json\/wp\/v2\/types\/page"}],"author":[{"embeddable":true,"href":"https:\/\/www.adapei64.fr\/site\/wp-json\/wp\/v2\/users\/1"}],"replies":[{"embeddable":true,"href":"https:\/\/www.adapei64.fr\/site\/wp-json\/wp\/v2\/comments?post=2371"}],"version-history":[{"count":21,"href":"https:\/\/www.adapei64.fr\/site\/wp-json\/wp\/v2\/pages\/2371\/revisions"}],"predecessor-version":[{"id":17071,"href":"https:\/\/www.adapei64.fr\/site\/wp-json\/wp\/v2\/pages\/2371\/revisions\/17071"}],"up":[{"embeddable":true,"href":"https:\/\/www.adapei64.fr\/site\/wp-json\/wp\/v2\/pages\/2373"}],"wp:featuredmedia":[{"embeddable":true,"href":"https:\/\/www.adapei64.fr\/site\/wp-json\/wp\/v2\/media\/9589"}],"wp:attachment":[{"href":"https:\/\/www.adapei64.fr\/site\/wp-json\/wp\/v2\/media?parent=2371"}],"curies":[{"name":"wp","href":"https:\/\/api.w.org\/{rel}","templated":true}]}}