{"id":2391,"date":"2021-07-30T13:13:33","date_gmt":"2021-07-30T11:13:33","guid":{"rendered":"http:\/\/adapei64.fr\/wp2\/je-represente-une-entreprise-ou-une-collectivite\/recruter-une-personne-vivant-avec-un-handicap\/"},"modified":"2025-01-06T11:15:44","modified_gmt":"2025-01-06T10:15:44","slug":"recruter-une-personne-vivant-avec-un-handicap","status":"publish","type":"page","link":"https:\/\/www.adapei64.fr\/site\/entreprise-2\/recruter-une-personne-vivant-avec-un-handicap\/","title":{"rendered":"Recruter une personne vivant avec un handicap"},"content":{"rendered":"\n<p class=\"wp-block-paragraph\">Vous souhaitez b\u00e9n\u00e9ficier d\u2019un accompagnement sur mesure pour une int\u00e9gration durable et r\u00e9ussie ou un maintien dans l\u2019emploi de votre salari\u00e9 ?<\/p>\n\n\n\n<div style=\"height:70px\" aria-hidden=\"true\" class=\"wp-block-spacer\"><\/div>\n\n\n\n<div class=\"wp-block-columns is-layout-flex wp-container-core-columns-is-layout-07579d57 wp-block-columns-is-layout-flex\">\n<div class=\"wp-block-column is-layout-flow wp-block-column-is-layout-flow\" style=\"flex-basis:80%\">\n<h2 class=\"wp-block-heading\">La plateforme Service Emploi Accompagn\u00e9 64<\/h2>\n\n\n\n<p class=\"wp-block-paragraph\">Un dispositif novateur qui vous apporte une solution concr\u00e8te et r\u00e9aliste pour l\u2019emploi des personnes en situation de handicap.<\/p>\n\n\n\n<p class=\"wp-block-paragraph\">Le service \u201cEmploi Accompagn\u00e9\u201d propose un accompagnement structur\u00e9, formalis\u00e9&nbsp;personnalis\u00e9 et adapt\u00e9 aux besoins des personnes en situation de handicap et des&nbsp;employeurs.<\/p>\n\n\n\n<p class=\"wp-block-paragraph\">Dans les Pyr\u00e9n\u00e9es-Atlantiques, aussi bien en Pays Basque qu\u2019en B\u00e9arn, le dispositif&nbsp;est port\u00e9 par une plateforme qui s\u2019appuie sur l\u2019exp\u00e9rience acquise et reconnue de ses acteurs, sur leur expertise, sur leurs r\u00e9seaux et sur leur capacit\u00e9 collective \u00e0 se mobiliser et innover pour favoriser l\u2019acc\u00e8s et le maintien durable dans l\u2019emploi en milieu ordinaire des personnes en situation de handicap.<\/p>\n\n\n\n<p class=\"wp-block-paragraph\">Le Service Emploi Accompagn\u00e9 :<\/p>\n\n\n\n<ul class=\"wp-block-list\">\n<li>participe au suivi du dossier administratif : Reconnaissance de la Qualit\u00e9 de Travailleur Handicap\u00e9 (RQTH),&nbsp;demande d\u2019aides financi\u00e8res (MDPH , AGEFIPH, FIPHFP, etc.)<\/li>\n\n\n\n<li>vous apporte conseils et supports sur les sp\u00e9cificit\u00e9s du handicap dans la vie professionnelle : formation des&nbsp;\u00e9quipes, adaptation du poste et des conditions de travail, d\u00e9finition des objectifs adapt\u00e9s au handicap, etc.<\/li>\n\n\n\n<li>vous aide dans la gestion pr\u00e9visionnelle des emplois et des comp\u00e9tences (GPEC) : formation, d\u00e9veloppement&nbsp;des comp\u00e9tences, gestion de carri\u00e8re, etc.<\/li>\n\n\n\n<li>vous soutient en cas de difficult\u00e9s ou pour les pr\u00e9venir : m\u00e9diation au sein de l\u2019\u00e9quipe, gestion du stress,&nbsp;absent\u00e9isme, probl\u00e8mes personnels du salari\u00e9, etc.<\/li>\n<\/ul>\n\n\n\n<p class=\"bouton_lien wp-block-paragraph\"><a href=\"http:\/\/www.adapei64.fr\/site\/adapei\/les-etablissements-et-services\/services-transversaux\/service-emploi-accompagne\/\">En savoir plus sur le Service Emploi Accompagn\u00e9<\/a><\/p>\n<\/div>\n\n\n\n<div class=\"wp-block-column is-layout-flow wp-block-column-is-layout-flow\" style=\"flex-basis:20%\">\n<div class=\"wp-block-group bloc_bleu is-vertical is-layout-flex wp-container-core-group-is-layout-2c90304e wp-block-group-is-layout-flex\">\n<p class=\"has-text-align-left wp-block-paragraph\"><strong>Service Emploi Accompagn\u00e9 64<\/strong><\/p>\n\n\n\n<p class=\"has-text-align-left wp-block-paragraph\">2 avenue de l\u2019Universit\u00e9<br>Centre \u00abMercure\u00bb<br>64000 PAU<\/p>\n\n\n\n<p class=\"has-text-align-left wp-block-paragraph\">T\u00e9l. : 05 59 14 31 91<br>Fax : 05 59 14 31 99<\/p>\n\n\n\n<p class=\"has-text-align-left wp-block-paragraph\">Plus d&#8217;information :<br><a href=\"http:\/\/www.adapei64.fr\/site\/adapei\/les-etablissements-et-services\/services-transversaux\/service-emploi-accompagne\/\">www.adapei64.fr\/dea<\/a><\/p>\n<\/div>\n<\/div>\n<\/div>\n\n\n\n<div style=\"height:70px\" aria-hidden=\"true\" class=\"wp-block-spacer\"><\/div>\n\n\n\n<div class=\"wp-block-columns is-layout-flex wp-container-core-columns-is-layout-07579d57 wp-block-columns-is-layout-flex\">\n<div class=\"wp-block-column is-layout-flow wp-block-column-is-layout-flow\" style=\"flex-basis:80%\">\n<h2 class=\"wp-block-heading\">Les aides de l&#8217;OETH<\/h2>\n\n\n\n<p class=\"wp-block-paragraph\">Etre un \u00e9tablissement couvert par l&#8217;accord handicap OETH c&#8217;est b\u00e9n\u00e9ficier d&#8217;aides sp\u00e9cifiques au secteur sanitaire, social et m\u00e9dico-social priv\u00e9 non lucratif.<\/p>\n\n\n\n<p class=\"wp-block-paragraph\"><a href=\"https:\/\/www.oeth.org\/employeur\/employeur\/les-aides-financieres\" target=\"_blank\" rel=\"noopener\">En savoir plus sur les aides de l&#8217;OETH<\/a><\/p>\n<\/div>\n\n\n\n<div class=\"wp-block-column is-layout-flow wp-block-column-is-layout-flow\" style=\"flex-basis:20%\">\n<p class=\"bloc_gris wp-block-paragraph\">Guides pratiques<\/p>\n\n\n\n<figure class=\"wp-block-image bloc_gris\"><img decoding=\"async\" src=\"http:\/\/www.adapei64.fr\/site\/wp-content\/uploads\/2021\/08\/guide_emploi_ph.jpg\" alt=\"\"\/><\/figure>\n\n\n\n<figure class=\"wp-block-image bloc_gris\"><img decoding=\"async\" src=\"http:\/\/www.adapei64.fr\/site\/wp-content\/uploads\/2021\/08\/recruter_th.jpg\" alt=\"Guide : Recruter et int\u00e9grer un travailleur handicap\u00e9\"\/><\/figure>\n<\/div>\n<\/div>\n","protected":false},"excerpt":{"rendered":"<p>Vous souhaitez b\u00e9n\u00e9ficier d\u2019un accompagnement sur mesure pour une int\u00e9gration durable et r\u00e9ussie ou un maintien dans l\u2019emploi de votre salari\u00e9 ? La plateforme Service Emploi Accompagn\u00e9 64 Un dispositif&hellip; <a class=\"continue\" href=\"https:\/\/www.adapei64.fr\/site\/entreprise-2\/recruter-une-personne-vivant-avec-un-handicap\/\">Lire :<span> Recruter une personne vivant avec un handicap<\/span><\/a><\/p>\n","protected":false},"author":1,"featured_media":2695,"parent":1599,"menu_order":1,"comment_status":"closed","ping_status":"closed","template":"","meta":{"_crdt_document":"","om_disable_all_campaigns":false,"_uag_custom_page_level_css":"","_monsterinsights_skip_tracking":false,"_monsterinsights_sitenote_active":false,"_monsterinsights_sitenote_note":"","_monsterinsights_sitenote_category":0,"_uf_show_specific_survey":0,"_uf_disable_surveys":false,"_EventAllDay":false,"_EventTimezone":"","_EventStartDate":"","_EventEndDate":"","_EventStartDateUTC":"","_EventEndDateUTC":"","_EventShowMap":false,"_EventShowMapLink":false,"_EventURL":"","_EventCost":"","_EventCostDescription":"","_EventCurrencySymbol":"","_EventCurrencyCode":"","_EventCurrencyPosition":"","_EventDateTimeSeparator":"","_EventTimeRangeSeparator":"","_EventOrganizerID":[],"_EventVenueID":[],"_OrganizerEmail":"","_OrganizerPhone":"","_OrganizerWebsite":"","_VenueAddress":"","_VenueCity":"","_VenueCountry":"","_VenueProvince":"","_VenueState":"","_VenueZip":"","_VenuePhone":"","_VenueURL":"","_VenueStateProvince":"","_VenueLat":"","_VenueLng":"","_VenueShowMap":false,"_VenueShowMapLink":false,"footnotes":""},"class_list":["post-2391","page","type-page","status-publish","has-post-thumbnail","hentry"],"uagb_featured_image_src":{"full":["https:\/\/www.adapei64.fr\/site\/wp-content\/uploads\/2021\/08\/recrutement.jpg",1920,1271,false],"thumbnail":["https:\/\/www.adapei64.fr\/site\/wp-content\/uploads\/2021\/08\/recrutement-600x600.jpg",600,600,true],"medium":["https:\/\/www.adapei64.fr\/site\/wp-content\/uploads\/2021\/08\/recrutement-1000x662.jpg",1000,662,true],"medium_large":["https:\/\/www.adapei64.fr\/site\/wp-content\/uploads\/2021\/08\/recrutement-768x508.jpg",768,508,true],"large":["https:\/\/www.adapei64.fr\/site\/wp-content\/uploads\/2021\/08\/recrutement.jpg",1920,1271,false],"1536x1536":["https:\/\/www.adapei64.fr\/site\/wp-content\/uploads\/2021\/08\/recrutement-1536x1017.jpg",1536,1017,true],"2048x2048":["https:\/\/www.adapei64.fr\/site\/wp-content\/uploads\/2021\/08\/recrutement.jpg",1920,1271,false]},"uagb_author_info":{"display_name":"Marie Lafargue","author_link":"https:\/\/www.adapei64.fr\/site\/author\/marie\/"},"uagb_comment_info":0,"uagb_excerpt":"Vous souhaitez b\u00e9n\u00e9ficier d\u2019un accompagnement sur mesure pour une int\u00e9gration durable et r\u00e9ussie ou un maintien dans l\u2019emploi de votre salari\u00e9 ? La plateforme Service Emploi Accompagn\u00e9 64 Un dispositif&hellip; Lire : Recruter une personne vivant avec un handicap","distributor_meta":false,"distributor_terms":false,"distributor_media":false,"distributor_original_site_name":"Adapei des Pyr\u00e9n\u00e9es-Atlantiques","distributor_original_site_url":"https:\/\/www.adapei64.fr\/site","push-errors":false,"_links":{"self":[{"href":"https:\/\/www.adapei64.fr\/site\/wp-json\/wp\/v2\/pages\/2391","targetHints":{"allow":["GET"]}}],"collection":[{"href":"https:\/\/www.adapei64.fr\/site\/wp-json\/wp\/v2\/pages"}],"about":[{"href":"https:\/\/www.adapei64.fr\/site\/wp-json\/wp\/v2\/types\/page"}],"author":[{"embeddable":true,"href":"https:\/\/www.adapei64.fr\/site\/wp-json\/wp\/v2\/users\/1"}],"replies":[{"embeddable":true,"href":"https:\/\/www.adapei64.fr\/site\/wp-json\/wp\/v2\/comments?post=2391"}],"version-history":[{"count":19,"href":"https:\/\/www.adapei64.fr\/site\/wp-json\/wp\/v2\/pages\/2391\/revisions"}],"predecessor-version":[{"id":16761,"href":"https:\/\/www.adapei64.fr\/site\/wp-json\/wp\/v2\/pages\/2391\/revisions\/16761"}],"up":[{"embeddable":true,"href":"https:\/\/www.adapei64.fr\/site\/wp-json\/wp\/v2\/pages\/1599"}],"wp:featuredmedia":[{"embeddable":true,"href":"https:\/\/www.adapei64.fr\/site\/wp-json\/wp\/v2\/media\/2695"}],"wp:attachment":[{"href":"https:\/\/www.adapei64.fr\/site\/wp-json\/wp\/v2\/media?parent=2391"}],"curies":[{"name":"wp","href":"https:\/\/api.w.org\/{rel}","templated":true}]}}