{"id":2395,"date":"2021-07-30T13:13:48","date_gmt":"2021-07-30T11:13:33","guid":{"rendered":"http:\/\/adapei64.fr\/wp2\/je-represente-une-entreprise-ou-une-collectivite\/sensibiliser-mes-collaborateurs-au-handicap\/"},"modified":"2024-08-06T12:12:30","modified_gmt":"2024-08-06T10:12:30","slug":"sensibiliser-mes-collaborateurs-au-handicap","status":"publish","type":"page","link":"https:\/\/www.adapei64.fr\/site\/entreprise-2\/sensibiliser-mes-collaborateurs-au-handicap\/","title":{"rendered":"Sensibiliser ou former ses collaborateurs au handicap"},"content":{"rendered":"\n<div style=\"height:70px\" aria-hidden=\"true\" class=\"wp-block-spacer\"><\/div>\n\n\n\n<div class=\"wp-block-columns is-layout-flex wp-container-core-columns-is-layout-07579d57 wp-block-columns-is-layout-flex\">\n<div class=\"wp-block-column is-layout-flow wp-block-column-is-layout-flow\" style=\"flex-basis:80%\">\n<h2 class=\"wp-block-heading\">Une journ\u00e9e de sensibilisation avec l&#8217;Adapei des Pyr\u00e9n\u00e9es-Atlantiques<\/h2>\n\n\n\n<p class=\"wp-block-paragraph\">Le Centre de Formation et de Recherche vous accompagne dans la sensibilisation et la formation de vos collaborateurs sur les th\u00e9matiques li\u00e9es au handicap.<\/p>\n\n\n\n<p class=\"wp-block-paragraph\">Notions th\u00e9oriques, visite d&#8217;\u00e9tablissement, nos \u00e9quipes con\u00e7oivent une sensibilisation sur mesure.<\/p>\n\n\n\n<div style=\"height:70px\" aria-hidden=\"true\" class=\"wp-block-spacer\"><\/div>\n\n\n\n<h2 class=\"wp-block-heading\">Un kit de sensibilisation au handicap par l&#8217;OETH<\/h2>\n\n\n\n<p class=\"wp-block-paragraph\">Lib\u00e9rer la parole sur le sujet du handicap au travail est l\u2019un des premiers objectifs d\u2019une politique active d\u2019emploi des travailleurs handicap\u00e9s. OETH met \u00e0 votre disposition plusieurs outils, con\u00e7us pour \u00eatre utilis\u00e9 dans le cadre de la construction ou du d\u00e9ploiement d&#8217;une politique handicap globale<\/p>\n\n\n\n<p class=\"wp-block-paragraph\"><a href=\"https:\/\/www.oeth.org\/ressources\/sensibiliser\/#tag-list\">https:\/\/www.oeth.org\/ressources\/sensibiliser\/#tag-list<\/a><\/p>\n<\/div>\n\n\n\n<div class=\"wp-block-column is-layout-flow wp-block-column-is-layout-flow\" style=\"flex-basis:20%\">\n<figure class=\"wp-block-image bloc_bleu\"><a href=\"http:\/\/cfr.adapei64.fr\" target=\"_blank\" rel=\"noopener\"><img decoding=\"async\" src=\"http:\/\/www.adapei64.fr\/site\/wp-content\/uploads\/2021\/08\/Logo_CFR_Blanc.png\" alt=\"Centre de Formation et de Recherche de l'Adapei des PA\"\/><\/a><figcaption class=\"wp-element-caption\">Contacter le Centre de Formation et de Recherche<\/figcaption><\/figure>\n<\/div>\n<\/div>\n","protected":false},"excerpt":{"rendered":"<p>Une journ\u00e9e de sensibilisation avec l&#8217;Adapei des Pyr\u00e9n\u00e9es-Atlantiques Le Centre de Formation et de Recherche vous accompagne dans la sensibilisation et la formation de vos collaborateurs sur les th\u00e9matiques li\u00e9es&hellip; <a class=\"continue\" href=\"https:\/\/www.adapei64.fr\/site\/entreprise-2\/sensibiliser-mes-collaborateurs-au-handicap\/\">Lire :<span> Sensibiliser ou former ses collaborateurs au handicap<\/span><\/a><\/p>\n","protected":false},"author":1,"featured_media":2708,"parent":1599,"menu_order":3,"comment_status":"closed","ping_status":"closed","template":"","meta":{"_crdt_document":"","om_disable_all_campaigns":false,"_uag_custom_page_level_css":"","_monsterinsights_skip_tracking":false,"_monsterinsights_sitenote_active":false,"_monsterinsights_sitenote_note":"","_monsterinsights_sitenote_category":0,"_uf_show_specific_survey":0,"_uf_disable_surveys":false,"_EventAllDay":false,"_EventTimezone":"","_EventStartDate":"","_EventEndDate":"","_EventStartDateUTC":"","_EventEndDateUTC":"","_EventShowMap":false,"_EventShowMapLink":false,"_EventURL":"","_EventCost":"","_EventCostDescription":"","_EventCurrencySymbol":"","_EventCurrencyCode":"","_EventCurrencyPosition":"","_EventDateTimeSeparator":"","_EventTimeRangeSeparator":"","_EventOrganizerID":[],"_EventVenueID":[],"_OrganizerEmail":"","_OrganizerPhone":"","_OrganizerWebsite":"","_VenueAddress":"","_VenueCity":"","_VenueCountry":"","_VenueProvince":"","_VenueState":"","_VenueZip":"","_VenuePhone":"","_VenueURL":"","_VenueStateProvince":"","_VenueLat":"","_VenueLng":"","_VenueShowMap":false,"_VenueShowMapLink":false,"footnotes":""},"class_list":["post-2395","page","type-page","status-publish","has-post-thumbnail","hentry"],"uagb_featured_image_src":{"full":["https:\/\/www.adapei64.fr\/site\/wp-content\/uploads\/2021\/08\/2019-03-26-Inauguration-CFR-2-BD.jpg",1500,869,false],"thumbnail":["https:\/\/www.adapei64.fr\/site\/wp-content\/uploads\/2021\/08\/2019-03-26-Inauguration-CFR-2-BD-600x600.jpg",600,600,true],"medium":["https:\/\/www.adapei64.fr\/site\/wp-content\/uploads\/2021\/08\/2019-03-26-Inauguration-CFR-2-BD-1000x579.jpg",1000,579,true],"medium_large":["https:\/\/www.adapei64.fr\/site\/wp-content\/uploads\/2021\/08\/2019-03-26-Inauguration-CFR-2-BD-768x445.jpg",768,445,true],"large":["https:\/\/www.adapei64.fr\/site\/wp-content\/uploads\/2021\/08\/2019-03-26-Inauguration-CFR-2-BD.jpg",1500,869,false],"1536x1536":["https:\/\/www.adapei64.fr\/site\/wp-content\/uploads\/2021\/08\/2019-03-26-Inauguration-CFR-2-BD.jpg",1500,869,false],"2048x2048":["https:\/\/www.adapei64.fr\/site\/wp-content\/uploads\/2021\/08\/2019-03-26-Inauguration-CFR-2-BD.jpg",1500,869,false]},"uagb_author_info":{"display_name":"Marie Lafargue","author_link":"https:\/\/www.adapei64.fr\/site\/author\/marie\/"},"uagb_comment_info":0,"uagb_excerpt":"Une journ\u00e9e de sensibilisation avec l&#8217;Adapei des Pyr\u00e9n\u00e9es-Atlantiques Le Centre de Formation et de Recherche vous accompagne dans la sensibilisation et la formation de vos collaborateurs sur les th\u00e9matiques li\u00e9es&hellip; Lire : Sensibiliser ou former ses collaborateurs au handicap","distributor_meta":false,"distributor_terms":false,"distributor_media":false,"distributor_original_site_name":"Adapei des Pyr\u00e9n\u00e9es-Atlantiques","distributor_original_site_url":"https:\/\/www.adapei64.fr\/site","push-errors":false,"_links":{"self":[{"href":"https:\/\/www.adapei64.fr\/site\/wp-json\/wp\/v2\/pages\/2395","targetHints":{"allow":["GET"]}}],"collection":[{"href":"https:\/\/www.adapei64.fr\/site\/wp-json\/wp\/v2\/pages"}],"about":[{"href":"https:\/\/www.adapei64.fr\/site\/wp-json\/wp\/v2\/types\/page"}],"author":[{"embeddable":true,"href":"https:\/\/www.adapei64.fr\/site\/wp-json\/wp\/v2\/users\/1"}],"replies":[{"embeddable":true,"href":"https:\/\/www.adapei64.fr\/site\/wp-json\/wp\/v2\/comments?post=2395"}],"version-history":[{"count":9,"href":"https:\/\/www.adapei64.fr\/site\/wp-json\/wp\/v2\/pages\/2395\/revisions"}],"predecessor-version":[{"id":15568,"href":"https:\/\/www.adapei64.fr\/site\/wp-json\/wp\/v2\/pages\/2395\/revisions\/15568"}],"up":[{"embeddable":true,"href":"https:\/\/www.adapei64.fr\/site\/wp-json\/wp\/v2\/pages\/1599"}],"wp:featuredmedia":[{"embeddable":true,"href":"https:\/\/www.adapei64.fr\/site\/wp-json\/wp\/v2\/media\/2708"}],"wp:attachment":[{"href":"https:\/\/www.adapei64.fr\/site\/wp-json\/wp\/v2\/media?parent=2395"}],"curies":[{"name":"wp","href":"https:\/\/api.w.org\/{rel}","templated":true}]}}