{"id":2403,"date":"2021-08-05T13:16:54","date_gmt":"2021-07-30T11:16:27","guid":{"rendered":"http:\/\/adapei64.fr\/wp2\/je-un-proche-dune-personne-vivant-avec-un-handicap\/scolarisation\/"},"modified":"2025-07-30T18:02:34","modified_gmt":"2025-07-30T16:02:34","slug":"scolarisation","status":"publish","type":"page","link":"https:\/\/www.adapei64.fr\/site\/proche\/scolarisation\/","title":{"rendered":"Scolarisation"},"content":{"rendered":"\n<div style=\"height:70px\" aria-hidden=\"true\" class=\"wp-block-spacer\"><\/div>\n\n\n\n<p class=\"wp-block-paragraph\">Votre enfant peut \u00eatre scolaris\u00e9 dans diverses structures selon ses besoins et capacit\u00e9s. C&#8217;est la MDPH qui d\u00e9cide de son orientation scolaire.<\/p>\n\n\n\n<div style=\"height:70px\" aria-hidden=\"true\" class=\"wp-block-spacer\"><\/div>\n\n\n\n<div class=\"wp-block-columns is-layout-flex wp-container-core-columns-is-layout-07579d57 wp-block-columns-is-layout-flex\">\n<div class=\"wp-block-column is-layout-flow wp-block-column-is-layout-flow\" style=\"flex-basis:80%\">\n<h2 class=\"wp-block-heading\">Le Projet Personnalis\u00e9 de Scolarisation : PPS<\/h2>\n\n\n\n<p class=\"wp-block-paragraph\">Les besoins de votre enfant sont inscrits dans son projet personnalis\u00e9 de scolarisation (PPS).<\/p>\n\n\n\n<p class=\"wp-block-paragraph\">Le projet personnalis\u00e9 de scolarisation (PPS) d\u00e9finit le d\u00e9roulement de la scolarit\u00e9 de votre enfant en situation de handicap. Il d\u00e9finit \u00e9galement ses besoins notamment en termes de mat\u00e9riels p\u00e9dagogiques adapt\u00e9s, d&#8217;accompagnement, d&#8217;am\u00e9nagement des enseignements.<\/p>\n\n\n\n<p class=\"wp-block-paragraph\">Le PPS doit \u00eatre mis en place quelle que soit la nature de l&#8217;\u00e9tablissement o\u00f9 est scolaris\u00e9 votre enfant.<\/p>\n\n\n\n<p class=\"wp-block-paragraph\">Pour \u00e9tablir le PPS de votre enfant,<br><br>vous devez en faire la demande \u00e0 la MDPH, via le <a href=\"https:\/\/www.service-public.fr\/particuliers\/vosdroits\/R19993\">Formulaire&nbsp;15692*01<\/a>&nbsp;(\u00e0 envoyer \u00e0 votre MDPH).<\/p>\n\n\n\n<p class=\"wp-block-paragraph\">Vous pouvez aussi remplir le formulaire en ligne sur :<br><a href=\"https:\/\/mdphenligne.cnsa.fr\/mdph\/64\">https:\/\/mdphenligne.cnsa.fr\/mdph\/64<\/a><\/p>\n<\/div>\n\n\n\n<div class=\"wp-block-column is-layout-flow wp-block-column-is-layout-flow\" style=\"flex-basis:20%\">\n<figure class=\"wp-block-image bloc_gris\"><a href=\"http:\/\/www.adapei64.fr\/site\/proche\/reconnaissance-du-handicap\/\"><img decoding=\"async\" src=\"http:\/\/www.adapei64.fr\/site\/wp-content\/uploads\/2021\/12\/02-Reconnaissance-du-handicap.svg\" alt=\"Une personne handicap\u00e9e poste un document\"\/><\/a><figcaption class=\"wp-element-caption\"><a href=\"http:\/\/www.adapei64.fr\/site\/proche\/reconnaissance-du-handicap\/\">Reconnaissance du handicap<\/a><\/figcaption><\/figure>\n\n\n\n<figure class=\"wp-block-image is-resized bloc_gris\"><a href=\"http:\/\/www.adapei64.fr\/site\/proche\/aides-pour-jeunes\/\"><img decoding=\"async\" src=\"http:\/\/www.adapei64.fr\/site\/wp-content\/uploads\/2021\/12\/12-Aides-Adultes.svg\" alt=\"Un femme tient une tirelire\" style=\"width:48px;height:auto\"\/><\/a><figcaption class=\"wp-element-caption\"><a href=\"https:\/\/www.adapei64.fr\/site\/proche\/aides-pour-jeunes\/\">Aides pour les moins de 20 ans<\/a><\/figcaption><\/figure>\n<\/div>\n<\/div>\n\n\n\n<div style=\"height:70px\" aria-hidden=\"true\" class=\"wp-block-spacer\"><\/div>\n\n\n\n<div class=\"wp-block-columns is-layout-flex wp-container-core-columns-is-layout-07579d57 wp-block-columns-is-layout-flex\">\n<div class=\"wp-block-column is-layout-flow wp-block-column-is-layout-flow\" style=\"flex-basis:80%\">\n<h2 class=\"wp-block-heading\">Scolarisation en milieu ordinaire<\/h2>\n\n\n\n<p class=\"wp-block-paragraph\">Votre enfant peut \u00eatre scolaris\u00e9 en milieu dit ordinaire en primaire, coll\u00e8ge et lyc\u00e9e en fonction de son handicap.<br>Au cours de sa scolarit\u00e9, il peut b\u00e9n\u00e9ficier d&#8217;une aide humaine (Auxiliaire de Vie Scolaire ou AESH) et de mat\u00e9riel p\u00e9dagogique adapt\u00e9.<\/p>\n\n\n\n<div style=\"height:35px\" aria-hidden=\"true\" class=\"wp-block-spacer\"><\/div>\n\n\n\n<h3 class=\"wp-block-heading\">L&#8217;Unit\u00e9 Localis\u00e9e pour l&#8217;Inclusion Scolaire : ULIS<\/h3>\n\n\n\n<p class=\"wp-block-paragraph\">Votre enfant peut aussi \u00eatre inscrit dans une Unit\u00e9 Localis\u00e9e pour l&#8217;Inclusion Scolaire (ULIS).<\/p>\n\n\n\n<p class=\"wp-block-paragraph\">Les ULIS sont des dispositifs implant\u00e9s dans les \u00e9coles, les coll\u00e8ges et les lyc\u00e9es pour accompagner la scolarisation d&#8217;\u00e9l\u00e8ves en situation de handicap (handicap mentale, troubles du langage et des apprentissages, troubles envahissants du d\u00e9veloppement (dont l&#8217;autisme), troubles auditifs, visuels, moteurs,&#8230;).<\/p>\n\n\n\n<p class=\"wp-block-paragraph\">L&#8217;enseignement et la coordination des ULIS sont assur\u00e9s par un enseignant sp\u00e9cialis\u00e9.<\/p>\n\n\n\n<p class=\"wp-block-paragraph\">Les ULIS accompagnent des \u00e9l\u00e8ves en situation de handicap qui ne peuvent \u00eatre en inclusion \u00e0 temps plein dans une classe ordinaire et qui ont besoin de temps d&#8217;enseignement sp\u00e9cifique.<\/p>\n\n\n\n<div style=\"height:35px\" aria-hidden=\"true\" class=\"wp-block-spacer\"><\/div>\n\n\n\n<h3 class=\"wp-block-heading\">L&#8217;Unit\u00e9 d&#8217;Enseignement Autisme<\/h3>\n\n\n\n<p class=\"wp-block-paragraph\">Pour les enfants avec trouble du spectre de l&#8217;autisme, il existe aussi des dispositifs adapt\u00e9s comme les&nbsp;<a href=\"https:\/\/ecole-et-handicap.fr\/dispositifs-daccueil\/les-uem-unites-enseignement-en-maternelle\/\">Unit\u00e9s d\u2019Enseignement en Maternelle (UEMA)<\/a>&nbsp;et les&nbsp;<a href=\"https:\/\/ecole-et-handicap.fr\/dispositifs-daccueil\/unite-denseignement-en-elementaire-autisme\/\">Unit\u00e9s d\u2019Enseignement en El\u00e9mentaire (UEEA)<\/a>.<\/p>\n<\/div>\n\n\n\n<div class=\"wp-block-column is-layout-flow wp-block-column-is-layout-flow\" style=\"flex-basis:20%\">\n<figure class=\"wp-block-image bloc_gris\"><a href=\"https:\/\/www.youtube.com\/playlist?list=PLjcV9PGUll74Hgz2KbSkx-h-jEmLuT7fa\" target=\"_blank\" rel=\"noopener\"><img decoding=\"async\" src=\"http:\/\/www.adapei64.fr\/site\/wp-content\/uploads\/2021\/12\/PlaylistEcoleInclusive.jpg\" alt=\"Playlist Youtube &quot;L'\u00e9cole inclusive&quot;\"\/><\/a><figcaption class=\"wp-element-caption\">Voir les vid\u00e9os sur l&#8217;\u00e9cole inclusive<\/figcaption><\/figure>\n<\/div>\n<\/div>\n\n\n\n<div style=\"height:70px\" aria-hidden=\"true\" class=\"wp-block-spacer\"><\/div>\n\n\n\n<div class=\"wp-block-columns is-layout-flex wp-container-core-columns-is-layout-07579d57 wp-block-columns-is-layout-flex\">\n<div class=\"wp-block-column is-layout-flow wp-block-column-is-layout-flow\" style=\"flex-basis:80%\">\n<h2 class=\"wp-block-heading\">Scolarisation en \u00e9tablissement m\u00e9dico-social<\/h2>\n\n\n\n<p class=\"wp-block-paragraph\">Les \u00e9tablissements du secteur m\u00e9dico-\u00e9ducatif sont reconnus comme \u00e9tablissements d\u2019enseignement. Ils assurent \u00e0 la fois la scolarisation et la compensation du handicap, par un accompagnement m\u00e9dical ou m\u00e9dico-social.<\/p>\n\n\n\n<div style=\"height:35px\" aria-hidden=\"true\" class=\"wp-block-spacer\"><\/div>\n\n\n\n<h3 class=\"wp-block-heading\">L&#8217;IME<\/h3>\n\n\n\n<p class=\"wp-block-paragraph\">L&#8217;IME, Institut M\u00e9dico-Educatif, est un \u00e9tablissement pour enfants souffrant d\u2019un handicap mental.&nbsp;Il accueille votre enfant soit en internat, soit en externat, soit en semi-internat et parfois en accueil temporaire.<\/p>\n\n\n\n<figure class=\"wp-block-embed is-type-video is-provider-youtube wp-block-embed-youtube wp-embed-aspect-16-9 wp-has-aspect-ratio\"><div class=\"wp-block-embed__wrapper\">\n<iframe loading=\"lazy\" title=\"C&#039;est quoi un IME ? (EP. 665) - 1 jour, 1 question\" width=\"500\" height=\"281\" src=\"https:\/\/www.youtube.com\/embed\/tdN696uH5Tw?feature=oembed\" frameborder=\"0\" allow=\"accelerometer; autoplay; clipboard-write; encrypted-media; gyroscope; picture-in-picture; web-share\" referrerpolicy=\"strict-origin-when-cross-origin\" allowfullscreen><\/iframe>\n<\/div><\/figure>\n\n\n\n<p class=\"wp-block-paragraph\">Les&nbsp;<b>missions de l&#8217;IME<\/b> sont :<\/p>\n\n\n\n<ul class=\"wp-block-list\">\n<li>d\u00e9velopper les comp\u00e9tences sociales et participer \u00e0 l&#8217;\u00e9ducation de votre enfant<\/li>\n\n\n\n<li>favoriser les apprentissages scolaires et\/ou le maintien des savoirs de base<\/li>\n\n\n\n<li>assurer une formation pr\u00e9-professionnelle ou professionnelle<\/li>\n\n\n\n<li>pr\u00e9parer la sortie l&#8217;\u00e9tablissement en lien avec le projet de vie du jeune<\/li>\n<\/ul>\n\n\n\n<p class=\"wp-block-paragraph\">Votre enfant y est accompagn\u00e9 par une <b>\u00e9quipe pluridisciplinaire<\/b>.<br>Elle peut se composer de psychiatres, de psychologues, d&#8217;enseignants, d&#8217;\u00e9ducateurs sp\u00e9cialis\u00e9s, de moniteurs \u00e9ducateurs, de psychomotriciens, d&#8217;orthophonistes, d&#8217;infirmi\u00e8res, d&#8217;une assistante sociale, de kin\u00e9sith\u00e9rapeutes \/ ergoth\u00e9rapeutes, d&#8217;\u00e9ducateurs de jeunes enfants, de p\u00e9diatres, etc.<\/p>\n\n\n\n<p class=\"wp-block-paragraph\">Les apprentissages de l&#8217;enfant sont d\u00e9finis dans son <b>Projet Individualis\u00e9 d&#8217;Accompagnement (PIA)<\/b> \u00e9tabli entre votre enfant, vous et l&#8217;\u00e9quipe de l&#8217;IME.<\/p>\n\n\n\n<p class=\"wp-block-paragraph\">Les IME proposent des <b>Unit\u00e9s d&#8217;Enseignement<\/b> en partenariat avec l&#8217;Education Nationale.<br>L&#8217;Education Nationale assure le traitement et l&#8217;inspection p\u00e9dagogique des enseignants.<br>Les Unit\u00e9s d&#8217;Enseignement peuvent \u00eatre dans l&#8217;enceinte de l&#8217;IME ou externalis\u00e9es dans une \u00e9cole (UEE).<\/p>\n\n\n\n<p class=\"wp-block-paragraph\"><i>A noter : Les co\u00fbts de scolarit\u00e9 sont int\u00e9gralement pris en charge par l&#8217;assurance maladie.<\/i><\/p>\n\n\n\n<div style=\"height:35px\" aria-hidden=\"true\" class=\"wp-block-spacer\"><\/div>\n\n\n\n<h3 class=\"wp-block-heading\">Le DITEP<\/h3>\n\n\n\n<p class=\"wp-block-paragraph\">Dispositifs Instituts Th\u00e9rapeutiques, \u00c9ducatifs et P\u00e9dagogiques qui re\u00e7oivent des jeunes de 12\/14 \u00e0 20 ans porteurs de troubles du comportements.<\/p>\n\n\n\n<p class=\"wp-block-paragraph\">Les DITEP, qui fonctionnent en externat, semi-internat ou internat, proposent aux jeunes un accompagnement personnalis\u00e9 et la mise en \u0153uvre de moyens \u00e9ducatifs, th\u00e9rapeutiques et p\u00e9dagogiques pour leur permettre de restaurer leurs comp\u00e9tences et potentialit\u00e9s, de r\u00e9tablir leur lien avec l\u2019environnement et leur participation sociale et de favoriser le d\u00e9veloppement de leur personnalit\u00e9 et de leur autonomie.<\/p>\n\n\n\n<p class=\"wp-block-paragraph\">Les <b>missions essentielles du DITEP<\/b> sont :<\/p>\n\n\n\n<ul class=\"wp-block-list\">\n<li>accompagner le d\u00e9veloppement vers l\u2019autonomie des enfants et adolescents dans une intervention interdisciplinaire,<\/li>\n\n\n\n<li>dispenser des soins et des r\u00e9\u00e9ducations,<\/li>\n\n\n\n<li>favoriser le maintien du lien des enfants et adolescents avec leur milieu familial et social,<\/li>\n\n\n\n<li>favoriser l\u2019int\u00e9gration dans les diff\u00e9rents domaines de la vie, notamment en mati\u00e8re de formation g\u00e9n\u00e9rale et professionnelle,<\/li>\n\n\n\n<li>assurer \u00e0 l&#8217;issue de l&#8217;accompagnement, un suivi pendant une p\u00e9riode d\u00e9finie et renouvelable dans la limite de trois ann\u00e9es,<\/li>\n\n\n\n<li>participer, en liaison avec les autres intervenants comp\u00e9tents, \u00e0 des actions de pr\u00e9vention, de rep\u00e9rage des troubles du comportement et de recherche de solutions adapt\u00e9es.<\/li>\n<\/ul>\n<\/div>\n\n\n\n<div class=\"wp-block-column is-layout-flow wp-block-column-is-layout-flow\" style=\"flex-basis:20%\">\n<figure class=\"wp-block-image bloc_bleu\"><a href=\"http:\/\/www.adapei64.fr\/site\/adapei\/les-etablissements-et-services\/enfance-scolarisation\/\"><img decoding=\"async\" src=\"http:\/\/www.adapei64.fr\/site\/wp-content\/uploads\/2021\/02\/TrouverESMS.png\" alt=\"Carte vers les \u00e9tablissements et services de l'Adapei des Pyr\u00e9n\u00e9es-Atlantiques\"\/><\/a><figcaption class=\"wp-element-caption\">Trouver un IME ou un ITEP<\/figcaption><\/figure>\n<\/div>\n<\/div>\n\n\n\n<div style=\"height:70px\" aria-hidden=\"true\" class=\"wp-block-spacer\"><\/div>\n\n\n\n<div class=\"wp-block-columns is-layout-flex wp-container-core-columns-is-layout-07579d57 wp-block-columns-is-layout-flex\">\n<div class=\"wp-block-column is-layout-flow wp-block-column-is-layout-flow\" style=\"flex-basis:80%\">\n<h2 class=\"wp-block-heading\">Scolarisation \u00e0 distance<\/h2>\n\n\n\n<p class=\"wp-block-paragraph\">Si l\u2019enfant ne peut \u00eatre scolaris\u00e9, le CNED propose un dispositif pour les \u00e9l\u00e8ves de 6 \u00e0 16 ans. Le CNED va, selon le PPS, r\u00e9mun\u00e9rer un enseignant qui se d\u00e9placera au domicile de l\u2019\u00e9l\u00e8ve.<\/p>\n\n\n\n<p class=\"wp-block-paragraph\"><a href=\"https:\/\/www.cned.fr\/primaire\/scolarite-adaptee-ecole-primaire\">Plus d&#8217;information sur le site du CNED<\/a><\/p>\n<\/div>\n\n\n\n<div class=\"wp-block-column is-layout-flow wp-block-column-is-layout-flow\" style=\"flex-basis:20%\">\n<figure class=\"wp-block-image bloc_gris\"><a href=\"https:\/\/www.cned.fr\/primaire\/scolarite-adaptee-ecole-primaire\" target=\"_blank\" rel=\"noopener\"><img decoding=\"async\" src=\"http:\/\/www.adapei64.fr\/site\/wp-content\/uploads\/2022\/01\/logo-cned.svg\" alt=\"CNED\"\/><\/a><figcaption class=\"wp-element-caption\">CNED<\/figcaption><\/figure>\n<\/div>\n<\/div>\n\n\n\n<div style=\"height:70px\" aria-hidden=\"true\" class=\"wp-block-spacer\"><\/div>\n\n\n\n<div class=\"wp-block-columns is-layout-flex wp-container-core-columns-is-layout-07579d57 wp-block-columns-is-layout-flex\">\n<div class=\"wp-block-column is-layout-flow wp-block-column-is-layout-flow\" style=\"flex-basis:80%\">\n<h2 class=\"wp-block-heading\">Soutien scolaire : le SESSAD<\/h2>\n\n\n\n<p class=\"wp-block-paragraph\">Vous pouvez faire appel \u00e0 un soutien scolaire pour votre enfant handicap\u00e9 qu\u2019il soit scolaris\u00e9 en milieu ordinaire, en structure m\u00e9dico-sociale ou \u00e0 domicile.<\/p>\n\n\n\n<p class=\"wp-block-paragraph\">Votre enfant peut en b\u00e9n\u00e9ficier jusqu\u2019\u00e0 ses 20 ans.<\/p>\n\n\n\n<p class=\"wp-block-paragraph\">Le SESSAD accompagne les enfants de 0 \u00e0 20 ans. Les professionnels du SESSAD se d\u00e9placent au domicile, dans l&#8217;\u00e9tablissement scolaire de l\u2019enfant ou de l\u2019adolescent. Ils ne peuvent intervenir que suite \u00e0 une notification de la MDPH, la famille ayant du en faire la demande via le dossier MDPH.<\/p>\n\n\n\n<p class=\"wp-block-paragraph\">Les <b>missions essentielles du SESSAD<\/b> sont :<\/p>\n\n\n\n<ul class=\"wp-block-list\">\n<li>maintenir l&#8217;enfant en milieu ordinaire (am\u00e9nagement, compensation, r\u00e9\u00e9ducation sur lieu de scolarit\u00e9 pour \u00e9viter les temps de transports \u00e0 l&#8217;enfant)<\/li>\n\n\n\n<li>accompagner la famille dans les diff\u00e9rentes d\u00e9marches li\u00e9es \u00e0 la situation de handicap (dossier MDPH, visites de dispositif ou de structures, orientation scolaire ou professionnelle, accompagnement \u00e0 l\u2019orientation vers un \u00e9tablissement sp\u00e9cialis\u00e9 si besoin)<\/li>\n\n\n\n<li>apporter une \u00e9coute \u00e0 la famille en mettant en place des entretiens avec les psychologues du service \u00e0 destination de l&#8217;enfant, des parents et aux fratries<\/li>\n<\/ul>\n<\/div>\n\n\n\n<div class=\"wp-block-column is-layout-flow wp-block-column-is-layout-flow\" style=\"flex-basis:20%\">\n<figure class=\"wp-block-image bloc_bleu\"><a href=\"http:\/\/www.adapei64.fr\/site\/adapei\/les-etablissements-et-services\/enfance-scolarisation\/\"><img decoding=\"async\" src=\"http:\/\/www.adapei64.fr\/site\/wp-content\/uploads\/2021\/02\/TrouverESMS.png\" alt=\"Carte vers les \u00e9tablissements et services de l'Adapei des Pyr\u00e9n\u00e9es-Atlantiques\"\/><\/a><figcaption class=\"wp-element-caption\">Trouver un SESSAD<\/figcaption><\/figure>\n<\/div>\n<\/div>\n\n\n\n<div style=\"height:70px\" aria-hidden=\"true\" class=\"wp-block-spacer\"><\/div>\n\n\n\n<div class=\"wp-block-columns is-layout-flex wp-container-core-columns-is-layout-07579d57 wp-block-columns-is-layout-flex\">\n<div class=\"wp-block-column is-layout-flow wp-block-column-is-layout-flow\" style=\"flex-basis:80%\">\n<h2 class=\"wp-block-heading\">Le CMPP<\/h2>\n\n\n\n<p class=\"wp-block-paragraph\">Les Centres M\u00e9dico-Psycho-P\u00e9dagogiques (CMPP) sont des services m\u00e9dico-sociaux assurant des consultations, des diagnostics et des soins ambulatoires pour des enfants et adolescents de 0 \u00e0 20 ans.<\/p>\n\n\n\n<p class=\"wp-block-paragraph\">Les CMPP sont fr\u00e9quemment consult\u00e9s en premi\u00e8re intention dans le cadre de troubles psychiques, avec des manifestations symptomatologiques, comportementales ou instrumentales vari\u00e9es et pour lesquels il est difficile de faire un lien avec la gravit\u00e9 de la pathologie sous-jacente.<\/p>\n<\/div>\n\n\n\n<div class=\"wp-block-column is-layout-flow wp-block-column-is-layout-flow\" style=\"flex-basis:20%\">\n<figure class=\"wp-block-image bloc_bleu\"><a href=\"https:\/\/annuaire.action-sociale.org\/etablissements\/jeunes-handicapes\/centre-action-medico-sociale-precoce--c-a-m-s-p---190\/rgn-aquitaine.html\" target=\"_blank\" rel=\"noopener\"><img decoding=\"async\" src=\"http:\/\/www.adapei64.fr\/site\/wp-content\/uploads\/2021\/02\/TrouverESMS.png\" alt=\"Carte vers les \u00e9tablissements et services de l'Adapei des Pyr\u00e9n\u00e9es-Atlantiques\"\/><\/a><figcaption class=\"wp-element-caption\">Trouver un CMPP<\/figcaption><\/figure>\n<\/div>\n<\/div>\n","protected":false},"excerpt":{"rendered":"<p>Votre enfant peut \u00eatre scolaris\u00e9 dans diverses structures selon ses besoins et capacit\u00e9s. C&#8217;est la MDPH qui d\u00e9cide de son orientation scolaire. Le Projet Personnalis\u00e9 de Scolarisation : PPS Les&hellip; <a class=\"continue\" href=\"https:\/\/www.adapei64.fr\/site\/proche\/scolarisation\/\">Lire :<span> Scolarisation<\/span><\/a><\/p>\n","protected":false},"author":1,"featured_media":5658,"parent":1597,"menu_order":4,"comment_status":"closed","ping_status":"closed","template":"","meta":{"_crdt_document":"","om_disable_all_campaigns":false,"_uag_custom_page_level_css":"","_monsterinsights_skip_tracking":false,"_monsterinsights_sitenote_active":false,"_monsterinsights_sitenote_note":"","_monsterinsights_sitenote_category":0,"_uf_show_specific_survey":0,"_uf_disable_surveys":false,"_EventAllDay":false,"_EventTimezone":"","_EventStartDate":"","_EventEndDate":"","_EventStartDateUTC":"","_EventEndDateUTC":"","_EventShowMap":false,"_EventShowMapLink":false,"_EventURL":"","_EventCost":"","_EventCostDescription":"","_EventCurrencySymbol":"","_EventCurrencyCode":"","_EventCurrencyPosition":"","_EventDateTimeSeparator":"","_EventTimeRangeSeparator":"","_EventOrganizerID":[],"_EventVenueID":[],"_OrganizerEmail":"","_OrganizerPhone":"","_OrganizerWebsite":"","_VenueAddress":"","_VenueCity":"","_VenueCountry":"","_VenueProvince":"","_VenueState":"","_VenueZip":"","_VenuePhone":"","_VenueURL":"","_VenueStateProvince":"","_VenueLat":"","_VenueLng":"","_VenueShowMap":false,"_VenueShowMapLink":false,"footnotes":""},"class_list":["post-2403","page","type-page","status-publish","has-post-thumbnail","hentry"],"uagb_featured_image_src":{"full":["https:\/\/www.adapei64.fr\/site\/wp-content\/uploads\/2021\/12\/04-Scolarisation.svg",500,500,false],"thumbnail":["https:\/\/www.adapei64.fr\/site\/wp-content\/uploads\/2021\/12\/04-Scolarisation.svg",500,500,false],"medium":["https:\/\/www.adapei64.fr\/site\/wp-content\/uploads\/2021\/12\/04-Scolarisation.svg",500,500,false],"medium_large":["https:\/\/www.adapei64.fr\/site\/wp-content\/uploads\/2021\/12\/04-Scolarisation.svg",500,500,false],"large":["https:\/\/www.adapei64.fr\/site\/wp-content\/uploads\/2021\/12\/04-Scolarisation.svg",500,500,false],"1536x1536":["https:\/\/www.adapei64.fr\/site\/wp-content\/uploads\/2021\/12\/04-Scolarisation.svg",500,500,false],"2048x2048":["https:\/\/www.adapei64.fr\/site\/wp-content\/uploads\/2021\/12\/04-Scolarisation.svg",500,500,false]},"uagb_author_info":{"display_name":"Marie Lafargue","author_link":"https:\/\/www.adapei64.fr\/site\/author\/marie\/"},"uagb_comment_info":0,"uagb_excerpt":"Votre enfant peut \u00eatre scolaris\u00e9 dans diverses structures selon ses besoins et capacit\u00e9s. C&#8217;est la MDPH qui d\u00e9cide de son orientation scolaire. Le Projet Personnalis\u00e9 de Scolarisation : PPS Les&hellip; Lire : Scolarisation","distributor_meta":false,"distributor_terms":false,"distributor_media":false,"distributor_original_site_name":"Adapei des Pyr\u00e9n\u00e9es-Atlantiques","distributor_original_site_url":"https:\/\/www.adapei64.fr\/site","push-errors":false,"_links":{"self":[{"href":"https:\/\/www.adapei64.fr\/site\/wp-json\/wp\/v2\/pages\/2403","targetHints":{"allow":["GET"]}}],"collection":[{"href":"https:\/\/www.adapei64.fr\/site\/wp-json\/wp\/v2\/pages"}],"about":[{"href":"https:\/\/www.adapei64.fr\/site\/wp-json\/wp\/v2\/types\/page"}],"author":[{"embeddable":true,"href":"https:\/\/www.adapei64.fr\/site\/wp-json\/wp\/v2\/users\/1"}],"replies":[{"embeddable":true,"href":"https:\/\/www.adapei64.fr\/site\/wp-json\/wp\/v2\/comments?post=2403"}],"version-history":[{"count":31,"href":"https:\/\/www.adapei64.fr\/site\/wp-json\/wp\/v2\/pages\/2403\/revisions"}],"predecessor-version":[{"id":18033,"href":"https:\/\/www.adapei64.fr\/site\/wp-json\/wp\/v2\/pages\/2403\/revisions\/18033"}],"up":[{"embeddable":true,"href":"https:\/\/www.adapei64.fr\/site\/wp-json\/wp\/v2\/pages\/1597"}],"wp:featuredmedia":[{"embeddable":true,"href":"https:\/\/www.adapei64.fr\/site\/wp-json\/wp\/v2\/media\/5658"}],"wp:attachment":[{"href":"https:\/\/www.adapei64.fr\/site\/wp-json\/wp\/v2\/media?parent=2403"}],"curies":[{"name":"wp","href":"https:\/\/api.w.org\/{rel}","templated":true}]}}