{"id":2405,"date":"2021-08-06T13:16:54","date_gmt":"2021-07-30T11:16:27","guid":{"rendered":"http:\/\/adapei64.fr\/wp2\/je-un-proche-dune-personne-vivant-avec-un-handicap\/de-16-a-18-ans\/"},"modified":"2025-07-30T18:05:23","modified_gmt":"2025-07-30T16:05:23","slug":"de-16-a-18-ans","status":"publish","type":"page","link":"https:\/\/www.adapei64.fr\/site\/proche\/de-16-a-18-ans\/","title":{"rendered":"De 16 \u00e0 18 ans"},"content":{"rendered":"\n<div style=\"height:70px\" aria-hidden=\"true\" class=\"wp-block-spacer\"><\/div>\n\n\n\n<div class=\"wp-block-columns is-layout-flex wp-container-core-columns-is-layout-07579d57 wp-block-columns-is-layout-flex\">\n<div class=\"wp-block-column is-layout-flow wp-block-column-is-layout-flow\" style=\"flex-basis:80%\">\n<h2 class=\"wp-block-heading\">D\u00e9marche d&#8217;orientation<\/h2>\n\n\n\n<p class=\"wp-block-paragraph\"><b>A partir des 16 ans<\/b> de votre enfant,&nbsp; vous commencez, avec les professionnels qui l&#8217;accompagnent, \u00e0 pr\u00e9parer sa vie d\u2019adulte.<\/p>\n\n\n\n<p class=\"wp-block-paragraph\"><b>Pour les 18 ans<\/b> de votre enfant, vous devez constituer un dossier MDPH incluant :<\/p>\n\n\n\n<ul class=\"wp-block-list\">\n<li>Un certificat m\u00e9dical rempli par le m\u00e9decin de la famille ou par le m\u00e9decin de l\u2019IME.<\/li>\n\n\n\n<li>Une attestation de domicile.<\/li>\n\n\n\n<li>La Photocopie de la Carte d\u2019Identit\u00e9.<\/li>\n\n\n\n<li>L\u2019ordonnance de jugement de mise sous protection, le cas \u00e9ch\u00e9ant.<\/li>\n<\/ul>\n\n\n\n<p class=\"wp-block-paragraph\"><b>Environ 6 mois apr\u00e8s<\/b> l\u2019envoi du dossier,<br>la <b>MDPH vous enverra la notification&nbsp;d\u2019orientation de votre enfant<\/b>.<\/p>\n\n\n\n<p class=\"wp-block-paragraph\">Vous devrez alors vous rapprocher d&#8217;\u00e9tablissements ou services correspondant \u00e0 son orientation pour mettre en place des p\u00e9riodes de stage.<br>Suite aux stages r\u00e9alis\u00e9s, vous pourrez contacter les \u00e9tablissements du secteur adulte pour inscrire votre enfant sur liste d\u2019attente.<\/p>\n\n\n\n<p class=\"wp-block-paragraph\">Attention, si votre enfant est accompagn\u00e9 par un IME, \u00e0 20 ans, sans une attestation actualis\u00e9e d\u2019inscription sur liste d\u2019attente dans&nbsp;un ou plusieurs \u00e9tablissements pour adulte, l\u2019IME ne pourra plus accueillir le&nbsp;jeune adulte par d\u00e9rogation via l\u2019amendement Creton.<\/p>\n\n\n\n<div style=\"height:70px\" aria-hidden=\"true\" class=\"wp-block-spacer\"><\/div>\n\n\n\n<h2 class=\"wp-block-heading\">Mise sous protection<\/h2>\n\n\n\n<p class=\"wp-block-paragraph\">A 18 ans, toute personne est consid\u00e9r\u00e9e comme majeure.<br>Cela sous-entend&nbsp;qu\u2019elle devient \u00ab capable d\u2019exercer les droits dont elle a la jouissance \u00bb et d\u2019en&nbsp;assumer les cons\u00e9quences.&nbsp;<\/p>\n\n\n\n<p class=\"wp-block-paragraph\">Il arrive qu\u2019une personne ne puisse pas agir seule et g\u00e9rer des actes essentiels du quotidien.&nbsp;<\/p>\n\n\n\n<p class=\"wp-block-paragraph\">Les diff\u00e9rents modes de prise en charge de la protection des personnes vuln\u00e9rables sont les suivants :<\/p>\n\n\n\n<ul class=\"wp-block-list\">\n<li><b>mesures civiles de sauvegarde de justice :<\/b>&nbsp;mesure de protection juridique provisoire et de courte dur\u00e9e qui peut permettre la repr\u00e9sentation de la personne pour accomplir certains actes pr\u00e9cis ;<\/li>\n\n\n\n<li><b>curatelle :&nbsp;<\/b>dans l\u2019exercice de ses droits, la personne doit se faire conseiller et contr\u00f4ler par un curateur ;<\/li>\n\n\n\n<li><b>tutelle :&nbsp;<\/b>la personne perd l\u2019exercice de tous ses droits et doit \u00eatre repr\u00e9sent\u00e9e dans tous les actes de la vie civile ;<\/li>\n\n\n\n<li><b>mesures d\u2019accompagnement social personnalis\u00e9 :<\/b>&nbsp;contrat comprenant des engagements r\u00e9ciproques entre le d\u00e9partement en charge de la mesure et la personne majeure \u00e0 prot\u00e9ger ;<\/li>\n\n\n\n<li><b>mesures d\u2019accompagnement judiciaire :<\/b>&nbsp;mesures contraignantes prononc\u00e9es sur demande du procureur de la R\u00e9publique ;<\/li>\n\n\n\n<li><b>mandat de protection future :<\/b>&nbsp;permet de d\u00e9signer \u00e0 l&#8217;avance un mandataire qui agira au nom du demandeur en son nom ou dans son int\u00e9r\u00eat ;<\/li>\n\n\n\n<li><b>habilitation familiale :<\/b>&nbsp;permet \u00e0 un proche de solliciter l&#8217;autorisation du juge pour repr\u00e9senter une personne qui ne peut pas manifester sa volont\u00e9.<\/li>\n<\/ul>\n<\/div>\n\n\n\n<div class=\"wp-block-column is-layout-flow wp-block-column-is-layout-flow\" style=\"flex-basis:20%\">\n<figure class=\"wp-block-image bloc_gris\"><a href=\"http:\/\/www.adapei64.fr\/site\/wp-content\/uploads\/2021\/12\/Votre_enfant_a_16_ans.pdf\" target=\"_blank\" rel=\"noopener\"><img decoding=\"async\" src=\"http:\/\/www.adapei64.fr\/site\/wp-content\/uploads\/2021\/12\/Jai16ans.jpg\" alt=\"Guide &quot;Votre enfant a 16 ans&quot;\"\/><\/a><figcaption class=\"wp-element-caption\">Voir le guide &#8220;Votre enfant a 16 ans&#8221;<\/figcaption><\/figure>\n\n\n\n<figure class=\"wp-block-image bloc_bleu\"><a href=\"https:\/\/www.adapei64.fr\/site\/adapei\/les-etablissements-et-services\/\"><img decoding=\"async\" src=\"http:\/\/www.adapei64.fr\/site\/wp-content\/uploads\/2021\/02\/TrouverESMS.png\" alt=\"Carte vers les \u00e9tablissements et services de l'Adapei des Pyr\u00e9n\u00e9es-Atlantiques\"\/><\/a><figcaption class=\"wp-element-caption\"><a href=\"https:\/\/www.adapei64.fr\/site\/adapei\/les-etablissements-et-services\/\" data-type=\"page\" data-id=\"1013\">Trouver un \u00e9tablissement ou service<\/a><\/figcaption><\/figure>\n\n\n\n<figure class=\"wp-block-image bloc_gris\"><a href=\"http:\/\/www.adapei64.fr\/site\/proche\/reconnaissance-du-handicap\/\"><img decoding=\"async\" src=\"http:\/\/www.adapei64.fr\/site\/wp-content\/uploads\/2021\/12\/02-Reconnaissance-du-handicap.svg\" alt=\"Une personne handicap\u00e9e poste un document\"\/><\/a><figcaption class=\"wp-element-caption\"><a href=\"https:\/\/www.adapei64.fr\/site\/proche\/reconnaissance-du-handicap\/\" data-type=\"page\" data-id=\"2399\">Reconnaissance du handicap<\/a><\/figcaption><\/figure>\n\n\n\n<figure class=\"wp-block-image bloc_gris\"><a href=\"http:\/\/www.adapei64.fr\/site\/proche\/aides-pour-jeunes\/\"><img decoding=\"async\" src=\"http:\/\/www.adapei64.fr\/site\/wp-content\/uploads\/2021\/12\/12-Aides-Adultes.svg\" alt=\"Un femme tient une tirelire\"\/><\/a><figcaption class=\"wp-element-caption\"><a href=\"https:\/\/www.adapei64.fr\/site\/proche\/aides-pour-jeunes\/\" data-type=\"page\" data-id=\"10326\">Aides pour les moins de 20 ans<\/a><\/figcaption><\/figure>\n<\/div>\n<\/div>\n","protected":false},"excerpt":{"rendered":"<p>D\u00e9marche d&#8217;orientation A partir des 16 ans de votre enfant,&nbsp; vous commencez, avec les professionnels qui l&#8217;accompagnent, \u00e0 pr\u00e9parer sa vie d\u2019adulte. Pour les 18 ans de votre enfant, vous&hellip; <a class=\"continue\" href=\"https:\/\/www.adapei64.fr\/site\/proche\/de-16-a-18-ans\/\">Lire :<span> De 16 \u00e0 18 ans<\/span><\/a><\/p>\n","protected":false},"author":1,"featured_media":5672,"parent":1597,"menu_order":5,"comment_status":"closed","ping_status":"closed","template":"","meta":{"_crdt_document":"","om_disable_all_campaigns":false,"_uag_custom_page_level_css":"","_monsterinsights_skip_tracking":false,"_monsterinsights_sitenote_active":false,"_monsterinsights_sitenote_note":"","_monsterinsights_sitenote_category":0,"_uf_show_specific_survey":0,"_uf_disable_surveys":false,"_EventAllDay":false,"_EventTimezone":"","_EventStartDate":"","_EventEndDate":"","_EventStartDateUTC":"","_EventEndDateUTC":"","_EventShowMap":false,"_EventShowMapLink":false,"_EventURL":"","_EventCost":"","_EventCostDescription":"","_EventCurrencySymbol":"","_EventCurrencyCode":"","_EventCurrencyPosition":"","_EventDateTimeSeparator":"","_EventTimeRangeSeparator":"","_EventOrganizerID":[],"_EventVenueID":[],"_OrganizerEmail":"","_OrganizerPhone":"","_OrganizerWebsite":"","_VenueAddress":"","_VenueCity":"","_VenueCountry":"","_VenueProvince":"","_VenueState":"","_VenueZip":"","_VenuePhone":"","_VenueURL":"","_VenueStateProvince":"","_VenueLat":"","_VenueLng":"","_VenueShowMap":false,"_VenueShowMapLink":false,"footnotes":""},"class_list":["post-2405","page","type-page","status-publish","has-post-thumbnail","hentry"],"uagb_featured_image_src":{"full":["https:\/\/www.adapei64.fr\/site\/wp-content\/uploads\/2021\/12\/06-Jeune-adulte.svg",500,500,false],"thumbnail":["https:\/\/www.adapei64.fr\/site\/wp-content\/uploads\/2021\/12\/06-Jeune-adulte.svg",500,500,false],"medium":["https:\/\/www.adapei64.fr\/site\/wp-content\/uploads\/2021\/12\/06-Jeune-adulte.svg",500,500,false],"medium_large":["https:\/\/www.adapei64.fr\/site\/wp-content\/uploads\/2021\/12\/06-Jeune-adulte.svg",500,500,false],"large":["https:\/\/www.adapei64.fr\/site\/wp-content\/uploads\/2021\/12\/06-Jeune-adulte.svg",500,500,false],"1536x1536":["https:\/\/www.adapei64.fr\/site\/wp-content\/uploads\/2021\/12\/06-Jeune-adulte.svg",500,500,false],"2048x2048":["https:\/\/www.adapei64.fr\/site\/wp-content\/uploads\/2021\/12\/06-Jeune-adulte.svg",500,500,false]},"uagb_author_info":{"display_name":"Marie Lafargue","author_link":"https:\/\/www.adapei64.fr\/site\/author\/marie\/"},"uagb_comment_info":0,"uagb_excerpt":"D\u00e9marche d&#8217;orientation A partir des 16 ans de votre enfant,&nbsp; vous commencez, avec les professionnels qui l&#8217;accompagnent, \u00e0 pr\u00e9parer sa vie d\u2019adulte. Pour les 18 ans de votre enfant, vous&hellip; Lire : De 16 \u00e0 18 ans","distributor_meta":false,"distributor_terms":false,"distributor_media":false,"distributor_original_site_name":"Adapei des Pyr\u00e9n\u00e9es-Atlantiques","distributor_original_site_url":"https:\/\/www.adapei64.fr\/site","push-errors":false,"_links":{"self":[{"href":"https:\/\/www.adapei64.fr\/site\/wp-json\/wp\/v2\/pages\/2405","targetHints":{"allow":["GET"]}}],"collection":[{"href":"https:\/\/www.adapei64.fr\/site\/wp-json\/wp\/v2\/pages"}],"about":[{"href":"https:\/\/www.adapei64.fr\/site\/wp-json\/wp\/v2\/types\/page"}],"author":[{"embeddable":true,"href":"https:\/\/www.adapei64.fr\/site\/wp-json\/wp\/v2\/users\/1"}],"replies":[{"embeddable":true,"href":"https:\/\/www.adapei64.fr\/site\/wp-json\/wp\/v2\/comments?post=2405"}],"version-history":[{"count":13,"href":"https:\/\/www.adapei64.fr\/site\/wp-json\/wp\/v2\/pages\/2405\/revisions"}],"predecessor-version":[{"id":18035,"href":"https:\/\/www.adapei64.fr\/site\/wp-json\/wp\/v2\/pages\/2405\/revisions\/18035"}],"up":[{"embeddable":true,"href":"https:\/\/www.adapei64.fr\/site\/wp-json\/wp\/v2\/pages\/1597"}],"wp:featuredmedia":[{"embeddable":true,"href":"https:\/\/www.adapei64.fr\/site\/wp-json\/wp\/v2\/media\/5672"}],"wp:attachment":[{"href":"https:\/\/www.adapei64.fr\/site\/wp-json\/wp\/v2\/media?parent=2405"}],"curies":[{"name":"wp","href":"https:\/\/api.w.org\/{rel}","templated":true}]}}