{"id":2409,"date":"2021-08-08T13:16:54","date_gmt":"2021-07-30T11:16:27","guid":{"rendered":"http:\/\/adapei64.fr\/wp2\/je-un-proche-dune-personne-vivant-avec-un-handicap\/travail\/"},"modified":"2025-11-05T11:40:17","modified_gmt":"2025-11-05T10:40:17","slug":"travail","status":"publish","type":"page","link":"https:\/\/www.adapei64.fr\/site\/proche\/travail\/","title":{"rendered":"Mon proche peut travailler"},"content":{"rendered":"\n<div style=\"height:70px\" aria-hidden=\"true\" class=\"wp-block-spacer\"><\/div>\n\n\n\n<div class=\"wp-block-columns is-layout-flex wp-container-core-columns-is-layout-07579d57 wp-block-columns-is-layout-flex\">\n<div class=\"wp-block-column is-layout-flow wp-block-column-is-layout-flow\" style=\"flex-basis:80%\">\n<h2 class=\"wp-block-heading\">La Reconnaissance de la Qualit\u00e9 de Travailleur Handicap\u00e9 : RQTH<\/h2>\n\n\n\n<p class=\"wp-block-paragraph\">La RQTH&nbsp;permet de b\u00e9n\u00e9ficier de mesures pour trouver un emploi ou le conserver.<\/p>\n\n\n\n<p class=\"wp-block-paragraph\">Le travailleur handicap\u00e9 :<\/p>\n\n\n\n<ul class=\"wp-block-list\">\n<li>peut avoir acc\u00e8s \u00e0 un certain nombre de dispositifs de droit commun et aux dispositifs sp\u00e9cifiques \u00e0 l\u2019emploi des travailleurs handicap\u00e9s, comme des stages de r\u00e9adaptation, de r\u00e9\u00e9ducation ou de formation professionnelle.<\/li>\n\n\n\n<li>peut b\u00e9n\u00e9ficier d\u2019am\u00e9nagements d\u2019horaires et de poste au sein de son entreprise.<\/li>\n\n\n\n<li>peut b\u00e9n\u00e9ficier du soutien du r\u00e9seau de placement sp\u00e9cialis\u00e9 Cap Emploi, et des aides propos\u00e9es par l\u2019AGEFIPH.<\/li>\n\n\n\n<li>peut acc\u00e9der \u00e0 la Fonction Publique, par concours ou par recrutement contractuel sp\u00e9cifique, avec la possibilit\u00e9 d\u2019am\u00e9nager le temps de travail.<\/li>\n<\/ul>\n\n\n\n<p class=\"wp-block-paragraph\">La demande de RQTH se fait&nbsp;<a href=\"http:\/\/www.adapei64.fr\/site\/proche\/reconnaissance-du-handicap\/\" target=\"_blank\" rel=\"noopener\">aupr\u00e8s de la MDPH<\/a>.<\/p>\n\n\n\n<p class=\"wp-block-paragraph\">La RQTH est d\u00e9livr\u00e9e pour une dur\u00e9e de 1 \u00e0 10 ans et, dans certains cas, sans limitation de dur\u00e9e.<\/p>\n\n\n\n<p class=\"wp-block-paragraph\"><a href=\"http:\/\/www.mdph64.fr\/fileadmin\/mediatheque-satellite\/mdph\/Documents\/La_RQTH.pdf\" target=\"_blank\" rel=\"noopener\">Plus d&#8217;informations sur la RQTH<br>sur le site de la MDPH des Pyr\u00e9n\u00e9es-Atlantiques<\/a><\/p>\n<\/div>\n\n\n\n<div class=\"wp-block-column is-layout-flow wp-block-column-is-layout-flow\" style=\"flex-basis:20%\">\n<figure class=\"wp-block-image bloc_gris\"><a href=\"https:\/\/www.cnsa.fr\/documentation\/cnsa_19-10_fiches-facilealire_emploi_accompagne.pdf\" target=\"_blank\" rel=\"noopener\"><img decoding=\"async\" src=\"http:\/\/www.adapei64.fr\/site\/wp-content\/uploads\/2021\/08\/couv_rqth.png\" alt=\"Fiche pratique FALC &quot;La RQTH&quot;\"\/><\/a><figcaption class=\"wp-element-caption\">Voir la fiche &#8220;La RQTH&#8221;<\/figcaption><\/figure>\n\n\n\n<figure class=\"wp-block-image bloc_gris\"><a href=\"http:\/\/www.adapei64.fr\/site\/proche\/reconnaissance-du-handicap\/\"><img decoding=\"async\" src=\"http:\/\/www.adapei64.fr\/site\/wp-content\/uploads\/2021\/12\/02-Reconnaissance-du-handicap.svg\" alt=\"Une personne handicap\u00e9e poste un document\"\/><\/a><figcaption class=\"wp-element-caption\"><a href=\"https:\/\/www.adapei64.fr\/site\/proche\/reconnaissance-du-handicap\/\" data-type=\"page\" data-id=\"2399\">Reconnaissance du handicap<\/a><\/figcaption><\/figure>\n\n\n\n<figure class=\"wp-block-image bloc_gris\"><a href=\"http:\/\/www.adapei64.fr\/site\/proche\/aides-pour-adultes\/\"><img decoding=\"async\" src=\"http:\/\/www.adapei64.fr\/site\/wp-content\/uploads\/2021\/12\/12-Aides-Adultes.svg\" alt=\"Un femme tient une tirelire\"\/><\/a><figcaption class=\"wp-element-caption\"><a href=\"https:\/\/www.adapei64.fr\/site\/proche\/aides-pour-adultes\/\" data-type=\"page\" data-id=\"6080\">Aides pour adultes<\/a><\/figcaption><\/figure>\n<\/div>\n<\/div>\n\n\n\n<div style=\"height:70px\" aria-hidden=\"true\" class=\"wp-block-spacer\"><\/div>\n\n\n\n<div class=\"wp-block-columns is-layout-flex wp-container-core-columns-is-layout-07579d57 wp-block-columns-is-layout-flex\">\n<div class=\"wp-block-column is-layout-flow wp-block-column-is-layout-flow\" style=\"flex-basis:80%\">\n<h2 class=\"wp-block-heading\">Parcours professionnel<\/h2>\n\n\n\n<p class=\"wp-block-paragraph\">Votre proche peut \u00eatre accompagn\u00e9 pour r\u00e9fl\u00e9chir et construire son parcours professionnel :<\/p>\n\n\n\n<ul class=\"wp-block-list\">\n<li>faire le point sur ses comp\u00e9tences,<\/li>\n\n\n\n<li>faire des stages, <a href=\"#duoday\">d\u00e9couvrir des m\u00e9tiers<\/a>,<\/li>\n\n\n\n<li>chercher des <a href=\"#formation\">formations<\/a>,<\/li>\n\n\n\n<li>pr\u00e9parer sa recherche d\u2019emploi,<\/li>\n\n\n\n<li>\u00eatre orient\u00e9 vers des offres d\u2019emploi,<\/li>\n\n\n\n<li>pour inform\u00e9 sur les aides destin\u00e9es aux travailleurs handicap\u00e9s.<\/li>\n<\/ul>\n\n\n\n<p class=\"wp-block-paragraph\">Si votre proche a moins de 20 ans,<br>il peut \u00eatre accompagn\u00e9 par le <a href=\"http:\/\/www.adapei64.fr\/site\/adapei\/les-etablissements-et-services\/enfance-scolarisation\/sesips-ime-sessad-itep\/\">SESIPS<\/a> pour construire son parcours pro<br>ou les&nbsp;<a href=\"https:\/\/www.unml.info\/les-missions-locales\/annuaire\/\" target=\"_blank\" rel=\"noopener\">missions locale du territoire<\/a>.<\/p>\n\n\n\n<p class=\"wp-block-paragraph\">Si votre proche a plus de 20 ans,<br>il peut \u00eatre accompagn\u00e9 par&nbsp;<a href=\"https:\/\/www.pole-emploi.fr\/accueil\/\" target=\"_blank\" rel=\"noopener\">P\u00f4le emploi<\/a>,&nbsp;<a href=\"https:\/\/www.capemploi-40-64pb.com\/\" target=\"_blank\" rel=\"noopener\">Cap emploi<\/a>,&nbsp; un SAVS ou le <a href=\"#dea\">Service Emploi Accompagn\u00e9<\/a>.<\/p>\n<\/div>\n\n\n\n<div class=\"wp-block-column is-layout-flow wp-block-column-is-layout-flow\" style=\"flex-basis:20%\"><\/div>\n<\/div>\n\n\n\n<div style=\"height:70px\" aria-hidden=\"true\" class=\"wp-block-spacer\"><\/div>\n\n\n\n<h2 class=\"wp-block-heading\">Travailler en milieu ordinaire<\/h2>\n\n\n\n<p class=\"wp-block-paragraph\">Tout employeur peut embaucher une personne en situation de handicap. Les employeurs de 20 salari\u00e9s et plus sont soumis \u00e0 l\u2019Obligation d\u2019Emploi des Travailleurs Handicap\u00e9s (OETH).<\/p>\n\n\n\n<div style=\"height:35px\" aria-hidden=\"true\" class=\"wp-block-spacer\"><\/div>\n\n\n\n<div class=\"wp-block-columns is-layout-flex wp-container-core-columns-is-layout-07579d57 wp-block-columns-is-layout-flex\">\n<div class=\"wp-block-column is-layout-flow wp-block-column-is-layout-flow\" style=\"flex-basis:80%\">\n<h3 class=\"wp-block-heading\">Le Service Emploi Accompagn\u00e9<\/h3>\n\n\n\n<p class=\"wp-block-paragraph\">L\u2019emploi accompagn\u00e9 est un dispositif d\u2019appui pour les personnes en situation de handicap. L\u2019objectif, leur permettre d\u2019obtenir et de garder un emploi r\u00e9mun\u00e9r\u00e9 sur le march\u00e9 du travail.&nbsp;<\/p>\n\n\n\n<p class=\"wp-block-paragraph\">Ce dispositif consiste en une aide pour obtenir et garder votre emploi dans le milieu ordinaire avec :<\/p>\n\n\n\n<ul class=\"wp-block-list\">\n<li>un accompagnement m\u00e9dico-social et soutien \u00e0 l&#8217;insertion professionnelle<\/li>\n\n\n\n<li>un accompagnement de l&#8217;employeur (par exemple, en lui offrant la possibilit\u00e9 de faire appel \u00e0 un r\u00e9f\u00e9rent emploi accompagn\u00e9 pour \u00e9valuer et adapter votre poste de travail)<\/li>\n<\/ul>\n\n\n\n<p class=\"wp-block-paragraph\">Pour b\u00e9n\u00e9ficier du Dispositif Emploi Accompagn\u00e9, il faut :<\/p>\n\n\n\n<ul class=\"wp-block-list\">\n<li>\u00eatre reconnu travailleur handicap\u00e9 par la CDAPH<\/li>\n\n\n\n<li>avoir au minimum 16 ans<\/li>\n\n\n\n<li>\u00eatre en recherche d&#8217;emploi vers le milieu ordinaire ou d\u00e9j\u00e0 en emploi ordinaire et rencontrer des difficult\u00e9s pour conserver son emploi<\/li>\n<\/ul>\n\n\n\n<p class=\"wp-block-paragraph\">Vous devez donc&nbsp;<a href=\"http:\/\/www.adapei64.fr\/site\/proche\/reconnaissance-du-handicap\/\" target=\"_blank\" rel=\"noopener\">prendre contact avec la MDPH<\/a>&nbsp;pour faire une demande d&#8217;orientation vers l&#8217;Emploi Accompagn\u00e9.<\/p>\n<\/div>\n\n\n\n<div class=\"wp-block-column is-layout-flow wp-block-column-is-layout-flow\" style=\"flex-basis:20%\">\n<figure class=\"wp-block-image bloc_gris\"><a href=\"http:\/\/www.adapei64.fr\/site\/adapei\/les-etablissements-et-services\/services-transversaux\/service-emploi-accompagne\/\" target=\"_blank\" rel=\"noopener\"><img decoding=\"async\" src=\"http:\/\/www.adapei64.fr\/site\/wp-content\/uploads\/2022\/01\/LogoSEA64-Visuel.png\" alt=\"Plateforme Emploi Accompagn\u00e9 des Pyr\u00e9n\u00e9es-Atlantiques\"\/><\/a><figcaption class=\"wp-element-caption\">Le Service Emploi Accompagn\u00e9 64<\/figcaption><\/figure>\n<\/div>\n<\/div>\n\n\n\n<div style=\"height:35px\" aria-hidden=\"true\" class=\"wp-block-spacer\"><\/div>\n\n\n\n<div class=\"wp-block-columns is-layout-flex wp-container-core-columns-is-layout-07579d57 wp-block-columns-is-layout-flex\">\n<div class=\"wp-block-column is-layout-flow wp-block-column-is-layout-flow\" style=\"flex-basis:80%\">\n<h3 class=\"wp-block-heading\">L&#8217;Entreprise Adapt\u00e9e (EA)<\/h3>\n\n\n\n<p class=\"wp-block-paragraph\">Les entreprises adapt\u00e9es sont des entreprises comme les autres.<\/p>\n\n\n\n<p class=\"wp-block-paragraph\">Elles emploient au moins 55 % de salari\u00e9s reconnus handicap\u00e9s pour produire des biens ou des services dans tous les secteurs d\u2019activit\u00e9s : industrie, b\u00e2timent, h\u00f4tellerie, environnement\u2026<\/p>\n\n\n\n<p class=\"wp-block-paragraph\">Leur particularit\u00e9 : permettre \u00e0 des personnes en situation de handicap d\u2019acc\u00e9der \u00e0 l\u2019emploi dans des conditions de travail adapt\u00e9es \u00e0 leurs capacit\u00e9s.<\/p>\n\n\n\n<p class=\"wp-block-paragraph\">Les entreprises adapt\u00e9es rel\u00e8vent du milieu ordinaire de travail.<br>Les personnes handicap\u00e9es qu\u2019elles emploient sont donc des salari\u00e9s comme les autres :<\/p>\n\n\n\n<ul class=\"wp-block-list\">\n<li>elles b\u00e9n\u00e9ficient d\u2019un contrat de travail et de l\u2019ensemble des droits inscrits dans le Code du travail (cong\u00e9s, protection sociale, retraite, droits syndicaux\u2026) ;<\/li>\n\n\n\n<li>elles per\u00e7oivent un salaire au moins \u00e9gal au Smic prenant en compte leur emploi et leur qualification, sans r\u00e9f\u00e9rence \u00e0 leur rendement.<\/li>\n<\/ul>\n\n\n\n<p class=\"wp-block-paragraph\">Pour \u00eatre embauch\u00e9 par une entreprise adapt\u00e9e, votre proche doit&nbsp;:<\/p>\n\n\n\n<ul class=\"wp-block-list\">\n<li>\u00eatre b\u00e9n\u00e9ficiaire de la reconnaissance de la qualit\u00e9 de travailleur handicap\u00e9 (RQTH) d\u00e9livr\u00e9e par la Commission des droits et de l&#8217;autonomie des personnes handicap\u00e9es (CDAPH) ;<\/li>\n\n\n\n<li>\u00eatre sans emploi.<\/li>\n<\/ul>\n<\/div>\n\n\n\n<div class=\"wp-block-column is-layout-flow wp-block-column-is-layout-flow\" style=\"flex-basis:20%\">\n<figure class=\"wp-block-image bloc_gris\"><a href=\"https:\/\/www.unea.fr\/annuaire-des-entreprises-adaptees\" target=\"_blank\" rel=\"noopener\"><img decoding=\"async\" src=\"http:\/\/www.adapei64.fr\/site\/wp-content\/uploads\/2022\/01\/LogoUnea.png\" alt=\"Logo de l'Union Nationale des Entreprises Adapt\u00e9es\"\/><\/a><figcaption class=\"wp-element-caption\">Trouver une Entreprise Adapt\u00e9e<\/figcaption><\/figure>\n<\/div>\n<\/div>\n\n\n\n<div style=\"height:70px\" aria-hidden=\"true\" class=\"wp-block-spacer\"><\/div>\n\n\n\n<div class=\"wp-block-columns is-layout-flex wp-container-core-columns-is-layout-07579d57 wp-block-columns-is-layout-flex\">\n<div class=\"wp-block-column is-layout-flow wp-block-column-is-layout-flow\" style=\"flex-basis:80%\">\n<h2 class=\"wp-block-heading\">Travailler en Etablissement et Service d&#8217;Accompagnement par le Travail (ESAT)<\/h2>\n\n\n\n<p class=\"wp-block-paragraph\">Un ESAT est une structure qui propose aux personnes en situation de handicap une activit\u00e9 professionnelle et un soutien m\u00e9dico-social et \u00e9ducatif.<\/p>\n\n\n\n<p class=\"wp-block-paragraph\">Cette structure accueille des personnes dont les capacit\u00e9s de travail ne permettent pas de travailler dans une entreprise ordinaire ou une entreprise adapt\u00e9e.<\/p>\n\n\n\n<p class=\"wp-block-paragraph\">L&#8217;\u00c9sat peut parfois disposer d&#8217;un foyer d&#8217;h\u00e9bergement pour accueillir les personnes en situation de handicap en dehors de leur temps d&#8217;activit\u00e9.<\/p>\n\n\n\n<p class=\"wp-block-paragraph\">Pour \u00eatre accueilli en \u00c9sat, votre proche doit&nbsp;avoir 20 ans ou plus.<br><i>Cependant, la commission des droits et de l&#8217;autonomie des personnes handicap\u00e9es (CDAPH) peut parfois d\u00e9cider une orientation en \u00c9sat d\u00e8s l&#8217;\u00e2ge de 16 ans.<\/i><\/p>\n\n\n\n<p class=\"wp-block-paragraph\">En ESAT, votre proche ne b\u00e9n\u00e9ficie pas d\u2019un contrat de travail ni du statut de salari\u00e9.<br>Il signe un contrat de soutien et d\u2019accompagnement par le travail.<br>Ce contrat est conclu pour une dur\u00e9e d\u2019un an et est reconduit chaque ann\u00e9e par tacite reconduction et fait l\u2019objet d\u2019avenants prenant en compte son \u00e9volution.<\/p>\n<\/div>\n\n\n\n<div class=\"wp-block-column is-layout-flow wp-block-column-is-layout-flow\" style=\"flex-basis:20%\">\n<figure class=\"wp-block-image bloc_bleu\"><a href=\"http:\/\/www.adapei64.fr\/site\/adapei\/les-etablissements-et-services\/travail\/\"><img decoding=\"async\" src=\"http:\/\/www.adapei64.fr\/site\/wp-content\/uploads\/2021\/02\/TrouverESMS.png\" alt=\"Carte vers les \u00e9tablissements et services de l'Adapei des Pyr\u00e9n\u00e9es-Atlantiques\"\/><\/a><figcaption class=\"wp-element-caption\">Trouver un \u00e9tablissement ou service<\/figcaption><\/figure>\n<\/div>\n<\/div>\n\n\n\n<div style=\"height:70px\" aria-hidden=\"true\" class=\"wp-block-spacer\"><\/div>\n\n\n\n<div class=\"wp-block-columns is-layout-flex wp-container-core-columns-is-layout-07579d57 wp-block-columns-is-layout-flex\">\n<div class=\"wp-block-column is-layout-flow wp-block-column-is-layout-flow\" style=\"flex-basis:80%\">\n<h2 class=\"wp-block-heading\">D\u00e9couvrir un m\u00e9tier : le Duo Day<\/h2>\n\n\n\n<p class=\"wp-block-paragraph\">Le principe DuoDay est simple :<br>Une entreprise, une collectivit\u00e9 ou une association accueille, \u00e0 l\u2019occasion d&#8217;une journ\u00e9e nationale, une personne en situation de handicap, en duo avec un professionnel volontaire. Au programme de cette journ\u00e9e : d\u00e9couverte du m\u00e9tier, participation active, immersion en entreprise.<\/p>\n\n\n\n<p class=\"wp-block-paragraph\">Cette journ\u00e9e repr\u00e9sente une opportunit\u00e9 de rencontre pour changer de regard et, ensemble, d\u00e9passer nos pr\u00e9jug\u00e9s.<\/p>\n\n\n\n<p class=\"wp-block-paragraph\">Depuis 3 ans, cette journ\u00e9e a lieu pendant la&nbsp;<a href=\"https:\/\/www.semaine-emploi-handicap.com\/\" target=\"_blank\" rel=\"noopener\">Semaine Europ\u00e9enne de l&#8217;Emploi des Personnes Handicap\u00e9es<\/a><\/p>\n\n\n\n<figure class=\"wp-block-embed is-type-video is-provider-youtube wp-block-embed-youtube wp-embed-aspect-16-9 wp-has-aspect-ratio\"><div class=\"wp-block-embed__wrapper\">\n<iframe loading=\"lazy\" title=\"Mario au Bar Lamerain - Duo Day 2019\" width=\"500\" height=\"281\" src=\"https:\/\/www.youtube.com\/embed\/9wfAYBcMgOw?feature=oembed\" frameborder=\"0\" allow=\"accelerometer; autoplay; clipboard-write; encrypted-media; gyroscope; picture-in-picture; web-share\" referrerpolicy=\"strict-origin-when-cross-origin\" allowfullscreen><\/iframe>\n<\/div><\/figure>\n<\/div>\n\n\n\n<div class=\"wp-block-column is-layout-flow wp-block-column-is-layout-flow\" style=\"flex-basis:20%\">\n<figure class=\"wp-block-image bloc_gris\"><a href=\"https:\/\/www.duoday.fr\/\" target=\"_blank\" rel=\"noopener\"><img decoding=\"async\" src=\"http:\/\/www.adapei64.fr\/site\/wp-content\/uploads\/2022\/01\/logo_duoday_72dpi.png\" alt=\"Duo Day\"\/><\/a><figcaption class=\"wp-element-caption\">En savoir plus sur le Duo Day<\/figcaption><\/figure>\n<\/div>\n<\/div>\n\n\n\n<div style=\"height:70px\" aria-hidden=\"true\" class=\"wp-block-spacer\"><\/div>\n\n\n\n<div class=\"wp-block-columns is-layout-flex wp-container-core-columns-is-layout-07579d57 wp-block-columns-is-layout-flex\">\n<div class=\"wp-block-column is-layout-flow wp-block-column-is-layout-flow\" style=\"flex-basis:80%\">\n<h2 class=\"wp-block-heading\">Se former<\/h2>\n\n\n\n<p class=\"wp-block-paragraph\">La formation professionnelle continue est un droit individuel inscrit dans la loi. Votre proche peut y acc\u00e9der \u00e0 tout \u00e2ge, quel que soit son statut.<\/p>\n\n\n\n<p class=\"wp-block-paragraph\">Elle peut lui permettre :<\/p>\n\n\n\n<ul class=\"wp-block-list\">\n<li>de compl\u00e9ter ses comp\u00e9tences et d\u2019am\u00e9liorer ses savoir-faire pour r\u00e9pondre aux exigences li\u00e9es \u00e0 un poste.<\/li>\n\n\n\n<li>de s&#8217;orienter vers un nouveau m\u00e9tier, par choix, par envie de \u00ab faire autre chose \u00bb ou par n\u00e9cessit\u00e9 en raison d\u2019une maladie ou d\u2019un handicap.<\/li>\n<\/ul>\n\n\n\n<p class=\"wp-block-paragraph\">Le<b> Centre de Formation de l&#8217;Adapei des Pyr\u00e9n\u00e9es-Atlantiques<\/b> propose des formations accessibles aux personnes en situation de handicap.&nbsp;<\/p>\n<\/div>\n\n\n\n<div class=\"wp-block-column is-layout-flow wp-block-column-is-layout-flow\" style=\"flex-basis:20%\">\n<figure class=\"wp-block-image bloc_bleu\"><a href=\"http:\/\/www.adapei64.fr\/docs\/Adapei64-CFR-Catalogue-Formations.pdf\" target=\"_blank\" rel=\"noopener\"><img decoding=\"async\" src=\"http:\/\/www.adapei64.fr\/site\/wp-content\/uploads\/2021\/08\/Logo_CFR_Blanc.png\" alt=\"Centre de Formation et de Recherche de l'Adapei des PA\"\/><\/a><figcaption class=\"wp-element-caption\">Catalogue de formation du CFR<\/figcaption><\/figure>\n<\/div>\n<\/div>\n\n\n\n<div class=\"wp-block-columns is-layout-flex wp-container-core-columns-is-layout-07579d57 wp-block-columns-is-layout-flex\">\n<div class=\"wp-block-column is-layout-flow wp-block-column-is-layout-flow\" style=\"flex-basis:80%\">\n<h3 class=\"wp-block-heading\">Faire reconna\u00eetre ses comp\u00e9tences<\/h3>\n\n\n\n<p class=\"wp-block-paragraph\">L&#8217;Adapei des Pyr\u00e9n\u00e9es-Atlantiques rejoint en 2010 le dispositif Diff\u00e9rent &amp; Comp\u00e9tent initi\u00e9 en Bretagne (ARESAT). <br>Il s&#8217;agit de Reconnaissance des Acquis et de l&#8217;Exp\u00e9rience (RAE) et non de Validation des Acquis d&#8217;Exp\u00e9rience (VAE). <br>Cette approche s&#8217;appuie sur les r\u00e9f\u00e9rentiels m\u00e9tiers de droit commun. Elle permet de reconna\u00eetre les comp\u00e9tences des travailleurs handicap\u00e9s, quel que soit leur niveau de performance. L&#8217;Education Nationale et le Minist\u00e8re de l&#8217;Agriculture ont accueilli notre d\u00e9marche avec int\u00e9r\u00eat et y participent activement.<\/p>\n\n\n\n<h4 class=\"wp-block-heading\"><b>L\u2019engagement dans un processus de reconnaissance<\/b><\/h4>\n\n\n\n<p class=\"wp-block-paragraph\">Il est propos\u00e9 aux ouvri\u00e8res et ouvriers des \u00e9tablissements de s&#8217;inscrire, s\u2019ils le souhaitent, dans une d\u00e9marche de reconnaissance de comp\u00e9tences. Ils sont alors accompagn\u00e9s par leurs monitrices et moniteurs. Selon le principe que \u00ab personne ne sait rien faire \u00bb, ils s\u2019engagent dans des parcours de reconnaissance de leurs comp\u00e9tences.<\/p>\n\n\n\n<h4 class=\"wp-block-heading\"><b>Une progression p\u00e9dagogique<\/b><\/h4>\n\n\n\n<p class=\"wp-block-paragraph\">Trois modalit\u00e9s sont propos\u00e9es, chacune \u00e9tant reconnue par un \u00ab jury \u00bb :<\/p>\n\n\n\n<ul class=\"wp-block-list\">\n<li>jury interne : \u00ab je montre ce que je fais \u00bb ;<\/li>\n\n\n\n<li>jury externe : \u00ab j\u2019explique ce que je sais faire \u00bb ;<\/li>\n\n\n\n<li>jury externe apr\u00e8s un stage \u00ab j\u2019explique comment je mets en \u0153uvre ma comp\u00e9tence ailleurs en comparant avec l\u2019environnement esat \u00bb.<\/li>\n<\/ul>\n\n\n\n<p class=\"wp-block-paragraph\">Chacun \u00e0 leur rythme, les candidats constituent un \u00ab dossier de preuve \u00bb qu&#8217;ils pr\u00e9sentent \u00e0 un jury, accompagn\u00e9s de leur monitrice ou moniteur. <br>Ce jury est constitu\u00e9 de repr\u00e9sentants de l\u2019entreprise, de professionnels du secteur m\u00e9dico-social et de repr\u00e9sentants de l\u2019organisme certificateur (agriculture, travail ou \u00e9ducation nationale). <br>Le jury reconna\u00eet les comp\u00e9tences pr\u00e9sent\u00e9es par rapport aux attendus des r\u00e9f\u00e9rentiels m\u00e9tiers de droit commun. <br>\u00c0 l&#8217;issue de la pr\u00e9sentation, le jury propose une mise en perspective et des orientations qui engagent la personne dans une \u00e9volution professionnelle. Se greffent alors des formations, des stages, des mises \u00e0 disposition, des exp\u00e9riences professionnelles nouvelles et des parcours vers l&#8217;entreprise.<\/p>\n<\/div>\n\n\n\n<div class=\"wp-block-column is-layout-flow wp-block-column-is-layout-flow\" style=\"flex-basis:20%\">\n<figure class=\"wp-block-image bloc_gris\"><a href=\"https:\/\/www.differentetcompetent.org\/\" target=\"_blank\" rel=\"noopener\"><img decoding=\"async\" src=\"http:\/\/www.adapei64.fr\/site\/wp-content\/uploads\/2021\/08\/LOGO-differentetcompetent-RVB72dpi.png\" alt=\"Logo Diff\u00e9rent &amp; Comp\u00e9tent Nouvelle Aquitaine\"\/><\/a><figcaption class=\"wp-element-caption\">En savoir plus sur Diff\u00e9rent &amp; Comp\u00e9tent<\/figcaption><\/figure>\n<\/div>\n<\/div>\n","protected":false},"excerpt":{"rendered":"<p>La Reconnaissance de la Qualit\u00e9 de Travailleur Handicap\u00e9 : RQTH La RQTH&nbsp;permet de b\u00e9n\u00e9ficier de mesures pour trouver un emploi ou le conserver. Le travailleur handicap\u00e9 : La demande de&hellip; <a class=\"continue\" href=\"https:\/\/www.adapei64.fr\/site\/proche\/travail\/\">Lire :<span> Mon proche peut travailler<\/span><\/a><\/p>\n","protected":false},"author":1,"featured_media":5692,"parent":1597,"menu_order":8,"comment_status":"closed","ping_status":"closed","template":"","meta":{"_crdt_document":"","om_disable_all_campaigns":false,"_uag_custom_page_level_css":"","_monsterinsights_skip_tracking":false,"_monsterinsights_sitenote_active":false,"_monsterinsights_sitenote_note":"","_monsterinsights_sitenote_category":0,"_uf_show_specific_survey":0,"_uf_disable_surveys":false,"_EventAllDay":false,"_EventTimezone":"","_EventStartDate":"","_EventEndDate":"","_EventStartDateUTC":"","_EventEndDateUTC":"","_EventShowMap":false,"_EventShowMapLink":false,"_EventURL":"","_EventCost":"","_EventCostDescription":"","_EventCurrencySymbol":"","_EventCurrencyCode":"","_EventCurrencyPosition":"","_EventDateTimeSeparator":"","_EventTimeRangeSeparator":"","_EventOrganizerID":[],"_EventVenueID":[],"_OrganizerEmail":"","_OrganizerPhone":"","_OrganizerWebsite":"","_VenueAddress":"","_VenueCity":"","_VenueCountry":"","_VenueProvince":"","_VenueState":"","_VenueZip":"","_VenuePhone":"","_VenueURL":"","_VenueStateProvince":"","_VenueLat":"","_VenueLng":"","_VenueShowMap":false,"_VenueShowMapLink":false,"footnotes":""},"class_list":["post-2409","page","type-page","status-publish","has-post-thumbnail","hentry"],"uagb_featured_image_src":{"full":["https:\/\/www.adapei64.fr\/site\/wp-content\/uploads\/2021\/12\/09-Vie-Quotidienne.svg",500,500,false],"thumbnail":["https:\/\/www.adapei64.fr\/site\/wp-content\/uploads\/2021\/12\/09-Vie-Quotidienne.svg",500,500,false],"medium":["https:\/\/www.adapei64.fr\/site\/wp-content\/uploads\/2021\/12\/09-Vie-Quotidienne.svg",500,500,false],"medium_large":["https:\/\/www.adapei64.fr\/site\/wp-content\/uploads\/2021\/12\/09-Vie-Quotidienne.svg",500,500,false],"large":["https:\/\/www.adapei64.fr\/site\/wp-content\/uploads\/2021\/12\/09-Vie-Quotidienne.svg",500,500,false],"1536x1536":["https:\/\/www.adapei64.fr\/site\/wp-content\/uploads\/2021\/12\/09-Vie-Quotidienne.svg",500,500,false],"2048x2048":["https:\/\/www.adapei64.fr\/site\/wp-content\/uploads\/2021\/12\/09-Vie-Quotidienne.svg",500,500,false]},"uagb_author_info":{"display_name":"Marie Lafargue","author_link":"https:\/\/www.adapei64.fr\/site\/author\/marie\/"},"uagb_comment_info":0,"uagb_excerpt":"La Reconnaissance de la Qualit\u00e9 de Travailleur Handicap\u00e9 : RQTH La RQTH&nbsp;permet de b\u00e9n\u00e9ficier de mesures pour trouver un emploi ou le conserver. Le travailleur handicap\u00e9 : La demande de&hellip; Lire : Mon proche peut travailler","distributor_meta":false,"distributor_terms":false,"distributor_media":false,"distributor_original_site_name":"Adapei des Pyr\u00e9n\u00e9es-Atlantiques","distributor_original_site_url":"https:\/\/www.adapei64.fr\/site","push-errors":false,"_links":{"self":[{"href":"https:\/\/www.adapei64.fr\/site\/wp-json\/wp\/v2\/pages\/2409","targetHints":{"allow":["GET"]}}],"collection":[{"href":"https:\/\/www.adapei64.fr\/site\/wp-json\/wp\/v2\/pages"}],"about":[{"href":"https:\/\/www.adapei64.fr\/site\/wp-json\/wp\/v2\/types\/page"}],"author":[{"embeddable":true,"href":"https:\/\/www.adapei64.fr\/site\/wp-json\/wp\/v2\/users\/1"}],"replies":[{"embeddable":true,"href":"https:\/\/www.adapei64.fr\/site\/wp-json\/wp\/v2\/comments?post=2409"}],"version-history":[{"count":61,"href":"https:\/\/www.adapei64.fr\/site\/wp-json\/wp\/v2\/pages\/2409\/revisions"}],"predecessor-version":[{"id":18650,"href":"https:\/\/www.adapei64.fr\/site\/wp-json\/wp\/v2\/pages\/2409\/revisions\/18650"}],"up":[{"embeddable":true,"href":"https:\/\/www.adapei64.fr\/site\/wp-json\/wp\/v2\/pages\/1597"}],"wp:featuredmedia":[{"embeddable":true,"href":"https:\/\/www.adapei64.fr\/site\/wp-json\/wp\/v2\/media\/5692"}],"wp:attachment":[{"href":"https:\/\/www.adapei64.fr\/site\/wp-json\/wp\/v2\/media?parent=2409"}],"curies":[{"name":"wp","href":"https:\/\/api.w.org\/{rel}","templated":true}]}}