{"id":2413,"date":"2021-08-10T13:16:54","date_gmt":"2021-07-30T11:16:27","guid":{"rendered":"http:\/\/adapei64.fr\/wp2\/je-un-proche-dune-personne-vivant-avec-un-handicap\/soins\/"},"modified":"2024-08-06T19:15:22","modified_gmt":"2024-08-06T17:15:22","slug":"soins","status":"publish","type":"page","link":"https:\/\/www.adapei64.fr\/site\/proche\/soins\/","title":{"rendered":"Soins"},"content":{"rendered":"\n<div style=\"height:70px\" aria-hidden=\"true\" class=\"wp-block-spacer\"><\/div>\n\n\n\n<div class=\"wp-block-columns is-layout-flex wp-container-core-columns-is-layout-07579d57 wp-block-columns-is-layout-flex\">\n<div class=\"wp-block-column is-layout-flow wp-block-column-is-layout-flow\" style=\"flex-basis:80%\">\n<h2 class=\"wp-block-heading\">L&#8217;acc\u00e8s aux soins des personnes vivant avec un handicap<\/h2>\n\n\n\n<p class=\"wp-block-paragraph\">Sign\u00e9e depuis juin 2014 par de nombreux acteurs m\u00e9dico-sociaux li\u00e9s au handicap et par la plupart des r\u00e9gions de France, la Charte Romain Jacob est une charte de recommandations, qui a pour but de f\u00e9d\u00e9rer l\u2019ensemble des acteurs r\u00e9gionaux et nationaux autour de l\u2019am\u00e9lioration de l\u2019acc\u00e8s aux soins et \u00e0 la sant\u00e9 des personnes vivant avec un handicap.<\/p>\n\n\n\n<p class=\"wp-block-paragraph\">Le texte complet est disponible sur le site de l\u2019association&nbsp;<a href=\"https:\/\/www.handidactique.org\/charte-romain-jacob\/\" target=\"_blank\" rel=\"noopener\">Handidactique<\/a>.<\/p>\n<\/div>\n\n\n\n<div class=\"wp-block-column is-layout-flow wp-block-column-is-layout-flow\" style=\"flex-basis:20%\">\n<figure class=\"wp-block-image bloc_gris\"><a href=\"https:\/\/www.handidactique.org\/charte-romain-jacob\/\" target=\"_blank\" rel=\"noopener\"><img decoding=\"async\" src=\"http:\/\/www.adapei64.fr\/site\/wp-content\/uploads\/2022\/01\/CharteRomainJacob-BD.jpg\" alt=\"Affiche de la Charte Romain Jacob\"\/><\/a><figcaption class=\"wp-element-caption\">Consulter la Charte Romain Jacob<\/figcaption><\/figure>\n<\/div>\n<\/div>\n\n\n\n<div style=\"height:70px\" aria-hidden=\"true\" class=\"wp-block-spacer\"><\/div>\n\n\n\n<div class=\"wp-block-columns is-layout-flex wp-container-core-columns-is-layout-07579d57 wp-block-columns-is-layout-flex\">\n<div class=\"wp-block-column is-layout-flow wp-block-column-is-layout-flow\" style=\"flex-basis:80%\">\n<h3 class=\"wp-block-heading\">Le questionnaire Handifaction<\/h3>\n\n\n\n<p class=\"wp-block-paragraph\">Le&nbsp;<a href=\"https:\/\/www.handifaction.fr\/\" target=\"_blank\" rel=\"noopener\">questionnaire Handifaction&nbsp;<\/a>a \u00e9t\u00e9 con\u00e7u pour permettre de savoir si les personnes vivant avec un handicap ont bien \u00e9t\u00e9 soign\u00e9es au cours des deux derniers mois.<\/p>\n\n\n\n<p class=\"wp-block-paragraph\">Toutes les personnes vivant avec un handicap qui le souhaitent peuvent nous faire part de leur opinion en&nbsp;<a href=\"https:\/\/www.handifaction.fr\/\" target=\"_blank\" rel=\"noopener\">remplissant ce questionnaire<\/a>.<br>Cela nous permettra de savoir si la Charte Romain Jacob a aid\u00e9 \u00e0 am\u00e9liorer l\u2019acc\u00e8s aux soins des personnes vivant avec un handicap.<\/p>\n\n\n\n<figure class=\"wp-block-embed is-type-video is-provider-youtube wp-block-embed-youtube wp-embed-aspect-16-9 wp-has-aspect-ratio\"><div class=\"wp-block-embed__wrapper\">\n<iframe loading=\"lazy\" title=\"Les matinales de l&#039;Adapei - L&#039;acc\u00e8s aux soins des personnes vivant avec un handicap - Pascal JACOB\" width=\"500\" height=\"281\" src=\"https:\/\/www.youtube.com\/embed\/yNrbzwB4ph8?feature=oembed\" frameborder=\"0\" allow=\"accelerometer; autoplay; clipboard-write; encrypted-media; gyroscope; picture-in-picture; web-share\" referrerpolicy=\"strict-origin-when-cross-origin\" allowfullscreen><\/iframe>\n<\/div><\/figure>\n<\/div>\n\n\n\n<div class=\"wp-block-column is-layout-flow wp-block-column-is-layout-flow\" style=\"flex-basis:20%\">\n<figure class=\"wp-block-image bloc_gris\"><a href=\"https:\/\/www.handifaction.fr\/\" target=\"_blank\" rel=\"noopener\"><img decoding=\"async\" src=\"http:\/\/www.adapei64.fr\/site\/wp-content\/uploads\/2022\/01\/affiche-handifaction_2018_JPG.jpg\" alt=\"Donnez votre opinion sur vos soins\"\/><\/a><figcaption class=\"wp-element-caption\">R\u00e9pondre au questionnaire Handifaction<\/figcaption><\/figure>\n<\/div>\n<\/div>\n\n\n\n<div style=\"height:70px\" aria-hidden=\"true\" class=\"wp-block-spacer\"><\/div>\n\n\n\n<div class=\"wp-block-columns is-layout-flex wp-container-core-columns-is-layout-07579d57 wp-block-columns-is-layout-flex\">\n<div class=\"wp-block-column is-layout-flow wp-block-column-is-layout-flow\" style=\"flex-basis:80%\">\n<h2 class=\"wp-block-heading\">Accompagnement aux soins par le SAVS<\/h2>\n\n\n\n<p class=\"wp-block-paragraph\">Qu&#8217;il vive en autonomie, chez vous ou dans un \u00e9tablissement m\u00e9dico-social non m\u00e9dicalis\u00e9, votre proche peut \u00eatre accompagn\u00e9 par un SAVS pour ses soins et sa sant\u00e9 : prendre un rendez-vous chez le m\u00e9decin, passer un bilan de sant\u00e9, &#8230;&nbsp;<br>Si votre proche le souhaite, un professionnel du SAVS peut \u00eatre pr\u00e9sent lors de ses rendez-vous m\u00e9dicaux.<\/p>\n\n\n\n<div style=\"height:70px\" aria-hidden=\"true\" class=\"wp-block-spacer\"><\/div>\n\n\n\n<h2 class=\"wp-block-heading\">Accompagnement m\u00e9dicalis\u00e9 <br>en FAM MAS<\/h2>\n\n\n\n<p class=\"wp-block-paragraph\">Les \u00e9quipes pluridisciplinaires des Foyers d&#8217;Accueil M\u00e9dicalis\u00e9s et Maisons d&#8217;Accueil m\u00e9dical\u00e9es&nbsp;assurent un suivi m\u00e9dical et&nbsp; des soins m\u00e9dicaux, param\u00e9dicaux et de r\u00e9\u00e9ducation afin de maintenir l&#8217;autonomie de votre proche.<\/p>\n<\/div>\n\n\n\n<div class=\"wp-block-column is-layout-flow wp-block-column-is-layout-flow\" style=\"flex-basis:20%\">\n<figure class=\"wp-block-image bloc_bleu\"><a href=\"https:\/\/www.adapei64.fr\/site\/adapei\/les-etablissements-et-services\/\"><img decoding=\"async\" src=\"http:\/\/www.adapei64.fr\/site\/wp-content\/uploads\/2021\/02\/TrouverESMS.png\" alt=\"Carte vers les \u00e9tablissements et services de l'Adapei des Pyr\u00e9n\u00e9es-Atlantiques\"\/><\/a><figcaption class=\"wp-element-caption\"><a href=\"https:\/\/www.adapei64.fr\/site\/adapei\/les-etablissements-et-services\/\" data-type=\"page\" data-id=\"1013\">Trouver un \u00e9tablissement ou service<\/a><\/figcaption><\/figure>\n<\/div>\n<\/div>\n","protected":false},"excerpt":{"rendered":"<p>L&#8217;acc\u00e8s aux soins des personnes vivant avec un handicap Sign\u00e9e depuis juin 2014 par de nombreux acteurs m\u00e9dico-sociaux li\u00e9s au handicap et par la plupart des r\u00e9gions de France, la&hellip; <a class=\"continue\" href=\"https:\/\/www.adapei64.fr\/site\/proche\/soins\/\">Lire :<span> Soins<\/span><\/a><\/p>\n","protected":false},"author":1,"featured_media":5703,"parent":1597,"menu_order":10,"comment_status":"closed","ping_status":"closed","template":"","meta":{"_crdt_document":"","om_disable_all_campaigns":false,"_uag_custom_page_level_css":"","_monsterinsights_skip_tracking":false,"_monsterinsights_sitenote_active":false,"_monsterinsights_sitenote_note":"","_monsterinsights_sitenote_category":0,"_uf_show_specific_survey":0,"_uf_disable_surveys":false,"_EventAllDay":false,"_EventTimezone":"","_EventStartDate":"","_EventEndDate":"","_EventStartDateUTC":"","_EventEndDateUTC":"","_EventShowMap":false,"_EventShowMapLink":false,"_EventURL":"","_EventCost":"","_EventCostDescription":"","_EventCurrencySymbol":"","_EventCurrencyCode":"","_EventCurrencyPosition":"","_EventDateTimeSeparator":"","_EventTimeRangeSeparator":"","_EventOrganizerID":[],"_EventVenueID":[],"_OrganizerEmail":"","_OrganizerPhone":"","_OrganizerWebsite":"","_VenueAddress":"","_VenueCity":"","_VenueCountry":"","_VenueProvince":"","_VenueState":"","_VenueZip":"","_VenuePhone":"","_VenueURL":"","_VenueStateProvince":"","_VenueLat":"","_VenueLng":"","_VenueShowMap":false,"_VenueShowMapLink":false,"footnotes":""},"class_list":["post-2413","page","type-page","status-publish","has-post-thumbnail","hentry"],"uagb_featured_image_src":{"full":["https:\/\/www.adapei64.fr\/site\/wp-content\/uploads\/2021\/12\/11-Soins.svg",500,500,false],"thumbnail":["https:\/\/www.adapei64.fr\/site\/wp-content\/uploads\/2021\/12\/11-Soins.svg",500,500,false],"medium":["https:\/\/www.adapei64.fr\/site\/wp-content\/uploads\/2021\/12\/11-Soins.svg",500,500,false],"medium_large":["https:\/\/www.adapei64.fr\/site\/wp-content\/uploads\/2021\/12\/11-Soins.svg",500,500,false],"large":["https:\/\/www.adapei64.fr\/site\/wp-content\/uploads\/2021\/12\/11-Soins.svg",500,500,false],"1536x1536":["https:\/\/www.adapei64.fr\/site\/wp-content\/uploads\/2021\/12\/11-Soins.svg",500,500,false],"2048x2048":["https:\/\/www.adapei64.fr\/site\/wp-content\/uploads\/2021\/12\/11-Soins.svg",500,500,false]},"uagb_author_info":{"display_name":"Marie Lafargue","author_link":"https:\/\/www.adapei64.fr\/site\/author\/marie\/"},"uagb_comment_info":0,"uagb_excerpt":"L&#8217;acc\u00e8s aux soins des personnes vivant avec un handicap Sign\u00e9e depuis juin 2014 par de nombreux acteurs m\u00e9dico-sociaux li\u00e9s au handicap et par la plupart des r\u00e9gions de France, la&hellip; Lire : Soins","distributor_meta":false,"distributor_terms":false,"distributor_media":false,"distributor_original_site_name":"Adapei des Pyr\u00e9n\u00e9es-Atlantiques","distributor_original_site_url":"https:\/\/www.adapei64.fr\/site","push-errors":false,"_links":{"self":[{"href":"https:\/\/www.adapei64.fr\/site\/wp-json\/wp\/v2\/pages\/2413","targetHints":{"allow":["GET"]}}],"collection":[{"href":"https:\/\/www.adapei64.fr\/site\/wp-json\/wp\/v2\/pages"}],"about":[{"href":"https:\/\/www.adapei64.fr\/site\/wp-json\/wp\/v2\/types\/page"}],"author":[{"embeddable":true,"href":"https:\/\/www.adapei64.fr\/site\/wp-json\/wp\/v2\/users\/1"}],"replies":[{"embeddable":true,"href":"https:\/\/www.adapei64.fr\/site\/wp-json\/wp\/v2\/comments?post=2413"}],"version-history":[{"count":24,"href":"https:\/\/www.adapei64.fr\/site\/wp-json\/wp\/v2\/pages\/2413\/revisions"}],"predecessor-version":[{"id":15761,"href":"https:\/\/www.adapei64.fr\/site\/wp-json\/wp\/v2\/pages\/2413\/revisions\/15761"}],"up":[{"embeddable":true,"href":"https:\/\/www.adapei64.fr\/site\/wp-json\/wp\/v2\/pages\/1597"}],"wp:featuredmedia":[{"embeddable":true,"href":"https:\/\/www.adapei64.fr\/site\/wp-json\/wp\/v2\/media\/5703"}],"wp:attachment":[{"href":"https:\/\/www.adapei64.fr\/site\/wp-json\/wp\/v2\/media?parent=2413"}],"curies":[{"name":"wp","href":"https:\/\/api.w.org\/{rel}","templated":true}]}}