{"id":2415,"date":"2021-08-15T13:16:54","date_gmt":"2021-07-30T11:16:27","guid":{"rendered":"http:\/\/adapei64.fr\/wp2\/je-un-proche-dune-personne-vivant-avec-un-handicap\/a-partir-de-62-ans\/"},"modified":"2025-07-30T18:13:12","modified_gmt":"2025-07-30T16:13:12","slug":"retraite","status":"publish","type":"page","link":"https:\/\/www.adapei64.fr\/site\/proche\/retraite\/","title":{"rendered":"A l&#8217;\u00e2ge de la retraite"},"content":{"rendered":"\n<div style=\"height:70px\" aria-hidden=\"true\" class=\"wp-block-spacer\"><\/div>\n\n\n\n<div class=\"wp-block-columns is-layout-flex wp-container-core-columns-is-layout-07579d57 wp-block-columns-is-layout-flex\">\n<div class=\"wp-block-column is-layout-flow wp-block-column-is-layout-flow\" style=\"flex-basis:80%\">\n<h2 class=\"wp-block-heading\">La MAPHA<\/h2>\n\n\n\n<p class=\"wp-block-paragraph\">La MAPHA accueille des personnes vieillissantes en situation de handicap. <br>Les \u00e9quipes de la MAPHA assurent l\u2019accompagnement au quotidien, la prise en charge des soins des personnes et proposent des activit\u00e9s adapt\u00e9es \u00e0 chacun. <br>La dur\u00e9e de l\u2019accueil est illimit\u00e9e, g\u00e9n\u00e9ralement les MAPHA accompagnent les personnes jusqu\u2019\u00e0 leur fin de vie.&nbsp;<\/p>\n\n\n\n<p class=\"wp-block-paragraph\">L&#8217;orientation MAPHA est d\u00e9livr\u00e9e par la MDPH.<\/p>\n\n\n\n<div style=\"height:35px\" aria-hidden=\"true\" class=\"wp-block-spacer\"><\/div>\n\n\n\n<h2 class=\"wp-block-heading\">L&#8217;EHPAD<\/h2>\n\n\n\n<p class=\"wp-block-paragraph\">L&#8217;Ehpad h\u00e9berge des personnes \u00e2g\u00e9es \u00e0 temps complet ou partiel, de mani\u00e8re permanente ou temporaire.<\/p>\n\n\n\n<p class=\"wp-block-paragraph\">Il propose des soins m\u00e9dicaux et param\u00e9dicaux adapt\u00e9s, des actions de pr\u00e9vention et d&#8217;\u00e9ducation \u00e0 la sant\u00e9.<\/p>\n\n\n\n<p class=\"wp-block-paragraph\">Un projet d&#8217;accompagnement personnalis\u00e9 est mis en place avec la personne \u00e2g\u00e9e (et avec sa personne de confiance). Il comprend un projet de soins et de vie exprimant les aspirations et choix de la personne \u00e2g\u00e9e \u00e0 court, moyen et long terme.<\/p>\n\n\n\n<p class=\"wp-block-paragraph\"><a href=\"https:\/\/www.service-public.fr\/particuliers\/vosdroits\/F763\" target=\"_blank\" rel=\"noopener\">En savoir plus sur l&#8217;EHPAD<\/a><\/p>\n<\/div>\n\n\n\n<div class=\"wp-block-column is-layout-flow wp-block-column-is-layout-flow\" style=\"flex-basis:20%\">\n<figure class=\"wp-block-image bloc_bleu\"><a href=\"http:\/\/www.adapei64.fr\/site\/adapei\/les-etablissements-et-services\/retraite\/\"><img decoding=\"async\" src=\"http:\/\/www.adapei64.fr\/site\/wp-content\/uploads\/2021\/02\/TrouverESMS.png\" alt=\"Carte vers les \u00e9tablissements et services de l'Adapei des Pyr\u00e9n\u00e9es-Atlantiques\"\/><\/a><figcaption class=\"wp-element-caption\">Trouver un \u00e9tablissement ou service<\/figcaption><\/figure>\n<\/div>\n<\/div>\n\n\n\n<div style=\"height:70px\" aria-hidden=\"true\" class=\"wp-block-spacer\"><\/div>\n\n\n\n<div class=\"wp-block-columns is-layout-flex wp-container-core-columns-is-layout-07579d57 wp-block-columns-is-layout-flex\">\n<div class=\"wp-block-column is-layout-flow wp-block-column-is-layout-flow\" style=\"flex-basis:80%\">\n<h2 class=\"wp-block-heading\">L\u2019allocation personnalis\u00e9e <br>d\u2019autonomie : APA<\/h2>\n\n\n\n<p class=\"wp-block-paragraph\">L\u2019allocation personnalis\u00e9e d\u2019autonomie (APA) est destin\u00e9e aux personnes \u00e2g\u00e9es de 60 ans et plus, en perte d\u2019autonomie, qui ont besoin d&#8217;aide pour accomplir les actes de la vie courante, ou dont l\u2019\u00e9tat de sant\u00e9 n\u00e9cessite une surveillance constante.<\/p>\n\n\n\n<p class=\"wp-block-paragraph\">&nbsp;Il en existe deux formes : l\u2019APA \u00e0 domicile et l\u2019APA en \u00e9tablissement.&nbsp;<\/p>\n\n\n\n<p class=\"wp-block-paragraph\"><b>L\u2019APA \u00e0 domicile<\/b>&nbsp;aide \u00e0 payer, en partie ou en totalit\u00e9, les d\u00e9penses qui permettent \u00e0 votre proche de rester \u00e0 son domicile, malgr\u00e9 sa perte d\u2019autonomie. Ces d\u00e9penses sont inscrites dans un plan d\u2019aide.<\/p>\n\n\n\n<p class=\"wp-block-paragraph\">Elles concernent :<\/p>\n\n\n\n<ul class=\"wp-block-list\">\n<li>des prestations d\u2019aide \u00e0 domicile en emploi direct ou avec un service d\u2019aide \u00e0 domicile ;&nbsp;<\/li>\n\n\n\n<li>du mat\u00e9riel (installation de la t\u00e9l\u00e9assistance, barres d\u2019appui\u2026) ;<\/li>\n\n\n\n<li>des fournitures pour l\u2019hygi\u00e8ne ;<\/li>\n\n\n\n<li>du portage de repas ;<\/li>\n\n\n\n<li>des travaux d\u2019am\u00e9nagement du logement ;<\/li>\n\n\n\n<li>un accueil temporaire, \u00e0 la journ\u00e9e ou avec h\u00e9bergement ;<\/li>\n\n\n\n<li>des d\u00e9penses de transport ;<\/li>\n\n\n\n<li>les services rendus par un accueillant familial.<\/li>\n<\/ul>\n\n\n\n<p class=\"wp-block-paragraph\"><b>L\u2019APA en \u00e9tablissement<\/b>&nbsp;aide \u00e0 payer une partie du tarif d\u00e9pendance de l&#8217;\u00e9tablissement m\u00e9dico-social qui h\u00e9berge votre proche, \u00e9tablissement d\u2019h\u00e9bergement pour personnes \u00e2g\u00e9es d\u00e9pendantes (Ehpad) ou unit\u00e9 de soins de longue dur\u00e9e (USLD) notamment. <br>En Ehpad ou en USLD, les soins sont pris en charge par l\u2019Assurance maladie, les prestations d\u2019h\u00e9bergement sont pay\u00e9es par le r\u00e9sident ou l\u2019aide sociale, l\u2019aide et l\u2019accompagnement li\u00e9s \u00e0 la d\u00e9pendance sont pris en charge en partie par l\u2019APA.<\/p>\n\n\n\n<p class=\"wp-block-paragraph\"><a href=\"https:\/\/www.monparcourshandicap.gouv.fr\/aides\/lallocation-personnalisee-dautonomie-apa\" target=\"_blank\" rel=\"noopener\">En savoir plus sur l&#8217;APA<\/a><\/p>\n<\/div>\n\n\n\n<div class=\"wp-block-column is-layout-flow wp-block-column-is-layout-flow\" style=\"flex-basis:20%\">\n<figure class=\"wp-block-image bloc_gris\"><a href=\"http:\/\/www.adapei64.fr\/site\/proche\/reconnaissance-du-handicap\/\"><img decoding=\"async\" src=\"http:\/\/www.adapei64.fr\/site\/wp-content\/uploads\/2021\/12\/02-Reconnaissance-du-handicap.svg\" alt=\"Une personne handicap\u00e9e poste un document\"\/><\/a><figcaption class=\"wp-element-caption\"><a href=\"https:\/\/www.adapei64.fr\/site\/proche\/reconnaissance-du-handicap\/\" data-type=\"page\" data-id=\"2399\">Reconnaissance du handicap<\/a><\/figcaption><\/figure>\n\n\n\n<figure class=\"wp-block-image bloc_gris\"><a href=\"http:\/\/www.adapei64.fr\/site\/proche\/aides-pour-adultes\/\"><img decoding=\"async\" src=\"http:\/\/www.adapei64.fr\/site\/wp-content\/uploads\/2021\/12\/12-Aides-Adultes.svg\" alt=\"Un femme tient une tirelire\"\/><\/a><figcaption class=\"wp-element-caption\"><a href=\"https:\/\/www.adapei64.fr\/site\/proche\/aides-pour-adultes\/\" data-type=\"page\" data-id=\"6080\">Aides pour adultes<\/a><\/figcaption><\/figure>\n<\/div>\n<\/div>\n\n\n\n<div style=\"height:70px\" aria-hidden=\"true\" class=\"wp-block-spacer\"><\/div>\n\n\n\n<div class=\"wp-block-columns is-layout-flex wp-container-core-columns-is-layout-07579d57 wp-block-columns-is-layout-flex\">\n<div class=\"wp-block-column is-layout-flow wp-block-column-is-layout-flow\" style=\"flex-basis:80%\">\n<h2 class=\"wp-block-heading\">Un avenir apr\u00e8s le travail<\/h2>\n\n\n\n<p class=\"wp-block-paragraph\">\u00ab Un Avenir apr\u00e8s le travail \u00bb est un projet r\u00e9pondant \u00e0 une probl\u00e9matique massive pour la quasi-totalit\u00e9 des ESAT du fait de l\u2019augmentation importante de l\u2019esp\u00e9rance de vie.<\/p>\n\n\n\n<div style=\"height:35px\" aria-hidden=\"true\" class=\"wp-block-spacer\"><\/div>\n\n\n\n<h3 class=\"wp-block-heading\">Le contexte<\/h3>\n\n\n\n<p class=\"wp-block-paragraph\">Aujourd\u2019hui, 40% des travailleurs d\u2019ESAT ont plus de 50 ans, soit pr\u00e8s de 50.000 personnes.<\/p>\n\n\n\n<p class=\"wp-block-paragraph\">Le d\u00e9part en retraite est souvent synonyme de la fin d\u2019un accompagnement professionnel bienveillant. Combin\u00e9 au vieillissement, les retrait\u00e9s sont alors expos\u00e9s \u00e0 des risques accrus de non recours, \u00e0 des changements d\u2019habitat dans l\u2019urgence, de d\u00e9gradation rapide des conditions de sant\u00e9, ce qui engendre des situations d\u2019exclusion et d\u2019isolement social.<\/p>\n\n\n\n<p class=\"wp-block-paragraph\">L\u2019augmentation de l\u2019esp\u00e9rance de vie en bonne sant\u00e9 des travailleurs d\u2019ESAT \u00e9tant encore r\u00e9cente, cette g\u00e9n\u00e9ration, qui est la premi\u00e8re \u00e0 acc\u00e9der en nombre \u00e0 la retraite, nous confronte \u00e0 l\u2019absence de mod\u00e8le de r\u00e9f\u00e9rence en la mati\u00e8re. La question de \u00ab l\u2019apr\u00e8s travail \u00bb est peu trait\u00e9e et fait l\u2019objet d\u2019initiatives \u00e9parses. &nbsp;<\/p>\n\n\n\n<div style=\"height:35px\" aria-hidden=\"true\" class=\"wp-block-spacer\"><\/div>\n\n\n\n<h3 class=\"wp-block-heading\">L\u2019enjeu<\/h3>\n\n\n\n<p class=\"wp-block-paragraph\">\u2192 un accompagnement efficient de la fin d\u2019activit\u00e9 professionnelle puis de la transition vers la retraite, construit et organis\u00e9 avec les Esat, les services d\u2019h\u00e9bergement et d\u2019accompagnement social.<\/p>\n\n\n\n<p class=\"wp-block-paragraph\">\u2192 une coop\u00e9ration avec les acteurs de droit commun du territoire, pour faciliter l\u2019inclusion, les r\u00e9ponses de proximit\u00e9 et la fluidit\u00e9 des parcours.<\/p>\n\n\n\n<p class=\"wp-block-paragraph\">Ce projet s\u2019inscrit dans une dynamique non-marchande et pluri-partenariale.<\/p>\n\n\n\n<p class=\"wp-block-paragraph\">Il s\u2019appuie sur les r\u00e9ponses existantes b\u00e9n\u00e9ficiant aux personnes \u00e2g\u00e9es, et tend \u00e0 les rendre plus accessibles pour les personnes en situation de handicap.<\/p>\n<\/div>\n\n\n\n<div class=\"wp-block-column is-layout-flow wp-block-column-is-layout-flow\" style=\"flex-basis:20%\">\n<figure class=\"wp-block-image bloc_vert\"><a href=\"https:\/\/avenir-esat.org\/\" target=\"_blank\" rel=\"noopener\"><img decoding=\"async\" src=\"http:\/\/www.adapei64.fr\/site\/wp-content\/uploads\/2022\/02\/logo-Avenir_Travail-web.png\" alt=\"Un avenir apr\u00e8s le travail\"\/><\/a><figcaption class=\"wp-element-caption\">Un avenir<br>apr\u00e8s le travail<\/figcaption><\/figure>\n<\/div>\n<\/div>\n","protected":false},"excerpt":{"rendered":"<p>La MAPHA La MAPHA accueille des personnes vieillissantes en situation de handicap. Les \u00e9quipes de la MAPHA assurent l\u2019accompagnement au quotidien, la prise en charge des soins des personnes et&hellip; <a class=\"continue\" href=\"https:\/\/www.adapei64.fr\/site\/proche\/retraite\/\">Lire :<span> A l&#8217;\u00e2ge de la retraite<\/span><\/a><\/p>\n","protected":false},"author":1,"featured_media":5718,"parent":1597,"menu_order":14,"comment_status":"closed","ping_status":"closed","template":"","meta":{"_crdt_document":"","om_disable_all_campaigns":false,"_uag_custom_page_level_css":"","_monsterinsights_skip_tracking":false,"_monsterinsights_sitenote_active":false,"_monsterinsights_sitenote_note":"","_monsterinsights_sitenote_category":0,"_uf_show_specific_survey":0,"_uf_disable_surveys":false,"_EventAllDay":false,"_EventTimezone":"","_EventStartDate":"","_EventEndDate":"","_EventStartDateUTC":"","_EventEndDateUTC":"","_EventShowMap":false,"_EventShowMapLink":false,"_EventURL":"","_EventCost":"","_EventCostDescription":"","_EventCurrencySymbol":"","_EventCurrencyCode":"","_EventCurrencyPosition":"","_EventDateTimeSeparator":"","_EventTimeRangeSeparator":"","_EventOrganizerID":[],"_EventVenueID":[],"_OrganizerEmail":"","_OrganizerPhone":"","_OrganizerWebsite":"","_VenueAddress":"","_VenueCity":"","_VenueCountry":"","_VenueProvince":"","_VenueState":"","_VenueZip":"","_VenuePhone":"","_VenueURL":"","_VenueStateProvince":"","_VenueLat":"","_VenueLng":"","_VenueShowMap":false,"_VenueShowMapLink":false,"footnotes":""},"class_list":["post-2415","page","type-page","status-publish","has-post-thumbnail","hentry"],"uagb_featured_image_src":{"full":["https:\/\/www.adapei64.fr\/site\/wp-content\/uploads\/2021\/12\/13-Retraite.svg",711,500,false],"thumbnail":["https:\/\/www.adapei64.fr\/site\/wp-content\/uploads\/2021\/12\/13-Retraite.svg",711,500,false],"medium":["https:\/\/www.adapei64.fr\/site\/wp-content\/uploads\/2021\/12\/13-Retraite.svg",711,500,false],"medium_large":["https:\/\/www.adapei64.fr\/site\/wp-content\/uploads\/2021\/12\/13-Retraite.svg",711,500,false],"large":["https:\/\/www.adapei64.fr\/site\/wp-content\/uploads\/2021\/12\/13-Retraite.svg",711,500,false],"1536x1536":["https:\/\/www.adapei64.fr\/site\/wp-content\/uploads\/2021\/12\/13-Retraite.svg",711,500,false],"2048x2048":["https:\/\/www.adapei64.fr\/site\/wp-content\/uploads\/2021\/12\/13-Retraite.svg",711,500,false]},"uagb_author_info":{"display_name":"Marie Lafargue","author_link":"https:\/\/www.adapei64.fr\/site\/author\/marie\/"},"uagb_comment_info":0,"uagb_excerpt":"La MAPHA La MAPHA accueille des personnes vieillissantes en situation de handicap. Les \u00e9quipes de la MAPHA assurent l\u2019accompagnement au quotidien, la prise en charge des soins des personnes et&hellip; Lire : A l&#8217;\u00e2ge de la retraite","distributor_meta":false,"distributor_terms":false,"distributor_media":false,"distributor_original_site_name":"Adapei des Pyr\u00e9n\u00e9es-Atlantiques","distributor_original_site_url":"https:\/\/www.adapei64.fr\/site","push-errors":false,"_links":{"self":[{"href":"https:\/\/www.adapei64.fr\/site\/wp-json\/wp\/v2\/pages\/2415","targetHints":{"allow":["GET"]}}],"collection":[{"href":"https:\/\/www.adapei64.fr\/site\/wp-json\/wp\/v2\/pages"}],"about":[{"href":"https:\/\/www.adapei64.fr\/site\/wp-json\/wp\/v2\/types\/page"}],"author":[{"embeddable":true,"href":"https:\/\/www.adapei64.fr\/site\/wp-json\/wp\/v2\/users\/1"}],"replies":[{"embeddable":true,"href":"https:\/\/www.adapei64.fr\/site\/wp-json\/wp\/v2\/comments?post=2415"}],"version-history":[{"count":26,"href":"https:\/\/www.adapei64.fr\/site\/wp-json\/wp\/v2\/pages\/2415\/revisions"}],"predecessor-version":[{"id":18042,"href":"https:\/\/www.adapei64.fr\/site\/wp-json\/wp\/v2\/pages\/2415\/revisions\/18042"}],"up":[{"embeddable":true,"href":"https:\/\/www.adapei64.fr\/site\/wp-json\/wp\/v2\/pages\/1597"}],"wp:featuredmedia":[{"embeddable":true,"href":"https:\/\/www.adapei64.fr\/site\/wp-json\/wp\/v2\/media\/5718"}],"wp:attachment":[{"href":"https:\/\/www.adapei64.fr\/site\/wp-json\/wp\/v2\/media?parent=2415"}],"curies":[{"name":"wp","href":"https:\/\/api.w.org\/{rel}","templated":true}]}}