{"id":2470,"date":"2021-07-30T17:17:39","date_gmt":"2021-07-30T15:17:39","guid":{"rendered":"http:\/\/adapei64.fr\/wp2\/je-represente-une-entreprise-ou-une-collectivite\/travailler-avec-les-esat\/seminaire-et-restauration\/"},"modified":"2024-08-06T10:58:56","modified_gmt":"2024-08-06T08:58:56","slug":"seminaire-et-restauration","status":"publish","type":"page","link":"https:\/\/www.adapei64.fr\/site\/entreprise-2\/travailler-avec-les-esat\/seminaire-et-restauration\/","title":{"rendered":"S\u00e9minaire et restauration"},"content":{"rendered":"\n<div style=\"height:70px\" aria-hidden=\"true\" class=\"wp-block-spacer\"><\/div>\n\n\n\n<div class=\"wp-block-columns is-layout-flex wp-container-core-columns-is-layout-07579d57 wp-block-columns-is-layout-flex\">\n<div class=\"wp-block-column is-layout-flow wp-block-column-is-layout-flow\" style=\"flex-basis:80%\">\n<h2 class=\"wp-block-heading\">Location de salles de s\u00e9minaire<\/h2>\n\n\n\n<div class=\"wp-block-media-text is-stacked-on-mobile\" style=\"grid-template-columns:25% auto\"><figure class=\"wp-block-media-text__media\"><a href=\"https:\/\/www.adapei64.fr\/site\/wp-content\/uploads\/2023\/04\/Adapei64-ESAT-StPee-Seminaire.pdf\" target=\"_blank\" rel=\"noreferrer noopener\"><img loading=\"lazy\" decoding=\"async\" width=\"641\" height=\"908\" src=\"http:\/\/www.adapei64.fr\/site\/wp-content\/uploads\/2023\/04\/Seminaires.jpg\" alt=\"S\u00e9minaire St P\u00e9e\" class=\"wp-image-11906 size-full\"\/><\/a><\/figure><div class=\"wp-block-media-text__content\">\n<p class=\"wp-block-paragraph\">Sur Oloron, des salles vous accueillent pour vos r\u00e9unions, s\u00e9minaires, actions de formation, avec acc\u00e8s internet et vid\u00e9o-projection.<br>Un service restauration est propos\u00e9 sur place.<\/p>\n<\/div><\/div>\n\n\n\n<ul class=\"wp-block-list\">\n<li>ESAT St P\u00e9e<br>4 impasse Michel Cazaux &#8211; 64400 Oloron Ste Marie<br>T\u00e9l. : 05 59 39 80 68<\/li>\n<\/ul>\n\n\n\n<div style=\"height:70px\" aria-hidden=\"true\" class=\"wp-block-spacer\"><\/div>\n\n\n\n<h2 class=\"wp-block-heading\">Restauration<\/h2>\n\n\n\n<p class=\"wp-block-paragraph\">L\u2019ESAT du Hameau vous accueille tout au long de l\u2019ann\u00e9e pour vos d\u00e9jeuners.<\/p>\n\n\n\n<div style=\"height:35px\" aria-hidden=\"true\" class=\"wp-block-spacer\"><\/div>\n\n\n\n<h3 class=\"wp-block-heading\">sur place\u2026<\/h3>\n\n\n\n<p class=\"wp-block-paragraph\">Les cuisiniers proposent chaque jour des menus diff\u00e9rents pr\u00e9par\u00e9s avec des produits frais et locaux souvent bio, en principe cultiv\u00e9s par d\u2019autres ESAT.<\/p>\n\n\n\n<p class=\"wp-block-paragraph\"><strong>Restaurant ouvert du lundi au vendredi de 11h \u00e0 14h.<\/strong><\/p>\n\n\n\n<div style=\"height:35px\" aria-hidden=\"true\" class=\"wp-block-spacer\"><\/div>\n\n\n\n<h3 class=\"wp-block-heading\">ou \u00e0 emporter\u2026<\/h3>\n\n\n\n<p class=\"wp-block-paragraph\">Pour vos envies \u00e0 emporter, le Cabanon vous propose sandwichs, salades, garbure locale de l\u2019ESAT Bellevue et plat du jour maison.<\/p>\n\n\n\n<p class=\"wp-block-paragraph\">Vous pouvez <strong>commander par t\u00e9l\u00e9phone au restaurant du Hameau<\/strong><br><strong>au 05 59 80 74 45<\/strong><br><strong>ou directement sur place de 11h30 \u00e0 14h00<\/strong><\/p>\n\n\n\n<p class=\"wp-block-paragraph\">Tous nos produits sont locaux et nos plats faits maison.<\/p>\n\n\n\n<ul class=\"wp-block-list\">\n<li>ESAT Le Hameau<br>27 avenue Larribau &#8211; 64000 Pau<br>T\u00e9l. : 05 59 80 74 45<\/li>\n<\/ul>\n<\/div>\n\n\n\n<div class=\"wp-block-column is-layout-flow wp-block-column-is-layout-flow\" style=\"flex-basis:20%\">\n<div class=\"wp-block-group alignwide liste_activites_esat is-vertical is-layout-flex wp-container-core-group-is-layout-2c90304e wp-block-group-is-layout-flex\">\n<h3 class=\"wp-block-heading\">Les activit\u00e9s de nos ESAT<\/h3>\n\n\n\n<div data-wp-context=\"{}\" data-wp-interactive=\"core\/query\" data-wp-key=\"78\" data-wp-router-region=\"query-78\" class=\"wp-block-query alignwide is-layout-flow wp-block-query-is-layout-flow\"><ul class=\"wp-block-post-template is-layout-flow wp-container-core-post-template-is-layout-20a7ff0c wp-block-post-template-is-layout-flow\"><li data-wp-key=\"post-template-item-2462\" class=\"wp-block-post post-2462 page type-page status-publish has-post-thumbnail hentry\">\n<h4 style=\"font-size:1.5rem;line-height:1.1;\" class=\"wp-block-post-title\"><a href=\"https:\/\/www.adapei64.fr\/site\/entreprise-2\/travailler-avec-les-esat\/espaces-verts\/\" target=\"_self\" >Espaces verts<\/a><\/h4>\n<\/li><li data-wp-key=\"post-template-item-2464\" class=\"wp-block-post post-2464 page type-page status-publish has-post-thumbnail hentry\">\n<h4 style=\"font-size:1.5rem;line-height:1.1;\" class=\"wp-block-post-title\"><a href=\"https:\/\/www.adapei64.fr\/site\/entreprise-2\/travailler-avec-les-esat\/proprete\/\" target=\"_self\" >Propret\u00e9<\/a><\/h4>\n<\/li><li data-wp-key=\"post-template-item-2466\" class=\"wp-block-post post-2466 page type-page status-publish has-post-thumbnail hentry\">\n<h4 style=\"font-size:1.5rem;line-height:1.1;\" class=\"wp-block-post-title\"><a href=\"https:\/\/www.adapei64.fr\/site\/entreprise-2\/travailler-avec-les-esat\/sous-traitance-industrielle-et-travail-a-facon\/\" target=\"_self\" >Sous-traitance industrielle et travail \u00e0 fa\u00e7on<\/a><\/h4>\n<\/li><li data-wp-key=\"post-template-item-2468\" class=\"wp-block-post post-2468 page type-page status-publish has-post-thumbnail hentry\">\n<h4 style=\"font-size:1.5rem;line-height:1.1;\" class=\"wp-block-post-title\"><a href=\"https:\/\/www.adapei64.fr\/site\/entreprise-2\/travailler-avec-les-esat\/frisure-et-conditionnement\/\" target=\"_self\" >Frisure et conditionnement<\/a><\/h4>\n<\/li><li data-wp-key=\"post-template-item-2470\" class=\"wp-block-post post-2470 page type-page status-publish has-post-thumbnail hentry\">\n<h4 style=\"font-size:1.5rem;line-height:1.1;\" class=\"wp-block-post-title\"><a href=\"https:\/\/www.adapei64.fr\/site\/entreprise-2\/travailler-avec-les-esat\/seminaire-et-restauration\/\" target=\"_self\" >S\u00e9minaire et restauration<\/a><\/h4>\n<\/li><li data-wp-key=\"post-template-item-2472\" class=\"wp-block-post post-2472 page type-page status-publish has-post-thumbnail hentry\">\n<h4 style=\"font-size:1.5rem;line-height:1.1;\" class=\"wp-block-post-title\"><a href=\"https:\/\/www.adapei64.fr\/site\/entreprise-2\/travailler-avec-les-esat\/batiment\/\" target=\"_self\" >B\u00e2timent et menuiserie<\/a><\/h4>\n<\/li><li data-wp-key=\"post-template-item-2474\" class=\"wp-block-post post-2474 page type-page status-publish has-post-thumbnail hentry\">\n<h4 style=\"font-size:1.5rem;line-height:1.1;\" class=\"wp-block-post-title\"><a href=\"https:\/\/www.adapei64.fr\/site\/entreprise-2\/travailler-avec-les-esat\/imprimerie-et-couverture-de-livres\/\" target=\"_self\" >Imprimerie et couverture de livres<\/a><\/h4>\n<\/li><li data-wp-key=\"post-template-item-9146\" class=\"wp-block-post post-9146 page type-page status-publish has-post-thumbnail hentry\">\n<h4 style=\"font-size:1.5rem;line-height:1.1;\" class=\"wp-block-post-title\"><a href=\"https:\/\/www.adapei64.fr\/site\/entreprise-2\/travailler-avec-les-esat\/agro-alimentaire\/\" target=\"_self\" >Agro-alimentaire<\/a><\/h4>\n<\/li><\/ul>\n\n\n<div style=\"height:var(--wp--preset--spacing--30)\" aria-hidden=\"true\" class=\"wp-block-spacer\"><\/div>\n<\/div>\n<\/div>\n<\/div>\n<\/div>\n","protected":false},"excerpt":{"rendered":"<p>Location de salles de s\u00e9minaire Sur Oloron, des salles vous accueillent pour vos r\u00e9unions, s\u00e9minaires, actions de formation, avec acc\u00e8s internet et vid\u00e9o-projection.Un service restauration est propos\u00e9 sur place. Restauration&hellip; <a class=\"continue\" href=\"https:\/\/www.adapei64.fr\/site\/entreprise-2\/travailler-avec-les-esat\/agro-alimentaire\/\">Lire :<span> Agro-alimentaire<\/span><\/a><\/p>\n","protected":false},"author":1,"featured_media":3136,"parent":2389,"menu_order":5,"comment_status":"closed","ping_status":"closed","template":"","meta":{"_crdt_document":"","om_disable_all_campaigns":false,"_uag_custom_page_level_css":"","_monsterinsights_skip_tracking":false,"_monsterinsights_sitenote_active":false,"_monsterinsights_sitenote_note":"","_monsterinsights_sitenote_category":0,"_uf_show_specific_survey":0,"_uf_disable_surveys":false,"_EventAllDay":false,"_EventTimezone":"","_EventStartDate":"","_EventEndDate":"","_EventStartDateUTC":"","_EventEndDateUTC":"","_EventShowMap":false,"_EventShowMapLink":false,"_EventURL":"","_EventCost":"","_EventCostDescription":"","_EventCurrencySymbol":"","_EventCurrencyCode":"","_EventCurrencyPosition":"","_EventDateTimeSeparator":"","_EventTimeRangeSeparator":"","_EventOrganizerID":[],"_EventVenueID":[],"_OrganizerEmail":"","_OrganizerPhone":"","_OrganizerWebsite":"","_VenueAddress":"","_VenueCity":"","_VenueCountry":"","_VenueProvince":"","_VenueState":"","_VenueZip":"","_VenuePhone":"","_VenueURL":"","_VenueStateProvince":"","_VenueLat":"","_VenueLng":"","_VenueShowMap":false,"_VenueShowMapLink":false,"footnotes":""},"class_list":["post-2470","page","type-page","status-publish","has-post-thumbnail","hentry"],"uagb_featured_image_src":{"full":["https:\/\/www.adapei64.fr\/site\/wp-content\/uploads\/2021\/08\/seminaire.jpg",1200,800,false],"thumbnail":["https:\/\/www.adapei64.fr\/site\/wp-content\/uploads\/2021\/08\/seminaire-600x600.jpg",600,600,true],"medium":["https:\/\/www.adapei64.fr\/site\/wp-content\/uploads\/2021\/08\/seminaire-1000x667.jpg",1000,667,true],"medium_large":["https:\/\/www.adapei64.fr\/site\/wp-content\/uploads\/2021\/08\/seminaire-768x512.jpg",768,512,true],"large":["https:\/\/www.adapei64.fr\/site\/wp-content\/uploads\/2021\/08\/seminaire.jpg",1200,800,false],"1536x1536":["https:\/\/www.adapei64.fr\/site\/wp-content\/uploads\/2021\/08\/seminaire.jpg",1200,800,false],"2048x2048":["https:\/\/www.adapei64.fr\/site\/wp-content\/uploads\/2021\/08\/seminaire.jpg",1200,800,false]},"uagb_author_info":{"display_name":"Marie Lafargue","author_link":"https:\/\/www.adapei64.fr\/site\/author\/marie\/"},"uagb_comment_info":0,"uagb_excerpt":"Location de salles de s\u00e9minaire Sur Oloron, des salles vous accueillent pour vos r\u00e9unions, s\u00e9minaires, actions de formation, avec acc\u00e8s internet et vid\u00e9o-projection.Un service restauration est propos\u00e9 sur place. Restauration&hellip; Lire : Agro-alimentaire","distributor_meta":false,"distributor_terms":false,"distributor_media":false,"distributor_original_site_name":"Adapei des Pyr\u00e9n\u00e9es-Atlantiques","distributor_original_site_url":"https:\/\/www.adapei64.fr\/site","push-errors":false,"_links":{"self":[{"href":"https:\/\/www.adapei64.fr\/site\/wp-json\/wp\/v2\/pages\/2470","targetHints":{"allow":["GET"]}}],"collection":[{"href":"https:\/\/www.adapei64.fr\/site\/wp-json\/wp\/v2\/pages"}],"about":[{"href":"https:\/\/www.adapei64.fr\/site\/wp-json\/wp\/v2\/types\/page"}],"author":[{"embeddable":true,"href":"https:\/\/www.adapei64.fr\/site\/wp-json\/wp\/v2\/users\/1"}],"replies":[{"embeddable":true,"href":"https:\/\/www.adapei64.fr\/site\/wp-json\/wp\/v2\/comments?post=2470"}],"version-history":[{"count":25,"href":"https:\/\/www.adapei64.fr\/site\/wp-json\/wp\/v2\/pages\/2470\/revisions"}],"predecessor-version":[{"id":15549,"href":"https:\/\/www.adapei64.fr\/site\/wp-json\/wp\/v2\/pages\/2470\/revisions\/15549"}],"up":[{"embeddable":true,"href":"https:\/\/www.adapei64.fr\/site\/wp-json\/wp\/v2\/pages\/2389"}],"wp:featuredmedia":[{"embeddable":true,"href":"https:\/\/www.adapei64.fr\/site\/wp-json\/wp\/v2\/media\/3136"}],"wp:attachment":[{"href":"https:\/\/www.adapei64.fr\/site\/wp-json\/wp\/v2\/media?parent=2470"}],"curies":[{"name":"wp","href":"https:\/\/api.w.org\/{rel}","templated":true}]}}