{"id":2472,"date":"2021-07-30T17:17:39","date_gmt":"2021-07-30T15:17:39","guid":{"rendered":"http:\/\/adapei64.fr\/wp2\/je-represente-une-entreprise-ou-une-collectivite\/travailler-avec-les-esat\/batiment\/"},"modified":"2025-04-07T16:52:35","modified_gmt":"2025-04-07T14:52:35","slug":"batiment","status":"publish","type":"page","link":"https:\/\/www.adapei64.fr\/site\/entreprise-2\/travailler-avec-les-esat\/batiment\/","title":{"rendered":"B\u00e2timent et menuiserie"},"content":{"rendered":"\n<div style=\"height:70px\" aria-hidden=\"true\" class=\"wp-block-spacer\"><\/div>\n\n\n\n<div class=\"wp-block-columns is-layout-flex wp-container-core-columns-is-layout-07579d57 wp-block-columns-is-layout-flex\">\n<div class=\"wp-block-column is-layout-flow wp-block-column-is-layout-flow\" style=\"flex-basis:80%\">\n<p class=\"wp-block-paragraph\">Les ateliers du b\u00e2timent disposent de moyens mat\u00e9riels et humains permettant de s&#8217;adapter \u00e0 tous types de chantier de second \u0153uvre.<\/p>\n\n\n\n<div style=\"height:70px\" aria-hidden=\"true\" class=\"wp-block-spacer\"><\/div>\n\n\n\n<h2 class=\"wp-block-heading\">Peinture en b\u00e2timent<\/h2>\n\n\n\n<div class=\"wp-block-media-text is-stacked-on-mobile\" style=\"grid-template-columns:25% auto\"><figure class=\"wp-block-media-text__media\"><img loading=\"lazy\" decoding=\"async\" width=\"1500\" height=\"1000\" src=\"http:\/\/www.adapei64.fr\/site\/wp-content\/uploads\/2021\/08\/2017-Peinture-1-BD.jpg\" alt=\"Des ouvriers repeignent un portail\" class=\"wp-image-3159 size-full\" srcset=\"https:\/\/www.adapei64.fr\/site\/wp-content\/uploads\/2021\/08\/2017-Peinture-1-BD.jpg 1500w, https:\/\/www.adapei64.fr\/site\/wp-content\/uploads\/2021\/08\/2017-Peinture-1-BD-1000x667.jpg 1000w, https:\/\/www.adapei64.fr\/site\/wp-content\/uploads\/2021\/08\/2017-Peinture-1-BD-768x512.jpg 768w\" sizes=\"auto, (max-width: 1500px) 100vw, 1500px\" \/><\/figure><div class=\"wp-block-media-text__content\">\n<ul class=\"wp-block-list\">\n<li>Traitement des fa\u00e7ades et travaux ext\u00e9rieurs de peinture,<\/li>\n\n\n\n<li>Peinture int\u00e9rieure<\/li>\n\n\n\n<li>Rev\u00eatements sols et murs,<\/li>\n\n\n\n<li>Pose de faux plafonds et de cloisons d&#8217;isolation,<\/li>\n\n\n\n<li>Pose de parquets flottants, &#8230;<\/li>\n<\/ul>\n<\/div><\/div>\n\n\n\n<h3 class=\"wp-block-heading\">Une \u00e9quipe pr\u00e8s de chez vous :<\/h3>\n\n\n\n<ul class=\"wp-block-list\">\n<li>ESAT Alpha<br>19 avenue Beau Soleil &#8211; 64320 Idron&nbsp;<br>T\u00e9l. : 05 59 02 52 82<\/li>\n<\/ul>\n\n\n\n<div style=\"height:70px\" aria-hidden=\"true\" class=\"wp-block-spacer\"><\/div>\n\n\n\n<h2 class=\"wp-block-heading\">Menuiserie<\/h2>\n\n\n\n<div class=\"wp-block-media-text is-stacked-on-mobile\" style=\"grid-template-columns:25% auto\"><figure class=\"wp-block-media-text__media\"><img loading=\"lazy\" decoding=\"async\" width=\"1500\" height=\"946\" src=\"http:\/\/www.adapei64.fr\/site\/wp-content\/uploads\/2021\/08\/IMG_0669-BD.jpg\" alt=\"des ouvriers de l'atelier menuiserie en plein travail\" class=\"wp-image-2737 size-full\" srcset=\"https:\/\/www.adapei64.fr\/site\/wp-content\/uploads\/2021\/08\/IMG_0669-BD.jpg 1500w, https:\/\/www.adapei64.fr\/site\/wp-content\/uploads\/2021\/08\/IMG_0669-BD-1000x631.jpg 1000w, https:\/\/www.adapei64.fr\/site\/wp-content\/uploads\/2021\/08\/IMG_0669-BD-768x484.jpg 768w\" sizes=\"auto, (max-width: 1500px) 100vw, 1500px\" \/><\/figure><div class=\"wp-block-media-text__content\">\n<p class=\"wp-block-paragraph\">Depuis plus de 30 ans, nos ESAT fournissent en mobilier professionnel les entreprises, les associations et les collectivit\u00e9s fran\u00e7aises.<\/p>\n<\/div><\/div>\n\n\n\n<h3 class=\"wp-block-heading\">Qualit\u00e9 et fabrication fran\u00e7aise<\/h3>\n\n\n\n<p class=\"wp-block-paragraph\">Qu&#8217;il s&#8217;agisse de bois brut ou de m\u00e9lamin\u00e9, nous fabriquons nos meubles avec un souci constant de recherche de qualit\u00e9.<br>Nous travaillons avec des fournisseurs locaux pour privil\u00e9gier les circuits d&#8217;approvisionnement courts et valoriser le savoir-faire fran\u00e7ais.<\/p>\n\n\n\n<h3 class=\"wp-block-heading\">Respect de l&#8217;environnement<\/h3>\n\n\n\n<p class=\"wp-block-paragraph\">Le bois que nous achetons est issu de for\u00eats g\u00e9r\u00e9es durablement et provient de ressources locales.<br>Tous les fournisseurs qui nous approvisionnent en pin des Landes d\u00e9tiennent un \u00e9colabel PEFC (Programme de Reconnaissance des Certifications Foresti\u00e8res).<\/p>\n\n\n\n<h3 class=\"wp-block-heading\">Service client<\/h3>\n\n\n\n<ul class=\"wp-block-list\">\n<li>Assistance conseil et suivi personnalis\u00e9 de vos projets,<\/li>\n\n\n\n<li>Conception innovante de vos produits sur mesure,<\/li>\n\n\n\n<li>Tarifs comp\u00e9titifs et respect des d\u00e9lais de livraison gr\u00e2ce \u00e0 nos outils industriels modernes.<\/li>\n<\/ul>\n\n\n\n<h3 class=\"wp-block-heading\">Trouvez une \u00e9quipe pr\u00e8s de chez vous :<\/h3>\n\n\n\n<ul class=\"wp-block-list\">\n<li><strong>ESAT Alpha<\/strong><br>19 avenue Beau Soleil &#8211; 64320 Idron<br>T\u00e9l. : 05 59 02 52 82<\/li>\n\n\n\n<li><strong>ESAT Colo-Coustau<\/strong><br>Rue Maurice Coustau &#8211; 64230 Lescar<br>T\u00e9l. : 05 59 81 03 64<\/li>\n\n\n\n<li><strong>ESAT Le Hameau<br><\/strong>27 avenue Larribau &#8211; 64000 Pau<br>T\u00e9l. : 05 59 80 19 33<\/li>\n<\/ul>\n<\/div>\n\n\n\n<div class=\"wp-block-column is-layout-flow wp-block-column-is-layout-flow\" style=\"flex-basis:20%\">\n<div class=\"wp-block-group alignwide liste_activites_esat is-vertical is-layout-flex wp-container-core-group-is-layout-2c90304e wp-block-group-is-layout-flex\">\n<h3 class=\"wp-block-heading\">Les activit\u00e9s de nos ESAT<\/h3>\n\n\n\n<div data-wp-context=\"{}\" data-wp-interactive=\"core\/query\" data-wp-key=\"78\" data-wp-router-region=\"query-78\" class=\"wp-block-query alignwide is-layout-flow wp-block-query-is-layout-flow\"><ul class=\"wp-block-post-template is-layout-flow wp-container-core-post-template-is-layout-20a7ff0c wp-block-post-template-is-layout-flow\"><li data-wp-key=\"post-template-item-2462\" class=\"wp-block-post post-2462 page type-page status-publish has-post-thumbnail hentry\">\n<h4 style=\"font-size:1.5rem;line-height:1.1;\" class=\"wp-block-post-title\"><a href=\"https:\/\/www.adapei64.fr\/site\/entreprise-2\/travailler-avec-les-esat\/espaces-verts\/\" target=\"_self\" >Espaces verts<\/a><\/h4>\n<\/li><li data-wp-key=\"post-template-item-2464\" class=\"wp-block-post post-2464 page type-page status-publish has-post-thumbnail hentry\">\n<h4 style=\"font-size:1.5rem;line-height:1.1;\" class=\"wp-block-post-title\"><a href=\"https:\/\/www.adapei64.fr\/site\/entreprise-2\/travailler-avec-les-esat\/proprete\/\" target=\"_self\" >Propret\u00e9<\/a><\/h4>\n<\/li><li data-wp-key=\"post-template-item-2466\" class=\"wp-block-post post-2466 page type-page status-publish has-post-thumbnail hentry\">\n<h4 style=\"font-size:1.5rem;line-height:1.1;\" class=\"wp-block-post-title\"><a href=\"https:\/\/www.adapei64.fr\/site\/entreprise-2\/travailler-avec-les-esat\/sous-traitance-industrielle-et-travail-a-facon\/\" target=\"_self\" >Sous-traitance industrielle et travail \u00e0 fa\u00e7on<\/a><\/h4>\n<\/li><li data-wp-key=\"post-template-item-2468\" class=\"wp-block-post post-2468 page type-page status-publish has-post-thumbnail hentry\">\n<h4 style=\"font-size:1.5rem;line-height:1.1;\" class=\"wp-block-post-title\"><a href=\"https:\/\/www.adapei64.fr\/site\/entreprise-2\/travailler-avec-les-esat\/frisure-et-conditionnement\/\" target=\"_self\" >Frisure et conditionnement<\/a><\/h4>\n<\/li><li data-wp-key=\"post-template-item-2470\" class=\"wp-block-post post-2470 page type-page status-publish has-post-thumbnail hentry\">\n<h4 style=\"font-size:1.5rem;line-height:1.1;\" class=\"wp-block-post-title\"><a href=\"https:\/\/www.adapei64.fr\/site\/entreprise-2\/travailler-avec-les-esat\/seminaire-et-restauration\/\" target=\"_self\" >S\u00e9minaire et restauration<\/a><\/h4>\n<\/li><li data-wp-key=\"post-template-item-2472\" class=\"wp-block-post post-2472 page type-page status-publish has-post-thumbnail hentry\">\n<h4 style=\"font-size:1.5rem;line-height:1.1;\" class=\"wp-block-post-title\"><a href=\"https:\/\/www.adapei64.fr\/site\/entreprise-2\/travailler-avec-les-esat\/batiment\/\" target=\"_self\" >B\u00e2timent et menuiserie<\/a><\/h4>\n<\/li><li data-wp-key=\"post-template-item-2474\" class=\"wp-block-post post-2474 page type-page status-publish has-post-thumbnail hentry\">\n<h4 style=\"font-size:1.5rem;line-height:1.1;\" class=\"wp-block-post-title\"><a href=\"https:\/\/www.adapei64.fr\/site\/entreprise-2\/travailler-avec-les-esat\/imprimerie-et-couverture-de-livres\/\" target=\"_self\" >Imprimerie et couverture de livres<\/a><\/h4>\n<\/li><li data-wp-key=\"post-template-item-9146\" class=\"wp-block-post post-9146 page type-page status-publish has-post-thumbnail hentry\">\n<h4 style=\"font-size:1.5rem;line-height:1.1;\" class=\"wp-block-post-title\"><a href=\"https:\/\/www.adapei64.fr\/site\/entreprise-2\/travailler-avec-les-esat\/agro-alimentaire\/\" target=\"_self\" >Agro-alimentaire<\/a><\/h4>\n<\/li><\/ul>\n\n\n<div style=\"height:var(--wp--preset--spacing--30)\" aria-hidden=\"true\" class=\"wp-block-spacer\"><\/div>\n<\/div>\n<\/div>\n<\/div>\n<\/div>\n","protected":false},"excerpt":{"rendered":"<p>Les ateliers du b\u00e2timent disposent de moyens mat\u00e9riels et humains permettant de s&#8217;adapter \u00e0 tous types de chantier de second \u0153uvre. Peinture en b\u00e2timent Une \u00e9quipe pr\u00e8s de chez vous&hellip; <a class=\"continue\" href=\"https:\/\/www.adapei64.fr\/site\/entreprise-2\/travailler-avec-les-esat\/agro-alimentaire\/\">Lire :<span> Agro-alimentaire<\/span><\/a><\/p>\n","protected":false},"author":1,"featured_media":2348,"parent":2389,"menu_order":4,"comment_status":"closed","ping_status":"closed","template":"","meta":{"_crdt_document":"","om_disable_all_campaigns":false,"_uag_custom_page_level_css":"","_monsterinsights_skip_tracking":false,"_monsterinsights_sitenote_active":false,"_monsterinsights_sitenote_note":"","_monsterinsights_sitenote_category":0,"_uf_show_specific_survey":0,"_uf_disable_surveys":false,"_EventAllDay":false,"_EventTimezone":"","_EventStartDate":"","_EventEndDate":"","_EventStartDateUTC":"","_EventEndDateUTC":"","_EventShowMap":false,"_EventShowMapLink":false,"_EventURL":"","_EventCost":"","_EventCostDescription":"","_EventCurrencySymbol":"","_EventCurrencyCode":"","_EventCurrencyPosition":"","_EventDateTimeSeparator":"","_EventTimeRangeSeparator":"","_EventOrganizerID":[],"_EventVenueID":[],"_OrganizerEmail":"","_OrganizerPhone":"","_OrganizerWebsite":"","_VenueAddress":"","_VenueCity":"","_VenueCountry":"","_VenueProvince":"","_VenueState":"","_VenueZip":"","_VenuePhone":"","_VenueURL":"","_VenueStateProvince":"","_VenueLat":"","_VenueLng":"","_VenueShowMap":false,"_VenueShowMapLink":false,"footnotes":""},"class_list":["post-2472","page","type-page","status-publish","has-post-thumbnail","hentry"],"uagb_featured_image_src":{"full":["https:\/\/www.adapei64.fr\/site\/wp-content\/uploads\/2021\/07\/DSC_0271-BD.jpg",1500,1004,false],"thumbnail":["https:\/\/www.adapei64.fr\/site\/wp-content\/uploads\/2021\/07\/DSC_0271-BD-600x600.jpg",600,600,true],"medium":["https:\/\/www.adapei64.fr\/site\/wp-content\/uploads\/2021\/07\/DSC_0271-BD-1000x669.jpg",1000,669,true],"medium_large":["https:\/\/www.adapei64.fr\/site\/wp-content\/uploads\/2021\/07\/DSC_0271-BD-768x514.jpg",768,514,true],"large":["https:\/\/www.adapei64.fr\/site\/wp-content\/uploads\/2021\/07\/DSC_0271-BD.jpg",1500,1004,false],"1536x1536":["https:\/\/www.adapei64.fr\/site\/wp-content\/uploads\/2021\/07\/DSC_0271-BD.jpg",1500,1004,false],"2048x2048":["https:\/\/www.adapei64.fr\/site\/wp-content\/uploads\/2021\/07\/DSC_0271-BD.jpg",1500,1004,false]},"uagb_author_info":{"display_name":"Marie Lafargue","author_link":"https:\/\/www.adapei64.fr\/site\/author\/marie\/"},"uagb_comment_info":0,"uagb_excerpt":"Les ateliers du b\u00e2timent disposent de moyens mat\u00e9riels et humains permettant de s&#8217;adapter \u00e0 tous types de chantier de second \u0153uvre. Peinture en b\u00e2timent Une \u00e9quipe pr\u00e8s de chez vous&hellip; Lire : Agro-alimentaire","distributor_meta":false,"distributor_terms":false,"distributor_media":false,"distributor_original_site_name":"Adapei des Pyr\u00e9n\u00e9es-Atlantiques","distributor_original_site_url":"https:\/\/www.adapei64.fr\/site","push-errors":false,"_links":{"self":[{"href":"https:\/\/www.adapei64.fr\/site\/wp-json\/wp\/v2\/pages\/2472","targetHints":{"allow":["GET"]}}],"collection":[{"href":"https:\/\/www.adapei64.fr\/site\/wp-json\/wp\/v2\/pages"}],"about":[{"href":"https:\/\/www.adapei64.fr\/site\/wp-json\/wp\/v2\/types\/page"}],"author":[{"embeddable":true,"href":"https:\/\/www.adapei64.fr\/site\/wp-json\/wp\/v2\/users\/1"}],"replies":[{"embeddable":true,"href":"https:\/\/www.adapei64.fr\/site\/wp-json\/wp\/v2\/comments?post=2472"}],"version-history":[{"count":3,"href":"https:\/\/www.adapei64.fr\/site\/wp-json\/wp\/v2\/pages\/2472\/revisions"}],"predecessor-version":[{"id":17384,"href":"https:\/\/www.adapei64.fr\/site\/wp-json\/wp\/v2\/pages\/2472\/revisions\/17384"}],"up":[{"embeddable":true,"href":"https:\/\/www.adapei64.fr\/site\/wp-json\/wp\/v2\/pages\/2389"}],"wp:featuredmedia":[{"embeddable":true,"href":"https:\/\/www.adapei64.fr\/site\/wp-json\/wp\/v2\/media\/2348"}],"wp:attachment":[{"href":"https:\/\/www.adapei64.fr\/site\/wp-json\/wp\/v2\/media?parent=2472"}],"curies":[{"name":"wp","href":"https:\/\/api.w.org\/{rel}","templated":true}]}}