{"id":2552,"date":"2021-08-01T16:53:36","date_gmt":"2021-08-01T14:53:36","guid":{"rendered":"http:\/\/adapei64.fr\/wp2\/je-suis-un-adulte-vivant-avec-un-handicap\/jai-besoin-daide-pour-mes-demarches-administratives\/je-veux-faire-reconnaitre-mon-handicap\/"},"modified":"2024-08-06T18:48:55","modified_gmt":"2024-08-06T16:48:55","slug":"je-veux-faire-reconnaitre-mon-handicap","status":"publish","type":"page","link":"https:\/\/www.adapei64.fr\/site\/situation-de-handicap\/je-veux-faire-reconnaitre-mon-handicap\/","title":{"rendered":"Je veux faire reconna\u00eetre mon handicap"},"content":{"rendered":"\n<div style=\"height:70px\" aria-hidden=\"true\" class=\"wp-block-spacer\"><\/div>\n\n\n\n<div class=\"wp-block-columns is-layout-flex wp-container-core-columns-is-layout-09a27842 wp-block-columns-is-layout-flex\" style=\"margin-top:0;margin-bottom:0\">\n<div class=\"wp-block-column is-layout-flow wp-block-column-is-layout-flow\" style=\"flex-basis:80%\">\n<p class=\"wp-block-paragraph\"><br><br>Pour faire reconnaitre mon handicap,<br>je m&#8217;adresse \u00e0 la <strong>Maison D\u00e9partementale des Personnes Handicap\u00e9es<\/strong>.<br>On dit aussi <strong>MDPH<\/strong>.<\/p>\n<\/div>\n\n\n\n<div class=\"wp-block-column is-layout-flow wp-block-column-is-layout-flow\" style=\"flex-basis:20%\">\n<figure class=\"wp-block-image bloc_gris\"><img decoding=\"async\" src=\"http:\/\/www.adapei64.fr\/site\/wp-content\/uploads\/2021\/09\/mdph.jpg\" alt=\"Logo de la MDPH\"\/><\/figure>\n<\/div>\n<\/div>\n\n\n\n<div style=\"height:70px\" aria-hidden=\"true\" class=\"wp-block-spacer\"><\/div>\n\n\n\n<div class=\"wp-block-columns is-layout-flex wp-container-core-columns-is-layout-07579d57 wp-block-columns-is-layout-flex\">\n<div class=\"wp-block-column is-layout-flow wp-block-column-is-layout-flow\" style=\"flex-basis:80%\">\n<h2 class=\"wp-block-heading\">La MDPH des Pyr\u00e9n\u00e9es-Atlantiques<\/h2>\n\n\n\n<p class=\"wp-block-paragraph\">Je peux aller \u00e0 la MDPH des Pyr\u00e9n\u00e9es-Atlantiques,<\/p>\n\n\n\n<h3 class=\"wp-block-heading\">\u00e0 Pau&nbsp;:<\/h3>\n\n\n\n<p class=\"wp-block-paragraph\">Rue Pierre Bonnard Cit\u00e9 administrative<br>64000 Pau<br>T\u00e9l\u00e9phone : 05 59 27 50 50<br>Fax : 05 59 27 50 51<\/p>\n\n\n\n<h3 class=\"wp-block-heading\">\u00e0 Anglet&nbsp;:<\/h3>\n\n\n\n<p class=\"wp-block-paragraph\">2 avenue Belle-Marion<br>64600 Anglet<br>T\u00e9l\u00e9phone : 05 59 27 50 50<br>Fax : 05 59 59 30 84<\/p>\n\n\n\n<h3 class=\"wp-block-heading\">Sur Internet :<\/h3>\n\n\n\n<p class=\"wp-block-paragraph\">Je peux aller sur le&nbsp;site internet :&nbsp;<a href=\"http:\/\/www.mdph64.fr\/\" target=\"_blank\" rel=\"noopener\">http:\/\/www.mdph64.fr\/<\/a><\/p>\n<\/div>\n\n\n\n<div class=\"wp-block-column is-layout-flow wp-block-column-is-layout-flow\" style=\"flex-basis:20%\">\n<figure class=\"wp-block-image bloc_gris\"><a href=\"https:\/\/www.cnsa.fr\/documentation\/cnsa_17-11_fiches-facilealire_mdph_tout-savoir.pdf\" target=\"_blank\" rel=\"noopener\"><img decoding=\"async\" src=\"http:\/\/www.adapei64.fr\/site\/wp-content\/uploads\/2021\/08\/mdph.jpg\" alt=\"Fiche pratique FALC &quot;Tout savoir sur la MDPH\"\/><\/a><figcaption class=\"wp-element-caption\">Voir la fiche &#8220;Tout savoir sur la MDPH&#8221;<\/figcaption><\/figure>\n<\/div>\n<\/div>\n\n\n\n<div style=\"height:70px\" aria-hidden=\"true\" class=\"wp-block-spacer\"><\/div>\n\n\n\n<div class=\"wp-block-columns is-layout-flex wp-container-core-columns-is-layout-07579d57 wp-block-columns-is-layout-flex\">\n<div class=\"wp-block-column is-layout-flow wp-block-column-is-layout-flow\" style=\"flex-basis:80%\">\n<h2 class=\"wp-block-heading\">Je fais une demande \u00e0 la MDPH<\/h2>\n\n\n\n<p class=\"wp-block-paragraph\">Pour faire une demande \u00e0 la MDPH<br>je dois :<\/p>\n\n\n\n<ul class=\"wp-block-list\">\n<li>remplir un dossier de demande<\/li>\n\n\n\n<li>demander \u00e0 mon m\u00e9decin de remplir un certificat m\u00e9dical<\/li>\n\n\n\n<li>et donner des documents en plus.<\/li>\n<\/ul>\n\n\n\n<p class=\"wp-block-paragraph\">Il y a un certificat m\u00e9dical fourni par la MDPH.<br>Mon m\u00e9decin doit remplir le certificat m\u00e9dical fourni par la MDPH.<\/p>\n\n\n\n<p class=\"wp-block-paragraph\">Je peux demander le dossier<br>et le certificat m\u00e9dical \u00e0 la MDPH.<\/p>\n\n\n\n<p class=\"wp-block-paragraph\">Je peux aussi remplir le dossier sur le site internet :&nbsp;<a href=\"https:\/\/mdphenligne.cnsa.fr\/mdph\/64\" target=\"_blank\" rel=\"noopener\">https:\/\/mdphenligne.cnsa.fr\/mdph\/64<\/a><\/p>\n<\/div>\n\n\n\n<div class=\"wp-block-column is-layout-flow wp-block-column-is-layout-flow\" style=\"flex-basis:20%\">\n<figure class=\"wp-block-image bloc_gris\"><a href=\"https:\/\/www.cnsa.fr\/documentation\/cnsa_17-11_fiches-facilealire_mdph_comment-faire-demande.pdf\" target=\"_blank\" rel=\"noopener\"><img decoding=\"async\" src=\"http:\/\/www.adapei64.fr\/site\/wp-content\/uploads\/2021\/08\/demarche-mdph.jpg\" alt=\"Fiche pratique FALC &quot;Comment faire une demande \u00e0 la MDPH&quot;\"\/><\/a><figcaption class=\"wp-element-caption\">Voir la fiche &#8220;Comment faire une demande \u00e0 la MDPH&#8221;<\/figcaption><\/figure>\n<\/div>\n<\/div>\n\n\n\n<div style=\"height:70px\" aria-hidden=\"true\" class=\"wp-block-spacer\"><\/div>\n\n\n\n<div class=\"wp-block-columns is-layout-flex wp-container-core-columns-is-layout-07579d57 wp-block-columns-is-layout-flex\">\n<div class=\"wp-block-column is-layout-flow wp-block-column-is-layout-flow\" style=\"flex-basis:80%\">\n<h2 class=\"wp-block-heading\">La MDPH regarde mon dossier<\/h2>\n\n\n\n<p class=\"wp-block-paragraph\">Les professionnels de la MDPH vont regarder <br>tous les documents dans mon dossier.<\/p>\n\n\n\n<p class=\"wp-block-paragraph\">Avec toutes ces informations,<br>les professionnels vont essayer de cherchent les aides<br>utiles pour moi.<\/p>\n\n\n\n<p class=\"wp-block-paragraph\">Parfois les professionnels de la MDPH<br>n\u2019ont pas besoin de me rencontrer.<\/p>\n\n\n\n<p class=\"wp-block-paragraph\">Les documents dans mon dossier suffisent.<\/p>\n\n\n\n<p class=\"wp-block-paragraph\">Parfois les professionnels ont besoin de discuter avec moi.<\/p>\n\n\n\n<p class=\"wp-block-paragraph\">Pour discuter avec moi<br>les professionnels peuvent :<\/p>\n\n\n\n<ul class=\"wp-block-list\">\n<li>me t\u00e9l\u00e9phoner<\/li>\n\n\n\n<li>me demander de venir les rencontrer \u00e0 la MDPH<\/li>\n\n\n\n<li>venir chez moi.<\/li>\n<\/ul>\n<\/div>\n\n\n\n<div class=\"wp-block-column is-layout-flow wp-block-column-is-layout-flow\" style=\"flex-basis:20%\">\n<figure class=\"wp-block-image bloc_gris\"><a href=\"https:\/\/www.cnsa.fr\/documentation\/cnsa_17-11_fiches-facilealire_mdph_etude-demande.pdf\" target=\"_blank\" rel=\"noopener\"><img decoding=\"async\" src=\"http:\/\/www.adapei64.fr\/site\/wp-content\/uploads\/2021\/08\/etude-demande-mdph.jpg\" alt=\"Fiche pratique FALC &quot;Comment la MDPH \u00e9tudie votre demande ?&quot;\"\/><\/a><figcaption class=\"wp-element-caption\">Voir la fiche &#8220;Comment la MDPH \u00e9tudie votre demande ?&#8221;<\/figcaption><\/figure>\n<\/div>\n<\/div>\n\n\n\n<div style=\"height:70px\" aria-hidden=\"true\" class=\"wp-block-spacer\"><\/div>\n\n\n\n<div class=\"wp-block-columns is-layout-flex wp-container-core-columns-is-layout-07579d57 wp-block-columns-is-layout-flex\">\n<div class=\"wp-block-column is-layout-flow wp-block-column-is-layout-flow\" style=\"flex-basis:80%\">\n<h2 class=\"wp-block-heading\">La notification de la MDPH<\/h2>\n\n\n\n<p class=\"wp-block-paragraph\">La notification est un courrier o\u00f9 est \u00e9crit<br>les aides que je peux avoir ou pas.<\/p>\n\n\n\n<p class=\"wp-block-paragraph\">Une fois que j&#8217;ai re\u00e7u ma notification<br>j&#8217;ai officiellement le droit d\u2019avoir l\u2019aide qui est \u00e9crite sur le courrier.<\/p>\n\n\n\n<p class=\"wp-block-paragraph\">Ma notification est un papier important.<br>Je dois garder ma notification et bien la ranger.<\/p>\n<\/div>\n\n\n\n<div class=\"wp-block-column is-layout-flow wp-block-column-is-layout-flow\" style=\"flex-basis:20%\">\n<figure class=\"wp-block-image bloc_gris\"><a href=\"https:\/\/www.cnsa.fr\/documentation\/cnsa_17-11_fiches-facilealire_mdph_courrier-notification.pdf\" target=\"_blank\" rel=\"noopener\"><img decoding=\"async\" src=\"http:\/\/www.adapei64.fr\/site\/wp-content\/uploads\/2021\/08\/notif-mdph.jpg\" alt=\"\"\/><\/a><figcaption class=\"wp-element-caption\">Voir la fiche &#8220;Le courrier de notification de la MDPH&#8221;<\/figcaption><\/figure>\n<\/div>\n<\/div>\n","protected":false},"excerpt":{"rendered":"<p>Pour faire reconnaitre mon handicap,je m&#8217;adresse \u00e0 la Maison D\u00e9partementale des Personnes Handicap\u00e9es.On dit aussi MDPH. La MDPH des Pyr\u00e9n\u00e9es-Atlantiques Je peux aller \u00e0 la MDPH des Pyr\u00e9n\u00e9es-Atlantiques, \u00e0 Pau&nbsp;:&hellip; <a class=\"continue\" href=\"https:\/\/www.adapei64.fr\/site\/situation-de-handicap\/je-veux-faire-reconnaitre-mon-handicap\/\">Lire :<span> Je veux faire reconna\u00eetre mon handicap<\/span><\/a><\/p>\n","protected":false},"author":1,"featured_media":4620,"parent":1595,"menu_order":0,"comment_status":"closed","ping_status":"closed","template":"","meta":{"_crdt_document":"","om_disable_all_campaigns":false,"_uag_custom_page_level_css":"","_monsterinsights_skip_tracking":false,"_monsterinsights_sitenote_active":false,"_monsterinsights_sitenote_note":"","_monsterinsights_sitenote_category":0,"_uf_show_specific_survey":0,"_uf_disable_surveys":false,"_EventAllDay":false,"_EventTimezone":"","_EventStartDate":"","_EventEndDate":"","_EventStartDateUTC":"","_EventEndDateUTC":"","_EventShowMap":false,"_EventShowMapLink":false,"_EventURL":"","_EventCost":"","_EventCostDescription":"","_EventCurrencySymbol":"","_EventCurrencyCode":"","_EventCurrencyPosition":"","_EventDateTimeSeparator":"","_EventTimeRangeSeparator":"","_EventOrganizerID":[],"_EventVenueID":[],"_OrganizerEmail":"","_OrganizerPhone":"","_OrganizerWebsite":"","_VenueAddress":"","_VenueCity":"","_VenueCountry":"","_VenueProvince":"","_VenueState":"","_VenueZip":"","_VenuePhone":"","_VenueURL":"","_VenueStateProvince":"","_VenueLat":"","_VenueLng":"","_VenueShowMap":false,"_VenueShowMapLink":false,"footnotes":""},"class_list":["post-2552","page","type-page","status-publish","has-post-thumbnail","hentry"],"uagb_featured_image_src":{"full":["https:\/\/www.adapei64.fr\/site\/wp-content\/uploads\/2021\/08\/Handicap.jpg",700,700,false],"thumbnail":["https:\/\/www.adapei64.fr\/site\/wp-content\/uploads\/2021\/08\/Handicap-600x600.jpg",600,600,true],"medium":["https:\/\/www.adapei64.fr\/site\/wp-content\/uploads\/2021\/08\/Handicap.jpg",700,700,false],"medium_large":["https:\/\/www.adapei64.fr\/site\/wp-content\/uploads\/2021\/08\/Handicap.jpg",700,700,false],"large":["https:\/\/www.adapei64.fr\/site\/wp-content\/uploads\/2021\/08\/Handicap.jpg",700,700,false],"1536x1536":["https:\/\/www.adapei64.fr\/site\/wp-content\/uploads\/2021\/08\/Handicap.jpg",700,700,false],"2048x2048":["https:\/\/www.adapei64.fr\/site\/wp-content\/uploads\/2021\/08\/Handicap.jpg",700,700,false]},"uagb_author_info":{"display_name":"Marie Lafargue","author_link":"https:\/\/www.adapei64.fr\/site\/author\/marie\/"},"uagb_comment_info":0,"uagb_excerpt":"Pour faire reconnaitre mon handicap,je m&#8217;adresse \u00e0 la Maison D\u00e9partementale des Personnes Handicap\u00e9es.On dit aussi MDPH. La MDPH des Pyr\u00e9n\u00e9es-Atlantiques Je peux aller \u00e0 la MDPH des Pyr\u00e9n\u00e9es-Atlantiques, \u00e0 Pau&nbsp;:&hellip; Lire : Je veux faire reconna\u00eetre mon handicap","distributor_meta":false,"distributor_terms":false,"distributor_media":false,"distributor_original_site_name":"Adapei des Pyr\u00e9n\u00e9es-Atlantiques","distributor_original_site_url":"https:\/\/www.adapei64.fr\/site","push-errors":false,"_links":{"self":[{"href":"https:\/\/www.adapei64.fr\/site\/wp-json\/wp\/v2\/pages\/2552","targetHints":{"allow":["GET"]}}],"collection":[{"href":"https:\/\/www.adapei64.fr\/site\/wp-json\/wp\/v2\/pages"}],"about":[{"href":"https:\/\/www.adapei64.fr\/site\/wp-json\/wp\/v2\/types\/page"}],"author":[{"embeddable":true,"href":"https:\/\/www.adapei64.fr\/site\/wp-json\/wp\/v2\/users\/1"}],"replies":[{"embeddable":true,"href":"https:\/\/www.adapei64.fr\/site\/wp-json\/wp\/v2\/comments?post=2552"}],"version-history":[{"count":36,"href":"https:\/\/www.adapei64.fr\/site\/wp-json\/wp\/v2\/pages\/2552\/revisions"}],"predecessor-version":[{"id":15731,"href":"https:\/\/www.adapei64.fr\/site\/wp-json\/wp\/v2\/pages\/2552\/revisions\/15731"}],"up":[{"embeddable":true,"href":"https:\/\/www.adapei64.fr\/site\/wp-json\/wp\/v2\/pages\/1595"}],"wp:featuredmedia":[{"embeddable":true,"href":"https:\/\/www.adapei64.fr\/site\/wp-json\/wp\/v2\/media\/4620"}],"wp:attachment":[{"href":"https:\/\/www.adapei64.fr\/site\/wp-json\/wp\/v2\/media?parent=2552"}],"curies":[{"name":"wp","href":"https:\/\/api.w.org\/{rel}","templated":true}]}}