{"id":2558,"date":"2021-08-07T16:55:57","date_gmt":"2021-08-07T14:55:57","guid":{"rendered":"http:\/\/adapei64.fr\/wp2\/je-suis-un-adulte-vivant-avec-un-handicap\/jai-besoin-dun-accompagnement-a-la-vie-sociale-ou-dans-mes-loisirs\/"},"modified":"2024-08-06T18:57:48","modified_gmt":"2024-08-06T16:57:48","slug":"jai-besoin-dun-accompagnement-a-la-vie-sociale-ou-dans-mes-loisirs","status":"publish","type":"page","link":"https:\/\/www.adapei64.fr\/site\/situation-de-handicap\/jai-besoin-dun-accompagnement-a-la-vie-sociale-ou-dans-mes-loisirs\/","title":{"rendered":"J&#8217;ai besoin d&#8217;un accompagnement \u00e0 la vie sociale ou dans mes loisirs"},"content":{"rendered":"\n<div style=\"height:70px\" aria-hidden=\"true\" class=\"wp-block-spacer\"><\/div>\n\n\n\n<div class=\"wp-block-columns is-layout-flex wp-container-core-columns-is-layout-07579d57 wp-block-columns-is-layout-flex\">\n<div class=\"wp-block-column is-layout-flow wp-block-column-is-layout-flow\" style=\"flex-basis:80%\">\n<h2 class=\"wp-block-heading\">Le SESIPS<\/h2>\n\n\n\n<p class=\"wp-block-paragraph\">Le <a href=\"http:\/\/www.adapei64.fr\/site\/adapei\/les-etablissements-et-services\/enfance-scolarisation\/sesips-ime-sessad-itep\/\">SESIPS<\/a>, <br>c&#8217;est le Service d\u2019Education Sp\u00e9cialis\u00e9 pour l\u2019Insertion Professionnelle et Sociale.<\/p>\n\n\n\n<p class=\"wp-block-paragraph\">Le <a href=\"http:\/\/www.adapei64.fr\/site\/adapei\/les-etablissements-et-services\/enfance-scolarisation\/sesips-ime-sessad-itep\/\">SESIPS<\/a> accompagne les jeunes de 14 \u00e0 20 ans.<\/p>\n\n\n\n<p class=\"wp-block-paragraph\">Si j&#8217;ai moins de 20 ans,<br>le <a href=\"http:\/\/www.adapei64.fr\/site\/adapei\/les-etablissements-et-services\/enfance-scolarisation\/sesips-ime-sessad-itep\/\">SESIPS<\/a> peut m&#8217;aider pour :&nbsp;<\/p>\n\n\n\n<ul class=\"wp-block-list\">\n<li>faire un bilan de ma situation,<\/li>\n\n\n\n<li>r\u00e9fl\u00e9chir \u00e0 mon projet de vie,<\/li>\n\n\n\n<li>m\u2019entrainer \u00e0 prendre des d\u00e9cisions,<\/li>\n\n\n\n<li>avoir un logement autonome,<\/li>\n\n\n\n<li>pr\u00e9parer le permis de conduire.<\/li>\n<\/ul>\n\n\n\n<div style=\"height:70px\" aria-hidden=\"true\" class=\"wp-block-spacer\"><\/div>\n\n\n\n<h2 class=\"wp-block-heading\">Le Service d&#8217;accompagnement <br>\u00e0 la vie sociale : SAVS<\/h2>\n\n\n\n<p class=\"wp-block-paragraph\">Le SAVS est un service d\u2019aide<br>pour les personnes qui vivent en appartement<br>ou chez leurs parents.<\/p>\n\n\n\n<p class=\"wp-block-paragraph\">Le SAVS peut m&#8217;aider pour :<\/p>\n\n\n\n<ul class=\"wp-block-list\">\n<li>faire mes courses,<\/li>\n\n\n\n<li>ranger mon appartement,<\/li>\n\n\n\n<li>trier mes papiers,<\/li>\n\n\n\n<li>prendre mes rendez-vous m\u00e9dicaux\u2026<\/li>\n<\/ul>\n<\/div>\n\n\n\n<div class=\"wp-block-column is-layout-flow wp-block-column-is-layout-flow\" style=\"flex-basis:20%\">\n<figure class=\"wp-block-image bloc_bleu\"><a href=\"https:\/\/www.adapei64.fr\/site\/adapei\/les-etablissements-et-services\/\"><img decoding=\"async\" src=\"http:\/\/www.adapei64.fr\/site\/wp-content\/uploads\/2021\/02\/TrouverESMS.png\" alt=\"Carte vers les \u00e9tablissements et services de l'Adapei des Pyr\u00e9n\u00e9es-Atlantiques\"\/><\/a><figcaption class=\"wp-element-caption\"><a href=\"https:\/\/www.adapei64.fr\/site\/adapei\/les-etablissements-et-services\/\" data-type=\"page\" data-id=\"1013\">Trouver un \u00e9tablissement ou service<\/a><\/figcaption><\/figure>\n\n\n\n<figure class=\"wp-block-image bloc_gris\"><a href=\"https:\/\/www.cnsa.fr\/documentation\/cnsa_18-01_fiches-facilealire_orientation_1_etre_accompagne.pdf\" target=\"_blank\" rel=\"noopener\"><img decoding=\"async\" src=\"http:\/\/www.adapei64.fr\/site\/wp-content\/uploads\/2021\/12\/capture_accompagne_par_service.jpg\" alt=\"Fiche FALC &quot;Etre accompagn\u00e9 par un service pour les personnes handicap\u00e9es\"\/><\/a><figcaption class=\"wp-element-caption\">Etre accompagn\u00e9e par un service pour les personnes handicap\u00e9es<\/figcaption><\/figure>\n<\/div>\n<\/div>\n","protected":false},"excerpt":{"rendered":"<p>Le SESIPS Le SESIPS, c&#8217;est le Service d\u2019Education Sp\u00e9cialis\u00e9 pour l\u2019Insertion Professionnelle et Sociale. Le SESIPS accompagne les jeunes de 14 \u00e0 20 ans. Si j&#8217;ai moins de 20 ans,le&hellip; <a class=\"continue\" href=\"https:\/\/www.adapei64.fr\/site\/situation-de-handicap\/jai-besoin-dun-accompagnement-a-la-vie-sociale-ou-dans-mes-loisirs\/\">Lire :<span> J&#8217;ai besoin d&#8217;un accompagnement \u00e0 la vie sociale ou dans mes loisirs<\/span><\/a><\/p>\n","protected":false},"author":1,"featured_media":5415,"parent":1595,"menu_order":6,"comment_status":"closed","ping_status":"closed","template":"","meta":{"_crdt_document":"","om_disable_all_campaigns":false,"_uag_custom_page_level_css":"","_monsterinsights_skip_tracking":false,"_monsterinsights_sitenote_active":false,"_monsterinsights_sitenote_note":"","_monsterinsights_sitenote_category":0,"_uf_show_specific_survey":0,"_uf_disable_surveys":false,"_EventAllDay":false,"_EventTimezone":"","_EventStartDate":"","_EventEndDate":"","_EventStartDateUTC":"","_EventEndDateUTC":"","_EventShowMap":false,"_EventShowMapLink":false,"_EventURL":"","_EventCost":"","_EventCostDescription":"","_EventCurrencySymbol":"","_EventCurrencyCode":"","_EventCurrencyPosition":"","_EventDateTimeSeparator":"","_EventTimeRangeSeparator":"","_EventOrganizerID":[],"_EventVenueID":[],"_OrganizerEmail":"","_OrganizerPhone":"","_OrganizerWebsite":"","_VenueAddress":"","_VenueCity":"","_VenueCountry":"","_VenueProvince":"","_VenueState":"","_VenueZip":"","_VenuePhone":"","_VenueURL":"","_VenueStateProvince":"","_VenueLat":"","_VenueLng":"","_VenueShowMap":false,"_VenueShowMapLink":false,"footnotes":""},"class_list":["post-2558","page","type-page","status-publish","has-post-thumbnail","hentry"],"uagb_featured_image_src":{"full":["https:\/\/www.adapei64.fr\/site\/wp-content\/uploads\/2021\/12\/Aide.jpg",700,700,false],"thumbnail":["https:\/\/www.adapei64.fr\/site\/wp-content\/uploads\/2021\/12\/Aide-600x600.jpg",600,600,true],"medium":["https:\/\/www.adapei64.fr\/site\/wp-content\/uploads\/2021\/12\/Aide.jpg",700,700,false],"medium_large":["https:\/\/www.adapei64.fr\/site\/wp-content\/uploads\/2021\/12\/Aide.jpg",700,700,false],"large":["https:\/\/www.adapei64.fr\/site\/wp-content\/uploads\/2021\/12\/Aide.jpg",700,700,false],"1536x1536":["https:\/\/www.adapei64.fr\/site\/wp-content\/uploads\/2021\/12\/Aide.jpg",700,700,false],"2048x2048":["https:\/\/www.adapei64.fr\/site\/wp-content\/uploads\/2021\/12\/Aide.jpg",700,700,false]},"uagb_author_info":{"display_name":"Marie Lafargue","author_link":"https:\/\/www.adapei64.fr\/site\/author\/marie\/"},"uagb_comment_info":0,"uagb_excerpt":"Le SESIPS Le SESIPS, c&#8217;est le Service d\u2019Education Sp\u00e9cialis\u00e9 pour l\u2019Insertion Professionnelle et Sociale. Le SESIPS accompagne les jeunes de 14 \u00e0 20 ans. Si j&#8217;ai moins de 20 ans,le&hellip; Lire : J&#8217;ai besoin d&#8217;un accompagnement \u00e0 la vie sociale ou dans mes loisirs","distributor_meta":false,"distributor_terms":false,"distributor_media":false,"distributor_original_site_name":"Adapei des Pyr\u00e9n\u00e9es-Atlantiques","distributor_original_site_url":"https:\/\/www.adapei64.fr\/site","push-errors":false,"_links":{"self":[{"href":"https:\/\/www.adapei64.fr\/site\/wp-json\/wp\/v2\/pages\/2558","targetHints":{"allow":["GET"]}}],"collection":[{"href":"https:\/\/www.adapei64.fr\/site\/wp-json\/wp\/v2\/pages"}],"about":[{"href":"https:\/\/www.adapei64.fr\/site\/wp-json\/wp\/v2\/types\/page"}],"author":[{"embeddable":true,"href":"https:\/\/www.adapei64.fr\/site\/wp-json\/wp\/v2\/users\/1"}],"replies":[{"embeddable":true,"href":"https:\/\/www.adapei64.fr\/site\/wp-json\/wp\/v2\/comments?post=2558"}],"version-history":[{"count":20,"href":"https:\/\/www.adapei64.fr\/site\/wp-json\/wp\/v2\/pages\/2558\/revisions"}],"predecessor-version":[{"id":15741,"href":"https:\/\/www.adapei64.fr\/site\/wp-json\/wp\/v2\/pages\/2558\/revisions\/15741"}],"up":[{"embeddable":true,"href":"https:\/\/www.adapei64.fr\/site\/wp-json\/wp\/v2\/pages\/1595"}],"wp:featuredmedia":[{"embeddable":true,"href":"https:\/\/www.adapei64.fr\/site\/wp-json\/wp\/v2\/media\/5415"}],"wp:attachment":[{"href":"https:\/\/www.adapei64.fr\/site\/wp-json\/wp\/v2\/media?parent=2558"}],"curies":[{"name":"wp","href":"https:\/\/api.w.org\/{rel}","templated":true}]}}