{"id":2560,"date":"2021-08-08T16:56:28","date_gmt":"2021-08-08T14:56:28","guid":{"rendered":"http:\/\/adapei64.fr\/wp2\/je-suis-un-adulte-vivant-avec-un-handicap\/jai-besoin-daide-pour-ma-retraite\/"},"modified":"2025-07-30T17:55:02","modified_gmt":"2025-07-30T15:55:02","slug":"jai-besoin-daide-pour-ma-retraite","status":"publish","type":"page","link":"https:\/\/www.adapei64.fr\/site\/situation-de-handicap\/jai-besoin-daide-pour-ma-retraite\/","title":{"rendered":"J&#8217;ai besoin d&#8217;aide pour ma retraite"},"content":{"rendered":"\n<div style=\"height:70px\" aria-hidden=\"true\" class=\"wp-block-spacer\"><\/div>\n\n\n\n<div class=\"wp-block-columns is-layout-flex wp-container-core-columns-is-layout-07579d57 wp-block-columns-is-layout-flex\">\n<div class=\"wp-block-column is-layout-flow wp-block-column-is-layout-flow\" style=\"flex-basis:80%\">\n<h2 class=\"wp-block-heading\">La retraite chez moi<\/h2>\n\n\n\n<p class=\"wp-block-paragraph\">Si j&#8217;habite dans mon appartement ou ma maison,<br>ou chez mes parents,<br>je peux me faire accompagner par le <a href=\"https:\/\/www.adapei64.fr\/site\/adapei\/les-etablissements-et-services\/vie-sociale-habitat\/savs-sifa\/\">SAVS <\/a>pour ma vie quotidienne.<\/p>\n\n\n\n<p class=\"wp-block-paragraph\">Le <a href=\"https:\/\/www.adapei64.fr\/site\/adapei\/les-etablissements-et-services\/vie-sociale-habitat\/savs-sifa\/\">SAVS<\/a>, c&#8217;est le\u00a0Service d\u2019accompagnement\u00a0\u00e0 la vie sociale.<\/p>\n\n\n\n<p class=\"wp-block-paragraph\">Le <a href=\"https:\/\/www.adapei64.fr\/site\/adapei\/les-etablissements-et-services\/vie-sociale-habitat\/savs-sifa\/\">SAVS <\/a>peut m\u2019aider pour :<\/p>\n\n\n\n<ul class=\"wp-block-list\">\n<li>faire mes courses,<\/li>\n\n\n\n<li>ranger mon appartement,<\/li>\n\n\n\n<li>trier mes papiers,<\/li>\n\n\n\n<li>prendre mes rendez-vous m\u00e9dicaux\u2026<\/li>\n<\/ul>\n<\/div>\n\n\n\n<div class=\"wp-block-column is-layout-flow wp-block-column-is-layout-flow\" style=\"flex-basis:20%\">\n<figure class=\"wp-block-image bloc_bleu\"><a href=\"http:\/\/www.adapei64.fr\/site\/adapei\/les-etablissements-et-services\/vie-sociale-habitat\/\"><img decoding=\"async\" src=\"http:\/\/adapei64.fr\/site\/wp-content\/uploads\/2021\/02\/TrouverESMS.png\" alt=\"Carte des \u00e9tablissements\" title=\"\"\/><\/a><figcaption class=\"wp-element-caption\">Trouver un SAVS<\/figcaption><\/figure>\n<\/div>\n<\/div>\n\n\n\n<div style=\"height:70px\" aria-hidden=\"true\" class=\"wp-block-spacer\"><\/div>\n\n\n\n<div class=\"wp-block-columns is-layout-flex wp-container-core-columns-is-layout-07579d57 wp-block-columns-is-layout-flex\">\n<div class=\"wp-block-column is-layout-flow wp-block-column-is-layout-flow\" style=\"flex-basis:80%\">\n<h2 class=\"wp-block-heading\">La MAPHA<\/h2>\n\n\n\n<p class=\"wp-block-paragraph\">Une MAPHA,<br>c&#8217;est une Maison d&#8217;Accueil pour Personnes Handicap\u00e9es Ag\u00e9es.<\/p>\n\n\n\n<p class=\"wp-block-paragraph\">La MAPHA est un lieu de vie<br>pour les travailleurs d&#8217;ESAT \u00e0 la retraite.<\/p>\n\n\n\n<p class=\"wp-block-paragraph\">En MAPHA,<\/p>\n\n\n\n<ul class=\"wp-block-list\">\n<li>Je peux habiter&nbsp;dans un logement collectif :\n<ul class=\"wp-block-list\">\n<li>J\u2019ai ma chambre avec une salle de bain<br>ou je partage ma chambre et ma salle de bain avec quelqu\u2019un.<\/li>\n\n\n\n<li>Je prends les repas avec les autres personnes vivant dans le foyer.<\/li>\n<\/ul>\n<\/li>\n\n\n\n<li>Je peux habiter dans un appartement<br>avec un ou plusieurs anciens travailleurs d\u2019ESAT.<\/li>\n<\/ul>\n\n\n\n<p class=\"wp-block-paragraph\">Les professionnels peuvent m\u2019accompagner dans ma vie quotidienne <br>et dans mes activit\u00e9s de loisirs.<\/p>\n\n\n\n<p class=\"wp-block-paragraph\">Je peux aussi faire activit\u00e9s individuelles&nbsp;ou en groupe.<\/p>\n<\/div>\n\n\n\n<div class=\"wp-block-column is-layout-flow wp-block-column-is-layout-flow\" style=\"flex-basis:20%\">\n<figure class=\"wp-block-image bloc_bleu\"><a href=\"http:\/\/www.adapei64.fr\/site\/adapei\/les-etablissements-et-services\/retraite\/\"><img decoding=\"async\" src=\"http:\/\/adapei64.fr\/site\/wp-content\/uploads\/2021\/02\/TrouverESMS.png\" alt=\"Carte des \u00e9tablissements\" title=\"\"\/><\/a><figcaption class=\"wp-element-caption\">Trouver une MAPHA<\/figcaption><\/figure>\n<\/div>\n<\/div>\n\n\n\n<div style=\"height:70px\" aria-hidden=\"true\" class=\"wp-block-spacer\"><\/div>\n\n\n\n<div class=\"wp-block-columns is-layout-flex wp-container-core-columns-is-layout-07579d57 wp-block-columns-is-layout-flex\">\n<div class=\"wp-block-column is-layout-flow wp-block-column-is-layout-flow\" style=\"flex-basis:80%\">\n<h2 class=\"wp-block-heading\">Un avenir apr\u00e8s le travail<\/h2>\n\n\n\n<p class=\"wp-block-paragraph\">L&#8217;Adapei des Pyr\u00e9n\u00e9es-Atlantiques participe au projet<br>&#8220;Un avenir apr\u00e8s le travail&#8221;.<\/p>\n\n\n\n<p class=\"wp-block-paragraph\">En Aquitaine,<br>&#8220;un avenir apr\u00e8s le travail&#8221; est une association.<\/p>\n\n\n\n<p class=\"wp-block-paragraph\">L&#8217;association aide les travailleurs d&#8217;ESAT \u00e0 pr\u00e9parer la retraite :<\/p>\n\n\n\n<ul class=\"wp-block-list\">\n<li>pour conna\u00eetre mes droits \u00e0 la retraite,<\/li>\n\n\n\n<li>pour d\u00e9velopper mes comp\u00e9tences, mes centres d&#8217;int\u00e9r\u00eat, et mes relations,<\/li>\n\n\n\n<li>pour conna\u00eetre mes besoins et trouver des solutions,<\/li>\n\n\n\n<li>pour rester acteur de ma sant\u00e9.<\/li>\n<\/ul>\n<\/div>\n\n\n\n<div class=\"wp-block-column is-layout-flow wp-block-column-is-layout-flow\" style=\"flex-basis:20%\">\n<figure class=\"wp-block-image bloc_bleu\"><a href=\"https:\/\/avenir-esat.org\/\" target=\"_blank\" rel=\"noopener\"><img decoding=\"async\" src=\"http:\/\/www.adapei64.fr\/site\/wp-content\/uploads\/2022\/02\/logo-Avenir_Travail-web.png\" alt=\"Un avenir apr\u00e8s le travail\"\/><\/a><figcaption class=\"wp-element-caption\">Un avenir <br>apr\u00e8s le travail<\/figcaption><\/figure>\n<\/div>\n<\/div>\n","protected":false},"excerpt":{"rendered":"<p>La retraite chez moi Si j&#8217;habite dans mon appartement ou ma maison,ou chez mes parents,je peux me faire accompagner par le SAVS pour ma vie quotidienne. Le SAVS, c&#8217;est le\u00a0Service&hellip; <a class=\"continue\" href=\"https:\/\/www.adapei64.fr\/site\/situation-de-handicap\/jai-besoin-daide-pour-ma-retraite\/\">Lire :<span> J&#8217;ai besoin d&#8217;aide pour ma retraite<\/span><\/a><\/p>\n","protected":false},"author":1,"featured_media":5545,"parent":1595,"menu_order":7,"comment_status":"closed","ping_status":"closed","template":"","meta":{"_crdt_document":"","om_disable_all_campaigns":false,"_uag_custom_page_level_css":"","_monsterinsights_skip_tracking":false,"_monsterinsights_sitenote_active":false,"_monsterinsights_sitenote_note":"","_monsterinsights_sitenote_category":0,"_uf_show_specific_survey":0,"_uf_disable_surveys":false,"_EventAllDay":false,"_EventTimezone":"","_EventStartDate":"","_EventEndDate":"","_EventStartDateUTC":"","_EventEndDateUTC":"","_EventShowMap":false,"_EventShowMapLink":false,"_EventURL":"","_EventCost":"","_EventCostDescription":"","_EventCurrencySymbol":"","_EventCurrencyCode":"","_EventCurrencyPosition":"","_EventDateTimeSeparator":"","_EventTimeRangeSeparator":"","_EventOrganizerID":[],"_EventVenueID":[],"_OrganizerEmail":"","_OrganizerPhone":"","_OrganizerWebsite":"","_VenueAddress":"","_VenueCity":"","_VenueCountry":"","_VenueProvince":"","_VenueState":"","_VenueZip":"","_VenuePhone":"","_VenueURL":"","_VenueStateProvince":"","_VenueLat":"","_VenueLng":"","_VenueShowMap":false,"_VenueShowMapLink":false,"footnotes":""},"class_list":["post-2560","page","type-page","status-publish","has-post-thumbnail","hentry"],"uagb_featured_image_src":{"full":["https:\/\/www.adapei64.fr\/site\/wp-content\/uploads\/2021\/12\/Retraite.jpg",700,700,false],"thumbnail":["https:\/\/www.adapei64.fr\/site\/wp-content\/uploads\/2021\/12\/Retraite-600x600.jpg",600,600,true],"medium":["https:\/\/www.adapei64.fr\/site\/wp-content\/uploads\/2021\/12\/Retraite.jpg",700,700,false],"medium_large":["https:\/\/www.adapei64.fr\/site\/wp-content\/uploads\/2021\/12\/Retraite.jpg",700,700,false],"large":["https:\/\/www.adapei64.fr\/site\/wp-content\/uploads\/2021\/12\/Retraite.jpg",700,700,false],"1536x1536":["https:\/\/www.adapei64.fr\/site\/wp-content\/uploads\/2021\/12\/Retraite.jpg",700,700,false],"2048x2048":["https:\/\/www.adapei64.fr\/site\/wp-content\/uploads\/2021\/12\/Retraite.jpg",700,700,false]},"uagb_author_info":{"display_name":"Marie Lafargue","author_link":"https:\/\/www.adapei64.fr\/site\/author\/marie\/"},"uagb_comment_info":0,"uagb_excerpt":"La retraite chez moi Si j&#8217;habite dans mon appartement ou ma maison,ou chez mes parents,je peux me faire accompagner par le SAVS pour ma vie quotidienne. Le SAVS, c&#8217;est le\u00a0Service&hellip; Lire : J&#8217;ai besoin d&#8217;aide pour ma retraite","distributor_meta":false,"distributor_terms":false,"distributor_media":false,"distributor_original_site_name":"Adapei des Pyr\u00e9n\u00e9es-Atlantiques","distributor_original_site_url":"https:\/\/www.adapei64.fr\/site","push-errors":false,"_links":{"self":[{"href":"https:\/\/www.adapei64.fr\/site\/wp-json\/wp\/v2\/pages\/2560","targetHints":{"allow":["GET"]}}],"collection":[{"href":"https:\/\/www.adapei64.fr\/site\/wp-json\/wp\/v2\/pages"}],"about":[{"href":"https:\/\/www.adapei64.fr\/site\/wp-json\/wp\/v2\/types\/page"}],"author":[{"embeddable":true,"href":"https:\/\/www.adapei64.fr\/site\/wp-json\/wp\/v2\/users\/1"}],"replies":[{"embeddable":true,"href":"https:\/\/www.adapei64.fr\/site\/wp-json\/wp\/v2\/comments?post=2560"}],"version-history":[{"count":18,"href":"https:\/\/www.adapei64.fr\/site\/wp-json\/wp\/v2\/pages\/2560\/revisions"}],"predecessor-version":[{"id":18029,"href":"https:\/\/www.adapei64.fr\/site\/wp-json\/wp\/v2\/pages\/2560\/revisions\/18029"}],"up":[{"embeddable":true,"href":"https:\/\/www.adapei64.fr\/site\/wp-json\/wp\/v2\/pages\/1595"}],"wp:featuredmedia":[{"embeddable":true,"href":"https:\/\/www.adapei64.fr\/site\/wp-json\/wp\/v2\/media\/5545"}],"wp:attachment":[{"href":"https:\/\/www.adapei64.fr\/site\/wp-json\/wp\/v2\/media?parent=2560"}],"curies":[{"name":"wp","href":"https:\/\/api.w.org\/{rel}","templated":true}]}}