{"id":3,"date":"2020-10-15T16:20:56","date_gmt":"2020-10-15T14:20:56","guid":{"rendered":"http:\/\/adapei64.fr\/wp2\/?page_id=3"},"modified":"2024-08-06T19:59:55","modified_gmt":"2024-08-06T17:59:55","slug":"politique-de-confidentialite","status":"publish","type":"page","link":"https:\/\/www.adapei64.fr\/site\/politique-de-confidentialite\/","title":{"rendered":"Politique de confidentialit\u00e9"},"content":{"rendered":"\n<div style=\"height:70px\" aria-hidden=\"true\" class=\"wp-block-spacer\"><\/div>\n\n\n\n<h3 class=\"wp-block-heading\">Qui sommes-nous&nbsp;?<\/h3>\n\n\n\n<p class=\"wp-block-paragraph\">L\u2019Association D\u00e9partementale des Parents et Amis de Personnes Handicap\u00e9es Mentales (Adapei) des Pyr\u00e9n\u00e9es-Atlantiques a \u00e9t\u00e9 fond\u00e9e en 1962 pour r\u00e9pondre aux attentes des familles ayant un enfant d\u00e9ficient intellectuel.<\/p>\n\n\n\n<p class=\"wp-block-paragraph\">\u200bPr\u00e9sidente : CAVRET Anne Marie,<br>Directeur g\u00e9n\u00e9ral : LALANNE Fran\u00e7ois<\/p>\n\n\n\n<p class=\"wp-block-paragraph\">Si\u00e8ge de l&#8217;association :<br>Adapei des Pyr\u00e9n\u00e9es-Atlantiques<br>BP 80123<br>105 avenue des Lilas<br>64001 Pau Cedex<\/p>\n\n\n\n<p class=\"wp-block-paragraph\">T\u00e9l\u00e9phone : 05 59 84 64 89<br>E-mail : adapei@adapei64.fr<br>Site internet&nbsp;: www.adapei64.fr<\/p>\n\n\n\n<p class=\"wp-block-paragraph\"><a href=\"http:\/\/adapei64.fr\/docs\/Politique_de_protection_des_donnees_personnelles_personnes_accompagnees.pdf\" target=\"_blank\" rel=\"noopener\">En savoir plus sur notre politique de protection des donn\u00e9es personnes des personnes accompagn\u00e9es<\/a><\/p>\n\n\n\n<div style=\"height:70px\" aria-hidden=\"true\" class=\"wp-block-spacer\"><\/div>\n\n\n\n<h3 class=\"wp-block-heading\">ARTICLE 1&nbsp;: PR\u00c9AMBULE<\/h3>\n\n\n\n<p class=\"wp-block-paragraph\">Cette politique de confidentialit\u00e9 s\u2019applique au site&nbsp;: www.adapei64.fr.<br>La pr\u00e9sente politique de confidentialit\u00e9 a pour but d\u2019exposer aux utilisateurs du site&nbsp;:<\/p>\n\n\n\n<ul class=\"wp-block-list\">\n<li>\u00a0La mani\u00e8re dont sont collect\u00e9es et trait\u00e9es leurs donn\u00e9es \u00e0 caract\u00e8re personnel. Doivent \u00eatre consid\u00e9r\u00e9es comme donn\u00e9es personnelles toutes les donn\u00e9es \u00e9tant susceptibles d\u2019identifier un utilisateur. Il s\u2019agit notamment du pr\u00e9nom et du nom, de l\u2019\u00e2ge, de l\u2019adresse postale, l\u2019adresse mail, la localisation de l\u2019utilisateur ou encore son adresse IP\u00a0;<\/li>\n\n\n\n<li>\u00a0Quels sont les droits des utilisateurs concernant ces donn\u00e9es\u00a0;<\/li>\n\n\n\n<li>\u00a0Qui est responsable du traitement des donn\u00e9es \u00e0 caract\u00e8re personnel collect\u00e9es et trait\u00e9es\u00a0;<\/li>\n\n\n\n<li>\u00a0A qui ces donn\u00e9es sont transmises\u00a0;<\/li>\n\n\n\n<li>\u00a0Eventuellement, la politique du site en mati\u00e8re de fichiers \u201ccookies\u201d.<\/li>\n<\/ul>\n\n\n\n<p class=\"wp-block-paragraph\">Cette politique de confidentialit\u00e9 compl\u00e8te les mentions l\u00e9gales et les Conditions G\u00e9n\u00e9rales d\u2019Utilisation que les utilisateurs peuvent consulter \u00e0 l\u2019adresse ci-apr\u00e8s :&nbsp;<a href=\"https:\/\/www.adapei64.fr\/site\/politique-de-confidentialite\/\">https:\/\/www.adapei64.fr\/site\/politique-de-confidentialite\/<\/a><\/p>\n\n\n\n<div style=\"height:70px\" aria-hidden=\"true\" class=\"wp-block-spacer\"><\/div>\n\n\n\n<h3 class=\"wp-block-heading\">ARTICLE 2&nbsp;: PRINCIPES G\u00c9N\u00c9RAUX EN MATI\u00c8RE DE COLLECTE ET DE TRAITEMENT DE DONN\u00c9ES<\/h3>\n\n\n\n<p class=\"wp-block-paragraph\">Conform\u00e9ment aux dispositions de l\u2019article 5 du R\u00e8glement europ\u00e9en 2016\/679, la collecte et le traitement des donn\u00e9es des utilisateurs du site respectent les principes suivants&nbsp;:<\/p>\n\n\n\n<ul class=\"wp-block-list\">\n<li>\u00a0Lic\u00e9it\u00e9, loyaut\u00e9 et transparence\u00a0: les donn\u00e9es ne peuvent \u00eatre collect\u00e9es et trait\u00e9es qu\u2019avec le consentement de l\u2019utilisateur propri\u00e9taire des donn\u00e9es. A chaque fois que des donn\u00e9es \u00e0 caract\u00e8re personnel seront collect\u00e9es, il sera indiqu\u00e9 \u00e0 l\u2019utilisateur que ses donn\u00e9es sont collect\u00e9es, et pour quelles raisons ses donn\u00e9es sont collect\u00e9es\u00a0;<\/li>\n\n\n\n<li>\u00a0Finalit\u00e9s limit\u00e9es\u00a0: la collecte et le traitement des donn\u00e9es sont ex\u00e9cut\u00e9s pour r\u00e9pondre \u00e0 un ou plusieurs objectifs d\u00e9termin\u00e9s dans les pr\u00e9sentes conditions g\u00e9n\u00e9rales d\u2019utilisation\u00a0;<\/li>\n\n\n\n<li>\u00a0Minimisation de la collecte et du traitement des donn\u00e9es\u00a0: seules les donn\u00e9es n\u00e9cessaires \u00e0 la bonne ex\u00e9cution des objectifs poursuivis par le site sont collect\u00e9es\u00a0;<\/li>\n\n\n\n<li>\u00a0Conservation des donn\u00e9es r\u00e9duites dans le temps\u00a0: les donn\u00e9es sont conserv\u00e9es pour une dur\u00e9e limit\u00e9e, dont l\u2019utilisateur est inform\u00e9. Lorsque cette information ne peut pas \u00eatre communiqu\u00e9e, l\u2019utilisateur est inform\u00e9 des crit\u00e8res utilis\u00e9s pour d\u00e9terminer la dur\u00e9e de conservation\u00a0;<\/li>\n\n\n\n<li>\u00a0Int\u00e9grit\u00e9 et confidentialit\u00e9 des donn\u00e9es collect\u00e9es et trait\u00e9es\u00a0: le responsable du traitement des donn\u00e9es s\u2019engage \u00e0 garantir l\u2019int\u00e9grit\u00e9 et la confidentialit\u00e9 des donn\u00e9es collect\u00e9es.<\/li>\n<\/ul>\n\n\n\n<p class=\"wp-block-paragraph\">Afin d\u2019\u00eatre licites, et ce conform\u00e9ment aux exigences de l\u2019article 6 du r\u00e8glement europ\u00e9en 2016\/679, la collecte et le traitement des donn\u00e9es \u00e0 caract\u00e8re personnel ne pourront intervenir que s\u2019ils respectent au moins l\u2019une des conditions ci-apr\u00e8s \u00e9num\u00e9r\u00e9es&nbsp;:<\/p>\n\n\n\n<ul class=\"wp-block-list\">\n<li>\u00a0L\u2019utilisateur a express\u00e9ment consenti au traitement\u00a0;<\/li>\n\n\n\n<li>\u00a0Le traitement est n\u00e9cessaire \u00e0 la bonne ex\u00e9cution d\u2019un contrat\u00a0;<\/li>\n\n\n\n<li>\u00a0Le traitement r\u00e9pond \u00e0 une obligation l\u00e9gale\u00a0;<\/li>\n\n\n\n<li>\u00a0Le traitement s\u2019explique par une n\u00e9cessit\u00e9 li\u00e9e \u00e0 la sauvegarde des int\u00e9r\u00eats vitaux de la personne concern\u00e9e ou d\u2019une autre personne physique\u00a0;<\/li>\n\n\n\n<li>\u00a0Le traitement peut s\u2019expliquer par une n\u00e9cessit\u00e9 li\u00e9e \u00e0 l\u2019ex\u00e9cution d\u2019une mission d\u2019int\u00e9r\u00eat public ou qui rel\u00e8ve de l\u2019exercice de l\u2019autorit\u00e9 publique\u00a0;<\/li>\n\n\n\n<li>\u00a0Le traitement et la collecte des donn\u00e9es \u00e0 caract\u00e8re personnel sont n\u00e9cessaires aux fins des int\u00e9r\u00eats l\u00e9gitimes et priv\u00e9s poursuivis par le responsable du traitement ou par un tiers.<\/li>\n<\/ul>\n\n\n\n<div style=\"height:70px\" aria-hidden=\"true\" class=\"wp-block-spacer\"><\/div>\n\n\n\n<h3 class=\"wp-block-heading\">ARTICLE 3&nbsp;: DONN\u00c9ES \u00c0 CARACT\u00c8RE PERSONNEL COLLECT\u00c9ES ET TRAIT\u00c9ES DANS LE CADRE DE LA NAVIGATION SUR LE SITE<\/h3>\n\n\n\n<p class=\"wp-block-paragraph\"><strong>A. DONN\u00c9ES COLLECT\u00c9ES ET TRAIT\u00c9ES ET MODE DE COLLECTE<\/strong><\/p>\n\n\n\n<p class=\"wp-block-paragraph\">Les donn\u00e9es \u00e0 caract\u00e8re personnel collect\u00e9es sur la boutique des ESAT de l\u2019Adapei des Pyr\u00e9n\u00e9es-Atlantiques sont les suivantes :<\/p>\n\n\n\n<ul class=\"wp-block-list\">\n<li>\u00a0Nom<\/li>\n\n\n\n<li>\u00a0Pr\u00e9nom<\/li>\n\n\n\n<li>\u00a0Adresse e-mail<\/li>\n\n\n\n<li>\u00a0T\u00e9l\u00e9phone<\/li>\n\n\n\n<li>\u00a0Adresse postale<\/li>\n<\/ul>\n\n\n\n<p class=\"wp-block-paragraph\">Ces donn\u00e9es sont collect\u00e9es lorsque l\u2019utilisateur effectue l\u2019une des op\u00e9rations suivantes sur le site&nbsp;:<\/p>\n\n\n\n<ul class=\"wp-block-list\">\n<li>Navigation sur le site internet<\/li>\n\n\n\n<li>Commande Click and Collect sur la Boutique des ESAT<\/li>\n<\/ul>\n\n\n\n<p class=\"wp-block-paragraph\">Le responsable du traitement conservera dans ses syst\u00e8mes informatiques du site et dans des conditions raisonnables de s\u00e9curit\u00e9 l\u2019ensemble des donn\u00e9es collect\u00e9es pour une dur\u00e9e de&nbsp;:<\/p>\n\n\n\n<ul class=\"wp-block-list\">\n<li>\u00a0Cookie d\u2019analyse de visite\u00a0: 12 mois<\/li>\n\n\n\n<li>\u00a0Donn\u00e9es personnelles li\u00e9es \u00e0 une commande Click and Collect\u00a0: 24 mois.<\/li>\n<\/ul>\n\n\n\n<p class=\"wp-block-paragraph\">La collecte et le traitement des donn\u00e9es r\u00e9pondent aux finalit\u00e9s suivantes&nbsp;:<\/p>\n\n\n\n<ul class=\"wp-block-list\">\n<li>\u00a0Traitement des commande Click and Collect<\/li>\n\n\n\n<li>\u00a0Analyse<\/li>\n<\/ul>\n\n\n\n<p class=\"wp-block-paragraph\">Les traitements de donn\u00e9es effectu\u00e9s sont fond\u00e9s sur la base du consentement de l\u2019utilisateur.<\/p>\n\n\n\n<p class=\"wp-block-paragraph\"><strong>B. TRANSMISSION DES DONN\u00c9ES A DES TIERS<\/strong><\/p>\n\n\n\n<p class=\"wp-block-paragraph\">Les donn\u00e9es \u00e0 caract\u00e8re personnel collect\u00e9es par le site ne sont transmises \u00e0 aucun tiers, et ne sont trait\u00e9es que par l\u2019\u00e9diteur du site.<\/p>\n\n\n\n<p class=\"wp-block-paragraph\"><strong>C. H\u00c9BERGEMENT DES DONN\u00c9ES<\/strong><\/p>\n\n\n\n<p class=\"wp-block-paragraph\">Le site Adapei des Pyr\u00e9n\u00e9es-Atlantiques est h\u00e9berg\u00e9 par&nbsp;: Alteo, dont le si\u00e8ge est situ\u00e9 \u00e0 l\u2019adresse ci-apr\u00e8s&nbsp;:<br>2 mail des Cerclades 95000 Cergy 34 rue Desaix 75015 Paris<br>L\u2019h\u00e9bergeur peut \u00eatre contact\u00e9 au num\u00e9ro de t\u00e9l\u00e9phone suivant&nbsp;: 09 72 377 333.<br>Les donn\u00e9es collect\u00e9es et trait\u00e9es par le site sont exclusivement h\u00e9berg\u00e9es et trait\u00e9es en France.<\/p>\n\n\n\n<div style=\"height:70px\" aria-hidden=\"true\" class=\"wp-block-spacer\"><\/div>\n\n\n\n<h3 class=\"wp-block-heading\">ARTICLE 4&nbsp;: RESPONSABLE DU TRAITEMENT DES DONN\u00c9ES<\/h3>\n\n\n\n<p class=\"wp-block-paragraph\"><strong>A. LE RESPONSABLE DU TRAITEMENT DES DONN\u00c9ES<\/strong><\/p>\n\n\n\n<p class=\"wp-block-paragraph\">Le responsable du traitement des donn\u00e9es \u00e0 caract\u00e8re personnel est : l\u2019Adapei des Pyr\u00e9n\u00e9es-Atlantiques.<br>Il peut \u00eatre contact\u00e9&nbsp;au&nbsp;Si\u00e8ge Social de l\u2019Adapei des Pyr\u00e9n\u00e9es-Atlantiques<br>105 av. des Lilas \u2013 64001 Pau Cedex<br>05 59 84 64 89<\/p>\n\n\n\n<p class=\"wp-block-paragraph\">Le responsable du traitement des donn\u00e9es est charg\u00e9 de d\u00e9terminer les finalit\u00e9s et les moyens mis au service du traitement des donn\u00e9es \u00e0 caract\u00e8re personnel.<\/p>\n\n\n\n<p class=\"wp-block-paragraph\"><strong>B. OBLIGATIONS DU RESPONSABLE DU TRAITEMENT DES DONN\u00c9ES<\/strong><\/p>\n\n\n\n<p class=\"wp-block-paragraph\">Le responsable du traitement s\u2019engage \u00e0 prot\u00e9ger les donn\u00e9es \u00e0 caract\u00e8re personnel collect\u00e9es, \u00e0 ne pas les transmettre \u00e0 des tiers sans que l\u2019utilisateur n\u2019en ait \u00e9t\u00e9 inform\u00e9 et \u00e0 respecter les finalit\u00e9s pour lesquelles ces donn\u00e9es ont \u00e9t\u00e9 collect\u00e9es.<br>De plus, le responsable du traitement des donn\u00e9es s\u2019engage \u00e0 notifier l\u2019utilisateur en cas de rectification ou de suppression des donn\u00e9es, \u00e0 moins que cela n\u2019entra\u00eene pour lui des formalit\u00e9s, co\u00fbts et d\u00e9marches disproportionn\u00e9s.<br>Dans le cas o\u00f9 l\u2019int\u00e9grit\u00e9, la confidentialit\u00e9 ou la s\u00e9curit\u00e9 des donn\u00e9es \u00e0 caract\u00e8re personnel de l\u2019utilisateur est compromise, le responsable du traitement s\u2019engage \u00e0 informer l\u2019utilisateur par tout moyen.<\/p>\n\n\n\n<div style=\"height:70px\" aria-hidden=\"true\" class=\"wp-block-spacer\"><\/div>\n\n\n\n<h3 class=\"wp-block-heading\">ARTICLE 5&nbsp;: DROITS DE L\u2019UTILISATEUR<\/h3>\n\n\n\n<p class=\"wp-block-paragraph\">Conform\u00e9ment \u00e0 la r\u00e9glementation concernant le traitement des donn\u00e9es \u00e0 caract\u00e8re personnel, l\u2019utilisateur poss\u00e8de les droits ci-apr\u00e8s \u00e9num\u00e9r\u00e9s.<br>Afin que le responsable du traitement des donn\u00e9es fasse droit \u00e0 sa demande, l\u2019utilisateur est tenu de lui communiquer&nbsp;: ses pr\u00e9nom et nom ainsi que son adresse e-mail, et si cela est pertinent, son num\u00e9ro de compte ou d\u2019espace personnel ou d\u2019abonn\u00e9.<br>Le responsable du traitement des donn\u00e9es est tenu de r\u00e9pondre \u00e0 l\u2019utilisateur dans un d\u00e9lai de 30 (trente) jours maximum.<\/p>\n\n\n\n<p class=\"wp-block-paragraph\"><strong>A. PR\u00c9SENTATION DES DROITS DE L\u2019UTILISATEUR EN MATI\u00c8RE DE COLLECTE ET TRAITEMENT DE DONN\u00c9ES<\/strong><\/p>\n\n\n\n<p class=\"wp-block-paragraph\"><strong>a. Droit d\u2019acc\u00e8s, de rectification et droit \u00e0 l\u2019effacement<\/strong><\/p>\n\n\n\n<p class=\"wp-block-paragraph\">L\u2019utilisateur peut prendre connaissance, mettre \u00e0 jour, modifier ou demander la suppression des donn\u00e9es le concernant, en respectant la proc\u00e9dure ci-apr\u00e8s \u00e9nonc\u00e9e&nbsp;:<br>L\u2019utilisateur doit envoyer un e-mail au responsable du traitement des donn\u00e9es personnelles, en pr\u00e9cisant l\u2019objet de sa demande, \u00e0 l\u2019adresse e-mail suivante&nbsp;: communication@adapei64.fr<br>S\u2019il en poss\u00e8de un, l\u2019utilisateur a le droit de demander la suppression de son espace personnel en suivant la proc\u00e9dure suivante&nbsp;:<br>L\u2019utilisateur doit envoyer un e-mail au responsable du traitement des donn\u00e9es personnelles, en pr\u00e9cisant l\u2019objet de sa demande, \u00e0 l\u2019adresse e-mail suivante&nbsp;: communication@adapei64.fr<\/p>\n\n\n\n<p class=\"wp-block-paragraph\"><strong>b. Droit \u00e0 la portabilit\u00e9 des donn\u00e9es<\/strong><\/p>\n\n\n\n<p class=\"wp-block-paragraph\">L\u2019utilisateur a le droit de demander la portabilit\u00e9 de ses donn\u00e9es personnelles, d\u00e9tenues par le site, vers un autre site, en se conformant \u00e0 la proc\u00e9dure ci-apr\u00e8s&nbsp;:<br>L\u2019utilisateur doit envoyer un e-mail au responsable du traitement des donn\u00e9es personnelles, en pr\u00e9cisant l\u2019objet de sa demande, \u00e0 l\u2019adresse e-mail suivante&nbsp;: communication@adapei64.fr<\/p>\n\n\n\n<p class=\"wp-block-paragraph\"><strong>c. Droit \u00e0 la limitation et \u00e0 l\u2019opposition du traitement des donn\u00e9es<\/strong><\/p>\n\n\n\n<p class=\"wp-block-paragraph\">L\u2019utilisateur a le droit de demander la limitation ou de s\u2019opposer au traitement de ses donn\u00e9es par le site, sans que le site ne puisse refuser, sauf \u00e0 d\u00e9montrer l\u2019existence de motifs l\u00e9gitimes et imp\u00e9rieux, pouvant pr\u00e9valoir sur les int\u00e9r\u00eats et les droits et libert\u00e9s de l\u2019utilisateur.<br>Afin de demander la limitation du traitement de ses donn\u00e9es ou de formuler une opposition au traitement de ses donn\u00e9es, l\u2019utilisateur doit suivre la proc\u00e9dure suivante&nbsp;:<br>L\u2019utilisateur doit envoyer un e-mail au responsable du traitement des donn\u00e9es personnelles, en pr\u00e9cisant l\u2019objet de sa demande, \u00e0 l\u2019adresse e-mail suivante&nbsp;: communication@adapei64.fr<\/p>\n\n\n\n<p class=\"wp-block-paragraph\"><strong>d. Droit de ne pas faire l\u2019objet d\u2019une d\u00e9cision fond\u00e9e exclusivement sur un proc\u00e9d\u00e9 automatis\u00e9<\/strong><\/p>\n\n\n\n<p class=\"wp-block-paragraph\">Conform\u00e9ment aux dispositions du r\u00e8glement 2016\/679, l\u2019utilisateur a le droit de ne pas faire l\u2019objet d\u2019une d\u00e9cision fond\u00e9e exclusivement sur un proc\u00e9d\u00e9 automatis\u00e9 si la d\u00e9cision produit des effets juridiques le concernant, ou l\u2019affecte de mani\u00e8re significative de fa\u00e7on similaire.<\/p>\n\n\n\n<p class=\"wp-block-paragraph\"><strong>e. Droit de d\u00e9terminer le sort des donn\u00e9es apr\u00e8s la mort<\/strong><\/p>\n\n\n\n<p class=\"wp-block-paragraph\">Il est rappel\u00e9 \u00e0 l\u2019utilisateur qu\u2019il peut organiser quel doit \u00eatre le devenir de ses donn\u00e9es collect\u00e9es et trait\u00e9es s\u2019il d\u00e9c\u00e8de, conform\u00e9ment \u00e0 la loi n\u00b02016-1321 du 7 octobre 2016.<\/p>\n\n\n\n<p class=\"wp-block-paragraph\"><strong>f. Droit de saisir l\u2019autorit\u00e9 de contr\u00f4le comp\u00e9tente<\/strong><\/p>\n\n\n\n<p class=\"wp-block-paragraph\">Dans le cas o\u00f9 le responsable du traitement des donn\u00e9es d\u00e9cide de ne pas r\u00e9pondre \u00e0 la demande de l\u2019utilisateur, et que l\u2019utilisateur souhaite contester cette d\u00e9cision, ou, s\u2019il pense qu\u2019il est port\u00e9 atteinte \u00e0 l\u2019un des droits \u00e9num\u00e9r\u00e9s ci-dessus, il est en droit de saisir la CNIL (Commission Nationale de l\u2019Informatique et des Libert\u00e9s, https:\/\/www.cnil.fr) ou tout juge comp\u00e9tent.<\/p>\n\n\n\n<div style=\"height:70px\" aria-hidden=\"true\" class=\"wp-block-spacer\"><\/div>\n\n\n\n<h3 class=\"wp-block-heading\">ARTICLE 6&nbsp;: UTILISATION DES FICHIERS \u201cCOOKIES\u201d<\/h3>\n\n\n\n<p class=\"wp-block-paragraph\">Le site a \u00e9ventuellement recours aux techniques de \u201ccookies\u201d.<br>Un \u201ccookie\u201d est un fichier de petite taille (moins de 4 ko), stock\u00e9 par le site sur le disque dur de l\u2019utilisateur, contenant des informations relatives aux habitudes de navigation de l\u2019utilisateur.<br>Ces fichiers lui permettent de traiter des statistiques et des informations sur le trafic, de faciliter la navigation et d\u2019am\u00e9liorer le service pour le confort de l\u2019utilisateur.<br>Pour l\u2019utilisation de fichiers \u201ccookies\u201d impliquant la sauvegarde et l\u2019analyse de donn\u00e9es \u00e0 caract\u00e8re personnel, le consentement de l\u2019utilisateur est n\u00e9cessairement demand\u00e9.<br>Ce consentement de l\u2019utilisateur est consid\u00e9r\u00e9 comme valide pour une dur\u00e9e de 6 (six) mois maximum. A l\u2019issue de cette p\u00e9riode, le site demandera \u00e0 nouveau l\u2019autorisation de l\u2019utilisateur pour enregistrer des fichiers \u201ccookies\u201d sur son disque dur.<\/p>\n\n\n\n<p class=\"wp-block-paragraph\"><strong>a. Opposition de l\u2019utilisateur \u00e0 l\u2019utilisation de fichiers \u201ccookies\u201d par le site<\/strong><\/p>\n\n\n\n<p class=\"wp-block-paragraph\">Les cookies non essentiels au fonctionnement du site ne sont d\u00e9pos\u00e9s sur le terminal de l\u2019utilisateur qu\u2019apr\u00e8s avoir obtenu son consentement. L\u2019utilisateur peut retirer son consentement \u00e0 tout moment, de la mani\u00e8re suivante&nbsp;:<br>Veuillez cliquer sur le bouton \u201cretirer le consentement\u201d.<br>De mani\u00e8re plus g\u00e9n\u00e9rale, il est port\u00e9 \u00e0 la connaissance de l\u2019utilisateur qu\u2019il peut s\u2019opposer \u00e0 l\u2019enregistrement de ces fichiers \u201ccookies\u201d en configurant son logiciel de navigation.<br>Pour information, l\u2019utilisateur peut trouver aux adresses suivantes les d\u00e9marches \u00e0 suivre afin de configurer son logiciel de navigation pour s\u2019opposer \u00e0 l\u2019enregistrement des fichiers \u201ccookies\u201d&nbsp;:<\/p>\n\n\n\n<ul class=\"wp-block-list\">\n<li>\u00a0Chrome\u00a0:\u00a0<a href=\"https:\/\/support.google.com\/accounts\/answer\/61416?hl=fr\">https:\/\/support.google.com\/accounts\/answer\/61416?hl=fr<\/a><\/li>\n\n\n\n<li>\u00a0Firefox\u00a0:\u00a0<a href=\"https:\/\/support.mozilla.org\/fr\/kb\/enable-and-disable-cookies-website-preferences\">https:\/\/support.mozilla.org\/fr\/kb\/enable-and-disable-cookies-website-preferences<\/a><\/li>\n\n\n\n<li>\u00a0Safari\u00a0:\u00a0<a href=\"http:\/\/www.apple.com\/legal\/privacy\/fr-ww\/\">http:\/\/www.apple.com\/legal\/privacy\/fr-ww\/<\/a><\/li>\n\n\n\n<li>\u00a0Internet Explorer\u00a0:\u00a0<a href=\"https:\/\/support.microsoft.com\/fr-fr\/help\/17442\/windows-internet-explorer-delete-manage-cookies\">https:\/\/support.microsoft.com\/fr-fr\/help\/17442\/windows-internet-explorer-delete-manage-cookies<\/a><\/li>\n\n\n\n<li>\u00a0Opera\u00a0:\u00a0<a href=\"http:\/\/www.opera.com\/help\/tutorials\/security\/cookies\/\">http:\/\/www.opera.com\/help\/tutorials\/security\/cookies\/<\/a><\/li>\n<\/ul>\n\n\n\n<p class=\"wp-block-paragraph\">Dans le cas o\u00f9 l\u2019utilisateur d\u00e9cide de d\u00e9sactiver les fichiers \u201ccookies\u201d, il pourra poursuivre sa navigation sur le site. Toutefois, tout dysfonctionnement du site provoqu\u00e9 par cette manipulation ne pourrait \u00eatre consid\u00e9r\u00e9 comme \u00e9tant du fait de l\u2019\u00e9diteur du site.<\/p>\n\n\n\n<p class=\"wp-block-paragraph\"><strong>b. Description des fichiers \u201ccookies\u201d utilis\u00e9s par le site<\/strong><\/p>\n\n\n\n<p class=\"wp-block-paragraph\">L\u2019\u00e9diteur du site attire l\u2019attention de l\u2019utilisateur sur le fait que les cookies suivants sont utilis\u00e9s lors de sa navigation&nbsp;:<br>Cookie&nbsp;: Google analytics<br>Finalit\u00e9&nbsp;: analyse des habitudes de navigation<\/p>\n\n\n\n<p class=\"wp-block-paragraph\"><strong>c. Modification des pr\u00e9f\u00e9rences d\u2019utilisation des cookies<\/strong><\/p>\n\n\n\n<p class=\"wp-block-paragraph\">Vous pouvez \u00e0 tout moment changer vos pr\u00e9f\u00e9rences li\u00e9es aux Cookies, en suivant le lien suivant :&nbsp;<a>G\u00e9rer mes pr\u00e9f\u00e9rences li\u00e9es aux Cookies<\/a><\/p>\n\n\n\n<div style=\"height:70px\" aria-hidden=\"true\" class=\"wp-block-spacer\"><\/div>\n\n\n\n<h3 class=\"wp-block-heading\">ARTICLE 7&nbsp;: CONDITIONS DE MODIFICATION DE LA POLITIQUE DE CONFIDENTIALIT\u00c9<\/h3>\n\n\n\n<p class=\"wp-block-paragraph\">La pr\u00e9sente politique de confidentialit\u00e9 peut \u00eatre consult\u00e9e \u00e0 tout moment \u00e0 l\u2019adresse ci-apr\u00e8s indiqu\u00e9e&nbsp;:&nbsp;<a href=\"http:\/\/adapei64.fr\/page\/politique-de-confidentialite\">http:\/\/adapei64.fr\/page\/politique-de-confidentialite<\/a><br>L\u2019\u00e9diteur du site se r\u00e9serve le droit de la modifier afin de garantir sa conformit\u00e9 avec le droit en vigueur.<br>Par cons\u00e9quent, l\u2019utilisateur est invit\u00e9 \u00e0 venir consulter r\u00e9guli\u00e8rement cette politique de confidentialit\u00e9 afin de se tenir inform\u00e9 des derniers changements qui lui seront apport\u00e9s.<br>Il est port\u00e9 \u00e0 la connaissance de l\u2019utilisateur que la derni\u00e8re mise \u00e0 jour de la pr\u00e9sente politique de confidentialit\u00e9 est intervenue le&nbsp;: 04\/01\/2021.<\/p>\n","protected":false},"excerpt":{"rendered":"<p>Qui sommes-nous&nbsp;? L\u2019Association D\u00e9partementale des Parents et Amis de Personnes Handicap\u00e9es Mentales (Adapei) des Pyr\u00e9n\u00e9es-Atlantiques a \u00e9t\u00e9 fond\u00e9e en 1962 pour r\u00e9pondre aux attentes des familles ayant un enfant d\u00e9ficient&hellip; <a class=\"continue\" href=\"https:\/\/www.adapei64.fr\/site\/politique-de-confidentialite\/\">Lire :<span> Politique de confidentialit\u00e9<\/span><\/a><\/p>\n","protected":false},"author":1,"featured_media":3953,"parent":0,"menu_order":15,"comment_status":"closed","ping_status":"closed","template":"","meta":{"_crdt_document":"","om_disable_all_campaigns":false,"_uag_custom_page_level_css":"","_monsterinsights_skip_tracking":false,"_monsterinsights_sitenote_active":false,"_monsterinsights_sitenote_note":"","_monsterinsights_sitenote_category":0,"_uf_show_specific_survey":0,"_uf_disable_surveys":false,"_EventAllDay":false,"_EventTimezone":"","_EventStartDate":"","_EventEndDate":"","_EventStartDateUTC":"","_EventEndDateUTC":"","_EventShowMap":false,"_EventShowMapLink":false,"_EventURL":"","_EventCost":"","_EventCostDescription":"","_EventCurrencySymbol":"","_EventCurrencyCode":"","_EventCurrencyPosition":"","_EventDateTimeSeparator":"","_EventTimeRangeSeparator":"","_EventOrganizerID":[],"_EventVenueID":[],"_OrganizerEmail":"","_OrganizerPhone":"","_OrganizerWebsite":"","_VenueAddress":"","_VenueCity":"","_VenueCountry":"","_VenueProvince":"","_VenueState":"","_VenueZip":"","_VenuePhone":"","_VenueURL":"","_VenueStateProvince":"","_VenueLat":"","_VenueLng":"","_VenueShowMap":false,"_VenueShowMapLink":false,"footnotes":""},"class_list":["post-3","page","type-page","status-publish","has-post-thumbnail","hentry"],"uagb_featured_image_src":{"full":["https:\/\/www.adapei64.fr\/site\/wp-content\/uploads\/2021\/08\/confidentialite.jpg",1920,639,false],"thumbnail":["https:\/\/www.adapei64.fr\/site\/wp-content\/uploads\/2021\/08\/confidentialite-600x600.jpg",600,600,true],"medium":["https:\/\/www.adapei64.fr\/site\/wp-content\/uploads\/2021\/08\/confidentialite-1000x333.jpg",1000,333,true],"medium_large":["https:\/\/www.adapei64.fr\/site\/wp-content\/uploads\/2021\/08\/confidentialite-768x256.jpg",768,256,true],"large":["https:\/\/www.adapei64.fr\/site\/wp-content\/uploads\/2021\/08\/confidentialite.jpg",1920,639,false],"1536x1536":["https:\/\/www.adapei64.fr\/site\/wp-content\/uploads\/2021\/08\/confidentialite-1536x511.jpg",1536,511,true],"2048x2048":["https:\/\/www.adapei64.fr\/site\/wp-content\/uploads\/2021\/08\/confidentialite.jpg",1920,639,false]},"uagb_author_info":{"display_name":"Marie Lafargue","author_link":"https:\/\/www.adapei64.fr\/site\/author\/marie\/"},"uagb_comment_info":0,"uagb_excerpt":"Qui sommes-nous&nbsp;? L\u2019Association D\u00e9partementale des Parents et Amis de Personnes Handicap\u00e9es Mentales (Adapei) des Pyr\u00e9n\u00e9es-Atlantiques a \u00e9t\u00e9 fond\u00e9e en 1962 pour r\u00e9pondre aux attentes des familles ayant un enfant d\u00e9ficient&hellip; Lire : Politique de confidentialit\u00e9","distributor_meta":false,"distributor_terms":false,"distributor_media":false,"distributor_original_site_name":"Adapei des Pyr\u00e9n\u00e9es-Atlantiques","distributor_original_site_url":"https:\/\/www.adapei64.fr\/site","push-errors":false,"_links":{"self":[{"href":"https:\/\/www.adapei64.fr\/site\/wp-json\/wp\/v2\/pages\/3","targetHints":{"allow":["GET"]}}],"collection":[{"href":"https:\/\/www.adapei64.fr\/site\/wp-json\/wp\/v2\/pages"}],"about":[{"href":"https:\/\/www.adapei64.fr\/site\/wp-json\/wp\/v2\/types\/page"}],"author":[{"embeddable":true,"href":"https:\/\/www.adapei64.fr\/site\/wp-json\/wp\/v2\/users\/1"}],"replies":[{"embeddable":true,"href":"https:\/\/www.adapei64.fr\/site\/wp-json\/wp\/v2\/comments?post=3"}],"version-history":[{"count":5,"href":"https:\/\/www.adapei64.fr\/site\/wp-json\/wp\/v2\/pages\/3\/revisions"}],"predecessor-version":[{"id":15794,"href":"https:\/\/www.adapei64.fr\/site\/wp-json\/wp\/v2\/pages\/3\/revisions\/15794"}],"wp:featuredmedia":[{"embeddable":true,"href":"https:\/\/www.adapei64.fr\/site\/wp-json\/wp\/v2\/media\/3953"}],"wp:attachment":[{"href":"https:\/\/www.adapei64.fr\/site\/wp-json\/wp\/v2\/media?parent=3"}],"curies":[{"name":"wp","href":"https:\/\/api.w.org\/{rel}","templated":true}]}}