{"id":6060,"date":"2021-08-04T16:24:54","date_gmt":"2021-12-17T15:24:23","guid":{"rendered":"http:\/\/adapei64.fr\/wp2\/?page_id=6060"},"modified":"2024-08-06T19:07:39","modified_gmt":"2024-08-06T17:07:39","slug":"loisirs-et-periscolaire","status":"publish","type":"page","link":"https:\/\/www.adapei64.fr\/site\/proche\/loisirs-et-periscolaire\/","title":{"rendered":"Loisirs et p\u00e9riscolaire"},"content":{"rendered":"\n<div style=\"height:70px\" aria-hidden=\"true\" class=\"wp-block-spacer\"><\/div>\n\n\n\n<p class=\"wp-block-paragraph\">Nombreuses sont les activit\u00e9s pour occuper les mercredis et week-ends, <br>pour proposer \u00e0 votre enfant de d\u00e9couvrir le monde et d\u00e9velopper sa curiosit\u00e9, sa sensibilit\u00e9.&nbsp;<\/p>\n\n\n\n<div style=\"height:70px\" aria-hidden=\"true\" class=\"wp-block-spacer\"><\/div>\n\n\n\n<div class=\"wp-block-columns is-layout-flex wp-container-core-columns-is-layout-07579d57 wp-block-columns-is-layout-flex\">\n<div class=\"wp-block-column is-layout-flow wp-block-column-is-layout-flow\" style=\"flex-basis:80%\">\n<h2 class=\"wp-block-heading\">Sport&nbsp;<\/h2>\n\n\n\n<div style=\"height:35px\" aria-hidden=\"true\" class=\"wp-block-spacer\"><\/div>\n\n\n\n<h3 class=\"wp-block-heading\">Le Pass Sport<\/h3>\n\n\n\n<p class=\"wp-block-paragraph\">Cette allocation de rentr\u00e9e sportive de 50 euros par enfant permet de financer tout ou partie de son inscription dans une structure sportive.<\/p>\n\n\n\n<p class=\"wp-block-paragraph\">Pour la saison 2021-2022, le dispositif est prolong\u00e9 jusqu\u2019au 28 f\u00e9vrier 2022 et \u00e9largi aux adultes handicap\u00e9s b\u00e9n\u00e9ficiaires de l\u2019AAH, jusqu&#8217;\u00e0 l&#8217;\u00e2ge de 30 ans.<\/p>\n\n\n\n<p class=\"wp-block-paragraph\">Plus d&#8217;informations sur le Pass&#8217;Sport sur&nbsp;<a href=\"https:\/\/www.sports.gouv.fr\/pratiques-sportives\/sports-pour-tous\/pass-sport\/\">www.sport.gouv.fr<\/a><\/p>\n\n\n\n<div style=\"height:35px\" aria-hidden=\"true\" class=\"wp-block-spacer\"><\/div>\n\n\n\n<h3 class=\"wp-block-heading\">O\u00f9 pratiquer une activit\u00e9 sportive ?<\/h3>\n\n\n\n<p class=\"wp-block-paragraph\">N&#8217;h\u00e9sitez pas \u00e0 vous consulter l&#8217;annuaire des associations de votre commune et \u00e0 contacter les clubs sportifs. Ils pourront vous renseigner sur les activit\u00e9s et l&#8217;accompagnement propos\u00e9.<\/p>\n\n\n\n<p class=\"wp-block-paragraph\">Certaines associations ou clubs de sport proposent des activit\u00e9s adapt\u00e9es.<\/p>\n\n\n\n<p class=\"wp-block-paragraph\">Plus d&#8217;informations sur les sites :<\/p>\n\n\n\n<ul class=\"wp-block-list\">\n<li><a href=\"https:\/\/cdsa64.sportsregions.fr\/\" target=\"_blank\" rel=\"noreferrer noopener\">du Comit\u00e9 D\u00e9partemental de Sport Adapt\u00e9<\/a><\/li>\n\n\n\n<li><a href=\"https:\/\/www.agpi64.fr\/\" target=\"_blank\" rel=\"noreferrer noopener\">de l&#8217;AGPI (Association pour la Guidance Parentale et Infantile)<\/a><\/li>\n<\/ul>\n<\/div>\n\n\n\n<div class=\"wp-block-column is-layout-flow wp-block-column-is-layout-flow\" style=\"flex-basis:20%\">\n<figure class=\"wp-block-image bloc_vert\"><a href=\"https:\/\/www.sports.gouv.fr\/pratiques-sportives\/sports-pour-tous\/pass-sport\/\" target=\"_blank\" rel=\"noopener\"><img decoding=\"async\" src=\"http:\/\/www.adapei64.fr\/site\/wp-content\/uploads\/2022\/01\/PasSport.png\" alt=\"Le Pass Sport\"\/><\/a><figcaption class=\"wp-element-caption\">En savoir plus sur le Pass&#8217;Sport<\/figcaption><\/figure>\n<\/div>\n<\/div>\n\n\n\n<div style=\"height:70px\" aria-hidden=\"true\" class=\"wp-block-spacer\"><\/div>\n\n\n\n<div class=\"wp-block-columns is-layout-flex wp-container-core-columns-is-layout-07579d57 wp-block-columns-is-layout-flex\">\n<div class=\"wp-block-column is-layout-flow wp-block-column-is-layout-flow\" style=\"flex-basis:80%\">\n<h2 class=\"wp-block-heading\">Culture<\/h2>\n\n\n\n<h3 class=\"wp-block-heading\">Cin\u00e9-ma diff\u00e9rence<\/h3>\n\n\n\n<p class=\"wp-block-paragraph\">Aller au cin\u00e9ma, au concert, \u00e0 l\u2019op\u00e9ra, au th\u00e9\u00e2tre : un acte banal mais qui, pour certains, para\u00eet impossible ou se transforme en \u00e9preuve.<\/p>\n\n\n\n<p class=\"wp-block-paragraph\">Cin\u00e9-ma diff\u00e9rence accompagne les salles de spectacle pour rendre la culture accessible en inclusion \u00e0 des personnes autistes, polyhandicap\u00e9es, avec un handicap intellectuel, des troubles psychiques, une maladie d\u2019Alzheimer\u2026, qui en sont priv\u00e9es par leur handicap.<\/p>\n\n\n\n<p class=\"wp-block-paragraph\">Des s\u00e9ances et repr\u00e9sentations chaleureuses o\u00f9 chacun, avec ou sans handicap, est accueilli et respect\u00e9 tel qu\u2019il est.<\/p>\n\n\n\n<p class=\"wp-block-paragraph\">Sur l&#8217;agglom\u00e9ration paloise, le dispositif Cin\u00e9-ma diff\u00e9rence propose une projection gratuite \u00e0 la m\u00e9diath\u00e8que Andr\u00e9 Labarr\u00e8re \u00e0 Pau, un samedi par trimestre.<\/p>\n\n\n\n<p class=\"wp-block-paragraph\">Plus d&#8217;information sur la programmation Cin\u00e9-ma diff\u00e9rence sur&nbsp;<a href=\"http:\/\/www.cinemadifference.com\/Pau.html\">www.cinemadifference.com<\/a><\/p>\n<\/div>\n\n\n\n<div class=\"wp-block-column is-layout-flow wp-block-column-is-layout-flow\" style=\"flex-basis:20%\">\n<figure class=\"wp-block-image bloc_vert\"><a href=\"http:\/\/www.cinemadifference.com\/\" target=\"_blank\" rel=\"noopener\"><img decoding=\"async\" src=\"http:\/\/www.adapei64.fr\/site\/wp-content\/uploads\/2022\/01\/530748_557445874285580_19146731_n.jpg\" alt=\"Cin\u00e9-ma diff\u00e9rence\"\/><\/a><figcaption class=\"wp-element-caption\">En savoir plus sur Cin\u00e9-ma diff\u00e9rnce<\/figcaption><\/figure>\n<\/div>\n<\/div>\n","protected":false},"excerpt":{"rendered":"<p>Nombreuses sont les activit\u00e9s pour occuper les mercredis et week-ends, pour proposer \u00e0 votre enfant de d\u00e9couvrir le monde et d\u00e9velopper sa curiosit\u00e9, sa sensibilit\u00e9.&nbsp; Sport&nbsp; Le Pass Sport Cette&hellip; <a class=\"continue\" href=\"https:\/\/www.adapei64.fr\/site\/proche\/loisirs-et-periscolaire\/\">Lire :<span> Loisirs et p\u00e9riscolaire<\/span><\/a><\/p>\n","protected":false},"author":1,"featured_media":5668,"parent":1597,"menu_order":3,"comment_status":"closed","ping_status":"closed","template":"","meta":{"_crdt_document":"","om_disable_all_campaigns":false,"_uag_custom_page_level_css":"","_monsterinsights_skip_tracking":false,"_monsterinsights_sitenote_active":false,"_monsterinsights_sitenote_note":"","_monsterinsights_sitenote_category":0,"_uf_show_specific_survey":0,"_uf_disable_surveys":false,"_EventAllDay":false,"_EventTimezone":"","_EventStartDate":"","_EventEndDate":"","_EventStartDateUTC":"","_EventEndDateUTC":"","_EventShowMap":false,"_EventShowMapLink":false,"_EventURL":"","_EventCost":"","_EventCostDescription":"","_EventCurrencySymbol":"","_EventCurrencyCode":"","_EventCurrencyPosition":"","_EventDateTimeSeparator":"","_EventTimeRangeSeparator":"","_EventOrganizerID":[],"_EventVenueID":[],"_OrganizerEmail":"","_OrganizerPhone":"","_OrganizerWebsite":"","_VenueAddress":"","_VenueCity":"","_VenueCountry":"","_VenueProvince":"","_VenueState":"","_VenueZip":"","_VenuePhone":"","_VenueURL":"","_VenueStateProvince":"","_VenueLat":"","_VenueLng":"","_VenueShowMap":false,"_VenueShowMapLink":false,"footnotes":""},"class_list":["post-6060","page","type-page","status-publish","has-post-thumbnail","hentry"],"uagb_featured_image_src":{"full":["https:\/\/www.adapei64.fr\/site\/wp-content\/uploads\/2021\/12\/05-Loisir-et-periscolaire.svg",500,500,false],"thumbnail":["https:\/\/www.adapei64.fr\/site\/wp-content\/uploads\/2021\/12\/05-Loisir-et-periscolaire.svg",500,500,false],"medium":["https:\/\/www.adapei64.fr\/site\/wp-content\/uploads\/2021\/12\/05-Loisir-et-periscolaire.svg",500,500,false],"medium_large":["https:\/\/www.adapei64.fr\/site\/wp-content\/uploads\/2021\/12\/05-Loisir-et-periscolaire.svg",500,500,false],"large":["https:\/\/www.adapei64.fr\/site\/wp-content\/uploads\/2021\/12\/05-Loisir-et-periscolaire.svg",500,500,false],"1536x1536":["https:\/\/www.adapei64.fr\/site\/wp-content\/uploads\/2021\/12\/05-Loisir-et-periscolaire.svg",500,500,false],"2048x2048":["https:\/\/www.adapei64.fr\/site\/wp-content\/uploads\/2021\/12\/05-Loisir-et-periscolaire.svg",500,500,false]},"uagb_author_info":{"display_name":"Marie Lafargue","author_link":"https:\/\/www.adapei64.fr\/site\/author\/marie\/"},"uagb_comment_info":0,"uagb_excerpt":"Nombreuses sont les activit\u00e9s pour occuper les mercredis et week-ends, pour proposer \u00e0 votre enfant de d\u00e9couvrir le monde et d\u00e9velopper sa curiosit\u00e9, sa sensibilit\u00e9.&nbsp; Sport&nbsp; Le Pass Sport Cette&hellip; Lire : Loisirs et p\u00e9riscolaire","distributor_meta":false,"distributor_terms":false,"distributor_media":false,"distributor_original_site_name":"Adapei des Pyr\u00e9n\u00e9es-Atlantiques","distributor_original_site_url":"https:\/\/www.adapei64.fr\/site","push-errors":false,"_links":{"self":[{"href":"https:\/\/www.adapei64.fr\/site\/wp-json\/wp\/v2\/pages\/6060","targetHints":{"allow":["GET"]}}],"collection":[{"href":"https:\/\/www.adapei64.fr\/site\/wp-json\/wp\/v2\/pages"}],"about":[{"href":"https:\/\/www.adapei64.fr\/site\/wp-json\/wp\/v2\/types\/page"}],"author":[{"embeddable":true,"href":"https:\/\/www.adapei64.fr\/site\/wp-json\/wp\/v2\/users\/1"}],"replies":[{"embeddable":true,"href":"https:\/\/www.adapei64.fr\/site\/wp-json\/wp\/v2\/comments?post=6060"}],"version-history":[{"count":13,"href":"https:\/\/www.adapei64.fr\/site\/wp-json\/wp\/v2\/pages\/6060\/revisions"}],"predecessor-version":[{"id":15750,"href":"https:\/\/www.adapei64.fr\/site\/wp-json\/wp\/v2\/pages\/6060\/revisions\/15750"}],"up":[{"embeddable":true,"href":"https:\/\/www.adapei64.fr\/site\/wp-json\/wp\/v2\/pages\/1597"}],"wp:featuredmedia":[{"embeddable":true,"href":"https:\/\/www.adapei64.fr\/site\/wp-json\/wp\/v2\/media\/5668"}],"wp:attachment":[{"href":"https:\/\/www.adapei64.fr\/site\/wp-json\/wp\/v2\/media?parent=6060"}],"curies":[{"name":"wp","href":"https:\/\/api.w.org\/{rel}","templated":true}]}}