{"id":6065,"date":"2021-08-07T16:35:54","date_gmt":"2021-12-17T15:35:39","guid":{"rendered":"http:\/\/adapei64.fr\/wp2\/?page_id=6065"},"modified":"2025-07-30T18:07:02","modified_gmt":"2025-07-30T16:07:02","slug":"mon-proche-ne-peut-pas-travailler","status":"publish","type":"page","link":"https:\/\/www.adapei64.fr\/site\/proche\/mon-proche-ne-peut-pas-travailler\/","title":{"rendered":"Mon proche ne peut pas travailler"},"content":{"rendered":"\n<div style=\"height:70px\" aria-hidden=\"true\" class=\"wp-block-spacer\"><\/div>\n\n\n\n<div class=\"wp-block-columns is-layout-flex wp-container-core-columns-is-layout-07579d57 wp-block-columns-is-layout-flex\">\n<div class=\"wp-block-column is-layout-flow wp-block-column-is-layout-flow\" style=\"flex-basis:80%\">\n<h2 class=\"wp-block-heading\">Un accompagnement \u00e0 domicile<\/h2>\n\n\n\n<h3 class=\"wp-block-heading\">Le Service d&#8217;Accompagnement \u00e0 la Vie Sociale : SAVS<\/h3>\n\n\n\n<p class=\"wp-block-paragraph\">Que votre proche habite chez vous ou en autonomie, il peut b\u00e9n\u00e9ficier de l&#8217;accompagnement d&#8217;un SAVS.<br>Le Service d\u2019Accompagnement \u00e0 la Vie Sociale (SAVS) est un service qui accompagne les adultes handicap\u00e9s pour une inclusion et une vie en milieu ordinaire.&nbsp;<\/p>\n\n\n\n<p class=\"wp-block-paragraph\">Les SAVS apportent un soutien dans les domaines :<\/p>\n\n\n\n<ul class=\"wp-block-list\">\n<li>du logement,<\/li>\n\n\n\n<li>du travail,<\/li>\n\n\n\n<li>de l\u2019alimentation,<\/li>\n\n\n\n<li>du soin de la sant\u00e9,<\/li>\n\n\n\n<li>des loisirs,<\/li>\n\n\n\n<li>des liens familiaux,<\/li>\n\n\n\n<li>de la gestion budg\u00e9taire.<\/li>\n<\/ul>\n\n\n\n<p class=\"wp-block-paragraph\">Les prestations sont assur\u00e9es par une \u00e9quipe pluridisciplinaire intervenant principalement au domicile des personnes handicap\u00e9es b\u00e9n\u00e9ficiant d\u2019une notification SAVS de la part de la CDAPH.<\/p>\n\n\n\n<p class=\"wp-block-paragraph\"><a href=\"http:\/\/www.adapei64.fr\/site\/proche\/reconnaissance-du-handicap\/\" target=\"_blank\" rel=\"noopener\">Pour que votre proche b\u00e9n\u00e9ficie de l&#8217;accompagnement d&#8217;un SAVS, vous devez en faire la demande aupr\u00e8s de la MDPH<\/a><\/p>\n\n\n\n<div style=\"height:70px\" aria-hidden=\"true\" class=\"wp-block-spacer\"><\/div>\n\n\n\n<h2 class=\"wp-block-heading\">Les \u00e9tablissements d&#8217;accueil m\u00e9dico-sociaux :<\/h2>\n\n\n\n<div style=\"height:35px\" aria-hidden=\"true\" class=\"wp-block-spacer\"><\/div>\n\n\n\n<h3 class=\"wp-block-heading\">Le Foyer de vie<\/h3>\n\n\n\n<p class=\"wp-block-paragraph\">Le foyer de vie (ou foyer occupationnel) accueille des adultes en situation de handicap ayant une certaine autonomie pour leur proposer des animations et activit\u00e9s en fonction de leur handicap. Certaines structures peuvent \u00e9galement proposer un h\u00e9bergement.&nbsp;<\/p>\n\n\n\n<p class=\"wp-block-paragraph\">Pour pouvoir \u00eatre admis dans un foyer de vie, votre proche doit avoir un taux d&#8217;incapacit\u00e9 d&#8217;au moins 50 % et b\u00e9n\u00e9ficier d&#8217;une autonomie suffisante pour se nourrir, s&#8217;habiller,&#8230;<\/p>\n\n\n\n<p class=\"wp-block-paragraph\"><a href=\"http:\/\/www.adapei64.fr\/site\/proche\/reconnaissance-du-handicap\/\" target=\"_blank\" rel=\"noopener\">Pour que votre proche soit admis en Foyer de vie, vous devez en faire la demande aupr\u00e8s de la MDPH<\/a><\/p>\n\n\n\n<div style=\"height:35px\" aria-hidden=\"true\" class=\"wp-block-spacer\"><\/div>\n\n\n\n<h3 class=\"wp-block-heading\">Le Foyer d&#8217;Accueil M\u00e9dicalis\u00e9 : FAM<\/h3>\n\n\n\n<p class=\"wp-block-paragraph\">Le foyer d&#8217;accueil m\u00e9dicalis\u00e9 (FAM) propose un h\u00e9bergement et un accompagnement \u00e0 des adultes handicap\u00e9s gravement d\u00e9pendants qui n&#8217;arrivent pas \u00e0 r\u00e9aliser seuls les actes de la vie courante (se nourrir, s&#8217;habiller, se d\u00e9placer&#8230;).&nbsp;<\/p>\n\n\n\n<p class=\"wp-block-paragraph\">Le FAM propose \u00e9galement une surveillance m\u00e9dicale et une aide \u00e9ducative pour favoriser le maintien ou l&#8217;acquisition d&#8217;une plus grande autonomie.<\/p>\n\n\n\n<p class=\"wp-block-paragraph\"><a href=\"http:\/\/www.adapei64.fr\/site\/proche\/reconnaissance-du-handicap\/\" target=\"_blank\" rel=\"noopener\">Pour que votre proche soit admis en FAM, vous devez en faire la demande aupr\u00e8s de la MDPH<\/a><\/p>\n\n\n\n<div style=\"height:35px\" aria-hidden=\"true\" class=\"wp-block-spacer\"><\/div>\n\n\n\n<h3 class=\"wp-block-heading\">La Maison d&#8217;Accueil Sp\u00e9cialis\u00e9e : MAS<\/h3>\n\n\n\n<p class=\"wp-block-paragraph\">La maison d&#8217;accueil sp\u00e9cialis\u00e9e (Mas) propose un h\u00e9bergement permanent \u00e0 un adulte handicap\u00e9 gravement d\u00e9pendant qui n&#8217;arrive pas \u00e0 r\u00e9aliser seul les actes de la vie courante (se nourrir, s&#8217;habiller&#8230;).<\/p>\n\n\n\n<p class=\"wp-block-paragraph\">Les Mas proposent une surveillance m\u00e9dicale mais aussi des activit\u00e9s pour les r\u00e9sidents telles que activit\u00e9s manuelles, relaxation, musique.<\/p>\n\n\n\n<p class=\"wp-block-paragraph\"><a href=\"http:\/\/www.adapei64.fr\/site\/proche\/reconnaissance-du-handicap\/\" target=\"_blank\" rel=\"noopener\">Pour que votre proche soit admis en MAS, vous devez en faire la demande aupr\u00e8s de la MDPH<\/a><\/p>\n<\/div>\n\n\n\n<div class=\"wp-block-column is-layout-flow wp-block-column-is-layout-flow\" style=\"flex-basis:20%\">\n<figure class=\"wp-block-image bloc_bleu\"><a href=\"https:\/\/www.adapei64.fr\/site\/adapei\/les-etablissements-et-services\/\"><img decoding=\"async\" src=\"http:\/\/www.adapei64.fr\/site\/wp-content\/uploads\/2021\/02\/TrouverESMS.png\" alt=\"Carte vers les \u00e9tablissements et services de l'Adapei des Pyr\u00e9n\u00e9es-Atlantiques\"\/><\/a><figcaption class=\"wp-element-caption\"><a href=\"https:\/\/www.adapei64.fr\/site\/adapei\/les-etablissements-et-services\/\" data-type=\"page\" data-id=\"1013\">Trouver un \u00e9tablissement ou service<\/a><\/figcaption><\/figure>\n\n\n\n<figure class=\"wp-block-image bloc_gris\"><a href=\"http:\/\/www.adapei64.fr\/site\/proche\/reconnaissance-du-handicap\/\"><img decoding=\"async\" src=\"http:\/\/www.adapei64.fr\/site\/wp-content\/uploads\/2021\/12\/02-Reconnaissance-du-handicap.svg\" alt=\"Une personne handicap\u00e9e poste un document\"\/><\/a><figcaption class=\"wp-element-caption\"><a href=\"https:\/\/www.adapei64.fr\/site\/proche\/reconnaissance-du-handicap\/\" data-type=\"page\" data-id=\"2399\">Reconnaissance du handicap<\/a><\/figcaption><\/figure>\n\n\n\n<figure class=\"wp-block-image bloc_gris\"><a href=\"http:\/\/www.adapei64.fr\/site\/proche\/aides-pour-adultes\/\"><img decoding=\"async\" src=\"http:\/\/www.adapei64.fr\/site\/wp-content\/uploads\/2021\/12\/12-Aides-Adultes.svg\" alt=\"Un femme tient une tirelire\"\/><\/a><figcaption class=\"wp-element-caption\"><a href=\"https:\/\/www.adapei64.fr\/site\/proche\/aides-pour-adultes\/\" data-type=\"page\" data-id=\"6080\">Aides pour adultes<\/a><\/figcaption><\/figure>\n<\/div>\n<\/div>\n\n\n\n<div class=\"wp-block-columns is-layout-flex wp-container-core-columns-is-layout-07579d57 wp-block-columns-is-layout-flex\">\n<div class=\"wp-block-column is-layout-flow wp-block-column-is-layout-flow\" style=\"flex-basis:80%\"><\/div>\n\n\n\n<div class=\"wp-block-column is-layout-flow wp-block-column-is-layout-flow\" style=\"flex-basis:20%\"><\/div>\n<\/div>\n\n\n\n<div class=\"wp-block-columns is-layout-flex wp-container-core-columns-is-layout-07579d57 wp-block-columns-is-layout-flex\">\n<div class=\"wp-block-column is-layout-flow wp-block-column-is-layout-flow\" style=\"flex-basis:80%\"><\/div>\n\n\n\n<div class=\"wp-block-column is-layout-flow wp-block-column-is-layout-flow\" style=\"flex-basis:20%\"><\/div>\n<\/div>\n\n\n\n<div class=\"wp-block-columns is-layout-flex wp-container-core-columns-is-layout-07579d57 wp-block-columns-is-layout-flex\">\n<div class=\"wp-block-column is-layout-flow wp-block-column-is-layout-flow\" style=\"flex-basis:80%\"><\/div>\n\n\n\n<div class=\"wp-block-column is-layout-flow wp-block-column-is-layout-flow\" style=\"flex-basis:20%\"><\/div>\n<\/div>\n\n\n\n<div class=\"wp-block-columns is-layout-flex wp-container-core-columns-is-layout-07579d57 wp-block-columns-is-layout-flex\">\n<div class=\"wp-block-column is-layout-flow wp-block-column-is-layout-flow\" style=\"flex-basis:80%\"><\/div>\n\n\n\n<div class=\"wp-block-column is-layout-flow wp-block-column-is-layout-flow\" style=\"flex-basis:20%\"><\/div>\n<\/div>\n","protected":false},"excerpt":{"rendered":"<p>Un accompagnement \u00e0 domicile Le Service d&#8217;Accompagnement \u00e0 la Vie Sociale : SAVS Que votre proche habite chez vous ou en autonomie, il peut b\u00e9n\u00e9ficier de l&#8217;accompagnement d&#8217;un SAVS.Le Service&hellip; <a class=\"continue\" href=\"https:\/\/www.adapei64.fr\/site\/proche\/mon-proche-ne-peut-pas-travailler\/\">Lire :<span> Mon proche ne peut pas travailler<\/span><\/a><\/p>\n","protected":false},"author":1,"featured_media":5688,"parent":1597,"menu_order":7,"comment_status":"closed","ping_status":"closed","template":"","meta":{"_crdt_document":"","om_disable_all_campaigns":false,"_uag_custom_page_level_css":"","_monsterinsights_skip_tracking":false,"_monsterinsights_sitenote_active":false,"_monsterinsights_sitenote_note":"","_monsterinsights_sitenote_category":0,"_uf_show_specific_survey":0,"_uf_disable_surveys":false,"_EventAllDay":false,"_EventTimezone":"","_EventStartDate":"","_EventEndDate":"","_EventStartDateUTC":"","_EventEndDateUTC":"","_EventShowMap":false,"_EventShowMapLink":false,"_EventURL":"","_EventCost":"","_EventCostDescription":"","_EventCurrencySymbol":"","_EventCurrencyCode":"","_EventCurrencyPosition":"","_EventDateTimeSeparator":"","_EventTimeRangeSeparator":"","_EventOrganizerID":[],"_EventVenueID":[],"_OrganizerEmail":"","_OrganizerPhone":"","_OrganizerWebsite":"","_VenueAddress":"","_VenueCity":"","_VenueCountry":"","_VenueProvince":"","_VenueState":"","_VenueZip":"","_VenuePhone":"","_VenueURL":"","_VenueStateProvince":"","_VenueLat":"","_VenueLng":"","_VenueShowMap":false,"_VenueShowMapLink":false,"footnotes":""},"class_list":["post-6065","page","type-page","status-publish","has-post-thumbnail","hentry"],"uagb_featured_image_src":{"full":["https:\/\/www.adapei64.fr\/site\/wp-content\/uploads\/2021\/12\/07-Activite.svg",500,500,false],"thumbnail":["https:\/\/www.adapei64.fr\/site\/wp-content\/uploads\/2021\/12\/07-Activite.svg",500,500,false],"medium":["https:\/\/www.adapei64.fr\/site\/wp-content\/uploads\/2021\/12\/07-Activite.svg",500,500,false],"medium_large":["https:\/\/www.adapei64.fr\/site\/wp-content\/uploads\/2021\/12\/07-Activite.svg",500,500,false],"large":["https:\/\/www.adapei64.fr\/site\/wp-content\/uploads\/2021\/12\/07-Activite.svg",500,500,false],"1536x1536":["https:\/\/www.adapei64.fr\/site\/wp-content\/uploads\/2021\/12\/07-Activite.svg",500,500,false],"2048x2048":["https:\/\/www.adapei64.fr\/site\/wp-content\/uploads\/2021\/12\/07-Activite.svg",500,500,false]},"uagb_author_info":{"display_name":"Marie Lafargue","author_link":"https:\/\/www.adapei64.fr\/site\/author\/marie\/"},"uagb_comment_info":0,"uagb_excerpt":"Un accompagnement \u00e0 domicile Le Service d&#8217;Accompagnement \u00e0 la Vie Sociale : SAVS Que votre proche habite chez vous ou en autonomie, il peut b\u00e9n\u00e9ficier de l&#8217;accompagnement d&#8217;un SAVS.Le Service&hellip; Lire : Mon proche ne peut pas travailler","distributor_meta":false,"distributor_terms":false,"distributor_media":false,"distributor_original_site_name":"Adapei des Pyr\u00e9n\u00e9es-Atlantiques","distributor_original_site_url":"https:\/\/www.adapei64.fr\/site","push-errors":false,"_links":{"self":[{"href":"https:\/\/www.adapei64.fr\/site\/wp-json\/wp\/v2\/pages\/6065","targetHints":{"allow":["GET"]}}],"collection":[{"href":"https:\/\/www.adapei64.fr\/site\/wp-json\/wp\/v2\/pages"}],"about":[{"href":"https:\/\/www.adapei64.fr\/site\/wp-json\/wp\/v2\/types\/page"}],"author":[{"embeddable":true,"href":"https:\/\/www.adapei64.fr\/site\/wp-json\/wp\/v2\/users\/1"}],"replies":[{"embeddable":true,"href":"https:\/\/www.adapei64.fr\/site\/wp-json\/wp\/v2\/comments?post=6065"}],"version-history":[{"count":27,"href":"https:\/\/www.adapei64.fr\/site\/wp-json\/wp\/v2\/pages\/6065\/revisions"}],"predecessor-version":[{"id":18036,"href":"https:\/\/www.adapei64.fr\/site\/wp-json\/wp\/v2\/pages\/6065\/revisions\/18036"}],"up":[{"embeddable":true,"href":"https:\/\/www.adapei64.fr\/site\/wp-json\/wp\/v2\/pages\/1597"}],"wp:featuredmedia":[{"embeddable":true,"href":"https:\/\/www.adapei64.fr\/site\/wp-json\/wp\/v2\/media\/5688"}],"wp:attachment":[{"href":"https:\/\/www.adapei64.fr\/site\/wp-json\/wp\/v2\/media?parent=6065"}],"curies":[{"name":"wp","href":"https:\/\/api.w.org\/{rel}","templated":true}]}}