{"id":662,"date":"2021-08-08T19:21:54","date_gmt":"2020-11-03T18:21:13","guid":{"rendered":"http:\/\/adapei64.fr\/wp2\/?page_id=662"},"modified":"2026-02-12T11:03:01","modified_gmt":"2026-02-12T10:03:01","slug":"faire-un-don-a-ladapei-des-pyrenees-atlantiques","status":"publish","type":"page","link":"https:\/\/www.adapei64.fr\/site\/adapei\/faire-un-don-a-ladapei-des-pyrenees-atlantiques\/","title":{"rendered":"Faire un don \u00e0 l&#8217;Adapei des Pyr\u00e9n\u00e9es-Atlantiques"},"content":{"rendered":"\n<div style=\"height:70px\" aria-hidden=\"true\" class=\"wp-block-spacer\"><\/div>\n\n\n\n<div class=\"wp-block-columns is-layout-flex wp-container-core-columns-is-layout-07579d57 wp-block-columns-is-layout-flex\">\n<div class=\"wp-block-column is-layout-flow wp-container-core-column-is-layout-7e630af6 wp-block-column-is-layout-flow\" style=\"border-top-left-radius:0px;border-top-right-radius:0px;border-bottom-left-radius:0px;border-bottom-right-radius:0px;padding-top:var(--wp--preset--spacing--20);padding-right:0;padding-bottom:var(--wp--preset--spacing--20);padding-left:0;flex-basis:80%\">\n<p class=\"wp-block-paragraph\">L\u2019Adapei des PA accueille des personnes en situation de handicap et soutient leurs familles.<\/p>\n\n\n\n<p class=\"wp-block-paragraph\">Au cours de ses 60 ans d\u2019existence, une volont\u00e9 forte lui a permis de d\u00e9velopper et de mettre en \u0153uvre une politique de recherche et de valorisation des comp\u00e9tences des personnes qu\u2019elle accueille dans des structures adapt\u00e9es \u00e0 leur \u00e2ge, leurs besoins de formation, de travail et\/ou d\u2019accompagnement.<\/p>\n\n\n\n<p class=\"wp-block-paragraph\">Un soutien financier serait pr\u00e9cieux pour la mise en \u0153uvre de nos actions.<\/p>\n\n\n\n<p class=\"wp-block-paragraph\">Vous remerciant par avance de l\u2019aide que vous pourrez apporter, je vous prie d\u2019agr\u00e9er, Madame,<br>Monsieur, mes sentiments les meilleurs.<\/p>\n\n\n\n<p class=\"wp-block-paragraph\">La Pr\u00e9sidente de l\u2019Adapei des P.A.<br>Anne Marie CAVRET<\/p>\n\n\n\n<div class=\"wp-block-uagb-buttons uagb-buttons__outer-wrap uagb-btn__default-btn uagb-btn-tablet__default-btn uagb-btn-mobile__default-btn uagb-block-80e441c6\"><div class=\"uagb-buttons__wrap uagb-buttons-layout-wrap \">\n<div class=\"wp-block-uagb-buttons-child uagb-buttons__outer-wrap uagb-block-d30bff8c wp-block-button\"><div class=\"uagb-button__wrapper\"><a class=\"uagb-buttons-repeater wp-block-button__link\" aria-label=\"\" href=\"http:\/\/www.adapei64.fr\/site\/wp-content\/uploads\/2026\/01\/Formulaire-don-2026.pdf\" rel=\"follow noopener\" target=\"_self\" role=\"button\"><div class=\"uagb-button__link\">Faire un don en ch\u00e8que<\/div><span class=\"uagb-button__icon uagb-button__icon-position-after\"><svg xmlns=\"https:\/\/www.w3.org\/2000\/svg\" viewBox=\"0 0 576 512\" aria-hidden=\"true\" focussable=\"false\"><path d=\"M48.66 79.13C128.4 100.9 208.2 80.59 288 60.25C375 38.08 462 15.9 549 48.38C565.9 54.69 576 71.62 576 89.66V399.5C576 423.4 550.4 439.2 527.3 432.9C447.6 411.1 367.8 431.4 288 451.7C200.1 473.9 113.1 496.1 26.97 463.6C10.06 457.3 0 440.4 0 422.3V112.5C0 88.59 25.61 72.83 48.66 79.13L48.66 79.13zM287.1 352C332.2 352 368 309 368 255.1C368 202.1 332.2 159.1 287.1 159.1C243.8 159.1 207.1 202.1 207.1 255.1C207.1 309 243.8 352 287.1 352zM63.1 416H127.1C127.1 380.7 99.35 352 63.1 352V416zM63.1 143.1V207.1C99.35 207.1 127.1 179.3 127.1 143.1H63.1zM512 303.1C476.7 303.1 448 332.7 448 368H512V303.1zM448 95.1C448 131.3 476.7 159.1 512 159.1V95.1H448z\"><\/path><\/svg><\/span><\/a><\/div><\/div>\n\n\n\n<div class=\"wp-block-uagb-buttons-child uagb-buttons__outer-wrap uagb-block-0ef0ab71 wp-block-button\"><div class=\"uagb-button__wrapper\"><a class=\"uagb-buttons-repeater wp-block-button__link\" aria-label=\"\" href=\"https:\/\/www.helloasso.com\/associations\/adapei-des-pyrenees-atlantiques\/formulaires\/2\" rel=\"follow noopener\" target=\"_self\" role=\"button\"><div class=\"uagb-button__link\">Faire un don en ligne<\/div><span class=\"uagb-button__icon uagb-button__icon-position-after\"><svg xmlns=\"https:\/\/www.w3.org\/2000\/svg\" viewBox=\"0 0 320 512\" aria-hidden=\"true\" focussable=\"false\"><path d=\"M318.4 304.5c-3.531 9.344-12.47 15.52-22.45 15.52h-105l45.15 94.82c9.496 19.94 1.031 43.8-18.91 53.31c-19.95 9.504-43.82 1.035-53.32-18.91L117.3 351.3l-75 88.25c-4.641 5.469-11.37 8.453-18.28 8.453c-2.781 0-5.578-.4844-8.281-1.469C6.281 443.1 0 434.1 0 423.1V56.02c0-9.438 5.531-18.03 14.12-21.91C22.75 30.26 32.83 31.77 39.87 37.99l271.1 240C319.4 284.6 321.1 295.1 318.4 304.5z\"><\/path><\/svg><\/span><\/a><\/div><\/div>\n<\/div><\/div>\n<\/div>\n\n\n\n<div class=\"wp-block-column is-layout-flow wp-block-column-is-layout-flow\" style=\"flex-basis:20%\">\n<figure class=\"wp-block-image size-full is-resized bloc_bleu\"><a href=\"https:\/\/www.adapei64.fr\/site\/adapei\/\"><img decoding=\"async\" src=\"http:\/\/www.adapei64.fr\/site\/wp-content\/uploads\/2022\/02\/infos-b.svg\" alt=\"\" class=\"wp-image-8077\" style=\"width:auto;height:80px\"\/><\/a><figcaption class=\"wp-element-caption\"><a href=\"https:\/\/www.adapei64.fr\/site\/adapei\/\" data-type=\"page\" data-id=\"728\">En savoir plus sur l&#8217;association<\/a><\/figcaption><\/figure>\n\n\n\n<figure class=\"wp-block-image bloc_bleu\"><a href=\"https:\/\/www.adapei64.fr\/site\/adapei\/les-etablissements-et-services\/\"><img decoding=\"async\" src=\"http:\/\/www.adapei64.fr\/site\/wp-content\/uploads\/2021\/02\/TrouverESMS.png\" alt=\"Carte vers les \u00e9tablissements et services de l'Adapei des Pyr\u00e9n\u00e9es-Atlantiques\"\/><\/a><figcaption class=\"wp-element-caption\"><a href=\"https:\/\/www.adapei64.fr\/site\/adapei\/les-etablissements-et-services\/\" data-type=\"page\" data-id=\"1013\">Trouver un \u00e9tablissement ou service<\/a><\/figcaption><\/figure>\n\n\n\n<figure class=\"wp-block-image bloc_bleu\"><a href=\"http:\/\/www.adapei64.fr\/site\/adapei\/projet-associatif-2021-2025\/\"><img decoding=\"async\" src=\"http:\/\/www.adapei64.fr\/site\/wp-content\/uploads\/2020\/11\/ProjetAsso2.png\" alt=\"Projet associatif 2021-2025\"\/><\/a><figcaption class=\"wp-element-caption\"><a href=\"http:\/\/www.adapei64.fr\/site\/adapei\/projet-associatif-2021-2025\/\" target=\"_blank\" rel=\"noreferrer noopener\">Notre projet associatif<\/a><\/figcaption><\/figure>\n<\/div>\n<\/div>\n\n\n\n<p class=\"wp-block-paragraph\"><\/p>\n","protected":false},"excerpt":{"rendered":"<p>L\u2019Adapei des PA accueille des personnes en situation de handicap et soutient leurs familles. Au cours de ses 60 ans d\u2019existence, une volont\u00e9 forte lui a permis de d\u00e9velopper et&hellip; <a class=\"continue\" href=\"https:\/\/www.adapei64.fr\/site\/adapei\/faire-un-don-a-ladapei-des-pyrenees-atlantiques\/\">Lire :<span> Faire un don \u00e0 l&#8217;Adapei des Pyr\u00e9n\u00e9es-Atlantiques<\/span><\/a><\/p>\n","protected":false},"author":1,"featured_media":654,"parent":728,"menu_order":5,"comment_status":"closed","ping_status":"closed","template":"","meta":{"_crdt_document":"","om_disable_all_campaigns":false,"_uag_custom_page_level_css":"","_monsterinsights_skip_tracking":false,"_monsterinsights_sitenote_active":false,"_monsterinsights_sitenote_note":"","_monsterinsights_sitenote_category":0,"_uf_show_specific_survey":0,"_uf_disable_surveys":false,"_EventAllDay":false,"_EventTimezone":"","_EventStartDate":"","_EventEndDate":"","_EventStartDateUTC":"","_EventEndDateUTC":"","_EventShowMap":false,"_EventShowMapLink":false,"_EventURL":"","_EventCost":"","_EventCostDescription":"","_EventCurrencySymbol":"","_EventCurrencyCode":"","_EventCurrencyPosition":"","_EventDateTimeSeparator":"","_EventTimeRangeSeparator":"","_EventOrganizerID":[],"_EventVenueID":[],"_OrganizerEmail":"","_OrganizerPhone":"","_OrganizerWebsite":"","_VenueAddress":"","_VenueCity":"","_VenueCountry":"","_VenueProvince":"","_VenueState":"","_VenueZip":"","_VenuePhone":"","_VenueURL":"","_VenueStateProvince":"","_VenueLat":"","_VenueLng":"","_VenueShowMap":false,"_VenueShowMapLink":false,"footnotes":""},"class_list":["post-662","page","type-page","status-publish","has-post-thumbnail","hentry"],"uagb_featured_image_src":{"full":["https:\/\/www.adapei64.fr\/site\/wp-content\/uploads\/2020\/11\/pa2021-2025.jpg",1848,1304,false],"thumbnail":["https:\/\/www.adapei64.fr\/site\/wp-content\/uploads\/2020\/11\/pa2021-2025-600x600.jpg",600,600,true],"medium":["https:\/\/www.adapei64.fr\/site\/wp-content\/uploads\/2020\/11\/pa2021-2025-1000x706.jpg",1000,706,true],"medium_large":["https:\/\/www.adapei64.fr\/site\/wp-content\/uploads\/2020\/11\/pa2021-2025-768x542.jpg",768,542,true],"large":["https:\/\/www.adapei64.fr\/site\/wp-content\/uploads\/2020\/11\/pa2021-2025.jpg",1848,1304,false],"1536x1536":["https:\/\/www.adapei64.fr\/site\/wp-content\/uploads\/2020\/11\/pa2021-2025-1536x1084.jpg",1536,1084,true],"2048x2048":["https:\/\/www.adapei64.fr\/site\/wp-content\/uploads\/2020\/11\/pa2021-2025.jpg",1848,1304,false]},"uagb_author_info":{"display_name":"Marie Lafargue","author_link":"https:\/\/www.adapei64.fr\/site\/author\/marie\/"},"uagb_comment_info":0,"uagb_excerpt":"L\u2019Adapei des PA accueille des personnes en situation de handicap et soutient leurs familles. Au cours de ses 60 ans d\u2019existence, une volont\u00e9 forte lui a permis de d\u00e9velopper et&hellip; Lire : Faire un don \u00e0 l&#8217;Adapei des Pyr\u00e9n\u00e9es-Atlantiques","distributor_meta":false,"distributor_terms":false,"distributor_media":false,"distributor_original_site_name":"Adapei des Pyr\u00e9n\u00e9es-Atlantiques","distributor_original_site_url":"https:\/\/www.adapei64.fr\/site","push-errors":false,"_links":{"self":[{"href":"https:\/\/www.adapei64.fr\/site\/wp-json\/wp\/v2\/pages\/662","targetHints":{"allow":["GET"]}}],"collection":[{"href":"https:\/\/www.adapei64.fr\/site\/wp-json\/wp\/v2\/pages"}],"about":[{"href":"https:\/\/www.adapei64.fr\/site\/wp-json\/wp\/v2\/types\/page"}],"author":[{"embeddable":true,"href":"https:\/\/www.adapei64.fr\/site\/wp-json\/wp\/v2\/users\/1"}],"replies":[{"embeddable":true,"href":"https:\/\/www.adapei64.fr\/site\/wp-json\/wp\/v2\/comments?post=662"}],"version-history":[{"count":63,"href":"https:\/\/www.adapei64.fr\/site\/wp-json\/wp\/v2\/pages\/662\/revisions"}],"predecessor-version":[{"id":20378,"href":"https:\/\/www.adapei64.fr\/site\/wp-json\/wp\/v2\/pages\/662\/revisions\/20378"}],"up":[{"embeddable":true,"href":"https:\/\/www.adapei64.fr\/site\/wp-json\/wp\/v2\/pages\/728"}],"wp:featuredmedia":[{"embeddable":true,"href":"https:\/\/www.adapei64.fr\/site\/wp-json\/wp\/v2\/media\/654"}],"wp:attachment":[{"href":"https:\/\/www.adapei64.fr\/site\/wp-json\/wp\/v2\/media?parent=662"}],"curies":[{"name":"wp","href":"https:\/\/api.w.org\/{rel}","templated":true}]}}