{"id":666,"date":"2021-08-09T09:57:54","date_gmt":"2020-11-04T08:57:32","guid":{"rendered":"http:\/\/adapei64.fr\/wp2\/?page_id=666"},"modified":"2024-08-06T18:46:30","modified_gmt":"2024-08-06T16:46:30","slug":"devenir-benevole","status":"publish","type":"page","link":"https:\/\/www.adapei64.fr\/site\/adapei\/devenir-benevole\/","title":{"rendered":"Devenir b\u00e9n\u00e9vole"},"content":{"rendered":"\n<div style=\"height:70px\" aria-hidden=\"true\" class=\"wp-block-spacer\"><\/div>\n\n\n\n<div class=\"wp-block-columns is-layout-flex wp-container-core-columns-is-layout-07579d57 wp-block-columns-is-layout-flex\">\n<div class=\"wp-block-column is-layout-flow wp-block-column-is-layout-flow\" style=\"flex-basis:80%\">\n<p class=\"wp-block-paragraph\">Vous souhaitez faire avancer des id\u00e9es et\/ou apporter votre aide ?<\/p>\n\n\n\n<p class=\"wp-block-paragraph\">Des parents vous accompagnent pour comprendre notre association, son fonctionnement, ses missions et vous int\u00e9grer au mieux, en fonction de vos disponibilit\u00e9s.<\/p>\n\n\n\n<div style=\"height:55px\" aria-hidden=\"true\" class=\"wp-block-spacer\"><\/div>\n\n\n\n<h2 class=\"wp-block-heading\">Pourquoi nos rejoindre ?<\/h2>\n\n\n\n<p class=\"wp-block-paragraph\">L\u2019Adapei des Pyr\u00e9n\u00e9es-Atlantiques se d\u00e9finit comme un acteur agissant au sein de la soci\u00e9t\u00e9<strong> pour repr\u00e9senter et d\u00e9fendre les droits des personnes en situation de handicap et de leurs familles<\/strong>. <br>L\u2019association compl\u00e8te ses missions traditionnelles de repr\u00e9sentation et de gestionnaire par des actions \u0153uvrant pour des parcours individualis\u00e9s et dynamiques s\u2019inscrivant dans une logique d\u2019<b>ouverture, de partage d\u2019exp\u00e9rience, de recherche et d\u2019innovation<\/b> :<\/p>\n\n\n\n<ul class=\"wp-block-list\">\n<li>Accompagner les personnes en situation de handicap,<\/li>\n\n\n\n<li>Aider et soutenir les familles,<\/li>\n\n\n\n<li>Repr\u00e9senter et d\u00e9fendre les droits des personnes en situation de handicap et des familles aupr\u00e8s des diff\u00e9rentes instances.<\/li>\n<\/ul>\n\n\n\n<p class=\"wp-block-paragraph\">Mais aussi :<\/p>\n\n\n\n<ul class=\"wp-block-list\">\n<li>Sensibiliser le public au handicap et l\u2019informer,<\/li>\n\n\n\n<li>Valoriser la force du mouvement parental,<\/li>\n\n\n\n<li>Participer aux r\u00e9flexions et d\u00e9cisions politiques du secteur m\u00e9dico-social,<\/li>\n\n\n\n<li>Agir au sein de r\u00e9seaux et s\u2019inscrire dans des projets d\u00e9partementaux, r\u00e9gionaux, nationaux et europ\u00e9ens,<\/li>\n\n\n\n<li>G\u00e9rer des \u00e9tablissements et des services en lien avec notre r\u00e9f\u00e9rentiel qualit\u00e9 certifi\u00e9 \u00ab Accompagner pour ins\u00e9rer \u00bb,<\/li>\n\n\n\n<li>Anticiper et accompagner les \u00e9volutions du secteur m\u00e9dico-social en investissant dans la recherche et l\u2019innovation.<\/li>\n<\/ul>\n\n\n\n<div style=\"height:55px\" aria-hidden=\"true\" class=\"wp-block-spacer\"><\/div>\n\n\n\n<h2 class=\"wp-block-heading\">Contactez le secr\u00e9tariat<br>de l&#8217;association :<\/h2>\n\n\n\n<p class=\"wp-block-paragraph\">05 59 90 39 02<br>karine.letellier@adapei64.fr<br><br>Adapei des Pyr\u00e9n\u00e9es-Atlantiques,<br>BP 80123<br>105 avenue des Lilas<br>64001 PAU Cedex<\/p>\n<\/div>\n\n\n\n<div class=\"wp-block-column is-layout-flow wp-block-column-is-layout-flow\" style=\"flex-basis:20%\">\n<figure class=\"wp-block-image size-full is-resized bloc_bleu\"><a href=\"https:\/\/www.adapei64.fr\/site\/adapei\/\"><img decoding=\"async\" src=\"http:\/\/www.adapei64.fr\/site\/wp-content\/uploads\/2022\/02\/infos-b.svg\" alt=\"\" class=\"wp-image-8077\" style=\"width:auto;height:80px\"\/><\/a><figcaption class=\"wp-element-caption\"><a href=\"https:\/\/www.adapei64.fr\/site\/adapei\/\" data-type=\"page\" data-id=\"728\">En savoir plus sur l&#8217;association<\/a><\/figcaption><\/figure>\n\n\n\n<figure class=\"wp-block-image bloc_bleu\"><a href=\"http:\/\/www.adapei64.fr\/site\/adapei\/projet-associatif-2021-2025\/\"><img decoding=\"async\" src=\"http:\/\/www.adapei64.fr\/site\/wp-content\/uploads\/2020\/11\/ProjetAsso2.png\" alt=\"Projet associatif 2021-2025\"\/><\/a><figcaption class=\"wp-element-caption\"><a href=\"http:\/\/www.adapei64.fr\/site\/adapei\/projet-associatif-2021-2025\/\" target=\"_blank\" rel=\"noreferrer noopener\">Notre projet associatif<\/a><\/figcaption><\/figure>\n<\/div>\n<\/div>\n","protected":false},"excerpt":{"rendered":"<p>Vous souhaitez faire avancer des id\u00e9es et\/ou apporter votre aide ? Des parents vous accompagnent pour comprendre notre association, son fonctionnement, ses missions et vous int\u00e9grer au mieux, en fonction&hellip; <a class=\"continue\" href=\"https:\/\/www.adapei64.fr\/site\/adapei\/devenir-benevole\/\">Lire :<span> Devenir b\u00e9n\u00e9vole<\/span><\/a><\/p>\n","protected":false},"author":1,"featured_media":654,"parent":728,"menu_order":6,"comment_status":"closed","ping_status":"closed","template":"","meta":{"_crdt_document":"","om_disable_all_campaigns":false,"_uag_custom_page_level_css":"","_monsterinsights_skip_tracking":false,"_monsterinsights_sitenote_active":false,"_monsterinsights_sitenote_note":"","_monsterinsights_sitenote_category":0,"_uf_show_specific_survey":0,"_uf_disable_surveys":false,"_EventAllDay":false,"_EventTimezone":"","_EventStartDate":"","_EventEndDate":"","_EventStartDateUTC":"","_EventEndDateUTC":"","_EventShowMap":false,"_EventShowMapLink":false,"_EventURL":"","_EventCost":"","_EventCostDescription":"","_EventCurrencySymbol":"","_EventCurrencyCode":"","_EventCurrencyPosition":"","_EventDateTimeSeparator":"","_EventTimeRangeSeparator":"","_EventOrganizerID":[],"_EventVenueID":[],"_OrganizerEmail":"","_OrganizerPhone":"","_OrganizerWebsite":"","_VenueAddress":"","_VenueCity":"","_VenueCountry":"","_VenueProvince":"","_VenueState":"","_VenueZip":"","_VenuePhone":"","_VenueURL":"","_VenueStateProvince":"","_VenueLat":"","_VenueLng":"","_VenueShowMap":false,"_VenueShowMapLink":false,"footnotes":""},"class_list":["post-666","page","type-page","status-publish","has-post-thumbnail","hentry"],"uagb_featured_image_src":{"full":["https:\/\/www.adapei64.fr\/site\/wp-content\/uploads\/2020\/11\/pa2021-2025.jpg",1848,1304,false],"thumbnail":["https:\/\/www.adapei64.fr\/site\/wp-content\/uploads\/2020\/11\/pa2021-2025-600x600.jpg",600,600,true],"medium":["https:\/\/www.adapei64.fr\/site\/wp-content\/uploads\/2020\/11\/pa2021-2025-1000x706.jpg",1000,706,true],"medium_large":["https:\/\/www.adapei64.fr\/site\/wp-content\/uploads\/2020\/11\/pa2021-2025-768x542.jpg",768,542,true],"large":["https:\/\/www.adapei64.fr\/site\/wp-content\/uploads\/2020\/11\/pa2021-2025.jpg",1848,1304,false],"1536x1536":["https:\/\/www.adapei64.fr\/site\/wp-content\/uploads\/2020\/11\/pa2021-2025-1536x1084.jpg",1536,1084,true],"2048x2048":["https:\/\/www.adapei64.fr\/site\/wp-content\/uploads\/2020\/11\/pa2021-2025.jpg",1848,1304,false]},"uagb_author_info":{"display_name":"Marie Lafargue","author_link":"https:\/\/www.adapei64.fr\/site\/author\/marie\/"},"uagb_comment_info":0,"uagb_excerpt":"Vous souhaitez faire avancer des id\u00e9es et\/ou apporter votre aide ? Des parents vous accompagnent pour comprendre notre association, son fonctionnement, ses missions et vous int\u00e9grer au mieux, en fonction&hellip; Lire : Devenir b\u00e9n\u00e9vole","distributor_meta":false,"distributor_terms":false,"distributor_media":false,"distributor_original_site_name":"Adapei des Pyr\u00e9n\u00e9es-Atlantiques","distributor_original_site_url":"https:\/\/www.adapei64.fr\/site","push-errors":false,"_links":{"self":[{"href":"https:\/\/www.adapei64.fr\/site\/wp-json\/wp\/v2\/pages\/666","targetHints":{"allow":["GET"]}}],"collection":[{"href":"https:\/\/www.adapei64.fr\/site\/wp-json\/wp\/v2\/pages"}],"about":[{"href":"https:\/\/www.adapei64.fr\/site\/wp-json\/wp\/v2\/types\/page"}],"author":[{"embeddable":true,"href":"https:\/\/www.adapei64.fr\/site\/wp-json\/wp\/v2\/users\/1"}],"replies":[{"embeddable":true,"href":"https:\/\/www.adapei64.fr\/site\/wp-json\/wp\/v2\/comments?post=666"}],"version-history":[{"count":35,"href":"https:\/\/www.adapei64.fr\/site\/wp-json\/wp\/v2\/pages\/666\/revisions"}],"predecessor-version":[{"id":15727,"href":"https:\/\/www.adapei64.fr\/site\/wp-json\/wp\/v2\/pages\/666\/revisions\/15727"}],"up":[{"embeddable":true,"href":"https:\/\/www.adapei64.fr\/site\/wp-json\/wp\/v2\/pages\/728"}],"wp:featuredmedia":[{"embeddable":true,"href":"https:\/\/www.adapei64.fr\/site\/wp-json\/wp\/v2\/media\/654"}],"wp:attachment":[{"href":"https:\/\/www.adapei64.fr\/site\/wp-json\/wp\/v2\/media?parent=666"}],"curies":[{"name":"wp","href":"https:\/\/api.w.org\/{rel}","templated":true}]}}