{"id":673,"date":"2021-08-10T10:00:54","date_gmt":"2020-11-04T09:00:19","guid":{"rendered":"http:\/\/adapei64.fr\/wp2\/?page_id=673"},"modified":"2026-04-08T16:18:58","modified_gmt":"2026-04-08T14:18:58","slug":"nous-contacter","status":"publish","type":"page","link":"https:\/\/www.adapei64.fr\/site\/adapei\/nous-contacter\/","title":{"rendered":"Nous contacter"},"content":{"rendered":"\n<div style=\"height:70px\" aria-hidden=\"true\" class=\"wp-block-spacer\"><\/div>\n\n\n\n<div class=\"wp-block-columns is-layout-flex wp-container-core-columns-is-layout-07579d57 wp-block-columns-is-layout-flex\">\n<div class=\"wp-block-column is-layout-flow wp-block-column-is-layout-flow\" style=\"flex-basis:80%\">\n<h2 class=\"wp-block-heading\">Au&nbsp;Si\u00e8ge de l&#8217;association&nbsp;:<\/h2>\n\n\n\n<p class=\"wp-block-paragraph\">Par t\u00e9l\u00e9phone au&nbsp;<strong>05 59 84 64 89<\/strong>&nbsp;<br>de 8h30 \u00e0 12h30&nbsp;et de 13h30 \u00e0 17h<\/p>\n\n\n\n<p class=\"wp-block-paragraph\">Par email : <a href=\"mailto:siege.contact@adapei64.fr\" target=\"_blank\" rel=\"noreferrer noopener\">siege.contact@adapei64.fr<\/a><\/p>\n\n\n\n<p class=\"wp-block-paragraph\">&nbsp;<\/p>\n\n\n\n<div style=\"height:70px\" aria-hidden=\"true\" class=\"wp-block-spacer\"><\/div>\n\n\n\n<h2 class=\"wp-block-heading\">Adresse postale :<\/h2>\n\n\n\n<p class=\"wp-block-paragraph\">Adapei des Pyr\u00e9n\u00e9es-Atlantiques<br>BP 80123<br>105 avenue des Lilas<br>64001 Pau Cedex<\/p>\n<\/div>\n\n\n\n<div class=\"wp-block-column is-layout-flow wp-block-column-is-layout-flow\" style=\"flex-basis:20%\">\n<figure class=\"wp-block-image size-full is-resized bloc_bleu\"><a href=\"https:\/\/www.adapei64.fr\/site\/adapei\/\"><img decoding=\"async\" src=\"http:\/\/www.adapei64.fr\/site\/wp-content\/uploads\/2022\/02\/infos-b.svg\" alt=\"\" class=\"wp-image-8077\" style=\"width:auto;height:80px\"\/><\/a><figcaption class=\"wp-element-caption\"><a href=\"https:\/\/www.adapei64.fr\/site\/adapei\/\" data-type=\"page\" data-id=\"728\">En savoir plus sur l&#8217;association<\/a><\/figcaption><\/figure>\n<\/div>\n<\/div>\n","protected":false},"excerpt":{"rendered":"<p>Au&nbsp;Si\u00e8ge de l&#8217;association&nbsp;: Par t\u00e9l\u00e9phone au&nbsp;05 59 84 64 89&nbsp;de 8h30 \u00e0 12h30&nbsp;et de 13h30 \u00e0 17h Par email : siege.contact@adapei64.fr &nbsp; Adresse postale : Adapei des Pyr\u00e9n\u00e9es-AtlantiquesBP 80123105 avenue&hellip; <a class=\"continue\" href=\"https:\/\/www.adapei64.fr\/site\/adapei\/nous-contacter\/\">Lire :<span> Nous contacter<\/span><\/a><\/p>\n","protected":false},"author":1,"featured_media":654,"parent":728,"menu_order":7,"comment_status":"closed","ping_status":"closed","template":"","meta":{"_crdt_document":"","om_disable_all_campaigns":false,"_uag_custom_page_level_css":"","_monsterinsights_skip_tracking":false,"_monsterinsights_sitenote_active":false,"_monsterinsights_sitenote_note":"","_monsterinsights_sitenote_category":0,"_uf_show_specific_survey":0,"_uf_disable_surveys":false,"_EventAllDay":false,"_EventTimezone":"","_EventStartDate":"","_EventEndDate":"","_EventStartDateUTC":"","_EventEndDateUTC":"","_EventShowMap":false,"_EventShowMapLink":false,"_EventURL":"","_EventCost":"","_EventCostDescription":"","_EventCurrencySymbol":"","_EventCurrencyCode":"","_EventCurrencyPosition":"","_EventDateTimeSeparator":"","_EventTimeRangeSeparator":"","_EventOrganizerID":[],"_EventVenueID":[],"_OrganizerEmail":"","_OrganizerPhone":"","_OrganizerWebsite":"","_VenueAddress":"","_VenueCity":"","_VenueCountry":"","_VenueProvince":"","_VenueState":"","_VenueZip":"","_VenuePhone":"","_VenueURL":"","_VenueStateProvince":"","_VenueLat":"","_VenueLng":"","_VenueShowMap":false,"_VenueShowMapLink":false,"footnotes":""},"class_list":["post-673","page","type-page","status-publish","has-post-thumbnail","hentry"],"uagb_featured_image_src":{"full":["https:\/\/www.adapei64.fr\/site\/wp-content\/uploads\/2020\/11\/pa2021-2025.jpg",1848,1304,false],"thumbnail":["https:\/\/www.adapei64.fr\/site\/wp-content\/uploads\/2020\/11\/pa2021-2025-600x600.jpg",600,600,true],"medium":["https:\/\/www.adapei64.fr\/site\/wp-content\/uploads\/2020\/11\/pa2021-2025-1000x706.jpg",1000,706,true],"medium_large":["https:\/\/www.adapei64.fr\/site\/wp-content\/uploads\/2020\/11\/pa2021-2025-768x542.jpg",768,542,true],"large":["https:\/\/www.adapei64.fr\/site\/wp-content\/uploads\/2020\/11\/pa2021-2025.jpg",1848,1304,false],"1536x1536":["https:\/\/www.adapei64.fr\/site\/wp-content\/uploads\/2020\/11\/pa2021-2025-1536x1084.jpg",1536,1084,true],"2048x2048":["https:\/\/www.adapei64.fr\/site\/wp-content\/uploads\/2020\/11\/pa2021-2025.jpg",1848,1304,false]},"uagb_author_info":{"display_name":"Marie Lafargue","author_link":"https:\/\/www.adapei64.fr\/site\/author\/marie\/"},"uagb_comment_info":0,"uagb_excerpt":"Au&nbsp;Si\u00e8ge de l&#8217;association&nbsp;: Par t\u00e9l\u00e9phone au&nbsp;05 59 84 64 89&nbsp;de 8h30 \u00e0 12h30&nbsp;et de 13h30 \u00e0 17h Par email : siege.contact@adapei64.fr &nbsp; Adresse postale : Adapei des Pyr\u00e9n\u00e9es-AtlantiquesBP 80123105 avenue&hellip; Lire : Nous contacter","distributor_meta":false,"distributor_terms":false,"distributor_media":false,"distributor_original_site_name":"Adapei des Pyr\u00e9n\u00e9es-Atlantiques","distributor_original_site_url":"https:\/\/www.adapei64.fr\/site","push-errors":false,"_links":{"self":[{"href":"https:\/\/www.adapei64.fr\/site\/wp-json\/wp\/v2\/pages\/673","targetHints":{"allow":["GET"]}}],"collection":[{"href":"https:\/\/www.adapei64.fr\/site\/wp-json\/wp\/v2\/pages"}],"about":[{"href":"https:\/\/www.adapei64.fr\/site\/wp-json\/wp\/v2\/types\/page"}],"author":[{"embeddable":true,"href":"https:\/\/www.adapei64.fr\/site\/wp-json\/wp\/v2\/users\/1"}],"replies":[{"embeddable":true,"href":"https:\/\/www.adapei64.fr\/site\/wp-json\/wp\/v2\/comments?post=673"}],"version-history":[{"count":4,"href":"https:\/\/www.adapei64.fr\/site\/wp-json\/wp\/v2\/pages\/673\/revisions"}],"predecessor-version":[{"id":21445,"href":"https:\/\/www.adapei64.fr\/site\/wp-json\/wp\/v2\/pages\/673\/revisions\/21445"}],"up":[{"embeddable":true,"href":"https:\/\/www.adapei64.fr\/site\/wp-json\/wp\/v2\/pages\/728"}],"wp:featuredmedia":[{"embeddable":true,"href":"https:\/\/www.adapei64.fr\/site\/wp-json\/wp\/v2\/media\/654"}],"wp:attachment":[{"href":"https:\/\/www.adapei64.fr\/site\/wp-json\/wp\/v2\/media?parent=673"}],"curies":[{"name":"wp","href":"https:\/\/api.w.org\/{rel}","templated":true}]}}