{"id":728,"date":"2020-11-04T11:07:01","date_gmt":"2020-11-04T10:07:01","guid":{"rendered":"http:\/\/adapei64.fr\/wp2\/?page_id=728"},"modified":"2025-07-30T17:21:56","modified_gmt":"2025-07-30T15:21:56","slug":"adapei","status":"publish","type":"page","link":"https:\/\/www.adapei64.fr\/site\/adapei\/","title":{"rendered":"En savoir plus sur l&#8217;association"},"content":{"rendered":"\n<div class=\"wp-block-columns is-layout-flex wp-container-core-columns-is-layout-fa1d7c45 wp-block-columns-is-layout-flex\" style=\"padding-right:0;padding-left:0\">\n<div class=\"wp-block-column is-layout-flow wp-block-column-is-layout-flow\" style=\"flex-basis:80%\">\n<details class=\"wp-block-details falc is-style-default is-layout-flow wp-block-details-is-layout-flow\"><summary><a tabindex=\"0\">Lire cette page en Facile \u00e0 Lire et \u00e0 Comprendre<\/a><\/summary>\n<p class=\"wp-block-paragraph\">Des familles ont cr\u00e9\u00e9 l\u2019Adapei en 1962.<br>L\u2019Adapei permet d\u2019aider les personnes en situation de handicap.<br>L\u2019Adapei aide aussi les familles.<\/p>\n\n\n\n<p class=\"wp-block-paragraph\">Depuis plus de 60 ans, les familles et les professionnels <br>cr\u00e9\u00e9nt des \u00e9tablissements pour accompagner les personnes.<\/p>\n\n\n\n<p class=\"wp-block-paragraph\">L\u2019Adapei veut continuer de s\u2019adapter aux projets des personnes.<\/p>\n\n\n\n<p class=\"wp-block-paragraph\"><\/p>\n\n\n\n<ul class=\"wp-block-list\">\n<li><a href=\"https:\/\/www.adapei64.fr\/site\/adapei\/nos-valeurs-et-principes\/\">Je veux en savoir plus sur les valeurs de l\u2019Adapei.<\/a><\/li>\n\n\n\n<li><a href=\"https:\/\/www.adapei64.fr\/site\/adapei\/projet-associatif-2021-2025\/\">Je veux en savoir plus sur le projet associatif.<\/a><\/li>\n\n\n\n<li><a href=\"https:\/\/www.adapei64.fr\/site\/adapei\/les-etablissements-et-services\/\">Je veux en savoir plus sur les \u00e9tablissements de l\u2019Adapei.<\/a><\/li>\n\n\n\n<li><a href=\"https:\/\/www.adapei64.fr\/site\/adapei\/nos-partenaires\/\">Je veux en savoir plus sur les partenaires de l\u2019Adapei.<\/a><\/li>\n<\/ul>\n<\/details>\n\n\n\n<h3 class=\"wp-block-heading\">Une association apprenante,<br>pour rendre possible les possibles !<\/h3>\n\n\n\n<p class=\"wp-block-paragraph\"><br>L\u2019Association D\u00e9partementale des Parents et Amis de Personnes Handicap\u00e9es Mentales (Adapei) des Pyr\u00e9n\u00e9es-Atlantiques a \u00e9t\u00e9 fond\u00e9e en 1962 pour<strong> r\u00e9pondre aux attentes des familles<\/strong> ayant un enfant d\u00e9ficient intellectuel.<br>Depuis plus de 60 ans, les parents et amis, membres de l\u2019association, aid\u00e9s par des professionnels, ont men\u00e9 un combat sans rel\u00e2che pour cr\u00e9er des structures adapt\u00e9es \u00e0 l\u2019accueil des personnes en situation de handicap.&nbsp;<br>Aujourd&#8217;hui,<strong> nous devons pr\u00e9server et rendre visible notre capacit\u00e9 d\u2019innovation et d\u2019adaptation<\/strong> de l\u2019offre de service.<\/p>\n\n\n\n<div style=\"height:54px\" aria-hidden=\"true\" class=\"wp-block-spacer\"><\/div>\n\n\n\n<div data-wp-context=\"{}\" data-wp-interactive=\"core\/query\" data-wp-key=\"78\" data-wp-router-region=\"query-78\" class=\"wp-block-query alignwide is-layout-flow wp-block-query-is-layout-flow\"><ul class=\"wp-block-post-template is-layout-flow wp-block-post-template-is-layout-flow\"><li data-wp-key=\"post-template-item-2544\" class=\"wp-block-post post-2544 page type-page status-publish has-post-thumbnail hentry\">\n\n<div class=\"wp-block-columns alignwide are-vertically-aligned-center is-layout-flex wp-container-core-columns-is-layout-cf943fb0 wp-block-columns-is-layout-flex\" style=\"margin-top:var(--wp--preset--spacing--20);margin-bottom:var(--wp--preset--spacing--20)\">\n<div class=\"wp-block-column is-vertically-aligned-center is-layout-flow wp-block-column-is-layout-flow\" style=\"flex-basis:50%\"><figure style=\"aspect-ratio:auto;\" class=\"wp-block-post-featured-image\"><a href=\"https:\/\/www.adapei64.fr\/site\/adapei\/nos-valeurs-et-principes\/\" target=\"_self\"  ><img loading=\"lazy\" decoding=\"async\" width=\"1848\" height=\"1304\" src=\"https:\/\/www.adapei64.fr\/site\/wp-content\/uploads\/2020\/11\/pa2021-2025.jpg\" class=\"attachment-post-thumbnail size-post-thumbnail wp-post-image\" alt=\"Nos valeurs et principes\" style=\"width:100%;height:100%;object-fit:cover;\" srcset=\"https:\/\/www.adapei64.fr\/site\/wp-content\/uploads\/2020\/11\/pa2021-2025.jpg 1848w, https:\/\/www.adapei64.fr\/site\/wp-content\/uploads\/2020\/11\/pa2021-2025-1000x706.jpg 1000w, https:\/\/www.adapei64.fr\/site\/wp-content\/uploads\/2020\/11\/pa2021-2025-768x542.jpg 768w, https:\/\/www.adapei64.fr\/site\/wp-content\/uploads\/2020\/11\/pa2021-2025-1536x1084.jpg 1536w\" sizes=\"auto, (max-width: 1848px) 100vw, 1848px\" \/><\/a><\/figure><\/div>\n\n\n\n<div class=\"wp-block-column is-vertically-aligned-center is-layout-flow wp-block-column-is-layout-flow\" style=\"flex-basis:50%\"><h2 style=\"font-size:1.5rem;line-height:1.1;\" class=\"wp-block-post-title\"><a href=\"https:\/\/www.adapei64.fr\/site\/adapei\/nos-valeurs-et-principes\/\" target=\"_self\" >Nos valeurs et principes<\/a><\/h2><\/div>\n<\/div>\n\n<\/li><li data-wp-key=\"post-template-item-713\" class=\"wp-block-post post-713 page type-page status-publish has-post-thumbnail hentry\">\n\n<div class=\"wp-block-columns alignwide are-vertically-aligned-center is-layout-flex wp-container-core-columns-is-layout-cf943fb0 wp-block-columns-is-layout-flex\" style=\"margin-top:var(--wp--preset--spacing--20);margin-bottom:var(--wp--preset--spacing--20)\">\n<div class=\"wp-block-column is-vertically-aligned-center is-layout-flow wp-block-column-is-layout-flow\" style=\"flex-basis:50%\"><figure style=\"aspect-ratio:auto;\" class=\"wp-block-post-featured-image\"><a href=\"https:\/\/www.adapei64.fr\/site\/adapei\/projet-associatif-2021-2025\/\" target=\"_self\"  ><img loading=\"lazy\" decoding=\"async\" width=\"1061\" height=\"1500\" src=\"https:\/\/www.adapei64.fr\/site\/wp-content\/uploads\/2021\/08\/Projet_Asso-2021-2025_Page_01-BD.jpg\" class=\"attachment-post-thumbnail size-post-thumbnail wp-post-image\" alt=\"Notre projet associatif 2021-2025\" style=\"width:100%;height:100%;object-fit:cover;\" srcset=\"https:\/\/www.adapei64.fr\/site\/wp-content\/uploads\/2021\/08\/Projet_Asso-2021-2025_Page_01-BD.jpg 1061w, https:\/\/www.adapei64.fr\/site\/wp-content\/uploads\/2021\/08\/Projet_Asso-2021-2025_Page_01-BD-707x1000.jpg 707w, https:\/\/www.adapei64.fr\/site\/wp-content\/uploads\/2021\/08\/Projet_Asso-2021-2025_Page_01-BD-768x1086.jpg 768w\" sizes=\"auto, (max-width: 1061px) 100vw, 1061px\" \/><\/a><\/figure><\/div>\n\n\n\n<div class=\"wp-block-column is-vertically-aligned-center is-layout-flow wp-block-column-is-layout-flow\" style=\"flex-basis:50%\"><h2 style=\"font-size:1.5rem;line-height:1.1;\" class=\"wp-block-post-title\"><a href=\"https:\/\/www.adapei64.fr\/site\/adapei\/projet-associatif-2021-2025\/\" target=\"_self\" >Notre projet associatif 2021-2025<\/a><\/h2><\/div>\n<\/div>\n\n<\/li><li data-wp-key=\"post-template-item-1013\" class=\"wp-block-post post-1013 page type-page status-publish has-post-thumbnail hentry\">\n\n<div class=\"wp-block-columns alignwide are-vertically-aligned-center is-layout-flex wp-container-core-columns-is-layout-cf943fb0 wp-block-columns-is-layout-flex\" style=\"margin-top:var(--wp--preset--spacing--20);margin-bottom:var(--wp--preset--spacing--20)\">\n<div class=\"wp-block-column is-vertically-aligned-center is-layout-flow wp-block-column-is-layout-flow\" style=\"flex-basis:50%\"><figure style=\"aspect-ratio:auto;\" class=\"wp-block-post-featured-image\"><a href=\"https:\/\/www.adapei64.fr\/site\/adapei\/les-etablissements-et-services\/\" target=\"_self\"  ><img loading=\"lazy\" decoding=\"async\" width=\"704\" height=\"476\" src=\"https:\/\/www.adapei64.fr\/site\/wp-content\/uploads\/2021\/08\/etablissements-services.jpg\" class=\"attachment-post-thumbnail size-post-thumbnail wp-post-image\" alt=\"Les \u00e9tablissements et services\" style=\"width:100%;height:100%;object-fit:cover;\" \/><\/a><\/figure><\/div>\n\n\n\n<div class=\"wp-block-column is-vertically-aligned-center is-layout-flow wp-block-column-is-layout-flow\" style=\"flex-basis:50%\"><h2 style=\"font-size:1.5rem;line-height:1.1;\" class=\"wp-block-post-title\"><a href=\"https:\/\/www.adapei64.fr\/site\/adapei\/les-etablissements-et-services\/\" target=\"_self\" >Les \u00e9tablissements et services<\/a><\/h2><\/div>\n<\/div>\n\n<\/li><li data-wp-key=\"post-template-item-2090\" class=\"wp-block-post post-2090 page type-page status-publish has-post-thumbnail hentry\">\n\n<div class=\"wp-block-columns alignwide are-vertically-aligned-center is-layout-flex wp-container-core-columns-is-layout-cf943fb0 wp-block-columns-is-layout-flex\" style=\"margin-top:var(--wp--preset--spacing--20);margin-bottom:var(--wp--preset--spacing--20)\">\n<div class=\"wp-block-column is-vertically-aligned-center is-layout-flow wp-block-column-is-layout-flow\" style=\"flex-basis:50%\"><figure style=\"aspect-ratio:auto;\" class=\"wp-block-post-featured-image\"><a href=\"https:\/\/www.adapei64.fr\/site\/adapei\/adherer-a-ladapei-des-pyrenees-atlantiques\/\" target=\"_self\"  ><img loading=\"lazy\" decoding=\"async\" width=\"1500\" height=\"1000\" src=\"https:\/\/www.adapei64.fr\/site\/wp-content\/uploads\/2021\/08\/2019-06-28-AG-2-BD.jpg\" class=\"attachment-post-thumbnail size-post-thumbnail wp-post-image\" alt=\"Adh\u00e9rer \u00e0 l\u2019Adapei des Pyr\u00e9n\u00e9es-Atlantiques\" style=\"width:100%;height:100%;object-fit:cover;\" srcset=\"https:\/\/www.adapei64.fr\/site\/wp-content\/uploads\/2021\/08\/2019-06-28-AG-2-BD.jpg 1500w, https:\/\/www.adapei64.fr\/site\/wp-content\/uploads\/2021\/08\/2019-06-28-AG-2-BD-1000x667.jpg 1000w, https:\/\/www.adapei64.fr\/site\/wp-content\/uploads\/2021\/08\/2019-06-28-AG-2-BD-768x512.jpg 768w\" sizes=\"auto, (max-width: 1500px) 100vw, 1500px\" \/><\/a><\/figure><\/div>\n\n\n\n<div class=\"wp-block-column is-vertically-aligned-center is-layout-flow wp-block-column-is-layout-flow\" style=\"flex-basis:50%\"><h2 style=\"font-size:1.5rem;line-height:1.1;\" class=\"wp-block-post-title\"><a href=\"https:\/\/www.adapei64.fr\/site\/adapei\/adherer-a-ladapei-des-pyrenees-atlantiques\/\" target=\"_self\" >Adh\u00e9rer \u00e0 l\u2019Adapei des Pyr\u00e9n\u00e9es-Atlantiques<\/a><\/h2><\/div>\n<\/div>\n\n<\/li><li data-wp-key=\"post-template-item-662\" class=\"wp-block-post post-662 page type-page status-publish has-post-thumbnail hentry\">\n\n<div class=\"wp-block-columns alignwide are-vertically-aligned-center is-layout-flex wp-container-core-columns-is-layout-cf943fb0 wp-block-columns-is-layout-flex\" style=\"margin-top:var(--wp--preset--spacing--20);margin-bottom:var(--wp--preset--spacing--20)\">\n<div class=\"wp-block-column is-vertically-aligned-center is-layout-flow wp-block-column-is-layout-flow\" style=\"flex-basis:50%\"><figure style=\"aspect-ratio:auto;\" class=\"wp-block-post-featured-image\"><a href=\"https:\/\/www.adapei64.fr\/site\/adapei\/faire-un-don-a-ladapei-des-pyrenees-atlantiques\/\" target=\"_self\"  ><img loading=\"lazy\" decoding=\"async\" width=\"1848\" height=\"1304\" src=\"https:\/\/www.adapei64.fr\/site\/wp-content\/uploads\/2020\/11\/pa2021-2025.jpg\" class=\"attachment-post-thumbnail size-post-thumbnail wp-post-image\" alt=\"Faire un don \u00e0 l&#8217;Adapei des Pyr\u00e9n\u00e9es-Atlantiques\" style=\"width:100%;height:100%;object-fit:cover;\" srcset=\"https:\/\/www.adapei64.fr\/site\/wp-content\/uploads\/2020\/11\/pa2021-2025.jpg 1848w, https:\/\/www.adapei64.fr\/site\/wp-content\/uploads\/2020\/11\/pa2021-2025-1000x706.jpg 1000w, https:\/\/www.adapei64.fr\/site\/wp-content\/uploads\/2020\/11\/pa2021-2025-768x542.jpg 768w, https:\/\/www.adapei64.fr\/site\/wp-content\/uploads\/2020\/11\/pa2021-2025-1536x1084.jpg 1536w\" sizes=\"auto, (max-width: 1848px) 100vw, 1848px\" \/><\/a><\/figure><\/div>\n\n\n\n<div class=\"wp-block-column is-vertically-aligned-center is-layout-flow wp-block-column-is-layout-flow\" style=\"flex-basis:50%\"><h2 style=\"font-size:1.5rem;line-height:1.1;\" class=\"wp-block-post-title\"><a href=\"https:\/\/www.adapei64.fr\/site\/adapei\/faire-un-don-a-ladapei-des-pyrenees-atlantiques\/\" target=\"_self\" >Faire un don \u00e0 l&#8217;Adapei des Pyr\u00e9n\u00e9es-Atlantiques<\/a><\/h2><\/div>\n<\/div>\n\n<\/li><li data-wp-key=\"post-template-item-666\" class=\"wp-block-post post-666 page type-page status-publish has-post-thumbnail hentry\">\n\n<div class=\"wp-block-columns alignwide are-vertically-aligned-center is-layout-flex wp-container-core-columns-is-layout-cf943fb0 wp-block-columns-is-layout-flex\" style=\"margin-top:var(--wp--preset--spacing--20);margin-bottom:var(--wp--preset--spacing--20)\">\n<div class=\"wp-block-column is-vertically-aligned-center is-layout-flow wp-block-column-is-layout-flow\" style=\"flex-basis:50%\"><figure style=\"aspect-ratio:auto;\" class=\"wp-block-post-featured-image\"><a href=\"https:\/\/www.adapei64.fr\/site\/adapei\/devenir-benevole\/\" target=\"_self\"  ><img loading=\"lazy\" decoding=\"async\" width=\"1848\" height=\"1304\" src=\"https:\/\/www.adapei64.fr\/site\/wp-content\/uploads\/2020\/11\/pa2021-2025.jpg\" class=\"attachment-post-thumbnail size-post-thumbnail wp-post-image\" alt=\"Devenir b\u00e9n\u00e9vole\" style=\"width:100%;height:100%;object-fit:cover;\" srcset=\"https:\/\/www.adapei64.fr\/site\/wp-content\/uploads\/2020\/11\/pa2021-2025.jpg 1848w, https:\/\/www.adapei64.fr\/site\/wp-content\/uploads\/2020\/11\/pa2021-2025-1000x706.jpg 1000w, https:\/\/www.adapei64.fr\/site\/wp-content\/uploads\/2020\/11\/pa2021-2025-768x542.jpg 768w, https:\/\/www.adapei64.fr\/site\/wp-content\/uploads\/2020\/11\/pa2021-2025-1536x1084.jpg 1536w\" sizes=\"auto, (max-width: 1848px) 100vw, 1848px\" \/><\/a><\/figure><\/div>\n\n\n\n<div class=\"wp-block-column is-vertically-aligned-center is-layout-flow wp-block-column-is-layout-flow\" style=\"flex-basis:50%\"><h2 style=\"font-size:1.5rem;line-height:1.1;\" class=\"wp-block-post-title\"><a href=\"https:\/\/www.adapei64.fr\/site\/adapei\/devenir-benevole\/\" target=\"_self\" >Devenir b\u00e9n\u00e9vole<\/a><\/h2><\/div>\n<\/div>\n\n<\/li><li data-wp-key=\"post-template-item-673\" class=\"wp-block-post post-673 page type-page status-publish has-post-thumbnail hentry\">\n\n<div class=\"wp-block-columns alignwide are-vertically-aligned-center is-layout-flex wp-container-core-columns-is-layout-cf943fb0 wp-block-columns-is-layout-flex\" style=\"margin-top:var(--wp--preset--spacing--20);margin-bottom:var(--wp--preset--spacing--20)\">\n<div class=\"wp-block-column is-vertically-aligned-center is-layout-flow wp-block-column-is-layout-flow\" style=\"flex-basis:50%\"><figure style=\"aspect-ratio:auto;\" class=\"wp-block-post-featured-image\"><a href=\"https:\/\/www.adapei64.fr\/site\/adapei\/nous-contacter\/\" target=\"_self\"  ><img loading=\"lazy\" decoding=\"async\" width=\"1848\" height=\"1304\" src=\"https:\/\/www.adapei64.fr\/site\/wp-content\/uploads\/2020\/11\/pa2021-2025.jpg\" class=\"attachment-post-thumbnail size-post-thumbnail wp-post-image\" alt=\"Nous contacter\" style=\"width:100%;height:100%;object-fit:cover;\" srcset=\"https:\/\/www.adapei64.fr\/site\/wp-content\/uploads\/2020\/11\/pa2021-2025.jpg 1848w, https:\/\/www.adapei64.fr\/site\/wp-content\/uploads\/2020\/11\/pa2021-2025-1000x706.jpg 1000w, https:\/\/www.adapei64.fr\/site\/wp-content\/uploads\/2020\/11\/pa2021-2025-768x542.jpg 768w, https:\/\/www.adapei64.fr\/site\/wp-content\/uploads\/2020\/11\/pa2021-2025-1536x1084.jpg 1536w\" sizes=\"auto, (max-width: 1848px) 100vw, 1848px\" \/><\/a><\/figure><\/div>\n\n\n\n<div class=\"wp-block-column is-vertically-aligned-center is-layout-flow wp-block-column-is-layout-flow\" style=\"flex-basis:50%\"><h2 style=\"font-size:1.5rem;line-height:1.1;\" class=\"wp-block-post-title\"><a href=\"https:\/\/www.adapei64.fr\/site\/adapei\/nous-contacter\/\" target=\"_self\" >Nous contacter<\/a><\/h2><\/div>\n<\/div>\n\n<\/li><li data-wp-key=\"post-template-item-1379\" class=\"wp-block-post post-1379 page type-page status-publish has-post-thumbnail hentry\">\n\n<div class=\"wp-block-columns alignwide are-vertically-aligned-center is-layout-flex wp-container-core-columns-is-layout-cf943fb0 wp-block-columns-is-layout-flex\" style=\"margin-top:var(--wp--preset--spacing--20);margin-bottom:var(--wp--preset--spacing--20)\">\n<div class=\"wp-block-column is-vertically-aligned-center is-layout-flow wp-block-column-is-layout-flow\" style=\"flex-basis:50%\"><figure style=\"aspect-ratio:auto;\" class=\"wp-block-post-featured-image\"><a href=\"https:\/\/www.adapei64.fr\/site\/adapei\/nos-partenaires\/\" target=\"_self\"  ><img loading=\"lazy\" decoding=\"async\" width=\"978\" height=\"493\" src=\"https:\/\/www.adapei64.fr\/site\/wp-content\/uploads\/2020\/10\/orientation_5.png\" class=\"attachment-post-thumbnail size-post-thumbnail wp-post-image\" alt=\"Nos partenaires\" style=\"width:100%;height:100%;object-fit:cover;\" srcset=\"https:\/\/www.adapei64.fr\/site\/wp-content\/uploads\/2020\/10\/orientation_5.png 978w, https:\/\/www.adapei64.fr\/site\/wp-content\/uploads\/2020\/10\/orientation_5-300x151.png 300w, https:\/\/www.adapei64.fr\/site\/wp-content\/uploads\/2020\/10\/orientation_5-768x387.png 768w, https:\/\/www.adapei64.fr\/site\/wp-content\/uploads\/2020\/10\/orientation_5-600x302.png 600w\" sizes=\"auto, (max-width: 978px) 100vw, 978px\" \/><\/a><\/figure><\/div>\n\n\n\n<div class=\"wp-block-column is-vertically-aligned-center is-layout-flow wp-block-column-is-layout-flow\" style=\"flex-basis:50%\"><h2 style=\"font-size:1.5rem;line-height:1.1;\" class=\"wp-block-post-title\"><a href=\"https:\/\/www.adapei64.fr\/site\/adapei\/nos-partenaires\/\" target=\"_self\" >Nos partenaires<\/a><\/h2><\/div>\n<\/div>\n\n<\/li><\/ul>\n\n\n<div style=\"height:var(--wp--preset--spacing--30)\" aria-hidden=\"true\" class=\"wp-block-spacer\"><\/div>\n<\/div>\n<\/div>\n\n\n\n<div class=\"wp-block-column is-layout-flow wp-block-column-is-layout-flow\" style=\"flex-basis:20%\">\n<figure class=\"wp-block-image bloc_bleu\"><a href=\"https:\/\/www.adapei64.fr\/site\/adapei\/les-etablissements-et-services\/\"><img decoding=\"async\" src=\"http:\/\/www.adapei64.fr\/site\/wp-content\/uploads\/2021\/02\/TrouverESMS.png\" alt=\"Carte vers les \u00e9tablissements et services de l'Adapei des Pyr\u00e9n\u00e9es-Atlantiques\"\/><\/a><figcaption class=\"wp-element-caption\"><a href=\"https:\/\/www.adapei64.fr\/site\/adapei\/les-etablissements-et-services\/\" data-type=\"page\" data-id=\"1013\">Trouver un \u00e9tablissement ou service<\/a><\/figcaption><\/figure>\n\n\n\n<figure class=\"wp-block-image size-full bloc_bleu\"><a href=\"http:\/\/www.adapei64.fr\/site\/wp-content\/uploads\/2025\/07\/2024-Rapport-dactivite.pdf\" target=\"_blank\" rel=\"noopener\"><img loading=\"lazy\" decoding=\"async\" width=\"451\" height=\"637\" src=\"http:\/\/www.adapei64.fr\/site\/wp-content\/uploads\/2025\/07\/RapportActivite2024.png\" alt=\"Rapport d'activit\u00e9 2024\" class=\"wp-image-18013\"\/><\/a><figcaption class=\"wp-element-caption\"><a href=\"http:\/\/www.adapei64.fr\/site\/wp-content\/uploads\/2025\/07\/2024-Rapport-dactivite.pdf\">Consulter le rapport d&#8217;activit\u00e9 2024<\/a><\/figcaption><\/figure>\n\n\n\n<figure class=\"wp-block-image bloc_bleu\"><a href=\"https:\/\/www.adapei64.fr\/site\/wp-content\/uploads\/2022\/11\/Adapei64-EngagementRepublicain.pdf\" target=\"_blank\" rel=\"noopener\"><img decoding=\"async\" src=\"http:\/\/www.adapei64.fr\/site\/wp-content\/uploads\/2022\/11\/ContratRepublicain.jpg\" alt=\"\"\/><\/a><figcaption class=\"wp-element-caption\">Consulter notre contrat d&#8217;engagement r\u00e9publicain<\/figcaption><\/figure>\n<\/div>\n<\/div>\n","protected":false},"excerpt":{"rendered":"<p>Une association apprenante,pour rendre possible les possibles ! L\u2019Association D\u00e9partementale des Parents et Amis de Personnes Handicap\u00e9es Mentales (Adapei) des Pyr\u00e9n\u00e9es-Atlantiques a \u00e9t\u00e9 fond\u00e9e en 1962 pour r\u00e9pondre aux attentes&hellip; <a class=\"continue\" href=\"https:\/\/www.adapei64.fr\/site\/adapei\/nos-partenaires\/\">Lire :<span> Nos partenaires<\/span><\/a><\/p>\n","protected":false},"author":1,"featured_media":654,"parent":0,"menu_order":5,"comment_status":"closed","ping_status":"closed","template":"","meta":{"_crdt_document":"","om_disable_all_campaigns":false,"_uag_custom_page_level_css":"","_monsterinsights_skip_tracking":false,"_monsterinsights_sitenote_active":false,"_monsterinsights_sitenote_note":"","_monsterinsights_sitenote_category":0,"_uf_show_specific_survey":0,"_uf_disable_surveys":false,"_EventAllDay":false,"_EventTimezone":"","_EventStartDate":"","_EventEndDate":"","_EventStartDateUTC":"","_EventEndDateUTC":"","_EventShowMap":false,"_EventShowMapLink":false,"_EventURL":"","_EventCost":"","_EventCostDescription":"","_EventCurrencySymbol":"","_EventCurrencyCode":"","_EventCurrencyPosition":"","_EventDateTimeSeparator":"","_EventTimeRangeSeparator":"","_EventOrganizerID":[],"_EventVenueID":[],"_OrganizerEmail":"","_OrganizerPhone":"","_OrganizerWebsite":"","_VenueAddress":"","_VenueCity":"","_VenueCountry":"","_VenueProvince":"","_VenueState":"","_VenueZip":"","_VenuePhone":"","_VenueURL":"","_VenueStateProvince":"","_VenueLat":"","_VenueLng":"","_VenueShowMap":false,"_VenueShowMapLink":false,"footnotes":""},"class_list":["post-728","page","type-page","status-publish","has-post-thumbnail","hentry"],"uagb_featured_image_src":{"full":["https:\/\/www.adapei64.fr\/site\/wp-content\/uploads\/2020\/11\/pa2021-2025.jpg",1848,1304,false],"thumbnail":["https:\/\/www.adapei64.fr\/site\/wp-content\/uploads\/2020\/11\/pa2021-2025-600x600.jpg",600,600,true],"medium":["https:\/\/www.adapei64.fr\/site\/wp-content\/uploads\/2020\/11\/pa2021-2025-1000x706.jpg",1000,706,true],"medium_large":["https:\/\/www.adapei64.fr\/site\/wp-content\/uploads\/2020\/11\/pa2021-2025-768x542.jpg",768,542,true],"large":["https:\/\/www.adapei64.fr\/site\/wp-content\/uploads\/2020\/11\/pa2021-2025.jpg",1848,1304,false],"1536x1536":["https:\/\/www.adapei64.fr\/site\/wp-content\/uploads\/2020\/11\/pa2021-2025-1536x1084.jpg",1536,1084,true],"2048x2048":["https:\/\/www.adapei64.fr\/site\/wp-content\/uploads\/2020\/11\/pa2021-2025.jpg",1848,1304,false]},"uagb_author_info":{"display_name":"Marie Lafargue","author_link":"https:\/\/www.adapei64.fr\/site\/author\/marie\/"},"uagb_comment_info":0,"uagb_excerpt":"Une association apprenante,pour rendre possible les possibles ! L\u2019Association D\u00e9partementale des Parents et Amis de Personnes Handicap\u00e9es Mentales (Adapei) des Pyr\u00e9n\u00e9es-Atlantiques a \u00e9t\u00e9 fond\u00e9e en 1962 pour r\u00e9pondre aux attentes&hellip; Lire : Nos partenaires","distributor_meta":false,"distributor_terms":false,"distributor_media":false,"distributor_original_site_name":"Adapei des Pyr\u00e9n\u00e9es-Atlantiques","distributor_original_site_url":"https:\/\/www.adapei64.fr\/site","push-errors":false,"_links":{"self":[{"href":"https:\/\/www.adapei64.fr\/site\/wp-json\/wp\/v2\/pages\/728","targetHints":{"allow":["GET"]}}],"collection":[{"href":"https:\/\/www.adapei64.fr\/site\/wp-json\/wp\/v2\/pages"}],"about":[{"href":"https:\/\/www.adapei64.fr\/site\/wp-json\/wp\/v2\/types\/page"}],"author":[{"embeddable":true,"href":"https:\/\/www.adapei64.fr\/site\/wp-json\/wp\/v2\/users\/1"}],"replies":[{"embeddable":true,"href":"https:\/\/www.adapei64.fr\/site\/wp-json\/wp\/v2\/comments?post=728"}],"version-history":[{"count":117,"href":"https:\/\/www.adapei64.fr\/site\/wp-json\/wp\/v2\/pages\/728\/revisions"}],"predecessor-version":[{"id":15698,"href":"https:\/\/www.adapei64.fr\/site\/wp-json\/wp\/v2\/pages\/728\/revisions\/15698"}],"wp:featuredmedia":[{"embeddable":true,"href":"https:\/\/www.adapei64.fr\/site\/wp-json\/wp\/v2\/media\/654"}],"wp:attachment":[{"href":"https:\/\/www.adapei64.fr\/site\/wp-json\/wp\/v2\/media?parent=728"}],"curies":[{"name":"wp","href":"https:\/\/api.w.org\/{rel}","templated":true}]}}