{"id":758,"date":"2020-11-04T12:17:48","date_gmt":"2020-11-04T11:17:48","guid":{"rendered":"http:\/\/adapei64.fr\/wp2\/?page_id=758"},"modified":"2026-04-08T16:18:04","modified_gmt":"2026-04-08T14:18:04","slug":"accessibilite","status":"publish","type":"page","link":"https:\/\/www.adapei64.fr\/site\/accessibilite\/","title":{"rendered":"Accessibilit\u00e9"},"content":{"rendered":"\n<h2 class=\"wp-block-heading\">Conseils et astuces pour naviguer plus facilement sur le site<\/h2>\n\n\n\n<h3 class=\"wp-block-heading\">Liens d&#8217;acc\u00e8s rapide<\/h3>\n\n\n\n<p class=\"wp-block-paragraph\">Plac\u00e9s en haut de page, <br>ces liens permettent d\u2019acc\u00e9der directement \u00e0 la partie recherch\u00e9e (sans avoir \u00e0 parcourir des informations non souhait\u00e9es) :<\/p>\n\n\n\n<ul class=\"wp-block-list\">\n<li>&#8220;Aller au contenu&#8221; permet d&#8217;aller directement au contenu de la page<\/li>\n\n\n\n<li>&#8220;Aller \u00e0 la navigation&#8221; permet d&#8217;aller directement au menu<\/li>\n\n\n\n<li>&#8220;Aller \u00e0 la recherche&#8221; active le champ de recherche<\/li>\n<\/ul>\n\n\n\n<p class=\"wp-block-paragraph\">&nbsp;<\/p>\n\n\n\n<h3 class=\"wp-block-heading\">Retour \u00e0 la page d&#8217;accueil du site<\/h3>\n\n\n\n<p class=\"wp-block-paragraph\">Le logo &#8220;Adapei des Pyr\u00e9n\u00e9es-Atlantiques&#8221; vous permet de retourner sur la page d&#8217;accueil.<\/p>\n\n\n\n<p class=\"wp-block-paragraph\">&nbsp;<\/p>\n\n\n\n<h3 class=\"wp-block-heading\">Moteur de recherche<\/h3>\n\n\n\n<p class=\"wp-block-paragraph\">Sur l\u2019ensemble des pages, le moteur de recherche est plac\u00e9 en haut de page \u00e0 droite.<br>Quand vous effectuez une recherche, le moteur de recherche liste les pages du site qui correspondent le mieux \u00e0 vos attentes.<\/p>\n\n\n\n<h3 class=\"wp-block-heading\"><br>Menu et sommaire<\/h3>\n\n\n\n<p class=\"wp-block-paragraph\">Le menu principal en &#8220;haut de page&#8221; et le sommaire restent accessibles durant toute la navigation sur le site.<\/p>\n\n\n\n<p class=\"wp-block-paragraph\">&nbsp;<\/p>\n\n\n\n<h3 class=\"wp-block-heading\">Navigation par tabulation<\/h3>\n\n\n\n<p class=\"wp-block-paragraph\">Vous pouvez naviguer d&#8217;un lien \u00e0 l&#8217;autre \u00e0 l&#8217;aide de la touche de &#8220;Tabulation&#8221;.<br>Appuyez sur la touche &#8220;Tab&#8221; et r\u00e9p\u00e9tez jusqu&#8217;\u00e0 s\u00e9lectionner le lien d\u00e9sir\u00e9, validez avec la touche &#8220;Entr\u00e9e&#8221;.<\/p>\n\n\n\n<h3 class=\"wp-block-heading\"><br>Navigation par titres<\/h3>\n\n\n\n<p class=\"wp-block-paragraph\">La plupart des technologies d&#8217;assistance et des navigateurs facilitent la navigation par les titres. <br>La plupart des lecteurs d&#8217;\u00e9cran fournissent une fonctionnalit\u00e9 pour sauter au titre suivant, par exemple :<\/p>\n\n\n\n<ul class=\"wp-block-list\">\n<li>la touche &#8220;H&#8221; m\u00e8ne au titre suivant<\/li>\n\n\n\n<li>la touche &#8220;1&#8221; m\u00e8ne au prochain titre de niveau 1<\/li>\n\n\n\n<li>la touche &#8220;2&#8221; m\u00e8ne au prochain titre de niveau 2<\/li>\n<\/ul>\n\n\n\n<p class=\"wp-block-paragraph\">La combinaison des touches &#8220;Insert&#8221; + &#8220;F6&#8221; fournit une liste des titres, qui peut \u00eatre tri\u00e9e par ordre de tabulation ou par ordre alphab\u00e9tique<\/p>\n\n\n\n<h3 class=\"wp-block-heading\"><br>Mise en favori<\/h3>\n\n\n\n<p class=\"wp-block-paragraph\">Vous pouvez marquer n\u2019importe quelle page de ce site en favori. Pour cela, acc\u00e9dez \u00e0 la page souhait\u00e9e, puis, dans la barre de menu en haut du navigateur :<\/p>\n\n\n\n<ul class=\"wp-block-list\">\n<li>sous Google Chrome&nbsp;: cliquez sur Favoris &gt; Ajouter aux favoris<\/li>\n\n\n\n<li>sous Mozilla Firefox&nbsp;: cliquez sur Marque-pages &gt; Marquer cette page<\/li>\n\n\n\n<li>sous Safari&nbsp;: cliquez sur Signets &gt; Ajouter aux signets<\/li>\n\n\n\n<li>sous Internet explorer&nbsp;: cliquez sur Favoris &gt; Ajouter aux favoris<\/li>\n\n\n\n<li>sous Op\u00e9ra&nbsp;: cliquez sur Signets &gt; Signet vers la page<\/li>\n<\/ul>\n\n\n\n<p class=\"wp-block-paragraph\"><br>Utilisateurs de claviers, appuyez simultan\u00e9ment sur les touches &#8220;Ctrl&#8221; + &#8220;D&#8221; de votre clavier si vous \u00eates sur PC, <br>ou sur les touches &#8220;Cmd&#8221; + &#8220;D&#8221; si vous \u00eates sous Mac.<\/p>\n\n\n\n<h3 class=\"wp-block-heading\"><br>Compatibilit\u00e9 avec les navigateurs<\/h3>\n\n\n\n<p class=\"wp-block-paragraph\">Ce site suit les pr\u00e9conisations faites par le W3C et est compatible HTML 5 et CSS3.<br>Il est donc accessible via de nombreux navigateurs :<\/p>\n\n\n\n<ul class=\"wp-block-list\">\n<li>sous Windows&nbsp;: Firefox, Opera, Edge, Chrome<\/li>\n\n\n\n<li>sous Mac OS X&nbsp;: Firefox, Opera, Safari, Chrome<\/li>\n\n\n\n<li>sous GNU\/Linux&nbsp;: Firefox, Opera, Chromium<\/li>\n<\/ul>\n\n\n\n<h3 class=\"wp-block-heading\"><br>Compatibilit\u00e9 avec les diff\u00e9rents types d&#8217;\u00e9cran<\/h3>\n\n\n\n<p class=\"wp-block-paragraph\">Le site tout entier a \u00e9t\u00e9 con\u00e7u en responsive design et s\u2019adapte maintenant \u00e0 tous types d\u2019\u00e9crans : smartphone et tablette.<\/p>\n\n\n\n<h3 class=\"wp-block-heading\"><br>Couleurs et images<\/h3>\n\n\n\n<p class=\"wp-block-paragraph\">Le site propose des contrastes de couleurs suffisamment importants pour une lecture ais\u00e9e ainsi que des textes alternatifs aux images et aux animations pr\u00e9sentes.<\/p>\n\n\n\n<h3 class=\"wp-block-heading\"><br>Taille des textes<\/h3>\n\n\n\n<p class=\"wp-block-paragraph\">Utilisez la combinaison de touches CTRL et + pour grossir les textes sur l&#8217;ensemble de la page.<br>CTRL 0 vous permet de revenir \u00e0 la taille initiale.<\/p>\n\n\n\n<p class=\"wp-block-paragraph\">&nbsp;<\/p>\n\n\n\n<h3 class=\"wp-block-heading\">La solution LISIO<\/h3>\n\n\n\n<p class=\"wp-block-paragraph\">Ce petit outil qui appara\u00eet en permanence sur la gauche de notre site, g\u00e9n\u00e8re dynamiquement des versions sur-mesure de notre site, adapt\u00e9es au profil de chaque visiteur comme :<\/p>\n\n\n\n<ul class=\"wp-block-list\">\n<li><strong>l&#8217;Inexp\u00e9rience du num\u00e9rique ou illectronisme<\/strong> qui touche 20% de la population sources : societenumerique.gouv.fr<\/li>\n\n\n\n<li><strong>Handicaps et d\u00e9ficiences :<\/strong>\n<ul class=\"wp-block-list\">\n<li>Visuels : Daltonisme (6% de la population) ; DMLA (8%) ; Epilepsie photosensible (5%) ; Cataracte (6%) ; Presbytie (40%),&#8230; ;<\/li>\n\n\n\n<li>Cognitifs : Dyslexie (10%) ; Probl\u00e8mes de m\u00e9moire, d&#8217;attention, d&#8217;analyse ; Tremblements et maladie de Parkinson,&#8230; ;<\/li>\n\n\n\n<li>Moteurs : Paralysies ; Arthrose ; Scl\u00e9rose en plaques,&#8230; ;<\/li>\n\n\n\n<li>Difficult\u00e9s g\u00e9n\u00e9rationnelles : Pathologies li\u00e9es \u00e0 l&#8217;\u00e2ge (20% \u00e0 +65 ans) ; Difficult\u00e9s de lecture et illettrisme (7% de la pop. active);<\/li>\n\n\n\n<li>Traduction multi-langues : De tout le site dans la langue maternelle du visiteur (26 langues) pour les populations immigr\u00e9es de notre territoire, les touristes, les travailleurs \u00e9trangers, les acc\u00e8s au site web depuis d&#8217;autres pays,&#8230; ;<\/li>\n\n\n\n<li>Zones rurales \u00e0 faibles d\u00e9bits r\u00e9seaux Affichage acc\u00e9l\u00e9r\u00e9 (x100) des pages web : Habitants des zones rurales ou de montagnes, connexions dans les transports, en vacances, &#8230;;<\/li>\n\n\n\n<li>Les autres situations de difficult\u00e9s temporaires sont nombreuses : maladies, blessures, surmenage, manque de sommeil, environnement bruyant, stress, difficult\u00e9s \u00e0 se concentrer.<\/li>\n<\/ul>\n<\/li>\n<\/ul>\n\n\n\n<h3 class=\"wp-block-heading\">Les modifications pour rendre le site accessible<\/h3>\n\n\n\n<ul class=\"wp-block-list\">\n<li>Filtres de daltonismes (options de correspondance et monochrome );<\/li>\n\n\n\n<li>Adaptations des textes aux formats dyslexie (modification de la police, lettres soulign\u00e9es);<\/li>\n\n\n\n<li>Augmentation de la taille des polices;<\/li>\n\n\n\n<li>Contraste de l\u2019\u00e9cran au format sombre;<\/li>\n\n\n\n<li>Modification de la police pour plus de lisibilit\u00e9;<\/li>\n\n\n\n<li>Lecture vocale pour les personnes malentendantes;<\/li>\n\n\n\n<li>Traductions multilingues;<\/li>\n\n\n\n<li>Augmentations de la taille du curseur;<\/li>\n\n\n\n<li>Augmentation de la taille de l\u2019affichage;<\/li>\n\n\n\n<li>Mise en \u00e9vidence des liens du site;<\/li>\n\n\n\n<li>Description des mots s\u00e9lectionn\u00e9s avec la souris;<\/li>\n\n\n\n<li>Affichage dans un nouvelle fen\u00eatre sous le format \u201cpage de livre\u201d afin d\u2019avoir les informations essentielles de mani\u00e8re claire et lisible;<\/li>\n\n\n\n<li>Bloquer les clignotement et flashes des \u00e9l\u00e9ments en mouvements.<\/li>\n<\/ul>\n\n\n\n<p class=\"wp-block-paragraph\">&nbsp;<\/p>\n","protected":false},"excerpt":{"rendered":"<p>Conseils et astuces pour naviguer plus facilement sur le site Liens d&#8217;acc\u00e8s rapide Plac\u00e9s en haut de page, ces liens permettent d\u2019acc\u00e9der directement \u00e0 la partie recherch\u00e9e (sans avoir \u00e0&hellip; <a class=\"continue\" href=\"https:\/\/www.adapei64.fr\/site\/accessibilite\/\">Lire :<span> Accessibilit\u00e9<\/span><\/a><\/p>\n","protected":false},"author":1,"featured_media":654,"parent":0,"menu_order":18,"comment_status":"closed","ping_status":"closed","template":"","meta":{"_crdt_document":"","om_disable_all_campaigns":false,"_uag_custom_page_level_css":"","_monsterinsights_skip_tracking":false,"_monsterinsights_sitenote_active":false,"_monsterinsights_sitenote_note":"","_monsterinsights_sitenote_category":0,"_uf_show_specific_survey":0,"_uf_disable_surveys":false,"_EventAllDay":false,"_EventTimezone":"","_EventStartDate":"","_EventEndDate":"","_EventStartDateUTC":"","_EventEndDateUTC":"","_EventShowMap":false,"_EventShowMapLink":false,"_EventURL":"","_EventCost":"","_EventCostDescription":"","_EventCurrencySymbol":"","_EventCurrencyCode":"","_EventCurrencyPosition":"","_EventDateTimeSeparator":"","_EventTimeRangeSeparator":"","_EventOrganizerID":[],"_EventVenueID":[],"_OrganizerEmail":"","_OrganizerPhone":"","_OrganizerWebsite":"","_VenueAddress":"","_VenueCity":"","_VenueCountry":"","_VenueProvince":"","_VenueState":"","_VenueZip":"","_VenuePhone":"","_VenueURL":"","_VenueStateProvince":"","_VenueLat":"","_VenueLng":"","_VenueShowMap":false,"_VenueShowMapLink":false,"footnotes":""},"class_list":["post-758","page","type-page","status-publish","has-post-thumbnail","hentry"],"uagb_featured_image_src":{"full":["https:\/\/www.adapei64.fr\/site\/wp-content\/uploads\/2020\/11\/pa2021-2025.jpg",1848,1304,false],"thumbnail":["https:\/\/www.adapei64.fr\/site\/wp-content\/uploads\/2020\/11\/pa2021-2025-600x600.jpg",600,600,true],"medium":["https:\/\/www.adapei64.fr\/site\/wp-content\/uploads\/2020\/11\/pa2021-2025-1000x706.jpg",1000,706,true],"medium_large":["https:\/\/www.adapei64.fr\/site\/wp-content\/uploads\/2020\/11\/pa2021-2025-768x542.jpg",768,542,true],"large":["https:\/\/www.adapei64.fr\/site\/wp-content\/uploads\/2020\/11\/pa2021-2025.jpg",1848,1304,false],"1536x1536":["https:\/\/www.adapei64.fr\/site\/wp-content\/uploads\/2020\/11\/pa2021-2025-1536x1084.jpg",1536,1084,true],"2048x2048":["https:\/\/www.adapei64.fr\/site\/wp-content\/uploads\/2020\/11\/pa2021-2025.jpg",1848,1304,false]},"uagb_author_info":{"display_name":"Marie Lafargue","author_link":"https:\/\/www.adapei64.fr\/site\/author\/marie\/"},"uagb_comment_info":0,"uagb_excerpt":"Conseils et astuces pour naviguer plus facilement sur le site Liens d&#8217;acc\u00e8s rapide Plac\u00e9s en haut de page, ces liens permettent d\u2019acc\u00e9der directement \u00e0 la partie recherch\u00e9e (sans avoir \u00e0&hellip; Lire : Accessibilit\u00e9","distributor_meta":false,"distributor_terms":false,"distributor_media":false,"distributor_original_site_name":"Adapei des Pyr\u00e9n\u00e9es-Atlantiques","distributor_original_site_url":"https:\/\/www.adapei64.fr\/site","push-errors":false,"_links":{"self":[{"href":"https:\/\/www.adapei64.fr\/site\/wp-json\/wp\/v2\/pages\/758","targetHints":{"allow":["GET"]}}],"collection":[{"href":"https:\/\/www.adapei64.fr\/site\/wp-json\/wp\/v2\/pages"}],"about":[{"href":"https:\/\/www.adapei64.fr\/site\/wp-json\/wp\/v2\/types\/page"}],"author":[{"embeddable":true,"href":"https:\/\/www.adapei64.fr\/site\/wp-json\/wp\/v2\/users\/1"}],"replies":[{"embeddable":true,"href":"https:\/\/www.adapei64.fr\/site\/wp-json\/wp\/v2\/comments?post=758"}],"version-history":[{"count":13,"href":"https:\/\/www.adapei64.fr\/site\/wp-json\/wp\/v2\/pages\/758\/revisions"}],"predecessor-version":[{"id":21444,"href":"https:\/\/www.adapei64.fr\/site\/wp-json\/wp\/v2\/pages\/758\/revisions\/21444"}],"wp:featuredmedia":[{"embeddable":true,"href":"https:\/\/www.adapei64.fr\/site\/wp-json\/wp\/v2\/media\/654"}],"wp:attachment":[{"href":"https:\/\/www.adapei64.fr\/site\/wp-json\/wp\/v2\/media?parent=758"}],"curies":[{"name":"wp","href":"https:\/\/api.w.org\/{rel}","templated":true}]}}