{"id":8700,"date":"2021-08-14T12:20:54","date_gmt":"2022-02-17T11:20:39","guid":{"rendered":"http:\/\/www.adapei64.fr\/site\/?page_id=8700"},"modified":"2025-07-30T18:12:26","modified_gmt":"2025-07-30T16:12:26","slug":"deplacements","status":"publish","type":"page","link":"https:\/\/www.adapei64.fr\/site\/proche\/deplacements\/","title":{"rendered":"D\u00e9placements, transport"},"content":{"rendered":"\n<div style=\"height:70px\" aria-hidden=\"true\" class=\"wp-block-spacer\"><\/div>\n\n\n\n<div class=\"wp-block-columns is-layout-flex wp-container-core-columns-is-layout-07579d57 wp-block-columns-is-layout-flex\">\n<div class=\"wp-block-column is-layout-flow wp-block-column-is-layout-flow\" style=\"flex-basis:80%\">\n<h2 class=\"wp-block-heading\">Permis de conduire, BSR<\/h2>\n\n\n\n<p class=\"wp-block-paragraph\">Votre proche peut \u00eatre accompagn\u00e9 dans ses d\u00e9marches pour passer le BSR (Brevet de S\u00e9curit\u00e9 Routi\u00e8re) ou le Permis de conduire.<\/p>\n\n\n\n<p class=\"wp-block-paragraph\">Il peut b\u00e9n\u00e9ficier d&#8217;un accompagnement&nbsp;<\/p>\n\n\n\n<ul class=\"wp-block-list\">\n<li>par le <a href=\"http:\/\/www.adapei64.fr\/site\/adapei\/les-etablissements-et-services\/enfance-scolarisation\/sesips-ime-sessad-itep\/\">SESIPS<\/a> s&#8217;il a moins de 20 ans,&nbsp;&nbsp;<br>Le SESIPS dispose de 2 autos \u00e9cole pour dispenser des cours de conduite.<\/li>\n\n\n\n<li>par un <a href=\"http:\/\/www.adapei64.fr\/site\/proche\/aide-dans-la-vie-quotidienne\/\">SAVS (Service d&#8217;Aide \u00e0 la Vie Sociale)<\/a> s&#8217;il a plus de 20 ans&nbsp;<\/li>\n<\/ul>\n<\/div>\n\n\n\n<div class=\"wp-block-column is-layout-flow wp-block-column-is-layout-flow\" style=\"flex-basis:20%\">\n<figure class=\"wp-block-image bloc_bleu\"><a href=\"https:\/\/www.adapei64.fr\/site\/adapei\/les-etablissements-et-services\/\"><img decoding=\"async\" src=\"http:\/\/www.adapei64.fr\/site\/wp-content\/uploads\/2021\/02\/TrouverESMS.png\" alt=\"Carte vers les \u00e9tablissements et services de l'Adapei des Pyr\u00e9n\u00e9es-Atlantiques\"\/><\/a><figcaption class=\"wp-element-caption\"><a href=\"https:\/\/www.adapei64.fr\/site\/adapei\/les-etablissements-et-services\/\" data-type=\"page\" data-id=\"1013\">Trouver un \u00e9tablissement ou service<\/a><\/figcaption><\/figure>\n<\/div>\n<\/div>\n\n\n\n<div style=\"height:70px\" aria-hidden=\"true\" class=\"wp-block-spacer\"><\/div>\n\n\n\n<h2 class=\"wp-block-heading\">Les aides financi\u00e8res<br>pour les d\u00e9placements<\/h2>\n\n\n\n<div class=\"wp-block-columns is-layout-flex wp-container-core-columns-is-layout-07579d57 wp-block-columns-is-layout-flex\">\n<div class=\"wp-block-column is-layout-flow wp-block-column-is-layout-flow\" style=\"flex-basis:80%\">\n<h3 class=\"wp-block-heading\">La prestation de compensation du handicap : PCH<\/h3>\n\n\n\n<p class=\"wp-block-paragraph\">La prestation de compensation du handicap est une aide financi\u00e8re attribu\u00e9e par la commission des droits et de l\u2019autonomie des personnes handicap\u00e9es (CDAPH). Elle est vers\u00e9e par le d\u00e9partement.<\/p>\n\n\n\n<p class=\"wp-block-paragraph\">La PCH est destin\u00e9e \u00e0 compenser les frais li\u00e9s \u00e0 :<\/p>\n\n\n\n<ul class=\"wp-block-list\">\n<li>un besoin d\u2019aide humaine ;<\/li>\n\n\n\n<li>un besoin d\u2019aides techniques ;<\/li>\n\n\n\n<li>un besoin d\u2019am\u00e9nagements du logement ou du v\u00e9hicule, ou des surco\u00fbts li\u00e9s aux transports ;<\/li>\n\n\n\n<li>des charges sp\u00e9cifiques ou exceptionnelles li\u00e9es au handicap ;<\/li>\n\n\n\n<li>un besoin d\u2019aide animali\u00e8re.<\/li>\n<\/ul>\n\n\n\n<p class=\"wp-block-paragraph\">Elle ne permet pas de r\u00e9pondre \u00e0 elle seule \u00e0 l\u2019ensemble des besoins de compensation.<\/p>\n\n\n\n<p class=\"wp-block-paragraph\">La PCH peut \u00eatre attribu\u00e9e \u00e0 des personnes vivant \u00e0 domicile ou dans un \u00e9tablissement (social, m\u00e9dico-social, de sant\u00e9), mais les droits attribuables ne sont pas identiques \u00e0 domicile et en \u00e9tablissement.<\/p>\n\n\n\n<p class=\"wp-block-paragraph\"><a href=\"https:\/\/www.monparcourshandicap.gouv.fr\/aides\/la-prestation-de-compensation-du-handicap-pch\" target=\"_blank\" rel=\"noopener\">En savoir plus sur la PCH<\/a><\/p>\n<\/div>\n\n\n\n<div class=\"wp-block-column is-layout-flow wp-block-column-is-layout-flow\" style=\"flex-basis:20%\">\n<figure class=\"wp-block-image bloc_gris\"><a href=\"https:\/\/www.cnsa.fr\/documentation\/cnsa_fiche_facile_a_lire_aide_pch.pdf\" target=\"_blank\" rel=\"noopener\"><img decoding=\"async\" src=\"http:\/\/www.adapei64.fr\/site\/wp-content\/uploads\/2021\/12\/capture_pch.jpg\" alt=\"\"\/><\/a><figcaption class=\"wp-element-caption\">La PCH<\/figcaption><\/figure>\n<\/div>\n<\/div>\n\n\n\n<div style=\"height:35px\" aria-hidden=\"true\" class=\"wp-block-spacer\"><\/div>\n\n\n\n<div class=\"wp-block-columns is-layout-flex wp-container-core-columns-is-layout-07579d57 wp-block-columns-is-layout-flex\">\n<div class=\"wp-block-column is-layout-flow wp-block-column-is-layout-flow\" style=\"flex-basis:80%\">\n<h3 class=\"wp-block-heading\">La carte mobilit\u00e9 inclusion : CMI<\/h3>\n\n\n\n<figure class=\"wp-block-embed is-type-video is-provider-youtube wp-block-embed-youtube wp-embed-aspect-16-9 wp-has-aspect-ratio\"><div class=\"wp-block-embed__wrapper\">\n<iframe loading=\"lazy\" title=\"Tout savoir sur la CMI\" width=\"500\" height=\"281\" src=\"https:\/\/www.youtube.com\/embed\/XTb8R2RwiIU?feature=oembed\" frameborder=\"0\" allow=\"accelerometer; autoplay; clipboard-write; encrypted-media; gyroscope; picture-in-picture; web-share\" referrerpolicy=\"strict-origin-when-cross-origin\" allowfullscreen><\/iframe>\n<\/div><\/figure>\n\n\n\n<details class=\"wp-block-details falc is-layout-flow wp-block-details-is-layout-flow\"><summary>Transcription \/ Lire le texte de la vid\u00e9o<\/summary>\n<p class=\"wp-block-paragraph\">Tout savoir sur la CMI. <br><strong>Qu&#8217;est ce que la CMI ?<\/strong><\/p>\n\n\n\n<p class=\"wp-block-paragraph\">On parle de CMI pour parler des Cartes Mobilit\u00e9 Inclusion. <br>Les CMI sont des cartes.<br>Elles donnent des avantages aux personnes handicap\u00e9es et aux personnes \u00e2g\u00e9es pour faciliter leurs d\u00e9placements. <\/p>\n\n\n\n<p class=\"wp-block-paragraph\">Un avantage vous rend la vie plus simple.<\/p>\n\n\n\n<p class=\"wp-block-paragraph\">Il y a 3 CMI diff\u00e9rentes. <br>La CMI stationnement, la CMI priorit\u00e9, la CMI invalidit\u00e9. <\/p>\n\n\n\n<p class=\"wp-block-paragraph\">Les CMI donnent les m\u00eames avantages que les anciennes cartes. <\/p>\n\n\n\n<p class=\"wp-block-paragraph\">Les CMI sont gratuites.<\/p>\n\n\n\n<p class=\"wp-block-paragraph\"><strong>Qu&#8217;est ce que les CMI apportent de nouveau ? <\/strong><\/p>\n\n\n\n<p class=\"wp-block-paragraph\">Avec la CMI, vous attendez moins longtemps qu&#8217;avant pour avoir votre carte. <br>Les CMI sont plus s\u00e9curis\u00e9es que les anciennes cartes. <\/p>\n\n\n\n<p class=\"wp-block-paragraph\">Si votre CMI est vol\u00e9e ou perdue ou ab\u00eem\u00e9e, vous le d\u00e9clarez pour que la CMI ne fonctionne plus. <br>Vous le d\u00e9clarez sur le site internet www. carte-mobilit\u00e9-inclusion.fr .<\/p>\n\n\n\n<p class=\"wp-block-paragraph\">Par exemple si quelqu&#8217;un a vol\u00e9 votre CMI, il ne pourra pas l&#8217;utiliser. <br>Vous recevez ensuite une nouvelle CMI. <\/p>\n\n\n\n<p class=\"wp-block-paragraph\"><strong>Qui peut avoir une CMI ? <\/strong><\/p>\n\n\n\n<p class=\"wp-block-paragraph\">Les conditions pour avoir une CMI sont les m\u00eames que pour avoir les anciennes cartes. <br>Pour en savoir plus sur les conditions pour avoir une CMI, vous pouvez lire les fiches correspondantes.<\/p>\n<\/details>\n<\/div>\n\n\n\n<div class=\"wp-block-column is-layout-flow wp-block-column-is-layout-flow\" style=\"flex-basis:20%\">\n<figure class=\"wp-block-image bloc_gris\"><a href=\"https:\/\/www.cnsa.fr\/documentation\/cnsa_17-09_fiches-facilealire_cmi_toutsavoir.pdf\" target=\"_blank\" rel=\"noopener\"><img decoding=\"async\" src=\"http:\/\/www.adapei64.fr\/site\/wp-content\/uploads\/2022\/01\/CMI.jpg\" alt=\"Fiche FALC sur la CMI\"\/><\/a><figcaption class=\"wp-element-caption\">La CMI<\/figcaption><\/figure>\n<\/div>\n<\/div>\n\n\n\n<div style=\"height:35px\" aria-hidden=\"true\" class=\"wp-block-spacer\"><\/div>\n\n\n\n<div class=\"wp-block-columns is-layout-flex wp-container-core-columns-is-layout-07579d57 wp-block-columns-is-layout-flex\">\n<div class=\"wp-block-column is-layout-flow wp-block-column-is-layout-flow\" style=\"flex-basis:80%\">\n<h4 class=\"wp-block-heading\">La CMI Stationnement<\/h4>\n\n\n\n<p class=\"wp-block-paragraph\">Cette carte permet d&#8217;utiliser gratuitement et sans limitation de dur\u00e9e toutes les places de stationnement ouvertes au public. La carte peut \u00eatre utilis\u00e9e si votre proche est le conducteur de la voiture mais aussi s&#8217;il est passager.<br>La dur\u00e9e de stationnement peut \u00eatre limit\u00e9e sur d\u00e9cision de la mairie. Cette dur\u00e9e ne peut pas \u00eatre inf\u00e9rieure \u00e0 12 heures.<\/p>\n<\/div>\n\n\n\n<div class=\"wp-block-column is-layout-flow wp-block-column-is-layout-flow\" style=\"flex-basis:20%\">\n<figure class=\"wp-block-image bloc_gris\"><a href=\"https:\/\/www.cnsa.fr\/documentation\/cnsa_18-01_fiches-facilealire_cmi_stationnement.pdf\" target=\"_blank\" rel=\"noopener\"><img decoding=\"async\" src=\"http:\/\/www.adapei64.fr\/site\/wp-content\/uploads\/2022\/01\/CMI-Stationnement.jpg\" alt=\"\"\/><\/a><figcaption class=\"wp-element-caption\">La CMI stationnement<\/figcaption><\/figure>\n<\/div>\n<\/div>\n\n\n\n<div style=\"height:35px\" aria-hidden=\"true\" class=\"wp-block-spacer\"><\/div>\n\n\n\n<div class=\"wp-block-columns is-layout-flex wp-container-core-columns-is-layout-07579d57 wp-block-columns-is-layout-flex\">\n<div class=\"wp-block-column is-layout-flow wp-block-column-is-layout-flow\" style=\"flex-basis:80%\">\n<h4 class=\"wp-block-heading\">La CMI Priorit\u00e9<\/h4>\n\n\n\n<p class=\"wp-block-paragraph\">Cette carte permet d&#8217;obtenir le droit d&#8217;utiliser une place assise dans les transports en commun et les salles d&#8217;attente.<br>Elle permet \u00e9galement d&#8217;\u00eatre prioritaire dans les files d&#8217;attente.<\/p>\n\n\n\n<p class=\"wp-block-paragraph\">La personne qui accompagne votre proche dans ses d\u00e9placements b\u00e9n\u00e9ficie de ces m\u00eames avantages.<\/p>\n<\/div>\n\n\n\n<div class=\"wp-block-column is-layout-flow wp-block-column-is-layout-flow\" style=\"flex-basis:20%\">\n<figure class=\"wp-block-image bloc_gris\"><a href=\"https:\/\/www.cnsa.fr\/documentation\/cnsa_17-09_fiches-facilealire_cmi_priorite.pdf\" target=\"_blank\" rel=\"noopener\"><img decoding=\"async\" src=\"http:\/\/www.adapei64.fr\/site\/wp-content\/uploads\/2022\/01\/CMI-Priorite.jpg\" alt=\"\"\/><\/a><figcaption class=\"wp-element-caption\">La CMI priorit\u00e9<\/figcaption><\/figure>\n<\/div>\n<\/div>\n\n\n\n<div style=\"height:35px\" aria-hidden=\"true\" class=\"wp-block-spacer\"><\/div>\n\n\n\n<div class=\"wp-block-columns is-layout-flex wp-container-core-columns-is-layout-07579d57 wp-block-columns-is-layout-flex\">\n<div class=\"wp-block-column is-layout-flow wp-block-column-is-layout-flow\" style=\"flex-basis:80%\">\n<h4 class=\"wp-block-heading\">La CMI Invalidit\u00e9<\/h4>\n\n\n\n<p class=\"wp-block-paragraph\">La carte invalidit\u00e9 permet de b\u00e9n\u00e9ficier des m\u00eame droits que la carte priorit\u00e9.<\/p>\n\n\n\n<p class=\"wp-block-paragraph\">La carte vous permet aussi de b\u00e9n\u00e9ficier des avantages suivants :<\/p>\n\n\n\n<ul class=\"wp-block-list\">\n<li>Dispositions concernant les travailleurs handicap\u00e9s dans le secteur priv\u00e9 ou public sans avoir \u00e0 faire une d\u00e9marche de reconnaissance de la qualit\u00e9 de travailleur handicap\u00e9 (RQTH)<\/li>\n\n\n\n<li>Avantages fiscaux (par exemple, sous conditions, demi-part suppl\u00e9mentaire pour le calcul de l&#8217;imp\u00f4t sur le revenu)<\/li>\n\n\n\n<li>R\u00e9ductions dans les transports (par exemple, RATP, SNCF, Air France)<\/li>\n<\/ul>\n\n\n\n<p class=\"wp-block-paragraph\"><a href=\"https:\/\/www.service-public.fr\/particuliers\/vosdroits\/F34049\" target=\"_blank\" rel=\"noopener\">En savoir plus sur la CMI<\/a><\/p>\n<\/div>\n\n\n\n<div class=\"wp-block-column is-layout-flow wp-block-column-is-layout-flow\" style=\"flex-basis:20%\">\n<figure class=\"wp-block-image bloc_gris\"><a href=\"https:\/\/www.cnsa.fr\/documentation\/cnsa_18-01_fiches-facilealire_cmi_invalidite.pdf\" target=\"_blank\" rel=\"noopener\"><img decoding=\"async\" src=\"http:\/\/www.adapei64.fr\/site\/wp-content\/uploads\/2022\/01\/CMI-Invalidite.jpg\" alt=\"\"\/><\/a><figcaption class=\"wp-element-caption\">La CMI invalidit\u00e9<\/figcaption><\/figure>\n<\/div>\n<\/div>\n\n\n\n<div style=\"height:35px\" aria-hidden=\"true\" class=\"wp-block-spacer\"><\/div>\n\n\n\n<div class=\"wp-block-columns is-layout-flex wp-container-core-columns-is-layout-07579d57 wp-block-columns-is-layout-flex\">\n<div class=\"wp-block-column is-layout-flow wp-block-column-is-layout-flow\" style=\"flex-basis:80%\">\n<h3 class=\"wp-block-heading\">L&#8217;aide aux d\u00e9placements en compensation du handicap<\/h3>\n\n\n\n<p class=\"wp-block-paragraph\">Cette aide, d&#8217;un montant maximum de 5 000 euros, peut \u00eatre accord\u00e9e pour r\u00e9gler les frais de d\u00e9placements de votre proche pour ses trajets domicile\/lieu de travail :&nbsp;<\/p>\n\n\n\n<p class=\"wp-block-paragraph\">\u00e9quipements adapt\u00e9s \u00e0 installer sur un v\u00e9hicule individuel,&nbsp;<\/p>\n\n\n\n<ul class=\"wp-block-list\">\n<li>am\u00e9nagement de v\u00e9hicule d\u2019un tiers accompagnant,&nbsp;<\/li>\n\n\n\n<li>taxi,&nbsp;<\/li>\n\n\n\n<li>transport adapt\u00e9\u2026&nbsp;<\/li>\n<\/ul>\n\n\n\n<p class=\"wp-block-paragraph\">Pour l&#8217;obtenir, vous devez adresser une&nbsp;<a href=\"https:\/\/www.agefiph.fr\/aides-handicap\/aide-aux-deplacements-en-compensation-du-handicap\" target=\"_blank\" rel=\"noopener\">demande \u00e0 votre d\u00e9l\u00e9gation r\u00e9gionale Agefiph<\/a>.<\/p>\n<\/div>\n\n\n\n<div class=\"wp-block-column is-layout-flow wp-block-column-is-layout-flow\" style=\"flex-basis:20%\">\n<figure class=\"wp-block-image bloc_gris\"><a href=\"https:\/\/www.agefiph.fr\/aides-handicap\/aide-aux-deplacements-en-compensation-du-handicap\" target=\"_blank\" rel=\"noopener\"><img decoding=\"async\" src=\"http:\/\/www.adapei64.fr\/site\/wp-content\/uploads\/2021\/09\/agefiph.jpg\" alt=\"Logo de l'AGEFIPH\"\/><\/a><figcaption class=\"wp-element-caption\">Faire une demande d&#8217;aide aux d\u00e9placements en compensation du handicap.<\/figcaption><\/figure>\n<\/div>\n<\/div>\n\n\n\n<div style=\"height:70px\" aria-hidden=\"true\" class=\"wp-block-spacer\"><\/div>\n\n\n\n<h2 class=\"wp-block-heading\">Se d\u00e9placer sur l&#8217;agglom\u00e9ration paloise<\/h2>\n\n\n\n<div class=\"wp-block-columns is-layout-flex wp-container-core-columns-is-layout-07579d57 wp-block-columns-is-layout-flex\">\n<div class=\"wp-block-column is-layout-flow wp-block-column-is-layout-flow\" style=\"flex-basis:80%\">\n<p class=\"wp-block-paragraph\">Idelis propose 2 services de transport \u00e0 la demande :<\/p>\n\n\n\n<div style=\"height:35px\" aria-hidden=\"true\" class=\"wp-block-spacer\"><\/div>\n\n\n\n<h3 class=\"wp-block-heading\">Idelis \u00e0 la demande<\/h3>\n\n\n\n<p class=\"wp-block-paragraph\">Idelis \u00e0 la demande est un service de transport sur r\u00e9servation, propos\u00e9 en compl\u00e9ment du r\u00e9seau IDELIS.<br>Il est accessible aux personnes \u00e0 mobilit\u00e9 r\u00e9duite.\u00a0<\/p>\n\n\n\n<p class=\"wp-block-paragraph\"><a href=\"https:\/\/www.idelis.fr\/se-deplacer\/transport-a-la-demande\/idelis-a-la-demande-le-transport-a-la-demande-de-jour-et-de-soiree\">Plus d&#8217;informations sur le service &#8220;Idelis \u00e0 la demande&#8221;<\/a><\/p>\n\n\n\n<div style=\"height:35px\" aria-hidden=\"true\" class=\"wp-block-spacer\"><\/div>\n\n\n\n<h3 class=\"wp-block-heading\">Libertis<\/h3>\n\n\n\n<p class=\"wp-block-paragraph\">Sp\u00e9cialement con\u00e7us pour les personnes \u00e0 mobilit\u00e9 r\u00e9duite, <br>les minibus Libertis sont am\u00e9nag\u00e9s pour accueillir des fauteuils roulants : rampe d&#8217;acc\u00e8s, points d&#8217;ancrage \u00e0 bord&#8230;<\/p>\n\n\n\n<p class=\"wp-block-paragraph\">Idelis propose aussi la gratuit\u00e9 pour les accompagnateurs (sous conditions).<\/p>\n\n\n\n<p class=\"wp-block-paragraph\"><a href=\"https:\/\/www.idelis.fr\/se-deplacer\/transport-a-la-demande\/libertis-le-transport-adapte\">Plus d&#8217;informations sur le service Libertis<\/a><\/p>\n<\/div>\n\n\n\n<div class=\"wp-block-column is-layout-flow wp-block-column-is-layout-flow\" style=\"flex-basis:20%\">\n<figure class=\"wp-block-image bloc_gris\"><img decoding=\"async\" src=\"http:\/\/www.adapei64.fr\/site\/wp-content\/uploads\/2022\/03\/logo-idelis-color.png\" alt=\"Idelis\"\/><\/figure>\n<\/div>\n<\/div>\n","protected":false},"excerpt":{"rendered":"<p>Permis de conduire, BSR Votre proche peut \u00eatre accompagn\u00e9 dans ses d\u00e9marches pour passer le BSR (Brevet de S\u00e9curit\u00e9 Routi\u00e8re) ou le Permis de conduire. Il peut b\u00e9n\u00e9ficier d&#8217;un accompagnement&nbsp;&hellip; <a class=\"continue\" href=\"https:\/\/www.adapei64.fr\/site\/proche\/deplacements\/\">Lire :<span> D\u00e9placements, transport<\/span><\/a><\/p>\n","protected":false},"author":1,"featured_media":5699,"parent":1597,"menu_order":13,"comment_status":"closed","ping_status":"closed","template":"","meta":{"_crdt_document":"","om_disable_all_campaigns":false,"_uag_custom_page_level_css":"","_monsterinsights_skip_tracking":false,"_monsterinsights_sitenote_active":false,"_monsterinsights_sitenote_note":"","_monsterinsights_sitenote_category":0,"_uf_show_specific_survey":0,"_uf_disable_surveys":false,"_EventAllDay":false,"_EventTimezone":"","_EventStartDate":"","_EventEndDate":"","_EventStartDateUTC":"","_EventEndDateUTC":"","_EventShowMap":false,"_EventShowMapLink":false,"_EventURL":"","_EventCost":"","_EventCostDescription":"","_EventCurrencySymbol":"","_EventCurrencyCode":"","_EventCurrencyPosition":"","_EventDateTimeSeparator":"","_EventTimeRangeSeparator":"","_EventOrganizerID":[],"_EventVenueID":[],"_OrganizerEmail":"","_OrganizerPhone":"","_OrganizerWebsite":"","_VenueAddress":"","_VenueCity":"","_VenueCountry":"","_VenueProvince":"","_VenueState":"","_VenueZip":"","_VenuePhone":"","_VenueURL":"","_VenueStateProvince":"","_VenueLat":"","_VenueLng":"","_VenueShowMap":false,"_VenueShowMapLink":false,"footnotes":""},"class_list":["post-8700","page","type-page","status-publish","has-post-thumbnail","hentry"],"uagb_featured_image_src":{"full":["https:\/\/www.adapei64.fr\/site\/wp-content\/uploads\/2021\/12\/10-Logement.svg",500,500,false],"thumbnail":["https:\/\/www.adapei64.fr\/site\/wp-content\/uploads\/2021\/12\/10-Logement.svg",500,500,false],"medium":["https:\/\/www.adapei64.fr\/site\/wp-content\/uploads\/2021\/12\/10-Logement.svg",500,500,false],"medium_large":["https:\/\/www.adapei64.fr\/site\/wp-content\/uploads\/2021\/12\/10-Logement.svg",500,500,false],"large":["https:\/\/www.adapei64.fr\/site\/wp-content\/uploads\/2021\/12\/10-Logement.svg",500,500,false],"1536x1536":["https:\/\/www.adapei64.fr\/site\/wp-content\/uploads\/2021\/12\/10-Logement.svg",500,500,false],"2048x2048":["https:\/\/www.adapei64.fr\/site\/wp-content\/uploads\/2021\/12\/10-Logement.svg",500,500,false]},"uagb_author_info":{"display_name":"Marie Lafargue","author_link":"https:\/\/www.adapei64.fr\/site\/author\/marie\/"},"uagb_comment_info":0,"uagb_excerpt":"Permis de conduire, BSR Votre proche peut \u00eatre accompagn\u00e9 dans ses d\u00e9marches pour passer le BSR (Brevet de S\u00e9curit\u00e9 Routi\u00e8re) ou le Permis de conduire. Il peut b\u00e9n\u00e9ficier d&#8217;un accompagnement&nbsp;&hellip; Lire : D\u00e9placements, transport","distributor_meta":false,"distributor_terms":false,"distributor_media":false,"distributor_original_site_name":"Adapei des Pyr\u00e9n\u00e9es-Atlantiques","distributor_original_site_url":"https:\/\/www.adapei64.fr\/site","push-errors":false,"_links":{"self":[{"href":"https:\/\/www.adapei64.fr\/site\/wp-json\/wp\/v2\/pages\/8700","targetHints":{"allow":["GET"]}}],"collection":[{"href":"https:\/\/www.adapei64.fr\/site\/wp-json\/wp\/v2\/pages"}],"about":[{"href":"https:\/\/www.adapei64.fr\/site\/wp-json\/wp\/v2\/types\/page"}],"author":[{"embeddable":true,"href":"https:\/\/www.adapei64.fr\/site\/wp-json\/wp\/v2\/users\/1"}],"replies":[{"embeddable":true,"href":"https:\/\/www.adapei64.fr\/site\/wp-json\/wp\/v2\/comments?post=8700"}],"version-history":[{"count":45,"href":"https:\/\/www.adapei64.fr\/site\/wp-json\/wp\/v2\/pages\/8700\/revisions"}],"predecessor-version":[{"id":18041,"href":"https:\/\/www.adapei64.fr\/site\/wp-json\/wp\/v2\/pages\/8700\/revisions\/18041"}],"up":[{"embeddable":true,"href":"https:\/\/www.adapei64.fr\/site\/wp-json\/wp\/v2\/pages\/1597"}],"wp:featuredmedia":[{"embeddable":true,"href":"https:\/\/www.adapei64.fr\/site\/wp-json\/wp\/v2\/media\/5699"}],"wp:attachment":[{"href":"https:\/\/www.adapei64.fr\/site\/wp-json\/wp\/v2\/media?parent=8700"}],"curies":[{"name":"wp","href":"https:\/\/api.w.org\/{rel}","templated":true}]}}