{"id":8777,"date":"2022-02-17T16:25:23","date_gmt":"2022-02-17T15:25:23","guid":{"rendered":"http:\/\/www.adapei64.fr\/site\/?page_id=8777"},"modified":"2024-09-23T10:27:10","modified_gmt":"2024-09-23T08:27:10","slug":"foyer-rene-gabe","status":"publish","type":"page","link":"https:\/\/www.adapei64.fr\/site\/adapei\/les-etablissements-et-services\/vie-sociale-habitat\/foyer-rene-gabe\/","title":{"rendered":"Foyer Ren\u00e9 Gabe"},"content":{"rendered":"\n<div class=\"wp-block-columns is-layout-flex wp-container-core-columns-is-layout-07579d57 wp-block-columns-is-layout-flex\">\n<div class=\"wp-block-column is-layout-flow wp-block-column-is-layout-flow\" style=\"flex-basis:80%\">\n<p class=\"wp-block-paragraph\">Activit\u00e9s<\/p>\n\n\n\n<ul class=\"wp-block-list\">\n<li>Accompagnement \u00e9ducatif dans la vie quotidienne<\/li>\n\n\n\n<li>&nbsp;Activit\u00e9s socio-culturelles et de loisirs<\/li>\n\n\n\n<li>&nbsp;Activit\u00e9s de soutien<\/li>\n<\/ul>\n<\/div>\n\n\n\n<div class=\"wp-block-column is-layout-flow wp-block-column-is-layout-flow\" style=\"flex-basis:20%\">\n<div class=\"wp-block-group bloc_gris coord_esms is-vertical is-layout-flex wp-container-core-group-is-layout-2c90304e wp-block-group-is-layout-flex\">\n<h2 class=\"wp-block-heading\">Coordonn\u00e9es<\/h2>\n\n\n\n<p class=\"wp-block-paragraph\">301 avenue L\u00e9gugnon<br>64400 Oloron Ste Marie<\/p>\n\n\n\n<p class=\"wp-block-paragraph\">T\u00e9l. : 05 59 39 30 24<\/p>\n<\/div>\n\n\n\n<div class=\"wp-block-group bloc_gris contact_esms is-vertical is-layout-flex wp-container-core-group-is-layout-2c90304e wp-block-group-is-layout-flex\">\n<h2 class=\"wp-block-heading\">Contact<\/h2>\n\n\n\n<p class=\"wp-block-paragraph\">PARIS Sylvie,<br>Directrice<\/p>\n\n\n\n<p class=\"wp-block-paragraph\">ASSEMAT V\u00e9ronique,<br><em>Chef de service<\/em><\/p>\n<\/div>\n<\/div>\n<\/div>\n\n\n\n<h2 class=\"wp-block-heading\">Localisation<\/h2>\n\n\n\n<p class=\"wp-block-paragraph\"><iframe title=\"301 avenu l\u00e9gugnon 64400 Oloron\" src=\"https:\/\/maps.google.com\/maps?q=301%20avenu%20l%C3%A9gugnon%2064400%20Oloron&amp;t=m&amp;z=16&amp;output=embed&amp;iwloc=near\" aria-label=\"301 avenu l\u00e9gugnon 64400 Oloron\"><\/iframe><\/p>\n","protected":false},"excerpt":{"rendered":"<p>Activit\u00e9s Coordonn\u00e9es 301 avenue L\u00e9gugnon64400 Oloron Ste Marie T\u00e9l. : 05 59 39 30 24 Contact PARIS Sylvie,Directrice ASSEMAT V\u00e9ronique,Chef de service Localisation<\/p>\n","protected":false},"author":1,"featured_media":12352,"parent":1017,"menu_order":2,"comment_status":"closed","ping_status":"closed","template":"","meta":{"_crdt_document":"","om_disable_all_campaigns":false,"_uag_custom_page_level_css":"","_monsterinsights_skip_tracking":false,"_monsterinsights_sitenote_active":false,"_monsterinsights_sitenote_note":"","_monsterinsights_sitenote_category":0,"_uf_show_specific_survey":0,"_uf_disable_surveys":false,"_EventAllDay":false,"_EventTimezone":"","_EventStartDate":"","_EventEndDate":"","_EventStartDateUTC":"","_EventEndDateUTC":"","_EventShowMap":false,"_EventShowMapLink":false,"_EventURL":"","_EventCost":"","_EventCostDescription":"","_EventCurrencySymbol":"","_EventCurrencyCode":"","_EventCurrencyPosition":"","_EventDateTimeSeparator":"","_EventTimeRangeSeparator":"","_EventOrganizerID":[],"_EventVenueID":[],"_OrganizerEmail":"","_OrganizerPhone":"","_OrganizerWebsite":"","_VenueAddress":"","_VenueCity":"","_VenueCountry":"","_VenueProvince":"","_VenueState":"","_VenueZip":"","_VenuePhone":"","_VenueURL":"","_VenueStateProvince":"","_VenueLat":"","_VenueLng":"","_VenueShowMap":false,"_VenueShowMapLink":false,"footnotes":""},"class_list":["post-8777","page","type-page","status-publish","has-post-thumbnail","hentry"],"uagb_featured_image_src":{"full":["https:\/\/www.adapei64.fr\/site\/wp-content\/uploads\/2023\/06\/PROPRIETE.jpg",2016,1208,false],"thumbnail":["https:\/\/www.adapei64.fr\/site\/wp-content\/uploads\/2023\/06\/PROPRIETE-600x600.jpg",600,600,true],"medium":["https:\/\/www.adapei64.fr\/site\/wp-content\/uploads\/2023\/06\/PROPRIETE-1000x599.jpg",1000,599,true],"medium_large":["https:\/\/www.adapei64.fr\/site\/wp-content\/uploads\/2023\/06\/PROPRIETE-768x460.jpg",768,460,true],"large":["https:\/\/www.adapei64.fr\/site\/wp-content\/uploads\/2023\/06\/PROPRIETE.jpg",2016,1208,false],"1536x1536":["https:\/\/www.adapei64.fr\/site\/wp-content\/uploads\/2023\/06\/PROPRIETE-1536x920.jpg",1536,920,true],"2048x2048":["https:\/\/www.adapei64.fr\/site\/wp-content\/uploads\/2023\/06\/PROPRIETE.jpg",2016,1208,false]},"uagb_author_info":{"display_name":"Marie Lafargue","author_link":"https:\/\/www.adapei64.fr\/site\/author\/marie\/"},"uagb_comment_info":0,"uagb_excerpt":"Activit\u00e9s Coordonn\u00e9es 301 avenue L\u00e9gugnon64400 Oloron Ste Marie T\u00e9l. : 05 59 39 30 24 Contact PARIS Sylvie,Directrice ASSEMAT V\u00e9ronique,Chef de service Localisation","distributor_meta":false,"distributor_terms":false,"distributor_media":false,"distributor_original_site_name":"Adapei des Pyr\u00e9n\u00e9es-Atlantiques","distributor_original_site_url":"https:\/\/www.adapei64.fr\/site","push-errors":false,"_links":{"self":[{"href":"https:\/\/www.adapei64.fr\/site\/wp-json\/wp\/v2\/pages\/8777","targetHints":{"allow":["GET"]}}],"collection":[{"href":"https:\/\/www.adapei64.fr\/site\/wp-json\/wp\/v2\/pages"}],"about":[{"href":"https:\/\/www.adapei64.fr\/site\/wp-json\/wp\/v2\/types\/page"}],"author":[{"embeddable":true,"href":"https:\/\/www.adapei64.fr\/site\/wp-json\/wp\/v2\/users\/1"}],"replies":[{"embeddable":true,"href":"https:\/\/www.adapei64.fr\/site\/wp-json\/wp\/v2\/comments?post=8777"}],"version-history":[{"count":16,"href":"https:\/\/www.adapei64.fr\/site\/wp-json\/wp\/v2\/pages\/8777\/revisions"}],"predecessor-version":[{"id":16117,"href":"https:\/\/www.adapei64.fr\/site\/wp-json\/wp\/v2\/pages\/8777\/revisions\/16117"}],"up":[{"embeddable":true,"href":"https:\/\/www.adapei64.fr\/site\/wp-json\/wp\/v2\/pages\/1017"}],"wp:featuredmedia":[{"embeddable":true,"href":"https:\/\/www.adapei64.fr\/site\/wp-json\/wp\/v2\/media\/12352"}],"wp:attachment":[{"href":"https:\/\/www.adapei64.fr\/site\/wp-json\/wp\/v2\/media?parent=8777"}],"curies":[{"name":"wp","href":"https:\/\/api.w.org\/{rel}","templated":true}]}}