{"id":8807,"date":"2022-02-17T16:50:14","date_gmt":"2022-02-17T15:50:14","guid":{"rendered":"http:\/\/www.adapei64.fr\/site\/?page_id=8807"},"modified":"2024-09-23T10:31:54","modified_gmt":"2024-09-23T08:31:54","slug":"foyer-du-biale","status":"publish","type":"page","link":"https:\/\/www.adapei64.fr\/site\/adapei\/les-etablissements-et-services\/vie-sociale-habitat\/foyer-du-biale\/","title":{"rendered":"Foyer du Bial\u00e9"},"content":{"rendered":"\n<div class=\"wp-block-columns is-layout-flex wp-container-core-columns-is-layout-07579d57 wp-block-columns-is-layout-flex\">\n<div class=\"wp-block-column is-layout-flow wp-block-column-is-layout-flow\" style=\"flex-basis:80%\">\n<h2 class=\"wp-block-heading\">Activit\u00e9s<\/h2>\n\n\n\n<ul class=\"wp-block-list\">\n<li>Accompagnement \u00e9ducatif dans la vie quotidienne<\/li>\n\n\n\n<li>&nbsp;Activit\u00e9s socio-culturelles et de loisirs<\/li>\n\n\n\n<li>&nbsp;Activit\u00e9s de soutien<\/li>\n<\/ul>\n<\/div>\n\n\n\n<div class=\"wp-block-column is-layout-flow wp-block-column-is-layout-flow\" style=\"flex-basis:20%\">\n<div class=\"wp-block-group bloc_gris coord_esms is-vertical is-layout-flex wp-container-core-group-is-layout-2c90304e wp-block-group-is-layout-flex\">\n<h2 class=\"wp-block-heading\">Coordonn\u00e9es<\/h2>\n\n\n\n<p class=\"wp-block-paragraph\">12 rue du Bial\u00e9<br>64230 Lescar&nbsp;<\/p>\n\n\n\n<p class=\"wp-block-paragraph\">T\u00e9l. : 05 59 81 20 45<\/p>\n<\/div>\n\n\n\n<div class=\"wp-block-group bloc_gris contact_esms is-vertical is-layout-flex wp-container-core-group-is-layout-2c90304e wp-block-group-is-layout-flex\">\n<h2 class=\"wp-block-heading\">Contact<\/h2>\n\n\n\n<p class=\"wp-block-paragraph\">MATIAS Louis,<br><em>Directeur<\/em><\/p>\n\n\n\n<p class=\"wp-block-paragraph\">LAMAZOU Marion,<br><em>Cheffe de service<\/em><\/p>\n<\/div>\n<\/div>\n<\/div>\n\n\n\n<h2 class=\"wp-block-heading\">Localisation<\/h2>\n\n\n\n<p class=\"wp-block-paragraph\"><iframe title=\"12 rue du bial\u00e9 64230 lescar\" src=\"https:\/\/maps.google.com\/maps?q=12%20rue%20du%20bial%C3%A9%2064230%20lescar&amp;t=m&amp;z=16&amp;output=embed&amp;iwloc=near\" aria-label=\"12 rue du bial\u00e9 64230 lescar\"><\/iframe><\/p>\n","protected":false},"excerpt":{"rendered":"<p>Activit\u00e9s Coordonn\u00e9es 12 rue du Bial\u00e964230 Lescar&nbsp; T\u00e9l. : 05 59 81 20 45 Contact MATIAS Louis,Directeur LAMAZOU Marion,Cheffe de service Localisation<\/p>\n","protected":false},"author":1,"featured_media":39,"parent":1017,"menu_order":6,"comment_status":"closed","ping_status":"closed","template":"","meta":{"_crdt_document":"","om_disable_all_campaigns":false,"_uag_custom_page_level_css":"","_monsterinsights_skip_tracking":false,"_monsterinsights_sitenote_active":false,"_monsterinsights_sitenote_note":"","_monsterinsights_sitenote_category":0,"_uf_show_specific_survey":0,"_uf_disable_surveys":false,"_EventAllDay":false,"_EventTimezone":"","_EventStartDate":"","_EventEndDate":"","_EventStartDateUTC":"","_EventEndDateUTC":"","_EventShowMap":false,"_EventShowMapLink":false,"_EventURL":"","_EventCost":"","_EventCostDescription":"","_EventCurrencySymbol":"","_EventCurrencyCode":"","_EventCurrencyPosition":"","_EventDateTimeSeparator":"","_EventTimeRangeSeparator":"","_EventOrganizerID":[],"_EventVenueID":[],"_OrganizerEmail":"","_OrganizerPhone":"","_OrganizerWebsite":"","_VenueAddress":"","_VenueCity":"","_VenueCountry":"","_VenueProvince":"","_VenueState":"","_VenueZip":"","_VenuePhone":"","_VenueURL":"","_VenueStateProvince":"","_VenueLat":"","_VenueLng":"","_VenueShowMap":false,"_VenueShowMapLink":false,"footnotes":""},"class_list":["post-8807","page","type-page","status-publish","has-post-thumbnail","hentry"],"uagb_featured_image_src":{"full":["https:\/\/www.adapei64.fr\/site\/wp-content\/uploads\/2020\/10\/FoyerBiale.jpg",1100,501,false],"thumbnail":["https:\/\/www.adapei64.fr\/site\/wp-content\/uploads\/2020\/10\/FoyerBiale-150x150.jpg",150,150,true],"medium":["https:\/\/www.adapei64.fr\/site\/wp-content\/uploads\/2020\/10\/FoyerBiale-300x137.jpg",300,137,true],"medium_large":["https:\/\/www.adapei64.fr\/site\/wp-content\/uploads\/2020\/10\/FoyerBiale-768x350.jpg",768,350,true],"large":["https:\/\/www.adapei64.fr\/site\/wp-content\/uploads\/2020\/10\/FoyerBiale-1024x466.jpg",1024,466,true],"1536x1536":["https:\/\/www.adapei64.fr\/site\/wp-content\/uploads\/2020\/10\/FoyerBiale.jpg",1100,501,false],"2048x2048":["https:\/\/www.adapei64.fr\/site\/wp-content\/uploads\/2020\/10\/FoyerBiale.jpg",1100,501,false]},"uagb_author_info":{"display_name":"Marie Lafargue","author_link":"https:\/\/www.adapei64.fr\/site\/author\/marie\/"},"uagb_comment_info":0,"uagb_excerpt":"Activit\u00e9s Coordonn\u00e9es 12 rue du Bial\u00e964230 Lescar&nbsp; T\u00e9l. : 05 59 81 20 45 Contact MATIAS Louis,Directeur LAMAZOU Marion,Cheffe de service Localisation","distributor_meta":false,"distributor_terms":false,"distributor_media":false,"distributor_original_site_name":"Adapei des Pyr\u00e9n\u00e9es-Atlantiques","distributor_original_site_url":"https:\/\/www.adapei64.fr\/site","push-errors":false,"_links":{"self":[{"href":"https:\/\/www.adapei64.fr\/site\/wp-json\/wp\/v2\/pages\/8807","targetHints":{"allow":["GET"]}}],"collection":[{"href":"https:\/\/www.adapei64.fr\/site\/wp-json\/wp\/v2\/pages"}],"about":[{"href":"https:\/\/www.adapei64.fr\/site\/wp-json\/wp\/v2\/types\/page"}],"author":[{"embeddable":true,"href":"https:\/\/www.adapei64.fr\/site\/wp-json\/wp\/v2\/users\/1"}],"replies":[{"embeddable":true,"href":"https:\/\/www.adapei64.fr\/site\/wp-json\/wp\/v2\/comments?post=8807"}],"version-history":[{"count":18,"href":"https:\/\/www.adapei64.fr\/site\/wp-json\/wp\/v2\/pages\/8807\/revisions"}],"predecessor-version":[{"id":16121,"href":"https:\/\/www.adapei64.fr\/site\/wp-json\/wp\/v2\/pages\/8807\/revisions\/16121"}],"up":[{"embeddable":true,"href":"https:\/\/www.adapei64.fr\/site\/wp-json\/wp\/v2\/pages\/1017"}],"wp:featuredmedia":[{"embeddable":true,"href":"https:\/\/www.adapei64.fr\/site\/wp-json\/wp\/v2\/media\/39"}],"wp:attachment":[{"href":"https:\/\/www.adapei64.fr\/site\/wp-json\/wp\/v2\/media?parent=8807"}],"curies":[{"name":"wp","href":"https:\/\/api.w.org\/{rel}","templated":true}]}}