{"id":8939,"date":"2022-02-21T12:30:18","date_gmt":"2022-02-21T11:30:18","guid":{"rendered":"http:\/\/www.adapei64.fr\/site\/?page_id=8939"},"modified":"2025-10-08T10:15:09","modified_gmt":"2025-10-08T08:15:09","slug":"esat-colo-coustau","status":"publish","type":"page","link":"https:\/\/www.adapei64.fr\/site\/adapei\/les-etablissements-et-services\/travail\/esat-colo-coustau\/","title":{"rendered":"ESAT Colo-Coustau"},"content":{"rendered":"\n<div class=\"wp-block-columns is-layout-flex wp-container-core-columns-is-layout-07579d57 wp-block-columns-is-layout-flex\">\n<div class=\"wp-block-column is-layout-flow wp-block-column-is-layout-flow\" style=\"flex-basis:80%\">\n<p class=\"wp-block-paragraph\">Les personnes en situation de handicap exercent au sein de l\u2019ESAT Colo-Coustau une activit\u00e9 professionnelle tout en b\u00e9n\u00e9ficiant de soutiens m\u00e9dico-sociaux et th\u00e9rapeutique adapt\u00e9s, notamment gr\u00e2ce au Service d\u2019Accueil de Jour et au P\u00f4le d\u2019Activit\u00e9s de Soutien Socio-Professionnelles, pour lequel un agr\u00e9ment sp\u00e9cifique est attribu\u00e9 \u00e0 l\u2019ESAT.<br>Partenaires \u00e9conomiques \u00e0 part enti\u00e8re, les Etablissements et Services d\u2019Aide par le Travail sont de v\u00e9ritables entreprises dans le domaine de l\u2019\u00e9conomie Sociale. A ce titre, les ESAT de l\u2019Adapei des Pyr\u00e9n\u00e9es-Atlantiques collaborent depuis des ann\u00e9es avec de nombreuses entreprises de la r\u00e9gion, dans divers secteurs d\u2019activit\u00e9.<\/p>\n\n\n\n<h2 class=\"wp-block-heading\">Activit\u00e9s<\/h2>\n\n\n\n<ul class=\"wp-block-list\">\n<li><b>Boutique des ESAT<\/b><br>vente des produits des 7 ESAT de l&#8217;Adapei des Pyr\u00e9n\u00e9es-Atlantiques<\/li>\n\n\n\n<li>Savonnerie<\/li>\n\n\n\n<li>Bijoux<\/li>\n\n\n\n<li>Repassage<\/li>\n\n\n\n<li>Espaces verts<\/li>\n\n\n\n<li>Sous-traitance <br>mise sous pli, routage, collage d\u2019\u00e9tiquettes alimentaires et non alimentaires&#8230;<\/li>\n\n\n\n<li>Menuiserie et caissage<\/li>\n\n\n\n<li>Frisure<\/li>\n\n\n\n<li>Cartonnerie<\/li>\n<\/ul>\n<\/div>\n\n\n\n<div class=\"wp-block-column is-layout-flow wp-block-column-is-layout-flow\" style=\"flex-basis:20%\">\n<div class=\"wp-block-group bloc_gris coord_esms is-vertical is-layout-flex wp-container-core-group-is-layout-2c90304e wp-block-group-is-layout-flex\">\n<h2 class=\"wp-block-heading\">Coordonn\u00e9es<\/h2>\n\n\n\n<p class=\"wp-block-paragraph\">Rue Maurice Coustau<br>64230 Lescar &nbsp;&nbsp;<\/p>\n\n\n\n<p class=\"wp-block-paragraph\">T\u00e9l : 05 59 81 03 64 &nbsp; &nbsp;&nbsp;<br>E-mail :&nbsp; <u><a href=\"mailto:colocoustau.secretariat@adapei64.fr\">colocoustau.secretariat@adapei64.fr<\/a><\/u><\/p>\n<\/div>\n\n\n\n<div class=\"wp-block-group bloc_gris contact_esms is-vertical is-layout-flex wp-container-core-group-is-layout-2c90304e wp-block-group-is-layout-flex\">\n<h2 class=\"wp-block-heading\">Contact<\/h2>\n\n\n\n<p class=\"wp-block-paragraph\">DANE Corinne,<br><em>Directrice<\/em><\/p>\n\n\n\n<p class=\"wp-block-paragraph\">CAMUS Nicolas,<br><em>Adjoint Technique<\/em><\/p>\n\n\n\n<p class=\"wp-block-paragraph\">CHANZY Claire,<br><em>Adjointe Technique<\/em><\/p>\n\n\n\n<p class=\"wp-block-paragraph\">JONCHERE Christelle,<br><em>Chef de Service&nbsp;<\/em><\/p>\n<\/div>\n<\/div>\n<\/div>\n\n\n\n<h2 class=\"wp-block-heading\">Localisation<\/h2>\n\n\n\n<p class=\"wp-block-paragraph\"><iframe title=\"Rue Maurice Coustau 64230 Lescar &nbsp;&nbsp;\" src=\"https:\/\/maps.google.com\/maps?q=Rue%20Maurice%20Coustau%2064230%20Lescar%20%C2%A0%C2%A0&amp;t=m&amp;z=15&amp;output=embed&amp;iwloc=near\" frameborder=\"0\" marginwidth=\"0\" marginheight=\"0\" scrolling=\"no\" aria-label=\"Rue Maurice Coustau 64230 Lescar &nbsp;&nbsp;\"><\/iframe><\/p>\n","protected":false},"excerpt":{"rendered":"<p>Les personnes en situation de handicap exercent au sein de l\u2019ESAT Colo-Coustau une activit\u00e9 professionnelle tout en b\u00e9n\u00e9ficiant de soutiens m\u00e9dico-sociaux et th\u00e9rapeutique adapt\u00e9s, notamment gr\u00e2ce au Service d\u2019Accueil de&hellip; <a class=\"continue\" href=\"https:\/\/www.adapei64.fr\/site\/adapei\/les-etablissements-et-services\/travail\/esat-colo-coustau\/\">Lire :<span> ESAT Colo-Coustau<\/span><\/a><\/p>\n","protected":false},"author":1,"featured_media":17,"parent":1019,"menu_order":5,"comment_status":"closed","ping_status":"closed","template":"","meta":{"_crdt_document":"","om_disable_all_campaigns":false,"_uag_custom_page_level_css":"","_monsterinsights_skip_tracking":false,"_monsterinsights_sitenote_active":false,"_monsterinsights_sitenote_note":"","_monsterinsights_sitenote_category":0,"_uf_show_specific_survey":0,"_uf_disable_surveys":false,"_EventAllDay":false,"_EventTimezone":"","_EventStartDate":"","_EventEndDate":"","_EventStartDateUTC":"","_EventEndDateUTC":"","_EventShowMap":false,"_EventShowMapLink":false,"_EventURL":"","_EventCost":"","_EventCostDescription":"","_EventCurrencySymbol":"","_EventCurrencyCode":"","_EventCurrencyPosition":"","_EventDateTimeSeparator":"","_EventTimeRangeSeparator":"","_EventOrganizerID":[],"_EventVenueID":[],"_OrganizerEmail":"","_OrganizerPhone":"","_OrganizerWebsite":"","_VenueAddress":"","_VenueCity":"","_VenueCountry":"","_VenueProvince":"","_VenueState":"","_VenueZip":"","_VenuePhone":"","_VenueURL":"","_VenueStateProvince":"","_VenueLat":"","_VenueLng":"","_VenueShowMap":false,"_VenueShowMapLink":false,"footnotes":""},"class_list":["post-8939","page","type-page","status-publish","has-post-thumbnail","hentry"],"uagb_featured_image_src":{"full":["https:\/\/www.adapei64.fr\/site\/wp-content\/uploads\/2020\/10\/2018-04-19-ColoCoustau-1-Copier.jpg",1100,611,false],"thumbnail":["https:\/\/www.adapei64.fr\/site\/wp-content\/uploads\/2020\/10\/2018-04-19-ColoCoustau-1-Copier-150x150.jpg",150,150,true],"medium":["https:\/\/www.adapei64.fr\/site\/wp-content\/uploads\/2020\/10\/2018-04-19-ColoCoustau-1-Copier-300x167.jpg",300,167,true],"medium_large":["https:\/\/www.adapei64.fr\/site\/wp-content\/uploads\/2020\/10\/2018-04-19-ColoCoustau-1-Copier-768x427.jpg",768,427,true],"large":["https:\/\/www.adapei64.fr\/site\/wp-content\/uploads\/2020\/10\/2018-04-19-ColoCoustau-1-Copier-1024x569.jpg",1024,569,true],"1536x1536":["https:\/\/www.adapei64.fr\/site\/wp-content\/uploads\/2020\/10\/2018-04-19-ColoCoustau-1-Copier.jpg",1100,611,false],"2048x2048":["https:\/\/www.adapei64.fr\/site\/wp-content\/uploads\/2020\/10\/2018-04-19-ColoCoustau-1-Copier.jpg",1100,611,false]},"uagb_author_info":{"display_name":"Marie Lafargue","author_link":"https:\/\/www.adapei64.fr\/site\/author\/marie\/"},"uagb_comment_info":0,"uagb_excerpt":"Les personnes en situation de handicap exercent au sein de l\u2019ESAT Colo-Coustau une activit\u00e9 professionnelle tout en b\u00e9n\u00e9ficiant de soutiens m\u00e9dico-sociaux et th\u00e9rapeutique adapt\u00e9s, notamment gr\u00e2ce au Service d\u2019Accueil de&hellip; Lire : ESAT Colo-Coustau","distributor_meta":false,"distributor_terms":false,"distributor_media":false,"distributor_original_site_name":"Adapei des Pyr\u00e9n\u00e9es-Atlantiques","distributor_original_site_url":"https:\/\/www.adapei64.fr\/site","push-errors":false,"_links":{"self":[{"href":"https:\/\/www.adapei64.fr\/site\/wp-json\/wp\/v2\/pages\/8939","targetHints":{"allow":["GET"]}}],"collection":[{"href":"https:\/\/www.adapei64.fr\/site\/wp-json\/wp\/v2\/pages"}],"about":[{"href":"https:\/\/www.adapei64.fr\/site\/wp-json\/wp\/v2\/types\/page"}],"author":[{"embeddable":true,"href":"https:\/\/www.adapei64.fr\/site\/wp-json\/wp\/v2\/users\/1"}],"replies":[{"embeddable":true,"href":"https:\/\/www.adapei64.fr\/site\/wp-json\/wp\/v2\/comments?post=8939"}],"version-history":[{"count":35,"href":"https:\/\/www.adapei64.fr\/site\/wp-json\/wp\/v2\/pages\/8939\/revisions"}],"predecessor-version":[{"id":18394,"href":"https:\/\/www.adapei64.fr\/site\/wp-json\/wp\/v2\/pages\/8939\/revisions\/18394"}],"up":[{"embeddable":true,"href":"https:\/\/www.adapei64.fr\/site\/wp-json\/wp\/v2\/pages\/1019"}],"wp:featuredmedia":[{"embeddable":true,"href":"https:\/\/www.adapei64.fr\/site\/wp-json\/wp\/v2\/media\/17"}],"wp:attachment":[{"href":"https:\/\/www.adapei64.fr\/site\/wp-json\/wp\/v2\/media?parent=8939"}],"curies":[{"name":"wp","href":"https:\/\/api.w.org\/{rel}","templated":true}]}}