{"id":8983,"date":"2022-02-21T14:04:28","date_gmt":"2022-02-21T13:04:28","guid":{"rendered":"http:\/\/www.adapei64.fr\/site\/?page_id=8983"},"modified":"2025-05-14T16:33:21","modified_gmt":"2025-05-14T14:33:21","slug":"esat-st-pee","status":"publish","type":"page","link":"https:\/\/www.adapei64.fr\/site\/adapei\/les-etablissements-et-services\/travail\/esat-st-pee\/","title":{"rendered":"ESAT St P\u00e9e"},"content":{"rendered":"\n<div class=\"wp-block-columns is-layout-flex wp-container-core-columns-is-layout-07579d57 wp-block-columns-is-layout-flex\">\n<div class=\"wp-block-column is-layout-flow wp-block-column-is-layout-flow\" style=\"flex-basis:80%\">\n<h2 class=\"wp-block-heading\">ACTIVIT\u00c9S<\/h2>\n\n\n\n<ul class=\"wp-block-list\">\n<li><strong>Notre marque, Le Buffet de Mamie<\/strong>\n<ul class=\"wp-block-list\">\n<li>&nbsp;<strong>Chocolaterie<\/strong><br>Par le mode de fabrication \u00e0 l\u2019ancienne nous r\u00e9alisons des chocolats fins de tradition<strong><br><\/strong><\/li>\n\n\n\n<li>\u00a0<strong>Confiturerie <\/strong><br><p>Magasin sur site ouvert du lundi au vendredi de 9h \u00e0 17h<br>Vente en ligne sur le site :\u00a0<a href=\"https:\/\/www.foie-gras-bellevue.com\/categorie-produit\/miels-confitures-chocolats\/\" target=\"_blank\" rel=\"noreferrer noopener\">www.foie-gras-bellevue.com<\/a><\/p><br><\/li>\n<\/ul>\n<\/li>\n\n\n\n<li><strong>Espaces verts<\/strong>&nbsp;(entreprises et particuliers)<\/li>\n\n\n\n<li><strong>Services au particuliers<\/strong>\n<ul class=\"wp-block-list\">\n<li>Repassage&nbsp;<\/li>\n<\/ul>\n<\/li>\n\n\n\n<li><strong>Services aux entreprises<\/strong>\n<ul class=\"wp-block-list\">\n<li>Contr\u00f4le qualit\u00e9 pour l&#8217;industrie automobile, a\u00e9ronautique&#8230;<\/li>\n\n\n\n<li>Reprographie&nbsp;<\/li>\n\n\n\n<li>Mise sous pli, routage&nbsp;<\/li>\n\n\n\n<li>Montage, nettoyage &amp; filage cadres de ruches&nbsp;<\/li>\n\n\n\n<li>Couverture de livres&nbsp;<\/li>\n\n\n\n<li>Conditionnement alimentaire&nbsp;<\/li>\n\n\n\n<li><a href=\"https:\/\/www.adapei64.fr\/site\/wp-content\/uploads\/2023\/04\/Adapei64-ESAT-StPee-Seminaire.pdf\" target=\"_blank\" rel=\"noopener\">Location de salles de s\u00e9minaire avec possibilit\u00e9 de restauration sur place<\/a><\/li>\n\n\n\n<li>Nettoyage de locaux<\/li>\n<\/ul>\n<\/li>\n\n\n\n<li>Prestation &amp; mise \u00e0 disposition individuelle en entreprise<\/li>\n<\/ul>\n\n\n\n<figure class=\"wp-block-embed is-type-video is-provider-youtube wp-block-embed-youtube wp-embed-aspect-16-9 wp-has-aspect-ratio\"><div class=\"wp-block-embed__wrapper\">\n<iframe loading=\"lazy\" title=\"ESAT Saint-P\u00e9e \u00e0 Oloron-Sainte-Marie, ADAPEI au service des entreprises\" width=\"500\" height=\"281\" src=\"https:\/\/www.youtube.com\/embed\/aNdadrYlCp0?start=1&#038;feature=oembed\" frameborder=\"0\" allow=\"accelerometer; autoplay; clipboard-write; encrypted-media; gyroscope; picture-in-picture; web-share\" referrerpolicy=\"strict-origin-when-cross-origin\" allowfullscreen><\/iframe>\n<\/div><\/figure>\n<\/div>\n\n\n\n<div class=\"wp-block-column is-layout-flow wp-block-column-is-layout-flow\" style=\"flex-basis:20%\">\n<div class=\"wp-block-group bloc_gris coord_esms is-vertical is-layout-flex wp-container-core-group-is-layout-2c90304e wp-block-group-is-layout-flex\">\n<h2 class=\"wp-block-heading\">Coordonn\u00e9es<\/h2>\n\n\n\n<p class=\"wp-block-paragraph\">4 impasse Michel Cazaux<br>64400 Oloron Ste Marie<\/p>\n\n\n\n<p class=\"wp-block-paragraph\">T\u00e9l : 05 59 39 80 68 &nbsp;&nbsp;<br>E-mail : <u><a href=\"mailto:saintpee.direction@adapei64.fr\">saintpee.direction@adapei64.fr<\/a><\/u><\/p>\n<\/div>\n\n\n\n<div class=\"wp-block-group bloc_gris contact_esms is-vertical is-layout-flex wp-container-core-group-is-layout-2c90304e wp-block-group-is-layout-flex\">\n<h2 class=\"wp-block-heading\">Contact<\/h2>\n\n\n\n<p class=\"wp-block-paragraph\">PALMER Sophie,<br><em>Directrice<\/em><\/p>\n\n\n\n<p class=\"wp-block-paragraph\">ROLLAND Antoine<br><em>Adjoint Technique<\/em><\/p>\n<\/div>\n<\/div>\n<\/div>\n\n\n\n<h2 class=\"wp-block-heading\">Localisation<\/h2>\n\n\n\n<p class=\"wp-block-paragraph\"><iframe title=\"4 impasse Michel Cazaux 64400 Oloron Ste Marie\" src=\"https:\/\/maps.google.com\/maps?q=4%20impasse%20Michel%20Cazaux%2064400%20Oloron%20Ste%20Marie&amp;t=m&amp;z=15&amp;output=embed&amp;iwloc=near\" aria-label=\"4 impasse Michel Cazaux 64400 Oloron Ste Marie\"><\/iframe><\/p>\n","protected":false},"excerpt":{"rendered":"<p>ACTIVIT\u00c9S Coordonn\u00e9es 4 impasse Michel Cazaux64400 Oloron Ste Marie T\u00e9l : 05 59 39 80 68 &nbsp;&nbsp;E-mail : saintpee.direction@adapei64.fr Contact PALMER Sophie,Directrice ROLLAND AntoineAdjoint Technique Localisation<\/p>\n","protected":false},"author":1,"featured_media":8985,"parent":1019,"menu_order":1,"comment_status":"closed","ping_status":"closed","template":"","meta":{"_crdt_document":"","om_disable_all_campaigns":false,"_uag_custom_page_level_css":"","_monsterinsights_skip_tracking":false,"_monsterinsights_sitenote_active":false,"_monsterinsights_sitenote_note":"","_monsterinsights_sitenote_category":0,"_uf_show_specific_survey":0,"_uf_disable_surveys":false,"_EventAllDay":false,"_EventTimezone":"","_EventStartDate":"","_EventEndDate":"","_EventStartDateUTC":"","_EventEndDateUTC":"","_EventShowMap":false,"_EventShowMapLink":false,"_EventURL":"","_EventCost":"","_EventCostDescription":"","_EventCurrencySymbol":"","_EventCurrencyCode":"","_EventCurrencyPosition":"","_EventDateTimeSeparator":"","_EventTimeRangeSeparator":"","_EventOrganizerID":[],"_EventVenueID":[],"_OrganizerEmail":"","_OrganizerPhone":"","_OrganizerWebsite":"","_VenueAddress":"","_VenueCity":"","_VenueCountry":"","_VenueProvince":"","_VenueState":"","_VenueZip":"","_VenuePhone":"","_VenueURL":"","_VenueStateProvince":"","_VenueLat":"","_VenueLng":"","_VenueShowMap":false,"_VenueShowMapLink":false,"footnotes":""},"class_list":["post-8983","page","type-page","status-publish","has-post-thumbnail","hentry"],"uagb_featured_image_src":{"full":["https:\/\/www.adapei64.fr\/site\/wp-content\/uploads\/2022\/02\/StPee-BD.jpg",2500,1409,false],"thumbnail":["https:\/\/www.adapei64.fr\/site\/wp-content\/uploads\/2022\/02\/StPee-BD-600x600.jpg",600,600,true],"medium":["https:\/\/www.adapei64.fr\/site\/wp-content\/uploads\/2022\/02\/StPee-BD-1000x564.jpg",1000,564,true],"medium_large":["https:\/\/www.adapei64.fr\/site\/wp-content\/uploads\/2022\/02\/StPee-BD-768x433.jpg",768,433,true],"large":["https:\/\/www.adapei64.fr\/site\/wp-content\/uploads\/2022\/02\/StPee-BD.jpg",2500,1409,false],"1536x1536":["https:\/\/www.adapei64.fr\/site\/wp-content\/uploads\/2022\/02\/StPee-BD-1536x866.jpg",1536,866,true],"2048x2048":["https:\/\/www.adapei64.fr\/site\/wp-content\/uploads\/2022\/02\/StPee-BD-2048x1154.jpg",2048,1154,true]},"uagb_author_info":{"display_name":"Marie Lafargue","author_link":"https:\/\/www.adapei64.fr\/site\/author\/marie\/"},"uagb_comment_info":0,"uagb_excerpt":"ACTIVIT\u00c9S Coordonn\u00e9es 4 impasse Michel Cazaux64400 Oloron Ste Marie T\u00e9l : 05 59 39 80 68 &nbsp;&nbsp;E-mail : saintpee.direction@adapei64.fr Contact PALMER Sophie,Directrice ROLLAND AntoineAdjoint Technique Localisation","distributor_meta":false,"distributor_terms":false,"distributor_media":false,"distributor_original_site_name":"Adapei des Pyr\u00e9n\u00e9es-Atlantiques","distributor_original_site_url":"https:\/\/www.adapei64.fr\/site","push-errors":false,"_links":{"self":[{"href":"https:\/\/www.adapei64.fr\/site\/wp-json\/wp\/v2\/pages\/8983","targetHints":{"allow":["GET"]}}],"collection":[{"href":"https:\/\/www.adapei64.fr\/site\/wp-json\/wp\/v2\/pages"}],"about":[{"href":"https:\/\/www.adapei64.fr\/site\/wp-json\/wp\/v2\/types\/page"}],"author":[{"embeddable":true,"href":"https:\/\/www.adapei64.fr\/site\/wp-json\/wp\/v2\/users\/1"}],"replies":[{"embeddable":true,"href":"https:\/\/www.adapei64.fr\/site\/wp-json\/wp\/v2\/comments?post=8983"}],"version-history":[{"count":49,"href":"https:\/\/www.adapei64.fr\/site\/wp-json\/wp\/v2\/pages\/8983\/revisions"}],"predecessor-version":[{"id":17495,"href":"https:\/\/www.adapei64.fr\/site\/wp-json\/wp\/v2\/pages\/8983\/revisions\/17495"}],"up":[{"embeddable":true,"href":"https:\/\/www.adapei64.fr\/site\/wp-json\/wp\/v2\/pages\/1019"}],"wp:featuredmedia":[{"embeddable":true,"href":"https:\/\/www.adapei64.fr\/site\/wp-json\/wp\/v2\/media\/8985"}],"wp:attachment":[{"href":"https:\/\/www.adapei64.fr\/site\/wp-json\/wp\/v2\/media?parent=8983"}],"curies":[{"name":"wp","href":"https:\/\/api.w.org\/{rel}","templated":true}]}}