{"id":9012,"date":"2022-02-21T16:31:55","date_gmt":"2022-02-21T15:31:55","guid":{"rendered":"http:\/\/www.adapei64.fr\/site\/?page_id=9012"},"modified":"2026-03-27T16:55:32","modified_gmt":"2026-03-27T15:55:32","slug":"mas-lou-caminot","status":"publish","type":"page","link":"https:\/\/www.adapei64.fr\/site\/adapei\/les-etablissements-et-services\/accompagnement-medicalise\/mas-lou-caminot\/","title":{"rendered":"MAS Lou Caminot"},"content":{"rendered":"\n<div class=\"wp-block-columns is-layout-flex wp-container-core-columns-is-layout-07579d57 wp-block-columns-is-layout-flex\">\n<div class=\"wp-block-column is-layout-flow wp-block-column-is-layout-flow\" style=\"flex-basis:80%\">\n<h2 class=\"wp-block-heading\">ACTIVIT\u00c9S<\/h2>\n\n\n\n<ul class=\"wp-block-list\">\n<li>&nbsp;Activit\u00e9s physiques adapt\u00e9es et motricit\u00e9 (ateliers escalade et trampoline, jeux d\u2019eau, parcours de sant\u00e9).<\/li>\n\n\n\n<li>&nbsp;M\u00e9diation animale, sortie cal\u00e8che et \u00e9quitation.<\/li>\n\n\n\n<li>&nbsp;Consolidation des acquis et d\u00e9veloppement personnel (atelier jardinage, ateliers peinture et musique, atelier contes).<\/li>\n\n\n\n<li>&nbsp;D\u00e9veloppement sensoriel (atelier cuisine, atelier go\u00fbt, espace multi sensoriel)<\/li>\n<\/ul>\n<\/div>\n\n\n\n<div class=\"wp-block-column is-layout-flow wp-block-column-is-layout-flow\" style=\"flex-basis:20%\">\n<div class=\"wp-block-group bloc_gris coord_esms is-vertical is-layout-flex wp-container-core-group-is-layout-2c90304e wp-block-group-is-layout-flex\">\n<h2 class=\"wp-block-heading\">Coordonn\u00e9es<\/h2>\n\n\n\n<p class=\"wp-block-paragraph\">1 chemin Lacarriu<br>64000 Pau<\/p>\n\n\n\n<p class=\"wp-block-paragraph\">T\u00e9l. : 05 59 04 36 90 &nbsp;&nbsp;<\/p>\n<\/div>\n\n\n\n<div class=\"wp-block-group bloc_gris contact_esms is-vertical is-layout-flex wp-container-core-group-is-layout-2c90304e wp-block-group-is-layout-flex\">\n<h2 class=\"wp-block-heading\">Contact<\/h2>\n\n\n\n<p class=\"wp-block-paragraph\">CLAVERIE R\u00e9gis,<br><em>Directeur<\/em><\/p>\n\n\n\n<p class=\"wp-block-paragraph\">CAMI-DEBAT Marine ,<br><em>Cheffe de service Educatif<\/em><\/p>\n\n\n\n<p class=\"wp-block-paragraph\">BEAUMET-DUMONT Sylvaine<br><em>Cheffe de service Soins<\/em><\/p>\n<\/div>\n<\/div>\n<\/div>\n\n\n\n<h2 class=\"wp-block-heading\">Localisation<\/h2>\n\n\n\n<p class=\"wp-block-paragraph\"><iframe title=\"1 chemin Lacarriu - 64000 Pau\" src=\"https:\/\/maps.google.com\/maps?q=1%20chemin%20Lacarriu%20-%2064000%20Pau&amp;t=m&amp;z=15&amp;output=embed&amp;iwloc=near\" aria-label=\"1 chemin Lacarriu - 64000 Pau\"><\/iframe><\/p>\n","protected":false},"excerpt":{"rendered":"<p>ACTIVIT\u00c9S Coordonn\u00e9es 1 chemin Lacarriu64000 Pau T\u00e9l. : 05 59 04 36 90 &nbsp;&nbsp; Contact CLAVERIE R\u00e9gis,Directeur CAMI-DEBAT Marine ,Cheffe de service Educatif BEAUMET-DUMONT SylvaineCheffe de service Soins Localisation<\/p>\n","protected":false},"author":1,"featured_media":63,"parent":4132,"menu_order":2,"comment_status":"closed","ping_status":"closed","template":"","meta":{"_crdt_document":"","om_disable_all_campaigns":false,"_uag_custom_page_level_css":"","_monsterinsights_skip_tracking":false,"_monsterinsights_sitenote_active":false,"_monsterinsights_sitenote_note":"","_monsterinsights_sitenote_category":0,"_uf_show_specific_survey":0,"_uf_disable_surveys":false,"_EventAllDay":false,"_EventTimezone":"","_EventStartDate":"","_EventEndDate":"","_EventStartDateUTC":"","_EventEndDateUTC":"","_EventShowMap":false,"_EventShowMapLink":false,"_EventURL":"","_EventCost":"","_EventCostDescription":"","_EventCurrencySymbol":"","_EventCurrencyCode":"","_EventCurrencyPosition":"","_EventDateTimeSeparator":"","_EventTimeRangeSeparator":"","_EventOrganizerID":[],"_EventVenueID":[],"_OrganizerEmail":"","_OrganizerPhone":"","_OrganizerWebsite":"","_VenueAddress":"","_VenueCity":"","_VenueCountry":"","_VenueProvince":"","_VenueState":"","_VenueZip":"","_VenuePhone":"","_VenueURL":"","_VenueStateProvince":"","_VenueLat":"","_VenueLng":"","_VenueShowMap":false,"_VenueShowMapLink":false,"footnotes":""},"class_list":["post-9012","page","type-page","status-publish","has-post-thumbnail","hentry"],"uagb_featured_image_src":{"full":["https:\/\/www.adapei64.fr\/site\/wp-content\/uploads\/2020\/10\/MASLouCaminot.jpg",1100,511,false],"thumbnail":["https:\/\/www.adapei64.fr\/site\/wp-content\/uploads\/2020\/10\/MASLouCaminot-150x150.jpg",150,150,true],"medium":["https:\/\/www.adapei64.fr\/site\/wp-content\/uploads\/2020\/10\/MASLouCaminot-300x139.jpg",300,139,true],"medium_large":["https:\/\/www.adapei64.fr\/site\/wp-content\/uploads\/2020\/10\/MASLouCaminot-768x357.jpg",768,357,true],"large":["https:\/\/www.adapei64.fr\/site\/wp-content\/uploads\/2020\/10\/MASLouCaminot-1024x476.jpg",1024,476,true],"1536x1536":["https:\/\/www.adapei64.fr\/site\/wp-content\/uploads\/2020\/10\/MASLouCaminot.jpg",1100,511,false],"2048x2048":["https:\/\/www.adapei64.fr\/site\/wp-content\/uploads\/2020\/10\/MASLouCaminot.jpg",1100,511,false]},"uagb_author_info":{"display_name":"Marie Lafargue","author_link":"https:\/\/www.adapei64.fr\/site\/author\/marie\/"},"uagb_comment_info":0,"uagb_excerpt":"ACTIVIT\u00c9S Coordonn\u00e9es 1 chemin Lacarriu64000 Pau T\u00e9l. : 05 59 04 36 90 &nbsp;&nbsp; Contact CLAVERIE R\u00e9gis,Directeur CAMI-DEBAT Marine ,Cheffe de service Educatif BEAUMET-DUMONT SylvaineCheffe de service Soins Localisation","distributor_meta":false,"distributor_terms":false,"distributor_media":false,"distributor_original_site_name":"Adapei des Pyr\u00e9n\u00e9es-Atlantiques","distributor_original_site_url":"https:\/\/www.adapei64.fr\/site","push-errors":false,"_links":{"self":[{"href":"https:\/\/www.adapei64.fr\/site\/wp-json\/wp\/v2\/pages\/9012","targetHints":{"allow":["GET"]}}],"collection":[{"href":"https:\/\/www.adapei64.fr\/site\/wp-json\/wp\/v2\/pages"}],"about":[{"href":"https:\/\/www.adapei64.fr\/site\/wp-json\/wp\/v2\/types\/page"}],"author":[{"embeddable":true,"href":"https:\/\/www.adapei64.fr\/site\/wp-json\/wp\/v2\/users\/1"}],"replies":[{"embeddable":true,"href":"https:\/\/www.adapei64.fr\/site\/wp-json\/wp\/v2\/comments?post=9012"}],"version-history":[{"count":14,"href":"https:\/\/www.adapei64.fr\/site\/wp-json\/wp\/v2\/pages\/9012\/revisions"}],"predecessor-version":[{"id":21394,"href":"https:\/\/www.adapei64.fr\/site\/wp-json\/wp\/v2\/pages\/9012\/revisions\/21394"}],"up":[{"embeddable":true,"href":"https:\/\/www.adapei64.fr\/site\/wp-json\/wp\/v2\/pages\/4132"}],"wp:featuredmedia":[{"embeddable":true,"href":"https:\/\/www.adapei64.fr\/site\/wp-json\/wp\/v2\/media\/63"}],"wp:attachment":[{"href":"https:\/\/www.adapei64.fr\/site\/wp-json\/wp\/v2\/media?parent=9012"}],"curies":[{"name":"wp","href":"https:\/\/api.w.org\/{rel}","templated":true}]}}