{"id":9033,"date":"2022-02-21T16:52:38","date_gmt":"2022-02-21T15:52:38","guid":{"rendered":"http:\/\/www.adapei64.fr\/site\/?page_id=9033"},"modified":"2024-09-23T12:43:40","modified_gmt":"2024-09-23T10:43:40","slug":"mapha-chateau-bellevue","status":"publish","type":"page","link":"https:\/\/www.adapei64.fr\/site\/adapei\/les-etablissements-et-services\/retraite\/mapha-chateau-bellevue\/","title":{"rendered":"MAPHA Ch\u00e2teau Bellevue"},"content":{"rendered":"\n<div class=\"wp-block-columns is-layout-flex wp-container-core-columns-is-layout-07579d57 wp-block-columns-is-layout-flex\">\n<div class=\"wp-block-column is-layout-flow wp-block-column-is-layout-flow\" style=\"flex-basis:80%\">\n<h2 class=\"wp-block-heading\">ACTIVIT\u00c9S<\/h2>\n\n\n\n<ul class=\"wp-block-list\">\n<li>&nbsp;Animation&nbsp;\u00e9questre&nbsp;<\/li>\n\n\n\n<li>&nbsp;R\u00e9\u00e9ducation&nbsp;aquatique&nbsp;<\/li>\n\n\n\n<li>&nbsp;Espace&nbsp;multi-sensoriel&nbsp;<\/li>\n\n\n\n<li>&nbsp;Animation musicale&nbsp;<\/li>\n\n\n\n<li>&nbsp;M\u00e9diation&nbsp;animale&nbsp;<\/li>\n<\/ul>\n<\/div>\n\n\n\n<div class=\"wp-block-column is-layout-flow wp-block-column-is-layout-flow\" style=\"flex-basis:20%\">\n<div class=\"wp-block-group bloc_gris coord_esms is-vertical is-layout-flex wp-container-core-group-is-layout-2c90304e wp-block-group-is-layout-flex\">\n<h2 class=\"wp-block-heading\">Coordonn\u00e9es<\/h2>\n\n\n\n<p class=\"wp-block-paragraph\">113 chemin Bellevue<br>64300 Baigts de B\u00e9arn<\/p>\n\n\n\n<p class=\"wp-block-paragraph\">T\u00e9l. : 05 59 65 33 02 &nbsp;&nbsp;<\/p>\n<\/div>\n\n\n\n<div class=\"wp-block-group bloc_gris contact_esms is-vertical is-layout-flex wp-container-core-group-is-layout-2c90304e wp-block-group-is-layout-flex\">\n<h2 class=\"wp-block-heading\">Contact<\/h2>\n\n\n\n<p class=\"wp-block-paragraph\">GOBIN Etienne,<br><em>Directeur<\/em><\/p>\n\n\n\n<p class=\"wp-block-paragraph\">SOUBIELLE\u00a0Aur\u00e9lie,<br><em>Chef de service<\/em><\/p>\n<\/div>\n<\/div>\n<\/div>\n\n\n\n<h2 class=\"wp-block-heading\">Localisation<\/h2>\n\n\n\n<p class=\"wp-block-paragraph\"><iframe title=\"113 chemin Bellevue 64300 Baigts de B\u00e9arn\" src=\"https:\/\/maps.google.com\/maps?q=113%20chemin%20Bellevue%2064300%20Baigts%20de%20B%C3%A9arn&amp;t=m&amp;z=15&amp;output=embed&amp;iwloc=near\" aria-label=\"113 chemin Bellevue 64300 Baigts de B\u00e9arn\"><\/iframe><\/p>\n","protected":false},"excerpt":{"rendered":"<p>ACTIVIT\u00c9S Coordonn\u00e9es 113 chemin Bellevue64300 Baigts de B\u00e9arn T\u00e9l. : 05 59 65 33 02 &nbsp;&nbsp; Contact GOBIN Etienne,Directeur SOUBIELLE\u00a0Aur\u00e9lie,Chef de service Localisation<\/p>\n","protected":false},"author":1,"featured_media":6774,"parent":1021,"menu_order":2,"comment_status":"closed","ping_status":"closed","template":"","meta":{"_crdt_document":"","om_disable_all_campaigns":false,"_uag_custom_page_level_css":"","_monsterinsights_skip_tracking":false,"_monsterinsights_sitenote_active":false,"_monsterinsights_sitenote_note":"","_monsterinsights_sitenote_category":0,"_uf_show_specific_survey":0,"_uf_disable_surveys":false,"_EventAllDay":false,"_EventTimezone":"","_EventStartDate":"","_EventEndDate":"","_EventStartDateUTC":"","_EventEndDateUTC":"","_EventShowMap":false,"_EventShowMapLink":false,"_EventURL":"","_EventCost":"","_EventCostDescription":"","_EventCurrencySymbol":"","_EventCurrencyCode":"","_EventCurrencyPosition":"","_EventDateTimeSeparator":"","_EventTimeRangeSeparator":"","_EventOrganizerID":[],"_EventVenueID":[],"_OrganizerEmail":"","_OrganizerPhone":"","_OrganizerWebsite":"","_VenueAddress":"","_VenueCity":"","_VenueCountry":"","_VenueProvince":"","_VenueState":"","_VenueZip":"","_VenuePhone":"","_VenueURL":"","_VenueStateProvince":"","_VenueLat":"","_VenueLng":"","_VenueShowMap":false,"_VenueShowMapLink":false,"footnotes":""},"class_list":["post-9033","page","type-page","status-publish","has-post-thumbnail","hentry"],"uagb_featured_image_src":{"full":["https:\/\/www.adapei64.fr\/site\/wp-content\/uploads\/2022\/01\/MaphaBellevue.jpg",1100,501,false],"thumbnail":["https:\/\/www.adapei64.fr\/site\/wp-content\/uploads\/2022\/01\/MaphaBellevue-600x501.jpg",600,501,true],"medium":["https:\/\/www.adapei64.fr\/site\/wp-content\/uploads\/2022\/01\/MaphaBellevue-1000x455.jpg",1000,455,true],"medium_large":["https:\/\/www.adapei64.fr\/site\/wp-content\/uploads\/2022\/01\/MaphaBellevue-768x350.jpg",768,350,true],"large":["https:\/\/www.adapei64.fr\/site\/wp-content\/uploads\/2022\/01\/MaphaBellevue.jpg",1100,501,false],"1536x1536":["https:\/\/www.adapei64.fr\/site\/wp-content\/uploads\/2022\/01\/MaphaBellevue.jpg",1100,501,false],"2048x2048":["https:\/\/www.adapei64.fr\/site\/wp-content\/uploads\/2022\/01\/MaphaBellevue.jpg",1100,501,false]},"uagb_author_info":{"display_name":"Marie Lafargue","author_link":"https:\/\/www.adapei64.fr\/site\/author\/marie\/"},"uagb_comment_info":0,"uagb_excerpt":"ACTIVIT\u00c9S Coordonn\u00e9es 113 chemin Bellevue64300 Baigts de B\u00e9arn T\u00e9l. : 05 59 65 33 02 &nbsp;&nbsp; Contact GOBIN Etienne,Directeur SOUBIELLE\u00a0Aur\u00e9lie,Chef de service Localisation","distributor_meta":false,"distributor_terms":false,"distributor_media":false,"distributor_original_site_name":"Adapei des Pyr\u00e9n\u00e9es-Atlantiques","distributor_original_site_url":"https:\/\/www.adapei64.fr\/site","push-errors":false,"_links":{"self":[{"href":"https:\/\/www.adapei64.fr\/site\/wp-json\/wp\/v2\/pages\/9033","targetHints":{"allow":["GET"]}}],"collection":[{"href":"https:\/\/www.adapei64.fr\/site\/wp-json\/wp\/v2\/pages"}],"about":[{"href":"https:\/\/www.adapei64.fr\/site\/wp-json\/wp\/v2\/types\/page"}],"author":[{"embeddable":true,"href":"https:\/\/www.adapei64.fr\/site\/wp-json\/wp\/v2\/users\/1"}],"replies":[{"embeddable":true,"href":"https:\/\/www.adapei64.fr\/site\/wp-json\/wp\/v2\/comments?post=9033"}],"version-history":[{"count":18,"href":"https:\/\/www.adapei64.fr\/site\/wp-json\/wp\/v2\/pages\/9033\/revisions"}],"predecessor-version":[{"id":16134,"href":"https:\/\/www.adapei64.fr\/site\/wp-json\/wp\/v2\/pages\/9033\/revisions\/16134"}],"up":[{"embeddable":true,"href":"https:\/\/www.adapei64.fr\/site\/wp-json\/wp\/v2\/pages\/1021"}],"wp:featuredmedia":[{"embeddable":true,"href":"https:\/\/www.adapei64.fr\/site\/wp-json\/wp\/v2\/media\/6774"}],"wp:attachment":[{"href":"https:\/\/www.adapei64.fr\/site\/wp-json\/wp\/v2\/media?parent=9033"}],"curies":[{"name":"wp","href":"https:\/\/api.w.org\/{rel}","templated":true}]}}