{"id":9146,"date":"2022-02-23T12:22:44","date_gmt":"2022-02-23T11:22:44","guid":{"rendered":"http:\/\/www.adapei64.fr\/site\/?page_id=9146"},"modified":"2024-08-06T11:42:24","modified_gmt":"2024-08-06T09:42:24","slug":"agro-alimentaire","status":"publish","type":"page","link":"https:\/\/www.adapei64.fr\/site\/entreprise-2\/travailler-avec-les-esat\/agro-alimentaire\/","title":{"rendered":"Agro-alimentaire"},"content":{"rendered":"\n<div style=\"height:70px\" aria-hidden=\"true\" class=\"wp-block-spacer\"><\/div>\n\n\n\n<div class=\"wp-block-columns is-layout-flex wp-container-core-columns-is-layout-07579d57 wp-block-columns-is-layout-flex\">\n<div class=\"wp-block-column is-layout-flow wp-block-column-is-layout-flow\" style=\"flex-basis:80%\">\n<h2 class=\"wp-block-heading\">Des produits gourmands et solidaires<\/h2>\n\n\n\n<div class=\"wp-block-media-text is-stacked-on-mobile\"><figure class=\"wp-block-media-text__media\"><img loading=\"lazy\" decoding=\"async\" width=\"1000\" height=\"667\" src=\"http:\/\/www.adapei64.fr\/site\/wp-content\/uploads\/2022\/02\/chocolat_02-BD.jpg\" alt=\"Des chocolats fins sur le plaque de pr\u00e9paration\" class=\"wp-image-9239 size-full\" srcset=\"https:\/\/www.adapei64.fr\/site\/wp-content\/uploads\/2022\/02\/chocolat_02-BD.jpg 1000w, https:\/\/www.adapei64.fr\/site\/wp-content\/uploads\/2022\/02\/chocolat_02-BD-768x512.jpg 768w\" sizes=\"auto, (max-width: 1000px) 100vw, 1000px\" \/><\/figure><div class=\"wp-block-media-text__content\">\n<h3 class=\"wp-block-heading\">Chocolats et confitures<\/h3>\n\n\n\n<p class=\"wp-block-paragraph\">Notre marque &#8220;Buffet de Mamie&#8221; vous propose une s\u00e9lection de chocolats fins. Par le mode de fabrication \u00e0 l&#8217;ancienne, nous r\u00e9alisons des chocolats de tradition.<\/p>\n\n\n\n<p class=\"wp-block-paragraph\">D\u00e9couvrez aussi les confitures extra au sucre de canne, gorg\u00e9es de fruits, \u00e0 tartiner et \u00e0 marier avec le foie gras ou le fromage.<\/p>\n\n\n\n<ul class=\"wp-block-list\">\n<li><strong>ESAT St P\u00e9e<\/strong><br>4 impasse Michel Cazaux &#8211; 64400 Oloron Ste Marie<br>T\u00e9l. : 05 59 39 80 68<\/li>\n<\/ul>\n<\/div><\/div>\n\n\n\n<div style=\"height:70px\" aria-hidden=\"true\" class=\"wp-block-spacer\"><\/div>\n\n\n\n<div class=\"wp-block-media-text is-stacked-on-mobile\"><figure class=\"wp-block-media-text__media\"><img loading=\"lazy\" decoding=\"async\" width=\"1000\" height=\"667\" src=\"http:\/\/www.adapei64.fr\/site\/wp-content\/uploads\/2022\/02\/miel_03-BD.jpg\" alt=\"Des bocaux de miels empil\u00e9s.\" class=\"wp-image-9238 size-full\" srcset=\"https:\/\/www.adapei64.fr\/site\/wp-content\/uploads\/2022\/02\/miel_03-BD.jpg 1000w, https:\/\/www.adapei64.fr\/site\/wp-content\/uploads\/2022\/02\/miel_03-BD-768x512.jpg 768w\" sizes=\"auto, (max-width: 1000px) 100vw, 1000px\" \/><\/figure><div class=\"wp-block-media-text__content\">\n<h3 class=\"wp-block-heading\">Miel<\/h3>\n\n\n\n<p class=\"wp-block-paragraph\">L&#8217;atelier apiculture du Ch\u00e2teau Bellevue produit des miels enti\u00e8rement naturels, issus d&#8217;une r\u00e9colte sur le domaine de l&#8217;ESAT.<\/p>\n\n\n\n<ul class=\"wp-block-list\">\n<li><strong>ESAT Ch\u00e2teau Bellevue<\/strong><br>113 chemin Bellevue &#8211; 64300 Baigts de B\u00e9arn\u00a0<br>T\u00e9l. : 05 59 65 33 02 \u00a0\u00a0<\/li>\n<\/ul>\n<\/div><\/div>\n\n\n\n<div style=\"height:70px\" aria-hidden=\"true\" class=\"wp-block-spacer\"><\/div>\n\n\n\n<div class=\"wp-block-media-text is-stacked-on-mobile\"><figure class=\"wp-block-media-text__media\"><img loading=\"lazy\" decoding=\"async\" width=\"607\" height=\"497\" src=\"http:\/\/www.adapei64.fr\/site\/wp-content\/uploads\/2022\/04\/espiute02.jpg\" alt=\"\" class=\"wp-image-10908 size-full\"\/><\/figure><div class=\"wp-block-media-text__content\">\n<h3 class=\"wp-block-heading\">Fruits et l\u00e9gumes<\/h3>\n\n\n\n<p class=\"wp-block-paragraph\">Poireaux, haricots verts, tomates, piments, pommes de terre primeur, fraises,&#8230;<br>les ouvriers de l&#8217;atelier mara\u00eechage de l&#8217;ESAT Ch\u00e2teau d&#8217;Espiute cultivent sous serres ou en plein champs fruits et l\u00e9gumes bio, vendus sur site, en Biocoop, ou sur les march\u00e9s locaux.<\/p>\n\n\n\n<ul class=\"wp-block-list\">\n<li><strong>ESAT Ch\u00e2teau d&#8217;Espiute<\/strong><br>Complexe du Ch\u00e2teau d&#8217;Espiute-FOYER-ESAT<br>4 Route d&#8217;Etcharry<br>64390 ESPIUTE<br>T\u00e9l. : 05 59 38 54 70 \u00a0\u00a0<\/li>\n<\/ul>\n<\/div><\/div>\n\n\n\n<div style=\"height:70px\" aria-hidden=\"true\" class=\"wp-block-spacer\"><\/div>\n\n\n\n<div class=\"wp-block-media-text is-stacked-on-mobile\"><figure class=\"wp-block-media-text__media\"><img loading=\"lazy\" decoding=\"async\" width=\"1000\" height=\"667\" src=\"http:\/\/www.adapei64.fr\/site\/wp-content\/uploads\/2022\/02\/frais_08-BD.jpg\" alt=\"Des canards blancs dans un parc arbor\u00e9\" class=\"wp-image-9241 size-full\" srcset=\"https:\/\/www.adapei64.fr\/site\/wp-content\/uploads\/2022\/02\/frais_08-BD.jpg 1000w, https:\/\/www.adapei64.fr\/site\/wp-content\/uploads\/2022\/02\/frais_08-BD-768x512.jpg 768w\" sizes=\"auto, (max-width: 1000px) 100vw, 1000px\" \/><\/figure><div class=\"wp-block-media-text__content\">\n<h3 class=\"wp-block-heading\">Volailles<\/h3>\n\n\n\n<p class=\"wp-block-paragraph\">Les \u00e9levages du Ch\u00e2teau Bellevue et du Ch\u00e2teau d&#8217;Espiute produisent, chaque ann\u00e9e, des poulets, canards demi-sauvages, canards de Barbarie.<\/p>\n\n\n\n<p class=\"wp-block-paragraph\">Les volailles sont \u00e9lev\u00e9es en libert\u00e9 dans des parcs ombrag\u00e9s et nourries \u00e0 base de ma\u00efs produit sur nos exploitations.<\/p>\n\n\n\n<ul class=\"wp-block-list\">\n<li><strong>ESAT Ch\u00e2teau Bellevue<\/strong><br>113 chemin Bellevue &#8211; 64300 Baigts de B\u00e9arn\u00a0<br>T\u00e9l. : 05 59 65 33 02\u00a0 \u00a0<\/li>\n\n\n\n<li><strong>ESAT Ch\u00e2teau d&#8217;Espiute<\/strong><br>Complexe du Ch\u00e2teau d&#8217;Espiute-FOYER-ESAT<br>4 Route d&#8217;Etcharry<br>64390 ESPIUTE<br>T\u00e9l. : 05 59 38 54 70 \u00a0\u00a0<\/li>\n<\/ul>\n<\/div><\/div>\n\n\n\n<div style=\"height:70px\" aria-hidden=\"true\" class=\"wp-block-spacer\"><\/div>\n\n\n\n<div class=\"wp-block-media-text is-stacked-on-mobile\"><figure class=\"wp-block-media-text__media\"><img loading=\"lazy\" decoding=\"async\" width=\"667\" height=\"1000\" src=\"http:\/\/www.adapei64.fr\/site\/wp-content\/uploads\/2022\/02\/IMG_2860-BD.jpg\" alt=\"Une tranche de foie gras sur du pain d'\u00e9pices\" class=\"wp-image-9242 size-full\"\/><\/figure><div class=\"wp-block-media-text__content\">\n<h3 class=\"wp-block-heading\">Foie gras et conserves<\/h3>\n\n\n\n<p class=\"wp-block-paragraph\">R\u00e9compens\u00e9 lors du Concours Agricole de Paris en mars 2013, le Foie gras de canard entier est l&#8217;un des produits&nbsp; pr\u00e9par\u00e9s au Ch\u00e2teau Bellevue.<br>D\u00e9couvrez aussi rillettes, p\u00e2t\u00e9s, plats cuisin\u00e9s, produits confits, sauces, produits frais (magrets, aiguillettes, &#8230;) sur&nbsp;<a href=\"https:\/\/www.foie-gras-bellevue.com\/\" target=\"_blank\" rel=\"noopener\">www.foie-gras-bellevue.com<\/a>.<\/p>\n\n\n\n<ul class=\"wp-block-list\">\n<li><strong>ESAT Ch\u00e2teau Bellevue<\/strong><br>113 chemin Bellevue &#8211; 64300 Baigts de B\u00e9arn\u00a0<br>T\u00e9l. : 05 59 65 33 02\u00a0 \u00a0<\/li>\n<\/ul>\n<\/div><\/div>\n\n\n\n<div style=\"height:70px\" aria-hidden=\"true\" class=\"wp-block-spacer\"><\/div>\n\n\n\n<div class=\"wp-block-media-text is-stacked-on-mobile\"><figure class=\"wp-block-media-text__media\"><img loading=\"lazy\" decoding=\"async\" width=\"1200\" height=\"865\" src=\"http:\/\/www.adapei64.fr\/site\/wp-content\/uploads\/2022\/02\/caubraque.jpg\" alt=\"Les plantes de la ferme caubraque\" class=\"wp-image-9274 size-full\" srcset=\"https:\/\/www.adapei64.fr\/site\/wp-content\/uploads\/2022\/02\/caubraque.jpg 1200w, https:\/\/www.adapei64.fr\/site\/wp-content\/uploads\/2022\/02\/caubraque-1000x721.jpg 1000w, https:\/\/www.adapei64.fr\/site\/wp-content\/uploads\/2022\/02\/caubraque-768x554.jpg 768w\" sizes=\"auto, (max-width: 1200px) 100vw, 1200px\" \/><\/figure><div class=\"wp-block-media-text__content\">\n<h3 class=\"wp-block-heading\">Tisanes, huiles, sirops et sels<\/h3>\n\n\n\n<p class=\"wp-block-paragraph\">A travers la nouvelle gamme &#8220;Caubraque, la Ferme des m\u00e9dicinales&#8221;, les ouvriers du Ch\u00e2teau Bellevue cultivent, cueillent et r\u00e9coltent avec le plus grand soin une grande vari\u00e9t\u00e9 de plantes m\u00e9dicinales pour proposer : sels, gel\u00e9es de fleurs, sirops de fleurs, tisanes \u00e0 d\u00e9couvrir sur\u00a0<a href=\"https:\/\/www.foie-gras-bellevue.com\/ferme-caubraque.html\" target=\"_blank\" rel=\"noopener\">www.foie-gras-bellevue.com<\/a><\/p>\n<\/div><\/div>\n\n\n\n<div class=\"wp-block-media-text is-stacked-on-mobile\" style=\"grid-template-columns:25% auto\"><figure class=\"wp-block-media-text__media\"><a href=\"https:\/\/www.adapei64.fr\/docs\/Adapei64-Caubraque.pdf\" target=\"_blank\" rel=\"noreferrer noopener\"><img loading=\"lazy\" decoding=\"async\" width=\"640\" height=\"908\" src=\"http:\/\/www.adapei64.fr\/site\/wp-content\/uploads\/2023\/04\/CouvCatalogueCaubraque.jpg\" alt=\"Catalogue Caubraque\" class=\"wp-image-11917 size-full\"\/><\/a><\/figure><div class=\"wp-block-media-text__content\">\n<figure class=\"wp-block-embed is-type-video is-provider-youtube wp-block-embed-youtube wp-embed-aspect-16-9 wp-has-aspect-ratio\"><div class=\"wp-block-embed__wrapper\">\n<iframe loading=\"lazy\" title=\"Inauguration de la saison 2023 : Cueillette de l&#039;Ail des Ours\" width=\"500\" height=\"281\" src=\"https:\/\/www.youtube.com\/embed\/8qrANX2vYBQ?feature=oembed\" frameborder=\"0\" allow=\"accelerometer; autoplay; clipboard-write; encrypted-media; gyroscope; picture-in-picture; web-share\" referrerpolicy=\"strict-origin-when-cross-origin\" allowfullscreen><\/iframe>\n<\/div><\/figure>\n<\/div><\/div>\n\n\n\n<ul class=\"wp-block-list\">\n<li>ESAT Ch\u00e2teau Bellevue<br>113 chemin Bellevue &#8211; 64300 Baigts de B\u00e9arn\u00a0<br>T\u00e9l. : 05 59 65 33 02\u00a0 \u00a0<\/li>\n\n\n\n<li><a href=\"https:\/\/m.facebook.com\/CaubraqueLaFermedesMedicinales\/\">La Ferme Caubraque sur Facebook<\/a><\/li>\n<\/ul>\n\n\n\n<div style=\"height:70px\" aria-hidden=\"true\" class=\"wp-block-spacer\"><\/div>\n\n\n\n<h2 class=\"wp-block-heading\">Des id\u00e9es de Cadeaux et Coffrets<\/h2>\n\n\n\n<p class=\"wp-block-paragraph\">Offrez du plaisir avec nos compositions de paniers garnis !<\/p>\n\n\n\n<p class=\"wp-block-paragraph\">Faites plaisir \u00e0 vos proches, \u00e0 vos clients ou partenaires avec nos colis gourmands.<\/p>\n\n\n\n<p class=\"wp-block-paragraph\">Nous r\u00e9alisons des devis gratuits pour toute demande de coffrets personnalis\u00e9s.<\/p>\n\n\n\n<h3 class=\"wp-block-heading\">Collectivit\u00e9s et entreprises de plus de 20 salari\u00e9s, valorisez vos achats responsables !<\/h3>\n\n\n\n<p class=\"wp-block-paragraph\">Si l&#8217;emploi direct de personnes en situation de handicap est la fa\u00e7on la plus \u00e9vident de remplir son obligation d&#8217;emploi, acheter les produits solidaires du secteur prot\u00e9g\u00e9 vous permet de diminuer le montant \u00e0 acquitter au titre de l&#8217;obligation d&#8217;emploi.<\/p>\n\n\n\n<div class=\"wp-block-group is-nowrap is-layout-flex wp-container-core-group-is-layout-7387b849 wp-block-group-is-layout-flex\">\n<figure class=\"wp-block-image\"><img decoding=\"async\" src=\"https:\/\/www.adapei64.fr\/site\/wp-content\/uploads\/2022\/02\/CoffretMiniMax-768x763-1.jpg\" alt=\"Le coffret Mini max contenant des conserves, chocolats, savons, confit d'oignon, bijoux.\"\/><\/figure>\n\n\n\n<figure class=\"wp-block-image\"><img decoding=\"async\" src=\"https:\/\/www.adapei64.fr\/site\/wp-content\/uploads\/2022\/02\/Valisette-Terroir-BD.jpg\" alt=\"La valisette terroir compos\u00e9 d'un assortiment de pat\u00e9s et conserves du Ch\u00e2teau Bellevue\"\/><\/figure>\n<\/div>\n<\/div>\n\n\n\n<div class=\"wp-block-column is-layout-flow wp-block-column-is-layout-flow\" style=\"flex-basis:20%\">\n<div class=\"wp-block-group alignwide liste_activites_esat is-vertical is-layout-flex wp-container-core-group-is-layout-2c90304e wp-block-group-is-layout-flex\">\n<h3 class=\"wp-block-heading\">Les activit\u00e9s de nos ESAT<\/h3>\n\n\n\n<div data-wp-context=\"{}\" data-wp-interactive=\"core\/query\" data-wp-key=\"78\" data-wp-router-region=\"query-78\" class=\"wp-block-query alignwide is-layout-flow wp-block-query-is-layout-flow\"><ul class=\"wp-block-post-template is-layout-flow wp-container-core-post-template-is-layout-20a7ff0c wp-block-post-template-is-layout-flow\"><li data-wp-key=\"post-template-item-2462\" class=\"wp-block-post post-2462 page type-page status-publish has-post-thumbnail hentry\">\n<h4 style=\"font-size:1.5rem;line-height:1.1;\" class=\"wp-block-post-title\"><a href=\"https:\/\/www.adapei64.fr\/site\/entreprise-2\/travailler-avec-les-esat\/espaces-verts\/\" target=\"_self\" >Espaces verts<\/a><\/h4>\n<\/li><li data-wp-key=\"post-template-item-2464\" class=\"wp-block-post post-2464 page type-page status-publish has-post-thumbnail hentry\">\n<h4 style=\"font-size:1.5rem;line-height:1.1;\" class=\"wp-block-post-title\"><a href=\"https:\/\/www.adapei64.fr\/site\/entreprise-2\/travailler-avec-les-esat\/proprete\/\" target=\"_self\" >Propret\u00e9<\/a><\/h4>\n<\/li><li data-wp-key=\"post-template-item-2466\" class=\"wp-block-post post-2466 page type-page status-publish has-post-thumbnail hentry\">\n<h4 style=\"font-size:1.5rem;line-height:1.1;\" class=\"wp-block-post-title\"><a href=\"https:\/\/www.adapei64.fr\/site\/entreprise-2\/travailler-avec-les-esat\/sous-traitance-industrielle-et-travail-a-facon\/\" target=\"_self\" >Sous-traitance industrielle et travail \u00e0 fa\u00e7on<\/a><\/h4>\n<\/li><li data-wp-key=\"post-template-item-2468\" class=\"wp-block-post post-2468 page type-page status-publish has-post-thumbnail hentry\">\n<h4 style=\"font-size:1.5rem;line-height:1.1;\" class=\"wp-block-post-title\"><a href=\"https:\/\/www.adapei64.fr\/site\/entreprise-2\/travailler-avec-les-esat\/frisure-et-conditionnement\/\" target=\"_self\" >Frisure et conditionnement<\/a><\/h4>\n<\/li><li data-wp-key=\"post-template-item-2470\" class=\"wp-block-post post-2470 page type-page status-publish has-post-thumbnail hentry\">\n<h4 style=\"font-size:1.5rem;line-height:1.1;\" class=\"wp-block-post-title\"><a href=\"https:\/\/www.adapei64.fr\/site\/entreprise-2\/travailler-avec-les-esat\/seminaire-et-restauration\/\" target=\"_self\" >S\u00e9minaire et restauration<\/a><\/h4>\n<\/li><li data-wp-key=\"post-template-item-2472\" class=\"wp-block-post post-2472 page type-page status-publish has-post-thumbnail hentry\">\n<h4 style=\"font-size:1.5rem;line-height:1.1;\" class=\"wp-block-post-title\"><a href=\"https:\/\/www.adapei64.fr\/site\/entreprise-2\/travailler-avec-les-esat\/batiment\/\" target=\"_self\" >B\u00e2timent et menuiserie<\/a><\/h4>\n<\/li><li data-wp-key=\"post-template-item-2474\" class=\"wp-block-post post-2474 page type-page status-publish has-post-thumbnail hentry\">\n<h4 style=\"font-size:1.5rem;line-height:1.1;\" class=\"wp-block-post-title\"><a href=\"https:\/\/www.adapei64.fr\/site\/entreprise-2\/travailler-avec-les-esat\/imprimerie-et-couverture-de-livres\/\" target=\"_self\" >Imprimerie et couverture de livres<\/a><\/h4>\n<\/li><li data-wp-key=\"post-template-item-9146\" class=\"wp-block-post post-9146 page type-page status-publish has-post-thumbnail hentry\">\n<h4 style=\"font-size:1.5rem;line-height:1.1;\" class=\"wp-block-post-title\"><a href=\"https:\/\/www.adapei64.fr\/site\/entreprise-2\/travailler-avec-les-esat\/agro-alimentaire\/\" target=\"_self\" >Agro-alimentaire<\/a><\/h4>\n<\/li><\/ul>\n\n\n<div style=\"height:var(--wp--preset--spacing--30)\" aria-hidden=\"true\" class=\"wp-block-spacer\"><\/div>\n<\/div>\n<\/div>\n<\/div>\n<\/div>\n","protected":false},"excerpt":{"rendered":"<p>Des produits gourmands et solidaires Chocolats et confitures Notre marque &#8220;Buffet de Mamie&#8221; vous propose une s\u00e9lection de chocolats fins. Par le mode de fabrication \u00e0 l&#8217;ancienne, nous r\u00e9alisons des&hellip; <a class=\"continue\" href=\"https:\/\/www.adapei64.fr\/site\/entreprise-2\/travailler-avec-les-esat\/agro-alimentaire\/\">Lire :<span> Agro-alimentaire<\/span><\/a><\/p>\n","protected":false},"author":1,"featured_media":9112,"parent":2389,"menu_order":2,"comment_status":"closed","ping_status":"closed","template":"","meta":{"_crdt_document":"","om_disable_all_campaigns":false,"_uag_custom_page_level_css":"","_monsterinsights_skip_tracking":false,"_monsterinsights_sitenote_active":false,"_monsterinsights_sitenote_note":"","_monsterinsights_sitenote_category":0,"_uf_show_specific_survey":0,"_uf_disable_surveys":false,"_EventAllDay":false,"_EventTimezone":"","_EventStartDate":"","_EventEndDate":"","_EventStartDateUTC":"","_EventEndDateUTC":"","_EventShowMap":false,"_EventShowMapLink":false,"_EventURL":"","_EventCost":"","_EventCostDescription":"","_EventCurrencySymbol":"","_EventCurrencyCode":"","_EventCurrencyPosition":"","_EventDateTimeSeparator":"","_EventTimeRangeSeparator":"","_EventOrganizerID":[],"_EventVenueID":[],"_OrganizerEmail":"","_OrganizerPhone":"","_OrganizerWebsite":"","_VenueAddress":"","_VenueCity":"","_VenueCountry":"","_VenueProvince":"","_VenueState":"","_VenueZip":"","_VenuePhone":"","_VenueURL":"","_VenueStateProvince":"","_VenueLat":"","_VenueLng":"","_VenueShowMap":false,"_VenueShowMapLink":false,"footnotes":""},"class_list":["post-9146","page","type-page","status-publish","has-post-thumbnail","hentry"],"uagb_featured_image_src":{"full":["https:\/\/www.adapei64.fr\/site\/wp-content\/uploads\/2022\/02\/espiute02.jpg",607,497,false],"thumbnail":["https:\/\/www.adapei64.fr\/site\/wp-content\/uploads\/2022\/02\/espiute02-600x497.jpg",600,497,true],"medium":["https:\/\/www.adapei64.fr\/site\/wp-content\/uploads\/2022\/02\/espiute02.jpg",607,497,false],"medium_large":["https:\/\/www.adapei64.fr\/site\/wp-content\/uploads\/2022\/02\/espiute02.jpg",607,497,false],"large":["https:\/\/www.adapei64.fr\/site\/wp-content\/uploads\/2022\/02\/espiute02.jpg",607,497,false],"1536x1536":["https:\/\/www.adapei64.fr\/site\/wp-content\/uploads\/2022\/02\/espiute02.jpg",607,497,false],"2048x2048":["https:\/\/www.adapei64.fr\/site\/wp-content\/uploads\/2022\/02\/espiute02.jpg",607,497,false]},"uagb_author_info":{"display_name":"Marie Lafargue","author_link":"https:\/\/www.adapei64.fr\/site\/author\/marie\/"},"uagb_comment_info":0,"uagb_excerpt":"Des produits gourmands et solidaires Chocolats et confitures Notre marque &#8220;Buffet de Mamie&#8221; vous propose une s\u00e9lection de chocolats fins. Par le mode de fabrication \u00e0 l&#8217;ancienne, nous r\u00e9alisons des&hellip; Lire : Agro-alimentaire","distributor_meta":false,"distributor_terms":false,"distributor_media":false,"distributor_original_site_name":"Adapei des Pyr\u00e9n\u00e9es-Atlantiques","distributor_original_site_url":"https:\/\/www.adapei64.fr\/site","push-errors":false,"_links":{"self":[{"href":"https:\/\/www.adapei64.fr\/site\/wp-json\/wp\/v2\/pages\/9146","targetHints":{"allow":["GET"]}}],"collection":[{"href":"https:\/\/www.adapei64.fr\/site\/wp-json\/wp\/v2\/pages"}],"about":[{"href":"https:\/\/www.adapei64.fr\/site\/wp-json\/wp\/v2\/types\/page"}],"author":[{"embeddable":true,"href":"https:\/\/www.adapei64.fr\/site\/wp-json\/wp\/v2\/users\/1"}],"replies":[{"embeddable":true,"href":"https:\/\/www.adapei64.fr\/site\/wp-json\/wp\/v2\/comments?post=9146"}],"version-history":[{"count":146,"href":"https:\/\/www.adapei64.fr\/site\/wp-json\/wp\/v2\/pages\/9146\/revisions"}],"predecessor-version":[{"id":15561,"href":"https:\/\/www.adapei64.fr\/site\/wp-json\/wp\/v2\/pages\/9146\/revisions\/15561"}],"up":[{"embeddable":true,"href":"https:\/\/www.adapei64.fr\/site\/wp-json\/wp\/v2\/pages\/2389"}],"wp:featuredmedia":[{"embeddable":true,"href":"https:\/\/www.adapei64.fr\/site\/wp-json\/wp\/v2\/media\/9112"}],"wp:attachment":[{"href":"https:\/\/www.adapei64.fr\/site\/wp-json\/wp\/v2\/media?parent=9146"}],"curies":[{"name":"wp","href":"https:\/\/api.w.org\/{rel}","templated":true}]}}